{"id":100,"date":"2020-10-29T11:41:40","date_gmt":"2020-10-29T10:41:40","guid":{"rendered":"https:\/\/crocjeux.com\/?post_type=product&#038;p=100"},"modified":"2023-02-09T13:32:10","modified_gmt":"2023-02-09T12:32:10","slug":"lodyssee-des-grenouilles","status":"publish","type":"product","link":"https:\/\/crocjeux.com\/index.php\/produit\/lodyssee-des-grenouilles\/","title":{"rendered":"L&rsquo;Odyss\u00e9e des Grenouilles"},"content":{"rendered":"<div>\n<h2>Traversez l&rsquo;\u00e9tang mais gare au brochet !<\/h2>\n<\/div>\n<div>Faites traverser l\u2019\u00e9tang \u00e0 vos grenouilles tout en emp\u00eachant les autres joueurs de faire de m\u00eame. Le premier joueur qui r\u00e9ussit \u00e0 amener toute sa famille de l\u2019autre c\u00f4t\u00e9 remporte la partie. Mais attention, le brochet peut effrayer vos grenouilles et les renvoyer \u00e0 leur point de d\u00e9part. Elaborez une strat\u00e9gie, adaptez-l\u00e0 et n\u2019h\u00e9sitez pas \u00e0 g\u00eaner vos adversaires!<\/div>\n<div><\/div>\n<div>\n<h3>Contient :<\/h3>\n<\/div>\n<ul>\n<li>1 R\u00e8gle du jeu<\/li>\n<li>1 Plateau de jeu<\/li>\n<li>1 Poisson<\/li>\n<li>6 Familles de grenouilles de couleurs<\/li>\n<\/ul>\n","protected":false},"excerpt":{"rendered":"<p>Faites traverser l\u2019\u00e9tang \u00e0 vos grenouilles tout en emp\u00eachant les autres joueurs de faire de m\u00eame. Le premier joueur qui r\u00e9ussit \u00e0 amener toute sa famille de l\u2019autre c\u00f4t\u00e9 remporte la partie.<\/p>\n","protected":false},"featured_media":101,"comment_status":"open","ping_status":"closed","template":"","meta":{"colormag_page_container_layout":"default_layout","colormag_page_sidebar_layout":"default_layout"},"product_brand":[],"product_cat":[27,33,37],"product_tag":[],"class_list":{"0":"post-100","1":"product","2":"type-product","3":"status-publish","4":"has-post-thumbnail","6":"product_cat-jeux_casses_tetes","7":"product_cat-jeux-enfants","8":"product_cat-ne-ratez-pas","10":"first","11":"instock","12":"taxable","13":"shipping-taxable","14":"purchasable","15":"product-type-simple"},"yoast_head":"<!-- This site is optimized with the Yoast SEO plugin v27.3 - https:\/\/yoast.com\/product\/yoast-seo-wordpress\/ -->\n<title>L&#039;Odyss\u00e9e des Grenouilles - Croc Jeux<\/title>\n<meta name=\"robots\" content=\"index, follow, max-snippet:-1, max-image-preview:large, max-video-preview:-1\" \/>\n<link rel=\"canonical\" href=\"https:\/\/crocjeux.com\/index.php\/produit\/lodyssee-des-grenouilles\/\" \/>\n<meta property=\"og:locale\" content=\"fr_FR\" \/>\n<meta property=\"og:type\" content=\"article\" \/>\n<meta property=\"og:title\" content=\"L&#039;Odyss\u00e9e des Grenouilles - Croc Jeux\" \/>\n<meta property=\"og:description\" content=\"Faites traverser l\u2019\u00e9tang \u00e0 vos grenouilles tout en emp\u00eachant les autres joueurs de faire de m\u00eame. Le premier joueur qui r\u00e9ussit \u00e0 amener toute sa famille de l\u2019autre c\u00f4t\u00e9 remporte la partie.\" \/>\n<meta property=\"og:url\" content=\"https:\/\/crocjeux.com\/index.php\/produit\/lodyssee-des-grenouilles\/\" \/>\n<meta property=\"og:site_name\" content=\"Croc Jeux\" \/>\n<meta property=\"article:modified_time\" content=\"2023-02-09T12:32:10+00:00\" \/>\n<meta property=\"og:image\" content=\"https:\/\/crocjeux.com\/wp-content\/uploads\/2020\/10\/odyssee_grenouilles.png\" \/>\n\t<meta property=\"og:image:width\" content=\"807\" \/>\n\t<meta property=\"og:image:height\" content=\"875\" \/>\n\t<meta property=\"og:image:type\" content=\"image\/png\" \/>\n<meta name=\"twitter:card\" content=\"summary_large_image\" \/>\n<script type=\"application\/ld+json\" class=\"yoast-schema-graph\">{\"@context\":\"https:\\\/\\\/schema.org\",\"@graph\":[{\"@type\":\"WebPage\",\"@id\":\"https:\\\/\\\/crocjeux.com\\\/index.php\\\/produit\\\/lodyssee-des-grenouilles\\\/\",\"url\":\"https:\\\/\\\/crocjeux.com\\\/index.php\\\/produit\\\/lodyssee-des-grenouilles\\\/\",\"name\":\"L'Odyss\u00e9e des Grenouilles - Croc Jeux\",\"isPartOf\":{\"@id\":\"https:\\\/\\\/crocjeux.com\\\/#website\"},\"primaryImageOfPage\":{\"@id\":\"https:\\\/\\\/crocjeux.com\\\/index.php\\\/produit\\\/lodyssee-des-grenouilles\\\/#primaryimage\"},\"image\":{\"@id\":\"https:\\\/\\\/crocjeux.com\\\/index.php\\\/produit\\\/lodyssee-des-grenouilles\\\/#primaryimage\"},\"thumbnailUrl\":\"https:\\\/\\\/crocjeux.com\\\/wp-content\\\/uploads\\\/2020\\\/10\\\/odyssee_grenouilles.png\",\"datePublished\":\"2020-10-29T10:41:40+00:00\",\"dateModified\":\"2023-02-09T12:32:10+00:00\",\"breadcrumb\":{\"@id\":\"https:\\\/\\\/crocjeux.com\\\/index.php\\\/produit\\\/lodyssee-des-grenouilles\\\/#breadcrumb\"},\"inLanguage\":\"fr-FR\",\"potentialAction\":[{\"@type\":\"ReadAction\",\"target\":[\"https:\\\/\\\/crocjeux.com\\\/index.php\\\/produit\\\/lodyssee-des-grenouilles\\\/\"]}]},{\"@type\":\"ImageObject\",\"inLanguage\":\"fr-FR\",\"@id\":\"https:\\\/\\\/crocjeux.com\\\/index.php\\\/produit\\\/lodyssee-des-grenouilles\\\/#primaryimage\",\"url\":\"https:\\\/\\\/crocjeux.com\\\/wp-content\\\/uploads\\\/2020\\\/10\\\/odyssee_grenouilles.png\",\"contentUrl\":\"https:\\\/\\\/crocjeux.com\\\/wp-content\\\/uploads\\\/2020\\\/10\\\/odyssee_grenouilles.png\",\"width\":807,\"height\":875,\"caption\":\"Jeux pour les enfants, \u00e0 partir de 2 ans, et jusqu'au enfants de 107 ans\"},{\"@type\":\"BreadcrumbList\",\"@id\":\"https:\\\/\\\/crocjeux.com\\\/index.php\\\/produit\\\/lodyssee-des-grenouilles\\\/#breadcrumb\",\"itemListElement\":[{\"@type\":\"ListItem\",\"position\":1,\"name\":\"Accueil\",\"item\":\"https:\\\/\\\/crocjeux.com\\\/\"},{\"@type\":\"ListItem\",\"position\":2,\"name\":\"Boutique\",\"item\":\"https:\\\/\\\/crocjeux.com\\\/\"},{\"@type\":\"ListItem\",\"position\":3,\"name\":\"L&#8217;Odyss\u00e9e des Grenouilles\"}]},{\"@type\":\"WebSite\",\"@id\":\"https:\\\/\\\/crocjeux.com\\\/#website\",\"url\":\"https:\\\/\\\/crocjeux.com\\\/\",\"name\":\"Croc Jeux\",\"description\":\"Bienvenue chez Croc Jeux!\",\"publisher\":{\"@id\":\"https:\\\/\\\/crocjeux.com\\\/#organization\"},\"potentialAction\":[{\"@type\":\"SearchAction\",\"target\":{\"@type\":\"EntryPoint\",\"urlTemplate\":\"https:\\\/\\\/crocjeux.com\\\/?s={search_term_string}\"},\"query-input\":{\"@type\":\"PropertyValueSpecification\",\"valueRequired\":true,\"valueName\":\"search_term_string\"}}],\"inLanguage\":\"fr-FR\"},{\"@type\":\"Organization\",\"@id\":\"https:\\\/\\\/crocjeux.com\\\/#organization\",\"name\":\"Croc Jeux\",\"url\":\"https:\\\/\\\/crocjeux.com\\\/\",\"logo\":{\"@type\":\"ImageObject\",\"inLanguage\":\"fr-FR\",\"@id\":\"https:\\\/\\\/crocjeux.com\\\/#\\\/schema\\\/logo\\\/image\\\/\",\"url\":\"https:\\\/\\\/crocjeux.com\\\/wp-content\\\/uploads\\\/2022\\\/01\\\/cropped-logo-croc-etape-1-e1644574034239.jpg\",\"contentUrl\":\"https:\\\/\\\/crocjeux.com\\\/wp-content\\\/uploads\\\/2022\\\/01\\\/cropped-logo-croc-etape-1-e1644574034239.jpg\",\"width\":1224,\"height\":314,\"caption\":\"Croc Jeux\"},\"image\":{\"@id\":\"https:\\\/\\\/crocjeux.com\\\/#\\\/schema\\\/logo\\\/image\\\/\"}}]}<\/script>\n<!-- \/ Yoast SEO plugin. -->","yoast_head_json":{"title":"L'Odyss\u00e9e des Grenouilles - Croc Jeux","robots":{"index":"index","follow":"follow","max-snippet":"max-snippet:-1","max-image-preview":"max-image-preview:large","max-video-preview":"max-video-preview:-1"},"canonical":"https:\/\/crocjeux.com\/index.php\/produit\/lodyssee-des-grenouilles\/","og_locale":"fr_FR","og_type":"article","og_title":"L'Odyss\u00e9e des Grenouilles - Croc Jeux","og_description":"Faites traverser l\u2019\u00e9tang \u00e0 vos grenouilles tout en emp\u00eachant les autres joueurs de faire de m\u00eame. Le premier joueur qui r\u00e9ussit \u00e0 amener toute sa famille de l\u2019autre c\u00f4t\u00e9 remporte la partie.","og_url":"https:\/\/crocjeux.com\/index.php\/produit\/lodyssee-des-grenouilles\/","og_site_name":"Croc Jeux","article_modified_time":"2023-02-09T12:32:10+00:00","og_image":[{"width":807,"height":875,"url":"https:\/\/crocjeux.com\/wp-content\/uploads\/2020\/10\/odyssee_grenouilles.png","type":"image\/png"}],"twitter_card":"summary_large_image","schema":{"@context":"https:\/\/schema.org","@graph":[{"@type":"WebPage","@id":"https:\/\/crocjeux.com\/index.php\/produit\/lodyssee-des-grenouilles\/","url":"https:\/\/crocjeux.com\/index.php\/produit\/lodyssee-des-grenouilles\/","name":"L'Odyss\u00e9e des Grenouilles - Croc Jeux","isPartOf":{"@id":"https:\/\/crocjeux.com\/#website"},"primaryImageOfPage":{"@id":"https:\/\/crocjeux.com\/index.php\/produit\/lodyssee-des-grenouilles\/#primaryimage"},"image":{"@id":"https:\/\/crocjeux.com\/index.php\/produit\/lodyssee-des-grenouilles\/#primaryimage"},"thumbnailUrl":"https:\/\/crocjeux.com\/wp-content\/uploads\/2020\/10\/odyssee_grenouilles.png","datePublished":"2020-10-29T10:41:40+00:00","dateModified":"2023-02-09T12:32:10+00:00","breadcrumb":{"@id":"https:\/\/crocjeux.com\/index.php\/produit\/lodyssee-des-grenouilles\/#breadcrumb"},"inLanguage":"fr-FR","potentialAction":[{"@type":"ReadAction","target":["https:\/\/crocjeux.com\/index.php\/produit\/lodyssee-des-grenouilles\/"]}]},{"@type":"ImageObject","inLanguage":"fr-FR","@id":"https:\/\/crocjeux.com\/index.php\/produit\/lodyssee-des-grenouilles\/#primaryimage","url":"https:\/\/crocjeux.com\/wp-content\/uploads\/2020\/10\/odyssee_grenouilles.png","contentUrl":"https:\/\/crocjeux.com\/wp-content\/uploads\/2020\/10\/odyssee_grenouilles.png","width":807,"height":875,"caption":"Jeux pour les enfants, \u00e0 partir de 2 ans, et jusqu'au enfants de 107 ans"},{"@type":"BreadcrumbList","@id":"https:\/\/crocjeux.com\/index.php\/produit\/lodyssee-des-grenouilles\/#breadcrumb","itemListElement":[{"@type":"ListItem","position":1,"name":"Accueil","item":"https:\/\/crocjeux.com\/"},{"@type":"ListItem","position":2,"name":"Boutique","item":"https:\/\/crocjeux.com\/"},{"@type":"ListItem","position":3,"name":"L&#8217;Odyss\u00e9e des Grenouilles"}]},{"@type":"WebSite","@id":"https:\/\/crocjeux.com\/#website","url":"https:\/\/crocjeux.com\/","name":"Croc Jeux","description":"Bienvenue chez Croc Jeux!","publisher":{"@id":"https:\/\/crocjeux.com\/#organization"},"potentialAction":[{"@type":"SearchAction","target":{"@type":"EntryPoint","urlTemplate":"https:\/\/crocjeux.com\/?s={search_term_string}"},"query-input":{"@type":"PropertyValueSpecification","valueRequired":true,"valueName":"search_term_string"}}],"inLanguage":"fr-FR"},{"@type":"Organization","@id":"https:\/\/crocjeux.com\/#organization","name":"Croc Jeux","url":"https:\/\/crocjeux.com\/","logo":{"@type":"ImageObject","inLanguage":"fr-FR","@id":"https:\/\/crocjeux.com\/#\/schema\/logo\/image\/","url":"https:\/\/crocjeux.com\/wp-content\/uploads\/2022\/01\/cropped-logo-croc-etape-1-e1644574034239.jpg","contentUrl":"https:\/\/crocjeux.com\/wp-content\/uploads\/2022\/01\/cropped-logo-croc-etape-1-e1644574034239.jpg","width":1224,"height":314,"caption":"Croc Jeux"},"image":{"@id":"https:\/\/crocjeux.com\/#\/schema\/logo\/image\/"}}]}},"_links":{"self":[{"href":"https:\/\/crocjeux.com\/index.php\/wp-json\/wp\/v2\/product\/100","targetHints":{"allow":["GET"]}}],"collection":[{"href":"https:\/\/crocjeux.com\/index.php\/wp-json\/wp\/v2\/product"}],"about":[{"href":"https:\/\/crocjeux.com\/index.php\/wp-json\/wp\/v2\/types\/product"}],"replies":[{"embeddable":true,"href":"https:\/\/crocjeux.com\/index.php\/wp-json\/wp\/v2\/comments?post=100"}],"wp:featuredmedia":[{"embeddable":true,"href":"https:\/\/crocjeux.com\/index.php\/wp-json\/wp\/v2\/media\/101"}],"wp:attachment":[{"href":"https:\/\/crocjeux.com\/index.php\/wp-json\/wp\/v2\/media?parent=100"}],"wp:term":[{"taxonomy":"product_brand","embeddable":true,"href":"https:\/\/crocjeux.com\/index.php\/wp-json\/wp\/v2\/product_brand?post=100"},{"taxonomy":"product_cat","embeddable":true,"href":"https:\/\/crocjeux.com\/index.php\/wp-json\/wp\/v2\/product_cat?post=100"},{"taxonomy":"product_tag","embeddable":true,"href":"https:\/\/crocjeux.com\/index.php\/wp-json\/wp\/v2\/product_tag?post=100"}],"curies":[{"name":"wp","href":"https:\/\/api.w.org\/{rel}","templated":true}]}}