{"id":1001,"date":"2020-11-19T16:12:11","date_gmt":"2020-11-19T15:12:11","guid":{"rendered":"https:\/\/crocjeux.com\/?post_type=product&#038;p=1001"},"modified":"2020-11-19T16:12:14","modified_gmt":"2020-11-19T15:12:14","slug":"licornes-dans-les-nuages-jeu-de-cartes","status":"publish","type":"product","link":"https:\/\/crocjeux.com\/index.php\/produit\/licornes-dans-les-nuages-jeu-de-cartes\/","title":{"rendered":"Licornes dans les Nuages &#8211; Jeu de Cartes"},"content":{"rendered":"<div class=\"product-description\"><span class=\"br\">Aujourd&rsquo;hui, Bonheur \u00e9tincelant et ses amies licornes jouent \u00e0 former des familles! Qui veut jouer avec elles ? Concentrez-vous, et avec un peu de chance, vous pourrez r\u00e9unir quatre cartes identiques pour former une famille. Vous recevez un cristal de nuage en r\u00e9compense. Qui r\u00e9unira le plus grand nombre de cristaux de nuage ?<\/span><\/div>\n<div><\/div>\n<div class=\"product-content\"><label class=\"product-content-label\">Contenu:<\/label><\/div>\n<ul>\n<li class=\"product-content\">32 Cartes de familles<\/li>\n<li class=\"product-content\">6 Cartes nuages<\/li>\n<li class=\"product-content\">8 Cristaux de nuage<\/li>\n<li class=\"product-content\">1 Livret de r\u00e8gles<\/li>\n<\/ul>\n","protected":false},"excerpt":{"rendered":"<p>Aujourd&rsquo;hui, Bonheur \u00e9tincelant et ses amies licornes jouent \u00e0 former des familles! Qui veut jouer avec elles ? Concentrez-vous, et<\/p>\n","protected":false},"featured_media":1002,"comment_status":"open","ping_status":"closed","template":"","meta":{"colormag_page_container_layout":"default_layout","colormag_page_sidebar_layout":"default_layout"},"product_brand":[],"product_cat":[32,33,36],"product_tag":[],"class_list":{"0":"post-1001","1":"product","2":"type-product","3":"status-publish","4":"has-post-thumbnail","6":"product_cat-jeux-de-cartes","7":"product_cat-jeux-enfants","8":"product_cat-jeux-familiaux","10":"first","11":"instock","12":"taxable","13":"shipping-taxable","14":"purchasable","15":"product-type-simple"},"yoast_head":"<!-- This site is optimized with the Yoast SEO plugin v27.4 - https:\/\/yoast.com\/product\/yoast-seo-wordpress\/ -->\n<title>Licornes dans les Nuages - Jeu de Cartes - Croc Jeux<\/title>\n<meta name=\"robots\" content=\"index, follow, max-snippet:-1, max-image-preview:large, max-video-preview:-1\" \/>\n<link rel=\"canonical\" href=\"https:\/\/crocjeux.com\/index.php\/produit\/licornes-dans-les-nuages-jeu-de-cartes\/\" \/>\n<meta property=\"og:locale\" content=\"fr_FR\" \/>\n<meta property=\"og:type\" content=\"article\" \/>\n<meta property=\"og:title\" content=\"Licornes dans les Nuages - Jeu de Cartes - Croc Jeux\" \/>\n<meta property=\"og:description\" content=\"Aujourd&rsquo;hui, Bonheur \u00e9tincelant et ses amies licornes jouent \u00e0 former des familles! Qui veut jouer avec elles ? Concentrez-vous, et\" \/>\n<meta property=\"og:url\" content=\"https:\/\/crocjeux.com\/index.php\/produit\/licornes-dans-les-nuages-jeu-de-cartes\/\" \/>\n<meta property=\"og:site_name\" content=\"Croc Jeux\" \/>\n<meta property=\"article:modified_time\" content=\"2020-11-19T15:12:14+00:00\" \/>\n<meta property=\"og:image\" content=\"https:\/\/crocjeux.com\/wp-content\/uploads\/2020\/11\/licornes-dans-les-nuages-jeu-de-cartes.jpg\" \/>\n\t<meta property=\"og:image:width\" content=\"800\" \/>\n\t<meta property=\"og:image:height\" content=\"800\" \/>\n\t<meta property=\"og:image:type\" content=\"image\/jpeg\" \/>\n<meta name=\"twitter:card\" content=\"summary_large_image\" \/>\n<script type=\"application\/ld+json\" class=\"yoast-schema-graph\">{\"@context\":\"https:\\\/\\\/schema.org\",\"@graph\":[{\"@type\":\"WebPage\",\"@id\":\"https:\\\/\\\/crocjeux.com\\\/index.php\\\/produit\\\/licornes-dans-les-nuages-jeu-de-cartes\\\/\",\"url\":\"https:\\\/\\\/crocjeux.com\\\/index.php\\\/produit\\\/licornes-dans-les-nuages-jeu-de-cartes\\\/\",\"name\":\"Licornes dans les Nuages - Jeu de Cartes - Croc Jeux\",\"isPartOf\":{\"@id\":\"https:\\\/\\\/crocjeux.com\\\/#website\"},\"primaryImageOfPage\":{\"@id\":\"https:\\\/\\\/crocjeux.com\\\/index.php\\\/produit\\\/licornes-dans-les-nuages-jeu-de-cartes\\\/#primaryimage\"},\"image\":{\"@id\":\"https:\\\/\\\/crocjeux.com\\\/index.php\\\/produit\\\/licornes-dans-les-nuages-jeu-de-cartes\\\/#primaryimage\"},\"thumbnailUrl\":\"https:\\\/\\\/crocjeux.com\\\/wp-content\\\/uploads\\\/2020\\\/11\\\/licornes-dans-les-nuages-jeu-de-cartes.jpg\",\"datePublished\":\"2020-11-19T15:12:11+00:00\",\"dateModified\":\"2020-11-19T15:12:14+00:00\",\"breadcrumb\":{\"@id\":\"https:\\\/\\\/crocjeux.com\\\/index.php\\\/produit\\\/licornes-dans-les-nuages-jeu-de-cartes\\\/#breadcrumb\"},\"inLanguage\":\"fr-FR\",\"potentialAction\":[{\"@type\":\"ReadAction\",\"target\":[\"https:\\\/\\\/crocjeux.com\\\/index.php\\\/produit\\\/licornes-dans-les-nuages-jeu-de-cartes\\\/\"]}]},{\"@type\":\"ImageObject\",\"inLanguage\":\"fr-FR\",\"@id\":\"https:\\\/\\\/crocjeux.com\\\/index.php\\\/produit\\\/licornes-dans-les-nuages-jeu-de-cartes\\\/#primaryimage\",\"url\":\"https:\\\/\\\/crocjeux.com\\\/wp-content\\\/uploads\\\/2020\\\/11\\\/licornes-dans-les-nuages-jeu-de-cartes.jpg\",\"contentUrl\":\"https:\\\/\\\/crocjeux.com\\\/wp-content\\\/uploads\\\/2020\\\/11\\\/licornes-dans-les-nuages-jeu-de-cartes.jpg\",\"width\":800,\"height\":800},{\"@type\":\"BreadcrumbList\",\"@id\":\"https:\\\/\\\/crocjeux.com\\\/index.php\\\/produit\\\/licornes-dans-les-nuages-jeu-de-cartes\\\/#breadcrumb\",\"itemListElement\":[{\"@type\":\"ListItem\",\"position\":1,\"name\":\"Accueil\",\"item\":\"https:\\\/\\\/crocjeux.com\\\/\"},{\"@type\":\"ListItem\",\"position\":2,\"name\":\"Boutique\",\"item\":\"https:\\\/\\\/crocjeux.com\\\/\"},{\"@type\":\"ListItem\",\"position\":3,\"name\":\"Licornes dans les Nuages &#8211; Jeu de Cartes\"}]},{\"@type\":\"WebSite\",\"@id\":\"https:\\\/\\\/crocjeux.com\\\/#website\",\"url\":\"https:\\\/\\\/crocjeux.com\\\/\",\"name\":\"Croc Jeux\",\"description\":\"Bienvenue chez Croc Jeux!\",\"publisher\":{\"@id\":\"https:\\\/\\\/crocjeux.com\\\/#organization\"},\"potentialAction\":[{\"@type\":\"SearchAction\",\"target\":{\"@type\":\"EntryPoint\",\"urlTemplate\":\"https:\\\/\\\/crocjeux.com\\\/?s={search_term_string}\"},\"query-input\":{\"@type\":\"PropertyValueSpecification\",\"valueRequired\":true,\"valueName\":\"search_term_string\"}}],\"inLanguage\":\"fr-FR\"},{\"@type\":\"Organization\",\"@id\":\"https:\\\/\\\/crocjeux.com\\\/#organization\",\"name\":\"Croc Jeux\",\"url\":\"https:\\\/\\\/crocjeux.com\\\/\",\"logo\":{\"@type\":\"ImageObject\",\"inLanguage\":\"fr-FR\",\"@id\":\"https:\\\/\\\/crocjeux.com\\\/#\\\/schema\\\/logo\\\/image\\\/\",\"url\":\"https:\\\/\\\/crocjeux.com\\\/wp-content\\\/uploads\\\/2022\\\/01\\\/cropped-logo-croc-etape-1-e1644574034239.jpg\",\"contentUrl\":\"https:\\\/\\\/crocjeux.com\\\/wp-content\\\/uploads\\\/2022\\\/01\\\/cropped-logo-croc-etape-1-e1644574034239.jpg\",\"width\":1224,\"height\":314,\"caption\":\"Croc Jeux\"},\"image\":{\"@id\":\"https:\\\/\\\/crocjeux.com\\\/#\\\/schema\\\/logo\\\/image\\\/\"}}]}<\/script>\n<!-- \/ Yoast SEO plugin. -->","yoast_head_json":{"title":"Licornes dans les Nuages - Jeu de Cartes - Croc Jeux","robots":{"index":"index","follow":"follow","max-snippet":"max-snippet:-1","max-image-preview":"max-image-preview:large","max-video-preview":"max-video-preview:-1"},"canonical":"https:\/\/crocjeux.com\/index.php\/produit\/licornes-dans-les-nuages-jeu-de-cartes\/","og_locale":"fr_FR","og_type":"article","og_title":"Licornes dans les Nuages - Jeu de Cartes - Croc Jeux","og_description":"Aujourd&rsquo;hui, Bonheur \u00e9tincelant et ses amies licornes jouent \u00e0 former des familles! Qui veut jouer avec elles ? Concentrez-vous, et","og_url":"https:\/\/crocjeux.com\/index.php\/produit\/licornes-dans-les-nuages-jeu-de-cartes\/","og_site_name":"Croc Jeux","article_modified_time":"2020-11-19T15:12:14+00:00","og_image":[{"width":800,"height":800,"url":"https:\/\/crocjeux.com\/wp-content\/uploads\/2020\/11\/licornes-dans-les-nuages-jeu-de-cartes.jpg","type":"image\/jpeg"}],"twitter_card":"summary_large_image","schema":{"@context":"https:\/\/schema.org","@graph":[{"@type":"WebPage","@id":"https:\/\/crocjeux.com\/index.php\/produit\/licornes-dans-les-nuages-jeu-de-cartes\/","url":"https:\/\/crocjeux.com\/index.php\/produit\/licornes-dans-les-nuages-jeu-de-cartes\/","name":"Licornes dans les Nuages - Jeu de Cartes - Croc Jeux","isPartOf":{"@id":"https:\/\/crocjeux.com\/#website"},"primaryImageOfPage":{"@id":"https:\/\/crocjeux.com\/index.php\/produit\/licornes-dans-les-nuages-jeu-de-cartes\/#primaryimage"},"image":{"@id":"https:\/\/crocjeux.com\/index.php\/produit\/licornes-dans-les-nuages-jeu-de-cartes\/#primaryimage"},"thumbnailUrl":"https:\/\/crocjeux.com\/wp-content\/uploads\/2020\/11\/licornes-dans-les-nuages-jeu-de-cartes.jpg","datePublished":"2020-11-19T15:12:11+00:00","dateModified":"2020-11-19T15:12:14+00:00","breadcrumb":{"@id":"https:\/\/crocjeux.com\/index.php\/produit\/licornes-dans-les-nuages-jeu-de-cartes\/#breadcrumb"},"inLanguage":"fr-FR","potentialAction":[{"@type":"ReadAction","target":["https:\/\/crocjeux.com\/index.php\/produit\/licornes-dans-les-nuages-jeu-de-cartes\/"]}]},{"@type":"ImageObject","inLanguage":"fr-FR","@id":"https:\/\/crocjeux.com\/index.php\/produit\/licornes-dans-les-nuages-jeu-de-cartes\/#primaryimage","url":"https:\/\/crocjeux.com\/wp-content\/uploads\/2020\/11\/licornes-dans-les-nuages-jeu-de-cartes.jpg","contentUrl":"https:\/\/crocjeux.com\/wp-content\/uploads\/2020\/11\/licornes-dans-les-nuages-jeu-de-cartes.jpg","width":800,"height":800},{"@type":"BreadcrumbList","@id":"https:\/\/crocjeux.com\/index.php\/produit\/licornes-dans-les-nuages-jeu-de-cartes\/#breadcrumb","itemListElement":[{"@type":"ListItem","position":1,"name":"Accueil","item":"https:\/\/crocjeux.com\/"},{"@type":"ListItem","position":2,"name":"Boutique","item":"https:\/\/crocjeux.com\/"},{"@type":"ListItem","position":3,"name":"Licornes dans les Nuages &#8211; Jeu de Cartes"}]},{"@type":"WebSite","@id":"https:\/\/crocjeux.com\/#website","url":"https:\/\/crocjeux.com\/","name":"Croc Jeux","description":"Bienvenue chez Croc Jeux!","publisher":{"@id":"https:\/\/crocjeux.com\/#organization"},"potentialAction":[{"@type":"SearchAction","target":{"@type":"EntryPoint","urlTemplate":"https:\/\/crocjeux.com\/?s={search_term_string}"},"query-input":{"@type":"PropertyValueSpecification","valueRequired":true,"valueName":"search_term_string"}}],"inLanguage":"fr-FR"},{"@type":"Organization","@id":"https:\/\/crocjeux.com\/#organization","name":"Croc Jeux","url":"https:\/\/crocjeux.com\/","logo":{"@type":"ImageObject","inLanguage":"fr-FR","@id":"https:\/\/crocjeux.com\/#\/schema\/logo\/image\/","url":"https:\/\/crocjeux.com\/wp-content\/uploads\/2022\/01\/cropped-logo-croc-etape-1-e1644574034239.jpg","contentUrl":"https:\/\/crocjeux.com\/wp-content\/uploads\/2022\/01\/cropped-logo-croc-etape-1-e1644574034239.jpg","width":1224,"height":314,"caption":"Croc Jeux"},"image":{"@id":"https:\/\/crocjeux.com\/#\/schema\/logo\/image\/"}}]}},"_links":{"self":[{"href":"https:\/\/crocjeux.com\/index.php\/wp-json\/wp\/v2\/product\/1001","targetHints":{"allow":["GET"]}}],"collection":[{"href":"https:\/\/crocjeux.com\/index.php\/wp-json\/wp\/v2\/product"}],"about":[{"href":"https:\/\/crocjeux.com\/index.php\/wp-json\/wp\/v2\/types\/product"}],"replies":[{"embeddable":true,"href":"https:\/\/crocjeux.com\/index.php\/wp-json\/wp\/v2\/comments?post=1001"}],"wp:featuredmedia":[{"embeddable":true,"href":"https:\/\/crocjeux.com\/index.php\/wp-json\/wp\/v2\/media\/1002"}],"wp:attachment":[{"href":"https:\/\/crocjeux.com\/index.php\/wp-json\/wp\/v2\/media?parent=1001"}],"wp:term":[{"taxonomy":"product_brand","embeddable":true,"href":"https:\/\/crocjeux.com\/index.php\/wp-json\/wp\/v2\/product_brand?post=1001"},{"taxonomy":"product_cat","embeddable":true,"href":"https:\/\/crocjeux.com\/index.php\/wp-json\/wp\/v2\/product_cat?post=1001"},{"taxonomy":"product_tag","embeddable":true,"href":"https:\/\/crocjeux.com\/index.php\/wp-json\/wp\/v2\/product_tag?post=1001"}],"curies":[{"name":"wp","href":"https:\/\/api.w.org\/{rel}","templated":true}]}}