{"id":1018,"date":"2020-11-19T17:24:14","date_gmt":"2020-11-19T16:24:14","guid":{"rendered":"https:\/\/crocjeux.com\/?post_type=product&#038;p=1018"},"modified":"2025-11-06T10:29:19","modified_gmt":"2025-11-06T09:29:19","slug":"saboteur-2-les-mineurs-contre-attaquent","status":"publish","type":"product","link":"https:\/\/crocjeux.com\/index.php\/produit\/saboteur-2-les-mineurs-contre-attaquent\/","title":{"rendered":"Saboteur &#8211; La Grande Aventure"},"content":{"rendered":"<p>Deux exp\u00e9ditions de nains s&rsquo;opposent pour se frayer un chemin dans cette for\u00eat dense \u00e0 la recherche de mines perdues remplies de richesses.<\/p>\n<p>Dans cette version jeu de plateau du c\u00e9l\u00e8bre Saboteur, les nains sont repr\u00e9sent\u00e9s par des pions qui se d\u00e9placent sur le plateau et doivent atteindre une mine pour la d\u00e9couvrir. Les pi\u00e8ges, quant \u00e0 eux, ne sont pas jou\u00e9s sur un joueur mais sur le plateau et peuvent donc affecter tout le monde.<\/p>\n<p>Un nain pourra jouer pour lui-m\u00eame ou en \u00e9quipe. A moins qu&rsquo;il soit un Nain-gent double ?<\/p>\n<p>Quelle \u00e9quipe rassemblera le plus de tr\u00e9sors et pour qui joue vraiment chaque membre de chaque exp\u00e9dition ?<\/p>\n<p>&nbsp;<\/p>\n<p><strong>Contenu:<\/strong><\/p>\n<ul>\n<li>91 Cartes<\/li>\n<li>1 Plateau de jeu<\/li>\n<li>10 Pions<\/li>\n<li>57 Jetons<\/li>\n<li>1 Livret de r\u00e8gles<\/li>\n<\/ul>\n","protected":false},"excerpt":{"rendered":"<p>Deux exp\u00e9ditions de nains s&rsquo;opposent pour se frayer un chemin dans cette for\u00eat dense \u00e0 la recherche de mines perdues<\/p>\n","protected":false},"featured_media":1021,"comment_status":"open","ping_status":"closed","template":"","meta":{"colormag_page_container_layout":"default_layout","colormag_page_sidebar_layout":"default_layout"},"product_brand":[],"product_cat":[42,40,36],"product_tag":[],"class_list":{"0":"post-1018","1":"product","2":"type-product","3":"status-publish","4":"has-post-thumbnail","6":"product_cat-jeux-a-roles-caches","7":"product_cat-jeux-dambiance","8":"product_cat-jeux-familiaux","10":"first","11":"outofstock","12":"taxable","13":"shipping-taxable","14":"purchasable","15":"product-type-simple"},"yoast_head":"<!-- This site is optimized with the Yoast SEO plugin v27.4 - https:\/\/yoast.com\/product\/yoast-seo-wordpress\/ -->\n<title>Saboteur - La Grande Aventure - Croc Jeux<\/title>\n<meta name=\"robots\" content=\"index, follow, max-snippet:-1, max-image-preview:large, max-video-preview:-1\" \/>\n<link rel=\"canonical\" href=\"https:\/\/crocjeux.com\/index.php\/produit\/saboteur-2-les-mineurs-contre-attaquent\/\" \/>\n<meta property=\"og:locale\" content=\"fr_FR\" \/>\n<meta property=\"og:type\" content=\"article\" \/>\n<meta property=\"og:title\" content=\"Saboteur - La Grande Aventure - Croc Jeux\" \/>\n<meta property=\"og:description\" content=\"Deux exp\u00e9ditions de nains s&rsquo;opposent pour se frayer un chemin dans cette for\u00eat dense \u00e0 la recherche de mines perdues\" \/>\n<meta property=\"og:url\" content=\"https:\/\/crocjeux.com\/index.php\/produit\/saboteur-2-les-mineurs-contre-attaquent\/\" \/>\n<meta property=\"og:site_name\" content=\"Croc Jeux\" \/>\n<meta property=\"article:modified_time\" content=\"2025-11-06T09:29:19+00:00\" \/>\n<meta property=\"og:image\" content=\"https:\/\/crocjeux.com\/wp-content\/uploads\/2020\/11\/saboteur-la-grande-aventure-p-image-65244-grande.jpg\" \/>\n\t<meta property=\"og:image:width\" content=\"424\" \/>\n\t<meta property=\"og:image:height\" content=\"567\" \/>\n\t<meta property=\"og:image:type\" content=\"image\/jpeg\" \/>\n<meta name=\"twitter:card\" content=\"summary_large_image\" \/>\n<meta name=\"twitter:label1\" content=\"Dur\u00e9e de lecture estim\u00e9e\" \/>\n\t<meta name=\"twitter:data1\" content=\"1 minute\" \/>\n<script type=\"application\/ld+json\" class=\"yoast-schema-graph\">{\"@context\":\"https:\\\/\\\/schema.org\",\"@graph\":[{\"@type\":\"WebPage\",\"@id\":\"https:\\\/\\\/crocjeux.com\\\/index.php\\\/produit\\\/saboteur-2-les-mineurs-contre-attaquent\\\/\",\"url\":\"https:\\\/\\\/crocjeux.com\\\/index.php\\\/produit\\\/saboteur-2-les-mineurs-contre-attaquent\\\/\",\"name\":\"Saboteur - La Grande Aventure - Croc Jeux\",\"isPartOf\":{\"@id\":\"https:\\\/\\\/crocjeux.com\\\/#website\"},\"primaryImageOfPage\":{\"@id\":\"https:\\\/\\\/crocjeux.com\\\/index.php\\\/produit\\\/saboteur-2-les-mineurs-contre-attaquent\\\/#primaryimage\"},\"image\":{\"@id\":\"https:\\\/\\\/crocjeux.com\\\/index.php\\\/produit\\\/saboteur-2-les-mineurs-contre-attaquent\\\/#primaryimage\"},\"thumbnailUrl\":\"https:\\\/\\\/crocjeux.com\\\/wp-content\\\/uploads\\\/2020\\\/11\\\/saboteur-la-grande-aventure-p-image-65244-grande.jpg\",\"datePublished\":\"2020-11-19T16:24:14+00:00\",\"dateModified\":\"2025-11-06T09:29:19+00:00\",\"breadcrumb\":{\"@id\":\"https:\\\/\\\/crocjeux.com\\\/index.php\\\/produit\\\/saboteur-2-les-mineurs-contre-attaquent\\\/#breadcrumb\"},\"inLanguage\":\"fr-FR\",\"potentialAction\":[{\"@type\":\"ReadAction\",\"target\":[\"https:\\\/\\\/crocjeux.com\\\/index.php\\\/produit\\\/saboteur-2-les-mineurs-contre-attaquent\\\/\"]}]},{\"@type\":\"ImageObject\",\"inLanguage\":\"fr-FR\",\"@id\":\"https:\\\/\\\/crocjeux.com\\\/index.php\\\/produit\\\/saboteur-2-les-mineurs-contre-attaquent\\\/#primaryimage\",\"url\":\"https:\\\/\\\/crocjeux.com\\\/wp-content\\\/uploads\\\/2020\\\/11\\\/saboteur-la-grande-aventure-p-image-65244-grande.jpg\",\"contentUrl\":\"https:\\\/\\\/crocjeux.com\\\/wp-content\\\/uploads\\\/2020\\\/11\\\/saboteur-la-grande-aventure-p-image-65244-grande.jpg\",\"width\":424,\"height\":567},{\"@type\":\"BreadcrumbList\",\"@id\":\"https:\\\/\\\/crocjeux.com\\\/index.php\\\/produit\\\/saboteur-2-les-mineurs-contre-attaquent\\\/#breadcrumb\",\"itemListElement\":[{\"@type\":\"ListItem\",\"position\":1,\"name\":\"Accueil\",\"item\":\"https:\\\/\\\/crocjeux.com\\\/\"},{\"@type\":\"ListItem\",\"position\":2,\"name\":\"Boutique\",\"item\":\"https:\\\/\\\/crocjeux.com\\\/\"},{\"@type\":\"ListItem\",\"position\":3,\"name\":\"Saboteur &#8211; La Grande Aventure\"}]},{\"@type\":\"WebSite\",\"@id\":\"https:\\\/\\\/crocjeux.com\\\/#website\",\"url\":\"https:\\\/\\\/crocjeux.com\\\/\",\"name\":\"Croc Jeux\",\"description\":\"Bienvenue chez Croc Jeux!\",\"publisher\":{\"@id\":\"https:\\\/\\\/crocjeux.com\\\/#organization\"},\"potentialAction\":[{\"@type\":\"SearchAction\",\"target\":{\"@type\":\"EntryPoint\",\"urlTemplate\":\"https:\\\/\\\/crocjeux.com\\\/?s={search_term_string}\"},\"query-input\":{\"@type\":\"PropertyValueSpecification\",\"valueRequired\":true,\"valueName\":\"search_term_string\"}}],\"inLanguage\":\"fr-FR\"},{\"@type\":\"Organization\",\"@id\":\"https:\\\/\\\/crocjeux.com\\\/#organization\",\"name\":\"Croc Jeux\",\"url\":\"https:\\\/\\\/crocjeux.com\\\/\",\"logo\":{\"@type\":\"ImageObject\",\"inLanguage\":\"fr-FR\",\"@id\":\"https:\\\/\\\/crocjeux.com\\\/#\\\/schema\\\/logo\\\/image\\\/\",\"url\":\"https:\\\/\\\/crocjeux.com\\\/wp-content\\\/uploads\\\/2022\\\/01\\\/cropped-logo-croc-etape-1-e1644574034239.jpg\",\"contentUrl\":\"https:\\\/\\\/crocjeux.com\\\/wp-content\\\/uploads\\\/2022\\\/01\\\/cropped-logo-croc-etape-1-e1644574034239.jpg\",\"width\":1224,\"height\":314,\"caption\":\"Croc Jeux\"},\"image\":{\"@id\":\"https:\\\/\\\/crocjeux.com\\\/#\\\/schema\\\/logo\\\/image\\\/\"}}]}<\/script>\n<!-- \/ Yoast SEO plugin. -->","yoast_head_json":{"title":"Saboteur - La Grande Aventure - Croc Jeux","robots":{"index":"index","follow":"follow","max-snippet":"max-snippet:-1","max-image-preview":"max-image-preview:large","max-video-preview":"max-video-preview:-1"},"canonical":"https:\/\/crocjeux.com\/index.php\/produit\/saboteur-2-les-mineurs-contre-attaquent\/","og_locale":"fr_FR","og_type":"article","og_title":"Saboteur - La Grande Aventure - Croc Jeux","og_description":"Deux exp\u00e9ditions de nains s&rsquo;opposent pour se frayer un chemin dans cette for\u00eat dense \u00e0 la recherche de mines perdues","og_url":"https:\/\/crocjeux.com\/index.php\/produit\/saboteur-2-les-mineurs-contre-attaquent\/","og_site_name":"Croc Jeux","article_modified_time":"2025-11-06T09:29:19+00:00","og_image":[{"width":424,"height":567,"url":"https:\/\/crocjeux.com\/wp-content\/uploads\/2020\/11\/saboteur-la-grande-aventure-p-image-65244-grande.jpg","type":"image\/jpeg"}],"twitter_card":"summary_large_image","twitter_misc":{"Dur\u00e9e de lecture estim\u00e9e":"1 minute"},"schema":{"@context":"https:\/\/schema.org","@graph":[{"@type":"WebPage","@id":"https:\/\/crocjeux.com\/index.php\/produit\/saboteur-2-les-mineurs-contre-attaquent\/","url":"https:\/\/crocjeux.com\/index.php\/produit\/saboteur-2-les-mineurs-contre-attaquent\/","name":"Saboteur - La Grande Aventure - Croc Jeux","isPartOf":{"@id":"https:\/\/crocjeux.com\/#website"},"primaryImageOfPage":{"@id":"https:\/\/crocjeux.com\/index.php\/produit\/saboteur-2-les-mineurs-contre-attaquent\/#primaryimage"},"image":{"@id":"https:\/\/crocjeux.com\/index.php\/produit\/saboteur-2-les-mineurs-contre-attaquent\/#primaryimage"},"thumbnailUrl":"https:\/\/crocjeux.com\/wp-content\/uploads\/2020\/11\/saboteur-la-grande-aventure-p-image-65244-grande.jpg","datePublished":"2020-11-19T16:24:14+00:00","dateModified":"2025-11-06T09:29:19+00:00","breadcrumb":{"@id":"https:\/\/crocjeux.com\/index.php\/produit\/saboteur-2-les-mineurs-contre-attaquent\/#breadcrumb"},"inLanguage":"fr-FR","potentialAction":[{"@type":"ReadAction","target":["https:\/\/crocjeux.com\/index.php\/produit\/saboteur-2-les-mineurs-contre-attaquent\/"]}]},{"@type":"ImageObject","inLanguage":"fr-FR","@id":"https:\/\/crocjeux.com\/index.php\/produit\/saboteur-2-les-mineurs-contre-attaquent\/#primaryimage","url":"https:\/\/crocjeux.com\/wp-content\/uploads\/2020\/11\/saboteur-la-grande-aventure-p-image-65244-grande.jpg","contentUrl":"https:\/\/crocjeux.com\/wp-content\/uploads\/2020\/11\/saboteur-la-grande-aventure-p-image-65244-grande.jpg","width":424,"height":567},{"@type":"BreadcrumbList","@id":"https:\/\/crocjeux.com\/index.php\/produit\/saboteur-2-les-mineurs-contre-attaquent\/#breadcrumb","itemListElement":[{"@type":"ListItem","position":1,"name":"Accueil","item":"https:\/\/crocjeux.com\/"},{"@type":"ListItem","position":2,"name":"Boutique","item":"https:\/\/crocjeux.com\/"},{"@type":"ListItem","position":3,"name":"Saboteur &#8211; La Grande Aventure"}]},{"@type":"WebSite","@id":"https:\/\/crocjeux.com\/#website","url":"https:\/\/crocjeux.com\/","name":"Croc Jeux","description":"Bienvenue chez Croc Jeux!","publisher":{"@id":"https:\/\/crocjeux.com\/#organization"},"potentialAction":[{"@type":"SearchAction","target":{"@type":"EntryPoint","urlTemplate":"https:\/\/crocjeux.com\/?s={search_term_string}"},"query-input":{"@type":"PropertyValueSpecification","valueRequired":true,"valueName":"search_term_string"}}],"inLanguage":"fr-FR"},{"@type":"Organization","@id":"https:\/\/crocjeux.com\/#organization","name":"Croc Jeux","url":"https:\/\/crocjeux.com\/","logo":{"@type":"ImageObject","inLanguage":"fr-FR","@id":"https:\/\/crocjeux.com\/#\/schema\/logo\/image\/","url":"https:\/\/crocjeux.com\/wp-content\/uploads\/2022\/01\/cropped-logo-croc-etape-1-e1644574034239.jpg","contentUrl":"https:\/\/crocjeux.com\/wp-content\/uploads\/2022\/01\/cropped-logo-croc-etape-1-e1644574034239.jpg","width":1224,"height":314,"caption":"Croc Jeux"},"image":{"@id":"https:\/\/crocjeux.com\/#\/schema\/logo\/image\/"}}]}},"_links":{"self":[{"href":"https:\/\/crocjeux.com\/index.php\/wp-json\/wp\/v2\/product\/1018","targetHints":{"allow":["GET"]}}],"collection":[{"href":"https:\/\/crocjeux.com\/index.php\/wp-json\/wp\/v2\/product"}],"about":[{"href":"https:\/\/crocjeux.com\/index.php\/wp-json\/wp\/v2\/types\/product"}],"replies":[{"embeddable":true,"href":"https:\/\/crocjeux.com\/index.php\/wp-json\/wp\/v2\/comments?post=1018"}],"wp:featuredmedia":[{"embeddable":true,"href":"https:\/\/crocjeux.com\/index.php\/wp-json\/wp\/v2\/media\/1021"}],"wp:attachment":[{"href":"https:\/\/crocjeux.com\/index.php\/wp-json\/wp\/v2\/media?parent=1018"}],"wp:term":[{"taxonomy":"product_brand","embeddable":true,"href":"https:\/\/crocjeux.com\/index.php\/wp-json\/wp\/v2\/product_brand?post=1018"},{"taxonomy":"product_cat","embeddable":true,"href":"https:\/\/crocjeux.com\/index.php\/wp-json\/wp\/v2\/product_cat?post=1018"},{"taxonomy":"product_tag","embeddable":true,"href":"https:\/\/crocjeux.com\/index.php\/wp-json\/wp\/v2\/product_tag?post=1018"}],"curies":[{"name":"wp","href":"https:\/\/api.w.org\/{rel}","templated":true}]}}