{"id":102,"date":"2020-10-29T11:44:21","date_gmt":"2020-10-29T10:44:21","guid":{"rendered":"https:\/\/crocjeux.com\/?post_type=product&#038;p=102"},"modified":"2024-01-15T11:18:24","modified_gmt":"2024-01-15T10:18:24","slug":"villainous","status":"publish","type":"product","link":"https:\/\/crocjeux.com\/index.php\/produit\/villainous\/","title":{"rendered":"Villainous"},"content":{"rendered":"<section id=\"tab-description\" class=\"page-product-box r-tabs-panel r-tabs-state-active\">\n<div class=\"rte\">\n<div>Mouahahahaha\u2009! Laissez libre cours \u00e0 vos instincts les plus vils et accomplissez votre r\u00eave secret : incarner un m\u00e9chant de l\u2019univers Disney\u2009!<\/div>\n<div><\/div>\n<div>Villainous est un jeu de soci\u00e9t\u00e9 qui vous met dans la peau de m\u00e9chants embl\u00e9matiques, bien d\u00e9cid\u00e9s \u00e0 remplir leurs objectifs avant les autres. Alors, traversez le miroir\u2009! Devenez le Capitaine Crochet, Mal\u00e9fique, Jafar, La Reine de C\u0153ur, Le Prince Jean ou Ursula. Complotez, trahissez, planifiez, et soyez le premier m\u00e9chant Disney \u00e0 r\u00e9aliser ses sinistres machinations\u2009!<\/div>\n<div><\/div>\n<h2>\u00a0\u00bb Des objectifs mal\u00e9fiques\u2026 et diff\u00e9rents\u2009! \u00ab\u00a0<\/h2>\n<div>Pour remporter la partie, chaque joueur doit accomplir ses objectifs personnels avant ses adversaires. Chacun joue ses cartes sur son propre Plateau de jeu et effectue des actions perfides pour progresser vers la victoire. La plus d\u00e9lectable d\u2019entre elles, c\u2019est bien \u00e9videmment de perturber l&rsquo;avanc\u00e9e des adversaires au moyen de cartes Fatalit\u00e9s particuli\u00e8rement retorses. Libre \u00e0 vous, par exemple, de g\u00eaner vos ennemis en utilisant ces path\u00e9tiques h\u00e9ros qui luttent pour d\u2019ineptes futilit\u00e9s, comme l\u2019amour\u2026 ou la libert\u00e9.<\/div>\n<div><\/div>\n<div>Recrutez des sbires, jetez des mal\u00e9dictions et utilisez des objets pour r\u00e9unir vos conditions de victoire\u2009! Le Prince Jean prend le pouvoir, Mal\u00e9fique maudit son Royaume, Jafar cherche une myst\u00e9rieuse lampe\u2026 chaque personnage est le point de d\u00e9part de parties toujours diff\u00e9rentes, pour une rejouabilit\u00e9 exceptionnelle.<\/div>\n<div><\/div>\n<h2>\u00a0\u00bb Un incroyable jeu d\u2019ambiance\u2009! \u00ab\u00a0<\/h2>\n<div>Villainous nous invite \u00e0 endosser des r\u00f4les jubilatoires. Autour de la table, rires d\u00e9ments, ricanements sournois et poings serr\u00e9s ne tarderont pas \u00e0 faire leur apparition, pour des parties\u00a0 intenses et anim\u00e9es. C\u2019est si bon d\u2019\u00eatre le m\u00e9chant, de devenir enfin ce personnage abject et ivre de puissance qui nous a terrifi\u00e9s pendant l\u2019enfance\u2009! On se d\u00e9lecte de jouer des coudes au sein de cette assembl\u00e9e de m\u00e9chants, plus charismatiques les uns que les autres.<\/div>\n<div><\/div>\n<h2>Un Disney pour les gouverner tous\u2009!<\/h2>\n<div>Villainous est un jeu somptueux \u00e0 la r\u00e9alisation exceptionnelle. Chaque illustration permet de s\u2019immerger totalement dans la partie, pour des heures de fun mal\u00e9fique\u2009!<\/div>\n<\/div>\n<\/section>\n","protected":false},"excerpt":{"rendered":"<p>Villainous est un jeu de soci\u00e9t\u00e9 qui vous met dans la peau de m\u00e9chants embl\u00e9matiques, bien d\u00e9cid\u00e9s \u00e0 remplir leurs objectifs avant les autres. Alors, traversez le miroir\u2009! Devenez le Capitaine Crochet, Mal\u00e9fique, Jafar, La Reine de C\u0153ur, Le Prince Jean ou Ursula. Complotez, trahissez, planifiez, et soyez le premier m\u00e9chant Disney \u00e0 r\u00e9aliser ses sinistres machinations\u2009!<\/p>\n","protected":false},"featured_media":103,"comment_status":"open","ping_status":"closed","template":"","meta":{"colormag_page_container_layout":"default_layout","colormag_page_sidebar_layout":"default_layout"},"product_brand":[],"product_cat":[31,37],"product_tag":[],"class_list":{"0":"post-102","1":"product","2":"type-product","3":"status-publish","4":"has-post-thumbnail","6":"product_cat-jeux-adffrontement","7":"product_cat-ne-ratez-pas","9":"first","10":"instock","11":"taxable","12":"shipping-taxable","13":"purchasable","14":"product-type-simple"},"yoast_head":"<!-- This site is optimized with the Yoast SEO plugin v27.3 - https:\/\/yoast.com\/product\/yoast-seo-wordpress\/ -->\n<title>Villainous - Croc Jeux<\/title>\n<meta name=\"robots\" content=\"index, follow, max-snippet:-1, max-image-preview:large, max-video-preview:-1\" \/>\n<link rel=\"canonical\" href=\"https:\/\/crocjeux.com\/index.php\/produit\/villainous\/\" \/>\n<meta property=\"og:locale\" content=\"fr_FR\" \/>\n<meta property=\"og:type\" content=\"article\" \/>\n<meta property=\"og:title\" content=\"Villainous - Croc Jeux\" \/>\n<meta property=\"og:description\" content=\"Villainous est un jeu de soci\u00e9t\u00e9 qui vous met dans la peau de m\u00e9chants embl\u00e9matiques, bien d\u00e9cid\u00e9s \u00e0 remplir leurs objectifs avant les autres. Alors, traversez le miroir\u2009! Devenez le Capitaine Crochet, Mal\u00e9fique, Jafar, La Reine de C\u0153ur, Le Prince Jean ou Ursula. Complotez, trahissez, planifiez, et soyez le premier m\u00e9chant Disney \u00e0 r\u00e9aliser ses sinistres machinations\u2009!\" \/>\n<meta property=\"og:url\" content=\"https:\/\/crocjeux.com\/index.php\/produit\/villainous\/\" \/>\n<meta property=\"og:site_name\" content=\"Croc Jeux\" \/>\n<meta property=\"article:modified_time\" content=\"2024-01-15T10:18:24+00:00\" \/>\n<meta property=\"og:image\" content=\"https:\/\/crocjeux.com\/wp-content\/uploads\/2020\/10\/villainous.png\" \/>\n\t<meta property=\"og:image:width\" content=\"736\" \/>\n\t<meta property=\"og:image:height\" content=\"896\" \/>\n\t<meta property=\"og:image:type\" content=\"image\/png\" \/>\n<meta name=\"twitter:card\" content=\"summary_large_image\" \/>\n<meta name=\"twitter:label1\" content=\"Dur\u00e9e de lecture estim\u00e9e\" \/>\n\t<meta name=\"twitter:data1\" content=\"2 minutes\" \/>\n<script type=\"application\/ld+json\" class=\"yoast-schema-graph\">{\"@context\":\"https:\\\/\\\/schema.org\",\"@graph\":[{\"@type\":\"WebPage\",\"@id\":\"https:\\\/\\\/crocjeux.com\\\/index.php\\\/produit\\\/villainous\\\/\",\"url\":\"https:\\\/\\\/crocjeux.com\\\/index.php\\\/produit\\\/villainous\\\/\",\"name\":\"Villainous - Croc Jeux\",\"isPartOf\":{\"@id\":\"https:\\\/\\\/crocjeux.com\\\/#website\"},\"primaryImageOfPage\":{\"@id\":\"https:\\\/\\\/crocjeux.com\\\/index.php\\\/produit\\\/villainous\\\/#primaryimage\"},\"image\":{\"@id\":\"https:\\\/\\\/crocjeux.com\\\/index.php\\\/produit\\\/villainous\\\/#primaryimage\"},\"thumbnailUrl\":\"https:\\\/\\\/crocjeux.com\\\/wp-content\\\/uploads\\\/2020\\\/10\\\/villainous.png\",\"datePublished\":\"2020-10-29T10:44:21+00:00\",\"dateModified\":\"2024-01-15T10:18:24+00:00\",\"breadcrumb\":{\"@id\":\"https:\\\/\\\/crocjeux.com\\\/index.php\\\/produit\\\/villainous\\\/#breadcrumb\"},\"inLanguage\":\"fr-FR\",\"potentialAction\":[{\"@type\":\"ReadAction\",\"target\":[\"https:\\\/\\\/crocjeux.com\\\/index.php\\\/produit\\\/villainous\\\/\"]}]},{\"@type\":\"ImageObject\",\"inLanguage\":\"fr-FR\",\"@id\":\"https:\\\/\\\/crocjeux.com\\\/index.php\\\/produit\\\/villainous\\\/#primaryimage\",\"url\":\"https:\\\/\\\/crocjeux.com\\\/wp-content\\\/uploads\\\/2020\\\/10\\\/villainous.png\",\"contentUrl\":\"https:\\\/\\\/crocjeux.com\\\/wp-content\\\/uploads\\\/2020\\\/10\\\/villainous.png\",\"width\":736,\"height\":896},{\"@type\":\"BreadcrumbList\",\"@id\":\"https:\\\/\\\/crocjeux.com\\\/index.php\\\/produit\\\/villainous\\\/#breadcrumb\",\"itemListElement\":[{\"@type\":\"ListItem\",\"position\":1,\"name\":\"Accueil\",\"item\":\"https:\\\/\\\/crocjeux.com\\\/\"},{\"@type\":\"ListItem\",\"position\":2,\"name\":\"Boutique\",\"item\":\"https:\\\/\\\/crocjeux.com\\\/\"},{\"@type\":\"ListItem\",\"position\":3,\"name\":\"Villainous\"}]},{\"@type\":\"WebSite\",\"@id\":\"https:\\\/\\\/crocjeux.com\\\/#website\",\"url\":\"https:\\\/\\\/crocjeux.com\\\/\",\"name\":\"Croc Jeux\",\"description\":\"Bienvenue chez Croc Jeux!\",\"publisher\":{\"@id\":\"https:\\\/\\\/crocjeux.com\\\/#organization\"},\"potentialAction\":[{\"@type\":\"SearchAction\",\"target\":{\"@type\":\"EntryPoint\",\"urlTemplate\":\"https:\\\/\\\/crocjeux.com\\\/?s={search_term_string}\"},\"query-input\":{\"@type\":\"PropertyValueSpecification\",\"valueRequired\":true,\"valueName\":\"search_term_string\"}}],\"inLanguage\":\"fr-FR\"},{\"@type\":\"Organization\",\"@id\":\"https:\\\/\\\/crocjeux.com\\\/#organization\",\"name\":\"Croc Jeux\",\"url\":\"https:\\\/\\\/crocjeux.com\\\/\",\"logo\":{\"@type\":\"ImageObject\",\"inLanguage\":\"fr-FR\",\"@id\":\"https:\\\/\\\/crocjeux.com\\\/#\\\/schema\\\/logo\\\/image\\\/\",\"url\":\"https:\\\/\\\/crocjeux.com\\\/wp-content\\\/uploads\\\/2022\\\/01\\\/cropped-logo-croc-etape-1-e1644574034239.jpg\",\"contentUrl\":\"https:\\\/\\\/crocjeux.com\\\/wp-content\\\/uploads\\\/2022\\\/01\\\/cropped-logo-croc-etape-1-e1644574034239.jpg\",\"width\":1224,\"height\":314,\"caption\":\"Croc Jeux\"},\"image\":{\"@id\":\"https:\\\/\\\/crocjeux.com\\\/#\\\/schema\\\/logo\\\/image\\\/\"}}]}<\/script>\n<!-- \/ Yoast SEO plugin. -->","yoast_head_json":{"title":"Villainous - Croc Jeux","robots":{"index":"index","follow":"follow","max-snippet":"max-snippet:-1","max-image-preview":"max-image-preview:large","max-video-preview":"max-video-preview:-1"},"canonical":"https:\/\/crocjeux.com\/index.php\/produit\/villainous\/","og_locale":"fr_FR","og_type":"article","og_title":"Villainous - Croc Jeux","og_description":"Villainous est un jeu de soci\u00e9t\u00e9 qui vous met dans la peau de m\u00e9chants embl\u00e9matiques, bien d\u00e9cid\u00e9s \u00e0 remplir leurs objectifs avant les autres. Alors, traversez le miroir\u2009! Devenez le Capitaine Crochet, Mal\u00e9fique, Jafar, La Reine de C\u0153ur, Le Prince Jean ou Ursula. Complotez, trahissez, planifiez, et soyez le premier m\u00e9chant Disney \u00e0 r\u00e9aliser ses sinistres machinations\u2009!","og_url":"https:\/\/crocjeux.com\/index.php\/produit\/villainous\/","og_site_name":"Croc Jeux","article_modified_time":"2024-01-15T10:18:24+00:00","og_image":[{"width":736,"height":896,"url":"https:\/\/crocjeux.com\/wp-content\/uploads\/2020\/10\/villainous.png","type":"image\/png"}],"twitter_card":"summary_large_image","twitter_misc":{"Dur\u00e9e de lecture estim\u00e9e":"2 minutes"},"schema":{"@context":"https:\/\/schema.org","@graph":[{"@type":"WebPage","@id":"https:\/\/crocjeux.com\/index.php\/produit\/villainous\/","url":"https:\/\/crocjeux.com\/index.php\/produit\/villainous\/","name":"Villainous - Croc Jeux","isPartOf":{"@id":"https:\/\/crocjeux.com\/#website"},"primaryImageOfPage":{"@id":"https:\/\/crocjeux.com\/index.php\/produit\/villainous\/#primaryimage"},"image":{"@id":"https:\/\/crocjeux.com\/index.php\/produit\/villainous\/#primaryimage"},"thumbnailUrl":"https:\/\/crocjeux.com\/wp-content\/uploads\/2020\/10\/villainous.png","datePublished":"2020-10-29T10:44:21+00:00","dateModified":"2024-01-15T10:18:24+00:00","breadcrumb":{"@id":"https:\/\/crocjeux.com\/index.php\/produit\/villainous\/#breadcrumb"},"inLanguage":"fr-FR","potentialAction":[{"@type":"ReadAction","target":["https:\/\/crocjeux.com\/index.php\/produit\/villainous\/"]}]},{"@type":"ImageObject","inLanguage":"fr-FR","@id":"https:\/\/crocjeux.com\/index.php\/produit\/villainous\/#primaryimage","url":"https:\/\/crocjeux.com\/wp-content\/uploads\/2020\/10\/villainous.png","contentUrl":"https:\/\/crocjeux.com\/wp-content\/uploads\/2020\/10\/villainous.png","width":736,"height":896},{"@type":"BreadcrumbList","@id":"https:\/\/crocjeux.com\/index.php\/produit\/villainous\/#breadcrumb","itemListElement":[{"@type":"ListItem","position":1,"name":"Accueil","item":"https:\/\/crocjeux.com\/"},{"@type":"ListItem","position":2,"name":"Boutique","item":"https:\/\/crocjeux.com\/"},{"@type":"ListItem","position":3,"name":"Villainous"}]},{"@type":"WebSite","@id":"https:\/\/crocjeux.com\/#website","url":"https:\/\/crocjeux.com\/","name":"Croc Jeux","description":"Bienvenue chez Croc Jeux!","publisher":{"@id":"https:\/\/crocjeux.com\/#organization"},"potentialAction":[{"@type":"SearchAction","target":{"@type":"EntryPoint","urlTemplate":"https:\/\/crocjeux.com\/?s={search_term_string}"},"query-input":{"@type":"PropertyValueSpecification","valueRequired":true,"valueName":"search_term_string"}}],"inLanguage":"fr-FR"},{"@type":"Organization","@id":"https:\/\/crocjeux.com\/#organization","name":"Croc Jeux","url":"https:\/\/crocjeux.com\/","logo":{"@type":"ImageObject","inLanguage":"fr-FR","@id":"https:\/\/crocjeux.com\/#\/schema\/logo\/image\/","url":"https:\/\/crocjeux.com\/wp-content\/uploads\/2022\/01\/cropped-logo-croc-etape-1-e1644574034239.jpg","contentUrl":"https:\/\/crocjeux.com\/wp-content\/uploads\/2022\/01\/cropped-logo-croc-etape-1-e1644574034239.jpg","width":1224,"height":314,"caption":"Croc Jeux"},"image":{"@id":"https:\/\/crocjeux.com\/#\/schema\/logo\/image\/"}}]}},"_links":{"self":[{"href":"https:\/\/crocjeux.com\/index.php\/wp-json\/wp\/v2\/product\/102","targetHints":{"allow":["GET"]}}],"collection":[{"href":"https:\/\/crocjeux.com\/index.php\/wp-json\/wp\/v2\/product"}],"about":[{"href":"https:\/\/crocjeux.com\/index.php\/wp-json\/wp\/v2\/types\/product"}],"replies":[{"embeddable":true,"href":"https:\/\/crocjeux.com\/index.php\/wp-json\/wp\/v2\/comments?post=102"}],"wp:featuredmedia":[{"embeddable":true,"href":"https:\/\/crocjeux.com\/index.php\/wp-json\/wp\/v2\/media\/103"}],"wp:attachment":[{"href":"https:\/\/crocjeux.com\/index.php\/wp-json\/wp\/v2\/media?parent=102"}],"wp:term":[{"taxonomy":"product_brand","embeddable":true,"href":"https:\/\/crocjeux.com\/index.php\/wp-json\/wp\/v2\/product_brand?post=102"},{"taxonomy":"product_cat","embeddable":true,"href":"https:\/\/crocjeux.com\/index.php\/wp-json\/wp\/v2\/product_cat?post=102"},{"taxonomy":"product_tag","embeddable":true,"href":"https:\/\/crocjeux.com\/index.php\/wp-json\/wp\/v2\/product_tag?post=102"}],"curies":[{"name":"wp","href":"https:\/\/api.w.org\/{rel}","templated":true}]}}