{"id":104,"date":"2020-10-29T11:46:24","date_gmt":"2020-10-29T10:46:24","guid":{"rendered":"https:\/\/crocjeux.com\/?post_type=product&#038;p=104"},"modified":"2023-01-24T17:26:14","modified_gmt":"2023-01-24T16:26:14","slug":"villainous-mauvais-jusqua-los","status":"publish","type":"product","link":"https:\/\/crocjeux.com\/index.php\/produit\/villainous-mauvais-jusqua-los\/","title":{"rendered":"Villainous &#8211; Mauvais jusqu&rsquo;\u00e0 l&rsquo;Os"},"content":{"rendered":"<h2>Veux-tu go\u00fbter cette pomme mon tr\u00e9sor ?<\/h2>\n<div>Dans Villainous : Mauvais jusqu&rsquo;\u00e0 l&rsquo;os, chaque joueur prend le contr\u00f4le de l&rsquo;un des trois m\u00e9chants issus de films de Disney,\u00a0 la m\u00e9chante reine de Blanche-Neige, Had\u00e8s d&rsquo;Hercule et le Dr Facilier de La Princesse et la Grenouille. Chaque joueur a son propre deck de m\u00e9chants, de destin, son plateau de jeu et la figurine de son personnage .<\/div>\n<div>\n<div><\/div>\n<div>\n<h2>Incarner un m\u00e9chant, c&rsquo;est si bon !<\/h2>\n<div>Pour remporter la partie, chaque joueur doit accomplir ses objectifs personnels avant ses adversaires. Chacun joue ses cartes sur son propre Plateau de jeu et effectue des actions perfides pour progresser vers la victoire. La plus d\u00e9lectable d\u2019entre elles, c\u2019est bien \u00e9videmment de perturber l&rsquo;avanc\u00e9e des adversaires au moyen de cartes Fatalit\u00e9s particuli\u00e8rement retorses. Libre \u00e0 vous, par exemple, de g\u00eaner vos ennemis en utilisant ces path\u00e9tiques h\u00e9ros qui luttent pour d\u2019ineptes futilit\u00e9s, comme l\u2019amour\u2026 ou la libert\u00e9.<\/div>\n<div>Recrutez des sbires, jetez des mal\u00e9dictions et utilisez des objets pour r\u00e9unir vos conditions de victoire\u2009!<\/div>\n<\/div>\n<div><\/div>\n<div>Villainous : Mauvais jusqu&rsquo;\u00e0 l&rsquo;Os est jouable ind\u00e9pendamment ou en compl\u00e9ment de la boite verte de Villainous pour jouer jusqu&rsquo;\u00e0 6 joueurs.<\/div>\n<div><\/div>\n<\/div>\n","protected":false},"excerpt":{"rendered":"<p>Dans Villainous : Mauvais jusqu&rsquo;\u00e0 l&rsquo;os, chaque joueur prend le contr\u00f4le de l&rsquo;un des trois m\u00e9chants issus de films de Disney, la m\u00e9chante reine de Blanche-Neige, Had\u00e8s d&rsquo;Hercule et le Dr Facilier de La Princesse et la Grenouille. Chaque joueur a son propre deck de m\u00e9chants, de destin, son plateau de jeu et la figurine de son personnage .<\/p>\n","protected":false},"featured_media":105,"comment_status":"open","ping_status":"closed","template":"","meta":{"colormag_page_container_layout":"default_layout","colormag_page_sidebar_layout":"default_layout"},"product_brand":[],"product_cat":[31,37],"product_tag":[],"class_list":{"0":"post-104","1":"product","2":"type-product","3":"status-publish","4":"has-post-thumbnail","6":"product_cat-jeux-adffrontement","7":"product_cat-ne-ratez-pas","9":"first","10":"instock","11":"taxable","12":"shipping-taxable","13":"purchasable","14":"product-type-simple"},"yoast_head":"<!-- This site is optimized with the Yoast SEO plugin v27.1.1 - https:\/\/yoast.com\/product\/yoast-seo-wordpress\/ -->\n<title>Villainous - Mauvais jusqu&#039;\u00e0 l&#039;Os - Croc Jeux<\/title>\n<meta name=\"robots\" content=\"index, follow, max-snippet:-1, max-image-preview:large, max-video-preview:-1\" \/>\n<link rel=\"canonical\" href=\"https:\/\/crocjeux.com\/index.php\/produit\/villainous-mauvais-jusqua-los\/\" \/>\n<meta property=\"og:locale\" content=\"fr_FR\" \/>\n<meta property=\"og:type\" content=\"article\" \/>\n<meta property=\"og:title\" content=\"Villainous - Mauvais jusqu&#039;\u00e0 l&#039;Os - Croc Jeux\" \/>\n<meta property=\"og:description\" content=\"Dans Villainous : Mauvais jusqu&#039;\u00e0 l&#039;os, chaque joueur prend le contr\u00f4le de l&#039;un des trois m\u00e9chants issus de films de Disney, la m\u00e9chante reine de Blanche-Neige, Had\u00e8s d&#039;Hercule et le Dr Facilier de La Princesse et la Grenouille. Chaque joueur a son propre deck de m\u00e9chants, de destin, son plateau de jeu et la figurine de son personnage .\" \/>\n<meta property=\"og:url\" content=\"https:\/\/crocjeux.com\/index.php\/produit\/villainous-mauvais-jusqua-los\/\" \/>\n<meta property=\"og:site_name\" content=\"Croc Jeux\" \/>\n<meta property=\"article:modified_time\" content=\"2023-01-24T16:26:14+00:00\" \/>\n<meta property=\"og:image\" content=\"https:\/\/crocjeux.com\/wp-content\/uploads\/2020\/10\/villainous_mauvais.png\" \/>\n\t<meta property=\"og:image:width\" content=\"512\" \/>\n\t<meta property=\"og:image:height\" content=\"869\" \/>\n\t<meta property=\"og:image:type\" content=\"image\/png\" \/>\n<meta name=\"twitter:card\" content=\"summary_large_image\" \/>\n<meta name=\"twitter:label1\" content=\"Dur\u00e9e de lecture estim\u00e9e\" \/>\n\t<meta name=\"twitter:data1\" content=\"1 minute\" \/>\n<script type=\"application\/ld+json\" class=\"yoast-schema-graph\">{\"@context\":\"https:\/\/schema.org\",\"@graph\":[{\"@type\":\"WebPage\",\"@id\":\"https:\/\/crocjeux.com\/index.php\/produit\/villainous-mauvais-jusqua-los\/\",\"url\":\"https:\/\/crocjeux.com\/index.php\/produit\/villainous-mauvais-jusqua-los\/\",\"name\":\"Villainous - Mauvais jusqu'\u00e0 l'Os - Croc Jeux\",\"isPartOf\":{\"@id\":\"https:\/\/crocjeux.com\/#website\"},\"primaryImageOfPage\":{\"@id\":\"https:\/\/crocjeux.com\/index.php\/produit\/villainous-mauvais-jusqua-los\/#primaryimage\"},\"image\":{\"@id\":\"https:\/\/crocjeux.com\/index.php\/produit\/villainous-mauvais-jusqua-los\/#primaryimage\"},\"thumbnailUrl\":\"https:\/\/crocjeux.com\/wp-content\/uploads\/2020\/10\/villainous_mauvais.png\",\"datePublished\":\"2020-10-29T10:46:24+00:00\",\"dateModified\":\"2023-01-24T16:26:14+00:00\",\"breadcrumb\":{\"@id\":\"https:\/\/crocjeux.com\/index.php\/produit\/villainous-mauvais-jusqua-los\/#breadcrumb\"},\"inLanguage\":\"fr-FR\",\"potentialAction\":[{\"@type\":\"ReadAction\",\"target\":[\"https:\/\/crocjeux.com\/index.php\/produit\/villainous-mauvais-jusqua-los\/\"]}]},{\"@type\":\"ImageObject\",\"inLanguage\":\"fr-FR\",\"@id\":\"https:\/\/crocjeux.com\/index.php\/produit\/villainous-mauvais-jusqua-los\/#primaryimage\",\"url\":\"https:\/\/crocjeux.com\/wp-content\/uploads\/2020\/10\/villainous_mauvais.png\",\"contentUrl\":\"https:\/\/crocjeux.com\/wp-content\/uploads\/2020\/10\/villainous_mauvais.png\",\"width\":512,\"height\":869},{\"@type\":\"BreadcrumbList\",\"@id\":\"https:\/\/crocjeux.com\/index.php\/produit\/villainous-mauvais-jusqua-los\/#breadcrumb\",\"itemListElement\":[{\"@type\":\"ListItem\",\"position\":1,\"name\":\"Accueil\",\"item\":\"https:\/\/crocjeux.com\/\"},{\"@type\":\"ListItem\",\"position\":2,\"name\":\"Boutique\",\"item\":\"https:\/\/crocjeux.com\/\"},{\"@type\":\"ListItem\",\"position\":3,\"name\":\"Villainous &#8211; Mauvais jusqu&#8217;\u00e0 l&#8217;Os\"}]},{\"@type\":\"WebSite\",\"@id\":\"https:\/\/crocjeux.com\/#website\",\"url\":\"https:\/\/crocjeux.com\/\",\"name\":\"Croc Jeux\",\"description\":\"Bienvenue chez Croc Jeux!\",\"publisher\":{\"@id\":\"https:\/\/crocjeux.com\/#organization\"},\"potentialAction\":[{\"@type\":\"SearchAction\",\"target\":{\"@type\":\"EntryPoint\",\"urlTemplate\":\"https:\/\/crocjeux.com\/?s={search_term_string}\"},\"query-input\":{\"@type\":\"PropertyValueSpecification\",\"valueRequired\":true,\"valueName\":\"search_term_string\"}}],\"inLanguage\":\"fr-FR\"},{\"@type\":\"Organization\",\"@id\":\"https:\/\/crocjeux.com\/#organization\",\"name\":\"Croc Jeux\",\"url\":\"https:\/\/crocjeux.com\/\",\"logo\":{\"@type\":\"ImageObject\",\"inLanguage\":\"fr-FR\",\"@id\":\"https:\/\/crocjeux.com\/#\/schema\/logo\/image\/\",\"url\":\"https:\/\/crocjeux.com\/wp-content\/uploads\/2022\/01\/cropped-logo-croc-etape-1-e1644574034239.jpg\",\"contentUrl\":\"https:\/\/crocjeux.com\/wp-content\/uploads\/2022\/01\/cropped-logo-croc-etape-1-e1644574034239.jpg\",\"width\":1224,\"height\":314,\"caption\":\"Croc Jeux\"},\"image\":{\"@id\":\"https:\/\/crocjeux.com\/#\/schema\/logo\/image\/\"}}]}<\/script>\n<!-- \/ Yoast SEO plugin. -->","yoast_head_json":{"title":"Villainous - Mauvais jusqu'\u00e0 l'Os - Croc Jeux","robots":{"index":"index","follow":"follow","max-snippet":"max-snippet:-1","max-image-preview":"max-image-preview:large","max-video-preview":"max-video-preview:-1"},"canonical":"https:\/\/crocjeux.com\/index.php\/produit\/villainous-mauvais-jusqua-los\/","og_locale":"fr_FR","og_type":"article","og_title":"Villainous - Mauvais jusqu'\u00e0 l'Os - Croc Jeux","og_description":"Dans Villainous : Mauvais jusqu'\u00e0 l'os, chaque joueur prend le contr\u00f4le de l'un des trois m\u00e9chants issus de films de Disney, la m\u00e9chante reine de Blanche-Neige, Had\u00e8s d'Hercule et le Dr Facilier de La Princesse et la Grenouille. Chaque joueur a son propre deck de m\u00e9chants, de destin, son plateau de jeu et la figurine de son personnage .","og_url":"https:\/\/crocjeux.com\/index.php\/produit\/villainous-mauvais-jusqua-los\/","og_site_name":"Croc Jeux","article_modified_time":"2023-01-24T16:26:14+00:00","og_image":[{"width":512,"height":869,"url":"https:\/\/crocjeux.com\/wp-content\/uploads\/2020\/10\/villainous_mauvais.png","type":"image\/png"}],"twitter_card":"summary_large_image","twitter_misc":{"Dur\u00e9e de lecture estim\u00e9e":"1 minute"},"schema":{"@context":"https:\/\/schema.org","@graph":[{"@type":"WebPage","@id":"https:\/\/crocjeux.com\/index.php\/produit\/villainous-mauvais-jusqua-los\/","url":"https:\/\/crocjeux.com\/index.php\/produit\/villainous-mauvais-jusqua-los\/","name":"Villainous - Mauvais jusqu'\u00e0 l'Os - Croc Jeux","isPartOf":{"@id":"https:\/\/crocjeux.com\/#website"},"primaryImageOfPage":{"@id":"https:\/\/crocjeux.com\/index.php\/produit\/villainous-mauvais-jusqua-los\/#primaryimage"},"image":{"@id":"https:\/\/crocjeux.com\/index.php\/produit\/villainous-mauvais-jusqua-los\/#primaryimage"},"thumbnailUrl":"https:\/\/crocjeux.com\/wp-content\/uploads\/2020\/10\/villainous_mauvais.png","datePublished":"2020-10-29T10:46:24+00:00","dateModified":"2023-01-24T16:26:14+00:00","breadcrumb":{"@id":"https:\/\/crocjeux.com\/index.php\/produit\/villainous-mauvais-jusqua-los\/#breadcrumb"},"inLanguage":"fr-FR","potentialAction":[{"@type":"ReadAction","target":["https:\/\/crocjeux.com\/index.php\/produit\/villainous-mauvais-jusqua-los\/"]}]},{"@type":"ImageObject","inLanguage":"fr-FR","@id":"https:\/\/crocjeux.com\/index.php\/produit\/villainous-mauvais-jusqua-los\/#primaryimage","url":"https:\/\/crocjeux.com\/wp-content\/uploads\/2020\/10\/villainous_mauvais.png","contentUrl":"https:\/\/crocjeux.com\/wp-content\/uploads\/2020\/10\/villainous_mauvais.png","width":512,"height":869},{"@type":"BreadcrumbList","@id":"https:\/\/crocjeux.com\/index.php\/produit\/villainous-mauvais-jusqua-los\/#breadcrumb","itemListElement":[{"@type":"ListItem","position":1,"name":"Accueil","item":"https:\/\/crocjeux.com\/"},{"@type":"ListItem","position":2,"name":"Boutique","item":"https:\/\/crocjeux.com\/"},{"@type":"ListItem","position":3,"name":"Villainous &#8211; Mauvais jusqu&#8217;\u00e0 l&#8217;Os"}]},{"@type":"WebSite","@id":"https:\/\/crocjeux.com\/#website","url":"https:\/\/crocjeux.com\/","name":"Croc Jeux","description":"Bienvenue chez Croc Jeux!","publisher":{"@id":"https:\/\/crocjeux.com\/#organization"},"potentialAction":[{"@type":"SearchAction","target":{"@type":"EntryPoint","urlTemplate":"https:\/\/crocjeux.com\/?s={search_term_string}"},"query-input":{"@type":"PropertyValueSpecification","valueRequired":true,"valueName":"search_term_string"}}],"inLanguage":"fr-FR"},{"@type":"Organization","@id":"https:\/\/crocjeux.com\/#organization","name":"Croc Jeux","url":"https:\/\/crocjeux.com\/","logo":{"@type":"ImageObject","inLanguage":"fr-FR","@id":"https:\/\/crocjeux.com\/#\/schema\/logo\/image\/","url":"https:\/\/crocjeux.com\/wp-content\/uploads\/2022\/01\/cropped-logo-croc-etape-1-e1644574034239.jpg","contentUrl":"https:\/\/crocjeux.com\/wp-content\/uploads\/2022\/01\/cropped-logo-croc-etape-1-e1644574034239.jpg","width":1224,"height":314,"caption":"Croc Jeux"},"image":{"@id":"https:\/\/crocjeux.com\/#\/schema\/logo\/image\/"}}]}},"_links":{"self":[{"href":"https:\/\/crocjeux.com\/index.php\/wp-json\/wp\/v2\/product\/104","targetHints":{"allow":["GET"]}}],"collection":[{"href":"https:\/\/crocjeux.com\/index.php\/wp-json\/wp\/v2\/product"}],"about":[{"href":"https:\/\/crocjeux.com\/index.php\/wp-json\/wp\/v2\/types\/product"}],"replies":[{"embeddable":true,"href":"https:\/\/crocjeux.com\/index.php\/wp-json\/wp\/v2\/comments?post=104"}],"wp:featuredmedia":[{"embeddable":true,"href":"https:\/\/crocjeux.com\/index.php\/wp-json\/wp\/v2\/media\/105"}],"wp:attachment":[{"href":"https:\/\/crocjeux.com\/index.php\/wp-json\/wp\/v2\/media?parent=104"}],"wp:term":[{"taxonomy":"product_brand","embeddable":true,"href":"https:\/\/crocjeux.com\/index.php\/wp-json\/wp\/v2\/product_brand?post=104"},{"taxonomy":"product_cat","embeddable":true,"href":"https:\/\/crocjeux.com\/index.php\/wp-json\/wp\/v2\/product_cat?post=104"},{"taxonomy":"product_tag","embeddable":true,"href":"https:\/\/crocjeux.com\/index.php\/wp-json\/wp\/v2\/product_tag?post=104"}],"curies":[{"name":"wp","href":"https:\/\/api.w.org\/{rel}","templated":true}]}}