{"id":1059,"date":"2020-11-20T13:16:59","date_gmt":"2020-11-20T12:16:59","guid":{"rendered":"https:\/\/crocjeux.com\/?post_type=product&#038;p=1059"},"modified":"2023-08-28T09:15:46","modified_gmt":"2023-08-28T08:15:46","slug":"1059","status":"publish","type":"product","link":"https:\/\/crocjeux.com\/index.php\/produit\/1059\/","title":{"rendered":"La Petite Mort &#8211; Course \u00e0 la Science"},"content":{"rendered":"<div class=\"row expanded collapse\">\n<h1 class=\"fa_designation column small-12 large-expand text-center large-text-left large-order-1 small-order-1\">La Petite Mort &#8211; Course \u00e0 la Science<\/h1>\n<\/div>\n<div class=\"row expanded collapse\">\n<div class=\"fa_bloc-avis-clients column small-12 text-center large-text-left medium-order-1 small-order-1\">\n<div class=\"actions avis-clients row collapse expanded align-center align-middle large-align-left\">\n<div class=\"action visu-note column shrink\"><\/div>\n<\/div>\n<\/div>\n<div class=\"fa_description column small-12 text-center large-12 medium-text-left medium-order-1 small-order-1\">\n<div class=\"fa_description_boite_produit\">\n<p>Nouvelle extension avec un nouveau mode de jeu&#8230;<\/p>\n<\/div>\n<p><b>Course \u00e0 la Science<\/b> est une extension pour le jeu La petite mort<\/p>\n<div class=\"column small-12\">\n<p>Avec cette extension, ce sont en fait DEUX nouvelles Extensions L\u2019une vous apporte de nouveaux \u00e9v\u00e8nements, les Accomplissement Majeurs, lorsque les Grands G\u00e9nies ach\u00e8veront leurs oeuvres, l\u2019autre, un tout nouveau mode de jeu : une course \u00e0 la Mooort !<\/p>\n<p>\u00c0 travers cette extension vont \u00abvivre\u00bb les Grands G\u00e9nies de l\u2019Histoire (12 nouvelles cartes Personnage) qui r\u00e9aliseront (ou pas !) pendant leur courte vie, un Accomplissement Majeur.<\/p>\n<p>Les Accomplissements Majeurs (12 nouvelles cartes) apportent pendant la partie des effets plut\u00f4t b\u00e9n\u00e9fiques \u00e0 ceux qui les piocheront. **Cross Contry de la Mort (CCDLM)** : Ce nouveau mode de jeu remplace le syst\u00e8me des Dipl\u00f4mes. Il s\u2019agit d\u2019une course en 8 \u00e9tapes dont le but est bien entendu d\u2019atteindre le premier la fin du parcours.<\/p>\n<\/div>\n<\/div>\n<\/div>\n","protected":false},"excerpt":{"rendered":"<p>La Petite Mort &#8211; Course \u00e0 la Science Nouvelle extension avec un nouveau mode de jeu&#8230; Course \u00e0 la Science<\/p>\n","protected":false},"featured_media":1060,"comment_status":"open","ping_status":"closed","template":"","meta":{"colormag_page_container_layout":"default_layout","colormag_page_sidebar_layout":"default_layout"},"product_brand":[],"product_cat":[77,96,97],"product_tag":[],"class_list":{"0":"post-1059","1":"product","2":"type-product","3":"status-publish","4":"has-post-thumbnail","6":"product_cat-petite-mort-jeux-a-deux","7":"product_cat-la-petite-mort-jeux-ambiance","8":"product_cat-la-petite-mort-jeux-strategie","10":"first","11":"instock","12":"taxable","13":"shipping-taxable","14":"purchasable","15":"product-type-simple"},"yoast_head":"<!-- This site is optimized with the Yoast SEO plugin v27.4 - https:\/\/yoast.com\/product\/yoast-seo-wordpress\/ -->\n<title>La Petite Mort - Course \u00e0 la Science - Croc Jeux<\/title>\n<meta name=\"robots\" content=\"index, follow, max-snippet:-1, max-image-preview:large, max-video-preview:-1\" \/>\n<link rel=\"canonical\" href=\"https:\/\/crocjeux.com\/index.php\/produit\/1059\/\" \/>\n<meta property=\"og:locale\" content=\"fr_FR\" \/>\n<meta property=\"og:type\" content=\"article\" \/>\n<meta property=\"og:title\" content=\"La Petite Mort - Course \u00e0 la Science - Croc Jeux\" \/>\n<meta property=\"og:description\" content=\"La Petite Mort &#8211; Course \u00e0 la Science Nouvelle extension avec un nouveau mode de jeu&#8230; Course \u00e0 la Science\" \/>\n<meta property=\"og:url\" content=\"https:\/\/crocjeux.com\/index.php\/produit\/1059\/\" \/>\n<meta property=\"og:site_name\" content=\"Croc Jeux\" \/>\n<meta property=\"article:modified_time\" content=\"2023-08-28T08:15:46+00:00\" \/>\n<meta property=\"og:image\" content=\"https:\/\/crocjeux.com\/wp-content\/uploads\/2020\/11\/la-petite-mort-extension-les-grands-genies.jpg\" \/>\n\t<meta property=\"og:image:width\" content=\"1024\" \/>\n\t<meta property=\"og:image:height\" content=\"1024\" \/>\n\t<meta property=\"og:image:type\" content=\"image\/jpeg\" \/>\n<meta name=\"twitter:card\" content=\"summary_large_image\" \/>\n<meta name=\"twitter:label1\" content=\"Dur\u00e9e de lecture estim\u00e9e\" \/>\n\t<meta name=\"twitter:data1\" content=\"1 minute\" \/>\n<script type=\"application\/ld+json\" class=\"yoast-schema-graph\">{\"@context\":\"https:\\\/\\\/schema.org\",\"@graph\":[{\"@type\":\"WebPage\",\"@id\":\"https:\\\/\\\/crocjeux.com\\\/index.php\\\/produit\\\/1059\\\/\",\"url\":\"https:\\\/\\\/crocjeux.com\\\/index.php\\\/produit\\\/1059\\\/\",\"name\":\"La Petite Mort - Course \u00e0 la Science - Croc Jeux\",\"isPartOf\":{\"@id\":\"https:\\\/\\\/crocjeux.com\\\/#website\"},\"primaryImageOfPage\":{\"@id\":\"https:\\\/\\\/crocjeux.com\\\/index.php\\\/produit\\\/1059\\\/#primaryimage\"},\"image\":{\"@id\":\"https:\\\/\\\/crocjeux.com\\\/index.php\\\/produit\\\/1059\\\/#primaryimage\"},\"thumbnailUrl\":\"https:\\\/\\\/crocjeux.com\\\/wp-content\\\/uploads\\\/2020\\\/11\\\/la-petite-mort-extension-les-grands-genies.jpg\",\"datePublished\":\"2020-11-20T12:16:59+00:00\",\"dateModified\":\"2023-08-28T08:15:46+00:00\",\"breadcrumb\":{\"@id\":\"https:\\\/\\\/crocjeux.com\\\/index.php\\\/produit\\\/1059\\\/#breadcrumb\"},\"inLanguage\":\"fr-FR\",\"potentialAction\":[{\"@type\":\"ReadAction\",\"target\":[\"https:\\\/\\\/crocjeux.com\\\/index.php\\\/produit\\\/1059\\\/\"]}]},{\"@type\":\"ImageObject\",\"inLanguage\":\"fr-FR\",\"@id\":\"https:\\\/\\\/crocjeux.com\\\/index.php\\\/produit\\\/1059\\\/#primaryimage\",\"url\":\"https:\\\/\\\/crocjeux.com\\\/wp-content\\\/uploads\\\/2020\\\/11\\\/la-petite-mort-extension-les-grands-genies.jpg\",\"contentUrl\":\"https:\\\/\\\/crocjeux.com\\\/wp-content\\\/uploads\\\/2020\\\/11\\\/la-petite-mort-extension-les-grands-genies.jpg\",\"width\":1024,\"height\":1024},{\"@type\":\"BreadcrumbList\",\"@id\":\"https:\\\/\\\/crocjeux.com\\\/index.php\\\/produit\\\/1059\\\/#breadcrumb\",\"itemListElement\":[{\"@type\":\"ListItem\",\"position\":1,\"name\":\"Accueil\",\"item\":\"https:\\\/\\\/crocjeux.com\\\/\"},{\"@type\":\"ListItem\",\"position\":2,\"name\":\"Boutique\",\"item\":\"https:\\\/\\\/crocjeux.com\\\/\"},{\"@type\":\"ListItem\",\"position\":3,\"name\":\"La Petite Mort &#8211; Course \u00e0 la Science\"}]},{\"@type\":\"WebSite\",\"@id\":\"https:\\\/\\\/crocjeux.com\\\/#website\",\"url\":\"https:\\\/\\\/crocjeux.com\\\/\",\"name\":\"Croc Jeux\",\"description\":\"Bienvenue chez Croc Jeux!\",\"publisher\":{\"@id\":\"https:\\\/\\\/crocjeux.com\\\/#organization\"},\"potentialAction\":[{\"@type\":\"SearchAction\",\"target\":{\"@type\":\"EntryPoint\",\"urlTemplate\":\"https:\\\/\\\/crocjeux.com\\\/?s={search_term_string}\"},\"query-input\":{\"@type\":\"PropertyValueSpecification\",\"valueRequired\":true,\"valueName\":\"search_term_string\"}}],\"inLanguage\":\"fr-FR\"},{\"@type\":\"Organization\",\"@id\":\"https:\\\/\\\/crocjeux.com\\\/#organization\",\"name\":\"Croc Jeux\",\"url\":\"https:\\\/\\\/crocjeux.com\\\/\",\"logo\":{\"@type\":\"ImageObject\",\"inLanguage\":\"fr-FR\",\"@id\":\"https:\\\/\\\/crocjeux.com\\\/#\\\/schema\\\/logo\\\/image\\\/\",\"url\":\"https:\\\/\\\/crocjeux.com\\\/wp-content\\\/uploads\\\/2022\\\/01\\\/cropped-logo-croc-etape-1-e1644574034239.jpg\",\"contentUrl\":\"https:\\\/\\\/crocjeux.com\\\/wp-content\\\/uploads\\\/2022\\\/01\\\/cropped-logo-croc-etape-1-e1644574034239.jpg\",\"width\":1224,\"height\":314,\"caption\":\"Croc Jeux\"},\"image\":{\"@id\":\"https:\\\/\\\/crocjeux.com\\\/#\\\/schema\\\/logo\\\/image\\\/\"}}]}<\/script>\n<!-- \/ Yoast SEO plugin. -->","yoast_head_json":{"title":"La Petite Mort - Course \u00e0 la Science - Croc Jeux","robots":{"index":"index","follow":"follow","max-snippet":"max-snippet:-1","max-image-preview":"max-image-preview:large","max-video-preview":"max-video-preview:-1"},"canonical":"https:\/\/crocjeux.com\/index.php\/produit\/1059\/","og_locale":"fr_FR","og_type":"article","og_title":"La Petite Mort - Course \u00e0 la Science - Croc Jeux","og_description":"La Petite Mort &#8211; Course \u00e0 la Science Nouvelle extension avec un nouveau mode de jeu&#8230; Course \u00e0 la Science","og_url":"https:\/\/crocjeux.com\/index.php\/produit\/1059\/","og_site_name":"Croc Jeux","article_modified_time":"2023-08-28T08:15:46+00:00","og_image":[{"width":1024,"height":1024,"url":"https:\/\/crocjeux.com\/wp-content\/uploads\/2020\/11\/la-petite-mort-extension-les-grands-genies.jpg","type":"image\/jpeg"}],"twitter_card":"summary_large_image","twitter_misc":{"Dur\u00e9e de lecture estim\u00e9e":"1 minute"},"schema":{"@context":"https:\/\/schema.org","@graph":[{"@type":"WebPage","@id":"https:\/\/crocjeux.com\/index.php\/produit\/1059\/","url":"https:\/\/crocjeux.com\/index.php\/produit\/1059\/","name":"La Petite Mort - Course \u00e0 la Science - Croc Jeux","isPartOf":{"@id":"https:\/\/crocjeux.com\/#website"},"primaryImageOfPage":{"@id":"https:\/\/crocjeux.com\/index.php\/produit\/1059\/#primaryimage"},"image":{"@id":"https:\/\/crocjeux.com\/index.php\/produit\/1059\/#primaryimage"},"thumbnailUrl":"https:\/\/crocjeux.com\/wp-content\/uploads\/2020\/11\/la-petite-mort-extension-les-grands-genies.jpg","datePublished":"2020-11-20T12:16:59+00:00","dateModified":"2023-08-28T08:15:46+00:00","breadcrumb":{"@id":"https:\/\/crocjeux.com\/index.php\/produit\/1059\/#breadcrumb"},"inLanguage":"fr-FR","potentialAction":[{"@type":"ReadAction","target":["https:\/\/crocjeux.com\/index.php\/produit\/1059\/"]}]},{"@type":"ImageObject","inLanguage":"fr-FR","@id":"https:\/\/crocjeux.com\/index.php\/produit\/1059\/#primaryimage","url":"https:\/\/crocjeux.com\/wp-content\/uploads\/2020\/11\/la-petite-mort-extension-les-grands-genies.jpg","contentUrl":"https:\/\/crocjeux.com\/wp-content\/uploads\/2020\/11\/la-petite-mort-extension-les-grands-genies.jpg","width":1024,"height":1024},{"@type":"BreadcrumbList","@id":"https:\/\/crocjeux.com\/index.php\/produit\/1059\/#breadcrumb","itemListElement":[{"@type":"ListItem","position":1,"name":"Accueil","item":"https:\/\/crocjeux.com\/"},{"@type":"ListItem","position":2,"name":"Boutique","item":"https:\/\/crocjeux.com\/"},{"@type":"ListItem","position":3,"name":"La Petite Mort &#8211; Course \u00e0 la Science"}]},{"@type":"WebSite","@id":"https:\/\/crocjeux.com\/#website","url":"https:\/\/crocjeux.com\/","name":"Croc Jeux","description":"Bienvenue chez Croc Jeux!","publisher":{"@id":"https:\/\/crocjeux.com\/#organization"},"potentialAction":[{"@type":"SearchAction","target":{"@type":"EntryPoint","urlTemplate":"https:\/\/crocjeux.com\/?s={search_term_string}"},"query-input":{"@type":"PropertyValueSpecification","valueRequired":true,"valueName":"search_term_string"}}],"inLanguage":"fr-FR"},{"@type":"Organization","@id":"https:\/\/crocjeux.com\/#organization","name":"Croc Jeux","url":"https:\/\/crocjeux.com\/","logo":{"@type":"ImageObject","inLanguage":"fr-FR","@id":"https:\/\/crocjeux.com\/#\/schema\/logo\/image\/","url":"https:\/\/crocjeux.com\/wp-content\/uploads\/2022\/01\/cropped-logo-croc-etape-1-e1644574034239.jpg","contentUrl":"https:\/\/crocjeux.com\/wp-content\/uploads\/2022\/01\/cropped-logo-croc-etape-1-e1644574034239.jpg","width":1224,"height":314,"caption":"Croc Jeux"},"image":{"@id":"https:\/\/crocjeux.com\/#\/schema\/logo\/image\/"}}]}},"_links":{"self":[{"href":"https:\/\/crocjeux.com\/index.php\/wp-json\/wp\/v2\/product\/1059","targetHints":{"allow":["GET"]}}],"collection":[{"href":"https:\/\/crocjeux.com\/index.php\/wp-json\/wp\/v2\/product"}],"about":[{"href":"https:\/\/crocjeux.com\/index.php\/wp-json\/wp\/v2\/types\/product"}],"replies":[{"embeddable":true,"href":"https:\/\/crocjeux.com\/index.php\/wp-json\/wp\/v2\/comments?post=1059"}],"wp:featuredmedia":[{"embeddable":true,"href":"https:\/\/crocjeux.com\/index.php\/wp-json\/wp\/v2\/media\/1060"}],"wp:attachment":[{"href":"https:\/\/crocjeux.com\/index.php\/wp-json\/wp\/v2\/media?parent=1059"}],"wp:term":[{"taxonomy":"product_brand","embeddable":true,"href":"https:\/\/crocjeux.com\/index.php\/wp-json\/wp\/v2\/product_brand?post=1059"},{"taxonomy":"product_cat","embeddable":true,"href":"https:\/\/crocjeux.com\/index.php\/wp-json\/wp\/v2\/product_cat?post=1059"},{"taxonomy":"product_tag","embeddable":true,"href":"https:\/\/crocjeux.com\/index.php\/wp-json\/wp\/v2\/product_tag?post=1059"}],"curies":[{"name":"wp","href":"https:\/\/api.w.org\/{rel}","templated":true}]}}