{"id":1062,"date":"2020-11-20T19:11:41","date_gmt":"2020-11-20T18:11:41","guid":{"rendered":"https:\/\/crocjeux.com\/?post_type=product&#038;p=1062"},"modified":"2023-01-31T11:05:23","modified_gmt":"2023-01-31T10:05:23","slug":"chateau-logique","status":"publish","type":"product","link":"https:\/\/crocjeux.com\/index.php\/produit\/chateau-logique\/","title":{"rendered":"Ch\u00e2teau Logique"},"content":{"rendered":"<p>La Belle au bois dormant demande un nouveau ch\u00e2teau&#8230; Et elle a beaucoup d&rsquo;imagination!<\/p>\n<p>Avant de s&rsquo;engager dans des \u00e9tudes d&rsquo;architecture, il est bon de tester ses comp\u00e9tences en la mati\u00e8re d\u00e8s son plus jeune \u00e2ge&#8230;<\/p>\n<p>R\u00e9aliser des ch\u00e2teaux logiques est une approche int\u00e9ressante ! Muni de 4 blocs de bois, utilisables aussi bien \u00e0 la verticale qu&rsquo;\u00e0 l&rsquo;horizontal et de 3 tours de diff\u00e9rentes tailles, le jeune architecte devra reproduire le mod\u00e8le de ch\u00e2teau qui lui est donn\u00e9. A lui de trouver le montage des pi\u00e8ces pour y arriver.<\/p>\n<p>48 d\u00e9fis et 4 niveaux de difficult\u00e9 sont propos\u00e9s pour convenir \u00e0 toute la famille.<\/p>\n<p>Le Starter permet une d\u00e9couverte du principe du jeu en douceur, n\u00e9cessitant la pr\u00e9sence de 3 blocs.<\/p>\n<p>Le Junior en exigera 4.<\/p>\n<p>L&rsquo;Expert am\u00e8nera la notion d&rsquo;\u00e9quilibre.<\/p>\n<p>Enfin, le Master aura pour seule illustration le contour final, sans couleur permettant de distinguer les pi\u00e8ces utilis\u00e9es.<\/p>\n<p>Chaque solution se trouve au dos du d\u00e9fi choisi, pour ne pas lasser le joueur.<\/p>\n<p>But du jeu : Trouver la bonne position des pi\u00e8ces en bois pour r\u00e9aliser le chateau demand\u00e9 Niveau : 48 d\u00e9fis, 4 niveaux de difficult\u00e9, \u00e0 partir de 3 ans.<\/p>\n<p><strong>Contenu:<\/strong><\/p>\n<ul>\n<li>4 Blocs r\u00e9versibles<\/li>\n<li>3 Tours de tailles diff\u00e9rentes<\/li>\n<li>1 Livret de r\u00e8gles<\/li>\n<li>48 D\u00e9fis et leurs solutions<\/li>\n<\/ul>\n","protected":false},"excerpt":{"rendered":"<p>La Belle au bois dormant demande un nouveau ch\u00e2teau&#8230; Et elle a beaucoup d&rsquo;imagination! Avant de s&rsquo;engager dans des \u00e9tudes<\/p>\n","protected":false},"featured_media":1063,"comment_status":"open","ping_status":"closed","template":"","meta":{"colormag_page_container_layout":"default_layout","colormag_page_sidebar_layout":"default_layout"},"product_brand":[],"product_cat":[27,33],"product_tag":[],"class_list":{"0":"post-1062","1":"product","2":"type-product","3":"status-publish","4":"has-post-thumbnail","6":"product_cat-jeux_casses_tetes","7":"product_cat-jeux-enfants","9":"first","10":"instock","11":"taxable","12":"shipping-taxable","13":"purchasable","14":"product-type-simple"},"yoast_head":"<!-- This site is optimized with the Yoast SEO plugin v27.4 - https:\/\/yoast.com\/product\/yoast-seo-wordpress\/ -->\n<title>Ch\u00e2teau Logique - Croc Jeux<\/title>\n<meta name=\"robots\" content=\"index, follow, max-snippet:-1, max-image-preview:large, max-video-preview:-1\" \/>\n<link rel=\"canonical\" href=\"https:\/\/crocjeux.com\/index.php\/produit\/chateau-logique\/\" \/>\n<meta property=\"og:locale\" content=\"fr_FR\" \/>\n<meta property=\"og:type\" content=\"article\" \/>\n<meta property=\"og:title\" content=\"Ch\u00e2teau Logique - Croc Jeux\" \/>\n<meta property=\"og:description\" content=\"La Belle au bois dormant demande un nouveau ch\u00e2teau&#8230; Et elle a beaucoup d&rsquo;imagination! Avant de s&rsquo;engager dans des \u00e9tudes\" \/>\n<meta property=\"og:url\" content=\"https:\/\/crocjeux.com\/index.php\/produit\/chateau-logique\/\" \/>\n<meta property=\"og:site_name\" content=\"Croc Jeux\" \/>\n<meta property=\"article:modified_time\" content=\"2023-01-31T10:05:23+00:00\" \/>\n<meta property=\"og:image\" content=\"https:\/\/crocjeux.com\/wp-content\/uploads\/2020\/11\/chateau-logique-p-image-60412-moyenne.jpg\" \/>\n\t<meta property=\"og:image:width\" content=\"400\" \/>\n\t<meta property=\"og:image:height\" content=\"374\" \/>\n\t<meta property=\"og:image:type\" content=\"image\/jpeg\" \/>\n<meta name=\"twitter:card\" content=\"summary_large_image\" \/>\n<meta name=\"twitter:label1\" content=\"Dur\u00e9e de lecture estim\u00e9e\" \/>\n\t<meta name=\"twitter:data1\" content=\"1 minute\" \/>\n<script type=\"application\/ld+json\" class=\"yoast-schema-graph\">{\"@context\":\"https:\\\/\\\/schema.org\",\"@graph\":[{\"@type\":\"WebPage\",\"@id\":\"https:\\\/\\\/crocjeux.com\\\/index.php\\\/produit\\\/chateau-logique\\\/\",\"url\":\"https:\\\/\\\/crocjeux.com\\\/index.php\\\/produit\\\/chateau-logique\\\/\",\"name\":\"Ch\u00e2teau Logique - Croc Jeux\",\"isPartOf\":{\"@id\":\"https:\\\/\\\/crocjeux.com\\\/#website\"},\"primaryImageOfPage\":{\"@id\":\"https:\\\/\\\/crocjeux.com\\\/index.php\\\/produit\\\/chateau-logique\\\/#primaryimage\"},\"image\":{\"@id\":\"https:\\\/\\\/crocjeux.com\\\/index.php\\\/produit\\\/chateau-logique\\\/#primaryimage\"},\"thumbnailUrl\":\"https:\\\/\\\/crocjeux.com\\\/wp-content\\\/uploads\\\/2020\\\/11\\\/chateau-logique-p-image-60412-moyenne.jpg\",\"datePublished\":\"2020-11-20T18:11:41+00:00\",\"dateModified\":\"2023-01-31T10:05:23+00:00\",\"breadcrumb\":{\"@id\":\"https:\\\/\\\/crocjeux.com\\\/index.php\\\/produit\\\/chateau-logique\\\/#breadcrumb\"},\"inLanguage\":\"fr-FR\",\"potentialAction\":[{\"@type\":\"ReadAction\",\"target\":[\"https:\\\/\\\/crocjeux.com\\\/index.php\\\/produit\\\/chateau-logique\\\/\"]}]},{\"@type\":\"ImageObject\",\"inLanguage\":\"fr-FR\",\"@id\":\"https:\\\/\\\/crocjeux.com\\\/index.php\\\/produit\\\/chateau-logique\\\/#primaryimage\",\"url\":\"https:\\\/\\\/crocjeux.com\\\/wp-content\\\/uploads\\\/2020\\\/11\\\/chateau-logique-p-image-60412-moyenne.jpg\",\"contentUrl\":\"https:\\\/\\\/crocjeux.com\\\/wp-content\\\/uploads\\\/2020\\\/11\\\/chateau-logique-p-image-60412-moyenne.jpg\",\"width\":400,\"height\":374},{\"@type\":\"BreadcrumbList\",\"@id\":\"https:\\\/\\\/crocjeux.com\\\/index.php\\\/produit\\\/chateau-logique\\\/#breadcrumb\",\"itemListElement\":[{\"@type\":\"ListItem\",\"position\":1,\"name\":\"Accueil\",\"item\":\"https:\\\/\\\/crocjeux.com\\\/\"},{\"@type\":\"ListItem\",\"position\":2,\"name\":\"Boutique\",\"item\":\"https:\\\/\\\/crocjeux.com\\\/\"},{\"@type\":\"ListItem\",\"position\":3,\"name\":\"Ch\u00e2teau Logique\"}]},{\"@type\":\"WebSite\",\"@id\":\"https:\\\/\\\/crocjeux.com\\\/#website\",\"url\":\"https:\\\/\\\/crocjeux.com\\\/\",\"name\":\"Croc Jeux\",\"description\":\"Bienvenue chez Croc Jeux!\",\"publisher\":{\"@id\":\"https:\\\/\\\/crocjeux.com\\\/#organization\"},\"potentialAction\":[{\"@type\":\"SearchAction\",\"target\":{\"@type\":\"EntryPoint\",\"urlTemplate\":\"https:\\\/\\\/crocjeux.com\\\/?s={search_term_string}\"},\"query-input\":{\"@type\":\"PropertyValueSpecification\",\"valueRequired\":true,\"valueName\":\"search_term_string\"}}],\"inLanguage\":\"fr-FR\"},{\"@type\":\"Organization\",\"@id\":\"https:\\\/\\\/crocjeux.com\\\/#organization\",\"name\":\"Croc Jeux\",\"url\":\"https:\\\/\\\/crocjeux.com\\\/\",\"logo\":{\"@type\":\"ImageObject\",\"inLanguage\":\"fr-FR\",\"@id\":\"https:\\\/\\\/crocjeux.com\\\/#\\\/schema\\\/logo\\\/image\\\/\",\"url\":\"https:\\\/\\\/crocjeux.com\\\/wp-content\\\/uploads\\\/2022\\\/01\\\/cropped-logo-croc-etape-1-e1644574034239.jpg\",\"contentUrl\":\"https:\\\/\\\/crocjeux.com\\\/wp-content\\\/uploads\\\/2022\\\/01\\\/cropped-logo-croc-etape-1-e1644574034239.jpg\",\"width\":1224,\"height\":314,\"caption\":\"Croc Jeux\"},\"image\":{\"@id\":\"https:\\\/\\\/crocjeux.com\\\/#\\\/schema\\\/logo\\\/image\\\/\"}}]}<\/script>\n<!-- \/ Yoast SEO plugin. -->","yoast_head_json":{"title":"Ch\u00e2teau Logique - Croc Jeux","robots":{"index":"index","follow":"follow","max-snippet":"max-snippet:-1","max-image-preview":"max-image-preview:large","max-video-preview":"max-video-preview:-1"},"canonical":"https:\/\/crocjeux.com\/index.php\/produit\/chateau-logique\/","og_locale":"fr_FR","og_type":"article","og_title":"Ch\u00e2teau Logique - Croc Jeux","og_description":"La Belle au bois dormant demande un nouveau ch\u00e2teau&#8230; Et elle a beaucoup d&rsquo;imagination! Avant de s&rsquo;engager dans des \u00e9tudes","og_url":"https:\/\/crocjeux.com\/index.php\/produit\/chateau-logique\/","og_site_name":"Croc Jeux","article_modified_time":"2023-01-31T10:05:23+00:00","og_image":[{"width":400,"height":374,"url":"https:\/\/crocjeux.com\/wp-content\/uploads\/2020\/11\/chateau-logique-p-image-60412-moyenne.jpg","type":"image\/jpeg"}],"twitter_card":"summary_large_image","twitter_misc":{"Dur\u00e9e de lecture estim\u00e9e":"1 minute"},"schema":{"@context":"https:\/\/schema.org","@graph":[{"@type":"WebPage","@id":"https:\/\/crocjeux.com\/index.php\/produit\/chateau-logique\/","url":"https:\/\/crocjeux.com\/index.php\/produit\/chateau-logique\/","name":"Ch\u00e2teau Logique - Croc Jeux","isPartOf":{"@id":"https:\/\/crocjeux.com\/#website"},"primaryImageOfPage":{"@id":"https:\/\/crocjeux.com\/index.php\/produit\/chateau-logique\/#primaryimage"},"image":{"@id":"https:\/\/crocjeux.com\/index.php\/produit\/chateau-logique\/#primaryimage"},"thumbnailUrl":"https:\/\/crocjeux.com\/wp-content\/uploads\/2020\/11\/chateau-logique-p-image-60412-moyenne.jpg","datePublished":"2020-11-20T18:11:41+00:00","dateModified":"2023-01-31T10:05:23+00:00","breadcrumb":{"@id":"https:\/\/crocjeux.com\/index.php\/produit\/chateau-logique\/#breadcrumb"},"inLanguage":"fr-FR","potentialAction":[{"@type":"ReadAction","target":["https:\/\/crocjeux.com\/index.php\/produit\/chateau-logique\/"]}]},{"@type":"ImageObject","inLanguage":"fr-FR","@id":"https:\/\/crocjeux.com\/index.php\/produit\/chateau-logique\/#primaryimage","url":"https:\/\/crocjeux.com\/wp-content\/uploads\/2020\/11\/chateau-logique-p-image-60412-moyenne.jpg","contentUrl":"https:\/\/crocjeux.com\/wp-content\/uploads\/2020\/11\/chateau-logique-p-image-60412-moyenne.jpg","width":400,"height":374},{"@type":"BreadcrumbList","@id":"https:\/\/crocjeux.com\/index.php\/produit\/chateau-logique\/#breadcrumb","itemListElement":[{"@type":"ListItem","position":1,"name":"Accueil","item":"https:\/\/crocjeux.com\/"},{"@type":"ListItem","position":2,"name":"Boutique","item":"https:\/\/crocjeux.com\/"},{"@type":"ListItem","position":3,"name":"Ch\u00e2teau Logique"}]},{"@type":"WebSite","@id":"https:\/\/crocjeux.com\/#website","url":"https:\/\/crocjeux.com\/","name":"Croc Jeux","description":"Bienvenue chez Croc Jeux!","publisher":{"@id":"https:\/\/crocjeux.com\/#organization"},"potentialAction":[{"@type":"SearchAction","target":{"@type":"EntryPoint","urlTemplate":"https:\/\/crocjeux.com\/?s={search_term_string}"},"query-input":{"@type":"PropertyValueSpecification","valueRequired":true,"valueName":"search_term_string"}}],"inLanguage":"fr-FR"},{"@type":"Organization","@id":"https:\/\/crocjeux.com\/#organization","name":"Croc Jeux","url":"https:\/\/crocjeux.com\/","logo":{"@type":"ImageObject","inLanguage":"fr-FR","@id":"https:\/\/crocjeux.com\/#\/schema\/logo\/image\/","url":"https:\/\/crocjeux.com\/wp-content\/uploads\/2022\/01\/cropped-logo-croc-etape-1-e1644574034239.jpg","contentUrl":"https:\/\/crocjeux.com\/wp-content\/uploads\/2022\/01\/cropped-logo-croc-etape-1-e1644574034239.jpg","width":1224,"height":314,"caption":"Croc Jeux"},"image":{"@id":"https:\/\/crocjeux.com\/#\/schema\/logo\/image\/"}}]}},"_links":{"self":[{"href":"https:\/\/crocjeux.com\/index.php\/wp-json\/wp\/v2\/product\/1062","targetHints":{"allow":["GET"]}}],"collection":[{"href":"https:\/\/crocjeux.com\/index.php\/wp-json\/wp\/v2\/product"}],"about":[{"href":"https:\/\/crocjeux.com\/index.php\/wp-json\/wp\/v2\/types\/product"}],"replies":[{"embeddable":true,"href":"https:\/\/crocjeux.com\/index.php\/wp-json\/wp\/v2\/comments?post=1062"}],"wp:featuredmedia":[{"embeddable":true,"href":"https:\/\/crocjeux.com\/index.php\/wp-json\/wp\/v2\/media\/1063"}],"wp:attachment":[{"href":"https:\/\/crocjeux.com\/index.php\/wp-json\/wp\/v2\/media?parent=1062"}],"wp:term":[{"taxonomy":"product_brand","embeddable":true,"href":"https:\/\/crocjeux.com\/index.php\/wp-json\/wp\/v2\/product_brand?post=1062"},{"taxonomy":"product_cat","embeddable":true,"href":"https:\/\/crocjeux.com\/index.php\/wp-json\/wp\/v2\/product_cat?post=1062"},{"taxonomy":"product_tag","embeddable":true,"href":"https:\/\/crocjeux.com\/index.php\/wp-json\/wp\/v2\/product_tag?post=1062"}],"curies":[{"name":"wp","href":"https:\/\/api.w.org\/{rel}","templated":true}]}}