{"id":1116,"date":"2020-11-21T10:25:11","date_gmt":"2020-11-21T09:25:11","guid":{"rendered":"https:\/\/crocjeux.com\/?post_type=product&#038;p=1116"},"modified":"2023-01-31T11:09:19","modified_gmt":"2023-01-31T10:09:19","slug":"camelot-jr","status":"publish","type":"product","link":"https:\/\/crocjeux.com\/index.php\/produit\/camelot-jr\/","title":{"rendered":"Camelot Jr"},"content":{"rendered":"<p>Une Princesse \u00e0 sauver?<\/p>\n<p>Vite Chevalier, cours \u00e0 sa rescousse!<\/p>\n<p>Il \u00e9tait une fois une Princesse et un Chevalier qui devaient trouver leur chemin pour se rencontrer&#8230;<\/p>\n<p>Cela pourrait \u00eatre le d\u00e9but d&rsquo;une belle histoire?<\/p>\n<p>Alors pour bien la commencer, essayons d&rsquo;abord de r\u00e9unir les personnages principaux!<\/p>\n<p>Pour cela, vous choisirez un d\u00e9fi et n&rsquo;utiliserez que les pi\u00e8ces demand\u00e9es pour permettre \u00e0 l&rsquo;un de rejoindre l&rsquo;autre.<\/p>\n<p>Mais vous devrez faire attention \u00e0 ce que le chemin en question soit praticable et sans danger!<\/p>\n<p>Combiner au mieux le sens des pi\u00e8ces et leurs formes pour constituer des escaliers ou ponts sur lesquels puisse marcher votre h\u00e9ros.<\/p>\n<p>Car, tout h\u00e9ros qu&rsquo;il soit, il ne sait ni grimper, ni sauter!<\/p>\n<p>48 d\u00e9fis r\u00e9partis en 4 niveaux \u00e9volutifs raviront petits et grands selon leur \u00e2ge et patience.<\/p>\n<p>Le nombre de pi\u00e8ces \u00e0 utiliser varie selon la difficult\u00e9. Les adultes ne seront pas en reste face aux d\u00e9fis master!<\/p>\n<p>Et n&rsquo;oubliez pas qu&rsquo;\u00e0 la fin, ils doivent vivre heureux et avoir beaucoup d&rsquo;enfants!<\/p>\n<p>But du jeu : Construire un chemin pour permettre au Chevalier de rejoindre la Princesse.<\/p>\n<p>Niveau : 48 d\u00e9fis, 4 niveaux de difficult\u00e9, \u00e0 partir de 4 ans.<\/p>\n<p><strong>Contenu:<\/strong><\/p>\n<ul>\n<li>1 Base de jeu<\/li>\n<li>8 Pi\u00e8ces soit 4 tours, 3 escaliers, 1 pont<\/li>\n<li>2 Personnages1<\/li>\n<li>1 Livret de r\u00e8gles<\/li>\n<li>1 Livret de 48 d\u00e9fis et leurs solutions<\/li>\n<\/ul>\n","protected":false},"excerpt":{"rendered":"<p>Une Princesse \u00e0 sauver? Vite Chevalier, cours \u00e0 sa rescousse! Il \u00e9tait une fois une Princesse et un Chevalier qui<\/p>\n","protected":false},"featured_media":1117,"comment_status":"open","ping_status":"closed","template":"","meta":{"colormag_page_container_layout":"default_layout","colormag_page_sidebar_layout":"default_layout"},"product_brand":[],"product_cat":[27,33],"product_tag":[],"class_list":{"0":"post-1116","1":"product","2":"type-product","3":"status-publish","4":"has-post-thumbnail","6":"product_cat-jeux_casses_tetes","7":"product_cat-jeux-enfants","9":"first","10":"instock","11":"taxable","12":"shipping-taxable","13":"purchasable","14":"product-type-simple"},"yoast_head":"<!-- This site is optimized with the Yoast SEO plugin v27.4 - https:\/\/yoast.com\/product\/yoast-seo-wordpress\/ -->\n<title>Camelot Jr - Croc Jeux<\/title>\n<meta name=\"robots\" content=\"index, follow, max-snippet:-1, max-image-preview:large, max-video-preview:-1\" \/>\n<link rel=\"canonical\" href=\"https:\/\/crocjeux.com\/index.php\/produit\/camelot-jr\/\" \/>\n<meta property=\"og:locale\" content=\"fr_FR\" \/>\n<meta property=\"og:type\" content=\"article\" \/>\n<meta property=\"og:title\" content=\"Camelot Jr - Croc Jeux\" \/>\n<meta property=\"og:description\" content=\"Une Princesse \u00e0 sauver? Vite Chevalier, cours \u00e0 sa rescousse! Il \u00e9tait une fois une Princesse et un Chevalier qui\" \/>\n<meta property=\"og:url\" content=\"https:\/\/crocjeux.com\/index.php\/produit\/camelot-jr\/\" \/>\n<meta property=\"og:site_name\" content=\"Croc Jeux\" \/>\n<meta property=\"article:modified_time\" content=\"2023-01-31T10:09:19+00:00\" \/>\n<meta property=\"og:image\" content=\"https:\/\/crocjeux.com\/wp-content\/uploads\/2020\/11\/camelot-jr-p-image-60407-grande.jpg\" \/>\n\t<meta property=\"og:image:width\" content=\"750\" \/>\n\t<meta property=\"og:image:height\" content=\"672\" \/>\n\t<meta property=\"og:image:type\" content=\"image\/jpeg\" \/>\n<meta name=\"twitter:card\" content=\"summary_large_image\" \/>\n<meta name=\"twitter:label1\" content=\"Dur\u00e9e de lecture estim\u00e9e\" \/>\n\t<meta name=\"twitter:data1\" content=\"1 minute\" \/>\n<script type=\"application\/ld+json\" class=\"yoast-schema-graph\">{\"@context\":\"https:\\\/\\\/schema.org\",\"@graph\":[{\"@type\":\"WebPage\",\"@id\":\"https:\\\/\\\/crocjeux.com\\\/index.php\\\/produit\\\/camelot-jr\\\/\",\"url\":\"https:\\\/\\\/crocjeux.com\\\/index.php\\\/produit\\\/camelot-jr\\\/\",\"name\":\"Camelot Jr - Croc Jeux\",\"isPartOf\":{\"@id\":\"https:\\\/\\\/crocjeux.com\\\/#website\"},\"primaryImageOfPage\":{\"@id\":\"https:\\\/\\\/crocjeux.com\\\/index.php\\\/produit\\\/camelot-jr\\\/#primaryimage\"},\"image\":{\"@id\":\"https:\\\/\\\/crocjeux.com\\\/index.php\\\/produit\\\/camelot-jr\\\/#primaryimage\"},\"thumbnailUrl\":\"https:\\\/\\\/crocjeux.com\\\/wp-content\\\/uploads\\\/2020\\\/11\\\/camelot-jr-p-image-60407-grande.jpg\",\"datePublished\":\"2020-11-21T09:25:11+00:00\",\"dateModified\":\"2023-01-31T10:09:19+00:00\",\"breadcrumb\":{\"@id\":\"https:\\\/\\\/crocjeux.com\\\/index.php\\\/produit\\\/camelot-jr\\\/#breadcrumb\"},\"inLanguage\":\"fr-FR\",\"potentialAction\":[{\"@type\":\"ReadAction\",\"target\":[\"https:\\\/\\\/crocjeux.com\\\/index.php\\\/produit\\\/camelot-jr\\\/\"]}]},{\"@type\":\"ImageObject\",\"inLanguage\":\"fr-FR\",\"@id\":\"https:\\\/\\\/crocjeux.com\\\/index.php\\\/produit\\\/camelot-jr\\\/#primaryimage\",\"url\":\"https:\\\/\\\/crocjeux.com\\\/wp-content\\\/uploads\\\/2020\\\/11\\\/camelot-jr-p-image-60407-grande.jpg\",\"contentUrl\":\"https:\\\/\\\/crocjeux.com\\\/wp-content\\\/uploads\\\/2020\\\/11\\\/camelot-jr-p-image-60407-grande.jpg\",\"width\":750,\"height\":672},{\"@type\":\"BreadcrumbList\",\"@id\":\"https:\\\/\\\/crocjeux.com\\\/index.php\\\/produit\\\/camelot-jr\\\/#breadcrumb\",\"itemListElement\":[{\"@type\":\"ListItem\",\"position\":1,\"name\":\"Accueil\",\"item\":\"https:\\\/\\\/crocjeux.com\\\/\"},{\"@type\":\"ListItem\",\"position\":2,\"name\":\"Boutique\",\"item\":\"https:\\\/\\\/crocjeux.com\\\/\"},{\"@type\":\"ListItem\",\"position\":3,\"name\":\"Camelot Jr\"}]},{\"@type\":\"WebSite\",\"@id\":\"https:\\\/\\\/crocjeux.com\\\/#website\",\"url\":\"https:\\\/\\\/crocjeux.com\\\/\",\"name\":\"Croc Jeux\",\"description\":\"Bienvenue chez Croc Jeux!\",\"publisher\":{\"@id\":\"https:\\\/\\\/crocjeux.com\\\/#organization\"},\"potentialAction\":[{\"@type\":\"SearchAction\",\"target\":{\"@type\":\"EntryPoint\",\"urlTemplate\":\"https:\\\/\\\/crocjeux.com\\\/?s={search_term_string}\"},\"query-input\":{\"@type\":\"PropertyValueSpecification\",\"valueRequired\":true,\"valueName\":\"search_term_string\"}}],\"inLanguage\":\"fr-FR\"},{\"@type\":\"Organization\",\"@id\":\"https:\\\/\\\/crocjeux.com\\\/#organization\",\"name\":\"Croc Jeux\",\"url\":\"https:\\\/\\\/crocjeux.com\\\/\",\"logo\":{\"@type\":\"ImageObject\",\"inLanguage\":\"fr-FR\",\"@id\":\"https:\\\/\\\/crocjeux.com\\\/#\\\/schema\\\/logo\\\/image\\\/\",\"url\":\"https:\\\/\\\/crocjeux.com\\\/wp-content\\\/uploads\\\/2022\\\/01\\\/cropped-logo-croc-etape-1-e1644574034239.jpg\",\"contentUrl\":\"https:\\\/\\\/crocjeux.com\\\/wp-content\\\/uploads\\\/2022\\\/01\\\/cropped-logo-croc-etape-1-e1644574034239.jpg\",\"width\":1224,\"height\":314,\"caption\":\"Croc Jeux\"},\"image\":{\"@id\":\"https:\\\/\\\/crocjeux.com\\\/#\\\/schema\\\/logo\\\/image\\\/\"}}]}<\/script>\n<!-- \/ Yoast SEO plugin. -->","yoast_head_json":{"title":"Camelot Jr - Croc Jeux","robots":{"index":"index","follow":"follow","max-snippet":"max-snippet:-1","max-image-preview":"max-image-preview:large","max-video-preview":"max-video-preview:-1"},"canonical":"https:\/\/crocjeux.com\/index.php\/produit\/camelot-jr\/","og_locale":"fr_FR","og_type":"article","og_title":"Camelot Jr - Croc Jeux","og_description":"Une Princesse \u00e0 sauver? Vite Chevalier, cours \u00e0 sa rescousse! Il \u00e9tait une fois une Princesse et un Chevalier qui","og_url":"https:\/\/crocjeux.com\/index.php\/produit\/camelot-jr\/","og_site_name":"Croc Jeux","article_modified_time":"2023-01-31T10:09:19+00:00","og_image":[{"width":750,"height":672,"url":"https:\/\/crocjeux.com\/wp-content\/uploads\/2020\/11\/camelot-jr-p-image-60407-grande.jpg","type":"image\/jpeg"}],"twitter_card":"summary_large_image","twitter_misc":{"Dur\u00e9e de lecture estim\u00e9e":"1 minute"},"schema":{"@context":"https:\/\/schema.org","@graph":[{"@type":"WebPage","@id":"https:\/\/crocjeux.com\/index.php\/produit\/camelot-jr\/","url":"https:\/\/crocjeux.com\/index.php\/produit\/camelot-jr\/","name":"Camelot Jr - Croc Jeux","isPartOf":{"@id":"https:\/\/crocjeux.com\/#website"},"primaryImageOfPage":{"@id":"https:\/\/crocjeux.com\/index.php\/produit\/camelot-jr\/#primaryimage"},"image":{"@id":"https:\/\/crocjeux.com\/index.php\/produit\/camelot-jr\/#primaryimage"},"thumbnailUrl":"https:\/\/crocjeux.com\/wp-content\/uploads\/2020\/11\/camelot-jr-p-image-60407-grande.jpg","datePublished":"2020-11-21T09:25:11+00:00","dateModified":"2023-01-31T10:09:19+00:00","breadcrumb":{"@id":"https:\/\/crocjeux.com\/index.php\/produit\/camelot-jr\/#breadcrumb"},"inLanguage":"fr-FR","potentialAction":[{"@type":"ReadAction","target":["https:\/\/crocjeux.com\/index.php\/produit\/camelot-jr\/"]}]},{"@type":"ImageObject","inLanguage":"fr-FR","@id":"https:\/\/crocjeux.com\/index.php\/produit\/camelot-jr\/#primaryimage","url":"https:\/\/crocjeux.com\/wp-content\/uploads\/2020\/11\/camelot-jr-p-image-60407-grande.jpg","contentUrl":"https:\/\/crocjeux.com\/wp-content\/uploads\/2020\/11\/camelot-jr-p-image-60407-grande.jpg","width":750,"height":672},{"@type":"BreadcrumbList","@id":"https:\/\/crocjeux.com\/index.php\/produit\/camelot-jr\/#breadcrumb","itemListElement":[{"@type":"ListItem","position":1,"name":"Accueil","item":"https:\/\/crocjeux.com\/"},{"@type":"ListItem","position":2,"name":"Boutique","item":"https:\/\/crocjeux.com\/"},{"@type":"ListItem","position":3,"name":"Camelot Jr"}]},{"@type":"WebSite","@id":"https:\/\/crocjeux.com\/#website","url":"https:\/\/crocjeux.com\/","name":"Croc Jeux","description":"Bienvenue chez Croc Jeux!","publisher":{"@id":"https:\/\/crocjeux.com\/#organization"},"potentialAction":[{"@type":"SearchAction","target":{"@type":"EntryPoint","urlTemplate":"https:\/\/crocjeux.com\/?s={search_term_string}"},"query-input":{"@type":"PropertyValueSpecification","valueRequired":true,"valueName":"search_term_string"}}],"inLanguage":"fr-FR"},{"@type":"Organization","@id":"https:\/\/crocjeux.com\/#organization","name":"Croc Jeux","url":"https:\/\/crocjeux.com\/","logo":{"@type":"ImageObject","inLanguage":"fr-FR","@id":"https:\/\/crocjeux.com\/#\/schema\/logo\/image\/","url":"https:\/\/crocjeux.com\/wp-content\/uploads\/2022\/01\/cropped-logo-croc-etape-1-e1644574034239.jpg","contentUrl":"https:\/\/crocjeux.com\/wp-content\/uploads\/2022\/01\/cropped-logo-croc-etape-1-e1644574034239.jpg","width":1224,"height":314,"caption":"Croc Jeux"},"image":{"@id":"https:\/\/crocjeux.com\/#\/schema\/logo\/image\/"}}]}},"_links":{"self":[{"href":"https:\/\/crocjeux.com\/index.php\/wp-json\/wp\/v2\/product\/1116","targetHints":{"allow":["GET"]}}],"collection":[{"href":"https:\/\/crocjeux.com\/index.php\/wp-json\/wp\/v2\/product"}],"about":[{"href":"https:\/\/crocjeux.com\/index.php\/wp-json\/wp\/v2\/types\/product"}],"replies":[{"embeddable":true,"href":"https:\/\/crocjeux.com\/index.php\/wp-json\/wp\/v2\/comments?post=1116"}],"wp:featuredmedia":[{"embeddable":true,"href":"https:\/\/crocjeux.com\/index.php\/wp-json\/wp\/v2\/media\/1117"}],"wp:attachment":[{"href":"https:\/\/crocjeux.com\/index.php\/wp-json\/wp\/v2\/media?parent=1116"}],"wp:term":[{"taxonomy":"product_brand","embeddable":true,"href":"https:\/\/crocjeux.com\/index.php\/wp-json\/wp\/v2\/product_brand?post=1116"},{"taxonomy":"product_cat","embeddable":true,"href":"https:\/\/crocjeux.com\/index.php\/wp-json\/wp\/v2\/product_cat?post=1116"},{"taxonomy":"product_tag","embeddable":true,"href":"https:\/\/crocjeux.com\/index.php\/wp-json\/wp\/v2\/product_tag?post=1116"}],"curies":[{"name":"wp","href":"https:\/\/api.w.org\/{rel}","templated":true}]}}