{"id":1127,"date":"2020-11-21T11:21:07","date_gmt":"2020-11-21T10:21:07","guid":{"rendered":"https:\/\/crocjeux.com\/?post_type=product&#038;p=1127"},"modified":"2022-03-10T12:18:47","modified_gmt":"2022-03-10T11:18:47","slug":"troyes-dice","status":"publish","type":"product","link":"https:\/\/crocjeux.com\/index.php\/produit\/troyes-dice\/","title":{"rendered":"Troyes Dice"},"content":{"rendered":"<section id=\"tab-description\" class=\"page-product-box r-tabs-panel r-tabs-state-active\">\n<div class=\"rte\">\n<h2>Troyes Dice : 8 jours pour la victoire<\/h2>\n<div>Troyes Dice vous invite \u00e0 d\u00e9couvrir l\u2019histoire de la ville de Troyes au cours du Moyen \u00c2ge. La soci\u00e9t\u00e9 est alors organis\u00e9e autour de trois ordres : les nobles, les civils et les religieux. Aux premiers incombe la charge de prot\u00e9ger les terres, aux seconds de fournir les biens essentiels \u00e0 la vie de la cit\u00e9 et aux derniers, la mission de veiller \u00e0 l\u2019\u00e9veil spirituel ainsi qu\u2019au d\u00e9veloppement des connaissances.\u00a0Mettez \u00e0 profit les 8 journ\u00e9es que dure une partie pour lutter contre les \u00e9v\u00e9nements, ouvrir des \u00e9choppes dans la grande Halle ou participer \u00e0 l\u2019\u00e9dification de la Cath\u00e9drale. Attelez-vous \u00e9galement \u00e0 la construction des 3 b\u00e2timents de fonction de la ville : le Palais des comtes, l\u2019H\u00f4tel de ville et l\u2019\u00c9v\u00each\u00e9.<\/div>\n<div><\/div>\n<h2>Quand Troyes rencontre le Roll and Write<\/h2>\n<div>Troyes Dice est un jeu de Roll &amp; Write dans lequel vous incarnez une riche famille de Champagne. A vous de saisir les meilleures opportunit\u00e9s offertes par les d\u00e9s pour laisser votre empreinte dans l&rsquo;histoire de la ville ! Obtiendrez-vous le plus de notori\u00e9t\u00e9 en faisant face aux impr\u00e9vus, en d\u00e9veloppant des march\u00e9s, en \u00e9rigeant la cath\u00e9drale ou en participant \u00e0 la construction d&rsquo;\u00e9difices prestigieux ? A la fin de la partie, le joueur qui a le plus de points de victoire gagne !<\/div>\n<div><\/div>\n<div>\u00c0 la fin de la partie, soyez le joueur qui a engrang\u00e9 le plus de points de victoire pour l\u2019emporter !<\/div>\n<\/div>\n<\/section>\n","protected":false},"excerpt":{"rendered":"<p>Troyes Dice : 8 jours pour la victoire Troyes Dice vous invite \u00e0 d\u00e9couvrir l\u2019histoire de la ville de Troyes<\/p>\n","protected":false},"featured_media":1128,"comment_status":"open","ping_status":"closed","template":"","meta":{"colormag_page_container_layout":"default_layout","colormag_page_sidebar_layout":"default_layout"},"product_brand":[],"product_cat":[44,29],"product_tag":[],"class_list":{"0":"post-1127","1":"product","2":"type-product","3":"status-publish","4":"has-post-thumbnail","6":"product_cat-jeux-solo","7":"product_cat-jeux-2-joueurs","9":"first","10":"instock","11":"taxable","12":"shipping-taxable","13":"purchasable","14":"product-type-simple"},"yoast_head":"<!-- This site is optimized with the Yoast SEO plugin v27.3 - https:\/\/yoast.com\/product\/yoast-seo-wordpress\/ -->\n<title>Troyes Dice - Croc Jeux<\/title>\n<meta name=\"robots\" content=\"index, follow, max-snippet:-1, max-image-preview:large, max-video-preview:-1\" \/>\n<link rel=\"canonical\" href=\"https:\/\/crocjeux.com\/index.php\/produit\/troyes-dice\/\" \/>\n<meta property=\"og:locale\" content=\"fr_FR\" \/>\n<meta property=\"og:type\" content=\"article\" \/>\n<meta property=\"og:title\" content=\"Troyes Dice - Croc Jeux\" \/>\n<meta property=\"og:description\" content=\"Troyes Dice : 8 jours pour la victoire Troyes Dice vous invite \u00e0 d\u00e9couvrir l\u2019histoire de la ville de Troyes\" \/>\n<meta property=\"og:url\" content=\"https:\/\/crocjeux.com\/index.php\/produit\/troyes-dice\/\" \/>\n<meta property=\"og:site_name\" content=\"Croc Jeux\" \/>\n<meta property=\"article:modified_time\" content=\"2022-03-10T11:18:47+00:00\" \/>\n<meta property=\"og:image\" content=\"https:\/\/crocjeux.com\/wp-content\/uploads\/2020\/11\/troyes-dice-p-image-72432-grande.jpg\" \/>\n\t<meta property=\"og:image:width\" content=\"863\" \/>\n\t<meta property=\"og:image:height\" content=\"950\" \/>\n\t<meta property=\"og:image:type\" content=\"image\/jpeg\" \/>\n<meta name=\"twitter:card\" content=\"summary_large_image\" \/>\n<meta name=\"twitter:label1\" content=\"Dur\u00e9e de lecture estim\u00e9e\" \/>\n\t<meta name=\"twitter:data1\" content=\"1 minute\" \/>\n<script type=\"application\/ld+json\" class=\"yoast-schema-graph\">{\"@context\":\"https:\\\/\\\/schema.org\",\"@graph\":[{\"@type\":\"WebPage\",\"@id\":\"https:\\\/\\\/crocjeux.com\\\/index.php\\\/produit\\\/troyes-dice\\\/\",\"url\":\"https:\\\/\\\/crocjeux.com\\\/index.php\\\/produit\\\/troyes-dice\\\/\",\"name\":\"Troyes Dice - Croc Jeux\",\"isPartOf\":{\"@id\":\"https:\\\/\\\/crocjeux.com\\\/#website\"},\"primaryImageOfPage\":{\"@id\":\"https:\\\/\\\/crocjeux.com\\\/index.php\\\/produit\\\/troyes-dice\\\/#primaryimage\"},\"image\":{\"@id\":\"https:\\\/\\\/crocjeux.com\\\/index.php\\\/produit\\\/troyes-dice\\\/#primaryimage\"},\"thumbnailUrl\":\"https:\\\/\\\/crocjeux.com\\\/wp-content\\\/uploads\\\/2020\\\/11\\\/troyes-dice-p-image-72432-grande.jpg\",\"datePublished\":\"2020-11-21T10:21:07+00:00\",\"dateModified\":\"2022-03-10T11:18:47+00:00\",\"breadcrumb\":{\"@id\":\"https:\\\/\\\/crocjeux.com\\\/index.php\\\/produit\\\/troyes-dice\\\/#breadcrumb\"},\"inLanguage\":\"fr-FR\",\"potentialAction\":[{\"@type\":\"ReadAction\",\"target\":[\"https:\\\/\\\/crocjeux.com\\\/index.php\\\/produit\\\/troyes-dice\\\/\"]}]},{\"@type\":\"ImageObject\",\"inLanguage\":\"fr-FR\",\"@id\":\"https:\\\/\\\/crocjeux.com\\\/index.php\\\/produit\\\/troyes-dice\\\/#primaryimage\",\"url\":\"https:\\\/\\\/crocjeux.com\\\/wp-content\\\/uploads\\\/2020\\\/11\\\/troyes-dice-p-image-72432-grande.jpg\",\"contentUrl\":\"https:\\\/\\\/crocjeux.com\\\/wp-content\\\/uploads\\\/2020\\\/11\\\/troyes-dice-p-image-72432-grande.jpg\",\"width\":863,\"height\":950},{\"@type\":\"BreadcrumbList\",\"@id\":\"https:\\\/\\\/crocjeux.com\\\/index.php\\\/produit\\\/troyes-dice\\\/#breadcrumb\",\"itemListElement\":[{\"@type\":\"ListItem\",\"position\":1,\"name\":\"Accueil\",\"item\":\"https:\\\/\\\/crocjeux.com\\\/\"},{\"@type\":\"ListItem\",\"position\":2,\"name\":\"Boutique\",\"item\":\"https:\\\/\\\/crocjeux.com\\\/\"},{\"@type\":\"ListItem\",\"position\":3,\"name\":\"Troyes Dice\"}]},{\"@type\":\"WebSite\",\"@id\":\"https:\\\/\\\/crocjeux.com\\\/#website\",\"url\":\"https:\\\/\\\/crocjeux.com\\\/\",\"name\":\"Croc Jeux\",\"description\":\"Bienvenue chez Croc Jeux!\",\"publisher\":{\"@id\":\"https:\\\/\\\/crocjeux.com\\\/#organization\"},\"potentialAction\":[{\"@type\":\"SearchAction\",\"target\":{\"@type\":\"EntryPoint\",\"urlTemplate\":\"https:\\\/\\\/crocjeux.com\\\/?s={search_term_string}\"},\"query-input\":{\"@type\":\"PropertyValueSpecification\",\"valueRequired\":true,\"valueName\":\"search_term_string\"}}],\"inLanguage\":\"fr-FR\"},{\"@type\":\"Organization\",\"@id\":\"https:\\\/\\\/crocjeux.com\\\/#organization\",\"name\":\"Croc Jeux\",\"url\":\"https:\\\/\\\/crocjeux.com\\\/\",\"logo\":{\"@type\":\"ImageObject\",\"inLanguage\":\"fr-FR\",\"@id\":\"https:\\\/\\\/crocjeux.com\\\/#\\\/schema\\\/logo\\\/image\\\/\",\"url\":\"https:\\\/\\\/crocjeux.com\\\/wp-content\\\/uploads\\\/2022\\\/01\\\/cropped-logo-croc-etape-1-e1644574034239.jpg\",\"contentUrl\":\"https:\\\/\\\/crocjeux.com\\\/wp-content\\\/uploads\\\/2022\\\/01\\\/cropped-logo-croc-etape-1-e1644574034239.jpg\",\"width\":1224,\"height\":314,\"caption\":\"Croc Jeux\"},\"image\":{\"@id\":\"https:\\\/\\\/crocjeux.com\\\/#\\\/schema\\\/logo\\\/image\\\/\"}}]}<\/script>\n<!-- \/ Yoast SEO plugin. -->","yoast_head_json":{"title":"Troyes Dice - Croc Jeux","robots":{"index":"index","follow":"follow","max-snippet":"max-snippet:-1","max-image-preview":"max-image-preview:large","max-video-preview":"max-video-preview:-1"},"canonical":"https:\/\/crocjeux.com\/index.php\/produit\/troyes-dice\/","og_locale":"fr_FR","og_type":"article","og_title":"Troyes Dice - Croc Jeux","og_description":"Troyes Dice : 8 jours pour la victoire Troyes Dice vous invite \u00e0 d\u00e9couvrir l\u2019histoire de la ville de Troyes","og_url":"https:\/\/crocjeux.com\/index.php\/produit\/troyes-dice\/","og_site_name":"Croc Jeux","article_modified_time":"2022-03-10T11:18:47+00:00","og_image":[{"width":863,"height":950,"url":"https:\/\/crocjeux.com\/wp-content\/uploads\/2020\/11\/troyes-dice-p-image-72432-grande.jpg","type":"image\/jpeg"}],"twitter_card":"summary_large_image","twitter_misc":{"Dur\u00e9e de lecture estim\u00e9e":"1 minute"},"schema":{"@context":"https:\/\/schema.org","@graph":[{"@type":"WebPage","@id":"https:\/\/crocjeux.com\/index.php\/produit\/troyes-dice\/","url":"https:\/\/crocjeux.com\/index.php\/produit\/troyes-dice\/","name":"Troyes Dice - Croc Jeux","isPartOf":{"@id":"https:\/\/crocjeux.com\/#website"},"primaryImageOfPage":{"@id":"https:\/\/crocjeux.com\/index.php\/produit\/troyes-dice\/#primaryimage"},"image":{"@id":"https:\/\/crocjeux.com\/index.php\/produit\/troyes-dice\/#primaryimage"},"thumbnailUrl":"https:\/\/crocjeux.com\/wp-content\/uploads\/2020\/11\/troyes-dice-p-image-72432-grande.jpg","datePublished":"2020-11-21T10:21:07+00:00","dateModified":"2022-03-10T11:18:47+00:00","breadcrumb":{"@id":"https:\/\/crocjeux.com\/index.php\/produit\/troyes-dice\/#breadcrumb"},"inLanguage":"fr-FR","potentialAction":[{"@type":"ReadAction","target":["https:\/\/crocjeux.com\/index.php\/produit\/troyes-dice\/"]}]},{"@type":"ImageObject","inLanguage":"fr-FR","@id":"https:\/\/crocjeux.com\/index.php\/produit\/troyes-dice\/#primaryimage","url":"https:\/\/crocjeux.com\/wp-content\/uploads\/2020\/11\/troyes-dice-p-image-72432-grande.jpg","contentUrl":"https:\/\/crocjeux.com\/wp-content\/uploads\/2020\/11\/troyes-dice-p-image-72432-grande.jpg","width":863,"height":950},{"@type":"BreadcrumbList","@id":"https:\/\/crocjeux.com\/index.php\/produit\/troyes-dice\/#breadcrumb","itemListElement":[{"@type":"ListItem","position":1,"name":"Accueil","item":"https:\/\/crocjeux.com\/"},{"@type":"ListItem","position":2,"name":"Boutique","item":"https:\/\/crocjeux.com\/"},{"@type":"ListItem","position":3,"name":"Troyes Dice"}]},{"@type":"WebSite","@id":"https:\/\/crocjeux.com\/#website","url":"https:\/\/crocjeux.com\/","name":"Croc Jeux","description":"Bienvenue chez Croc Jeux!","publisher":{"@id":"https:\/\/crocjeux.com\/#organization"},"potentialAction":[{"@type":"SearchAction","target":{"@type":"EntryPoint","urlTemplate":"https:\/\/crocjeux.com\/?s={search_term_string}"},"query-input":{"@type":"PropertyValueSpecification","valueRequired":true,"valueName":"search_term_string"}}],"inLanguage":"fr-FR"},{"@type":"Organization","@id":"https:\/\/crocjeux.com\/#organization","name":"Croc Jeux","url":"https:\/\/crocjeux.com\/","logo":{"@type":"ImageObject","inLanguage":"fr-FR","@id":"https:\/\/crocjeux.com\/#\/schema\/logo\/image\/","url":"https:\/\/crocjeux.com\/wp-content\/uploads\/2022\/01\/cropped-logo-croc-etape-1-e1644574034239.jpg","contentUrl":"https:\/\/crocjeux.com\/wp-content\/uploads\/2022\/01\/cropped-logo-croc-etape-1-e1644574034239.jpg","width":1224,"height":314,"caption":"Croc Jeux"},"image":{"@id":"https:\/\/crocjeux.com\/#\/schema\/logo\/image\/"}}]}},"_links":{"self":[{"href":"https:\/\/crocjeux.com\/index.php\/wp-json\/wp\/v2\/product\/1127","targetHints":{"allow":["GET"]}}],"collection":[{"href":"https:\/\/crocjeux.com\/index.php\/wp-json\/wp\/v2\/product"}],"about":[{"href":"https:\/\/crocjeux.com\/index.php\/wp-json\/wp\/v2\/types\/product"}],"replies":[{"embeddable":true,"href":"https:\/\/crocjeux.com\/index.php\/wp-json\/wp\/v2\/comments?post=1127"}],"wp:featuredmedia":[{"embeddable":true,"href":"https:\/\/crocjeux.com\/index.php\/wp-json\/wp\/v2\/media\/1128"}],"wp:attachment":[{"href":"https:\/\/crocjeux.com\/index.php\/wp-json\/wp\/v2\/media?parent=1127"}],"wp:term":[{"taxonomy":"product_brand","embeddable":true,"href":"https:\/\/crocjeux.com\/index.php\/wp-json\/wp\/v2\/product_brand?post=1127"},{"taxonomy":"product_cat","embeddable":true,"href":"https:\/\/crocjeux.com\/index.php\/wp-json\/wp\/v2\/product_cat?post=1127"},{"taxonomy":"product_tag","embeddable":true,"href":"https:\/\/crocjeux.com\/index.php\/wp-json\/wp\/v2\/product_tag?post=1127"}],"curies":[{"name":"wp","href":"https:\/\/api.w.org\/{rel}","templated":true}]}}