{"id":114,"date":"2020-10-29T12:01:56","date_gmt":"2020-10-29T11:01:56","guid":{"rendered":"https:\/\/crocjeux.com\/?post_type=product&#038;p=114"},"modified":"2023-01-26T14:16:38","modified_gmt":"2023-01-26T13:16:38","slug":"time-stories-estrella-drive","status":"publish","type":"product","link":"https:\/\/crocjeux.com\/index.php\/produit\/time-stories-estrella-drive\/","title":{"rendered":"Time Stories &#8211; Estrella Drive"},"content":{"rendered":"<div>\n<h2>T.I.M.E Stories \u2013 Estrella Drive, un sc\u00e9nario pour public averti<\/h2>\n<div>Apr\u00e8s Asylum (le sc\u00e9nario de la bo\u00eete de base), The Marcy Case, Sous le masque, La Proph\u00e9tie des Dragons, Exp\u00e9dition Endurance, Lumen Fidei, place \u00e0 Estrella Drive, la 7\u00e8me mission de la saga T.I.M.E Stories.<\/div>\n<div>Avec Estrella Drive, les auteurs du jeu ont d\u00e9cid\u00e9 de frapper tr\u00e8s fort. Le ton est donn\u00e9 d\u00e8s la face A de la bo\u00eete, avec le macaron \u00ab public averti \u00bb. Ce sc\u00e9nario, qui sort des sentiers battus, n\u2019est donc pas \u00e0 mettre dans toutes les mains, et notamment celles des plus jeunes. Estrella Drive se veut \u00eatre un sc\u00e9nario plus adulte, plus sulfureux, mais surtout plus troublant.<\/div>\n<div><\/div>\n<h2>T.I.M.E Stories \u2013 Estrella Drive, une plong\u00e9e dans le Hollywood des ann\u00e9es 80<\/h2>\n<div>Dans Estrella Drive, vous \u00eates envoy\u00e9-\u00e9e-s en 1982 dans une villa d\u2019Hollywood o\u00f9 il se passe des choses pas nettes. Dans une atmosph\u00e8re o\u00f9 r\u00e8gne le vice, vous aurez la lourde t\u00e2che d\u2019enqu\u00eater sur ce lieu pour d\u00e9couvrir ce qu\u2019il s\u2019y passe. Vous incarnerez tous des avatars parfaitement ancr\u00e9s dans ce contexte : servante malhonn\u00eate, journaliste de tablo\u00efd, gigolo, acteur en devenir, &#8230;<\/div>\n<div>Drogue, violence et argent sont les th\u00e8mes abord\u00e9s dans cette histoire hors norme aux couleurs tr\u00e8s Eighties.<\/div>\n<div>Comme chaque sc\u00e9nario de la gamme, Estrella Drive est une histoire totalement ind\u00e9pendante et peut \u00eatre jou\u00e9e dans n\u2019importe quel ordre. Cependant, il n\u00e9cessite imp\u00e9rativement le jeu de base.<\/div>\n<div><\/div>\n<h2>T.I.M.E Stories, un concept \u00e0 part<\/h2>\n<div>Si vous n\u2019avez pas encore d\u00e9couvert la gamme T.I.M.E Stories, celle-ci comprend un jeu de base et une multitude de sc\u00e9narios ind\u00e9pendants.<\/div>\n<div>Dans T.I.M.E Stories, les joueurs incarnent des agents temporels \u0153uvrant au service de l\u2019agence T.I.M.E, une organisation qui ma\u00eetrise le voyage dans le temps et les r\u00e9alit\u00e9s parall\u00e8les. Des failles et des paradoxes menacent l\u2019\u00e9quilibre de l\u2019humanit\u00e9. Le r\u00f4le de l\u2019agence T.IM.E est d\u2019\u00e9viter leur apparition et de lutter pour la pr\u00e9servation de cet \u00e9quilibre fragile. Des agents partent en mission dans le temps pour r\u00e9soudre des situations potentiellement dangereuses pour le continuum espace-temps. Vous \u00eates l\u2019un d\u2019entre eux.<\/div>\n<div><\/div>\n<h2>T.I.M.E Stories, un jeu de decksploration narratif<\/h2>\n<div>T.I.M.E Stories est un jeu de plateau, mais poss\u00e8de des \u00e9l\u00e9ments propres au jeu de r\u00f4le. Les joueurs sont confront\u00e9s \u00e0 des situations et doivent interagir pour faire progresser l\u2019intrigue.<\/div>\n<div>T.I.M.E Stories propose une m\u00e9canique simple et immersive : le decksploring. S\u2019appuyant sur des sc\u00e9narios qui se combinent au mat\u00e9riel du jeu g\u00e9n\u00e9rique, le jeu plonge les joueurs dans des intrigues originales tr\u00e8s vari\u00e9es.<\/div>\n<\/div>\n","protected":false},"excerpt":{"rendered":"<div id=\"short_description_block\">\n<div id=\"short_description_content\" class=\"rte align_justify hide-smartphone\">\u00c0 Hollywood, les fant\u00f4mes du pass\u00e9 ne meurent jamais. Dans Estrella Drive, vous enqu\u00eaterez dans une villa hollywoodienne o\u00f9 des choses \u00e9tranges se d\u00e9roulent. Une plong\u00e9e dans le monde violent des ann\u00e9es 80. Un sc\u00e9nario pour public averti !<\/div>\n<\/div>\n","protected":false},"featured_media":115,"comment_status":"open","ping_status":"closed","template":"","meta":{"colormag_page_container_layout":"default_layout","colormag_page_sidebar_layout":"default_layout"},"product_brand":[],"product_cat":[74,81,103,104],"product_tag":[],"class_list":{"0":"post-114","1":"product","2":"type-product","3":"status-publish","4":"has-post-thumbnail","6":"product_cat-time-stories-jeux-a-deux","7":"product_cat-time-stories-jeux-collaboratifs","8":"product_cat-time-stories-escape-room","9":"product_cat-time-stories-jeux-solo","11":"first","12":"instock","13":"taxable","14":"shipping-taxable","15":"purchasable","16":"product-type-simple"},"yoast_head":"<!-- This site is optimized with the Yoast SEO plugin v27.4 - https:\/\/yoast.com\/product\/yoast-seo-wordpress\/ -->\n<title>Time Stories - Estrella Drive - Croc Jeux<\/title>\n<meta name=\"robots\" content=\"index, follow, max-snippet:-1, max-image-preview:large, max-video-preview:-1\" \/>\n<link rel=\"canonical\" href=\"https:\/\/crocjeux.com\/index.php\/produit\/time-stories-estrella-drive\/\" \/>\n<meta property=\"og:locale\" content=\"fr_FR\" \/>\n<meta property=\"og:type\" content=\"article\" \/>\n<meta property=\"og:title\" content=\"Time Stories - Estrella Drive - Croc Jeux\" \/>\n<meta property=\"og:description\" content=\"\u00c0 Hollywood, les fant\u00f4mes du pass\u00e9 ne meurent jamais. Dans Estrella Drive, vous enqu\u00eaterez dans une villa hollywoodienne o\u00f9 des choses \u00e9tranges se d\u00e9roulent. Une plong\u00e9e dans le monde violent des ann\u00e9es 80. Un sc\u00e9nario pour public averti !\" \/>\n<meta property=\"og:url\" content=\"https:\/\/crocjeux.com\/index.php\/produit\/time-stories-estrella-drive\/\" \/>\n<meta property=\"og:site_name\" content=\"Croc Jeux\" \/>\n<meta property=\"article:modified_time\" content=\"2023-01-26T13:16:38+00:00\" \/>\n<meta property=\"og:image\" content=\"https:\/\/crocjeux.com\/wp-content\/uploads\/2020\/10\/time_stories_estrella.png\" \/>\n\t<meta property=\"og:image:width\" content=\"539\" \/>\n\t<meta property=\"og:image:height\" content=\"619\" \/>\n\t<meta property=\"og:image:type\" content=\"image\/png\" \/>\n<meta name=\"twitter:card\" content=\"summary_large_image\" \/>\n<meta name=\"twitter:label1\" content=\"Dur\u00e9e de lecture estim\u00e9e\" \/>\n\t<meta name=\"twitter:data1\" content=\"3 minutes\" \/>\n<script type=\"application\/ld+json\" class=\"yoast-schema-graph\">{\"@context\":\"https:\\\/\\\/schema.org\",\"@graph\":[{\"@type\":\"WebPage\",\"@id\":\"https:\\\/\\\/crocjeux.com\\\/index.php\\\/produit\\\/time-stories-estrella-drive\\\/\",\"url\":\"https:\\\/\\\/crocjeux.com\\\/index.php\\\/produit\\\/time-stories-estrella-drive\\\/\",\"name\":\"Time Stories - Estrella Drive - Croc Jeux\",\"isPartOf\":{\"@id\":\"https:\\\/\\\/crocjeux.com\\\/#website\"},\"primaryImageOfPage\":{\"@id\":\"https:\\\/\\\/crocjeux.com\\\/index.php\\\/produit\\\/time-stories-estrella-drive\\\/#primaryimage\"},\"image\":{\"@id\":\"https:\\\/\\\/crocjeux.com\\\/index.php\\\/produit\\\/time-stories-estrella-drive\\\/#primaryimage\"},\"thumbnailUrl\":\"https:\\\/\\\/crocjeux.com\\\/wp-content\\\/uploads\\\/2020\\\/10\\\/time_stories_estrella.png\",\"datePublished\":\"2020-10-29T11:01:56+00:00\",\"dateModified\":\"2023-01-26T13:16:38+00:00\",\"breadcrumb\":{\"@id\":\"https:\\\/\\\/crocjeux.com\\\/index.php\\\/produit\\\/time-stories-estrella-drive\\\/#breadcrumb\"},\"inLanguage\":\"fr-FR\",\"potentialAction\":[{\"@type\":\"ReadAction\",\"target\":[\"https:\\\/\\\/crocjeux.com\\\/index.php\\\/produit\\\/time-stories-estrella-drive\\\/\"]}]},{\"@type\":\"ImageObject\",\"inLanguage\":\"fr-FR\",\"@id\":\"https:\\\/\\\/crocjeux.com\\\/index.php\\\/produit\\\/time-stories-estrella-drive\\\/#primaryimage\",\"url\":\"https:\\\/\\\/crocjeux.com\\\/wp-content\\\/uploads\\\/2020\\\/10\\\/time_stories_estrella.png\",\"contentUrl\":\"https:\\\/\\\/crocjeux.com\\\/wp-content\\\/uploads\\\/2020\\\/10\\\/time_stories_estrella.png\",\"width\":539,\"height\":619},{\"@type\":\"BreadcrumbList\",\"@id\":\"https:\\\/\\\/crocjeux.com\\\/index.php\\\/produit\\\/time-stories-estrella-drive\\\/#breadcrumb\",\"itemListElement\":[{\"@type\":\"ListItem\",\"position\":1,\"name\":\"Accueil\",\"item\":\"https:\\\/\\\/crocjeux.com\\\/\"},{\"@type\":\"ListItem\",\"position\":2,\"name\":\"Boutique\",\"item\":\"https:\\\/\\\/crocjeux.com\\\/\"},{\"@type\":\"ListItem\",\"position\":3,\"name\":\"Time Stories &#8211; Estrella Drive\"}]},{\"@type\":\"WebSite\",\"@id\":\"https:\\\/\\\/crocjeux.com\\\/#website\",\"url\":\"https:\\\/\\\/crocjeux.com\\\/\",\"name\":\"Croc Jeux\",\"description\":\"Bienvenue chez Croc Jeux!\",\"publisher\":{\"@id\":\"https:\\\/\\\/crocjeux.com\\\/#organization\"},\"potentialAction\":[{\"@type\":\"SearchAction\",\"target\":{\"@type\":\"EntryPoint\",\"urlTemplate\":\"https:\\\/\\\/crocjeux.com\\\/?s={search_term_string}\"},\"query-input\":{\"@type\":\"PropertyValueSpecification\",\"valueRequired\":true,\"valueName\":\"search_term_string\"}}],\"inLanguage\":\"fr-FR\"},{\"@type\":\"Organization\",\"@id\":\"https:\\\/\\\/crocjeux.com\\\/#organization\",\"name\":\"Croc Jeux\",\"url\":\"https:\\\/\\\/crocjeux.com\\\/\",\"logo\":{\"@type\":\"ImageObject\",\"inLanguage\":\"fr-FR\",\"@id\":\"https:\\\/\\\/crocjeux.com\\\/#\\\/schema\\\/logo\\\/image\\\/\",\"url\":\"https:\\\/\\\/crocjeux.com\\\/wp-content\\\/uploads\\\/2022\\\/01\\\/cropped-logo-croc-etape-1-e1644574034239.jpg\",\"contentUrl\":\"https:\\\/\\\/crocjeux.com\\\/wp-content\\\/uploads\\\/2022\\\/01\\\/cropped-logo-croc-etape-1-e1644574034239.jpg\",\"width\":1224,\"height\":314,\"caption\":\"Croc Jeux\"},\"image\":{\"@id\":\"https:\\\/\\\/crocjeux.com\\\/#\\\/schema\\\/logo\\\/image\\\/\"}}]}<\/script>\n<!-- \/ Yoast SEO plugin. -->","yoast_head_json":{"title":"Time Stories - Estrella Drive - Croc Jeux","robots":{"index":"index","follow":"follow","max-snippet":"max-snippet:-1","max-image-preview":"max-image-preview:large","max-video-preview":"max-video-preview:-1"},"canonical":"https:\/\/crocjeux.com\/index.php\/produit\/time-stories-estrella-drive\/","og_locale":"fr_FR","og_type":"article","og_title":"Time Stories - Estrella Drive - Croc Jeux","og_description":"\u00c0 Hollywood, les fant\u00f4mes du pass\u00e9 ne meurent jamais. Dans Estrella Drive, vous enqu\u00eaterez dans une villa hollywoodienne o\u00f9 des choses \u00e9tranges se d\u00e9roulent. Une plong\u00e9e dans le monde violent des ann\u00e9es 80. Un sc\u00e9nario pour public averti !","og_url":"https:\/\/crocjeux.com\/index.php\/produit\/time-stories-estrella-drive\/","og_site_name":"Croc Jeux","article_modified_time":"2023-01-26T13:16:38+00:00","og_image":[{"width":539,"height":619,"url":"https:\/\/crocjeux.com\/wp-content\/uploads\/2020\/10\/time_stories_estrella.png","type":"image\/png"}],"twitter_card":"summary_large_image","twitter_misc":{"Dur\u00e9e de lecture estim\u00e9e":"3 minutes"},"schema":{"@context":"https:\/\/schema.org","@graph":[{"@type":"WebPage","@id":"https:\/\/crocjeux.com\/index.php\/produit\/time-stories-estrella-drive\/","url":"https:\/\/crocjeux.com\/index.php\/produit\/time-stories-estrella-drive\/","name":"Time Stories - Estrella Drive - Croc Jeux","isPartOf":{"@id":"https:\/\/crocjeux.com\/#website"},"primaryImageOfPage":{"@id":"https:\/\/crocjeux.com\/index.php\/produit\/time-stories-estrella-drive\/#primaryimage"},"image":{"@id":"https:\/\/crocjeux.com\/index.php\/produit\/time-stories-estrella-drive\/#primaryimage"},"thumbnailUrl":"https:\/\/crocjeux.com\/wp-content\/uploads\/2020\/10\/time_stories_estrella.png","datePublished":"2020-10-29T11:01:56+00:00","dateModified":"2023-01-26T13:16:38+00:00","breadcrumb":{"@id":"https:\/\/crocjeux.com\/index.php\/produit\/time-stories-estrella-drive\/#breadcrumb"},"inLanguage":"fr-FR","potentialAction":[{"@type":"ReadAction","target":["https:\/\/crocjeux.com\/index.php\/produit\/time-stories-estrella-drive\/"]}]},{"@type":"ImageObject","inLanguage":"fr-FR","@id":"https:\/\/crocjeux.com\/index.php\/produit\/time-stories-estrella-drive\/#primaryimage","url":"https:\/\/crocjeux.com\/wp-content\/uploads\/2020\/10\/time_stories_estrella.png","contentUrl":"https:\/\/crocjeux.com\/wp-content\/uploads\/2020\/10\/time_stories_estrella.png","width":539,"height":619},{"@type":"BreadcrumbList","@id":"https:\/\/crocjeux.com\/index.php\/produit\/time-stories-estrella-drive\/#breadcrumb","itemListElement":[{"@type":"ListItem","position":1,"name":"Accueil","item":"https:\/\/crocjeux.com\/"},{"@type":"ListItem","position":2,"name":"Boutique","item":"https:\/\/crocjeux.com\/"},{"@type":"ListItem","position":3,"name":"Time Stories &#8211; Estrella Drive"}]},{"@type":"WebSite","@id":"https:\/\/crocjeux.com\/#website","url":"https:\/\/crocjeux.com\/","name":"Croc Jeux","description":"Bienvenue chez Croc Jeux!","publisher":{"@id":"https:\/\/crocjeux.com\/#organization"},"potentialAction":[{"@type":"SearchAction","target":{"@type":"EntryPoint","urlTemplate":"https:\/\/crocjeux.com\/?s={search_term_string}"},"query-input":{"@type":"PropertyValueSpecification","valueRequired":true,"valueName":"search_term_string"}}],"inLanguage":"fr-FR"},{"@type":"Organization","@id":"https:\/\/crocjeux.com\/#organization","name":"Croc Jeux","url":"https:\/\/crocjeux.com\/","logo":{"@type":"ImageObject","inLanguage":"fr-FR","@id":"https:\/\/crocjeux.com\/#\/schema\/logo\/image\/","url":"https:\/\/crocjeux.com\/wp-content\/uploads\/2022\/01\/cropped-logo-croc-etape-1-e1644574034239.jpg","contentUrl":"https:\/\/crocjeux.com\/wp-content\/uploads\/2022\/01\/cropped-logo-croc-etape-1-e1644574034239.jpg","width":1224,"height":314,"caption":"Croc Jeux"},"image":{"@id":"https:\/\/crocjeux.com\/#\/schema\/logo\/image\/"}}]}},"_links":{"self":[{"href":"https:\/\/crocjeux.com\/index.php\/wp-json\/wp\/v2\/product\/114","targetHints":{"allow":["GET"]}}],"collection":[{"href":"https:\/\/crocjeux.com\/index.php\/wp-json\/wp\/v2\/product"}],"about":[{"href":"https:\/\/crocjeux.com\/index.php\/wp-json\/wp\/v2\/types\/product"}],"replies":[{"embeddable":true,"href":"https:\/\/crocjeux.com\/index.php\/wp-json\/wp\/v2\/comments?post=114"}],"wp:featuredmedia":[{"embeddable":true,"href":"https:\/\/crocjeux.com\/index.php\/wp-json\/wp\/v2\/media\/115"}],"wp:attachment":[{"href":"https:\/\/crocjeux.com\/index.php\/wp-json\/wp\/v2\/media?parent=114"}],"wp:term":[{"taxonomy":"product_brand","embeddable":true,"href":"https:\/\/crocjeux.com\/index.php\/wp-json\/wp\/v2\/product_brand?post=114"},{"taxonomy":"product_cat","embeddable":true,"href":"https:\/\/crocjeux.com\/index.php\/wp-json\/wp\/v2\/product_cat?post=114"},{"taxonomy":"product_tag","embeddable":true,"href":"https:\/\/crocjeux.com\/index.php\/wp-json\/wp\/v2\/product_tag?post=114"}],"curies":[{"name":"wp","href":"https:\/\/api.w.org\/{rel}","templated":true}]}}