{"id":116,"date":"2020-10-29T12:04:34","date_gmt":"2020-10-29T11:04:34","guid":{"rendered":"https:\/\/crocjeux.com\/?post_type=product&#038;p=116"},"modified":"2023-01-26T14:16:21","modified_gmt":"2023-01-26T13:16:21","slug":"time-stories-madame","status":"publish","type":"product","link":"https:\/\/crocjeux.com\/index.php\/produit\/time-stories-madame\/","title":{"rendered":"Time Stories &#8211; Madame"},"content":{"rendered":"<h2>T.I.M.E Stories \u2013 Madame, le 9\u00e8me sc\u00e9nario<\/h2>\n<p>Madame est le 9\u00e8me sc\u00e9nario du jeu T.I.M.E Stories. Incarnez des agents envoy\u00e9s dans le pass\u00e9, \u00e0 la cour de Louis XIV en 1673, pour garantir la sauvegarde de la Terre et de l\u2019humanit\u00e9. Dans cette nouvelle mission, vous partez pour le ch\u00e2teau de Versailles pour r\u00e9soudre une affaire sous le r\u00e8gne du Roi Soleil. Madame allie des th\u00e8mes vari\u00e9s dont politique et romance sont au centre de son intrigue.<\/p>\n<p>Chaque sc\u00e9nario est totalement ind\u00e9pendant et peut \u00eatre jou\u00e9 dans n\u2019importe quel ordre. Cependant, les extensions n\u00e9cessitent le jeu de base.<\/p>\n<h2>T.I.M.E Stories \u2013 Madame, une extension \u00e0 part<\/h2>\n<p>Avec Madame, Space Cowboys ne se contente pas de sortir une \u00e9ni\u00e8me extension. En plus d\u2019une nouvelle aventure, cette bo\u00eete apporte un certain nombre d\u2019innovations, tant du c\u00f4t\u00e9 de la m\u00e9canique de jeu, qui \u00e9volue un peu, que dans sa logique.<\/p>\n<h2>T.I.M.E Stories, un univers propre \u00e0 la gamme<\/h2>\n<p>Pour ceux qui d\u00e9couvrent l\u2019univers de T.I.M.E Stories, les joueurs incarnent des agents temporels \u0153uvrant au service de l\u2019agence T.I.M.E, une organisation qui ma\u00eetrise le voyage dans le temps et les r\u00e9alit\u00e9s parall\u00e8les. Des failles et des paradoxes menacent l\u2019\u00e9quilibre de l\u2019humanit\u00e9. Le r\u00f4le de l\u2019agence T.IM.E est d\u2019\u00e9viter leur apparition et de lutter pour la pr\u00e9servation de cet \u00e9quilibre fragile. Des agents partent en mission dans le temps pour r\u00e9soudre des situations potentiellement dangereuses pour le continuum espace-temps. Vous \u00eates l\u2019un d\u2019entre eux.<\/p>\n<h2>T.I.M.E Stories, un jeu de decksploration narratif<\/h2>\n<p>T.I.M.E Stories est un jeu de plateau, mais poss\u00e8de des \u00e9l\u00e9ments propres au jeu de r\u00f4le. Les joueurs sont confront\u00e9s \u00e0 des situations et doivent interagir pour faire progresser l\u2019intrigue.<\/p>\n<p>T.I.M.E Stories propose une m\u00e9canique simple et immersive : le decksploring. S\u2019appuyant sur des sc\u00e9narios qui se combinent au mat\u00e9riel du jeu g\u00e9n\u00e9rique, le jeu plonge les joueurs dans des intrigues originales.<\/p>\n","protected":false},"excerpt":{"rendered":"<p>MADAME N.T. 1673 est le 9\u00e8me sc\u00e9nario du jeu T.I.M.E Stories. Incarnez des agents envoy\u00e9s dans le pass\u00e9, \u00e0 la cour de Louis XIV en 1673, pour garantir la sauvegarde de la Terre et de l\u2019humanit\u00e9. Ce nouvel opus de la saga T.I.M.E Stories apporte de nombreuses innovations, tant au niveau des m\u00e9caniques que des th\u00e9matiques.<\/p>\n","protected":false},"featured_media":117,"comment_status":"open","ping_status":"closed","template":"","meta":{"colormag_page_container_layout":"default_layout","colormag_page_sidebar_layout":"default_layout"},"product_brand":[],"product_cat":[74,81,103,104],"product_tag":[],"class_list":{"0":"post-116","1":"product","2":"type-product","3":"status-publish","4":"has-post-thumbnail","6":"product_cat-time-stories-jeux-a-deux","7":"product_cat-time-stories-jeux-collaboratifs","8":"product_cat-time-stories-escape-room","9":"product_cat-time-stories-jeux-solo","11":"first","12":"instock","13":"taxable","14":"shipping-taxable","15":"purchasable","16":"product-type-simple"},"yoast_head":"<!-- This site is optimized with the Yoast SEO plugin v27.4 - https:\/\/yoast.com\/product\/yoast-seo-wordpress\/ -->\n<title>Time Stories - Madame - Croc Jeux<\/title>\n<meta name=\"robots\" content=\"index, follow, max-snippet:-1, max-image-preview:large, max-video-preview:-1\" \/>\n<link rel=\"canonical\" href=\"https:\/\/crocjeux.com\/index.php\/produit\/time-stories-madame\/\" \/>\n<meta property=\"og:locale\" content=\"fr_FR\" \/>\n<meta property=\"og:type\" content=\"article\" \/>\n<meta property=\"og:title\" content=\"Time Stories - Madame - Croc Jeux\" \/>\n<meta property=\"og:description\" content=\"MADAME N.T. 1673 est le 9\u00e8me sc\u00e9nario du jeu T.I.M.E Stories. Incarnez des agents envoy\u00e9s dans le pass\u00e9, \u00e0 la cour de Louis XIV en 1673, pour garantir la sauvegarde de la Terre et de l\u2019humanit\u00e9. Ce nouvel opus de la saga T.I.M.E Stories apporte de nombreuses innovations, tant au niveau des m\u00e9caniques que des th\u00e9matiques.\" \/>\n<meta property=\"og:url\" content=\"https:\/\/crocjeux.com\/index.php\/produit\/time-stories-madame\/\" \/>\n<meta property=\"og:site_name\" content=\"Croc Jeux\" \/>\n<meta property=\"article:modified_time\" content=\"2023-01-26T13:16:21+00:00\" \/>\n<meta property=\"og:image\" content=\"https:\/\/crocjeux.com\/wp-content\/uploads\/2020\/10\/time_stories_madame.png\" \/>\n\t<meta property=\"og:image:width\" content=\"501\" \/>\n\t<meta property=\"og:image:height\" content=\"704\" \/>\n\t<meta property=\"og:image:type\" content=\"image\/png\" \/>\n<meta name=\"twitter:card\" content=\"summary_large_image\" \/>\n<meta name=\"twitter:label1\" content=\"Dur\u00e9e de lecture estim\u00e9e\" \/>\n\t<meta name=\"twitter:data1\" content=\"2 minutes\" \/>\n<script type=\"application\/ld+json\" class=\"yoast-schema-graph\">{\"@context\":\"https:\\\/\\\/schema.org\",\"@graph\":[{\"@type\":\"WebPage\",\"@id\":\"https:\\\/\\\/crocjeux.com\\\/index.php\\\/produit\\\/time-stories-madame\\\/\",\"url\":\"https:\\\/\\\/crocjeux.com\\\/index.php\\\/produit\\\/time-stories-madame\\\/\",\"name\":\"Time Stories - Madame - Croc Jeux\",\"isPartOf\":{\"@id\":\"https:\\\/\\\/crocjeux.com\\\/#website\"},\"primaryImageOfPage\":{\"@id\":\"https:\\\/\\\/crocjeux.com\\\/index.php\\\/produit\\\/time-stories-madame\\\/#primaryimage\"},\"image\":{\"@id\":\"https:\\\/\\\/crocjeux.com\\\/index.php\\\/produit\\\/time-stories-madame\\\/#primaryimage\"},\"thumbnailUrl\":\"https:\\\/\\\/crocjeux.com\\\/wp-content\\\/uploads\\\/2020\\\/10\\\/time_stories_madame.png\",\"datePublished\":\"2020-10-29T11:04:34+00:00\",\"dateModified\":\"2023-01-26T13:16:21+00:00\",\"breadcrumb\":{\"@id\":\"https:\\\/\\\/crocjeux.com\\\/index.php\\\/produit\\\/time-stories-madame\\\/#breadcrumb\"},\"inLanguage\":\"fr-FR\",\"potentialAction\":[{\"@type\":\"ReadAction\",\"target\":[\"https:\\\/\\\/crocjeux.com\\\/index.php\\\/produit\\\/time-stories-madame\\\/\"]}]},{\"@type\":\"ImageObject\",\"inLanguage\":\"fr-FR\",\"@id\":\"https:\\\/\\\/crocjeux.com\\\/index.php\\\/produit\\\/time-stories-madame\\\/#primaryimage\",\"url\":\"https:\\\/\\\/crocjeux.com\\\/wp-content\\\/uploads\\\/2020\\\/10\\\/time_stories_madame.png\",\"contentUrl\":\"https:\\\/\\\/crocjeux.com\\\/wp-content\\\/uploads\\\/2020\\\/10\\\/time_stories_madame.png\",\"width\":501,\"height\":704},{\"@type\":\"BreadcrumbList\",\"@id\":\"https:\\\/\\\/crocjeux.com\\\/index.php\\\/produit\\\/time-stories-madame\\\/#breadcrumb\",\"itemListElement\":[{\"@type\":\"ListItem\",\"position\":1,\"name\":\"Accueil\",\"item\":\"https:\\\/\\\/crocjeux.com\\\/\"},{\"@type\":\"ListItem\",\"position\":2,\"name\":\"Boutique\",\"item\":\"https:\\\/\\\/crocjeux.com\\\/\"},{\"@type\":\"ListItem\",\"position\":3,\"name\":\"Time Stories &#8211; Madame\"}]},{\"@type\":\"WebSite\",\"@id\":\"https:\\\/\\\/crocjeux.com\\\/#website\",\"url\":\"https:\\\/\\\/crocjeux.com\\\/\",\"name\":\"Croc Jeux\",\"description\":\"Bienvenue chez Croc Jeux!\",\"publisher\":{\"@id\":\"https:\\\/\\\/crocjeux.com\\\/#organization\"},\"potentialAction\":[{\"@type\":\"SearchAction\",\"target\":{\"@type\":\"EntryPoint\",\"urlTemplate\":\"https:\\\/\\\/crocjeux.com\\\/?s={search_term_string}\"},\"query-input\":{\"@type\":\"PropertyValueSpecification\",\"valueRequired\":true,\"valueName\":\"search_term_string\"}}],\"inLanguage\":\"fr-FR\"},{\"@type\":\"Organization\",\"@id\":\"https:\\\/\\\/crocjeux.com\\\/#organization\",\"name\":\"Croc Jeux\",\"url\":\"https:\\\/\\\/crocjeux.com\\\/\",\"logo\":{\"@type\":\"ImageObject\",\"inLanguage\":\"fr-FR\",\"@id\":\"https:\\\/\\\/crocjeux.com\\\/#\\\/schema\\\/logo\\\/image\\\/\",\"url\":\"https:\\\/\\\/crocjeux.com\\\/wp-content\\\/uploads\\\/2022\\\/01\\\/cropped-logo-croc-etape-1-e1644574034239.jpg\",\"contentUrl\":\"https:\\\/\\\/crocjeux.com\\\/wp-content\\\/uploads\\\/2022\\\/01\\\/cropped-logo-croc-etape-1-e1644574034239.jpg\",\"width\":1224,\"height\":314,\"caption\":\"Croc Jeux\"},\"image\":{\"@id\":\"https:\\\/\\\/crocjeux.com\\\/#\\\/schema\\\/logo\\\/image\\\/\"}}]}<\/script>\n<!-- \/ Yoast SEO plugin. -->","yoast_head_json":{"title":"Time Stories - Madame - Croc Jeux","robots":{"index":"index","follow":"follow","max-snippet":"max-snippet:-1","max-image-preview":"max-image-preview:large","max-video-preview":"max-video-preview:-1"},"canonical":"https:\/\/crocjeux.com\/index.php\/produit\/time-stories-madame\/","og_locale":"fr_FR","og_type":"article","og_title":"Time Stories - Madame - Croc Jeux","og_description":"MADAME N.T. 1673 est le 9\u00e8me sc\u00e9nario du jeu T.I.M.E Stories. Incarnez des agents envoy\u00e9s dans le pass\u00e9, \u00e0 la cour de Louis XIV en 1673, pour garantir la sauvegarde de la Terre et de l\u2019humanit\u00e9. Ce nouvel opus de la saga T.I.M.E Stories apporte de nombreuses innovations, tant au niveau des m\u00e9caniques que des th\u00e9matiques.","og_url":"https:\/\/crocjeux.com\/index.php\/produit\/time-stories-madame\/","og_site_name":"Croc Jeux","article_modified_time":"2023-01-26T13:16:21+00:00","og_image":[{"width":501,"height":704,"url":"https:\/\/crocjeux.com\/wp-content\/uploads\/2020\/10\/time_stories_madame.png","type":"image\/png"}],"twitter_card":"summary_large_image","twitter_misc":{"Dur\u00e9e de lecture estim\u00e9e":"2 minutes"},"schema":{"@context":"https:\/\/schema.org","@graph":[{"@type":"WebPage","@id":"https:\/\/crocjeux.com\/index.php\/produit\/time-stories-madame\/","url":"https:\/\/crocjeux.com\/index.php\/produit\/time-stories-madame\/","name":"Time Stories - Madame - Croc Jeux","isPartOf":{"@id":"https:\/\/crocjeux.com\/#website"},"primaryImageOfPage":{"@id":"https:\/\/crocjeux.com\/index.php\/produit\/time-stories-madame\/#primaryimage"},"image":{"@id":"https:\/\/crocjeux.com\/index.php\/produit\/time-stories-madame\/#primaryimage"},"thumbnailUrl":"https:\/\/crocjeux.com\/wp-content\/uploads\/2020\/10\/time_stories_madame.png","datePublished":"2020-10-29T11:04:34+00:00","dateModified":"2023-01-26T13:16:21+00:00","breadcrumb":{"@id":"https:\/\/crocjeux.com\/index.php\/produit\/time-stories-madame\/#breadcrumb"},"inLanguage":"fr-FR","potentialAction":[{"@type":"ReadAction","target":["https:\/\/crocjeux.com\/index.php\/produit\/time-stories-madame\/"]}]},{"@type":"ImageObject","inLanguage":"fr-FR","@id":"https:\/\/crocjeux.com\/index.php\/produit\/time-stories-madame\/#primaryimage","url":"https:\/\/crocjeux.com\/wp-content\/uploads\/2020\/10\/time_stories_madame.png","contentUrl":"https:\/\/crocjeux.com\/wp-content\/uploads\/2020\/10\/time_stories_madame.png","width":501,"height":704},{"@type":"BreadcrumbList","@id":"https:\/\/crocjeux.com\/index.php\/produit\/time-stories-madame\/#breadcrumb","itemListElement":[{"@type":"ListItem","position":1,"name":"Accueil","item":"https:\/\/crocjeux.com\/"},{"@type":"ListItem","position":2,"name":"Boutique","item":"https:\/\/crocjeux.com\/"},{"@type":"ListItem","position":3,"name":"Time Stories &#8211; Madame"}]},{"@type":"WebSite","@id":"https:\/\/crocjeux.com\/#website","url":"https:\/\/crocjeux.com\/","name":"Croc Jeux","description":"Bienvenue chez Croc Jeux!","publisher":{"@id":"https:\/\/crocjeux.com\/#organization"},"potentialAction":[{"@type":"SearchAction","target":{"@type":"EntryPoint","urlTemplate":"https:\/\/crocjeux.com\/?s={search_term_string}"},"query-input":{"@type":"PropertyValueSpecification","valueRequired":true,"valueName":"search_term_string"}}],"inLanguage":"fr-FR"},{"@type":"Organization","@id":"https:\/\/crocjeux.com\/#organization","name":"Croc Jeux","url":"https:\/\/crocjeux.com\/","logo":{"@type":"ImageObject","inLanguage":"fr-FR","@id":"https:\/\/crocjeux.com\/#\/schema\/logo\/image\/","url":"https:\/\/crocjeux.com\/wp-content\/uploads\/2022\/01\/cropped-logo-croc-etape-1-e1644574034239.jpg","contentUrl":"https:\/\/crocjeux.com\/wp-content\/uploads\/2022\/01\/cropped-logo-croc-etape-1-e1644574034239.jpg","width":1224,"height":314,"caption":"Croc Jeux"},"image":{"@id":"https:\/\/crocjeux.com\/#\/schema\/logo\/image\/"}}]}},"_links":{"self":[{"href":"https:\/\/crocjeux.com\/index.php\/wp-json\/wp\/v2\/product\/116","targetHints":{"allow":["GET"]}}],"collection":[{"href":"https:\/\/crocjeux.com\/index.php\/wp-json\/wp\/v2\/product"}],"about":[{"href":"https:\/\/crocjeux.com\/index.php\/wp-json\/wp\/v2\/types\/product"}],"replies":[{"embeddable":true,"href":"https:\/\/crocjeux.com\/index.php\/wp-json\/wp\/v2\/comments?post=116"}],"wp:featuredmedia":[{"embeddable":true,"href":"https:\/\/crocjeux.com\/index.php\/wp-json\/wp\/v2\/media\/117"}],"wp:attachment":[{"href":"https:\/\/crocjeux.com\/index.php\/wp-json\/wp\/v2\/media?parent=116"}],"wp:term":[{"taxonomy":"product_brand","embeddable":true,"href":"https:\/\/crocjeux.com\/index.php\/wp-json\/wp\/v2\/product_brand?post=116"},{"taxonomy":"product_cat","embeddable":true,"href":"https:\/\/crocjeux.com\/index.php\/wp-json\/wp\/v2\/product_cat?post=116"},{"taxonomy":"product_tag","embeddable":true,"href":"https:\/\/crocjeux.com\/index.php\/wp-json\/wp\/v2\/product_tag?post=116"}],"curies":[{"name":"wp","href":"https:\/\/api.w.org\/{rel}","templated":true}]}}