{"id":122,"date":"2020-10-29T12:12:02","date_gmt":"2020-10-29T11:12:02","guid":{"rendered":"https:\/\/crocjeux.com\/?post_type=product&#038;p=122"},"modified":"2023-01-26T14:15:19","modified_gmt":"2023-01-26T13:15:19","slug":"time-stories-la-prophetie-des-dragons","status":"publish","type":"product","link":"https:\/\/crocjeux.com\/index.php\/produit\/time-stories-la-prophetie-des-dragons\/","title":{"rendered":"Time Stories &#8211; La Proph\u00e9tie des Dragons"},"content":{"rendered":"<section id=\"tab-description\" class=\"page-product-box r-tabs-panel r-tabs-state-active\">\n<div class=\"rte\">\n<h2>T.I.M.E Stories \u2013 La Proph\u00e9tie des Dragons, retour dans un Moyen-\u00c2ge alternatif<\/h2>\n<p>Apr\u00e8s Asylum, le sc\u00e9nario du jeu de base et les deux premi\u00e8res extensions, The Marcy Case et Sous le masque, la saga T.I.M.E revient avec un nouveau sc\u00e9nario : <strong>La Proph\u00e9tie des Dragons<\/strong>.<\/p>\n<p>Dans cette aventure, vous incarnez des agents envoy\u00e9s dans une \u00e9poque lointaine <strong>modifi\u00e9e par la magie<\/strong>. Votre mission sera de r\u00e9soudre une \u00e9nigme dans ce <strong>monde m\u00e9di\u00e9val fantastique<\/strong> peupl\u00e9 d\u2019\u00eatres \u00e9tranges. Le Moyen-\u00c2ge a \u00e9t\u00e9 boulevers\u00e9, explorez une autre r\u00e9alit\u00e9 o\u00f9 la magie joue un r\u00f4le majeur.<\/p>\n<p>Comme chaque sc\u00e9nario de la gamme, La Proph\u00e9tie des Dragons est une histoire totalement ind\u00e9pendante et peut \u00eatre jou\u00e9e dans n\u2019importe quel ordre. Cependant, il n\u00e9cessite imp\u00e9rativement le jeu de base.<\/p>\n<h2>T.I.M.E Stories, un concept \u00e0 part<\/h2>\n<p>Si vous n\u2019avez pas encore d\u00e9couvert la gamme, T.I.M.E Stories comprend un jeu de base et une multitude de sc\u00e9narios ind\u00e9pendants.<\/p>\n<p>Dans T.I.M.E Stories, les joueurs incarnent des agents temporels \u0153uvrant au service de l\u2019agence T.I.M.E, une organisation qui ma\u00eetrise le voyage dans le temps et les r\u00e9alit\u00e9s parall\u00e8les. Des failles et des paradoxes menacent l\u2019\u00e9quilibre de l\u2019humanit\u00e9. Le r\u00f4le de l\u2019agence T.IM.E est d\u2019\u00e9viter leur apparition et de lutter pour la pr\u00e9servation de cet \u00e9quilibre fragile. Des agents partent en mission dans le temps pour r\u00e9soudre des situations potentiellement dangereuses pour le continuum espace-temps. Vous \u00eates l\u2019un d\u2019entre eux.<\/p>\n<h2>T.I.M.E Stories, un jeu de decksploration narratif<\/h2>\n<p>T.I.M.E Stories est un jeu de plateau, mais poss\u00e8de des \u00e9l\u00e9ments propres au jeu de r\u00f4le. Les joueurs sont confront\u00e9s \u00e0 des situations et doivent interagir pour faire progresser l\u2019intrigue.<\/p>\n<p>T.I.M.E Stories propose une m\u00e9canique simple et immersive : le decksploring. S\u2019appuyant sur des sc\u00e9narios qui se combinent au mat\u00e9riel du jeu g\u00e9n\u00e9rique, le jeu plonge les joueurs dans des intrigues originales.<\/p>\n<\/div>\n<\/section>\n","protected":false},"excerpt":{"rendered":"<div id=\"short_description_block\">\n<div id=\"short_description_content\" class=\"rte align_justify hide-smartphone\">Apr\u00e8s Asylum et The Marcy Case, une nouvelle mission attend les agents de la T.I.M.E. Dans ce nouveau sc\u00e9nario, T.I.M.E Stories &#8211; La Proph\u00e9tie des Dragons A.T. 7553, plongez au coeur d&rsquo;un monde m\u00e9di\u00e9val modifi\u00e9 par la magie !<\/div>\n<\/div>\n","protected":false},"featured_media":123,"comment_status":"open","ping_status":"closed","template":"","meta":{"colormag_page_container_layout":"default_layout","colormag_page_sidebar_layout":"default_layout"},"product_brand":[],"product_cat":[74,81,103,104],"product_tag":[],"class_list":{"0":"post-122","1":"product","2":"type-product","3":"status-publish","4":"has-post-thumbnail","6":"product_cat-time-stories-jeux-a-deux","7":"product_cat-time-stories-jeux-collaboratifs","8":"product_cat-time-stories-escape-room","9":"product_cat-time-stories-jeux-solo","11":"first","12":"instock","13":"taxable","14":"shipping-taxable","15":"purchasable","16":"product-type-simple"},"yoast_head":"<!-- This site is optimized with the Yoast SEO plugin v27.3 - https:\/\/yoast.com\/product\/yoast-seo-wordpress\/ -->\n<title>Time Stories - La Proph\u00e9tie des Dragons - Croc Jeux<\/title>\n<meta name=\"robots\" content=\"index, follow, max-snippet:-1, max-image-preview:large, max-video-preview:-1\" \/>\n<link rel=\"canonical\" href=\"https:\/\/crocjeux.com\/index.php\/produit\/time-stories-la-prophetie-des-dragons\/\" \/>\n<meta property=\"og:locale\" content=\"fr_FR\" \/>\n<meta property=\"og:type\" content=\"article\" \/>\n<meta property=\"og:title\" content=\"Time Stories - La Proph\u00e9tie des Dragons - Croc Jeux\" \/>\n<meta property=\"og:description\" content=\"Apr\u00e8s Asylum et The Marcy Case, une nouvelle mission attend les agents de la T.I.M.E. Dans ce nouveau sc\u00e9nario, T.I.M.E Stories - La Proph\u00e9tie des Dragons A.T. 7553, plongez au coeur d&#039;un monde m\u00e9di\u00e9val modifi\u00e9 par la magie !\" \/>\n<meta property=\"og:url\" content=\"https:\/\/crocjeux.com\/index.php\/produit\/time-stories-la-prophetie-des-dragons\/\" \/>\n<meta property=\"og:site_name\" content=\"Croc Jeux\" \/>\n<meta property=\"article:modified_time\" content=\"2023-01-26T13:15:19+00:00\" \/>\n<meta property=\"og:image\" content=\"https:\/\/crocjeux.com\/wp-content\/uploads\/2020\/10\/time_stories_dragon.png\" \/>\n\t<meta property=\"og:image:width\" content=\"649\" \/>\n\t<meta property=\"og:image:height\" content=\"734\" \/>\n\t<meta property=\"og:image:type\" content=\"image\/png\" \/>\n<meta name=\"twitter:card\" content=\"summary_large_image\" \/>\n<meta name=\"twitter:label1\" content=\"Dur\u00e9e de lecture estim\u00e9e\" \/>\n\t<meta name=\"twitter:data1\" content=\"2 minutes\" \/>\n<script type=\"application\/ld+json\" class=\"yoast-schema-graph\">{\"@context\":\"https:\\\/\\\/schema.org\",\"@graph\":[{\"@type\":\"WebPage\",\"@id\":\"https:\\\/\\\/crocjeux.com\\\/index.php\\\/produit\\\/time-stories-la-prophetie-des-dragons\\\/\",\"url\":\"https:\\\/\\\/crocjeux.com\\\/index.php\\\/produit\\\/time-stories-la-prophetie-des-dragons\\\/\",\"name\":\"Time Stories - La Proph\u00e9tie des Dragons - Croc Jeux\",\"isPartOf\":{\"@id\":\"https:\\\/\\\/crocjeux.com\\\/#website\"},\"primaryImageOfPage\":{\"@id\":\"https:\\\/\\\/crocjeux.com\\\/index.php\\\/produit\\\/time-stories-la-prophetie-des-dragons\\\/#primaryimage\"},\"image\":{\"@id\":\"https:\\\/\\\/crocjeux.com\\\/index.php\\\/produit\\\/time-stories-la-prophetie-des-dragons\\\/#primaryimage\"},\"thumbnailUrl\":\"https:\\\/\\\/crocjeux.com\\\/wp-content\\\/uploads\\\/2020\\\/10\\\/time_stories_dragon.png\",\"datePublished\":\"2020-10-29T11:12:02+00:00\",\"dateModified\":\"2023-01-26T13:15:19+00:00\",\"breadcrumb\":{\"@id\":\"https:\\\/\\\/crocjeux.com\\\/index.php\\\/produit\\\/time-stories-la-prophetie-des-dragons\\\/#breadcrumb\"},\"inLanguage\":\"fr-FR\",\"potentialAction\":[{\"@type\":\"ReadAction\",\"target\":[\"https:\\\/\\\/crocjeux.com\\\/index.php\\\/produit\\\/time-stories-la-prophetie-des-dragons\\\/\"]}]},{\"@type\":\"ImageObject\",\"inLanguage\":\"fr-FR\",\"@id\":\"https:\\\/\\\/crocjeux.com\\\/index.php\\\/produit\\\/time-stories-la-prophetie-des-dragons\\\/#primaryimage\",\"url\":\"https:\\\/\\\/crocjeux.com\\\/wp-content\\\/uploads\\\/2020\\\/10\\\/time_stories_dragon.png\",\"contentUrl\":\"https:\\\/\\\/crocjeux.com\\\/wp-content\\\/uploads\\\/2020\\\/10\\\/time_stories_dragon.png\",\"width\":649,\"height\":734},{\"@type\":\"BreadcrumbList\",\"@id\":\"https:\\\/\\\/crocjeux.com\\\/index.php\\\/produit\\\/time-stories-la-prophetie-des-dragons\\\/#breadcrumb\",\"itemListElement\":[{\"@type\":\"ListItem\",\"position\":1,\"name\":\"Accueil\",\"item\":\"https:\\\/\\\/crocjeux.com\\\/\"},{\"@type\":\"ListItem\",\"position\":2,\"name\":\"Boutique\",\"item\":\"https:\\\/\\\/crocjeux.com\\\/\"},{\"@type\":\"ListItem\",\"position\":3,\"name\":\"Time Stories &#8211; La Proph\u00e9tie des Dragons\"}]},{\"@type\":\"WebSite\",\"@id\":\"https:\\\/\\\/crocjeux.com\\\/#website\",\"url\":\"https:\\\/\\\/crocjeux.com\\\/\",\"name\":\"Croc Jeux\",\"description\":\"Bienvenue chez Croc Jeux!\",\"publisher\":{\"@id\":\"https:\\\/\\\/crocjeux.com\\\/#organization\"},\"potentialAction\":[{\"@type\":\"SearchAction\",\"target\":{\"@type\":\"EntryPoint\",\"urlTemplate\":\"https:\\\/\\\/crocjeux.com\\\/?s={search_term_string}\"},\"query-input\":{\"@type\":\"PropertyValueSpecification\",\"valueRequired\":true,\"valueName\":\"search_term_string\"}}],\"inLanguage\":\"fr-FR\"},{\"@type\":\"Organization\",\"@id\":\"https:\\\/\\\/crocjeux.com\\\/#organization\",\"name\":\"Croc Jeux\",\"url\":\"https:\\\/\\\/crocjeux.com\\\/\",\"logo\":{\"@type\":\"ImageObject\",\"inLanguage\":\"fr-FR\",\"@id\":\"https:\\\/\\\/crocjeux.com\\\/#\\\/schema\\\/logo\\\/image\\\/\",\"url\":\"https:\\\/\\\/crocjeux.com\\\/wp-content\\\/uploads\\\/2022\\\/01\\\/cropped-logo-croc-etape-1-e1644574034239.jpg\",\"contentUrl\":\"https:\\\/\\\/crocjeux.com\\\/wp-content\\\/uploads\\\/2022\\\/01\\\/cropped-logo-croc-etape-1-e1644574034239.jpg\",\"width\":1224,\"height\":314,\"caption\":\"Croc Jeux\"},\"image\":{\"@id\":\"https:\\\/\\\/crocjeux.com\\\/#\\\/schema\\\/logo\\\/image\\\/\"}}]}<\/script>\n<!-- \/ Yoast SEO plugin. -->","yoast_head_json":{"title":"Time Stories - La Proph\u00e9tie des Dragons - Croc Jeux","robots":{"index":"index","follow":"follow","max-snippet":"max-snippet:-1","max-image-preview":"max-image-preview:large","max-video-preview":"max-video-preview:-1"},"canonical":"https:\/\/crocjeux.com\/index.php\/produit\/time-stories-la-prophetie-des-dragons\/","og_locale":"fr_FR","og_type":"article","og_title":"Time Stories - La Proph\u00e9tie des Dragons - Croc Jeux","og_description":"Apr\u00e8s Asylum et The Marcy Case, une nouvelle mission attend les agents de la T.I.M.E. Dans ce nouveau sc\u00e9nario, T.I.M.E Stories - La Proph\u00e9tie des Dragons A.T. 7553, plongez au coeur d'un monde m\u00e9di\u00e9val modifi\u00e9 par la magie !","og_url":"https:\/\/crocjeux.com\/index.php\/produit\/time-stories-la-prophetie-des-dragons\/","og_site_name":"Croc Jeux","article_modified_time":"2023-01-26T13:15:19+00:00","og_image":[{"width":649,"height":734,"url":"https:\/\/crocjeux.com\/wp-content\/uploads\/2020\/10\/time_stories_dragon.png","type":"image\/png"}],"twitter_card":"summary_large_image","twitter_misc":{"Dur\u00e9e de lecture estim\u00e9e":"2 minutes"},"schema":{"@context":"https:\/\/schema.org","@graph":[{"@type":"WebPage","@id":"https:\/\/crocjeux.com\/index.php\/produit\/time-stories-la-prophetie-des-dragons\/","url":"https:\/\/crocjeux.com\/index.php\/produit\/time-stories-la-prophetie-des-dragons\/","name":"Time Stories - La Proph\u00e9tie des Dragons - Croc Jeux","isPartOf":{"@id":"https:\/\/crocjeux.com\/#website"},"primaryImageOfPage":{"@id":"https:\/\/crocjeux.com\/index.php\/produit\/time-stories-la-prophetie-des-dragons\/#primaryimage"},"image":{"@id":"https:\/\/crocjeux.com\/index.php\/produit\/time-stories-la-prophetie-des-dragons\/#primaryimage"},"thumbnailUrl":"https:\/\/crocjeux.com\/wp-content\/uploads\/2020\/10\/time_stories_dragon.png","datePublished":"2020-10-29T11:12:02+00:00","dateModified":"2023-01-26T13:15:19+00:00","breadcrumb":{"@id":"https:\/\/crocjeux.com\/index.php\/produit\/time-stories-la-prophetie-des-dragons\/#breadcrumb"},"inLanguage":"fr-FR","potentialAction":[{"@type":"ReadAction","target":["https:\/\/crocjeux.com\/index.php\/produit\/time-stories-la-prophetie-des-dragons\/"]}]},{"@type":"ImageObject","inLanguage":"fr-FR","@id":"https:\/\/crocjeux.com\/index.php\/produit\/time-stories-la-prophetie-des-dragons\/#primaryimage","url":"https:\/\/crocjeux.com\/wp-content\/uploads\/2020\/10\/time_stories_dragon.png","contentUrl":"https:\/\/crocjeux.com\/wp-content\/uploads\/2020\/10\/time_stories_dragon.png","width":649,"height":734},{"@type":"BreadcrumbList","@id":"https:\/\/crocjeux.com\/index.php\/produit\/time-stories-la-prophetie-des-dragons\/#breadcrumb","itemListElement":[{"@type":"ListItem","position":1,"name":"Accueil","item":"https:\/\/crocjeux.com\/"},{"@type":"ListItem","position":2,"name":"Boutique","item":"https:\/\/crocjeux.com\/"},{"@type":"ListItem","position":3,"name":"Time Stories &#8211; La Proph\u00e9tie des Dragons"}]},{"@type":"WebSite","@id":"https:\/\/crocjeux.com\/#website","url":"https:\/\/crocjeux.com\/","name":"Croc Jeux","description":"Bienvenue chez Croc Jeux!","publisher":{"@id":"https:\/\/crocjeux.com\/#organization"},"potentialAction":[{"@type":"SearchAction","target":{"@type":"EntryPoint","urlTemplate":"https:\/\/crocjeux.com\/?s={search_term_string}"},"query-input":{"@type":"PropertyValueSpecification","valueRequired":true,"valueName":"search_term_string"}}],"inLanguage":"fr-FR"},{"@type":"Organization","@id":"https:\/\/crocjeux.com\/#organization","name":"Croc Jeux","url":"https:\/\/crocjeux.com\/","logo":{"@type":"ImageObject","inLanguage":"fr-FR","@id":"https:\/\/crocjeux.com\/#\/schema\/logo\/image\/","url":"https:\/\/crocjeux.com\/wp-content\/uploads\/2022\/01\/cropped-logo-croc-etape-1-e1644574034239.jpg","contentUrl":"https:\/\/crocjeux.com\/wp-content\/uploads\/2022\/01\/cropped-logo-croc-etape-1-e1644574034239.jpg","width":1224,"height":314,"caption":"Croc Jeux"},"image":{"@id":"https:\/\/crocjeux.com\/#\/schema\/logo\/image\/"}}]}},"_links":{"self":[{"href":"https:\/\/crocjeux.com\/index.php\/wp-json\/wp\/v2\/product\/122","targetHints":{"allow":["GET"]}}],"collection":[{"href":"https:\/\/crocjeux.com\/index.php\/wp-json\/wp\/v2\/product"}],"about":[{"href":"https:\/\/crocjeux.com\/index.php\/wp-json\/wp\/v2\/types\/product"}],"replies":[{"embeddable":true,"href":"https:\/\/crocjeux.com\/index.php\/wp-json\/wp\/v2\/comments?post=122"}],"wp:featuredmedia":[{"embeddable":true,"href":"https:\/\/crocjeux.com\/index.php\/wp-json\/wp\/v2\/media\/123"}],"wp:attachment":[{"href":"https:\/\/crocjeux.com\/index.php\/wp-json\/wp\/v2\/media?parent=122"}],"wp:term":[{"taxonomy":"product_brand","embeddable":true,"href":"https:\/\/crocjeux.com\/index.php\/wp-json\/wp\/v2\/product_brand?post=122"},{"taxonomy":"product_cat","embeddable":true,"href":"https:\/\/crocjeux.com\/index.php\/wp-json\/wp\/v2\/product_cat?post=122"},{"taxonomy":"product_tag","embeddable":true,"href":"https:\/\/crocjeux.com\/index.php\/wp-json\/wp\/v2\/product_tag?post=122"}],"curies":[{"name":"wp","href":"https:\/\/api.w.org\/{rel}","templated":true}]}}