{"id":1259,"date":"2020-11-25T16:03:02","date_gmt":"2020-11-25T15:03:02","guid":{"rendered":"https:\/\/crocjeux.com\/?post_type=product&#038;p=1259"},"modified":"2025-12-04T10:59:55","modified_gmt":"2025-12-04T09:59:55","slug":"memoire-44-terrainpack","status":"publish","type":"product","link":"https:\/\/crocjeux.com\/index.php\/produit\/memoire-44-terrainpack\/","title":{"rendered":"M\u00e9moire 44 &#8211; Terrain Pack"},"content":{"rendered":"<div class=\"pb-left-column\">\n<div id=\"views_block\" class=\"clearfix \">\n<div id=\"thumbs_list\">\n<div class=\"owl-dots\"><\/div>\n<\/div>\n<\/div>\n<\/div>\n<div class=\"pb-center-column\">\n<h1 id=\"product_name\">Memoire 44 &#8211; Terrain Pack<\/h1>\n<div id=\"short_description_block\">\n<div id=\"short_description_content\" class=\"rte align_justify hide-smartphone\">Extension pour m\u00e9moire 44 ajoutant de nouveaux terrains et de nouvelles r\u00e8gles.<\/div>\n<\/div>\n<ul class=\"illustrated_features\">\n<li class=\"langue tooltips\" title=\"\" data-hasqtip=\"5\" aria-describedby=\"qtip-5\">Anglais, Fran\u00e7ais<\/li>\n<li class=\"age tooltips\" title=\"\" data-hasqtip=\"6\">\u00a0\u00e0 partir de 8 ans<\/li>\n<li class=\"duree_partie tooltips\" title=\"\" data-hasqtip=\"7\">\u00a030mn \u00e0 1h<\/li>\n<li class=\"nb_joueurs tooltips\" title=\"\" data-hasqtip=\"8\" aria-describedby=\"qtip-8\">\u00a02 joueur(s)<\/li>\n<\/ul>\n<h3>Extension pour m\u00e9moire 44 ajoutant de nouveaux terrains et de nouvelles r\u00e8gles.<\/h3>\n<p>Truff\u00e9e de nouvelles pi\u00e8ces de terrains, de nouveaux badges d&rsquo;unit\u00e9s et de nouveaux marqueurs, cette extension apporte aussi de nouveaux compl\u00e9ments au jeu, comme des r\u00e8gles pour jouer les batailles dans le d\u00e9sert, un syst\u00e8me pour g\u00e9rer les champs de mines et, enfin, des instructions relatives aux nouveaux b\u00e2timents.<\/p>\n<p>Pour rendre les sc\u00e9narios d&rsquo;Afrique du Nord plus attrayants visuellement, vous pouvez utiliser le Plateau Hiver\/D\u00e9sert, vendu s\u00e9par\u00e9ment (il contient \u00e9galement des r\u00e8gles de campagnes simplifi\u00e9es pour relier ensemble des sc\u00e9narios et une r\u00e8gle de Blitz pour les batailles de 1939 \u00e0 1940).<\/p>\n<p>Contenu :<\/p>\n<ul>\n<li>66 pi\u00e8ces de terrains : routes, voies ferr\u00e9es, rivi\u00e8res, montagnes, mar\u00e9cages, palmeraies, oueds, oasis, villages sahariens&#8230;<\/li>\n<li>22 b\u00e2timents : d\u00e9p\u00f4t de munitions, centrale \u00e9lectrique, camp de prisonnier, station radar, phare, a\u00e9rodrome, baraquements,cimeti\u00e8re, barrage, usine, forteresse&#8230;<\/li>\n<li>20 marqueurs : 10 pions de mines, 5 m\u00e9dailles italiennes et britanniques, 6 cibles&#8230;<\/li>\n<li>16 obstacles: casemates, ponts flottants, ponts routiers ou de chemin de fer.<\/li>\n<li>28 badges d&rsquo;unit\u00e9s sp\u00e9ciales : partisans, troupes du g\u00e9nie, troupes nord-africaines ou du Commonwealth, \u00e9lites US, allemandes, italiennes et britanniques.<\/li>\n<li>4 sc\u00e9narios mettant en sc\u00e8ne ces nouveaux \u00e9l\u00e9ments.<\/li>\n<li>Les r\u00e8gles d\u00e9crivant ces nouveaux terrains et \u00e9l\u00e9ments de jeu.<\/li>\n<\/ul>\n<\/div>\n","protected":false},"excerpt":{"rendered":"<p>Memoire 44 &#8211; Terrain Pack Extension pour m\u00e9moire 44 ajoutant de nouveaux terrains et de nouvelles r\u00e8gles. Anglais, Fran\u00e7ais \u00a0\u00e0<\/p>\n","protected":false},"featured_media":1260,"comment_status":"open","ping_status":"closed","template":"","meta":{"colormag_page_container_layout":"default_layout","colormag_page_sidebar_layout":"default_layout"},"product_brand":[],"product_cat":[70,93,94,95],"product_tag":[],"class_list":{"0":"post-1259","1":"product","2":"type-product","3":"status-publish","4":"has-post-thumbnail","6":"product_cat-memoire-44-jeux-a-deux","7":"product_cat-memoire-44-jeux-strategie","8":"product_cat-memoire-44-jeux-experts","9":"product_cat-memoire-44-jeux-civilisation","11":"first","12":"outofstock","13":"taxable","14":"shipping-taxable","15":"purchasable","16":"product-type-simple"},"yoast_head":"<!-- This site is optimized with the Yoast SEO plugin v27.4 - https:\/\/yoast.com\/product\/yoast-seo-wordpress\/ -->\n<title>M\u00e9moire 44 - Terrain Pack - Croc Jeux<\/title>\n<meta name=\"robots\" content=\"index, follow, max-snippet:-1, max-image-preview:large, max-video-preview:-1\" \/>\n<link rel=\"canonical\" href=\"https:\/\/crocjeux.com\/index.php\/produit\/memoire-44-terrainpack\/\" \/>\n<meta property=\"og:locale\" content=\"fr_FR\" \/>\n<meta property=\"og:type\" content=\"article\" \/>\n<meta property=\"og:title\" content=\"M\u00e9moire 44 - Terrain Pack - Croc Jeux\" \/>\n<meta property=\"og:description\" content=\"Memoire 44 &#8211; Terrain Pack Extension pour m\u00e9moire 44 ajoutant de nouveaux terrains et de nouvelles r\u00e8gles. Anglais, Fran\u00e7ais \u00a0\u00e0\" \/>\n<meta property=\"og:url\" content=\"https:\/\/crocjeux.com\/index.php\/produit\/memoire-44-terrainpack\/\" \/>\n<meta property=\"og:site_name\" content=\"Croc Jeux\" \/>\n<meta property=\"article:modified_time\" content=\"2025-12-04T09:59:55+00:00\" \/>\n<meta property=\"og:image\" content=\"https:\/\/crocjeux.com\/wp-content\/uploads\/2020\/11\/memoire-44-terrain-pack.jpg\" \/>\n\t<meta property=\"og:image:width\" content=\"372\" \/>\n\t<meta property=\"og:image:height\" content=\"372\" \/>\n\t<meta property=\"og:image:type\" content=\"image\/jpeg\" \/>\n<meta name=\"twitter:card\" content=\"summary_large_image\" \/>\n<meta name=\"twitter:label1\" content=\"Dur\u00e9e de lecture estim\u00e9e\" \/>\n\t<meta name=\"twitter:data1\" content=\"2 minutes\" \/>\n<script type=\"application\/ld+json\" class=\"yoast-schema-graph\">{\"@context\":\"https:\\\/\\\/schema.org\",\"@graph\":[{\"@type\":\"WebPage\",\"@id\":\"https:\\\/\\\/crocjeux.com\\\/index.php\\\/produit\\\/memoire-44-terrainpack\\\/\",\"url\":\"https:\\\/\\\/crocjeux.com\\\/index.php\\\/produit\\\/memoire-44-terrainpack\\\/\",\"name\":\"M\u00e9moire 44 - Terrain Pack - Croc Jeux\",\"isPartOf\":{\"@id\":\"https:\\\/\\\/crocjeux.com\\\/#website\"},\"primaryImageOfPage\":{\"@id\":\"https:\\\/\\\/crocjeux.com\\\/index.php\\\/produit\\\/memoire-44-terrainpack\\\/#primaryimage\"},\"image\":{\"@id\":\"https:\\\/\\\/crocjeux.com\\\/index.php\\\/produit\\\/memoire-44-terrainpack\\\/#primaryimage\"},\"thumbnailUrl\":\"https:\\\/\\\/crocjeux.com\\\/wp-content\\\/uploads\\\/2020\\\/11\\\/memoire-44-terrain-pack.jpg\",\"datePublished\":\"2020-11-25T15:03:02+00:00\",\"dateModified\":\"2025-12-04T09:59:55+00:00\",\"breadcrumb\":{\"@id\":\"https:\\\/\\\/crocjeux.com\\\/index.php\\\/produit\\\/memoire-44-terrainpack\\\/#breadcrumb\"},\"inLanguage\":\"fr-FR\",\"potentialAction\":[{\"@type\":\"ReadAction\",\"target\":[\"https:\\\/\\\/crocjeux.com\\\/index.php\\\/produit\\\/memoire-44-terrainpack\\\/\"]}]},{\"@type\":\"ImageObject\",\"inLanguage\":\"fr-FR\",\"@id\":\"https:\\\/\\\/crocjeux.com\\\/index.php\\\/produit\\\/memoire-44-terrainpack\\\/#primaryimage\",\"url\":\"https:\\\/\\\/crocjeux.com\\\/wp-content\\\/uploads\\\/2020\\\/11\\\/memoire-44-terrain-pack.jpg\",\"contentUrl\":\"https:\\\/\\\/crocjeux.com\\\/wp-content\\\/uploads\\\/2020\\\/11\\\/memoire-44-terrain-pack.jpg\",\"width\":372,\"height\":372},{\"@type\":\"BreadcrumbList\",\"@id\":\"https:\\\/\\\/crocjeux.com\\\/index.php\\\/produit\\\/memoire-44-terrainpack\\\/#breadcrumb\",\"itemListElement\":[{\"@type\":\"ListItem\",\"position\":1,\"name\":\"Accueil\",\"item\":\"https:\\\/\\\/crocjeux.com\\\/\"},{\"@type\":\"ListItem\",\"position\":2,\"name\":\"Boutique\",\"item\":\"https:\\\/\\\/crocjeux.com\\\/\"},{\"@type\":\"ListItem\",\"position\":3,\"name\":\"M\u00e9moire 44 &#8211; Terrain Pack\"}]},{\"@type\":\"WebSite\",\"@id\":\"https:\\\/\\\/crocjeux.com\\\/#website\",\"url\":\"https:\\\/\\\/crocjeux.com\\\/\",\"name\":\"Croc Jeux\",\"description\":\"Bienvenue chez Croc Jeux!\",\"publisher\":{\"@id\":\"https:\\\/\\\/crocjeux.com\\\/#organization\"},\"potentialAction\":[{\"@type\":\"SearchAction\",\"target\":{\"@type\":\"EntryPoint\",\"urlTemplate\":\"https:\\\/\\\/crocjeux.com\\\/?s={search_term_string}\"},\"query-input\":{\"@type\":\"PropertyValueSpecification\",\"valueRequired\":true,\"valueName\":\"search_term_string\"}}],\"inLanguage\":\"fr-FR\"},{\"@type\":\"Organization\",\"@id\":\"https:\\\/\\\/crocjeux.com\\\/#organization\",\"name\":\"Croc Jeux\",\"url\":\"https:\\\/\\\/crocjeux.com\\\/\",\"logo\":{\"@type\":\"ImageObject\",\"inLanguage\":\"fr-FR\",\"@id\":\"https:\\\/\\\/crocjeux.com\\\/#\\\/schema\\\/logo\\\/image\\\/\",\"url\":\"https:\\\/\\\/crocjeux.com\\\/wp-content\\\/uploads\\\/2022\\\/01\\\/cropped-logo-croc-etape-1-e1644574034239.jpg\",\"contentUrl\":\"https:\\\/\\\/crocjeux.com\\\/wp-content\\\/uploads\\\/2022\\\/01\\\/cropped-logo-croc-etape-1-e1644574034239.jpg\",\"width\":1224,\"height\":314,\"caption\":\"Croc Jeux\"},\"image\":{\"@id\":\"https:\\\/\\\/crocjeux.com\\\/#\\\/schema\\\/logo\\\/image\\\/\"}}]}<\/script>\n<!-- \/ Yoast SEO plugin. -->","yoast_head_json":{"title":"M\u00e9moire 44 - Terrain Pack - Croc Jeux","robots":{"index":"index","follow":"follow","max-snippet":"max-snippet:-1","max-image-preview":"max-image-preview:large","max-video-preview":"max-video-preview:-1"},"canonical":"https:\/\/crocjeux.com\/index.php\/produit\/memoire-44-terrainpack\/","og_locale":"fr_FR","og_type":"article","og_title":"M\u00e9moire 44 - Terrain Pack - Croc Jeux","og_description":"Memoire 44 &#8211; Terrain Pack Extension pour m\u00e9moire 44 ajoutant de nouveaux terrains et de nouvelles r\u00e8gles. Anglais, Fran\u00e7ais \u00a0\u00e0","og_url":"https:\/\/crocjeux.com\/index.php\/produit\/memoire-44-terrainpack\/","og_site_name":"Croc Jeux","article_modified_time":"2025-12-04T09:59:55+00:00","og_image":[{"width":372,"height":372,"url":"https:\/\/crocjeux.com\/wp-content\/uploads\/2020\/11\/memoire-44-terrain-pack.jpg","type":"image\/jpeg"}],"twitter_card":"summary_large_image","twitter_misc":{"Dur\u00e9e de lecture estim\u00e9e":"2 minutes"},"schema":{"@context":"https:\/\/schema.org","@graph":[{"@type":"WebPage","@id":"https:\/\/crocjeux.com\/index.php\/produit\/memoire-44-terrainpack\/","url":"https:\/\/crocjeux.com\/index.php\/produit\/memoire-44-terrainpack\/","name":"M\u00e9moire 44 - Terrain Pack - Croc Jeux","isPartOf":{"@id":"https:\/\/crocjeux.com\/#website"},"primaryImageOfPage":{"@id":"https:\/\/crocjeux.com\/index.php\/produit\/memoire-44-terrainpack\/#primaryimage"},"image":{"@id":"https:\/\/crocjeux.com\/index.php\/produit\/memoire-44-terrainpack\/#primaryimage"},"thumbnailUrl":"https:\/\/crocjeux.com\/wp-content\/uploads\/2020\/11\/memoire-44-terrain-pack.jpg","datePublished":"2020-11-25T15:03:02+00:00","dateModified":"2025-12-04T09:59:55+00:00","breadcrumb":{"@id":"https:\/\/crocjeux.com\/index.php\/produit\/memoire-44-terrainpack\/#breadcrumb"},"inLanguage":"fr-FR","potentialAction":[{"@type":"ReadAction","target":["https:\/\/crocjeux.com\/index.php\/produit\/memoire-44-terrainpack\/"]}]},{"@type":"ImageObject","inLanguage":"fr-FR","@id":"https:\/\/crocjeux.com\/index.php\/produit\/memoire-44-terrainpack\/#primaryimage","url":"https:\/\/crocjeux.com\/wp-content\/uploads\/2020\/11\/memoire-44-terrain-pack.jpg","contentUrl":"https:\/\/crocjeux.com\/wp-content\/uploads\/2020\/11\/memoire-44-terrain-pack.jpg","width":372,"height":372},{"@type":"BreadcrumbList","@id":"https:\/\/crocjeux.com\/index.php\/produit\/memoire-44-terrainpack\/#breadcrumb","itemListElement":[{"@type":"ListItem","position":1,"name":"Accueil","item":"https:\/\/crocjeux.com\/"},{"@type":"ListItem","position":2,"name":"Boutique","item":"https:\/\/crocjeux.com\/"},{"@type":"ListItem","position":3,"name":"M\u00e9moire 44 &#8211; Terrain Pack"}]},{"@type":"WebSite","@id":"https:\/\/crocjeux.com\/#website","url":"https:\/\/crocjeux.com\/","name":"Croc Jeux","description":"Bienvenue chez Croc Jeux!","publisher":{"@id":"https:\/\/crocjeux.com\/#organization"},"potentialAction":[{"@type":"SearchAction","target":{"@type":"EntryPoint","urlTemplate":"https:\/\/crocjeux.com\/?s={search_term_string}"},"query-input":{"@type":"PropertyValueSpecification","valueRequired":true,"valueName":"search_term_string"}}],"inLanguage":"fr-FR"},{"@type":"Organization","@id":"https:\/\/crocjeux.com\/#organization","name":"Croc Jeux","url":"https:\/\/crocjeux.com\/","logo":{"@type":"ImageObject","inLanguage":"fr-FR","@id":"https:\/\/crocjeux.com\/#\/schema\/logo\/image\/","url":"https:\/\/crocjeux.com\/wp-content\/uploads\/2022\/01\/cropped-logo-croc-etape-1-e1644574034239.jpg","contentUrl":"https:\/\/crocjeux.com\/wp-content\/uploads\/2022\/01\/cropped-logo-croc-etape-1-e1644574034239.jpg","width":1224,"height":314,"caption":"Croc Jeux"},"image":{"@id":"https:\/\/crocjeux.com\/#\/schema\/logo\/image\/"}}]}},"_links":{"self":[{"href":"https:\/\/crocjeux.com\/index.php\/wp-json\/wp\/v2\/product\/1259","targetHints":{"allow":["GET"]}}],"collection":[{"href":"https:\/\/crocjeux.com\/index.php\/wp-json\/wp\/v2\/product"}],"about":[{"href":"https:\/\/crocjeux.com\/index.php\/wp-json\/wp\/v2\/types\/product"}],"replies":[{"embeddable":true,"href":"https:\/\/crocjeux.com\/index.php\/wp-json\/wp\/v2\/comments?post=1259"}],"wp:featuredmedia":[{"embeddable":true,"href":"https:\/\/crocjeux.com\/index.php\/wp-json\/wp\/v2\/media\/1260"}],"wp:attachment":[{"href":"https:\/\/crocjeux.com\/index.php\/wp-json\/wp\/v2\/media?parent=1259"}],"wp:term":[{"taxonomy":"product_brand","embeddable":true,"href":"https:\/\/crocjeux.com\/index.php\/wp-json\/wp\/v2\/product_brand?post=1259"},{"taxonomy":"product_cat","embeddable":true,"href":"https:\/\/crocjeux.com\/index.php\/wp-json\/wp\/v2\/product_cat?post=1259"},{"taxonomy":"product_tag","embeddable":true,"href":"https:\/\/crocjeux.com\/index.php\/wp-json\/wp\/v2\/product_tag?post=1259"}],"curies":[{"name":"wp","href":"https:\/\/api.w.org\/{rel}","templated":true}]}}