{"id":1276,"date":"2020-11-25T16:27:36","date_gmt":"2020-11-25T15:27:36","guid":{"rendered":"https:\/\/crocjeux.com\/?post_type=product&#038;p=1276"},"modified":"2022-03-10T12:20:43","modified_gmt":"2022-03-10T11:20:43","slug":"memoire-44-operation-overlord","status":"publish","type":"product","link":"https:\/\/crocjeux.com\/index.php\/produit\/memoire-44-operation-overlord\/","title":{"rendered":"M\u00e9moire 44 &#8211; Op\u00e9ration Overlord"},"content":{"rendered":"<h1 id=\"product_name\">M\u00e9moire 44 &#8211; Op\u00e9ration Overlord<\/h1>\n<div id=\"short_description_block\">\n<div id=\"short_description_content\" class=\"rte align_justify hide-smartphone\">\n<p>\u00cates-vous pr\u00eat pour votre promotion sur le champ de bataille ? Souhaitez vous, avec vos lieutenants, prendre le commandement dans une nouvelle exp\u00e9&#8230;<\/p>\n<\/div>\n<\/div>\n<ul class=\"illustrated_features\">\n<li class=\"langue tooltips\" title=\"\" data-hasqtip=\"5\">Fran\u00e7ais<\/li>\n<li class=\"age tooltips\" title=\"\" data-hasqtip=\"6\">\u00a0\u00e0 partir de 10 ans<\/li>\n<li class=\"duree_partie tooltips\" title=\"\" data-hasqtip=\"7\">\u00a01 \u00e0 2h<\/li>\n<li class=\"nb_joueurs tooltips\" title=\"\" data-hasqtip=\"8\" aria-describedby=\"qtip-8\">\u00a02 \u00e0 8 joueur(s)<\/li>\n<\/ul>\n<p><em>\u00cates-vous pr\u00eat pour votre promotion sur le champ de bataille ? Souhaitez vous, avec vos lieutenants, prendre le commandement dans une nouvelle exp\u00e9rience M\u00e9moire 44 ? Alors grimpez dans la hi\u00e9rarchie avec Op\u00e9ration Overlord et pr\u00e9parez vous \u00e0 vivre vos plus grandes batailles de M\u00e9moire 44 !<\/em><\/p>\n<p>&nbsp;<\/p>\n<p>Beaucoup de fans reconnaissent que c\u2019est en jouant aux sc\u00e9narios M\u00e9moire\u201944 Overlord avec un groupe d\u2019amis ou lors d\u2019animations qu\u2019ils s\u2019amusent le plus. La contrepartie \u00e9tant souvent une mise en place longue ou de trier les cartes et de se procurer deux copies du jeu de base. En plus d\u2019\u00e9liminer ces difficult\u00e9s, ces deux nouvelles extensions propulsent M\u00e9moire 44 Overlord \u00e0 un nouveau niveau d\u2019amusement.<\/p>\n<p>L\u2019extension Op\u00e9ration Overlord a \u00e9t\u00e9 sp\u00e9cifiquement cr\u00e9\u00e9e pour aider \u00e0 la mise en place et fluidifier les parties multi joueurs Overlord de M\u00e9moire 44.<\/p>\n<p>Sont inclus : 2 paquets sp\u00e9ciaux de cartes commandement afin de fournir aux joueurs les cartes n\u00e9cessaires pour les parties Overlord, 2 punchboards de jetons d\u2019arm\u00e9e utilis\u00e9s pour repr\u00e9senter les figurines des diff\u00e9rentes nations et donc permettre de jouer en Overlord avec une seule boite du jeu de base. Sont aussi inclus 8 d\u00e9s M\u00e9moire 44 pour les joueurs additionnels et une version mise \u00e0 jour des r\u00e8gles Overlord.<\/p>\n<p>Extension pour M\u00e9moire 44, n\u00e9cessite le jeu de base.<\/p>\n","protected":false},"excerpt":{"rendered":"<p>M\u00e9moire 44 &#8211; Op\u00e9ration Overlord \u00cates-vous pr\u00eat pour votre promotion sur le champ de bataille ? Souhaitez vous, avec vos<\/p>\n","protected":false},"featured_media":1277,"comment_status":"open","ping_status":"closed","template":"","meta":{"colormag_page_container_layout":"default_layout","colormag_page_sidebar_layout":"default_layout"},"product_brand":[],"product_cat":[70,93,94,95],"product_tag":[],"class_list":{"0":"post-1276","1":"product","2":"type-product","3":"status-publish","4":"has-post-thumbnail","6":"product_cat-memoire-44-jeux-a-deux","7":"product_cat-memoire-44-jeux-strategie","8":"product_cat-memoire-44-jeux-experts","9":"product_cat-memoire-44-jeux-civilisation","11":"first","12":"instock","13":"taxable","14":"shipping-taxable","15":"purchasable","16":"product-type-simple"},"yoast_head":"<!-- This site is optimized with the Yoast SEO plugin v27.3 - https:\/\/yoast.com\/product\/yoast-seo-wordpress\/ -->\n<title>M\u00e9moire 44 - Op\u00e9ration Overlord - Croc Jeux<\/title>\n<meta name=\"robots\" content=\"index, follow, max-snippet:-1, max-image-preview:large, max-video-preview:-1\" \/>\n<link rel=\"canonical\" href=\"https:\/\/crocjeux.com\/index.php\/produit\/memoire-44-operation-overlord\/\" \/>\n<meta property=\"og:locale\" content=\"fr_FR\" \/>\n<meta property=\"og:type\" content=\"article\" \/>\n<meta property=\"og:title\" content=\"M\u00e9moire 44 - Op\u00e9ration Overlord - Croc Jeux\" \/>\n<meta property=\"og:description\" content=\"M\u00e9moire 44 &#8211; Op\u00e9ration Overlord \u00cates-vous pr\u00eat pour votre promotion sur le champ de bataille ? Souhaitez vous, avec vos\" \/>\n<meta property=\"og:url\" content=\"https:\/\/crocjeux.com\/index.php\/produit\/memoire-44-operation-overlord\/\" \/>\n<meta property=\"og:site_name\" content=\"Croc Jeux\" \/>\n<meta property=\"article:modified_time\" content=\"2022-03-10T11:20:43+00:00\" \/>\n<meta property=\"og:image\" content=\"https:\/\/crocjeux.com\/wp-content\/uploads\/2020\/11\/memoire-44-operation-overlord.jpg\" \/>\n\t<meta property=\"og:image:width\" content=\"372\" \/>\n\t<meta property=\"og:image:height\" content=\"372\" \/>\n\t<meta property=\"og:image:type\" content=\"image\/jpeg\" \/>\n<meta name=\"twitter:card\" content=\"summary_large_image\" \/>\n<meta name=\"twitter:label1\" content=\"Dur\u00e9e de lecture estim\u00e9e\" \/>\n\t<meta name=\"twitter:data1\" content=\"1 minute\" \/>\n<script type=\"application\/ld+json\" class=\"yoast-schema-graph\">{\"@context\":\"https:\\\/\\\/schema.org\",\"@graph\":[{\"@type\":\"WebPage\",\"@id\":\"https:\\\/\\\/crocjeux.com\\\/index.php\\\/produit\\\/memoire-44-operation-overlord\\\/\",\"url\":\"https:\\\/\\\/crocjeux.com\\\/index.php\\\/produit\\\/memoire-44-operation-overlord\\\/\",\"name\":\"M\u00e9moire 44 - Op\u00e9ration Overlord - Croc Jeux\",\"isPartOf\":{\"@id\":\"https:\\\/\\\/crocjeux.com\\\/#website\"},\"primaryImageOfPage\":{\"@id\":\"https:\\\/\\\/crocjeux.com\\\/index.php\\\/produit\\\/memoire-44-operation-overlord\\\/#primaryimage\"},\"image\":{\"@id\":\"https:\\\/\\\/crocjeux.com\\\/index.php\\\/produit\\\/memoire-44-operation-overlord\\\/#primaryimage\"},\"thumbnailUrl\":\"https:\\\/\\\/crocjeux.com\\\/wp-content\\\/uploads\\\/2020\\\/11\\\/memoire-44-operation-overlord.jpg\",\"datePublished\":\"2020-11-25T15:27:36+00:00\",\"dateModified\":\"2022-03-10T11:20:43+00:00\",\"breadcrumb\":{\"@id\":\"https:\\\/\\\/crocjeux.com\\\/index.php\\\/produit\\\/memoire-44-operation-overlord\\\/#breadcrumb\"},\"inLanguage\":\"fr-FR\",\"potentialAction\":[{\"@type\":\"ReadAction\",\"target\":[\"https:\\\/\\\/crocjeux.com\\\/index.php\\\/produit\\\/memoire-44-operation-overlord\\\/\"]}]},{\"@type\":\"ImageObject\",\"inLanguage\":\"fr-FR\",\"@id\":\"https:\\\/\\\/crocjeux.com\\\/index.php\\\/produit\\\/memoire-44-operation-overlord\\\/#primaryimage\",\"url\":\"https:\\\/\\\/crocjeux.com\\\/wp-content\\\/uploads\\\/2020\\\/11\\\/memoire-44-operation-overlord.jpg\",\"contentUrl\":\"https:\\\/\\\/crocjeux.com\\\/wp-content\\\/uploads\\\/2020\\\/11\\\/memoire-44-operation-overlord.jpg\",\"width\":372,\"height\":372},{\"@type\":\"BreadcrumbList\",\"@id\":\"https:\\\/\\\/crocjeux.com\\\/index.php\\\/produit\\\/memoire-44-operation-overlord\\\/#breadcrumb\",\"itemListElement\":[{\"@type\":\"ListItem\",\"position\":1,\"name\":\"Accueil\",\"item\":\"https:\\\/\\\/crocjeux.com\\\/\"},{\"@type\":\"ListItem\",\"position\":2,\"name\":\"Boutique\",\"item\":\"https:\\\/\\\/crocjeux.com\\\/\"},{\"@type\":\"ListItem\",\"position\":3,\"name\":\"M\u00e9moire 44 &#8211; Op\u00e9ration Overlord\"}]},{\"@type\":\"WebSite\",\"@id\":\"https:\\\/\\\/crocjeux.com\\\/#website\",\"url\":\"https:\\\/\\\/crocjeux.com\\\/\",\"name\":\"Croc Jeux\",\"description\":\"Bienvenue chez Croc Jeux!\",\"publisher\":{\"@id\":\"https:\\\/\\\/crocjeux.com\\\/#organization\"},\"potentialAction\":[{\"@type\":\"SearchAction\",\"target\":{\"@type\":\"EntryPoint\",\"urlTemplate\":\"https:\\\/\\\/crocjeux.com\\\/?s={search_term_string}\"},\"query-input\":{\"@type\":\"PropertyValueSpecification\",\"valueRequired\":true,\"valueName\":\"search_term_string\"}}],\"inLanguage\":\"fr-FR\"},{\"@type\":\"Organization\",\"@id\":\"https:\\\/\\\/crocjeux.com\\\/#organization\",\"name\":\"Croc Jeux\",\"url\":\"https:\\\/\\\/crocjeux.com\\\/\",\"logo\":{\"@type\":\"ImageObject\",\"inLanguage\":\"fr-FR\",\"@id\":\"https:\\\/\\\/crocjeux.com\\\/#\\\/schema\\\/logo\\\/image\\\/\",\"url\":\"https:\\\/\\\/crocjeux.com\\\/wp-content\\\/uploads\\\/2022\\\/01\\\/cropped-logo-croc-etape-1-e1644574034239.jpg\",\"contentUrl\":\"https:\\\/\\\/crocjeux.com\\\/wp-content\\\/uploads\\\/2022\\\/01\\\/cropped-logo-croc-etape-1-e1644574034239.jpg\",\"width\":1224,\"height\":314,\"caption\":\"Croc Jeux\"},\"image\":{\"@id\":\"https:\\\/\\\/crocjeux.com\\\/#\\\/schema\\\/logo\\\/image\\\/\"}}]}<\/script>\n<!-- \/ Yoast SEO plugin. -->","yoast_head_json":{"title":"M\u00e9moire 44 - Op\u00e9ration Overlord - Croc Jeux","robots":{"index":"index","follow":"follow","max-snippet":"max-snippet:-1","max-image-preview":"max-image-preview:large","max-video-preview":"max-video-preview:-1"},"canonical":"https:\/\/crocjeux.com\/index.php\/produit\/memoire-44-operation-overlord\/","og_locale":"fr_FR","og_type":"article","og_title":"M\u00e9moire 44 - Op\u00e9ration Overlord - Croc Jeux","og_description":"M\u00e9moire 44 &#8211; Op\u00e9ration Overlord \u00cates-vous pr\u00eat pour votre promotion sur le champ de bataille ? Souhaitez vous, avec vos","og_url":"https:\/\/crocjeux.com\/index.php\/produit\/memoire-44-operation-overlord\/","og_site_name":"Croc Jeux","article_modified_time":"2022-03-10T11:20:43+00:00","og_image":[{"width":372,"height":372,"url":"https:\/\/crocjeux.com\/wp-content\/uploads\/2020\/11\/memoire-44-operation-overlord.jpg","type":"image\/jpeg"}],"twitter_card":"summary_large_image","twitter_misc":{"Dur\u00e9e de lecture estim\u00e9e":"1 minute"},"schema":{"@context":"https:\/\/schema.org","@graph":[{"@type":"WebPage","@id":"https:\/\/crocjeux.com\/index.php\/produit\/memoire-44-operation-overlord\/","url":"https:\/\/crocjeux.com\/index.php\/produit\/memoire-44-operation-overlord\/","name":"M\u00e9moire 44 - Op\u00e9ration Overlord - Croc Jeux","isPartOf":{"@id":"https:\/\/crocjeux.com\/#website"},"primaryImageOfPage":{"@id":"https:\/\/crocjeux.com\/index.php\/produit\/memoire-44-operation-overlord\/#primaryimage"},"image":{"@id":"https:\/\/crocjeux.com\/index.php\/produit\/memoire-44-operation-overlord\/#primaryimage"},"thumbnailUrl":"https:\/\/crocjeux.com\/wp-content\/uploads\/2020\/11\/memoire-44-operation-overlord.jpg","datePublished":"2020-11-25T15:27:36+00:00","dateModified":"2022-03-10T11:20:43+00:00","breadcrumb":{"@id":"https:\/\/crocjeux.com\/index.php\/produit\/memoire-44-operation-overlord\/#breadcrumb"},"inLanguage":"fr-FR","potentialAction":[{"@type":"ReadAction","target":["https:\/\/crocjeux.com\/index.php\/produit\/memoire-44-operation-overlord\/"]}]},{"@type":"ImageObject","inLanguage":"fr-FR","@id":"https:\/\/crocjeux.com\/index.php\/produit\/memoire-44-operation-overlord\/#primaryimage","url":"https:\/\/crocjeux.com\/wp-content\/uploads\/2020\/11\/memoire-44-operation-overlord.jpg","contentUrl":"https:\/\/crocjeux.com\/wp-content\/uploads\/2020\/11\/memoire-44-operation-overlord.jpg","width":372,"height":372},{"@type":"BreadcrumbList","@id":"https:\/\/crocjeux.com\/index.php\/produit\/memoire-44-operation-overlord\/#breadcrumb","itemListElement":[{"@type":"ListItem","position":1,"name":"Accueil","item":"https:\/\/crocjeux.com\/"},{"@type":"ListItem","position":2,"name":"Boutique","item":"https:\/\/crocjeux.com\/"},{"@type":"ListItem","position":3,"name":"M\u00e9moire 44 &#8211; Op\u00e9ration Overlord"}]},{"@type":"WebSite","@id":"https:\/\/crocjeux.com\/#website","url":"https:\/\/crocjeux.com\/","name":"Croc Jeux","description":"Bienvenue chez Croc Jeux!","publisher":{"@id":"https:\/\/crocjeux.com\/#organization"},"potentialAction":[{"@type":"SearchAction","target":{"@type":"EntryPoint","urlTemplate":"https:\/\/crocjeux.com\/?s={search_term_string}"},"query-input":{"@type":"PropertyValueSpecification","valueRequired":true,"valueName":"search_term_string"}}],"inLanguage":"fr-FR"},{"@type":"Organization","@id":"https:\/\/crocjeux.com\/#organization","name":"Croc Jeux","url":"https:\/\/crocjeux.com\/","logo":{"@type":"ImageObject","inLanguage":"fr-FR","@id":"https:\/\/crocjeux.com\/#\/schema\/logo\/image\/","url":"https:\/\/crocjeux.com\/wp-content\/uploads\/2022\/01\/cropped-logo-croc-etape-1-e1644574034239.jpg","contentUrl":"https:\/\/crocjeux.com\/wp-content\/uploads\/2022\/01\/cropped-logo-croc-etape-1-e1644574034239.jpg","width":1224,"height":314,"caption":"Croc Jeux"},"image":{"@id":"https:\/\/crocjeux.com\/#\/schema\/logo\/image\/"}}]}},"_links":{"self":[{"href":"https:\/\/crocjeux.com\/index.php\/wp-json\/wp\/v2\/product\/1276","targetHints":{"allow":["GET"]}}],"collection":[{"href":"https:\/\/crocjeux.com\/index.php\/wp-json\/wp\/v2\/product"}],"about":[{"href":"https:\/\/crocjeux.com\/index.php\/wp-json\/wp\/v2\/types\/product"}],"replies":[{"embeddable":true,"href":"https:\/\/crocjeux.com\/index.php\/wp-json\/wp\/v2\/comments?post=1276"}],"wp:featuredmedia":[{"embeddable":true,"href":"https:\/\/crocjeux.com\/index.php\/wp-json\/wp\/v2\/media\/1277"}],"wp:attachment":[{"href":"https:\/\/crocjeux.com\/index.php\/wp-json\/wp\/v2\/media?parent=1276"}],"wp:term":[{"taxonomy":"product_brand","embeddable":true,"href":"https:\/\/crocjeux.com\/index.php\/wp-json\/wp\/v2\/product_brand?post=1276"},{"taxonomy":"product_cat","embeddable":true,"href":"https:\/\/crocjeux.com\/index.php\/wp-json\/wp\/v2\/product_cat?post=1276"},{"taxonomy":"product_tag","embeddable":true,"href":"https:\/\/crocjeux.com\/index.php\/wp-json\/wp\/v2\/product_tag?post=1276"}],"curies":[{"name":"wp","href":"https:\/\/api.w.org\/{rel}","templated":true}]}}