{"id":128,"date":"2020-10-29T12:19:03","date_gmt":"2020-10-29T11:19:03","guid":{"rendered":"https:\/\/crocjeux.com\/?post_type=product&#038;p=128"},"modified":"2025-11-20T11:25:30","modified_gmt":"2025-11-20T10:25:30","slug":"escape-from-the-asylum","status":"publish","type":"product","link":"https:\/\/crocjeux.com\/index.php\/produit\/escape-from-the-asylum\/","title":{"rendered":"Escape from the asylum"},"content":{"rendered":"<section id=\"tab-description\" class=\"page-product-box r-tabs-panel r-tabs-state-active\">\n<div class=\"rte\">\n<h2>Escape From The Asylum,<\/h2>\n<div>\n<div>Escape from the Asylum est un jeu d\u2019escape game coop\u00e9ratif, construit comme une s\u00e9rie TV. Aucune application, aucune destruction de mat\u00e9riel et avec des choix d\u00e9terminants pour le reste de l\u2019exp\u00e9rience. Vous incarnerez 5 personnages diff\u00e9rents, d\u00e9couvrirez et aurez un impact sur leurs histoires.<\/div>\n<div><\/div>\n<div>Un jeu d\u2019Escape rejouable, aux multiples choix et fins, avec 5 personnages aux histoires entrelac\u00e9es.<\/div>\n<div><\/div>\n<div>\n<p>Dans Escape from the Asylum vous incarnerez tous ensemble un personnage pendant 60mn. Vous n\u2019aurez pas besoin d\u2019application, ni de d\u00e9truire les composants du jeu. De plus vous pourrez rejouer chaque personnage pour explorer de nouveaux endroits et faire d\u2019autres choix. Votre r\u00f4le, vous \u00e9chapper de l\u2019asile. Vous devrez r\u00e9soudre des \u00e9nigmes, ou utiliser des indices pour avancer dans l\u2019histoire et d\u00e9couvrir les intrigues et les secrets de ce lieu sinistre. Chaque personnage sera confront\u00e9 \u00e0 des choix impactant sur les autres histoires et sur les \u00e9nigmes que vous allez d\u00e9couvrir. Le jeu est compos\u00e9 d\u2019une Partie 1 comprenant 5 personnages et le d\u00e9but de leurs aventures et la Partie 2 pour les r\u00e9v\u00e9lations et les diff\u00e9rentes fins possibles.<\/p>\n<\/div>\n<\/div>\n<div><\/div>\n<div><\/div>\n<\/div>\n<\/section>\n","protected":false},"excerpt":{"rendered":"<div id=\"short_description_block\">\n<div id=\"short_description_content\" class=\"rte align_justify hide-smartphone\">Escape from the Asylum est un jeu d\u2019escape game coop\u00e9ratif, construit comme une s\u00e9rie TV. Il est rejouable, aux multiples fins et avec 5 personnages aux histoires entrelac\u00e9es.<\/div>\n<\/div>\n","protected":false},"featured_media":129,"comment_status":"open","ping_status":"closed","template":"","meta":{"colormag_page_container_layout":"default_layout","colormag_page_sidebar_layout":"default_layout"},"product_brand":[],"product_cat":[45,30,44,29,37],"product_tag":[],"class_list":{"0":"post-128","1":"product","2":"type-product","3":"status-publish","4":"has-post-thumbnail","6":"product_cat-escape-room-escape-enquete","7":"product_cat-jeux-collaboratifs","8":"product_cat-jeux-solo","9":"product_cat-jeux-2-joueurs","10":"product_cat-ne-ratez-pas","12":"first","13":"outofstock","14":"taxable","15":"shipping-taxable","16":"purchasable","17":"product-type-simple"},"yoast_head":"<!-- This site is optimized with the Yoast SEO plugin v27.3 - https:\/\/yoast.com\/product\/yoast-seo-wordpress\/ -->\n<title>Escape from the asylum - Croc Jeux<\/title>\n<meta name=\"robots\" content=\"index, follow, max-snippet:-1, max-image-preview:large, max-video-preview:-1\" \/>\n<link rel=\"canonical\" href=\"https:\/\/crocjeux.com\/index.php\/produit\/escape-from-the-asylum\/\" \/>\n<meta property=\"og:locale\" content=\"fr_FR\" \/>\n<meta property=\"og:type\" content=\"article\" \/>\n<meta property=\"og:title\" content=\"Escape from the asylum - Croc Jeux\" \/>\n<meta property=\"og:description\" content=\"Escape from the Asylum est un jeu d\u2019escape game coop\u00e9ratif, construit comme une s\u00e9rie TV. Il est rejouable, aux multiples fins et avec 5 personnages aux histoires entrelac\u00e9es.\" \/>\n<meta property=\"og:url\" content=\"https:\/\/crocjeux.com\/index.php\/produit\/escape-from-the-asylum\/\" \/>\n<meta property=\"og:site_name\" content=\"Croc Jeux\" \/>\n<meta property=\"article:modified_time\" content=\"2025-11-20T10:25:30+00:00\" \/>\n<meta property=\"og:image\" content=\"https:\/\/crocjeux.com\/wp-content\/uploads\/2020\/10\/escape_from_the_asylum.png\" \/>\n\t<meta property=\"og:image:width\" content=\"369\" \/>\n\t<meta property=\"og:image:height\" content=\"197\" \/>\n\t<meta property=\"og:image:type\" content=\"image\/png\" \/>\n<meta name=\"twitter:card\" content=\"summary_large_image\" \/>\n<meta name=\"twitter:label1\" content=\"Dur\u00e9e de lecture estim\u00e9e\" \/>\n\t<meta name=\"twitter:data1\" content=\"2 minutes\" \/>\n<script type=\"application\/ld+json\" class=\"yoast-schema-graph\">{\"@context\":\"https:\\\/\\\/schema.org\",\"@graph\":[{\"@type\":\"WebPage\",\"@id\":\"https:\\\/\\\/crocjeux.com\\\/index.php\\\/produit\\\/escape-from-the-asylum\\\/\",\"url\":\"https:\\\/\\\/crocjeux.com\\\/index.php\\\/produit\\\/escape-from-the-asylum\\\/\",\"name\":\"Escape from the asylum - Croc Jeux\",\"isPartOf\":{\"@id\":\"https:\\\/\\\/crocjeux.com\\\/#website\"},\"primaryImageOfPage\":{\"@id\":\"https:\\\/\\\/crocjeux.com\\\/index.php\\\/produit\\\/escape-from-the-asylum\\\/#primaryimage\"},\"image\":{\"@id\":\"https:\\\/\\\/crocjeux.com\\\/index.php\\\/produit\\\/escape-from-the-asylum\\\/#primaryimage\"},\"thumbnailUrl\":\"https:\\\/\\\/crocjeux.com\\\/wp-content\\\/uploads\\\/2020\\\/10\\\/escape_from_the_asylum.png\",\"datePublished\":\"2020-10-29T11:19:03+00:00\",\"dateModified\":\"2025-11-20T10:25:30+00:00\",\"breadcrumb\":{\"@id\":\"https:\\\/\\\/crocjeux.com\\\/index.php\\\/produit\\\/escape-from-the-asylum\\\/#breadcrumb\"},\"inLanguage\":\"fr-FR\",\"potentialAction\":[{\"@type\":\"ReadAction\",\"target\":[\"https:\\\/\\\/crocjeux.com\\\/index.php\\\/produit\\\/escape-from-the-asylum\\\/\"]}]},{\"@type\":\"ImageObject\",\"inLanguage\":\"fr-FR\",\"@id\":\"https:\\\/\\\/crocjeux.com\\\/index.php\\\/produit\\\/escape-from-the-asylum\\\/#primaryimage\",\"url\":\"https:\\\/\\\/crocjeux.com\\\/wp-content\\\/uploads\\\/2020\\\/10\\\/escape_from_the_asylum.png\",\"contentUrl\":\"https:\\\/\\\/crocjeux.com\\\/wp-content\\\/uploads\\\/2020\\\/10\\\/escape_from_the_asylum.png\",\"width\":369,\"height\":197},{\"@type\":\"BreadcrumbList\",\"@id\":\"https:\\\/\\\/crocjeux.com\\\/index.php\\\/produit\\\/escape-from-the-asylum\\\/#breadcrumb\",\"itemListElement\":[{\"@type\":\"ListItem\",\"position\":1,\"name\":\"Accueil\",\"item\":\"https:\\\/\\\/crocjeux.com\\\/\"},{\"@type\":\"ListItem\",\"position\":2,\"name\":\"Boutique\",\"item\":\"https:\\\/\\\/crocjeux.com\\\/\"},{\"@type\":\"ListItem\",\"position\":3,\"name\":\"Escape from the asylum\"}]},{\"@type\":\"WebSite\",\"@id\":\"https:\\\/\\\/crocjeux.com\\\/#website\",\"url\":\"https:\\\/\\\/crocjeux.com\\\/\",\"name\":\"Croc Jeux\",\"description\":\"Bienvenue chez Croc Jeux!\",\"publisher\":{\"@id\":\"https:\\\/\\\/crocjeux.com\\\/#organization\"},\"potentialAction\":[{\"@type\":\"SearchAction\",\"target\":{\"@type\":\"EntryPoint\",\"urlTemplate\":\"https:\\\/\\\/crocjeux.com\\\/?s={search_term_string}\"},\"query-input\":{\"@type\":\"PropertyValueSpecification\",\"valueRequired\":true,\"valueName\":\"search_term_string\"}}],\"inLanguage\":\"fr-FR\"},{\"@type\":\"Organization\",\"@id\":\"https:\\\/\\\/crocjeux.com\\\/#organization\",\"name\":\"Croc Jeux\",\"url\":\"https:\\\/\\\/crocjeux.com\\\/\",\"logo\":{\"@type\":\"ImageObject\",\"inLanguage\":\"fr-FR\",\"@id\":\"https:\\\/\\\/crocjeux.com\\\/#\\\/schema\\\/logo\\\/image\\\/\",\"url\":\"https:\\\/\\\/crocjeux.com\\\/wp-content\\\/uploads\\\/2022\\\/01\\\/cropped-logo-croc-etape-1-e1644574034239.jpg\",\"contentUrl\":\"https:\\\/\\\/crocjeux.com\\\/wp-content\\\/uploads\\\/2022\\\/01\\\/cropped-logo-croc-etape-1-e1644574034239.jpg\",\"width\":1224,\"height\":314,\"caption\":\"Croc Jeux\"},\"image\":{\"@id\":\"https:\\\/\\\/crocjeux.com\\\/#\\\/schema\\\/logo\\\/image\\\/\"}}]}<\/script>\n<!-- \/ Yoast SEO plugin. -->","yoast_head_json":{"title":"Escape from the asylum - Croc Jeux","robots":{"index":"index","follow":"follow","max-snippet":"max-snippet:-1","max-image-preview":"max-image-preview:large","max-video-preview":"max-video-preview:-1"},"canonical":"https:\/\/crocjeux.com\/index.php\/produit\/escape-from-the-asylum\/","og_locale":"fr_FR","og_type":"article","og_title":"Escape from the asylum - Croc Jeux","og_description":"Escape from the Asylum est un jeu d\u2019escape game coop\u00e9ratif, construit comme une s\u00e9rie TV. Il est rejouable, aux multiples fins et avec 5 personnages aux histoires entrelac\u00e9es.","og_url":"https:\/\/crocjeux.com\/index.php\/produit\/escape-from-the-asylum\/","og_site_name":"Croc Jeux","article_modified_time":"2025-11-20T10:25:30+00:00","og_image":[{"width":369,"height":197,"url":"https:\/\/crocjeux.com\/wp-content\/uploads\/2020\/10\/escape_from_the_asylum.png","type":"image\/png"}],"twitter_card":"summary_large_image","twitter_misc":{"Dur\u00e9e de lecture estim\u00e9e":"2 minutes"},"schema":{"@context":"https:\/\/schema.org","@graph":[{"@type":"WebPage","@id":"https:\/\/crocjeux.com\/index.php\/produit\/escape-from-the-asylum\/","url":"https:\/\/crocjeux.com\/index.php\/produit\/escape-from-the-asylum\/","name":"Escape from the asylum - Croc Jeux","isPartOf":{"@id":"https:\/\/crocjeux.com\/#website"},"primaryImageOfPage":{"@id":"https:\/\/crocjeux.com\/index.php\/produit\/escape-from-the-asylum\/#primaryimage"},"image":{"@id":"https:\/\/crocjeux.com\/index.php\/produit\/escape-from-the-asylum\/#primaryimage"},"thumbnailUrl":"https:\/\/crocjeux.com\/wp-content\/uploads\/2020\/10\/escape_from_the_asylum.png","datePublished":"2020-10-29T11:19:03+00:00","dateModified":"2025-11-20T10:25:30+00:00","breadcrumb":{"@id":"https:\/\/crocjeux.com\/index.php\/produit\/escape-from-the-asylum\/#breadcrumb"},"inLanguage":"fr-FR","potentialAction":[{"@type":"ReadAction","target":["https:\/\/crocjeux.com\/index.php\/produit\/escape-from-the-asylum\/"]}]},{"@type":"ImageObject","inLanguage":"fr-FR","@id":"https:\/\/crocjeux.com\/index.php\/produit\/escape-from-the-asylum\/#primaryimage","url":"https:\/\/crocjeux.com\/wp-content\/uploads\/2020\/10\/escape_from_the_asylum.png","contentUrl":"https:\/\/crocjeux.com\/wp-content\/uploads\/2020\/10\/escape_from_the_asylum.png","width":369,"height":197},{"@type":"BreadcrumbList","@id":"https:\/\/crocjeux.com\/index.php\/produit\/escape-from-the-asylum\/#breadcrumb","itemListElement":[{"@type":"ListItem","position":1,"name":"Accueil","item":"https:\/\/crocjeux.com\/"},{"@type":"ListItem","position":2,"name":"Boutique","item":"https:\/\/crocjeux.com\/"},{"@type":"ListItem","position":3,"name":"Escape from the asylum"}]},{"@type":"WebSite","@id":"https:\/\/crocjeux.com\/#website","url":"https:\/\/crocjeux.com\/","name":"Croc Jeux","description":"Bienvenue chez Croc Jeux!","publisher":{"@id":"https:\/\/crocjeux.com\/#organization"},"potentialAction":[{"@type":"SearchAction","target":{"@type":"EntryPoint","urlTemplate":"https:\/\/crocjeux.com\/?s={search_term_string}"},"query-input":{"@type":"PropertyValueSpecification","valueRequired":true,"valueName":"search_term_string"}}],"inLanguage":"fr-FR"},{"@type":"Organization","@id":"https:\/\/crocjeux.com\/#organization","name":"Croc Jeux","url":"https:\/\/crocjeux.com\/","logo":{"@type":"ImageObject","inLanguage":"fr-FR","@id":"https:\/\/crocjeux.com\/#\/schema\/logo\/image\/","url":"https:\/\/crocjeux.com\/wp-content\/uploads\/2022\/01\/cropped-logo-croc-etape-1-e1644574034239.jpg","contentUrl":"https:\/\/crocjeux.com\/wp-content\/uploads\/2022\/01\/cropped-logo-croc-etape-1-e1644574034239.jpg","width":1224,"height":314,"caption":"Croc Jeux"},"image":{"@id":"https:\/\/crocjeux.com\/#\/schema\/logo\/image\/"}}]}},"_links":{"self":[{"href":"https:\/\/crocjeux.com\/index.php\/wp-json\/wp\/v2\/product\/128","targetHints":{"allow":["GET"]}}],"collection":[{"href":"https:\/\/crocjeux.com\/index.php\/wp-json\/wp\/v2\/product"}],"about":[{"href":"https:\/\/crocjeux.com\/index.php\/wp-json\/wp\/v2\/types\/product"}],"replies":[{"embeddable":true,"href":"https:\/\/crocjeux.com\/index.php\/wp-json\/wp\/v2\/comments?post=128"}],"wp:featuredmedia":[{"embeddable":true,"href":"https:\/\/crocjeux.com\/index.php\/wp-json\/wp\/v2\/media\/129"}],"wp:attachment":[{"href":"https:\/\/crocjeux.com\/index.php\/wp-json\/wp\/v2\/media?parent=128"}],"wp:term":[{"taxonomy":"product_brand","embeddable":true,"href":"https:\/\/crocjeux.com\/index.php\/wp-json\/wp\/v2\/product_brand?post=128"},{"taxonomy":"product_cat","embeddable":true,"href":"https:\/\/crocjeux.com\/index.php\/wp-json\/wp\/v2\/product_cat?post=128"},{"taxonomy":"product_tag","embeddable":true,"href":"https:\/\/crocjeux.com\/index.php\/wp-json\/wp\/v2\/product_tag?post=128"}],"curies":[{"name":"wp","href":"https:\/\/api.w.org\/{rel}","templated":true}]}}