{"id":1285,"date":"2020-11-25T16:35:51","date_gmt":"2020-11-25T15:35:51","guid":{"rendered":"https:\/\/crocjeux.com\/?post_type=product&#038;p=1285"},"modified":"2023-02-09T15:44:56","modified_gmt":"2023-02-09T14:44:56","slug":"memoire-44-battle-maps-dans-la-jungle-et-le-desert","status":"publish","type":"product","link":"https:\/\/crocjeux.com\/index.php\/produit\/memoire-44-battle-maps-dans-la-jungle-et-le-desert\/","title":{"rendered":"Memoire 44 &#8211; Battle Maps &#8211; Dans la Jungle et le D\u00e9sert"},"content":{"rendered":"<h1 id=\"product_name\">Memoire 44 &#8211; Battle Maps &#8211; Dans la Jungle et le D\u00e9sert<\/h1>\n<div id=\"short_description_block\">\n<div id=\"short_description_content\" class=\"rte align_justify hide-smartphone\">Le deuxi\u00e8me volume de notre deuxi\u00e8me s\u00e9rie de Battle Maps pour M\u00e9moire 44 propose deux nouveaux paquets de cartes Combat ainsi que 6 sc\u00e9narios standard et deux sc\u00e9narios Overlord pr\u00e9-imprim\u00e9s qui les mettront \u00e0 l&rsquo;\u00e9preuve.<\/div>\n<\/div>\n<ul class=\"illustrated_features\">\n<li class=\"langue tooltips\" title=\"\" data-hasqtip=\"5\" aria-describedby=\"qtip-5\">Anglais, Fran\u00e7ais<\/li>\n<li class=\"age tooltips\" title=\"\" data-hasqtip=\"6\">\u00a0\u00e0 partir de 8 ans<\/li>\n<li class=\"duree_partie tooltips\" title=\"\" data-hasqtip=\"7\">\u00a030mn \u00e0 1h<\/li>\n<li class=\"nb_joueurs tooltips\" title=\"\" data-hasqtip=\"8\">\u00a02 joueur(s)<\/li>\n<\/ul>\n<div>Le deuxi\u00e8me volume de notre deuxi\u00e8me s\u00e9rie de Battle Maps pour M\u00e9moire 44 propose deux nouveaux paquets de cartes Combat ainsi que 6 sc\u00e9narios standard et deux sc\u00e9narios Overlord pr\u00e9-imprim\u00e9s qui les mettront \u00e0 l&rsquo;\u00e9preuve.<\/div>\n<div><\/div>\n<div><\/div>\n<div>Dans la jungle : Menez vos hommes \u00e0 travers les denses jungles de la Birmanie pour \u00e9chapper \u00e0 l\u2019emprise des forces japonaises, ou \u00e0 leur t\u00eate, tentez d\u2019atteindre Rangoun avant que les Britanniques ne s\u2019en \u00e9chappent. La jungle est peut-\u00eatre votre pire ennemie !<\/div>\n<div>&#8230; et le d\u00e9sert : Revivez la toute premi\u00e8re bataille de chars entre les Stuart am\u00e9ricains et les Panzer allemands dans le d\u00e9sert d\u2019Afrique du Nord. Cachez vous derri\u00e8re les cr\u00eates, surprenez votre ennemi, et la victoire sera \u00e0 vous !<\/div>\n<div><\/div>\n<div><\/div>\n<div>Deux sc\u00e9narios Overlord pr\u00e9imprim\u00e9s sont aussi propos\u00e9s dans cette extension : Guadalcanal, o\u00f9 vous lutterez pour le contr\u00f4le de la piste Henderson, un objectif strat\u00e9gique de grande valeur ; et Op\u00e9ration Lightfoot, un gigantesque affrontement dans le d\u00e9sert qui marque le d\u00e9but de la seconde bataille d\u2019El-Alamein.<\/div>\n<div><\/div>\n<div>Les nouvelles cartes Combat de Jungle et Combat du D\u00e9sert apportent de quoi renouveler votre exp\u00e9rience de M\u00e9moire 44, et peuvent m\u00eame \u00eatre utilis\u00e9es dans d\u2019autres sc\u00e9narios de M\u00e9moire 44 !<\/div>\n<div><\/div>\n<div><\/div>\n<div>Ce produit est une EXTENSION au jeu M\u00e9moire 44 et ne peut \u00eatre utilis\u00e9 sans un exemplaire de celui-ci et des extensions Guerre du Pacifique et Th\u00e9\u00e2tre M\u00e9diterran\u00e9en. Le Terrain Pack et l\u2019Equipment Pack sont \u00e9galement recommand\u00e9s.<\/div>\n","protected":false},"excerpt":{"rendered":"<p>Memoire 44 &#8211; Battle Maps &#8211; Dans la Jungle et le D\u00e9sert Le deuxi\u00e8me volume de notre deuxi\u00e8me s\u00e9rie de<\/p>\n","protected":false},"featured_media":1286,"comment_status":"open","ping_status":"closed","template":"","meta":{"colormag_page_container_layout":"default_layout","colormag_page_sidebar_layout":"default_layout"},"product_brand":[],"product_cat":[70,93,94,95],"product_tag":[],"class_list":{"0":"post-1285","1":"product","2":"type-product","3":"status-publish","4":"has-post-thumbnail","6":"product_cat-memoire-44-jeux-a-deux","7":"product_cat-memoire-44-jeux-strategie","8":"product_cat-memoire-44-jeux-experts","9":"product_cat-memoire-44-jeux-civilisation","11":"first","12":"outofstock","13":"taxable","14":"shipping-taxable","15":"purchasable","16":"product-type-simple"},"yoast_head":"<!-- This site is optimized with the Yoast SEO plugin v27.4 - https:\/\/yoast.com\/product\/yoast-seo-wordpress\/ -->\n<title>Memoire 44 - Battle Maps - Dans la Jungle et le D\u00e9sert - Croc Jeux<\/title>\n<meta name=\"robots\" content=\"index, follow, max-snippet:-1, max-image-preview:large, max-video-preview:-1\" \/>\n<link rel=\"canonical\" href=\"https:\/\/crocjeux.com\/index.php\/produit\/memoire-44-battle-maps-dans-la-jungle-et-le-desert\/\" \/>\n<meta property=\"og:locale\" content=\"fr_FR\" \/>\n<meta property=\"og:type\" content=\"article\" \/>\n<meta property=\"og:title\" content=\"Memoire 44 - Battle Maps - Dans la Jungle et le D\u00e9sert - Croc Jeux\" \/>\n<meta property=\"og:description\" content=\"Memoire 44 &#8211; Battle Maps &#8211; Dans la Jungle et le D\u00e9sert Le deuxi\u00e8me volume de notre deuxi\u00e8me s\u00e9rie de\" \/>\n<meta property=\"og:url\" content=\"https:\/\/crocjeux.com\/index.php\/produit\/memoire-44-battle-maps-dans-la-jungle-et-le-desert\/\" \/>\n<meta property=\"og:site_name\" content=\"Croc Jeux\" \/>\n<meta property=\"article:modified_time\" content=\"2023-02-09T14:44:56+00:00\" \/>\n<meta property=\"og:image\" content=\"https:\/\/crocjeux.com\/wp-content\/uploads\/2020\/11\/memoire-44-battle-maps-dans-la-jungle-et-le-desert.jpg\" \/>\n\t<meta property=\"og:image:width\" content=\"372\" \/>\n\t<meta property=\"og:image:height\" content=\"372\" \/>\n\t<meta property=\"og:image:type\" content=\"image\/jpeg\" \/>\n<meta name=\"twitter:card\" content=\"summary_large_image\" \/>\n<meta name=\"twitter:label1\" content=\"Dur\u00e9e de lecture estim\u00e9e\" \/>\n\t<meta name=\"twitter:data1\" content=\"2 minutes\" \/>\n<script type=\"application\/ld+json\" class=\"yoast-schema-graph\">{\"@context\":\"https:\\\/\\\/schema.org\",\"@graph\":[{\"@type\":\"WebPage\",\"@id\":\"https:\\\/\\\/crocjeux.com\\\/index.php\\\/produit\\\/memoire-44-battle-maps-dans-la-jungle-et-le-desert\\\/\",\"url\":\"https:\\\/\\\/crocjeux.com\\\/index.php\\\/produit\\\/memoire-44-battle-maps-dans-la-jungle-et-le-desert\\\/\",\"name\":\"Memoire 44 - Battle Maps - Dans la Jungle et le D\u00e9sert - Croc Jeux\",\"isPartOf\":{\"@id\":\"https:\\\/\\\/crocjeux.com\\\/#website\"},\"primaryImageOfPage\":{\"@id\":\"https:\\\/\\\/crocjeux.com\\\/index.php\\\/produit\\\/memoire-44-battle-maps-dans-la-jungle-et-le-desert\\\/#primaryimage\"},\"image\":{\"@id\":\"https:\\\/\\\/crocjeux.com\\\/index.php\\\/produit\\\/memoire-44-battle-maps-dans-la-jungle-et-le-desert\\\/#primaryimage\"},\"thumbnailUrl\":\"https:\\\/\\\/crocjeux.com\\\/wp-content\\\/uploads\\\/2020\\\/11\\\/memoire-44-battle-maps-dans-la-jungle-et-le-desert.jpg\",\"datePublished\":\"2020-11-25T15:35:51+00:00\",\"dateModified\":\"2023-02-09T14:44:56+00:00\",\"breadcrumb\":{\"@id\":\"https:\\\/\\\/crocjeux.com\\\/index.php\\\/produit\\\/memoire-44-battle-maps-dans-la-jungle-et-le-desert\\\/#breadcrumb\"},\"inLanguage\":\"fr-FR\",\"potentialAction\":[{\"@type\":\"ReadAction\",\"target\":[\"https:\\\/\\\/crocjeux.com\\\/index.php\\\/produit\\\/memoire-44-battle-maps-dans-la-jungle-et-le-desert\\\/\"]}]},{\"@type\":\"ImageObject\",\"inLanguage\":\"fr-FR\",\"@id\":\"https:\\\/\\\/crocjeux.com\\\/index.php\\\/produit\\\/memoire-44-battle-maps-dans-la-jungle-et-le-desert\\\/#primaryimage\",\"url\":\"https:\\\/\\\/crocjeux.com\\\/wp-content\\\/uploads\\\/2020\\\/11\\\/memoire-44-battle-maps-dans-la-jungle-et-le-desert.jpg\",\"contentUrl\":\"https:\\\/\\\/crocjeux.com\\\/wp-content\\\/uploads\\\/2020\\\/11\\\/memoire-44-battle-maps-dans-la-jungle-et-le-desert.jpg\",\"width\":372,\"height\":372},{\"@type\":\"BreadcrumbList\",\"@id\":\"https:\\\/\\\/crocjeux.com\\\/index.php\\\/produit\\\/memoire-44-battle-maps-dans-la-jungle-et-le-desert\\\/#breadcrumb\",\"itemListElement\":[{\"@type\":\"ListItem\",\"position\":1,\"name\":\"Accueil\",\"item\":\"https:\\\/\\\/crocjeux.com\\\/\"},{\"@type\":\"ListItem\",\"position\":2,\"name\":\"Boutique\",\"item\":\"https:\\\/\\\/crocjeux.com\\\/\"},{\"@type\":\"ListItem\",\"position\":3,\"name\":\"Memoire 44 &#8211; Battle Maps &#8211; Dans la Jungle et le D\u00e9sert\"}]},{\"@type\":\"WebSite\",\"@id\":\"https:\\\/\\\/crocjeux.com\\\/#website\",\"url\":\"https:\\\/\\\/crocjeux.com\\\/\",\"name\":\"Croc Jeux\",\"description\":\"Bienvenue chez Croc Jeux!\",\"publisher\":{\"@id\":\"https:\\\/\\\/crocjeux.com\\\/#organization\"},\"potentialAction\":[{\"@type\":\"SearchAction\",\"target\":{\"@type\":\"EntryPoint\",\"urlTemplate\":\"https:\\\/\\\/crocjeux.com\\\/?s={search_term_string}\"},\"query-input\":{\"@type\":\"PropertyValueSpecification\",\"valueRequired\":true,\"valueName\":\"search_term_string\"}}],\"inLanguage\":\"fr-FR\"},{\"@type\":\"Organization\",\"@id\":\"https:\\\/\\\/crocjeux.com\\\/#organization\",\"name\":\"Croc Jeux\",\"url\":\"https:\\\/\\\/crocjeux.com\\\/\",\"logo\":{\"@type\":\"ImageObject\",\"inLanguage\":\"fr-FR\",\"@id\":\"https:\\\/\\\/crocjeux.com\\\/#\\\/schema\\\/logo\\\/image\\\/\",\"url\":\"https:\\\/\\\/crocjeux.com\\\/wp-content\\\/uploads\\\/2022\\\/01\\\/cropped-logo-croc-etape-1-e1644574034239.jpg\",\"contentUrl\":\"https:\\\/\\\/crocjeux.com\\\/wp-content\\\/uploads\\\/2022\\\/01\\\/cropped-logo-croc-etape-1-e1644574034239.jpg\",\"width\":1224,\"height\":314,\"caption\":\"Croc Jeux\"},\"image\":{\"@id\":\"https:\\\/\\\/crocjeux.com\\\/#\\\/schema\\\/logo\\\/image\\\/\"}}]}<\/script>\n<!-- \/ Yoast SEO plugin. -->","yoast_head_json":{"title":"Memoire 44 - Battle Maps - Dans la Jungle et le D\u00e9sert - Croc Jeux","robots":{"index":"index","follow":"follow","max-snippet":"max-snippet:-1","max-image-preview":"max-image-preview:large","max-video-preview":"max-video-preview:-1"},"canonical":"https:\/\/crocjeux.com\/index.php\/produit\/memoire-44-battle-maps-dans-la-jungle-et-le-desert\/","og_locale":"fr_FR","og_type":"article","og_title":"Memoire 44 - Battle Maps - Dans la Jungle et le D\u00e9sert - Croc Jeux","og_description":"Memoire 44 &#8211; Battle Maps &#8211; Dans la Jungle et le D\u00e9sert Le deuxi\u00e8me volume de notre deuxi\u00e8me s\u00e9rie de","og_url":"https:\/\/crocjeux.com\/index.php\/produit\/memoire-44-battle-maps-dans-la-jungle-et-le-desert\/","og_site_name":"Croc Jeux","article_modified_time":"2023-02-09T14:44:56+00:00","og_image":[{"width":372,"height":372,"url":"https:\/\/crocjeux.com\/wp-content\/uploads\/2020\/11\/memoire-44-battle-maps-dans-la-jungle-et-le-desert.jpg","type":"image\/jpeg"}],"twitter_card":"summary_large_image","twitter_misc":{"Dur\u00e9e de lecture estim\u00e9e":"2 minutes"},"schema":{"@context":"https:\/\/schema.org","@graph":[{"@type":"WebPage","@id":"https:\/\/crocjeux.com\/index.php\/produit\/memoire-44-battle-maps-dans-la-jungle-et-le-desert\/","url":"https:\/\/crocjeux.com\/index.php\/produit\/memoire-44-battle-maps-dans-la-jungle-et-le-desert\/","name":"Memoire 44 - Battle Maps - Dans la Jungle et le D\u00e9sert - Croc Jeux","isPartOf":{"@id":"https:\/\/crocjeux.com\/#website"},"primaryImageOfPage":{"@id":"https:\/\/crocjeux.com\/index.php\/produit\/memoire-44-battle-maps-dans-la-jungle-et-le-desert\/#primaryimage"},"image":{"@id":"https:\/\/crocjeux.com\/index.php\/produit\/memoire-44-battle-maps-dans-la-jungle-et-le-desert\/#primaryimage"},"thumbnailUrl":"https:\/\/crocjeux.com\/wp-content\/uploads\/2020\/11\/memoire-44-battle-maps-dans-la-jungle-et-le-desert.jpg","datePublished":"2020-11-25T15:35:51+00:00","dateModified":"2023-02-09T14:44:56+00:00","breadcrumb":{"@id":"https:\/\/crocjeux.com\/index.php\/produit\/memoire-44-battle-maps-dans-la-jungle-et-le-desert\/#breadcrumb"},"inLanguage":"fr-FR","potentialAction":[{"@type":"ReadAction","target":["https:\/\/crocjeux.com\/index.php\/produit\/memoire-44-battle-maps-dans-la-jungle-et-le-desert\/"]}]},{"@type":"ImageObject","inLanguage":"fr-FR","@id":"https:\/\/crocjeux.com\/index.php\/produit\/memoire-44-battle-maps-dans-la-jungle-et-le-desert\/#primaryimage","url":"https:\/\/crocjeux.com\/wp-content\/uploads\/2020\/11\/memoire-44-battle-maps-dans-la-jungle-et-le-desert.jpg","contentUrl":"https:\/\/crocjeux.com\/wp-content\/uploads\/2020\/11\/memoire-44-battle-maps-dans-la-jungle-et-le-desert.jpg","width":372,"height":372},{"@type":"BreadcrumbList","@id":"https:\/\/crocjeux.com\/index.php\/produit\/memoire-44-battle-maps-dans-la-jungle-et-le-desert\/#breadcrumb","itemListElement":[{"@type":"ListItem","position":1,"name":"Accueil","item":"https:\/\/crocjeux.com\/"},{"@type":"ListItem","position":2,"name":"Boutique","item":"https:\/\/crocjeux.com\/"},{"@type":"ListItem","position":3,"name":"Memoire 44 &#8211; Battle Maps &#8211; Dans la Jungle et le D\u00e9sert"}]},{"@type":"WebSite","@id":"https:\/\/crocjeux.com\/#website","url":"https:\/\/crocjeux.com\/","name":"Croc Jeux","description":"Bienvenue chez Croc Jeux!","publisher":{"@id":"https:\/\/crocjeux.com\/#organization"},"potentialAction":[{"@type":"SearchAction","target":{"@type":"EntryPoint","urlTemplate":"https:\/\/crocjeux.com\/?s={search_term_string}"},"query-input":{"@type":"PropertyValueSpecification","valueRequired":true,"valueName":"search_term_string"}}],"inLanguage":"fr-FR"},{"@type":"Organization","@id":"https:\/\/crocjeux.com\/#organization","name":"Croc Jeux","url":"https:\/\/crocjeux.com\/","logo":{"@type":"ImageObject","inLanguage":"fr-FR","@id":"https:\/\/crocjeux.com\/#\/schema\/logo\/image\/","url":"https:\/\/crocjeux.com\/wp-content\/uploads\/2022\/01\/cropped-logo-croc-etape-1-e1644574034239.jpg","contentUrl":"https:\/\/crocjeux.com\/wp-content\/uploads\/2022\/01\/cropped-logo-croc-etape-1-e1644574034239.jpg","width":1224,"height":314,"caption":"Croc Jeux"},"image":{"@id":"https:\/\/crocjeux.com\/#\/schema\/logo\/image\/"}}]}},"_links":{"self":[{"href":"https:\/\/crocjeux.com\/index.php\/wp-json\/wp\/v2\/product\/1285","targetHints":{"allow":["GET"]}}],"collection":[{"href":"https:\/\/crocjeux.com\/index.php\/wp-json\/wp\/v2\/product"}],"about":[{"href":"https:\/\/crocjeux.com\/index.php\/wp-json\/wp\/v2\/types\/product"}],"replies":[{"embeddable":true,"href":"https:\/\/crocjeux.com\/index.php\/wp-json\/wp\/v2\/comments?post=1285"}],"wp:featuredmedia":[{"embeddable":true,"href":"https:\/\/crocjeux.com\/index.php\/wp-json\/wp\/v2\/media\/1286"}],"wp:attachment":[{"href":"https:\/\/crocjeux.com\/index.php\/wp-json\/wp\/v2\/media?parent=1285"}],"wp:term":[{"taxonomy":"product_brand","embeddable":true,"href":"https:\/\/crocjeux.com\/index.php\/wp-json\/wp\/v2\/product_brand?post=1285"},{"taxonomy":"product_cat","embeddable":true,"href":"https:\/\/crocjeux.com\/index.php\/wp-json\/wp\/v2\/product_cat?post=1285"},{"taxonomy":"product_tag","embeddable":true,"href":"https:\/\/crocjeux.com\/index.php\/wp-json\/wp\/v2\/product_tag?post=1285"}],"curies":[{"name":"wp","href":"https:\/\/api.w.org\/{rel}","templated":true}]}}