{"id":1323,"date":"2020-11-26T17:20:35","date_gmt":"2020-11-26T16:20:35","guid":{"rendered":"https:\/\/crocjeux.com\/?post_type=product&#038;p=1323"},"modified":"2023-08-12T09:21:41","modified_gmt":"2023-08-12T08:21:41","slug":"memoire-44-new-flight-plan","status":"publish","type":"product","link":"https:\/\/crocjeux.com\/index.php\/produit\/memoire-44-new-flight-plan\/","title":{"rendered":"M\u00e9moire 44 &#8211; New Flight Plan"},"content":{"rendered":"<h2>M\u00e9moire\u00a044 &#8211; New Flight Plan<\/h2>\n<p>\u00ab\u00a0Si nous perdons la guerre dans les airs, nous perdons la guerre. Et nous la perdrons vite.\u00a0\u00bb Bernard L. Montgomery<\/p>\n<p>La supr\u00e9matie a\u00e9rienne fut un d\u00e9fi permanent de la Seconde Guerre mondiale. Lors de la bataille de France, les puissants Stuka de la Luftwaffe jou\u00e8rent un r\u00f4le-cl\u00e9 dans la Blitzkrieg qui donna la victoire aux Allemands. Au-dessus de la Manche, l\u2019h\u00e9ro\u00efsme des pilotes de la RAF sauva leur pays de l\u2019invasion. Dans les cieux de Koursk, Smolensk ou Stalingrad, de nombreux pilotes sovi\u00e9tiques d\u00e9fendirent leurs terres contre les bombardiers ennemis. Au-dessus des \u00eeles du Pacifique, les chasseurs am\u00e9ricains durent livrer un combat d\u00e9sesp\u00e9r\u00e9 pour tenir face aux puissants Zero japonais. Et lorsque les forces alli\u00e9es d\u00e9barqu\u00e8rent en Europe, ce fut sous une couverture constante de chasseurs, chasseurs-bombardiers et bombardiers. La supr\u00e9matie a\u00e9rienne des Alli\u00e9s \u00e9tait alors totale.<\/p>\n<p>Envoyez vos bombardiers contre des objectifs strat\u00e9giques, mais faites attention \u00e0 la chasse adverse ! Lancez vos chasseurs-bombardiers pour appuyer vos troupes au sol ! Les nouvelles r\u00e8gles a\u00e9riennes vous offrent de nombreuses options tactiques dont vous pourrez faire bon usage dans les sc\u00e9narios propos\u00e9s. Mais vous pouvez aussi les utiliser dans tous les sc\u00e9narios parus \u00e0 ce jour, sur tous les th\u00e9\u00e2tres d\u2019op\u00e9rations, pour apporter une nouvelle dimension \u00e0 vos parties de M\u00e9moire 44 !<\/p>\n<p>Vous trouverez 21 nouveaux sc\u00e9narios ainsi que les r\u00e8gles rendant compatible n&rsquo;importe quel sc\u00e9nario officiel !<\/p>\n","protected":false},"excerpt":{"rendered":"<p>M\u00e9moire\u00a044 &#8211; New Flight Plan \u00ab\u00a0Si nous perdons la guerre dans les airs, nous perdons la guerre. Et nous la<\/p>\n","protected":false},"featured_media":1324,"comment_status":"open","ping_status":"closed","template":"","meta":{"colormag_page_container_layout":"default_layout","colormag_page_sidebar_layout":"default_layout"},"product_brand":[],"product_cat":[31,34,70,93,94,95],"product_tag":[],"class_list":{"0":"post-1323","1":"product","2":"type-product","3":"status-publish","4":"has-post-thumbnail","6":"product_cat-jeux-adffrontement","7":"product_cat-jeux-figurines","8":"product_cat-memoire-44-jeux-a-deux","9":"product_cat-memoire-44-jeux-strategie","10":"product_cat-memoire-44-jeux-experts","11":"product_cat-memoire-44-jeux-civilisation","13":"first","14":"instock","15":"taxable","16":"shipping-taxable","17":"purchasable","18":"product-type-simple"},"yoast_head":"<!-- This site is optimized with the Yoast SEO plugin v27.4 - https:\/\/yoast.com\/product\/yoast-seo-wordpress\/ -->\n<title>M\u00e9moire 44 - New Flight Plan - Croc Jeux<\/title>\n<meta name=\"robots\" content=\"index, follow, max-snippet:-1, max-image-preview:large, max-video-preview:-1\" \/>\n<link rel=\"canonical\" href=\"https:\/\/crocjeux.com\/index.php\/produit\/memoire-44-new-flight-plan\/\" \/>\n<meta property=\"og:locale\" content=\"fr_FR\" \/>\n<meta property=\"og:type\" content=\"article\" \/>\n<meta property=\"og:title\" content=\"M\u00e9moire 44 - New Flight Plan - Croc Jeux\" \/>\n<meta property=\"og:description\" content=\"M\u00e9moire\u00a044 &#8211; New Flight Plan \u00ab\u00a0Si nous perdons la guerre dans les airs, nous perdons la guerre. Et nous la\" \/>\n<meta property=\"og:url\" content=\"https:\/\/crocjeux.com\/index.php\/produit\/memoire-44-new-flight-plan\/\" \/>\n<meta property=\"og:site_name\" content=\"Croc Jeux\" \/>\n<meta property=\"article:modified_time\" content=\"2023-08-12T08:21:41+00:00\" \/>\n<meta property=\"og:image\" content=\"https:\/\/crocjeux.com\/wp-content\/uploads\/2020\/11\/819Eo02e4EL._AC_SL1500_.jpg\" \/>\n\t<meta property=\"og:image:width\" content=\"1424\" \/>\n\t<meta property=\"og:image:height\" content=\"1500\" \/>\n\t<meta property=\"og:image:type\" content=\"image\/jpeg\" \/>\n<meta name=\"twitter:card\" content=\"summary_large_image\" \/>\n<meta name=\"twitter:label1\" content=\"Dur\u00e9e de lecture estim\u00e9e\" \/>\n\t<meta name=\"twitter:data1\" content=\"1 minute\" \/>\n<script type=\"application\/ld+json\" class=\"yoast-schema-graph\">{\"@context\":\"https:\\\/\\\/schema.org\",\"@graph\":[{\"@type\":\"WebPage\",\"@id\":\"https:\\\/\\\/crocjeux.com\\\/index.php\\\/produit\\\/memoire-44-new-flight-plan\\\/\",\"url\":\"https:\\\/\\\/crocjeux.com\\\/index.php\\\/produit\\\/memoire-44-new-flight-plan\\\/\",\"name\":\"M\u00e9moire 44 - New Flight Plan - Croc Jeux\",\"isPartOf\":{\"@id\":\"https:\\\/\\\/crocjeux.com\\\/#website\"},\"primaryImageOfPage\":{\"@id\":\"https:\\\/\\\/crocjeux.com\\\/index.php\\\/produit\\\/memoire-44-new-flight-plan\\\/#primaryimage\"},\"image\":{\"@id\":\"https:\\\/\\\/crocjeux.com\\\/index.php\\\/produit\\\/memoire-44-new-flight-plan\\\/#primaryimage\"},\"thumbnailUrl\":\"https:\\\/\\\/crocjeux.com\\\/wp-content\\\/uploads\\\/2020\\\/11\\\/819Eo02e4EL._AC_SL1500_.jpg\",\"datePublished\":\"2020-11-26T16:20:35+00:00\",\"dateModified\":\"2023-08-12T08:21:41+00:00\",\"breadcrumb\":{\"@id\":\"https:\\\/\\\/crocjeux.com\\\/index.php\\\/produit\\\/memoire-44-new-flight-plan\\\/#breadcrumb\"},\"inLanguage\":\"fr-FR\",\"potentialAction\":[{\"@type\":\"ReadAction\",\"target\":[\"https:\\\/\\\/crocjeux.com\\\/index.php\\\/produit\\\/memoire-44-new-flight-plan\\\/\"]}]},{\"@type\":\"ImageObject\",\"inLanguage\":\"fr-FR\",\"@id\":\"https:\\\/\\\/crocjeux.com\\\/index.php\\\/produit\\\/memoire-44-new-flight-plan\\\/#primaryimage\",\"url\":\"https:\\\/\\\/crocjeux.com\\\/wp-content\\\/uploads\\\/2020\\\/11\\\/819Eo02e4EL._AC_SL1500_.jpg\",\"contentUrl\":\"https:\\\/\\\/crocjeux.com\\\/wp-content\\\/uploads\\\/2020\\\/11\\\/819Eo02e4EL._AC_SL1500_.jpg\",\"width\":1424,\"height\":1500},{\"@type\":\"BreadcrumbList\",\"@id\":\"https:\\\/\\\/crocjeux.com\\\/index.php\\\/produit\\\/memoire-44-new-flight-plan\\\/#breadcrumb\",\"itemListElement\":[{\"@type\":\"ListItem\",\"position\":1,\"name\":\"Accueil\",\"item\":\"https:\\\/\\\/crocjeux.com\\\/\"},{\"@type\":\"ListItem\",\"position\":2,\"name\":\"Boutique\",\"item\":\"https:\\\/\\\/crocjeux.com\\\/\"},{\"@type\":\"ListItem\",\"position\":3,\"name\":\"M\u00e9moire 44 &#8211; New Flight Plan\"}]},{\"@type\":\"WebSite\",\"@id\":\"https:\\\/\\\/crocjeux.com\\\/#website\",\"url\":\"https:\\\/\\\/crocjeux.com\\\/\",\"name\":\"Croc Jeux\",\"description\":\"Bienvenue chez Croc Jeux!\",\"publisher\":{\"@id\":\"https:\\\/\\\/crocjeux.com\\\/#organization\"},\"potentialAction\":[{\"@type\":\"SearchAction\",\"target\":{\"@type\":\"EntryPoint\",\"urlTemplate\":\"https:\\\/\\\/crocjeux.com\\\/?s={search_term_string}\"},\"query-input\":{\"@type\":\"PropertyValueSpecification\",\"valueRequired\":true,\"valueName\":\"search_term_string\"}}],\"inLanguage\":\"fr-FR\"},{\"@type\":\"Organization\",\"@id\":\"https:\\\/\\\/crocjeux.com\\\/#organization\",\"name\":\"Croc Jeux\",\"url\":\"https:\\\/\\\/crocjeux.com\\\/\",\"logo\":{\"@type\":\"ImageObject\",\"inLanguage\":\"fr-FR\",\"@id\":\"https:\\\/\\\/crocjeux.com\\\/#\\\/schema\\\/logo\\\/image\\\/\",\"url\":\"https:\\\/\\\/crocjeux.com\\\/wp-content\\\/uploads\\\/2022\\\/01\\\/cropped-logo-croc-etape-1-e1644574034239.jpg\",\"contentUrl\":\"https:\\\/\\\/crocjeux.com\\\/wp-content\\\/uploads\\\/2022\\\/01\\\/cropped-logo-croc-etape-1-e1644574034239.jpg\",\"width\":1224,\"height\":314,\"caption\":\"Croc Jeux\"},\"image\":{\"@id\":\"https:\\\/\\\/crocjeux.com\\\/#\\\/schema\\\/logo\\\/image\\\/\"}}]}<\/script>\n<!-- \/ Yoast SEO plugin. -->","yoast_head_json":{"title":"M\u00e9moire 44 - New Flight Plan - Croc Jeux","robots":{"index":"index","follow":"follow","max-snippet":"max-snippet:-1","max-image-preview":"max-image-preview:large","max-video-preview":"max-video-preview:-1"},"canonical":"https:\/\/crocjeux.com\/index.php\/produit\/memoire-44-new-flight-plan\/","og_locale":"fr_FR","og_type":"article","og_title":"M\u00e9moire 44 - New Flight Plan - Croc Jeux","og_description":"M\u00e9moire\u00a044 &#8211; New Flight Plan \u00ab\u00a0Si nous perdons la guerre dans les airs, nous perdons la guerre. Et nous la","og_url":"https:\/\/crocjeux.com\/index.php\/produit\/memoire-44-new-flight-plan\/","og_site_name":"Croc Jeux","article_modified_time":"2023-08-12T08:21:41+00:00","og_image":[{"width":1424,"height":1500,"url":"https:\/\/crocjeux.com\/wp-content\/uploads\/2020\/11\/819Eo02e4EL._AC_SL1500_.jpg","type":"image\/jpeg"}],"twitter_card":"summary_large_image","twitter_misc":{"Dur\u00e9e de lecture estim\u00e9e":"1 minute"},"schema":{"@context":"https:\/\/schema.org","@graph":[{"@type":"WebPage","@id":"https:\/\/crocjeux.com\/index.php\/produit\/memoire-44-new-flight-plan\/","url":"https:\/\/crocjeux.com\/index.php\/produit\/memoire-44-new-flight-plan\/","name":"M\u00e9moire 44 - New Flight Plan - Croc Jeux","isPartOf":{"@id":"https:\/\/crocjeux.com\/#website"},"primaryImageOfPage":{"@id":"https:\/\/crocjeux.com\/index.php\/produit\/memoire-44-new-flight-plan\/#primaryimage"},"image":{"@id":"https:\/\/crocjeux.com\/index.php\/produit\/memoire-44-new-flight-plan\/#primaryimage"},"thumbnailUrl":"https:\/\/crocjeux.com\/wp-content\/uploads\/2020\/11\/819Eo02e4EL._AC_SL1500_.jpg","datePublished":"2020-11-26T16:20:35+00:00","dateModified":"2023-08-12T08:21:41+00:00","breadcrumb":{"@id":"https:\/\/crocjeux.com\/index.php\/produit\/memoire-44-new-flight-plan\/#breadcrumb"},"inLanguage":"fr-FR","potentialAction":[{"@type":"ReadAction","target":["https:\/\/crocjeux.com\/index.php\/produit\/memoire-44-new-flight-plan\/"]}]},{"@type":"ImageObject","inLanguage":"fr-FR","@id":"https:\/\/crocjeux.com\/index.php\/produit\/memoire-44-new-flight-plan\/#primaryimage","url":"https:\/\/crocjeux.com\/wp-content\/uploads\/2020\/11\/819Eo02e4EL._AC_SL1500_.jpg","contentUrl":"https:\/\/crocjeux.com\/wp-content\/uploads\/2020\/11\/819Eo02e4EL._AC_SL1500_.jpg","width":1424,"height":1500},{"@type":"BreadcrumbList","@id":"https:\/\/crocjeux.com\/index.php\/produit\/memoire-44-new-flight-plan\/#breadcrumb","itemListElement":[{"@type":"ListItem","position":1,"name":"Accueil","item":"https:\/\/crocjeux.com\/"},{"@type":"ListItem","position":2,"name":"Boutique","item":"https:\/\/crocjeux.com\/"},{"@type":"ListItem","position":3,"name":"M\u00e9moire 44 &#8211; New Flight Plan"}]},{"@type":"WebSite","@id":"https:\/\/crocjeux.com\/#website","url":"https:\/\/crocjeux.com\/","name":"Croc Jeux","description":"Bienvenue chez Croc Jeux!","publisher":{"@id":"https:\/\/crocjeux.com\/#organization"},"potentialAction":[{"@type":"SearchAction","target":{"@type":"EntryPoint","urlTemplate":"https:\/\/crocjeux.com\/?s={search_term_string}"},"query-input":{"@type":"PropertyValueSpecification","valueRequired":true,"valueName":"search_term_string"}}],"inLanguage":"fr-FR"},{"@type":"Organization","@id":"https:\/\/crocjeux.com\/#organization","name":"Croc Jeux","url":"https:\/\/crocjeux.com\/","logo":{"@type":"ImageObject","inLanguage":"fr-FR","@id":"https:\/\/crocjeux.com\/#\/schema\/logo\/image\/","url":"https:\/\/crocjeux.com\/wp-content\/uploads\/2022\/01\/cropped-logo-croc-etape-1-e1644574034239.jpg","contentUrl":"https:\/\/crocjeux.com\/wp-content\/uploads\/2022\/01\/cropped-logo-croc-etape-1-e1644574034239.jpg","width":1224,"height":314,"caption":"Croc Jeux"},"image":{"@id":"https:\/\/crocjeux.com\/#\/schema\/logo\/image\/"}}]}},"_links":{"self":[{"href":"https:\/\/crocjeux.com\/index.php\/wp-json\/wp\/v2\/product\/1323","targetHints":{"allow":["GET"]}}],"collection":[{"href":"https:\/\/crocjeux.com\/index.php\/wp-json\/wp\/v2\/product"}],"about":[{"href":"https:\/\/crocjeux.com\/index.php\/wp-json\/wp\/v2\/types\/product"}],"replies":[{"embeddable":true,"href":"https:\/\/crocjeux.com\/index.php\/wp-json\/wp\/v2\/comments?post=1323"}],"wp:featuredmedia":[{"embeddable":true,"href":"https:\/\/crocjeux.com\/index.php\/wp-json\/wp\/v2\/media\/1324"}],"wp:attachment":[{"href":"https:\/\/crocjeux.com\/index.php\/wp-json\/wp\/v2\/media?parent=1323"}],"wp:term":[{"taxonomy":"product_brand","embeddable":true,"href":"https:\/\/crocjeux.com\/index.php\/wp-json\/wp\/v2\/product_brand?post=1323"},{"taxonomy":"product_cat","embeddable":true,"href":"https:\/\/crocjeux.com\/index.php\/wp-json\/wp\/v2\/product_cat?post=1323"},{"taxonomy":"product_tag","embeddable":true,"href":"https:\/\/crocjeux.com\/index.php\/wp-json\/wp\/v2\/product_tag?post=1323"}],"curies":[{"name":"wp","href":"https:\/\/api.w.org\/{rel}","templated":true}]}}