{"id":1351,"date":"2020-11-27T12:15:35","date_gmt":"2020-11-27T11:15:35","guid":{"rendered":"https:\/\/crocjeux.com\/?post_type=product&#038;p=1351"},"modified":"2022-02-12T12:03:14","modified_gmt":"2022-02-12T11:03:14","slug":"hero-realms-jeu-de-deckbuilding","status":"publish","type":"product","link":"https:\/\/crocjeux.com\/index.php\/produit\/hero-realms-jeu-de-deckbuilding\/","title":{"rendered":"Hero Realms &#8211; Jeu de Deckbuilding"},"content":{"rendered":"<h1 id=\"product_name\">Hero Realms &#8211; Jeu de Deckbuilding<\/h1>\n<div id=\"short_description_block\">\n<div id=\"short_description_content\" class=\"rte align_justify hide-smartphone\">\n<p>Apr\u00e8s un mill\u00e9naire d\u2019expansion, l\u2019Empire fait face \u00e0 denouveaux ennemis venus de l\u2019int\u00e9rieur. Entre r\u00e9bellions et reconqu\u00eates, l\u2019Empereur nourrit l\u2019espoir d\u2019une paix durable par une audacieuse strat\u00e9gie : le commerce.<\/p>\n<ul class=\"illustrated_features\">\n<li class=\"langue tooltips\" title=\"\" data-hasqtip=\"5\" aria-describedby=\"qtip-5\">Fran\u00e7ais<\/li>\n<li class=\"age tooltips\" title=\"\" data-hasqtip=\"6\">\u00a0\u00e0 partir de 12 ans<\/li>\n<li class=\"nb_joueurs tooltips\" title=\"\" data-hasqtip=\"7\" aria-describedby=\"qtip-7\">\u00a02 \u00e0 4 joueur(s)<\/li>\n<\/ul>\n<p>Apr\u00e8s un mill\u00e9naire d\u2019expansion, l\u2019Empire fait face \u00e0 denouveaux ennemis venus de l\u2019int\u00e9rieur. Entre r\u00e9bellions et reconqu\u00eates, l\u2019Empereur nourrit l\u2019espoir d\u2019une paix durable par une audacieuse strat\u00e9gie : le commerce. C\u2019est \u00e0 Thandar, m\u00e9tropole florissante, qu\u2019apparaissent de nouvelles tensions. Chacun cherche alors \u00e0 s\u2019enrichir afin de s\u2019entourer des meilleurs guerriers, armes, sorts et cr\u00e9atures en tout genre et reconqu\u00e9rir l\u2019Empire !<\/p>\n<p>Heros Realm est une adaptation m\u00e9di\u00e9vale fantastique du jeu de deck-building Star Realms.<\/p>\n<p>Chaque joueur commence avec un deck de dix cartes contenant de l&rsquo;or pour les achats et des armes pour le combat. Au fur et \u00e0 mesure de la partie, vous allez pouvoir acqu\u00e9rir des acqu\u00e9rir des cartes suppl\u00e9mentaires au march\u00e9. Vous pourrez donc acheter des champions, des actions qui vous permettrons d&rsquo;acqu\u00e9rir plus d&rsquo;or, d&rsquo;effets et de cartes afin de combattre vos adversaires et leurs champions.<\/p>\n<p>Pour gagner, vous devrez r\u00e9duire \u00e0 0 les points de vue de votre adversaire.<\/p>\n<p>&nbsp;<\/p>\n<\/div>\n<\/div>\n","protected":false},"excerpt":{"rendered":"<p>Hero Realms &#8211; Jeu de Deckbuilding Apr\u00e8s un mill\u00e9naire d\u2019expansion, l\u2019Empire fait face \u00e0 denouveaux ennemis venus de l\u2019int\u00e9rieur. Entre<\/p>\n","protected":false},"featured_media":1352,"comment_status":"open","ping_status":"closed","template":"","meta":{"colormag_page_container_layout":"default_layout","colormag_page_sidebar_layout":"default_layout"},"product_brand":[],"product_cat":[51],"product_tag":[],"class_list":{"0":"post-1351","1":"product","2":"type-product","3":"status-publish","4":"has-post-thumbnail","6":"product_cat-hero-realms-jeux-cartes","8":"first","9":"instock","10":"taxable","11":"shipping-taxable","12":"purchasable","13":"product-type-simple"},"yoast_head":"<!-- This site is optimized with the Yoast SEO plugin v27.3 - https:\/\/yoast.com\/product\/yoast-seo-wordpress\/ -->\n<title>Hero Realms - Jeu de Deckbuilding - Croc Jeux<\/title>\n<meta name=\"robots\" content=\"index, follow, max-snippet:-1, max-image-preview:large, max-video-preview:-1\" \/>\n<link rel=\"canonical\" href=\"https:\/\/crocjeux.com\/index.php\/produit\/hero-realms-jeu-de-deckbuilding\/\" \/>\n<meta property=\"og:locale\" content=\"fr_FR\" \/>\n<meta property=\"og:type\" content=\"article\" \/>\n<meta property=\"og:title\" content=\"Hero Realms - Jeu de Deckbuilding - Croc Jeux\" \/>\n<meta property=\"og:description\" content=\"Hero Realms &#8211; Jeu de Deckbuilding Apr\u00e8s un mill\u00e9naire d\u2019expansion, l\u2019Empire fait face \u00e0 denouveaux ennemis venus de l\u2019int\u00e9rieur. Entre\" \/>\n<meta property=\"og:url\" content=\"https:\/\/crocjeux.com\/index.php\/produit\/hero-realms-jeu-de-deckbuilding\/\" \/>\n<meta property=\"og:site_name\" content=\"Croc Jeux\" \/>\n<meta property=\"article:modified_time\" content=\"2022-02-12T11:03:14+00:00\" \/>\n<meta property=\"og:image\" content=\"https:\/\/crocjeux.com\/wp-content\/uploads\/2020\/11\/hero-realms-jeu-de-deckbuilding.jpg\" \/>\n\t<meta property=\"og:image:width\" content=\"372\" \/>\n\t<meta property=\"og:image:height\" content=\"372\" \/>\n\t<meta property=\"og:image:type\" content=\"image\/jpeg\" \/>\n<meta name=\"twitter:card\" content=\"summary_large_image\" \/>\n<meta name=\"twitter:label1\" content=\"Dur\u00e9e de lecture estim\u00e9e\" \/>\n\t<meta name=\"twitter:data1\" content=\"1 minute\" \/>\n<script type=\"application\/ld+json\" class=\"yoast-schema-graph\">{\"@context\":\"https:\\\/\\\/schema.org\",\"@graph\":[{\"@type\":\"WebPage\",\"@id\":\"https:\\\/\\\/crocjeux.com\\\/index.php\\\/produit\\\/hero-realms-jeu-de-deckbuilding\\\/\",\"url\":\"https:\\\/\\\/crocjeux.com\\\/index.php\\\/produit\\\/hero-realms-jeu-de-deckbuilding\\\/\",\"name\":\"Hero Realms - Jeu de Deckbuilding - Croc Jeux\",\"isPartOf\":{\"@id\":\"https:\\\/\\\/crocjeux.com\\\/#website\"},\"primaryImageOfPage\":{\"@id\":\"https:\\\/\\\/crocjeux.com\\\/index.php\\\/produit\\\/hero-realms-jeu-de-deckbuilding\\\/#primaryimage\"},\"image\":{\"@id\":\"https:\\\/\\\/crocjeux.com\\\/index.php\\\/produit\\\/hero-realms-jeu-de-deckbuilding\\\/#primaryimage\"},\"thumbnailUrl\":\"https:\\\/\\\/crocjeux.com\\\/wp-content\\\/uploads\\\/2020\\\/11\\\/hero-realms-jeu-de-deckbuilding.jpg\",\"datePublished\":\"2020-11-27T11:15:35+00:00\",\"dateModified\":\"2022-02-12T11:03:14+00:00\",\"breadcrumb\":{\"@id\":\"https:\\\/\\\/crocjeux.com\\\/index.php\\\/produit\\\/hero-realms-jeu-de-deckbuilding\\\/#breadcrumb\"},\"inLanguage\":\"fr-FR\",\"potentialAction\":[{\"@type\":\"ReadAction\",\"target\":[\"https:\\\/\\\/crocjeux.com\\\/index.php\\\/produit\\\/hero-realms-jeu-de-deckbuilding\\\/\"]}]},{\"@type\":\"ImageObject\",\"inLanguage\":\"fr-FR\",\"@id\":\"https:\\\/\\\/crocjeux.com\\\/index.php\\\/produit\\\/hero-realms-jeu-de-deckbuilding\\\/#primaryimage\",\"url\":\"https:\\\/\\\/crocjeux.com\\\/wp-content\\\/uploads\\\/2020\\\/11\\\/hero-realms-jeu-de-deckbuilding.jpg\",\"contentUrl\":\"https:\\\/\\\/crocjeux.com\\\/wp-content\\\/uploads\\\/2020\\\/11\\\/hero-realms-jeu-de-deckbuilding.jpg\",\"width\":372,\"height\":372},{\"@type\":\"BreadcrumbList\",\"@id\":\"https:\\\/\\\/crocjeux.com\\\/index.php\\\/produit\\\/hero-realms-jeu-de-deckbuilding\\\/#breadcrumb\",\"itemListElement\":[{\"@type\":\"ListItem\",\"position\":1,\"name\":\"Accueil\",\"item\":\"https:\\\/\\\/crocjeux.com\\\/\"},{\"@type\":\"ListItem\",\"position\":2,\"name\":\"Boutique\",\"item\":\"https:\\\/\\\/crocjeux.com\\\/\"},{\"@type\":\"ListItem\",\"position\":3,\"name\":\"Hero Realms &#8211; Jeu de Deckbuilding\"}]},{\"@type\":\"WebSite\",\"@id\":\"https:\\\/\\\/crocjeux.com\\\/#website\",\"url\":\"https:\\\/\\\/crocjeux.com\\\/\",\"name\":\"Croc Jeux\",\"description\":\"Bienvenue chez Croc Jeux!\",\"publisher\":{\"@id\":\"https:\\\/\\\/crocjeux.com\\\/#organization\"},\"potentialAction\":[{\"@type\":\"SearchAction\",\"target\":{\"@type\":\"EntryPoint\",\"urlTemplate\":\"https:\\\/\\\/crocjeux.com\\\/?s={search_term_string}\"},\"query-input\":{\"@type\":\"PropertyValueSpecification\",\"valueRequired\":true,\"valueName\":\"search_term_string\"}}],\"inLanguage\":\"fr-FR\"},{\"@type\":\"Organization\",\"@id\":\"https:\\\/\\\/crocjeux.com\\\/#organization\",\"name\":\"Croc Jeux\",\"url\":\"https:\\\/\\\/crocjeux.com\\\/\",\"logo\":{\"@type\":\"ImageObject\",\"inLanguage\":\"fr-FR\",\"@id\":\"https:\\\/\\\/crocjeux.com\\\/#\\\/schema\\\/logo\\\/image\\\/\",\"url\":\"https:\\\/\\\/crocjeux.com\\\/wp-content\\\/uploads\\\/2022\\\/01\\\/cropped-logo-croc-etape-1-e1644574034239.jpg\",\"contentUrl\":\"https:\\\/\\\/crocjeux.com\\\/wp-content\\\/uploads\\\/2022\\\/01\\\/cropped-logo-croc-etape-1-e1644574034239.jpg\",\"width\":1224,\"height\":314,\"caption\":\"Croc Jeux\"},\"image\":{\"@id\":\"https:\\\/\\\/crocjeux.com\\\/#\\\/schema\\\/logo\\\/image\\\/\"}}]}<\/script>\n<!-- \/ Yoast SEO plugin. -->","yoast_head_json":{"title":"Hero Realms - Jeu de Deckbuilding - Croc Jeux","robots":{"index":"index","follow":"follow","max-snippet":"max-snippet:-1","max-image-preview":"max-image-preview:large","max-video-preview":"max-video-preview:-1"},"canonical":"https:\/\/crocjeux.com\/index.php\/produit\/hero-realms-jeu-de-deckbuilding\/","og_locale":"fr_FR","og_type":"article","og_title":"Hero Realms - Jeu de Deckbuilding - Croc Jeux","og_description":"Hero Realms &#8211; Jeu de Deckbuilding Apr\u00e8s un mill\u00e9naire d\u2019expansion, l\u2019Empire fait face \u00e0 denouveaux ennemis venus de l\u2019int\u00e9rieur. Entre","og_url":"https:\/\/crocjeux.com\/index.php\/produit\/hero-realms-jeu-de-deckbuilding\/","og_site_name":"Croc Jeux","article_modified_time":"2022-02-12T11:03:14+00:00","og_image":[{"width":372,"height":372,"url":"https:\/\/crocjeux.com\/wp-content\/uploads\/2020\/11\/hero-realms-jeu-de-deckbuilding.jpg","type":"image\/jpeg"}],"twitter_card":"summary_large_image","twitter_misc":{"Dur\u00e9e de lecture estim\u00e9e":"1 minute"},"schema":{"@context":"https:\/\/schema.org","@graph":[{"@type":"WebPage","@id":"https:\/\/crocjeux.com\/index.php\/produit\/hero-realms-jeu-de-deckbuilding\/","url":"https:\/\/crocjeux.com\/index.php\/produit\/hero-realms-jeu-de-deckbuilding\/","name":"Hero Realms - Jeu de Deckbuilding - Croc Jeux","isPartOf":{"@id":"https:\/\/crocjeux.com\/#website"},"primaryImageOfPage":{"@id":"https:\/\/crocjeux.com\/index.php\/produit\/hero-realms-jeu-de-deckbuilding\/#primaryimage"},"image":{"@id":"https:\/\/crocjeux.com\/index.php\/produit\/hero-realms-jeu-de-deckbuilding\/#primaryimage"},"thumbnailUrl":"https:\/\/crocjeux.com\/wp-content\/uploads\/2020\/11\/hero-realms-jeu-de-deckbuilding.jpg","datePublished":"2020-11-27T11:15:35+00:00","dateModified":"2022-02-12T11:03:14+00:00","breadcrumb":{"@id":"https:\/\/crocjeux.com\/index.php\/produit\/hero-realms-jeu-de-deckbuilding\/#breadcrumb"},"inLanguage":"fr-FR","potentialAction":[{"@type":"ReadAction","target":["https:\/\/crocjeux.com\/index.php\/produit\/hero-realms-jeu-de-deckbuilding\/"]}]},{"@type":"ImageObject","inLanguage":"fr-FR","@id":"https:\/\/crocjeux.com\/index.php\/produit\/hero-realms-jeu-de-deckbuilding\/#primaryimage","url":"https:\/\/crocjeux.com\/wp-content\/uploads\/2020\/11\/hero-realms-jeu-de-deckbuilding.jpg","contentUrl":"https:\/\/crocjeux.com\/wp-content\/uploads\/2020\/11\/hero-realms-jeu-de-deckbuilding.jpg","width":372,"height":372},{"@type":"BreadcrumbList","@id":"https:\/\/crocjeux.com\/index.php\/produit\/hero-realms-jeu-de-deckbuilding\/#breadcrumb","itemListElement":[{"@type":"ListItem","position":1,"name":"Accueil","item":"https:\/\/crocjeux.com\/"},{"@type":"ListItem","position":2,"name":"Boutique","item":"https:\/\/crocjeux.com\/"},{"@type":"ListItem","position":3,"name":"Hero Realms &#8211; Jeu de Deckbuilding"}]},{"@type":"WebSite","@id":"https:\/\/crocjeux.com\/#website","url":"https:\/\/crocjeux.com\/","name":"Croc Jeux","description":"Bienvenue chez Croc Jeux!","publisher":{"@id":"https:\/\/crocjeux.com\/#organization"},"potentialAction":[{"@type":"SearchAction","target":{"@type":"EntryPoint","urlTemplate":"https:\/\/crocjeux.com\/?s={search_term_string}"},"query-input":{"@type":"PropertyValueSpecification","valueRequired":true,"valueName":"search_term_string"}}],"inLanguage":"fr-FR"},{"@type":"Organization","@id":"https:\/\/crocjeux.com\/#organization","name":"Croc Jeux","url":"https:\/\/crocjeux.com\/","logo":{"@type":"ImageObject","inLanguage":"fr-FR","@id":"https:\/\/crocjeux.com\/#\/schema\/logo\/image\/","url":"https:\/\/crocjeux.com\/wp-content\/uploads\/2022\/01\/cropped-logo-croc-etape-1-e1644574034239.jpg","contentUrl":"https:\/\/crocjeux.com\/wp-content\/uploads\/2022\/01\/cropped-logo-croc-etape-1-e1644574034239.jpg","width":1224,"height":314,"caption":"Croc Jeux"},"image":{"@id":"https:\/\/crocjeux.com\/#\/schema\/logo\/image\/"}}]}},"_links":{"self":[{"href":"https:\/\/crocjeux.com\/index.php\/wp-json\/wp\/v2\/product\/1351","targetHints":{"allow":["GET"]}}],"collection":[{"href":"https:\/\/crocjeux.com\/index.php\/wp-json\/wp\/v2\/product"}],"about":[{"href":"https:\/\/crocjeux.com\/index.php\/wp-json\/wp\/v2\/types\/product"}],"replies":[{"embeddable":true,"href":"https:\/\/crocjeux.com\/index.php\/wp-json\/wp\/v2\/comments?post=1351"}],"wp:featuredmedia":[{"embeddable":true,"href":"https:\/\/crocjeux.com\/index.php\/wp-json\/wp\/v2\/media\/1352"}],"wp:attachment":[{"href":"https:\/\/crocjeux.com\/index.php\/wp-json\/wp\/v2\/media?parent=1351"}],"wp:term":[{"taxonomy":"product_brand","embeddable":true,"href":"https:\/\/crocjeux.com\/index.php\/wp-json\/wp\/v2\/product_brand?post=1351"},{"taxonomy":"product_cat","embeddable":true,"href":"https:\/\/crocjeux.com\/index.php\/wp-json\/wp\/v2\/product_cat?post=1351"},{"taxonomy":"product_tag","embeddable":true,"href":"https:\/\/crocjeux.com\/index.php\/wp-json\/wp\/v2\/product_tag?post=1351"}],"curies":[{"name":"wp","href":"https:\/\/api.w.org\/{rel}","templated":true}]}}