{"id":1353,"date":"2020-11-27T12:36:43","date_gmt":"2020-11-27T11:36:43","guid":{"rendered":"https:\/\/crocjeux.com\/?post_type=product&#038;p=1353"},"modified":"2020-12-02T17:44:46","modified_gmt":"2020-12-02T16:44:46","slug":"keyforge-lage-de-lascension-deck","status":"publish","type":"product","link":"https:\/\/crocjeux.com\/index.php\/produit\/keyforge-lage-de-lascension-deck\/","title":{"rendered":"Keyforge &#8211; L&rsquo;Age de l&rsquo;Ascension deck"},"content":{"rendered":"<h1 id=\"product_name\">Keyforge &#8211; L&rsquo;Age de l&rsquo;Ascension deck<\/h1>\n<div id=\"short_description_block\">\n<div id=\"short_description_content\" class=\"rte align_justify hide-smartphone\">Entrez dans l\u2019\u00c2ge de l\u2019Ascension avec la deuxi\u00e8me s\u00e9rie de decks de KeyForge !<\/div>\n<\/div>\n<ul class=\"illustrated_features\">\n<li class=\"langue tooltips\" title=\"\" data-hasqtip=\"5\">Fran\u00e7ais<\/li>\n<li class=\"age tooltips\" title=\"\" data-hasqtip=\"6\">\u00a0\u00e0 partir de 14 ans<\/li>\n<li class=\"duree_partie tooltips\" title=\"\" data-hasqtip=\"7\">\u00a030mn \u00e0 1h<\/li>\n<li class=\"nb_joueurs tooltips\" title=\"\" data-hasqtip=\"8\" aria-describedby=\"qtip-8\">\u00a02 joueur(s)<\/li>\n<\/ul>\n<h2>Keyforge &#8211; L&rsquo;Age de l&rsquo;Ascension deck<\/h2>\n<p>Entrez dans\u00a0<em>L\u2019\u00c2ge de l\u2019Ascension<\/em>\u00a0avec la deuxi\u00e8me bo\u00eete de decks\u00a0<em>KeyForge<\/em>\u00a0!<\/p>\n<div>\n<div>Dans ce jeu passionnant o\u00f9 chaque deck est unique, deux joueurs s\u2019affrontent afin d\u2019\u00eatre le premier \u00e0 forger les cl\u00e9s qui d\u00e9verrouillent les caveaux secrets du Creuset. \u00c0 nul autre pareil, chaque deck regorge de cr\u00e9atures, d\u2019art\u00e9facts et de capacit\u00e9s incroyables. Aucune partie ne ressemble \u00e0 une autre !<\/div>\n<div><\/div>\n<div><em>L\u2019\u00c2ge de l\u2019Ascension<\/em> contient 204 nouvelles cartes qui permettent de cr\u00e9er une infinit\u00e9 de nouveaux decks totalement in\u00e9dits que vous pourrez d\u00e9couvrir, explorer et maitriser !<\/div>\n<\/div>\n","protected":false},"excerpt":{"rendered":"<p>Keyforge &#8211; L&rsquo;Age de l&rsquo;Ascension deck Entrez dans l\u2019\u00c2ge de l\u2019Ascension avec la deuxi\u00e8me s\u00e9rie de decks de KeyForge !<\/p>\n","protected":false},"featured_media":1354,"comment_status":"open","ping_status":"closed","template":"","meta":{"colormag_page_container_layout":"default_layout","colormag_page_sidebar_layout":"default_layout"},"product_brand":[],"product_cat":[50],"product_tag":[],"class_list":{"0":"post-1353","1":"product","2":"type-product","3":"status-publish","4":"has-post-thumbnail","6":"product_cat-cartes-keyforge","8":"first","9":"instock","10":"taxable","11":"shipping-taxable","12":"purchasable","13":"product-type-simple"},"yoast_head":"<!-- This site is optimized with the Yoast SEO plugin v27.3 - https:\/\/yoast.com\/product\/yoast-seo-wordpress\/ -->\n<title>Keyforge - L&#039;Age de l&#039;Ascension deck - Croc Jeux<\/title>\n<meta name=\"robots\" content=\"index, follow, max-snippet:-1, max-image-preview:large, max-video-preview:-1\" \/>\n<link rel=\"canonical\" href=\"https:\/\/crocjeux.com\/index.php\/produit\/keyforge-lage-de-lascension-deck\/\" \/>\n<meta property=\"og:locale\" content=\"fr_FR\" \/>\n<meta property=\"og:type\" content=\"article\" \/>\n<meta property=\"og:title\" content=\"Keyforge - L&#039;Age de l&#039;Ascension deck - Croc Jeux\" \/>\n<meta property=\"og:description\" content=\"Keyforge &#8211; L&rsquo;Age de l&rsquo;Ascension deck Entrez dans l\u2019\u00c2ge de l\u2019Ascension avec la deuxi\u00e8me s\u00e9rie de decks de KeyForge !\" \/>\n<meta property=\"og:url\" content=\"https:\/\/crocjeux.com\/index.php\/produit\/keyforge-lage-de-lascension-deck\/\" \/>\n<meta property=\"og:site_name\" content=\"Croc Jeux\" \/>\n<meta property=\"article:modified_time\" content=\"2020-12-02T16:44:46+00:00\" \/>\n<meta property=\"og:image\" content=\"https:\/\/crocjeux.com\/wp-content\/uploads\/2020\/11\/keyforge-l-age-de-l-ascension-deck.jpg\" \/>\n\t<meta property=\"og:image:width\" content=\"372\" \/>\n\t<meta property=\"og:image:height\" content=\"372\" \/>\n\t<meta property=\"og:image:type\" content=\"image\/jpeg\" \/>\n<meta name=\"twitter:card\" content=\"summary_large_image\" \/>\n<meta name=\"twitter:label1\" content=\"Dur\u00e9e de lecture estim\u00e9e\" \/>\n\t<meta name=\"twitter:data1\" content=\"1 minute\" \/>\n<script type=\"application\/ld+json\" class=\"yoast-schema-graph\">{\"@context\":\"https:\\\/\\\/schema.org\",\"@graph\":[{\"@type\":\"WebPage\",\"@id\":\"https:\\\/\\\/crocjeux.com\\\/index.php\\\/produit\\\/keyforge-lage-de-lascension-deck\\\/\",\"url\":\"https:\\\/\\\/crocjeux.com\\\/index.php\\\/produit\\\/keyforge-lage-de-lascension-deck\\\/\",\"name\":\"Keyforge - L'Age de l'Ascension deck - Croc Jeux\",\"isPartOf\":{\"@id\":\"https:\\\/\\\/crocjeux.com\\\/#website\"},\"primaryImageOfPage\":{\"@id\":\"https:\\\/\\\/crocjeux.com\\\/index.php\\\/produit\\\/keyforge-lage-de-lascension-deck\\\/#primaryimage\"},\"image\":{\"@id\":\"https:\\\/\\\/crocjeux.com\\\/index.php\\\/produit\\\/keyforge-lage-de-lascension-deck\\\/#primaryimage\"},\"thumbnailUrl\":\"https:\\\/\\\/crocjeux.com\\\/wp-content\\\/uploads\\\/2020\\\/11\\\/keyforge-l-age-de-l-ascension-deck.jpg\",\"datePublished\":\"2020-11-27T11:36:43+00:00\",\"dateModified\":\"2020-12-02T16:44:46+00:00\",\"breadcrumb\":{\"@id\":\"https:\\\/\\\/crocjeux.com\\\/index.php\\\/produit\\\/keyforge-lage-de-lascension-deck\\\/#breadcrumb\"},\"inLanguage\":\"fr-FR\",\"potentialAction\":[{\"@type\":\"ReadAction\",\"target\":[\"https:\\\/\\\/crocjeux.com\\\/index.php\\\/produit\\\/keyforge-lage-de-lascension-deck\\\/\"]}]},{\"@type\":\"ImageObject\",\"inLanguage\":\"fr-FR\",\"@id\":\"https:\\\/\\\/crocjeux.com\\\/index.php\\\/produit\\\/keyforge-lage-de-lascension-deck\\\/#primaryimage\",\"url\":\"https:\\\/\\\/crocjeux.com\\\/wp-content\\\/uploads\\\/2020\\\/11\\\/keyforge-l-age-de-l-ascension-deck.jpg\",\"contentUrl\":\"https:\\\/\\\/crocjeux.com\\\/wp-content\\\/uploads\\\/2020\\\/11\\\/keyforge-l-age-de-l-ascension-deck.jpg\",\"width\":372,\"height\":372},{\"@type\":\"BreadcrumbList\",\"@id\":\"https:\\\/\\\/crocjeux.com\\\/index.php\\\/produit\\\/keyforge-lage-de-lascension-deck\\\/#breadcrumb\",\"itemListElement\":[{\"@type\":\"ListItem\",\"position\":1,\"name\":\"Accueil\",\"item\":\"https:\\\/\\\/crocjeux.com\\\/\"},{\"@type\":\"ListItem\",\"position\":2,\"name\":\"Boutique\",\"item\":\"https:\\\/\\\/crocjeux.com\\\/\"},{\"@type\":\"ListItem\",\"position\":3,\"name\":\"Keyforge &#8211; L&#8217;Age de l&#8217;Ascension deck\"}]},{\"@type\":\"WebSite\",\"@id\":\"https:\\\/\\\/crocjeux.com\\\/#website\",\"url\":\"https:\\\/\\\/crocjeux.com\\\/\",\"name\":\"Croc Jeux\",\"description\":\"Bienvenue chez Croc Jeux!\",\"publisher\":{\"@id\":\"https:\\\/\\\/crocjeux.com\\\/#organization\"},\"potentialAction\":[{\"@type\":\"SearchAction\",\"target\":{\"@type\":\"EntryPoint\",\"urlTemplate\":\"https:\\\/\\\/crocjeux.com\\\/?s={search_term_string}\"},\"query-input\":{\"@type\":\"PropertyValueSpecification\",\"valueRequired\":true,\"valueName\":\"search_term_string\"}}],\"inLanguage\":\"fr-FR\"},{\"@type\":\"Organization\",\"@id\":\"https:\\\/\\\/crocjeux.com\\\/#organization\",\"name\":\"Croc Jeux\",\"url\":\"https:\\\/\\\/crocjeux.com\\\/\",\"logo\":{\"@type\":\"ImageObject\",\"inLanguage\":\"fr-FR\",\"@id\":\"https:\\\/\\\/crocjeux.com\\\/#\\\/schema\\\/logo\\\/image\\\/\",\"url\":\"https:\\\/\\\/crocjeux.com\\\/wp-content\\\/uploads\\\/2022\\\/01\\\/cropped-logo-croc-etape-1-e1644574034239.jpg\",\"contentUrl\":\"https:\\\/\\\/crocjeux.com\\\/wp-content\\\/uploads\\\/2022\\\/01\\\/cropped-logo-croc-etape-1-e1644574034239.jpg\",\"width\":1224,\"height\":314,\"caption\":\"Croc Jeux\"},\"image\":{\"@id\":\"https:\\\/\\\/crocjeux.com\\\/#\\\/schema\\\/logo\\\/image\\\/\"}}]}<\/script>\n<!-- \/ Yoast SEO plugin. -->","yoast_head_json":{"title":"Keyforge - L'Age de l'Ascension deck - Croc Jeux","robots":{"index":"index","follow":"follow","max-snippet":"max-snippet:-1","max-image-preview":"max-image-preview:large","max-video-preview":"max-video-preview:-1"},"canonical":"https:\/\/crocjeux.com\/index.php\/produit\/keyforge-lage-de-lascension-deck\/","og_locale":"fr_FR","og_type":"article","og_title":"Keyforge - L'Age de l'Ascension deck - Croc Jeux","og_description":"Keyforge &#8211; L&rsquo;Age de l&rsquo;Ascension deck Entrez dans l\u2019\u00c2ge de l\u2019Ascension avec la deuxi\u00e8me s\u00e9rie de decks de KeyForge !","og_url":"https:\/\/crocjeux.com\/index.php\/produit\/keyforge-lage-de-lascension-deck\/","og_site_name":"Croc Jeux","article_modified_time":"2020-12-02T16:44:46+00:00","og_image":[{"width":372,"height":372,"url":"https:\/\/crocjeux.com\/wp-content\/uploads\/2020\/11\/keyforge-l-age-de-l-ascension-deck.jpg","type":"image\/jpeg"}],"twitter_card":"summary_large_image","twitter_misc":{"Dur\u00e9e de lecture estim\u00e9e":"1 minute"},"schema":{"@context":"https:\/\/schema.org","@graph":[{"@type":"WebPage","@id":"https:\/\/crocjeux.com\/index.php\/produit\/keyforge-lage-de-lascension-deck\/","url":"https:\/\/crocjeux.com\/index.php\/produit\/keyforge-lage-de-lascension-deck\/","name":"Keyforge - L'Age de l'Ascension deck - Croc Jeux","isPartOf":{"@id":"https:\/\/crocjeux.com\/#website"},"primaryImageOfPage":{"@id":"https:\/\/crocjeux.com\/index.php\/produit\/keyforge-lage-de-lascension-deck\/#primaryimage"},"image":{"@id":"https:\/\/crocjeux.com\/index.php\/produit\/keyforge-lage-de-lascension-deck\/#primaryimage"},"thumbnailUrl":"https:\/\/crocjeux.com\/wp-content\/uploads\/2020\/11\/keyforge-l-age-de-l-ascension-deck.jpg","datePublished":"2020-11-27T11:36:43+00:00","dateModified":"2020-12-02T16:44:46+00:00","breadcrumb":{"@id":"https:\/\/crocjeux.com\/index.php\/produit\/keyforge-lage-de-lascension-deck\/#breadcrumb"},"inLanguage":"fr-FR","potentialAction":[{"@type":"ReadAction","target":["https:\/\/crocjeux.com\/index.php\/produit\/keyforge-lage-de-lascension-deck\/"]}]},{"@type":"ImageObject","inLanguage":"fr-FR","@id":"https:\/\/crocjeux.com\/index.php\/produit\/keyforge-lage-de-lascension-deck\/#primaryimage","url":"https:\/\/crocjeux.com\/wp-content\/uploads\/2020\/11\/keyforge-l-age-de-l-ascension-deck.jpg","contentUrl":"https:\/\/crocjeux.com\/wp-content\/uploads\/2020\/11\/keyforge-l-age-de-l-ascension-deck.jpg","width":372,"height":372},{"@type":"BreadcrumbList","@id":"https:\/\/crocjeux.com\/index.php\/produit\/keyforge-lage-de-lascension-deck\/#breadcrumb","itemListElement":[{"@type":"ListItem","position":1,"name":"Accueil","item":"https:\/\/crocjeux.com\/"},{"@type":"ListItem","position":2,"name":"Boutique","item":"https:\/\/crocjeux.com\/"},{"@type":"ListItem","position":3,"name":"Keyforge &#8211; L&#8217;Age de l&#8217;Ascension deck"}]},{"@type":"WebSite","@id":"https:\/\/crocjeux.com\/#website","url":"https:\/\/crocjeux.com\/","name":"Croc Jeux","description":"Bienvenue chez Croc Jeux!","publisher":{"@id":"https:\/\/crocjeux.com\/#organization"},"potentialAction":[{"@type":"SearchAction","target":{"@type":"EntryPoint","urlTemplate":"https:\/\/crocjeux.com\/?s={search_term_string}"},"query-input":{"@type":"PropertyValueSpecification","valueRequired":true,"valueName":"search_term_string"}}],"inLanguage":"fr-FR"},{"@type":"Organization","@id":"https:\/\/crocjeux.com\/#organization","name":"Croc Jeux","url":"https:\/\/crocjeux.com\/","logo":{"@type":"ImageObject","inLanguage":"fr-FR","@id":"https:\/\/crocjeux.com\/#\/schema\/logo\/image\/","url":"https:\/\/crocjeux.com\/wp-content\/uploads\/2022\/01\/cropped-logo-croc-etape-1-e1644574034239.jpg","contentUrl":"https:\/\/crocjeux.com\/wp-content\/uploads\/2022\/01\/cropped-logo-croc-etape-1-e1644574034239.jpg","width":1224,"height":314,"caption":"Croc Jeux"},"image":{"@id":"https:\/\/crocjeux.com\/#\/schema\/logo\/image\/"}}]}},"_links":{"self":[{"href":"https:\/\/crocjeux.com\/index.php\/wp-json\/wp\/v2\/product\/1353","targetHints":{"allow":["GET"]}}],"collection":[{"href":"https:\/\/crocjeux.com\/index.php\/wp-json\/wp\/v2\/product"}],"about":[{"href":"https:\/\/crocjeux.com\/index.php\/wp-json\/wp\/v2\/types\/product"}],"replies":[{"embeddable":true,"href":"https:\/\/crocjeux.com\/index.php\/wp-json\/wp\/v2\/comments?post=1353"}],"wp:featuredmedia":[{"embeddable":true,"href":"https:\/\/crocjeux.com\/index.php\/wp-json\/wp\/v2\/media\/1354"}],"wp:attachment":[{"href":"https:\/\/crocjeux.com\/index.php\/wp-json\/wp\/v2\/media?parent=1353"}],"wp:term":[{"taxonomy":"product_brand","embeddable":true,"href":"https:\/\/crocjeux.com\/index.php\/wp-json\/wp\/v2\/product_brand?post=1353"},{"taxonomy":"product_cat","embeddable":true,"href":"https:\/\/crocjeux.com\/index.php\/wp-json\/wp\/v2\/product_cat?post=1353"},{"taxonomy":"product_tag","embeddable":true,"href":"https:\/\/crocjeux.com\/index.php\/wp-json\/wp\/v2\/product_tag?post=1353"}],"curies":[{"name":"wp","href":"https:\/\/api.w.org\/{rel}","templated":true}]}}