{"id":137,"date":"2020-10-29T12:44:35","date_gmt":"2020-10-29T11:44:35","guid":{"rendered":"https:\/\/crocjeux.com\/?post_type=product&#038;p=137"},"modified":"2024-05-31T13:39:24","modified_gmt":"2024-05-31T12:39:24","slug":"7-wonders-duel-pantheon","status":"publish","type":"product","link":"https:\/\/crocjeux.com\/index.php\/produit\/7-wonders-duel-pantheon\/","title":{"rendered":"7 Wonders Duel &#8211; Pantheon"},"content":{"rendered":"<section id=\"tab-description\" class=\"page-product-box r-tabs-panel r-tabs-state-active\">\n<div class=\"rte\">\n<p style=\"text-align: justify;\">Un panth\u00e9on de plusieurs civilisations &#8211; grecque, \u00e9gyptienne et moyen-orientale &#8211; s&rsquo;ajoute \u00e0 7 Wonders Duel dans 7 Wonders Duel : Panth\u00e9on, chaque dieu ayant son propre pouvoir pour vous aider ou g\u00eaner votre adversaire.<\/p>\n<p style=\"text-align: justify;\">Pendant l&rsquo;Age I vous collectionnez des jetons mythologiques &#8211; qui vous permettent de choisir quelles divinit\u00e9s ont une place dans le Panth\u00e9on &#8211; et pendant l&rsquo;Age II vous collectionnez des jetons d&rsquo;offrandes, qui vous aident \u00e0 courtiser ces divinit\u00e9s. Ensuite, pendant les \u00e2ges II et III, vous pouvez activer un dieu ou une d\u00e9esse dans le Panth\u00e9on au lieu de prendre une carte de la pyramide. Pour ce faire, vous payez tout ce que le dieu ou la d\u00e9esse vous demande en offrandes, puis vous le placez \u00e0 c\u00f4t\u00e9 de votre ville.<\/p>\n<p style=\"text-align: justify;\">Avec Isis de votre c\u00f4t\u00e9, vous pouvez utiliser une carte de la pile de d\u00e9fausse pour construire une de vos Merveilles gratuitement. Zeus, dont le hochement de t\u00eate d\u00e9termine ce qui se passe et ce qui ne se passe pas, vous permet de vous d\u00e9barrasser de n&rsquo;importe quelle carte de la pyramide ainsi que de n&rsquo;importe quel mythe ou jeton d&rsquo;offrande qui peut s&rsquo;y trouver. La d\u00e9esse ph\u00e9nicienne Tanit, dont le peuple \u00e9tait r\u00e9put\u00e9 pour son commerce, remplit vos coffres de douze pi\u00e8ces d&rsquo;or. Enki, le dieu sum\u00e9rien de l&rsquo;artisanat, de la technologie et de la cr\u00e9ation, vous permet de choisir l&rsquo;un des deux jetons de progr\u00e8s. La capacit\u00e9 de Minerva \u00e0 emp\u00eacher le pion de conflit de s&rsquo;approcher de vous peut vous aider \u00e0 remporter une victoire militaire ou vous sauver d&rsquo;une d\u00e9faite militaire.<\/p>\n<p style=\"text-align: justify;\">De plus, au lieu d&rsquo;ajouter trois cartes de guilde au jeu pour Age III, vous ajoutez trois des cinq Grands Temples. Chaque Grand Temple appartient \u00e0 une culture m\u00e9diterran\u00e9enne diff\u00e9rente, et si vous poss\u00e9dez un jeton mythologique de cette culture, vous pouvez construire le temple gratuitement. Ces temples valent un total de 5, 12 ou 21 points, selon le nombre de points que vous construisez.<\/p>\n<p style=\"text-align: justify;\">7 Wonders Duel : Panth\u00e9on comprend \u00e9galement deux nouvelles Merveilles : le Sanctuaire (qui vous donne un tour suppl\u00e9mentaire et vous permet d&rsquo;invoquer des divinit\u00e9s \u00e0 un prix r\u00e9duit) et le Th\u00e9\u00e2tre Divin (qui accorde des points et l&rsquo;acc\u00e8s \u00e0 des dieux suppl\u00e9mentaires).<\/p>\n<\/div>\n<\/section>\n","protected":false},"excerpt":{"rendered":"<div id=\"short_description_block\">\n<div id=\"short_description_content\" class=\"rte align_justify hide-smartphone\">Un panth\u00e9on de plusieurs civilisations &#8211; grecque, \u00e9gyptienne et moyen-orientale &#8211; s&rsquo;ajoute \u00e0 7 Wonders Duel dans 7 Wonders Duel : Panth\u00e9on, chaque dieu ayant son propre pouvoir pour vous aider ou g\u00eaner votre adversaire.<\/div>\n<\/div>\n","protected":false},"featured_media":221,"comment_status":"open","ping_status":"closed","template":"","meta":{"colormag_page_container_layout":"default_layout","colormag_page_sidebar_layout":"default_layout"},"product_brand":[],"product_cat":[118,119,29],"product_tag":[],"class_list":{"0":"post-137","1":"product","2":"type-product","3":"status-publish","4":"has-post-thumbnail","6":"product_cat-7-wonders-jeux-strategie","7":"product_cat-7-wonders-grand-classique","8":"product_cat-jeux-2-joueurs","10":"first","11":"instock","12":"taxable","13":"shipping-taxable","14":"purchasable","15":"product-type-simple"},"yoast_head":"<!-- This site is optimized with the Yoast SEO plugin v27.1.1 - https:\/\/yoast.com\/product\/yoast-seo-wordpress\/ -->\n<title>7 Wonders Duel - Pantheon - Croc Jeux<\/title>\n<meta name=\"robots\" content=\"index, follow, max-snippet:-1, max-image-preview:large, max-video-preview:-1\" \/>\n<link rel=\"canonical\" href=\"https:\/\/crocjeux.com\/index.php\/produit\/7-wonders-duel-pantheon\/\" \/>\n<meta property=\"og:locale\" content=\"fr_FR\" \/>\n<meta property=\"og:type\" content=\"article\" \/>\n<meta property=\"og:title\" content=\"7 Wonders Duel - Pantheon - Croc Jeux\" \/>\n<meta property=\"og:description\" content=\"Un panth\u00e9on de plusieurs civilisations - grecque, \u00e9gyptienne et moyen-orientale - s&#039;ajoute \u00e0 7 Wonders Duel dans 7 Wonders Duel : Panth\u00e9on, chaque dieu ayant son propre pouvoir pour vous aider ou g\u00eaner votre adversaire.\" \/>\n<meta property=\"og:url\" content=\"https:\/\/crocjeux.com\/index.php\/produit\/7-wonders-duel-pantheon\/\" \/>\n<meta property=\"og:site_name\" content=\"Croc Jeux\" \/>\n<meta property=\"article:modified_time\" content=\"2024-05-31T12:39:24+00:00\" \/>\n<meta property=\"og:image\" content=\"https:\/\/crocjeux.com\/wp-content\/uploads\/2020\/10\/7wondduel_pantheon-1.png\" \/>\n\t<meta property=\"og:image:width\" content=\"500\" \/>\n\t<meta property=\"og:image:height\" content=\"946\" \/>\n\t<meta property=\"og:image:type\" content=\"image\/png\" \/>\n<meta name=\"twitter:card\" content=\"summary_large_image\" \/>\n<meta name=\"twitter:label1\" content=\"Dur\u00e9e de lecture estim\u00e9e\" \/>\n\t<meta name=\"twitter:data1\" content=\"2 minutes\" \/>\n<script type=\"application\/ld+json\" class=\"yoast-schema-graph\">{\"@context\":\"https:\/\/schema.org\",\"@graph\":[{\"@type\":\"WebPage\",\"@id\":\"https:\/\/crocjeux.com\/index.php\/produit\/7-wonders-duel-pantheon\/\",\"url\":\"https:\/\/crocjeux.com\/index.php\/produit\/7-wonders-duel-pantheon\/\",\"name\":\"7 Wonders Duel - Pantheon - Croc Jeux\",\"isPartOf\":{\"@id\":\"https:\/\/crocjeux.com\/#website\"},\"primaryImageOfPage\":{\"@id\":\"https:\/\/crocjeux.com\/index.php\/produit\/7-wonders-duel-pantheon\/#primaryimage\"},\"image\":{\"@id\":\"https:\/\/crocjeux.com\/index.php\/produit\/7-wonders-duel-pantheon\/#primaryimage\"},\"thumbnailUrl\":\"https:\/\/crocjeux.com\/wp-content\/uploads\/2020\/10\/7wondduel_pantheon-1.png\",\"datePublished\":\"2020-10-29T11:44:35+00:00\",\"dateModified\":\"2024-05-31T12:39:24+00:00\",\"breadcrumb\":{\"@id\":\"https:\/\/crocjeux.com\/index.php\/produit\/7-wonders-duel-pantheon\/#breadcrumb\"},\"inLanguage\":\"fr-FR\",\"potentialAction\":[{\"@type\":\"ReadAction\",\"target\":[\"https:\/\/crocjeux.com\/index.php\/produit\/7-wonders-duel-pantheon\/\"]}]},{\"@type\":\"ImageObject\",\"inLanguage\":\"fr-FR\",\"@id\":\"https:\/\/crocjeux.com\/index.php\/produit\/7-wonders-duel-pantheon\/#primaryimage\",\"url\":\"https:\/\/crocjeux.com\/wp-content\/uploads\/2020\/10\/7wondduel_pantheon-1.png\",\"contentUrl\":\"https:\/\/crocjeux.com\/wp-content\/uploads\/2020\/10\/7wondduel_pantheon-1.png\",\"width\":500,\"height\":946},{\"@type\":\"BreadcrumbList\",\"@id\":\"https:\/\/crocjeux.com\/index.php\/produit\/7-wonders-duel-pantheon\/#breadcrumb\",\"itemListElement\":[{\"@type\":\"ListItem\",\"position\":1,\"name\":\"Accueil\",\"item\":\"https:\/\/crocjeux.com\/\"},{\"@type\":\"ListItem\",\"position\":2,\"name\":\"Boutique\",\"item\":\"https:\/\/crocjeux.com\/\"},{\"@type\":\"ListItem\",\"position\":3,\"name\":\"7 Wonders Duel &#8211; Pantheon\"}]},{\"@type\":\"WebSite\",\"@id\":\"https:\/\/crocjeux.com\/#website\",\"url\":\"https:\/\/crocjeux.com\/\",\"name\":\"Croc Jeux\",\"description\":\"Bienvenue chez Croc Jeux!\",\"publisher\":{\"@id\":\"https:\/\/crocjeux.com\/#organization\"},\"potentialAction\":[{\"@type\":\"SearchAction\",\"target\":{\"@type\":\"EntryPoint\",\"urlTemplate\":\"https:\/\/crocjeux.com\/?s={search_term_string}\"},\"query-input\":{\"@type\":\"PropertyValueSpecification\",\"valueRequired\":true,\"valueName\":\"search_term_string\"}}],\"inLanguage\":\"fr-FR\"},{\"@type\":\"Organization\",\"@id\":\"https:\/\/crocjeux.com\/#organization\",\"name\":\"Croc Jeux\",\"url\":\"https:\/\/crocjeux.com\/\",\"logo\":{\"@type\":\"ImageObject\",\"inLanguage\":\"fr-FR\",\"@id\":\"https:\/\/crocjeux.com\/#\/schema\/logo\/image\/\",\"url\":\"https:\/\/crocjeux.com\/wp-content\/uploads\/2022\/01\/cropped-logo-croc-etape-1-e1644574034239.jpg\",\"contentUrl\":\"https:\/\/crocjeux.com\/wp-content\/uploads\/2022\/01\/cropped-logo-croc-etape-1-e1644574034239.jpg\",\"width\":1224,\"height\":314,\"caption\":\"Croc Jeux\"},\"image\":{\"@id\":\"https:\/\/crocjeux.com\/#\/schema\/logo\/image\/\"}}]}<\/script>\n<!-- \/ Yoast SEO plugin. -->","yoast_head_json":{"title":"7 Wonders Duel - Pantheon - Croc Jeux","robots":{"index":"index","follow":"follow","max-snippet":"max-snippet:-1","max-image-preview":"max-image-preview:large","max-video-preview":"max-video-preview:-1"},"canonical":"https:\/\/crocjeux.com\/index.php\/produit\/7-wonders-duel-pantheon\/","og_locale":"fr_FR","og_type":"article","og_title":"7 Wonders Duel - Pantheon - Croc Jeux","og_description":"Un panth\u00e9on de plusieurs civilisations - grecque, \u00e9gyptienne et moyen-orientale - s'ajoute \u00e0 7 Wonders Duel dans 7 Wonders Duel : Panth\u00e9on, chaque dieu ayant son propre pouvoir pour vous aider ou g\u00eaner votre adversaire.","og_url":"https:\/\/crocjeux.com\/index.php\/produit\/7-wonders-duel-pantheon\/","og_site_name":"Croc Jeux","article_modified_time":"2024-05-31T12:39:24+00:00","og_image":[{"width":500,"height":946,"url":"https:\/\/crocjeux.com\/wp-content\/uploads\/2020\/10\/7wondduel_pantheon-1.png","type":"image\/png"}],"twitter_card":"summary_large_image","twitter_misc":{"Dur\u00e9e de lecture estim\u00e9e":"2 minutes"},"schema":{"@context":"https:\/\/schema.org","@graph":[{"@type":"WebPage","@id":"https:\/\/crocjeux.com\/index.php\/produit\/7-wonders-duel-pantheon\/","url":"https:\/\/crocjeux.com\/index.php\/produit\/7-wonders-duel-pantheon\/","name":"7 Wonders Duel - Pantheon - Croc Jeux","isPartOf":{"@id":"https:\/\/crocjeux.com\/#website"},"primaryImageOfPage":{"@id":"https:\/\/crocjeux.com\/index.php\/produit\/7-wonders-duel-pantheon\/#primaryimage"},"image":{"@id":"https:\/\/crocjeux.com\/index.php\/produit\/7-wonders-duel-pantheon\/#primaryimage"},"thumbnailUrl":"https:\/\/crocjeux.com\/wp-content\/uploads\/2020\/10\/7wondduel_pantheon-1.png","datePublished":"2020-10-29T11:44:35+00:00","dateModified":"2024-05-31T12:39:24+00:00","breadcrumb":{"@id":"https:\/\/crocjeux.com\/index.php\/produit\/7-wonders-duel-pantheon\/#breadcrumb"},"inLanguage":"fr-FR","potentialAction":[{"@type":"ReadAction","target":["https:\/\/crocjeux.com\/index.php\/produit\/7-wonders-duel-pantheon\/"]}]},{"@type":"ImageObject","inLanguage":"fr-FR","@id":"https:\/\/crocjeux.com\/index.php\/produit\/7-wonders-duel-pantheon\/#primaryimage","url":"https:\/\/crocjeux.com\/wp-content\/uploads\/2020\/10\/7wondduel_pantheon-1.png","contentUrl":"https:\/\/crocjeux.com\/wp-content\/uploads\/2020\/10\/7wondduel_pantheon-1.png","width":500,"height":946},{"@type":"BreadcrumbList","@id":"https:\/\/crocjeux.com\/index.php\/produit\/7-wonders-duel-pantheon\/#breadcrumb","itemListElement":[{"@type":"ListItem","position":1,"name":"Accueil","item":"https:\/\/crocjeux.com\/"},{"@type":"ListItem","position":2,"name":"Boutique","item":"https:\/\/crocjeux.com\/"},{"@type":"ListItem","position":3,"name":"7 Wonders Duel &#8211; Pantheon"}]},{"@type":"WebSite","@id":"https:\/\/crocjeux.com\/#website","url":"https:\/\/crocjeux.com\/","name":"Croc Jeux","description":"Bienvenue chez Croc Jeux!","publisher":{"@id":"https:\/\/crocjeux.com\/#organization"},"potentialAction":[{"@type":"SearchAction","target":{"@type":"EntryPoint","urlTemplate":"https:\/\/crocjeux.com\/?s={search_term_string}"},"query-input":{"@type":"PropertyValueSpecification","valueRequired":true,"valueName":"search_term_string"}}],"inLanguage":"fr-FR"},{"@type":"Organization","@id":"https:\/\/crocjeux.com\/#organization","name":"Croc Jeux","url":"https:\/\/crocjeux.com\/","logo":{"@type":"ImageObject","inLanguage":"fr-FR","@id":"https:\/\/crocjeux.com\/#\/schema\/logo\/image\/","url":"https:\/\/crocjeux.com\/wp-content\/uploads\/2022\/01\/cropped-logo-croc-etape-1-e1644574034239.jpg","contentUrl":"https:\/\/crocjeux.com\/wp-content\/uploads\/2022\/01\/cropped-logo-croc-etape-1-e1644574034239.jpg","width":1224,"height":314,"caption":"Croc Jeux"},"image":{"@id":"https:\/\/crocjeux.com\/#\/schema\/logo\/image\/"}}]}},"_links":{"self":[{"href":"https:\/\/crocjeux.com\/index.php\/wp-json\/wp\/v2\/product\/137","targetHints":{"allow":["GET"]}}],"collection":[{"href":"https:\/\/crocjeux.com\/index.php\/wp-json\/wp\/v2\/product"}],"about":[{"href":"https:\/\/crocjeux.com\/index.php\/wp-json\/wp\/v2\/types\/product"}],"replies":[{"embeddable":true,"href":"https:\/\/crocjeux.com\/index.php\/wp-json\/wp\/v2\/comments?post=137"}],"wp:featuredmedia":[{"embeddable":true,"href":"https:\/\/crocjeux.com\/index.php\/wp-json\/wp\/v2\/media\/221"}],"wp:attachment":[{"href":"https:\/\/crocjeux.com\/index.php\/wp-json\/wp\/v2\/media?parent=137"}],"wp:term":[{"taxonomy":"product_brand","embeddable":true,"href":"https:\/\/crocjeux.com\/index.php\/wp-json\/wp\/v2\/product_brand?post=137"},{"taxonomy":"product_cat","embeddable":true,"href":"https:\/\/crocjeux.com\/index.php\/wp-json\/wp\/v2\/product_cat?post=137"},{"taxonomy":"product_tag","embeddable":true,"href":"https:\/\/crocjeux.com\/index.php\/wp-json\/wp\/v2\/product_tag?post=137"}],"curies":[{"name":"wp","href":"https:\/\/api.w.org\/{rel}","templated":true}]}}