{"id":141,"date":"2020-10-29T13:18:07","date_gmt":"2020-10-29T12:18:07","guid":{"rendered":"https:\/\/crocjeux.com\/?post_type=product&#038;p=141"},"modified":"2024-10-04T14:09:00","modified_gmt":"2024-10-04T13:09:00","slug":"citadelles-4eme-edition","status":"publish","type":"product","link":"https:\/\/crocjeux.com\/index.php\/produit\/citadelles-4eme-edition\/","title":{"rendered":"Citadelles &#8211; 4\u00e8me Edition"},"content":{"rendered":"<div>Devenez le ma\u00eetre de la Cit\u00e9 !<\/div>\n<div><\/div>\n<div>Dans Citadelles, votre but est de b\u00e2tir une cit\u00e9 prestigieuse avant que vos adversaires ne parviennent \u00e0 construire la leur.<\/div>\n<div>Pour d\u00e9velopper votre ville et de nouveaux quartiers, il vous faudra bien s\u00fbr de l\u2019or, mais aussi le soutien des notables locaux, roi, \u00e9chevin, cardinal, patricien ou archiviste, et parfois aussi de la lie de la cit\u00e9, voleur, espion, assassin ou sorci\u00e8re.<\/div>\n<div><\/div>\n<div>Citadelles est un jeu de bluff, d\u2019intrigues et de strat\u00e9gie. Les joueurs amassent de l\u2019or qu\u2019ils d\u00e9pensent ensuite pour b\u00e2tir les quartiers qui composent leur cit\u00e9 m\u00e9di\u00e9vale. \u00c0 la fin de la partie, le joueur qui a constitu\u00e9 la plus belle, la plus grande, la plus prestigieuse cit\u00e9 est vainqueur.<\/div>\n<div><\/div>\n<div>Publi\u00e9 en plus de 25 langues, Citadelles est devenu un classique du jeu de soci\u00e9t\u00e9 moderne. Cette Quatri\u00e8me \u00c9dition contient les personnages et les quartiers du jeu originel et de son extension, La Cit\u00e9 Sombre, ainsi que 9 nouveaux personnages et 12 quartiers in\u00e9dits, offrant plus de vari\u00e9t\u00e9 que jamais !<\/div>\n<div><\/div>\n<div><\/div>\n<div><\/div>\n<div>Contenu :<\/div>\n<div>\n<div class=\"news_box_content\">\n<ul>\n<li>27 cartes Personnage<\/li>\n<li>84 cartes Quartier<\/li>\n<li>27 jetons Personnage<\/li>\n<li>5 jetons<\/li>\n<li>1 Couronne en Plastique<\/li>\n<li>6 cartes d\u2019aide de jeu<\/li>\n<li>30 Pi\u00e8ces d\u2019Or en plastique<\/li>\n<li>1 livret de R\u00e8gles<\/li>\n<\/ul>\n<\/div>\n<\/div>\n","protected":false},"excerpt":{"rendered":"<div id=\"short_description_block\">\n<div id=\"short_description_content\" class=\"rte align_justify hide-smartphone\">Devenez le ma\u00eetre de la Cit\u00e9<\/div>\n<\/div>\n","protected":false},"featured_media":4477,"comment_status":"open","ping_status":"closed","template":"","meta":{"colormag_page_container_layout":"default_layout","colormag_page_sidebar_layout":"default_layout"},"product_brand":[],"product_cat":[43,42,18,29,37],"product_tag":[],"class_list":{"0":"post-141","1":"product","2":"type-product","3":"status-publish","4":"has-post-thumbnail","6":"product_cat-grand-classique","7":"product_cat-jeux-a-roles-caches","8":"product_cat-jeux-de-strategie","9":"product_cat-jeux-2-joueurs","10":"product_cat-ne-ratez-pas","12":"first","13":"instock","14":"taxable","15":"shipping-taxable","16":"purchasable","17":"product-type-simple"},"yoast_head":"<!-- This site is optimized with the Yoast SEO plugin v27.4 - https:\/\/yoast.com\/product\/yoast-seo-wordpress\/ -->\n<title>Citadelles - 4\u00e8me Edition - Croc Jeux<\/title>\n<meta name=\"robots\" content=\"index, follow, max-snippet:-1, max-image-preview:large, max-video-preview:-1\" \/>\n<link rel=\"canonical\" href=\"https:\/\/crocjeux.com\/index.php\/produit\/citadelles-4eme-edition\/\" \/>\n<meta property=\"og:locale\" content=\"fr_FR\" \/>\n<meta property=\"og:type\" content=\"article\" \/>\n<meta property=\"og:title\" content=\"Citadelles - 4\u00e8me Edition - Croc Jeux\" \/>\n<meta property=\"og:description\" content=\"Devenez le ma\u00eetre de la Cit\u00e9\" \/>\n<meta property=\"og:url\" content=\"https:\/\/crocjeux.com\/index.php\/produit\/citadelles-4eme-edition\/\" \/>\n<meta property=\"og:site_name\" content=\"Croc Jeux\" \/>\n<meta property=\"article:modified_time\" content=\"2024-10-04T13:09:00+00:00\" \/>\n<meta property=\"og:image\" content=\"https:\/\/crocjeux.com\/wp-content\/uploads\/2020\/10\/citadelles-4eme-ed-version-2022-p-image-78228-grande.jpg\" \/>\n\t<meta property=\"og:image:width\" content=\"1005\" \/>\n\t<meta property=\"og:image:height\" content=\"1091\" \/>\n\t<meta property=\"og:image:type\" content=\"image\/jpeg\" \/>\n<meta name=\"twitter:card\" content=\"summary_large_image\" \/>\n<meta name=\"twitter:label1\" content=\"Dur\u00e9e de lecture estim\u00e9e\" \/>\n\t<meta name=\"twitter:data1\" content=\"2 minutes\" \/>\n<script type=\"application\/ld+json\" class=\"yoast-schema-graph\">{\"@context\":\"https:\\\/\\\/schema.org\",\"@graph\":[{\"@type\":\"WebPage\",\"@id\":\"https:\\\/\\\/crocjeux.com\\\/index.php\\\/produit\\\/citadelles-4eme-edition\\\/\",\"url\":\"https:\\\/\\\/crocjeux.com\\\/index.php\\\/produit\\\/citadelles-4eme-edition\\\/\",\"name\":\"Citadelles - 4\u00e8me Edition - Croc Jeux\",\"isPartOf\":{\"@id\":\"https:\\\/\\\/crocjeux.com\\\/#website\"},\"primaryImageOfPage\":{\"@id\":\"https:\\\/\\\/crocjeux.com\\\/index.php\\\/produit\\\/citadelles-4eme-edition\\\/#primaryimage\"},\"image\":{\"@id\":\"https:\\\/\\\/crocjeux.com\\\/index.php\\\/produit\\\/citadelles-4eme-edition\\\/#primaryimage\"},\"thumbnailUrl\":\"https:\\\/\\\/crocjeux.com\\\/wp-content\\\/uploads\\\/2020\\\/10\\\/citadelles-4eme-ed-version-2022-p-image-78228-grande.jpg\",\"datePublished\":\"2020-10-29T12:18:07+00:00\",\"dateModified\":\"2024-10-04T13:09:00+00:00\",\"breadcrumb\":{\"@id\":\"https:\\\/\\\/crocjeux.com\\\/index.php\\\/produit\\\/citadelles-4eme-edition\\\/#breadcrumb\"},\"inLanguage\":\"fr-FR\",\"potentialAction\":[{\"@type\":\"ReadAction\",\"target\":[\"https:\\\/\\\/crocjeux.com\\\/index.php\\\/produit\\\/citadelles-4eme-edition\\\/\"]}]},{\"@type\":\"ImageObject\",\"inLanguage\":\"fr-FR\",\"@id\":\"https:\\\/\\\/crocjeux.com\\\/index.php\\\/produit\\\/citadelles-4eme-edition\\\/#primaryimage\",\"url\":\"https:\\\/\\\/crocjeux.com\\\/wp-content\\\/uploads\\\/2020\\\/10\\\/citadelles-4eme-ed-version-2022-p-image-78228-grande.jpg\",\"contentUrl\":\"https:\\\/\\\/crocjeux.com\\\/wp-content\\\/uploads\\\/2020\\\/10\\\/citadelles-4eme-ed-version-2022-p-image-78228-grande.jpg\",\"width\":1005,\"height\":1091,\"caption\":\"CREATOR: gd-jpeg v1.0 (using IJG JPEG v80), quality = 99\"},{\"@type\":\"BreadcrumbList\",\"@id\":\"https:\\\/\\\/crocjeux.com\\\/index.php\\\/produit\\\/citadelles-4eme-edition\\\/#breadcrumb\",\"itemListElement\":[{\"@type\":\"ListItem\",\"position\":1,\"name\":\"Accueil\",\"item\":\"https:\\\/\\\/crocjeux.com\\\/\"},{\"@type\":\"ListItem\",\"position\":2,\"name\":\"Boutique\",\"item\":\"https:\\\/\\\/crocjeux.com\\\/\"},{\"@type\":\"ListItem\",\"position\":3,\"name\":\"Citadelles &#8211; 4\u00e8me Edition\"}]},{\"@type\":\"WebSite\",\"@id\":\"https:\\\/\\\/crocjeux.com\\\/#website\",\"url\":\"https:\\\/\\\/crocjeux.com\\\/\",\"name\":\"Croc Jeux\",\"description\":\"Bienvenue chez Croc Jeux!\",\"publisher\":{\"@id\":\"https:\\\/\\\/crocjeux.com\\\/#organization\"},\"potentialAction\":[{\"@type\":\"SearchAction\",\"target\":{\"@type\":\"EntryPoint\",\"urlTemplate\":\"https:\\\/\\\/crocjeux.com\\\/?s={search_term_string}\"},\"query-input\":{\"@type\":\"PropertyValueSpecification\",\"valueRequired\":true,\"valueName\":\"search_term_string\"}}],\"inLanguage\":\"fr-FR\"},{\"@type\":\"Organization\",\"@id\":\"https:\\\/\\\/crocjeux.com\\\/#organization\",\"name\":\"Croc Jeux\",\"url\":\"https:\\\/\\\/crocjeux.com\\\/\",\"logo\":{\"@type\":\"ImageObject\",\"inLanguage\":\"fr-FR\",\"@id\":\"https:\\\/\\\/crocjeux.com\\\/#\\\/schema\\\/logo\\\/image\\\/\",\"url\":\"https:\\\/\\\/crocjeux.com\\\/wp-content\\\/uploads\\\/2022\\\/01\\\/cropped-logo-croc-etape-1-e1644574034239.jpg\",\"contentUrl\":\"https:\\\/\\\/crocjeux.com\\\/wp-content\\\/uploads\\\/2022\\\/01\\\/cropped-logo-croc-etape-1-e1644574034239.jpg\",\"width\":1224,\"height\":314,\"caption\":\"Croc Jeux\"},\"image\":{\"@id\":\"https:\\\/\\\/crocjeux.com\\\/#\\\/schema\\\/logo\\\/image\\\/\"}}]}<\/script>\n<!-- \/ Yoast SEO plugin. -->","yoast_head_json":{"title":"Citadelles - 4\u00e8me Edition - Croc Jeux","robots":{"index":"index","follow":"follow","max-snippet":"max-snippet:-1","max-image-preview":"max-image-preview:large","max-video-preview":"max-video-preview:-1"},"canonical":"https:\/\/crocjeux.com\/index.php\/produit\/citadelles-4eme-edition\/","og_locale":"fr_FR","og_type":"article","og_title":"Citadelles - 4\u00e8me Edition - Croc Jeux","og_description":"Devenez le ma\u00eetre de la Cit\u00e9","og_url":"https:\/\/crocjeux.com\/index.php\/produit\/citadelles-4eme-edition\/","og_site_name":"Croc Jeux","article_modified_time":"2024-10-04T13:09:00+00:00","og_image":[{"width":1005,"height":1091,"url":"https:\/\/crocjeux.com\/wp-content\/uploads\/2020\/10\/citadelles-4eme-ed-version-2022-p-image-78228-grande.jpg","type":"image\/jpeg"}],"twitter_card":"summary_large_image","twitter_misc":{"Dur\u00e9e de lecture estim\u00e9e":"2 minutes"},"schema":{"@context":"https:\/\/schema.org","@graph":[{"@type":"WebPage","@id":"https:\/\/crocjeux.com\/index.php\/produit\/citadelles-4eme-edition\/","url":"https:\/\/crocjeux.com\/index.php\/produit\/citadelles-4eme-edition\/","name":"Citadelles - 4\u00e8me Edition - Croc Jeux","isPartOf":{"@id":"https:\/\/crocjeux.com\/#website"},"primaryImageOfPage":{"@id":"https:\/\/crocjeux.com\/index.php\/produit\/citadelles-4eme-edition\/#primaryimage"},"image":{"@id":"https:\/\/crocjeux.com\/index.php\/produit\/citadelles-4eme-edition\/#primaryimage"},"thumbnailUrl":"https:\/\/crocjeux.com\/wp-content\/uploads\/2020\/10\/citadelles-4eme-ed-version-2022-p-image-78228-grande.jpg","datePublished":"2020-10-29T12:18:07+00:00","dateModified":"2024-10-04T13:09:00+00:00","breadcrumb":{"@id":"https:\/\/crocjeux.com\/index.php\/produit\/citadelles-4eme-edition\/#breadcrumb"},"inLanguage":"fr-FR","potentialAction":[{"@type":"ReadAction","target":["https:\/\/crocjeux.com\/index.php\/produit\/citadelles-4eme-edition\/"]}]},{"@type":"ImageObject","inLanguage":"fr-FR","@id":"https:\/\/crocjeux.com\/index.php\/produit\/citadelles-4eme-edition\/#primaryimage","url":"https:\/\/crocjeux.com\/wp-content\/uploads\/2020\/10\/citadelles-4eme-ed-version-2022-p-image-78228-grande.jpg","contentUrl":"https:\/\/crocjeux.com\/wp-content\/uploads\/2020\/10\/citadelles-4eme-ed-version-2022-p-image-78228-grande.jpg","width":1005,"height":1091,"caption":"CREATOR: gd-jpeg v1.0 (using IJG JPEG v80), quality = 99"},{"@type":"BreadcrumbList","@id":"https:\/\/crocjeux.com\/index.php\/produit\/citadelles-4eme-edition\/#breadcrumb","itemListElement":[{"@type":"ListItem","position":1,"name":"Accueil","item":"https:\/\/crocjeux.com\/"},{"@type":"ListItem","position":2,"name":"Boutique","item":"https:\/\/crocjeux.com\/"},{"@type":"ListItem","position":3,"name":"Citadelles &#8211; 4\u00e8me Edition"}]},{"@type":"WebSite","@id":"https:\/\/crocjeux.com\/#website","url":"https:\/\/crocjeux.com\/","name":"Croc Jeux","description":"Bienvenue chez Croc Jeux!","publisher":{"@id":"https:\/\/crocjeux.com\/#organization"},"potentialAction":[{"@type":"SearchAction","target":{"@type":"EntryPoint","urlTemplate":"https:\/\/crocjeux.com\/?s={search_term_string}"},"query-input":{"@type":"PropertyValueSpecification","valueRequired":true,"valueName":"search_term_string"}}],"inLanguage":"fr-FR"},{"@type":"Organization","@id":"https:\/\/crocjeux.com\/#organization","name":"Croc Jeux","url":"https:\/\/crocjeux.com\/","logo":{"@type":"ImageObject","inLanguage":"fr-FR","@id":"https:\/\/crocjeux.com\/#\/schema\/logo\/image\/","url":"https:\/\/crocjeux.com\/wp-content\/uploads\/2022\/01\/cropped-logo-croc-etape-1-e1644574034239.jpg","contentUrl":"https:\/\/crocjeux.com\/wp-content\/uploads\/2022\/01\/cropped-logo-croc-etape-1-e1644574034239.jpg","width":1224,"height":314,"caption":"Croc Jeux"},"image":{"@id":"https:\/\/crocjeux.com\/#\/schema\/logo\/image\/"}}]}},"_links":{"self":[{"href":"https:\/\/crocjeux.com\/index.php\/wp-json\/wp\/v2\/product\/141","targetHints":{"allow":["GET"]}}],"collection":[{"href":"https:\/\/crocjeux.com\/index.php\/wp-json\/wp\/v2\/product"}],"about":[{"href":"https:\/\/crocjeux.com\/index.php\/wp-json\/wp\/v2\/types\/product"}],"replies":[{"embeddable":true,"href":"https:\/\/crocjeux.com\/index.php\/wp-json\/wp\/v2\/comments?post=141"}],"wp:featuredmedia":[{"embeddable":true,"href":"https:\/\/crocjeux.com\/index.php\/wp-json\/wp\/v2\/media\/4477"}],"wp:attachment":[{"href":"https:\/\/crocjeux.com\/index.php\/wp-json\/wp\/v2\/media?parent=141"}],"wp:term":[{"taxonomy":"product_brand","embeddable":true,"href":"https:\/\/crocjeux.com\/index.php\/wp-json\/wp\/v2\/product_brand?post=141"},{"taxonomy":"product_cat","embeddable":true,"href":"https:\/\/crocjeux.com\/index.php\/wp-json\/wp\/v2\/product_cat?post=141"},{"taxonomy":"product_tag","embeddable":true,"href":"https:\/\/crocjeux.com\/index.php\/wp-json\/wp\/v2\/product_tag?post=141"}],"curies":[{"name":"wp","href":"https:\/\/api.w.org\/{rel}","templated":true}]}}