{"id":143,"date":"2020-10-29T13:21:26","date_gmt":"2020-10-29T12:21:26","guid":{"rendered":"https:\/\/crocjeux.com\/?post_type=product&#038;p=143"},"modified":"2025-12-16T09:13:45","modified_gmt":"2025-12-16T08:13:45","slug":"sherlock-holmes-detective-conseil-carlton-house-queens-park","status":"publish","type":"product","link":"https:\/\/crocjeux.com\/index.php\/produit\/sherlock-holmes-detective-conseil-carlton-house-queens-park\/","title":{"rendered":"Sherlock Holmes &#8211; D\u00e9tective Conseil : Carlton House &amp; Queen&rsquo;s Park"},"content":{"rendered":"<section id=\"tab-description\" class=\"page-product-box r-tabs-panel r-tabs-state-active\">\n<div class=\"rte\">\n<div>Sherlock Holmes d\u00e9tective Conseil : Carlton House &amp; Queen&rsquo;s Park vous propose une immersion dans les crimes et intrigues du Londres victorien.<\/div>\n<div>Menez l&rsquo;enqu\u00eate avec votre \u00e9quipe et, \u00e0 l&rsquo;aide de journaux, de l&rsquo;annuaire et du plan de Londres, r\u00e9solvez les affaires et tentez de surpasser le plus c\u00e9l\u00e8bre des d\u00e9tectives.<\/div>\n<div><\/div>\n<div><\/div>\n<div>Cette bo\u00eete contient dix enqu\u00eates et s\u2019adresse plut\u00f4t aux joueurs exp\u00e9riment\u00e9s. Elles mettront \u00e0 rude \u00e9preuve leurs esprits de d\u00e9duction.<\/div>\n<div>Cinq affaires se d\u00e9roulent au c\u0153ur du manoir de Carlton House. Deux enqu\u00eates, la Piste Tordue et La Ran\u00e7on du Diable auront pour d\u00e9cor les rues de Londres.<\/div>\n<div>Les enqu\u00eateurs passeront enfin trois journ\u00e9es d\u2019enqu\u00eate dans Queen\u2019s Park.<\/div>\n<div><\/div>\n<div><\/div>\n<div><\/div>\n<div>Carlton House<\/div>\n<div>Les rues de Londres ne seront plus le seul th\u00e9\u00e2tre de vos investigations. Entrez dans le c\u00e9l\u00e8bre manoir et tentez de r\u00e9soudre ses myst\u00e9rieuses \u00e9nigmes.<\/div>\n<div><\/div>\n<div>La Piste Tordue &amp; La Ran\u00e7on du Diable<\/div>\n<div>Deux interm\u00e8des tortueux hors de Carlton House mettent \u00e0 l&rsquo;\u00e9preuve vos talents de d\u00e9tective !<\/div>\n<div><\/div>\n<div>Queen&rsquo;s Park<\/div>\n<div>Trois journ\u00e9es d&rsquo;enqu\u00eate vous attendent dans le d\u00e9cor verdoyant du c\u00e9l\u00e8bre parc londonien.<\/div>\n<div><\/div>\n<div><\/div>\n<div><\/div>\n<div>Chaque bo\u00eete Sherlock Holmes D\u00e9tective Conseil est ind\u00e9pendante et contient 10 affaires et l\u2019int\u00e9gralit\u00e9 du mat\u00e9riel n\u00e9cessaire pour jouer. Sherlock Holmes D\u00e9tective Conseil \u2013 Carlton House &amp; Queen&rsquo;s Park est la troisi\u00e8me bo\u00eete de la gamme disponible chez SPACE Cowboys, apr\u00e8s les bo\u00eetes \u00ab Meurtres de la Tamise &amp; autres Enqu\u00eates \u00bb (id\u00e9ale pour d\u00e9buter) et \u00ab Jack l\u2019Eventreur &amp; Aventures \u00e0 West-End \u00bb.<\/div>\n<div><\/div>\n<div><\/div>\n<div>Sherlock Holmes Consulting D\u00e9tective est un jeu d\u2019enqu\u00eate coop\u00e9ratif mythique et maintes fois prim\u00e9s.<\/div>\n<div>A l\u2019aide d\u2019un plan de Londres, de journaux, de l\u2019annuaire de la ville et de livrets d\u2019enqu\u00eates, les joueurs doivent explorer des pistes pour r\u00e9soudre l\u2019affaire soumise par Sherlock\u2026en essayant d\u2019\u00eatre plus efficace que lui.<\/div>\n<div><\/div>\n<div><\/div>\n<div>Les dix enqu\u00eates de Sherlock Holmes d\u00e9tective Conseil : Carlton House &amp; Queen&rsquo;s Park ont \u00e9t\u00e9 pr\u00e9alablement \u00e9dit\u00e9es par Ystari, sous forme de bo\u00eetes ind\u00e9pendantes ou de fascicules.<\/div>\n<div>Elles sont ici r\u00e9vis\u00e9es pour entrer dans les standards de la nouvelle gamme. La maquette a \u00e9t\u00e9 renouvel\u00e9e par rapport aux premi\u00e8res \u00e9ditions et enrichie de nouvelles illustrations. Elles b\u00e9n\u00e9ficient d\u2019une police de caract\u00e8re plus lisible.<\/div>\n<div>Le mat\u00e9riel a \u00e9galement \u00e9t\u00e9 am\u00e9lior\u00e9 et propose notamment une enveloppe comprenant du mat\u00e9riel favorisant l\u2019immersion dans le Londres victorien (cartes de visite, invitations, etc.).<\/div>\n<div><\/div>\n<div><\/div>\n<div><\/div>\n<div>Contenu :<\/div>\n<div>\n<ul>\n<li>1 Plan de Londres<\/li>\n<li>3 Plans additionnels<\/li>\n<li>1 Enveloppe contenant 12 indices<\/li>\n<li>10 Livrets d&rsquo;Enqu\u00eate<\/li>\n<li>10 Journaux<\/li>\n<li>1 Annuaire de Londres<\/li>\n<li>1 Livret de r\u00e8gles du jeu<\/li>\n<\/ul>\n<\/div>\n<p><iframe src=\"https:\/\/www.youtube.com\/embed\/M2-pZQSat64\" width=\"560\" height=\"315\" frameborder=\"0\" allowfullscreen=\"allowfullscreen\"><\/iframe><\/p>\n<\/div>\n<\/section>\n","protected":false},"excerpt":{"rendered":"<div id=\"short_description_block\">\n<div id=\"short_description_content\" class=\"rte align_justify hide-smartphone\">\n<p>Sherlock Holmes d\u00e9tective Conseil : Carlton House &amp; Queen&rsquo;s Park vous propose une immersion dans les crimes et intrigues du Londres victorien.<\/p>\n<\/div>\n<\/div>\n","protected":false},"featured_media":144,"comment_status":"open","ping_status":"closed","template":"","meta":{"colormag_page_container_layout":"default_layout","colormag_page_sidebar_layout":"default_layout"},"product_brand":[],"product_cat":[36,29,86,115,117],"product_tag":[],"class_list":{"0":"post-143","1":"product","2":"type-product","3":"status-publish","4":"has-post-thumbnail","6":"product_cat-jeux-familiaux","7":"product_cat-jeux-2-joueurs","8":"product_cat-sherlock-jeux-collaboratifs","9":"product_cat-sherlock-holmes-jeux-solo","10":"product_cat-sherlock-holmes-escape-room","12":"first","13":"outofstock","14":"taxable","15":"shipping-taxable","16":"purchasable","17":"product-type-simple"},"yoast_head":"<!-- This site is optimized with the Yoast SEO plugin v27.4 - https:\/\/yoast.com\/product\/yoast-seo-wordpress\/ -->\n<title>Sherlock Holmes - D\u00e9tective Conseil : Carlton House &amp; Queen&#039;s Park - Croc Jeux<\/title>\n<meta name=\"robots\" content=\"index, follow, max-snippet:-1, max-image-preview:large, max-video-preview:-1\" \/>\n<link rel=\"canonical\" href=\"https:\/\/crocjeux.com\/index.php\/produit\/sherlock-holmes-detective-conseil-carlton-house-queens-park\/\" \/>\n<meta property=\"og:locale\" content=\"fr_FR\" \/>\n<meta property=\"og:type\" content=\"article\" \/>\n<meta property=\"og:title\" content=\"Sherlock Holmes - D\u00e9tective Conseil : Carlton House &amp; Queen&#039;s Park - Croc Jeux\" \/>\n<meta property=\"og:description\" content=\"Sherlock Holmes d\u00e9tective Conseil : Carlton House &amp; Queen&#039;s Park vous propose une immersion dans les crimes et intrigues du Londres victorien.\" \/>\n<meta property=\"og:url\" content=\"https:\/\/crocjeux.com\/index.php\/produit\/sherlock-holmes-detective-conseil-carlton-house-queens-park\/\" \/>\n<meta property=\"og:site_name\" content=\"Croc Jeux\" \/>\n<meta property=\"article:modified_time\" content=\"2025-12-16T08:13:45+00:00\" \/>\n<meta property=\"og:image\" content=\"https:\/\/crocjeux.com\/wp-content\/uploads\/2020\/10\/sherlock_carlton.png\" \/>\n\t<meta property=\"og:image:width\" content=\"584\" \/>\n\t<meta property=\"og:image:height\" content=\"771\" \/>\n\t<meta property=\"og:image:type\" content=\"image\/png\" \/>\n<meta name=\"twitter:card\" content=\"summary_large_image\" \/>\n<meta name=\"twitter:label1\" content=\"Dur\u00e9e de lecture estim\u00e9e\" \/>\n\t<meta name=\"twitter:data1\" content=\"2 minutes\" \/>\n<script type=\"application\/ld+json\" class=\"yoast-schema-graph\">{\"@context\":\"https:\\\/\\\/schema.org\",\"@graph\":[{\"@type\":\"WebPage\",\"@id\":\"https:\\\/\\\/crocjeux.com\\\/index.php\\\/produit\\\/sherlock-holmes-detective-conseil-carlton-house-queens-park\\\/\",\"url\":\"https:\\\/\\\/crocjeux.com\\\/index.php\\\/produit\\\/sherlock-holmes-detective-conseil-carlton-house-queens-park\\\/\",\"name\":\"Sherlock Holmes - D\u00e9tective Conseil : Carlton House &amp; Queen's Park - Croc Jeux\",\"isPartOf\":{\"@id\":\"https:\\\/\\\/crocjeux.com\\\/#website\"},\"primaryImageOfPage\":{\"@id\":\"https:\\\/\\\/crocjeux.com\\\/index.php\\\/produit\\\/sherlock-holmes-detective-conseil-carlton-house-queens-park\\\/#primaryimage\"},\"image\":{\"@id\":\"https:\\\/\\\/crocjeux.com\\\/index.php\\\/produit\\\/sherlock-holmes-detective-conseil-carlton-house-queens-park\\\/#primaryimage\"},\"thumbnailUrl\":\"https:\\\/\\\/crocjeux.com\\\/wp-content\\\/uploads\\\/2020\\\/10\\\/sherlock_carlton.png\",\"datePublished\":\"2020-10-29T12:21:26+00:00\",\"dateModified\":\"2025-12-16T08:13:45+00:00\",\"breadcrumb\":{\"@id\":\"https:\\\/\\\/crocjeux.com\\\/index.php\\\/produit\\\/sherlock-holmes-detective-conseil-carlton-house-queens-park\\\/#breadcrumb\"},\"inLanguage\":\"fr-FR\",\"potentialAction\":[{\"@type\":\"ReadAction\",\"target\":[\"https:\\\/\\\/crocjeux.com\\\/index.php\\\/produit\\\/sherlock-holmes-detective-conseil-carlton-house-queens-park\\\/\"]}]},{\"@type\":\"ImageObject\",\"inLanguage\":\"fr-FR\",\"@id\":\"https:\\\/\\\/crocjeux.com\\\/index.php\\\/produit\\\/sherlock-holmes-detective-conseil-carlton-house-queens-park\\\/#primaryimage\",\"url\":\"https:\\\/\\\/crocjeux.com\\\/wp-content\\\/uploads\\\/2020\\\/10\\\/sherlock_carlton.png\",\"contentUrl\":\"https:\\\/\\\/crocjeux.com\\\/wp-content\\\/uploads\\\/2020\\\/10\\\/sherlock_carlton.png\",\"width\":584,\"height\":771},{\"@type\":\"BreadcrumbList\",\"@id\":\"https:\\\/\\\/crocjeux.com\\\/index.php\\\/produit\\\/sherlock-holmes-detective-conseil-carlton-house-queens-park\\\/#breadcrumb\",\"itemListElement\":[{\"@type\":\"ListItem\",\"position\":1,\"name\":\"Accueil\",\"item\":\"https:\\\/\\\/crocjeux.com\\\/\"},{\"@type\":\"ListItem\",\"position\":2,\"name\":\"Boutique\",\"item\":\"https:\\\/\\\/crocjeux.com\\\/\"},{\"@type\":\"ListItem\",\"position\":3,\"name\":\"Sherlock Holmes &#8211; D\u00e9tective Conseil : Carlton House &amp; Queen&#8217;s Park\"}]},{\"@type\":\"WebSite\",\"@id\":\"https:\\\/\\\/crocjeux.com\\\/#website\",\"url\":\"https:\\\/\\\/crocjeux.com\\\/\",\"name\":\"Croc Jeux\",\"description\":\"Bienvenue chez Croc Jeux!\",\"publisher\":{\"@id\":\"https:\\\/\\\/crocjeux.com\\\/#organization\"},\"potentialAction\":[{\"@type\":\"SearchAction\",\"target\":{\"@type\":\"EntryPoint\",\"urlTemplate\":\"https:\\\/\\\/crocjeux.com\\\/?s={search_term_string}\"},\"query-input\":{\"@type\":\"PropertyValueSpecification\",\"valueRequired\":true,\"valueName\":\"search_term_string\"}}],\"inLanguage\":\"fr-FR\"},{\"@type\":\"Organization\",\"@id\":\"https:\\\/\\\/crocjeux.com\\\/#organization\",\"name\":\"Croc Jeux\",\"url\":\"https:\\\/\\\/crocjeux.com\\\/\",\"logo\":{\"@type\":\"ImageObject\",\"inLanguage\":\"fr-FR\",\"@id\":\"https:\\\/\\\/crocjeux.com\\\/#\\\/schema\\\/logo\\\/image\\\/\",\"url\":\"https:\\\/\\\/crocjeux.com\\\/wp-content\\\/uploads\\\/2022\\\/01\\\/cropped-logo-croc-etape-1-e1644574034239.jpg\",\"contentUrl\":\"https:\\\/\\\/crocjeux.com\\\/wp-content\\\/uploads\\\/2022\\\/01\\\/cropped-logo-croc-etape-1-e1644574034239.jpg\",\"width\":1224,\"height\":314,\"caption\":\"Croc Jeux\"},\"image\":{\"@id\":\"https:\\\/\\\/crocjeux.com\\\/#\\\/schema\\\/logo\\\/image\\\/\"}}]}<\/script>\n<!-- \/ Yoast SEO plugin. -->","yoast_head_json":{"title":"Sherlock Holmes - D\u00e9tective Conseil : Carlton House &amp; Queen's Park - Croc Jeux","robots":{"index":"index","follow":"follow","max-snippet":"max-snippet:-1","max-image-preview":"max-image-preview:large","max-video-preview":"max-video-preview:-1"},"canonical":"https:\/\/crocjeux.com\/index.php\/produit\/sherlock-holmes-detective-conseil-carlton-house-queens-park\/","og_locale":"fr_FR","og_type":"article","og_title":"Sherlock Holmes - D\u00e9tective Conseil : Carlton House &amp; Queen's Park - Croc Jeux","og_description":"Sherlock Holmes d\u00e9tective Conseil : Carlton House &amp; Queen's Park vous propose une immersion dans les crimes et intrigues du Londres victorien.","og_url":"https:\/\/crocjeux.com\/index.php\/produit\/sherlock-holmes-detective-conseil-carlton-house-queens-park\/","og_site_name":"Croc Jeux","article_modified_time":"2025-12-16T08:13:45+00:00","og_image":[{"width":584,"height":771,"url":"https:\/\/crocjeux.com\/wp-content\/uploads\/2020\/10\/sherlock_carlton.png","type":"image\/png"}],"twitter_card":"summary_large_image","twitter_misc":{"Dur\u00e9e de lecture estim\u00e9e":"2 minutes"},"schema":{"@context":"https:\/\/schema.org","@graph":[{"@type":"WebPage","@id":"https:\/\/crocjeux.com\/index.php\/produit\/sherlock-holmes-detective-conseil-carlton-house-queens-park\/","url":"https:\/\/crocjeux.com\/index.php\/produit\/sherlock-holmes-detective-conseil-carlton-house-queens-park\/","name":"Sherlock Holmes - D\u00e9tective Conseil : Carlton House &amp; Queen's Park - Croc Jeux","isPartOf":{"@id":"https:\/\/crocjeux.com\/#website"},"primaryImageOfPage":{"@id":"https:\/\/crocjeux.com\/index.php\/produit\/sherlock-holmes-detective-conseil-carlton-house-queens-park\/#primaryimage"},"image":{"@id":"https:\/\/crocjeux.com\/index.php\/produit\/sherlock-holmes-detective-conseil-carlton-house-queens-park\/#primaryimage"},"thumbnailUrl":"https:\/\/crocjeux.com\/wp-content\/uploads\/2020\/10\/sherlock_carlton.png","datePublished":"2020-10-29T12:21:26+00:00","dateModified":"2025-12-16T08:13:45+00:00","breadcrumb":{"@id":"https:\/\/crocjeux.com\/index.php\/produit\/sherlock-holmes-detective-conseil-carlton-house-queens-park\/#breadcrumb"},"inLanguage":"fr-FR","potentialAction":[{"@type":"ReadAction","target":["https:\/\/crocjeux.com\/index.php\/produit\/sherlock-holmes-detective-conseil-carlton-house-queens-park\/"]}]},{"@type":"ImageObject","inLanguage":"fr-FR","@id":"https:\/\/crocjeux.com\/index.php\/produit\/sherlock-holmes-detective-conseil-carlton-house-queens-park\/#primaryimage","url":"https:\/\/crocjeux.com\/wp-content\/uploads\/2020\/10\/sherlock_carlton.png","contentUrl":"https:\/\/crocjeux.com\/wp-content\/uploads\/2020\/10\/sherlock_carlton.png","width":584,"height":771},{"@type":"BreadcrumbList","@id":"https:\/\/crocjeux.com\/index.php\/produit\/sherlock-holmes-detective-conseil-carlton-house-queens-park\/#breadcrumb","itemListElement":[{"@type":"ListItem","position":1,"name":"Accueil","item":"https:\/\/crocjeux.com\/"},{"@type":"ListItem","position":2,"name":"Boutique","item":"https:\/\/crocjeux.com\/"},{"@type":"ListItem","position":3,"name":"Sherlock Holmes &#8211; D\u00e9tective Conseil : Carlton House &amp; Queen&#8217;s Park"}]},{"@type":"WebSite","@id":"https:\/\/crocjeux.com\/#website","url":"https:\/\/crocjeux.com\/","name":"Croc Jeux","description":"Bienvenue chez Croc Jeux!","publisher":{"@id":"https:\/\/crocjeux.com\/#organization"},"potentialAction":[{"@type":"SearchAction","target":{"@type":"EntryPoint","urlTemplate":"https:\/\/crocjeux.com\/?s={search_term_string}"},"query-input":{"@type":"PropertyValueSpecification","valueRequired":true,"valueName":"search_term_string"}}],"inLanguage":"fr-FR"},{"@type":"Organization","@id":"https:\/\/crocjeux.com\/#organization","name":"Croc Jeux","url":"https:\/\/crocjeux.com\/","logo":{"@type":"ImageObject","inLanguage":"fr-FR","@id":"https:\/\/crocjeux.com\/#\/schema\/logo\/image\/","url":"https:\/\/crocjeux.com\/wp-content\/uploads\/2022\/01\/cropped-logo-croc-etape-1-e1644574034239.jpg","contentUrl":"https:\/\/crocjeux.com\/wp-content\/uploads\/2022\/01\/cropped-logo-croc-etape-1-e1644574034239.jpg","width":1224,"height":314,"caption":"Croc Jeux"},"image":{"@id":"https:\/\/crocjeux.com\/#\/schema\/logo\/image\/"}}]}},"_links":{"self":[{"href":"https:\/\/crocjeux.com\/index.php\/wp-json\/wp\/v2\/product\/143","targetHints":{"allow":["GET"]}}],"collection":[{"href":"https:\/\/crocjeux.com\/index.php\/wp-json\/wp\/v2\/product"}],"about":[{"href":"https:\/\/crocjeux.com\/index.php\/wp-json\/wp\/v2\/types\/product"}],"replies":[{"embeddable":true,"href":"https:\/\/crocjeux.com\/index.php\/wp-json\/wp\/v2\/comments?post=143"}],"wp:featuredmedia":[{"embeddable":true,"href":"https:\/\/crocjeux.com\/index.php\/wp-json\/wp\/v2\/media\/144"}],"wp:attachment":[{"href":"https:\/\/crocjeux.com\/index.php\/wp-json\/wp\/v2\/media?parent=143"}],"wp:term":[{"taxonomy":"product_brand","embeddable":true,"href":"https:\/\/crocjeux.com\/index.php\/wp-json\/wp\/v2\/product_brand?post=143"},{"taxonomy":"product_cat","embeddable":true,"href":"https:\/\/crocjeux.com\/index.php\/wp-json\/wp\/v2\/product_cat?post=143"},{"taxonomy":"product_tag","embeddable":true,"href":"https:\/\/crocjeux.com\/index.php\/wp-json\/wp\/v2\/product_tag?post=143"}],"curies":[{"name":"wp","href":"https:\/\/api.w.org\/{rel}","templated":true}]}}