{"id":1440,"date":"2020-12-03T15:52:45","date_gmt":"2020-12-03T14:52:45","guid":{"rendered":"https:\/\/crocjeux.com\/?post_type=product&#038;p=1440"},"modified":"2024-04-18T17:13:36","modified_gmt":"2024-04-18T16:13:36","slug":"star-wars-armada-core-set","status":"publish","type":"product","link":"https:\/\/crocjeux.com\/index.php\/produit\/star-wars-armada-core-set\/","title":{"rendered":"Star Wars Armada &#8211; Core Set"},"content":{"rendered":"<h1 id=\"product_name\">Star Wars Armada &#8211; Core Set<\/h1>\n<div id=\"short_description_block\">\n<div id=\"short_description_content\" class=\"rte align_justify hide-smartphone\">Star Wars : Armada est un jeu de combats spatiaux tactiques opposant deux flottes dont l\u2019action se situe au plus fort de la Guerre Civile Galactique. Prenez le commandement d\u2019un Destroyer Stellaire de classe Victory \u00e0 la puissance de feu d\u00e9vastatrice pour supprimer vos ennemis, ou d\u00e9stabilisez votre adversaire en vous appuyant sur la rapidit\u00e9 de la Corvette Corellienne CR90 et de la Fr\u00e9gate N\u00e9bulon-B.<\/div>\n<\/div>\n<ul class=\"illustrated_features\">\n<li class=\"langue tooltips\" title=\"\" data-hasqtip=\"5\">Anglais<\/li>\n<li class=\"age tooltips\" title=\"\" data-hasqtip=\"6\">\u00a0\u00e0 partir de 14 ans<\/li>\n<li class=\"duree_partie tooltips\" title=\"\" data-hasqtip=\"7\">\u00a01 \u00e0 2h<\/li>\n<li class=\"nb_joueurs tooltips\" title=\"\" data-hasqtip=\"8\">\u00a02 joueur(s)<\/li>\n<\/ul>\n<p><em>Star Wars : Armada<\/em>\u00a0est un jeu de combats spatiaux tactiques opposant deux flottes dont l\u2019action se situe au plus fort de la Guerre Civile Galactique. Prenez le commandement d\u2019un Destroyer Stellaire de classe\u00a0<em>Victory<\/em>\u00a0\u00e0 la puissance de feu d\u00e9vastatrice pour supprimer vos ennemis, ou d\u00e9stabilisez votre adversaire en vous appuyant sur la rapidit\u00e9 de la Corvette Corellienne CR90 et de la Fr\u00e9gate N\u00e9bulon-B. Mais attention ! M\u00eame le plus petit appareil peut changer le cours d\u2019une bataille. L\u00e2chez des escadrons entiers de X-wings sur vos ennemis, ou submergez leurs forces avec des essaims tr\u00e8s maniables de chasseurs TIE.<\/p>\n<p><em>Star Wars : Armada<\/em>\u00a0contient des figurines peintes de vaisseaux tr\u00e8s d\u00e9taill\u00e9s et propose un syst\u00e8me de jeu innovant. Avec de nombreux objectifs et de multiples fa\u00e7ons de personnaliser votre flotte, le jeu n\u2019offre jamais deux parties identiques.<\/p>\n<p>Prenez part \u00e0 la Guerre Civile Galactique \u00e0 une toute nouvelle \u00e9chelle !<\/p>\n","protected":false},"excerpt":{"rendered":"<p>Star Wars Armada &#8211; Core Set Star Wars : Armada est un jeu de combats spatiaux tactiques opposant deux flottes<\/p>\n","protected":false},"featured_media":1441,"comment_status":"open","ping_status":"closed","template":"","meta":{"colormag_page_container_layout":"default_layout","colormag_page_sidebar_layout":"default_layout"},"product_brand":[],"product_cat":[31,18,34,29],"product_tag":[],"class_list":{"0":"post-1440","1":"product","2":"type-product","3":"status-publish","4":"has-post-thumbnail","6":"product_cat-jeux-adffrontement","7":"product_cat-jeux-de-strategie","8":"product_cat-jeux-figurines","9":"product_cat-jeux-2-joueurs","11":"first","12":"outofstock","13":"taxable","14":"shipping-taxable","15":"purchasable","16":"product-type-simple"},"yoast_head":"<!-- This site is optimized with the Yoast SEO plugin v27.4 - https:\/\/yoast.com\/product\/yoast-seo-wordpress\/ -->\n<title>Star Wars Armada - Core Set - Croc Jeux<\/title>\n<meta name=\"robots\" content=\"index, follow, max-snippet:-1, max-image-preview:large, max-video-preview:-1\" \/>\n<link rel=\"canonical\" href=\"https:\/\/crocjeux.com\/index.php\/produit\/star-wars-armada-core-set\/\" \/>\n<meta property=\"og:locale\" content=\"fr_FR\" \/>\n<meta property=\"og:type\" content=\"article\" \/>\n<meta property=\"og:title\" content=\"Star Wars Armada - Core Set - Croc Jeux\" \/>\n<meta property=\"og:description\" content=\"Star Wars Armada &#8211; Core Set Star Wars : Armada est un jeu de combats spatiaux tactiques opposant deux flottes\" \/>\n<meta property=\"og:url\" content=\"https:\/\/crocjeux.com\/index.php\/produit\/star-wars-armada-core-set\/\" \/>\n<meta property=\"og:site_name\" content=\"Croc Jeux\" \/>\n<meta property=\"article:modified_time\" content=\"2024-04-18T16:13:36+00:00\" \/>\n<meta property=\"og:image\" content=\"https:\/\/crocjeux.com\/wp-content\/uploads\/2020\/12\/star-wars-armada-core-set-1.jpg\" \/>\n\t<meta property=\"og:image:width\" content=\"372\" \/>\n\t<meta property=\"og:image:height\" content=\"372\" \/>\n\t<meta property=\"og:image:type\" content=\"image\/jpeg\" \/>\n<meta name=\"twitter:card\" content=\"summary_large_image\" \/>\n<meta name=\"twitter:label1\" content=\"Dur\u00e9e de lecture estim\u00e9e\" \/>\n\t<meta name=\"twitter:data1\" content=\"2 minutes\" \/>\n<script type=\"application\/ld+json\" class=\"yoast-schema-graph\">{\"@context\":\"https:\\\/\\\/schema.org\",\"@graph\":[{\"@type\":\"WebPage\",\"@id\":\"https:\\\/\\\/crocjeux.com\\\/index.php\\\/produit\\\/star-wars-armada-core-set\\\/\",\"url\":\"https:\\\/\\\/crocjeux.com\\\/index.php\\\/produit\\\/star-wars-armada-core-set\\\/\",\"name\":\"Star Wars Armada - Core Set - Croc Jeux\",\"isPartOf\":{\"@id\":\"https:\\\/\\\/crocjeux.com\\\/#website\"},\"primaryImageOfPage\":{\"@id\":\"https:\\\/\\\/crocjeux.com\\\/index.php\\\/produit\\\/star-wars-armada-core-set\\\/#primaryimage\"},\"image\":{\"@id\":\"https:\\\/\\\/crocjeux.com\\\/index.php\\\/produit\\\/star-wars-armada-core-set\\\/#primaryimage\"},\"thumbnailUrl\":\"https:\\\/\\\/crocjeux.com\\\/wp-content\\\/uploads\\\/2020\\\/12\\\/star-wars-armada-core-set-1.jpg\",\"datePublished\":\"2020-12-03T14:52:45+00:00\",\"dateModified\":\"2024-04-18T16:13:36+00:00\",\"breadcrumb\":{\"@id\":\"https:\\\/\\\/crocjeux.com\\\/index.php\\\/produit\\\/star-wars-armada-core-set\\\/#breadcrumb\"},\"inLanguage\":\"fr-FR\",\"potentialAction\":[{\"@type\":\"ReadAction\",\"target\":[\"https:\\\/\\\/crocjeux.com\\\/index.php\\\/produit\\\/star-wars-armada-core-set\\\/\"]}]},{\"@type\":\"ImageObject\",\"inLanguage\":\"fr-FR\",\"@id\":\"https:\\\/\\\/crocjeux.com\\\/index.php\\\/produit\\\/star-wars-armada-core-set\\\/#primaryimage\",\"url\":\"https:\\\/\\\/crocjeux.com\\\/wp-content\\\/uploads\\\/2020\\\/12\\\/star-wars-armada-core-set-1.jpg\",\"contentUrl\":\"https:\\\/\\\/crocjeux.com\\\/wp-content\\\/uploads\\\/2020\\\/12\\\/star-wars-armada-core-set-1.jpg\",\"width\":372,\"height\":372},{\"@type\":\"BreadcrumbList\",\"@id\":\"https:\\\/\\\/crocjeux.com\\\/index.php\\\/produit\\\/star-wars-armada-core-set\\\/#breadcrumb\",\"itemListElement\":[{\"@type\":\"ListItem\",\"position\":1,\"name\":\"Accueil\",\"item\":\"https:\\\/\\\/crocjeux.com\\\/\"},{\"@type\":\"ListItem\",\"position\":2,\"name\":\"Boutique\",\"item\":\"https:\\\/\\\/crocjeux.com\\\/\"},{\"@type\":\"ListItem\",\"position\":3,\"name\":\"Star Wars Armada &#8211; Core Set\"}]},{\"@type\":\"WebSite\",\"@id\":\"https:\\\/\\\/crocjeux.com\\\/#website\",\"url\":\"https:\\\/\\\/crocjeux.com\\\/\",\"name\":\"Croc Jeux\",\"description\":\"Bienvenue chez Croc Jeux!\",\"publisher\":{\"@id\":\"https:\\\/\\\/crocjeux.com\\\/#organization\"},\"potentialAction\":[{\"@type\":\"SearchAction\",\"target\":{\"@type\":\"EntryPoint\",\"urlTemplate\":\"https:\\\/\\\/crocjeux.com\\\/?s={search_term_string}\"},\"query-input\":{\"@type\":\"PropertyValueSpecification\",\"valueRequired\":true,\"valueName\":\"search_term_string\"}}],\"inLanguage\":\"fr-FR\"},{\"@type\":\"Organization\",\"@id\":\"https:\\\/\\\/crocjeux.com\\\/#organization\",\"name\":\"Croc Jeux\",\"url\":\"https:\\\/\\\/crocjeux.com\\\/\",\"logo\":{\"@type\":\"ImageObject\",\"inLanguage\":\"fr-FR\",\"@id\":\"https:\\\/\\\/crocjeux.com\\\/#\\\/schema\\\/logo\\\/image\\\/\",\"url\":\"https:\\\/\\\/crocjeux.com\\\/wp-content\\\/uploads\\\/2022\\\/01\\\/cropped-logo-croc-etape-1-e1644574034239.jpg\",\"contentUrl\":\"https:\\\/\\\/crocjeux.com\\\/wp-content\\\/uploads\\\/2022\\\/01\\\/cropped-logo-croc-etape-1-e1644574034239.jpg\",\"width\":1224,\"height\":314,\"caption\":\"Croc Jeux\"},\"image\":{\"@id\":\"https:\\\/\\\/crocjeux.com\\\/#\\\/schema\\\/logo\\\/image\\\/\"}}]}<\/script>\n<!-- \/ Yoast SEO plugin. -->","yoast_head_json":{"title":"Star Wars Armada - Core Set - Croc Jeux","robots":{"index":"index","follow":"follow","max-snippet":"max-snippet:-1","max-image-preview":"max-image-preview:large","max-video-preview":"max-video-preview:-1"},"canonical":"https:\/\/crocjeux.com\/index.php\/produit\/star-wars-armada-core-set\/","og_locale":"fr_FR","og_type":"article","og_title":"Star Wars Armada - Core Set - Croc Jeux","og_description":"Star Wars Armada &#8211; Core Set Star Wars : Armada est un jeu de combats spatiaux tactiques opposant deux flottes","og_url":"https:\/\/crocjeux.com\/index.php\/produit\/star-wars-armada-core-set\/","og_site_name":"Croc Jeux","article_modified_time":"2024-04-18T16:13:36+00:00","og_image":[{"width":372,"height":372,"url":"https:\/\/crocjeux.com\/wp-content\/uploads\/2020\/12\/star-wars-armada-core-set-1.jpg","type":"image\/jpeg"}],"twitter_card":"summary_large_image","twitter_misc":{"Dur\u00e9e de lecture estim\u00e9e":"2 minutes"},"schema":{"@context":"https:\/\/schema.org","@graph":[{"@type":"WebPage","@id":"https:\/\/crocjeux.com\/index.php\/produit\/star-wars-armada-core-set\/","url":"https:\/\/crocjeux.com\/index.php\/produit\/star-wars-armada-core-set\/","name":"Star Wars Armada - Core Set - Croc Jeux","isPartOf":{"@id":"https:\/\/crocjeux.com\/#website"},"primaryImageOfPage":{"@id":"https:\/\/crocjeux.com\/index.php\/produit\/star-wars-armada-core-set\/#primaryimage"},"image":{"@id":"https:\/\/crocjeux.com\/index.php\/produit\/star-wars-armada-core-set\/#primaryimage"},"thumbnailUrl":"https:\/\/crocjeux.com\/wp-content\/uploads\/2020\/12\/star-wars-armada-core-set-1.jpg","datePublished":"2020-12-03T14:52:45+00:00","dateModified":"2024-04-18T16:13:36+00:00","breadcrumb":{"@id":"https:\/\/crocjeux.com\/index.php\/produit\/star-wars-armada-core-set\/#breadcrumb"},"inLanguage":"fr-FR","potentialAction":[{"@type":"ReadAction","target":["https:\/\/crocjeux.com\/index.php\/produit\/star-wars-armada-core-set\/"]}]},{"@type":"ImageObject","inLanguage":"fr-FR","@id":"https:\/\/crocjeux.com\/index.php\/produit\/star-wars-armada-core-set\/#primaryimage","url":"https:\/\/crocjeux.com\/wp-content\/uploads\/2020\/12\/star-wars-armada-core-set-1.jpg","contentUrl":"https:\/\/crocjeux.com\/wp-content\/uploads\/2020\/12\/star-wars-armada-core-set-1.jpg","width":372,"height":372},{"@type":"BreadcrumbList","@id":"https:\/\/crocjeux.com\/index.php\/produit\/star-wars-armada-core-set\/#breadcrumb","itemListElement":[{"@type":"ListItem","position":1,"name":"Accueil","item":"https:\/\/crocjeux.com\/"},{"@type":"ListItem","position":2,"name":"Boutique","item":"https:\/\/crocjeux.com\/"},{"@type":"ListItem","position":3,"name":"Star Wars Armada &#8211; Core Set"}]},{"@type":"WebSite","@id":"https:\/\/crocjeux.com\/#website","url":"https:\/\/crocjeux.com\/","name":"Croc Jeux","description":"Bienvenue chez Croc Jeux!","publisher":{"@id":"https:\/\/crocjeux.com\/#organization"},"potentialAction":[{"@type":"SearchAction","target":{"@type":"EntryPoint","urlTemplate":"https:\/\/crocjeux.com\/?s={search_term_string}"},"query-input":{"@type":"PropertyValueSpecification","valueRequired":true,"valueName":"search_term_string"}}],"inLanguage":"fr-FR"},{"@type":"Organization","@id":"https:\/\/crocjeux.com\/#organization","name":"Croc Jeux","url":"https:\/\/crocjeux.com\/","logo":{"@type":"ImageObject","inLanguage":"fr-FR","@id":"https:\/\/crocjeux.com\/#\/schema\/logo\/image\/","url":"https:\/\/crocjeux.com\/wp-content\/uploads\/2022\/01\/cropped-logo-croc-etape-1-e1644574034239.jpg","contentUrl":"https:\/\/crocjeux.com\/wp-content\/uploads\/2022\/01\/cropped-logo-croc-etape-1-e1644574034239.jpg","width":1224,"height":314,"caption":"Croc Jeux"},"image":{"@id":"https:\/\/crocjeux.com\/#\/schema\/logo\/image\/"}}]}},"_links":{"self":[{"href":"https:\/\/crocjeux.com\/index.php\/wp-json\/wp\/v2\/product\/1440","targetHints":{"allow":["GET"]}}],"collection":[{"href":"https:\/\/crocjeux.com\/index.php\/wp-json\/wp\/v2\/product"}],"about":[{"href":"https:\/\/crocjeux.com\/index.php\/wp-json\/wp\/v2\/types\/product"}],"replies":[{"embeddable":true,"href":"https:\/\/crocjeux.com\/index.php\/wp-json\/wp\/v2\/comments?post=1440"}],"wp:featuredmedia":[{"embeddable":true,"href":"https:\/\/crocjeux.com\/index.php\/wp-json\/wp\/v2\/media\/1441"}],"wp:attachment":[{"href":"https:\/\/crocjeux.com\/index.php\/wp-json\/wp\/v2\/media?parent=1440"}],"wp:term":[{"taxonomy":"product_brand","embeddable":true,"href":"https:\/\/crocjeux.com\/index.php\/wp-json\/wp\/v2\/product_brand?post=1440"},{"taxonomy":"product_cat","embeddable":true,"href":"https:\/\/crocjeux.com\/index.php\/wp-json\/wp\/v2\/product_cat?post=1440"},{"taxonomy":"product_tag","embeddable":true,"href":"https:\/\/crocjeux.com\/index.php\/wp-json\/wp\/v2\/product_tag?post=1440"}],"curies":[{"name":"wp","href":"https:\/\/api.w.org\/{rel}","templated":true}]}}