{"id":1449,"date":"2020-12-03T15:51:26","date_gmt":"2020-12-03T14:51:26","guid":{"rendered":"https:\/\/crocjeux.com\/?post_type=product&#038;p=1449"},"modified":"2022-02-15T17:05:39","modified_gmt":"2022-02-15T16:05:39","slug":"star-wars-legion-2","status":"publish","type":"product","link":"https:\/\/crocjeux.com\/index.php\/produit\/star-wars-legion-2\/","title":{"rendered":"Star Wars &#8211; L\u00e9gion"},"content":{"rendered":"<p>Star Wars : L\u00e9gion est un jeu de figurines. Vous devrez commandez une arm\u00e9e et choisir entre Darth Vader ou Luke Skywalker pour vous seconder.<\/p>\n<p>D\u00e8s 14 ans.<\/p>\n<p>C\u2019est une \u00e9poque de guerre civile&#8230;. L\u2019Empire Galactique resserre son \u00e9treinte sur la galaxie, sa puissance militaire \u00e9crasant toute forme de r\u00e9sistance. Depuis des bases secr\u00e8tes, les troupes de l\u2019Alliance Rebelle se dressent vaillamment en travers de son chemin, multipliant les tentatives d\u00e9sesp\u00e9r\u00e9es pour enrailler la machine de guerre Imp\u00e9riale. C\u2019est une lutte acharn\u00e9e, chaque bataille pouvant faire la diff\u00e9rence entre la victoire et la d\u00e9faite\u2026 Revivez les l\u00e9gendaires batailles terrestres de Star Wars !<\/p>\n<p>Avec le jeu de figurines STAR WARS : L\u00c9GION, dirigez vos troupes au cours d\u2019affrontements \u00e9piques !<\/p>\n<p>Chaque figurine repr\u00e9sente les personnages embl\u00e9matiques, soldats et v\u00e9hicules de l\u2019univers de Star Wars.<\/p>\n<p>Cette bo\u00eete contient tout ce dont deux joueurs ont besoin pour simuler des batailles entre les forces de l\u2019Empire Galactique et celles de l\u2019Alliance Rebelle.<\/p>\n<p>En collectionnant des figurines suppl\u00e9mentaires pour STAR WARS : L\u00c9GION, vous pourrez agrandir et personnaliser vos arm\u00e9es Imp\u00e9riales et Rebelles.<\/p>\n<p>Contenu du jeu :<\/p>\n<ul>\n<li>33 Figurines en plastique<\/li>\n<li>8 Barricades en plastique<\/li>\n<li>15 D\u00e9s<\/li>\n<li>3 Gabarits de D\u00e9placement<\/li>\n<li>1 R\u00e8gle des Port\u00e9es<\/li>\n<li>8 cartes Unit\u00e9<\/li>\n<li>35 cartes Am\u00e9lioration<\/li>\n<li>14 cartes Commandement<\/li>\n<li>12 cartes Bataille<\/li>\n<li>1 Compteur de Round<\/li>\n<li>107 Pions divers<\/li>\n<li>1 Livret d\u2019Apprentissage<\/li>\n<\/ul>\n","protected":false},"excerpt":{"rendered":"<p>Star Wars : L\u00e9gion est un jeu de figurines. Vous devrez commandez une arm\u00e9e et choisir entre Darth Vader ou<\/p>\n","protected":false},"featured_media":1450,"comment_status":"open","ping_status":"closed","template":"","meta":{"colormag_page_container_layout":"default_layout","colormag_page_sidebar_layout":"default_layout"},"product_brand":[],"product_cat":[31,34,29],"product_tag":[],"class_list":{"0":"post-1449","1":"product","2":"type-product","3":"status-publish","4":"has-post-thumbnail","6":"product_cat-jeux-adffrontement","7":"product_cat-jeux-figurines","8":"product_cat-jeux-2-joueurs","10":"first","11":"outofstock","12":"taxable","13":"shipping-taxable","14":"purchasable","15":"product-type-simple"},"yoast_head":"<!-- This site is optimized with the Yoast SEO plugin v27.4 - https:\/\/yoast.com\/product\/yoast-seo-wordpress\/ -->\n<title>Star Wars - L\u00e9gion - Croc Jeux<\/title>\n<meta name=\"robots\" content=\"index, follow, max-snippet:-1, max-image-preview:large, max-video-preview:-1\" \/>\n<link rel=\"canonical\" href=\"https:\/\/crocjeux.com\/index.php\/produit\/star-wars-legion-2\/\" \/>\n<meta property=\"og:locale\" content=\"fr_FR\" \/>\n<meta property=\"og:type\" content=\"article\" \/>\n<meta property=\"og:title\" content=\"Star Wars - L\u00e9gion - Croc Jeux\" \/>\n<meta property=\"og:description\" content=\"Star Wars : L\u00e9gion est un jeu de figurines. Vous devrez commandez une arm\u00e9e et choisir entre Darth Vader ou\" \/>\n<meta property=\"og:url\" content=\"https:\/\/crocjeux.com\/index.php\/produit\/star-wars-legion-2\/\" \/>\n<meta property=\"og:site_name\" content=\"Croc Jeux\" \/>\n<meta property=\"article:modified_time\" content=\"2022-02-15T16:05:39+00:00\" \/>\n<meta property=\"og:image\" content=\"https:\/\/crocjeux.com\/wp-content\/uploads\/2020\/12\/star-wars-legion.jpg\" \/>\n\t<meta property=\"og:image:width\" content=\"390\" \/>\n\t<meta property=\"og:image:height\" content=\"390\" \/>\n\t<meta property=\"og:image:type\" content=\"image\/jpeg\" \/>\n<meta name=\"twitter:card\" content=\"summary_large_image\" \/>\n<meta name=\"twitter:label1\" content=\"Dur\u00e9e de lecture estim\u00e9e\" \/>\n\t<meta name=\"twitter:data1\" content=\"1 minute\" \/>\n<script type=\"application\/ld+json\" class=\"yoast-schema-graph\">{\"@context\":\"https:\\\/\\\/schema.org\",\"@graph\":[{\"@type\":\"WebPage\",\"@id\":\"https:\\\/\\\/crocjeux.com\\\/index.php\\\/produit\\\/star-wars-legion-2\\\/\",\"url\":\"https:\\\/\\\/crocjeux.com\\\/index.php\\\/produit\\\/star-wars-legion-2\\\/\",\"name\":\"Star Wars - L\u00e9gion - Croc Jeux\",\"isPartOf\":{\"@id\":\"https:\\\/\\\/crocjeux.com\\\/#website\"},\"primaryImageOfPage\":{\"@id\":\"https:\\\/\\\/crocjeux.com\\\/index.php\\\/produit\\\/star-wars-legion-2\\\/#primaryimage\"},\"image\":{\"@id\":\"https:\\\/\\\/crocjeux.com\\\/index.php\\\/produit\\\/star-wars-legion-2\\\/#primaryimage\"},\"thumbnailUrl\":\"https:\\\/\\\/crocjeux.com\\\/wp-content\\\/uploads\\\/2020\\\/12\\\/star-wars-legion.jpg\",\"datePublished\":\"2020-12-03T14:51:26+00:00\",\"dateModified\":\"2022-02-15T16:05:39+00:00\",\"breadcrumb\":{\"@id\":\"https:\\\/\\\/crocjeux.com\\\/index.php\\\/produit\\\/star-wars-legion-2\\\/#breadcrumb\"},\"inLanguage\":\"fr-FR\",\"potentialAction\":[{\"@type\":\"ReadAction\",\"target\":[\"https:\\\/\\\/crocjeux.com\\\/index.php\\\/produit\\\/star-wars-legion-2\\\/\"]}]},{\"@type\":\"ImageObject\",\"inLanguage\":\"fr-FR\",\"@id\":\"https:\\\/\\\/crocjeux.com\\\/index.php\\\/produit\\\/star-wars-legion-2\\\/#primaryimage\",\"url\":\"https:\\\/\\\/crocjeux.com\\\/wp-content\\\/uploads\\\/2020\\\/12\\\/star-wars-legion.jpg\",\"contentUrl\":\"https:\\\/\\\/crocjeux.com\\\/wp-content\\\/uploads\\\/2020\\\/12\\\/star-wars-legion.jpg\",\"width\":390,\"height\":390},{\"@type\":\"BreadcrumbList\",\"@id\":\"https:\\\/\\\/crocjeux.com\\\/index.php\\\/produit\\\/star-wars-legion-2\\\/#breadcrumb\",\"itemListElement\":[{\"@type\":\"ListItem\",\"position\":1,\"name\":\"Accueil\",\"item\":\"https:\\\/\\\/crocjeux.com\\\/\"},{\"@type\":\"ListItem\",\"position\":2,\"name\":\"Boutique\",\"item\":\"https:\\\/\\\/crocjeux.com\\\/\"},{\"@type\":\"ListItem\",\"position\":3,\"name\":\"Star Wars &#8211; L\u00e9gion\"}]},{\"@type\":\"WebSite\",\"@id\":\"https:\\\/\\\/crocjeux.com\\\/#website\",\"url\":\"https:\\\/\\\/crocjeux.com\\\/\",\"name\":\"Croc Jeux\",\"description\":\"Bienvenue chez Croc Jeux!\",\"publisher\":{\"@id\":\"https:\\\/\\\/crocjeux.com\\\/#organization\"},\"potentialAction\":[{\"@type\":\"SearchAction\",\"target\":{\"@type\":\"EntryPoint\",\"urlTemplate\":\"https:\\\/\\\/crocjeux.com\\\/?s={search_term_string}\"},\"query-input\":{\"@type\":\"PropertyValueSpecification\",\"valueRequired\":true,\"valueName\":\"search_term_string\"}}],\"inLanguage\":\"fr-FR\"},{\"@type\":\"Organization\",\"@id\":\"https:\\\/\\\/crocjeux.com\\\/#organization\",\"name\":\"Croc Jeux\",\"url\":\"https:\\\/\\\/crocjeux.com\\\/\",\"logo\":{\"@type\":\"ImageObject\",\"inLanguage\":\"fr-FR\",\"@id\":\"https:\\\/\\\/crocjeux.com\\\/#\\\/schema\\\/logo\\\/image\\\/\",\"url\":\"https:\\\/\\\/crocjeux.com\\\/wp-content\\\/uploads\\\/2022\\\/01\\\/cropped-logo-croc-etape-1-e1644574034239.jpg\",\"contentUrl\":\"https:\\\/\\\/crocjeux.com\\\/wp-content\\\/uploads\\\/2022\\\/01\\\/cropped-logo-croc-etape-1-e1644574034239.jpg\",\"width\":1224,\"height\":314,\"caption\":\"Croc Jeux\"},\"image\":{\"@id\":\"https:\\\/\\\/crocjeux.com\\\/#\\\/schema\\\/logo\\\/image\\\/\"}}]}<\/script>\n<!-- \/ Yoast SEO plugin. -->","yoast_head_json":{"title":"Star Wars - L\u00e9gion - Croc Jeux","robots":{"index":"index","follow":"follow","max-snippet":"max-snippet:-1","max-image-preview":"max-image-preview:large","max-video-preview":"max-video-preview:-1"},"canonical":"https:\/\/crocjeux.com\/index.php\/produit\/star-wars-legion-2\/","og_locale":"fr_FR","og_type":"article","og_title":"Star Wars - L\u00e9gion - Croc Jeux","og_description":"Star Wars : L\u00e9gion est un jeu de figurines. Vous devrez commandez une arm\u00e9e et choisir entre Darth Vader ou","og_url":"https:\/\/crocjeux.com\/index.php\/produit\/star-wars-legion-2\/","og_site_name":"Croc Jeux","article_modified_time":"2022-02-15T16:05:39+00:00","og_image":[{"width":390,"height":390,"url":"https:\/\/crocjeux.com\/wp-content\/uploads\/2020\/12\/star-wars-legion.jpg","type":"image\/jpeg"}],"twitter_card":"summary_large_image","twitter_misc":{"Dur\u00e9e de lecture estim\u00e9e":"1 minute"},"schema":{"@context":"https:\/\/schema.org","@graph":[{"@type":"WebPage","@id":"https:\/\/crocjeux.com\/index.php\/produit\/star-wars-legion-2\/","url":"https:\/\/crocjeux.com\/index.php\/produit\/star-wars-legion-2\/","name":"Star Wars - L\u00e9gion - Croc Jeux","isPartOf":{"@id":"https:\/\/crocjeux.com\/#website"},"primaryImageOfPage":{"@id":"https:\/\/crocjeux.com\/index.php\/produit\/star-wars-legion-2\/#primaryimage"},"image":{"@id":"https:\/\/crocjeux.com\/index.php\/produit\/star-wars-legion-2\/#primaryimage"},"thumbnailUrl":"https:\/\/crocjeux.com\/wp-content\/uploads\/2020\/12\/star-wars-legion.jpg","datePublished":"2020-12-03T14:51:26+00:00","dateModified":"2022-02-15T16:05:39+00:00","breadcrumb":{"@id":"https:\/\/crocjeux.com\/index.php\/produit\/star-wars-legion-2\/#breadcrumb"},"inLanguage":"fr-FR","potentialAction":[{"@type":"ReadAction","target":["https:\/\/crocjeux.com\/index.php\/produit\/star-wars-legion-2\/"]}]},{"@type":"ImageObject","inLanguage":"fr-FR","@id":"https:\/\/crocjeux.com\/index.php\/produit\/star-wars-legion-2\/#primaryimage","url":"https:\/\/crocjeux.com\/wp-content\/uploads\/2020\/12\/star-wars-legion.jpg","contentUrl":"https:\/\/crocjeux.com\/wp-content\/uploads\/2020\/12\/star-wars-legion.jpg","width":390,"height":390},{"@type":"BreadcrumbList","@id":"https:\/\/crocjeux.com\/index.php\/produit\/star-wars-legion-2\/#breadcrumb","itemListElement":[{"@type":"ListItem","position":1,"name":"Accueil","item":"https:\/\/crocjeux.com\/"},{"@type":"ListItem","position":2,"name":"Boutique","item":"https:\/\/crocjeux.com\/"},{"@type":"ListItem","position":3,"name":"Star Wars &#8211; L\u00e9gion"}]},{"@type":"WebSite","@id":"https:\/\/crocjeux.com\/#website","url":"https:\/\/crocjeux.com\/","name":"Croc Jeux","description":"Bienvenue chez Croc Jeux!","publisher":{"@id":"https:\/\/crocjeux.com\/#organization"},"potentialAction":[{"@type":"SearchAction","target":{"@type":"EntryPoint","urlTemplate":"https:\/\/crocjeux.com\/?s={search_term_string}"},"query-input":{"@type":"PropertyValueSpecification","valueRequired":true,"valueName":"search_term_string"}}],"inLanguage":"fr-FR"},{"@type":"Organization","@id":"https:\/\/crocjeux.com\/#organization","name":"Croc Jeux","url":"https:\/\/crocjeux.com\/","logo":{"@type":"ImageObject","inLanguage":"fr-FR","@id":"https:\/\/crocjeux.com\/#\/schema\/logo\/image\/","url":"https:\/\/crocjeux.com\/wp-content\/uploads\/2022\/01\/cropped-logo-croc-etape-1-e1644574034239.jpg","contentUrl":"https:\/\/crocjeux.com\/wp-content\/uploads\/2022\/01\/cropped-logo-croc-etape-1-e1644574034239.jpg","width":1224,"height":314,"caption":"Croc Jeux"},"image":{"@id":"https:\/\/crocjeux.com\/#\/schema\/logo\/image\/"}}]}},"_links":{"self":[{"href":"https:\/\/crocjeux.com\/index.php\/wp-json\/wp\/v2\/product\/1449","targetHints":{"allow":["GET"]}}],"collection":[{"href":"https:\/\/crocjeux.com\/index.php\/wp-json\/wp\/v2\/product"}],"about":[{"href":"https:\/\/crocjeux.com\/index.php\/wp-json\/wp\/v2\/types\/product"}],"replies":[{"embeddable":true,"href":"https:\/\/crocjeux.com\/index.php\/wp-json\/wp\/v2\/comments?post=1449"}],"wp:featuredmedia":[{"embeddable":true,"href":"https:\/\/crocjeux.com\/index.php\/wp-json\/wp\/v2\/media\/1450"}],"wp:attachment":[{"href":"https:\/\/crocjeux.com\/index.php\/wp-json\/wp\/v2\/media?parent=1449"}],"wp:term":[{"taxonomy":"product_brand","embeddable":true,"href":"https:\/\/crocjeux.com\/index.php\/wp-json\/wp\/v2\/product_brand?post=1449"},{"taxonomy":"product_cat","embeddable":true,"href":"https:\/\/crocjeux.com\/index.php\/wp-json\/wp\/v2\/product_cat?post=1449"},{"taxonomy":"product_tag","embeddable":true,"href":"https:\/\/crocjeux.com\/index.php\/wp-json\/wp\/v2\/product_tag?post=1449"}],"curies":[{"name":"wp","href":"https:\/\/api.w.org\/{rel}","templated":true}]}}