{"id":1453,"date":"2020-12-03T16:05:50","date_gmt":"2020-12-03T15:05:50","guid":{"rendered":"https:\/\/crocjeux.com\/?post_type=product&#038;p=1453"},"modified":"2020-12-29T10:37:06","modified_gmt":"2020-12-29T09:37:06","slug":"star-wars-assaut-sur-lempire","status":"publish","type":"product","link":"https:\/\/crocjeux.com\/index.php\/produit\/star-wars-assaut-sur-lempire\/","title":{"rendered":"Star Wars &#8211; Assaut sur l&rsquo;Empire"},"content":{"rendered":"<h1 id=\"product_name\">Star Wars : Assaut sur l&rsquo;Empire<\/h1>\n<div id=\"short_description_block\">\n<div id=\"short_description_content\" class=\"rte align_justify hide-smartphone\">La galaxie tout enti\u00e8re a sombr\u00e9 dans la Guerre Civile.<\/div>\n<\/div>\n<ul class=\"illustrated_features\">\n<li class=\"langue tooltips\" title=\"\" data-hasqtip=\"5\">Fran\u00e7ais<\/li>\n<li class=\"duree_partie tooltips\" title=\"\" data-hasqtip=\"6\">\u00a01 \u00e0 2h<\/li>\n<li class=\"nb_joueurs tooltips\" title=\"\" data-hasqtip=\"7\" aria-describedby=\"qtip-7\">\u00a02 \u00e0 5 joueur(s)<\/li>\n<\/ul>\n<p>Le sort de la galaxie est en jeu\u2026<\/p>\n<p>La galaxie tout enti\u00e8re a sombr\u00e9 dans la guerre civile. apr\u00e8s la destruction de l\u2019\u00e9toile noire, l\u2019h\u00e9g\u00e9monie de l\u2019empire galactique est menac\u00e9e. des l\u00e9gions de stormtroopers d\u00e9ferlent sur toutes les plan\u00e8tes pour les ramener dans le rang, mais l\u2019\u00e9lite des agents rebelles d\u00e9joue leurs plans \u00e0 la moindre occasion. tout est contre eux, mais ils n\u2019h\u00e9sitent pas \u00e0 se dresser face aux troupes imp\u00e9riales pour lib\u00e9rer la galaxie.<\/p>\n<p>Assaut sur l\u2019Empire est un jeu d\u2019aventure \u00e9pique pour 2 \u00e0 5 joueurs dans l\u2019univers de Star Wars. La redoutable arm\u00e9e imp\u00e9riale, second\u00e9e par d\u2019impitoyables chasseurs de primes, affronte d\u2019audacieux h\u00e9ros rebelles au cours d\u2019une s\u00e9rie de missions tactiques. des personnages embl\u00e9matiques, tels que Dark Vador et Han Solo, font monter les enjeux de cette campagne \u00e9pique.<\/p>\n<p>Chaque bataille n\u2019est qu\u2019une \u00e9tape menant au r\u00e8glement de comptes final entre l\u2019empire galactique et l\u2019alliance rebelle. De plus, des r\u00e8gles sp\u00e9ciales permettent \u00e0 deux joueurs.<\/p>\n","protected":false},"excerpt":{"rendered":"<p>Star Wars : Assaut sur l&rsquo;Empire La galaxie tout enti\u00e8re a sombr\u00e9 dans la Guerre Civile. Fran\u00e7ais \u00a01 \u00e0 2h<\/p>\n","protected":false},"featured_media":1457,"comment_status":"open","ping_status":"closed","template":"","meta":{"colormag_page_container_layout":"default_layout","colormag_page_sidebar_layout":"default_layout"},"product_brand":[],"product_cat":[31,18,34,29],"product_tag":[],"class_list":{"0":"post-1453","1":"product","2":"type-product","3":"status-publish","4":"has-post-thumbnail","6":"product_cat-jeux-adffrontement","7":"product_cat-jeux-de-strategie","8":"product_cat-jeux-figurines","9":"product_cat-jeux-2-joueurs","11":"first","12":"instock","13":"taxable","14":"shipping-taxable","15":"purchasable","16":"product-type-simple"},"yoast_head":"<!-- This site is optimized with the Yoast SEO plugin v27.3 - https:\/\/yoast.com\/product\/yoast-seo-wordpress\/ -->\n<title>Star Wars - Assaut sur l&#039;Empire - Croc Jeux<\/title>\n<meta name=\"robots\" content=\"index, follow, max-snippet:-1, max-image-preview:large, max-video-preview:-1\" \/>\n<link rel=\"canonical\" href=\"https:\/\/crocjeux.com\/index.php\/produit\/star-wars-assaut-sur-lempire\/\" \/>\n<meta property=\"og:locale\" content=\"fr_FR\" \/>\n<meta property=\"og:type\" content=\"article\" \/>\n<meta property=\"og:title\" content=\"Star Wars - Assaut sur l&#039;Empire - Croc Jeux\" \/>\n<meta property=\"og:description\" content=\"Star Wars : Assaut sur l&rsquo;Empire La galaxie tout enti\u00e8re a sombr\u00e9 dans la Guerre Civile. Fran\u00e7ais \u00a01 \u00e0 2h\" \/>\n<meta property=\"og:url\" content=\"https:\/\/crocjeux.com\/index.php\/produit\/star-wars-assaut-sur-lempire\/\" \/>\n<meta property=\"og:site_name\" content=\"Croc Jeux\" \/>\n<meta property=\"article:modified_time\" content=\"2020-12-29T09:37:06+00:00\" \/>\n<meta property=\"og:image\" content=\"https:\/\/crocjeux.com\/wp-content\/uploads\/2020\/12\/star-wars-assaut-sur-l-empire-edge.jpg\" \/>\n\t<meta property=\"og:image:width\" content=\"390\" \/>\n\t<meta property=\"og:image:height\" content=\"390\" \/>\n\t<meta property=\"og:image:type\" content=\"image\/jpeg\" \/>\n<meta name=\"twitter:card\" content=\"summary_large_image\" \/>\n<meta name=\"twitter:label1\" content=\"Dur\u00e9e de lecture estim\u00e9e\" \/>\n\t<meta name=\"twitter:data1\" content=\"1 minute\" \/>\n<script type=\"application\/ld+json\" class=\"yoast-schema-graph\">{\"@context\":\"https:\\\/\\\/schema.org\",\"@graph\":[{\"@type\":\"WebPage\",\"@id\":\"https:\\\/\\\/crocjeux.com\\\/index.php\\\/produit\\\/star-wars-assaut-sur-lempire\\\/\",\"url\":\"https:\\\/\\\/crocjeux.com\\\/index.php\\\/produit\\\/star-wars-assaut-sur-lempire\\\/\",\"name\":\"Star Wars - Assaut sur l'Empire - Croc Jeux\",\"isPartOf\":{\"@id\":\"https:\\\/\\\/crocjeux.com\\\/#website\"},\"primaryImageOfPage\":{\"@id\":\"https:\\\/\\\/crocjeux.com\\\/index.php\\\/produit\\\/star-wars-assaut-sur-lempire\\\/#primaryimage\"},\"image\":{\"@id\":\"https:\\\/\\\/crocjeux.com\\\/index.php\\\/produit\\\/star-wars-assaut-sur-lempire\\\/#primaryimage\"},\"thumbnailUrl\":\"https:\\\/\\\/crocjeux.com\\\/wp-content\\\/uploads\\\/2020\\\/12\\\/star-wars-assaut-sur-l-empire-edge.jpg\",\"datePublished\":\"2020-12-03T15:05:50+00:00\",\"dateModified\":\"2020-12-29T09:37:06+00:00\",\"breadcrumb\":{\"@id\":\"https:\\\/\\\/crocjeux.com\\\/index.php\\\/produit\\\/star-wars-assaut-sur-lempire\\\/#breadcrumb\"},\"inLanguage\":\"fr-FR\",\"potentialAction\":[{\"@type\":\"ReadAction\",\"target\":[\"https:\\\/\\\/crocjeux.com\\\/index.php\\\/produit\\\/star-wars-assaut-sur-lempire\\\/\"]}]},{\"@type\":\"ImageObject\",\"inLanguage\":\"fr-FR\",\"@id\":\"https:\\\/\\\/crocjeux.com\\\/index.php\\\/produit\\\/star-wars-assaut-sur-lempire\\\/#primaryimage\",\"url\":\"https:\\\/\\\/crocjeux.com\\\/wp-content\\\/uploads\\\/2020\\\/12\\\/star-wars-assaut-sur-l-empire-edge.jpg\",\"contentUrl\":\"https:\\\/\\\/crocjeux.com\\\/wp-content\\\/uploads\\\/2020\\\/12\\\/star-wars-assaut-sur-l-empire-edge.jpg\",\"width\":390,\"height\":390},{\"@type\":\"BreadcrumbList\",\"@id\":\"https:\\\/\\\/crocjeux.com\\\/index.php\\\/produit\\\/star-wars-assaut-sur-lempire\\\/#breadcrumb\",\"itemListElement\":[{\"@type\":\"ListItem\",\"position\":1,\"name\":\"Accueil\",\"item\":\"https:\\\/\\\/crocjeux.com\\\/\"},{\"@type\":\"ListItem\",\"position\":2,\"name\":\"Boutique\",\"item\":\"https:\\\/\\\/crocjeux.com\\\/\"},{\"@type\":\"ListItem\",\"position\":3,\"name\":\"Star Wars &#8211; Assaut sur l&#8217;Empire\"}]},{\"@type\":\"WebSite\",\"@id\":\"https:\\\/\\\/crocjeux.com\\\/#website\",\"url\":\"https:\\\/\\\/crocjeux.com\\\/\",\"name\":\"Croc Jeux\",\"description\":\"Bienvenue chez Croc Jeux!\",\"publisher\":{\"@id\":\"https:\\\/\\\/crocjeux.com\\\/#organization\"},\"potentialAction\":[{\"@type\":\"SearchAction\",\"target\":{\"@type\":\"EntryPoint\",\"urlTemplate\":\"https:\\\/\\\/crocjeux.com\\\/?s={search_term_string}\"},\"query-input\":{\"@type\":\"PropertyValueSpecification\",\"valueRequired\":true,\"valueName\":\"search_term_string\"}}],\"inLanguage\":\"fr-FR\"},{\"@type\":\"Organization\",\"@id\":\"https:\\\/\\\/crocjeux.com\\\/#organization\",\"name\":\"Croc Jeux\",\"url\":\"https:\\\/\\\/crocjeux.com\\\/\",\"logo\":{\"@type\":\"ImageObject\",\"inLanguage\":\"fr-FR\",\"@id\":\"https:\\\/\\\/crocjeux.com\\\/#\\\/schema\\\/logo\\\/image\\\/\",\"url\":\"https:\\\/\\\/crocjeux.com\\\/wp-content\\\/uploads\\\/2022\\\/01\\\/cropped-logo-croc-etape-1-e1644574034239.jpg\",\"contentUrl\":\"https:\\\/\\\/crocjeux.com\\\/wp-content\\\/uploads\\\/2022\\\/01\\\/cropped-logo-croc-etape-1-e1644574034239.jpg\",\"width\":1224,\"height\":314,\"caption\":\"Croc Jeux\"},\"image\":{\"@id\":\"https:\\\/\\\/crocjeux.com\\\/#\\\/schema\\\/logo\\\/image\\\/\"}}]}<\/script>\n<!-- \/ Yoast SEO plugin. -->","yoast_head_json":{"title":"Star Wars - Assaut sur l'Empire - Croc Jeux","robots":{"index":"index","follow":"follow","max-snippet":"max-snippet:-1","max-image-preview":"max-image-preview:large","max-video-preview":"max-video-preview:-1"},"canonical":"https:\/\/crocjeux.com\/index.php\/produit\/star-wars-assaut-sur-lempire\/","og_locale":"fr_FR","og_type":"article","og_title":"Star Wars - Assaut sur l'Empire - Croc Jeux","og_description":"Star Wars : Assaut sur l&rsquo;Empire La galaxie tout enti\u00e8re a sombr\u00e9 dans la Guerre Civile. Fran\u00e7ais \u00a01 \u00e0 2h","og_url":"https:\/\/crocjeux.com\/index.php\/produit\/star-wars-assaut-sur-lempire\/","og_site_name":"Croc Jeux","article_modified_time":"2020-12-29T09:37:06+00:00","og_image":[{"width":390,"height":390,"url":"https:\/\/crocjeux.com\/wp-content\/uploads\/2020\/12\/star-wars-assaut-sur-l-empire-edge.jpg","type":"image\/jpeg"}],"twitter_card":"summary_large_image","twitter_misc":{"Dur\u00e9e de lecture estim\u00e9e":"1 minute"},"schema":{"@context":"https:\/\/schema.org","@graph":[{"@type":"WebPage","@id":"https:\/\/crocjeux.com\/index.php\/produit\/star-wars-assaut-sur-lempire\/","url":"https:\/\/crocjeux.com\/index.php\/produit\/star-wars-assaut-sur-lempire\/","name":"Star Wars - Assaut sur l'Empire - Croc Jeux","isPartOf":{"@id":"https:\/\/crocjeux.com\/#website"},"primaryImageOfPage":{"@id":"https:\/\/crocjeux.com\/index.php\/produit\/star-wars-assaut-sur-lempire\/#primaryimage"},"image":{"@id":"https:\/\/crocjeux.com\/index.php\/produit\/star-wars-assaut-sur-lempire\/#primaryimage"},"thumbnailUrl":"https:\/\/crocjeux.com\/wp-content\/uploads\/2020\/12\/star-wars-assaut-sur-l-empire-edge.jpg","datePublished":"2020-12-03T15:05:50+00:00","dateModified":"2020-12-29T09:37:06+00:00","breadcrumb":{"@id":"https:\/\/crocjeux.com\/index.php\/produit\/star-wars-assaut-sur-lempire\/#breadcrumb"},"inLanguage":"fr-FR","potentialAction":[{"@type":"ReadAction","target":["https:\/\/crocjeux.com\/index.php\/produit\/star-wars-assaut-sur-lempire\/"]}]},{"@type":"ImageObject","inLanguage":"fr-FR","@id":"https:\/\/crocjeux.com\/index.php\/produit\/star-wars-assaut-sur-lempire\/#primaryimage","url":"https:\/\/crocjeux.com\/wp-content\/uploads\/2020\/12\/star-wars-assaut-sur-l-empire-edge.jpg","contentUrl":"https:\/\/crocjeux.com\/wp-content\/uploads\/2020\/12\/star-wars-assaut-sur-l-empire-edge.jpg","width":390,"height":390},{"@type":"BreadcrumbList","@id":"https:\/\/crocjeux.com\/index.php\/produit\/star-wars-assaut-sur-lempire\/#breadcrumb","itemListElement":[{"@type":"ListItem","position":1,"name":"Accueil","item":"https:\/\/crocjeux.com\/"},{"@type":"ListItem","position":2,"name":"Boutique","item":"https:\/\/crocjeux.com\/"},{"@type":"ListItem","position":3,"name":"Star Wars &#8211; Assaut sur l&#8217;Empire"}]},{"@type":"WebSite","@id":"https:\/\/crocjeux.com\/#website","url":"https:\/\/crocjeux.com\/","name":"Croc Jeux","description":"Bienvenue chez Croc Jeux!","publisher":{"@id":"https:\/\/crocjeux.com\/#organization"},"potentialAction":[{"@type":"SearchAction","target":{"@type":"EntryPoint","urlTemplate":"https:\/\/crocjeux.com\/?s={search_term_string}"},"query-input":{"@type":"PropertyValueSpecification","valueRequired":true,"valueName":"search_term_string"}}],"inLanguage":"fr-FR"},{"@type":"Organization","@id":"https:\/\/crocjeux.com\/#organization","name":"Croc Jeux","url":"https:\/\/crocjeux.com\/","logo":{"@type":"ImageObject","inLanguage":"fr-FR","@id":"https:\/\/crocjeux.com\/#\/schema\/logo\/image\/","url":"https:\/\/crocjeux.com\/wp-content\/uploads\/2022\/01\/cropped-logo-croc-etape-1-e1644574034239.jpg","contentUrl":"https:\/\/crocjeux.com\/wp-content\/uploads\/2022\/01\/cropped-logo-croc-etape-1-e1644574034239.jpg","width":1224,"height":314,"caption":"Croc Jeux"},"image":{"@id":"https:\/\/crocjeux.com\/#\/schema\/logo\/image\/"}}]}},"_links":{"self":[{"href":"https:\/\/crocjeux.com\/index.php\/wp-json\/wp\/v2\/product\/1453","targetHints":{"allow":["GET"]}}],"collection":[{"href":"https:\/\/crocjeux.com\/index.php\/wp-json\/wp\/v2\/product"}],"about":[{"href":"https:\/\/crocjeux.com\/index.php\/wp-json\/wp\/v2\/types\/product"}],"replies":[{"embeddable":true,"href":"https:\/\/crocjeux.com\/index.php\/wp-json\/wp\/v2\/comments?post=1453"}],"wp:featuredmedia":[{"embeddable":true,"href":"https:\/\/crocjeux.com\/index.php\/wp-json\/wp\/v2\/media\/1457"}],"wp:attachment":[{"href":"https:\/\/crocjeux.com\/index.php\/wp-json\/wp\/v2\/media?parent=1453"}],"wp:term":[{"taxonomy":"product_brand","embeddable":true,"href":"https:\/\/crocjeux.com\/index.php\/wp-json\/wp\/v2\/product_brand?post=1453"},{"taxonomy":"product_cat","embeddable":true,"href":"https:\/\/crocjeux.com\/index.php\/wp-json\/wp\/v2\/product_cat?post=1453"},{"taxonomy":"product_tag","embeddable":true,"href":"https:\/\/crocjeux.com\/index.php\/wp-json\/wp\/v2\/product_tag?post=1453"}],"curies":[{"name":"wp","href":"https:\/\/api.w.org\/{rel}","templated":true}]}}