{"id":1459,"date":"2020-12-03T16:11:37","date_gmt":"2020-12-03T15:11:37","guid":{"rendered":"https:\/\/crocjeux.com\/?post_type=product&#038;p=1459"},"modified":"2024-01-04T14:38:27","modified_gmt":"2024-01-04T13:38:27","slug":"star-wars-bordure-exterieure","status":"publish","type":"product","link":"https:\/\/crocjeux.com\/index.php\/produit\/star-wars-bordure-exterieure\/","title":{"rendered":"Star Wars : Bordure ext\u00e9rieure"},"content":{"rendered":"<h1 id=\"product_name\">Star Wars : Bordure ext\u00e9rieure<\/h1>\n<div id=\"short_description_block\">\n<div id=\"short_description_content\" class=\"rte align_justify hide-smartphone\">\n<p>Star Wars : Bordure Ext\u00e9rieure. Votre objectif est de devenir le hors-la-loi le plus c\u00e9l\u00e8bre (ou le plus ha\u00ef) de la galaxie !<\/p>\n<\/div>\n<\/div>\n<ul class=\"illustrated_features\">\n<li class=\"langue tooltips\" title=\"\" data-hasqtip=\"5\">Fran\u00e7ais<\/li>\n<li class=\"age tooltips\" title=\"\" data-hasqtip=\"6\">\u00a0\u00e0 partir de 14 ans<\/li>\n<li class=\"duree_partie tooltips\" title=\"\" data-hasqtip=\"7\">\u00a02 \u00e0 3h<\/li>\n<li class=\"nb_joueurs tooltips\" title=\"\" data-hasqtip=\"8\">\u00a01 \u00e0 4 joueur(s)<\/li>\n<\/ul>\n<h2>Star Wars : Bordure Ext\u00e9rieure. Votre objectif est de devenir le hors-la-loi le plus c\u00e9l\u00e8bre (ou le plus ha\u00ef) de la galaxie !<\/h2>\n<div><\/div>\n<div>Traquerez-vous les individus dont la t\u00eate a \u00e9t\u00e9 mise \u00e0 prix par les Hutts ? Commettrez-vous des larcins pour le compte des syndicats du crime ou transporterez-vous ill\u00e9galement des marchandises en d\u00e9jouant la vigilance des patrouilles Imp\u00e9riales ? Tout est possible \u00e0 ceux qui osent parcourir les confins de l\u2019espace connu ! Rassemblez votre \u00e9quipage, entrez les coordonn\u00e9es de votre destination et pr\u00e9parez votre saut dans l\u2019hyperespace avec Star Wars : Bordure Ext\u00e9rieure !<\/div>\n","protected":false},"excerpt":{"rendered":"<p>Star Wars : Bordure ext\u00e9rieure Star Wars : Bordure Ext\u00e9rieure. Votre objectif est de devenir le hors-la-loi le plus c\u00e9l\u00e8bre<\/p>\n","protected":false},"featured_media":1460,"comment_status":"open","ping_status":"closed","template":"","meta":{"colormag_page_container_layout":"default_layout","colormag_page_sidebar_layout":"default_layout"},"product_brand":[],"product_cat":[31,18,38,34,29],"product_tag":[],"class_list":{"0":"post-1459","1":"product","2":"type-product","3":"status-publish","4":"has-post-thumbnail","6":"product_cat-jeux-adffrontement","7":"product_cat-jeux-de-strategie","8":"product_cat-jeux-experts","9":"product_cat-jeux-figurines","10":"product_cat-jeux-2-joueurs","12":"first","13":"outofstock","14":"taxable","15":"shipping-taxable","16":"purchasable","17":"product-type-simple"},"yoast_head":"<!-- This site is optimized with the Yoast SEO plugin v27.4 - https:\/\/yoast.com\/product\/yoast-seo-wordpress\/ -->\n<title>Star Wars : Bordure ext\u00e9rieure - Croc Jeux<\/title>\n<meta name=\"robots\" content=\"index, follow, max-snippet:-1, max-image-preview:large, max-video-preview:-1\" \/>\n<link rel=\"canonical\" href=\"https:\/\/crocjeux.com\/index.php\/produit\/star-wars-bordure-exterieure\/\" \/>\n<meta property=\"og:locale\" content=\"fr_FR\" \/>\n<meta property=\"og:type\" content=\"article\" \/>\n<meta property=\"og:title\" content=\"Star Wars : Bordure ext\u00e9rieure - Croc Jeux\" \/>\n<meta property=\"og:description\" content=\"Star Wars : Bordure ext\u00e9rieure Star Wars : Bordure Ext\u00e9rieure. Votre objectif est de devenir le hors-la-loi le plus c\u00e9l\u00e8bre\" \/>\n<meta property=\"og:url\" content=\"https:\/\/crocjeux.com\/index.php\/produit\/star-wars-bordure-exterieure\/\" \/>\n<meta property=\"og:site_name\" content=\"Croc Jeux\" \/>\n<meta property=\"article:modified_time\" content=\"2024-01-04T13:38:27+00:00\" \/>\n<meta property=\"og:image\" content=\"https:\/\/crocjeux.com\/wp-content\/uploads\/2020\/12\/star-wars-bordure-exterieure-fantasy-flight-games.jpg\" \/>\n\t<meta property=\"og:image:width\" content=\"390\" \/>\n\t<meta property=\"og:image:height\" content=\"390\" \/>\n\t<meta property=\"og:image:type\" content=\"image\/jpeg\" \/>\n<meta name=\"twitter:card\" content=\"summary_large_image\" \/>\n<meta name=\"twitter:label1\" content=\"Dur\u00e9e de lecture estim\u00e9e\" \/>\n\t<meta name=\"twitter:data1\" content=\"1 minute\" \/>\n<script type=\"application\/ld+json\" class=\"yoast-schema-graph\">{\"@context\":\"https:\\\/\\\/schema.org\",\"@graph\":[{\"@type\":\"WebPage\",\"@id\":\"https:\\\/\\\/crocjeux.com\\\/index.php\\\/produit\\\/star-wars-bordure-exterieure\\\/\",\"url\":\"https:\\\/\\\/crocjeux.com\\\/index.php\\\/produit\\\/star-wars-bordure-exterieure\\\/\",\"name\":\"Star Wars : Bordure ext\u00e9rieure - Croc Jeux\",\"isPartOf\":{\"@id\":\"https:\\\/\\\/crocjeux.com\\\/#website\"},\"primaryImageOfPage\":{\"@id\":\"https:\\\/\\\/crocjeux.com\\\/index.php\\\/produit\\\/star-wars-bordure-exterieure\\\/#primaryimage\"},\"image\":{\"@id\":\"https:\\\/\\\/crocjeux.com\\\/index.php\\\/produit\\\/star-wars-bordure-exterieure\\\/#primaryimage\"},\"thumbnailUrl\":\"https:\\\/\\\/crocjeux.com\\\/wp-content\\\/uploads\\\/2020\\\/12\\\/star-wars-bordure-exterieure-fantasy-flight-games.jpg\",\"datePublished\":\"2020-12-03T15:11:37+00:00\",\"dateModified\":\"2024-01-04T13:38:27+00:00\",\"breadcrumb\":{\"@id\":\"https:\\\/\\\/crocjeux.com\\\/index.php\\\/produit\\\/star-wars-bordure-exterieure\\\/#breadcrumb\"},\"inLanguage\":\"fr-FR\",\"potentialAction\":[{\"@type\":\"ReadAction\",\"target\":[\"https:\\\/\\\/crocjeux.com\\\/index.php\\\/produit\\\/star-wars-bordure-exterieure\\\/\"]}]},{\"@type\":\"ImageObject\",\"inLanguage\":\"fr-FR\",\"@id\":\"https:\\\/\\\/crocjeux.com\\\/index.php\\\/produit\\\/star-wars-bordure-exterieure\\\/#primaryimage\",\"url\":\"https:\\\/\\\/crocjeux.com\\\/wp-content\\\/uploads\\\/2020\\\/12\\\/star-wars-bordure-exterieure-fantasy-flight-games.jpg\",\"contentUrl\":\"https:\\\/\\\/crocjeux.com\\\/wp-content\\\/uploads\\\/2020\\\/12\\\/star-wars-bordure-exterieure-fantasy-flight-games.jpg\",\"width\":390,\"height\":390},{\"@type\":\"BreadcrumbList\",\"@id\":\"https:\\\/\\\/crocjeux.com\\\/index.php\\\/produit\\\/star-wars-bordure-exterieure\\\/#breadcrumb\",\"itemListElement\":[{\"@type\":\"ListItem\",\"position\":1,\"name\":\"Accueil\",\"item\":\"https:\\\/\\\/crocjeux.com\\\/\"},{\"@type\":\"ListItem\",\"position\":2,\"name\":\"Boutique\",\"item\":\"https:\\\/\\\/crocjeux.com\\\/\"},{\"@type\":\"ListItem\",\"position\":3,\"name\":\"Star Wars : Bordure ext\u00e9rieure\"}]},{\"@type\":\"WebSite\",\"@id\":\"https:\\\/\\\/crocjeux.com\\\/#website\",\"url\":\"https:\\\/\\\/crocjeux.com\\\/\",\"name\":\"Croc Jeux\",\"description\":\"Bienvenue chez Croc Jeux!\",\"publisher\":{\"@id\":\"https:\\\/\\\/crocjeux.com\\\/#organization\"},\"potentialAction\":[{\"@type\":\"SearchAction\",\"target\":{\"@type\":\"EntryPoint\",\"urlTemplate\":\"https:\\\/\\\/crocjeux.com\\\/?s={search_term_string}\"},\"query-input\":{\"@type\":\"PropertyValueSpecification\",\"valueRequired\":true,\"valueName\":\"search_term_string\"}}],\"inLanguage\":\"fr-FR\"},{\"@type\":\"Organization\",\"@id\":\"https:\\\/\\\/crocjeux.com\\\/#organization\",\"name\":\"Croc Jeux\",\"url\":\"https:\\\/\\\/crocjeux.com\\\/\",\"logo\":{\"@type\":\"ImageObject\",\"inLanguage\":\"fr-FR\",\"@id\":\"https:\\\/\\\/crocjeux.com\\\/#\\\/schema\\\/logo\\\/image\\\/\",\"url\":\"https:\\\/\\\/crocjeux.com\\\/wp-content\\\/uploads\\\/2022\\\/01\\\/cropped-logo-croc-etape-1-e1644574034239.jpg\",\"contentUrl\":\"https:\\\/\\\/crocjeux.com\\\/wp-content\\\/uploads\\\/2022\\\/01\\\/cropped-logo-croc-etape-1-e1644574034239.jpg\",\"width\":1224,\"height\":314,\"caption\":\"Croc Jeux\"},\"image\":{\"@id\":\"https:\\\/\\\/crocjeux.com\\\/#\\\/schema\\\/logo\\\/image\\\/\"}}]}<\/script>\n<!-- \/ Yoast SEO plugin. -->","yoast_head_json":{"title":"Star Wars : Bordure ext\u00e9rieure - Croc Jeux","robots":{"index":"index","follow":"follow","max-snippet":"max-snippet:-1","max-image-preview":"max-image-preview:large","max-video-preview":"max-video-preview:-1"},"canonical":"https:\/\/crocjeux.com\/index.php\/produit\/star-wars-bordure-exterieure\/","og_locale":"fr_FR","og_type":"article","og_title":"Star Wars : Bordure ext\u00e9rieure - Croc Jeux","og_description":"Star Wars : Bordure ext\u00e9rieure Star Wars : Bordure Ext\u00e9rieure. Votre objectif est de devenir le hors-la-loi le plus c\u00e9l\u00e8bre","og_url":"https:\/\/crocjeux.com\/index.php\/produit\/star-wars-bordure-exterieure\/","og_site_name":"Croc Jeux","article_modified_time":"2024-01-04T13:38:27+00:00","og_image":[{"width":390,"height":390,"url":"https:\/\/crocjeux.com\/wp-content\/uploads\/2020\/12\/star-wars-bordure-exterieure-fantasy-flight-games.jpg","type":"image\/jpeg"}],"twitter_card":"summary_large_image","twitter_misc":{"Dur\u00e9e de lecture estim\u00e9e":"1 minute"},"schema":{"@context":"https:\/\/schema.org","@graph":[{"@type":"WebPage","@id":"https:\/\/crocjeux.com\/index.php\/produit\/star-wars-bordure-exterieure\/","url":"https:\/\/crocjeux.com\/index.php\/produit\/star-wars-bordure-exterieure\/","name":"Star Wars : Bordure ext\u00e9rieure - Croc Jeux","isPartOf":{"@id":"https:\/\/crocjeux.com\/#website"},"primaryImageOfPage":{"@id":"https:\/\/crocjeux.com\/index.php\/produit\/star-wars-bordure-exterieure\/#primaryimage"},"image":{"@id":"https:\/\/crocjeux.com\/index.php\/produit\/star-wars-bordure-exterieure\/#primaryimage"},"thumbnailUrl":"https:\/\/crocjeux.com\/wp-content\/uploads\/2020\/12\/star-wars-bordure-exterieure-fantasy-flight-games.jpg","datePublished":"2020-12-03T15:11:37+00:00","dateModified":"2024-01-04T13:38:27+00:00","breadcrumb":{"@id":"https:\/\/crocjeux.com\/index.php\/produit\/star-wars-bordure-exterieure\/#breadcrumb"},"inLanguage":"fr-FR","potentialAction":[{"@type":"ReadAction","target":["https:\/\/crocjeux.com\/index.php\/produit\/star-wars-bordure-exterieure\/"]}]},{"@type":"ImageObject","inLanguage":"fr-FR","@id":"https:\/\/crocjeux.com\/index.php\/produit\/star-wars-bordure-exterieure\/#primaryimage","url":"https:\/\/crocjeux.com\/wp-content\/uploads\/2020\/12\/star-wars-bordure-exterieure-fantasy-flight-games.jpg","contentUrl":"https:\/\/crocjeux.com\/wp-content\/uploads\/2020\/12\/star-wars-bordure-exterieure-fantasy-flight-games.jpg","width":390,"height":390},{"@type":"BreadcrumbList","@id":"https:\/\/crocjeux.com\/index.php\/produit\/star-wars-bordure-exterieure\/#breadcrumb","itemListElement":[{"@type":"ListItem","position":1,"name":"Accueil","item":"https:\/\/crocjeux.com\/"},{"@type":"ListItem","position":2,"name":"Boutique","item":"https:\/\/crocjeux.com\/"},{"@type":"ListItem","position":3,"name":"Star Wars : Bordure ext\u00e9rieure"}]},{"@type":"WebSite","@id":"https:\/\/crocjeux.com\/#website","url":"https:\/\/crocjeux.com\/","name":"Croc Jeux","description":"Bienvenue chez Croc Jeux!","publisher":{"@id":"https:\/\/crocjeux.com\/#organization"},"potentialAction":[{"@type":"SearchAction","target":{"@type":"EntryPoint","urlTemplate":"https:\/\/crocjeux.com\/?s={search_term_string}"},"query-input":{"@type":"PropertyValueSpecification","valueRequired":true,"valueName":"search_term_string"}}],"inLanguage":"fr-FR"},{"@type":"Organization","@id":"https:\/\/crocjeux.com\/#organization","name":"Croc Jeux","url":"https:\/\/crocjeux.com\/","logo":{"@type":"ImageObject","inLanguage":"fr-FR","@id":"https:\/\/crocjeux.com\/#\/schema\/logo\/image\/","url":"https:\/\/crocjeux.com\/wp-content\/uploads\/2022\/01\/cropped-logo-croc-etape-1-e1644574034239.jpg","contentUrl":"https:\/\/crocjeux.com\/wp-content\/uploads\/2022\/01\/cropped-logo-croc-etape-1-e1644574034239.jpg","width":1224,"height":314,"caption":"Croc Jeux"},"image":{"@id":"https:\/\/crocjeux.com\/#\/schema\/logo\/image\/"}}]}},"_links":{"self":[{"href":"https:\/\/crocjeux.com\/index.php\/wp-json\/wp\/v2\/product\/1459","targetHints":{"allow":["GET"]}}],"collection":[{"href":"https:\/\/crocjeux.com\/index.php\/wp-json\/wp\/v2\/product"}],"about":[{"href":"https:\/\/crocjeux.com\/index.php\/wp-json\/wp\/v2\/types\/product"}],"replies":[{"embeddable":true,"href":"https:\/\/crocjeux.com\/index.php\/wp-json\/wp\/v2\/comments?post=1459"}],"wp:featuredmedia":[{"embeddable":true,"href":"https:\/\/crocjeux.com\/index.php\/wp-json\/wp\/v2\/media\/1460"}],"wp:attachment":[{"href":"https:\/\/crocjeux.com\/index.php\/wp-json\/wp\/v2\/media?parent=1459"}],"wp:term":[{"taxonomy":"product_brand","embeddable":true,"href":"https:\/\/crocjeux.com\/index.php\/wp-json\/wp\/v2\/product_brand?post=1459"},{"taxonomy":"product_cat","embeddable":true,"href":"https:\/\/crocjeux.com\/index.php\/wp-json\/wp\/v2\/product_cat?post=1459"},{"taxonomy":"product_tag","embeddable":true,"href":"https:\/\/crocjeux.com\/index.php\/wp-json\/wp\/v2\/product_tag?post=1459"}],"curies":[{"name":"wp","href":"https:\/\/api.w.org\/{rel}","templated":true}]}}