{"id":1473,"date":"2020-12-03T17:06:56","date_gmt":"2020-12-03T16:06:56","guid":{"rendered":"https:\/\/crocjeux.com\/?post_type=product&#038;p=1473"},"modified":"2023-08-10T16:07:18","modified_gmt":"2023-08-10T15:07:18","slug":"a-song-of-ice-and-fire-stark-vs-lannister-starter-set","status":"publish","type":"product","link":"https:\/\/crocjeux.com\/index.php\/produit\/a-song-of-ice-and-fire-stark-vs-lannister-starter-set\/","title":{"rendered":"A Song Of Ice and Fire : Stark vs Lannister Starter set"},"content":{"rendered":"<h1 id=\"product_name\">A Song Of Ice and Fire : Stark vs Lannister Starter set<\/h1>\n<div id=\"short_description_block\">\n<div id=\"short_description_content\" class=\"rte align_justify hide-smartphone\">Le Starter Set Stark vs Lannister est une introduction parfaite au jeu de batailles avec figurines. Avec un gameplay accessible et \u00e9pur\u00e9 con\u00e7u par Eric M. Lang et Michael Shinall, A Song of Ice and Fire : Tabletop Miniatures Game propose 5 modes de jeu diff\u00e9rents, des options de construction et de personnalisation de l&rsquo;arm\u00e9e, ainsi que le choix des commandants et des pi\u00e8ces jointes. Ce set contient tout le n\u00e9cessaire pour des heures d&rsquo;affrontement entre 2 joueurs !<\/div>\n<\/div>\n<ul class=\"illustrated_features\">\n<li class=\"age tooltips\" title=\"\" data-hasqtip=\"6\">\u00a0\u00e0 partir de 14 ans<\/li>\n<li class=\"duree_partie tooltips\" title=\"\" data-hasqtip=\"7\" aria-describedby=\"qtip-7\">\u00a01 \u00e0 2h<\/li>\n<li class=\"nb_joueurs tooltips\" title=\"\" data-hasqtip=\"8\">\u00a02 joueur(s)<\/li>\n<\/ul>\n<div>A Song of Ice &amp; Fire : Tabletop Miniatures Game est un jeu de figurines comp\u00e9titif pour deux joueurs. Chaque joueur contr\u00f4le l&rsquo;une des Grandes Maisons de Westeros, commandant des unit\u00e9s de champ de bataille, recrutant des H\u00e9ros l\u00e9gendaires, et manipulant la sc\u00e8ne politique, dans la tentative de r\u00e9clamer le plus grand prix de tous : Le Tr\u00f4ne de Fer. Mettant en vedette House Stark et House Lannister, le Starter Set comprend plus d&rsquo;une centaine de figurines pr\u00e9-assembl\u00e9es et pr\u00eates \u00e0 l&#8217;emploi ! Toutes les nouvelles sculptures sont bas\u00e9es sur les illustrations cr\u00e9\u00e9 pour le jeu par notre \u00e9quipe sous la supervision directe de George R.R. Martin et Dark Sword Miniatures, afin de s&rsquo;assurer que le jeu offre ce dont les fans r\u00eavent depuis des ann\u00e9es.<\/div>\n<div><\/div>\n<div>Le syst\u00e8me simple et accessible permettra aux d\u00e9butants de d\u00e9couvrir de la meilleure fa\u00e7on possible le jeu de figurines. Les unit\u00e9s et les personnages disposent tous de cartes, d\u00e9crivant leurs caract\u00e9ristiques et leurs r\u00e8gles, sans qu&rsquo;il soit n\u00e9cessaire de se r\u00e9f\u00e9rer au livre de r\u00e8gles. Chaque Maison est unique, disposant de son propre paquet de cartes tactiques, qui est personnalis\u00e9 par l&rsquo;ajout de cartes des personnages qui m\u00e8nent votre arm\u00e9e.<\/div>\n<div><\/div>\n<div>Les joueurs aguerris appr\u00e9cieront les multiples possibilit\u00e9s de personnalisation des arm\u00e9es, et les m\u00e9canismes innovants et dynamiques (avec l&rsquo;activation altern\u00e9e d&rsquo;unit\u00e9s qui assurent que chaque joueur est impliqu\u00e9 \u00e0 chaque stade de la partie), qui permettent notamment aux personnages au r\u00f4le plus politique d&rsquo;influer sur la partie par le biais d&rsquo;un plateau d&rsquo;action sp\u00e9cifique, repr\u00e9sentant leur ing\u00e9rence sous la forme de conseils tactiques, de corruption ou d&rsquo;intrigues sournoises.<\/div>\n<div><\/div>\n<div>Le jeu propose 5 modes de jeu diff\u00e9rents, chacun imposant ses propres conditions de victoire et r\u00e8gles particuli\u00e8res. Ainsi, jamais deux parties de \u00ab\u00a0A Song of Ice &amp; Fire\u00a0\u00bb ne seront identiques !<\/div>\n<div><\/div>\n<div>Les figurines ne sont pas peintes.<\/div>\n","protected":false},"excerpt":{"rendered":"<p>A Song Of Ice and Fire : Stark vs Lannister Starter set Le Starter Set Stark vs Lannister est une<\/p>\n","protected":false},"featured_media":1474,"comment_status":"open","ping_status":"closed","template":"","meta":{"colormag_page_container_layout":"default_layout","colormag_page_sidebar_layout":"default_layout"},"product_brand":[],"product_cat":[112,64,110,31,29],"product_tag":[],"class_list":{"0":"post-1473","1":"product","2":"type-product","3":"status-publish","4":"has-post-thumbnail","6":"product_cat-trone-de-fer-jeux-experts","7":"product_cat-figurine-got","8":"product_cat-trone-de-fer-jeux-strategie","9":"product_cat-jeux-adffrontement","10":"product_cat-jeux-2-joueurs","12":"first","13":"outofstock","14":"taxable","15":"shipping-taxable","16":"purchasable","17":"product-type-simple"},"yoast_head":"<!-- This site is optimized with the Yoast SEO plugin v27.4 - https:\/\/yoast.com\/product\/yoast-seo-wordpress\/ -->\n<title>A Song Of Ice and Fire : Stark vs Lannister Starter set - Croc Jeux<\/title>\n<meta name=\"robots\" content=\"index, follow, max-snippet:-1, max-image-preview:large, max-video-preview:-1\" \/>\n<link rel=\"canonical\" href=\"https:\/\/crocjeux.com\/index.php\/produit\/a-song-of-ice-and-fire-stark-vs-lannister-starter-set\/\" \/>\n<meta property=\"og:locale\" content=\"fr_FR\" \/>\n<meta property=\"og:type\" content=\"article\" \/>\n<meta property=\"og:title\" content=\"A Song Of Ice and Fire : Stark vs Lannister Starter set - Croc Jeux\" \/>\n<meta property=\"og:description\" content=\"A Song Of Ice and Fire : Stark vs Lannister Starter set Le Starter Set Stark vs Lannister est une\" \/>\n<meta property=\"og:url\" content=\"https:\/\/crocjeux.com\/index.php\/produit\/a-song-of-ice-and-fire-stark-vs-lannister-starter-set\/\" \/>\n<meta property=\"og:site_name\" content=\"Croc Jeux\" \/>\n<meta property=\"article:modified_time\" content=\"2023-08-10T15:07:18+00:00\" \/>\n<meta property=\"og:image\" content=\"https:\/\/crocjeux.com\/wp-content\/uploads\/2020\/12\/25362_1.jpg\" \/>\n\t<meta property=\"og:image:width\" content=\"900\" \/>\n\t<meta property=\"og:image:height\" content=\"561\" \/>\n\t<meta property=\"og:image:type\" content=\"image\/jpeg\" \/>\n<meta name=\"twitter:card\" content=\"summary_large_image\" \/>\n<meta name=\"twitter:label1\" content=\"Dur\u00e9e de lecture estim\u00e9e\" \/>\n\t<meta name=\"twitter:data1\" content=\"3 minutes\" \/>\n<script type=\"application\/ld+json\" class=\"yoast-schema-graph\">{\"@context\":\"https:\\\/\\\/schema.org\",\"@graph\":[{\"@type\":\"WebPage\",\"@id\":\"https:\\\/\\\/crocjeux.com\\\/index.php\\\/produit\\\/a-song-of-ice-and-fire-stark-vs-lannister-starter-set\\\/\",\"url\":\"https:\\\/\\\/crocjeux.com\\\/index.php\\\/produit\\\/a-song-of-ice-and-fire-stark-vs-lannister-starter-set\\\/\",\"name\":\"A Song Of Ice and Fire : Stark vs Lannister Starter set - Croc Jeux\",\"isPartOf\":{\"@id\":\"https:\\\/\\\/crocjeux.com\\\/#website\"},\"primaryImageOfPage\":{\"@id\":\"https:\\\/\\\/crocjeux.com\\\/index.php\\\/produit\\\/a-song-of-ice-and-fire-stark-vs-lannister-starter-set\\\/#primaryimage\"},\"image\":{\"@id\":\"https:\\\/\\\/crocjeux.com\\\/index.php\\\/produit\\\/a-song-of-ice-and-fire-stark-vs-lannister-starter-set\\\/#primaryimage\"},\"thumbnailUrl\":\"https:\\\/\\\/crocjeux.com\\\/wp-content\\\/uploads\\\/2020\\\/12\\\/25362_1.jpg\",\"datePublished\":\"2020-12-03T16:06:56+00:00\",\"dateModified\":\"2023-08-10T15:07:18+00:00\",\"breadcrumb\":{\"@id\":\"https:\\\/\\\/crocjeux.com\\\/index.php\\\/produit\\\/a-song-of-ice-and-fire-stark-vs-lannister-starter-set\\\/#breadcrumb\"},\"inLanguage\":\"fr-FR\",\"potentialAction\":[{\"@type\":\"ReadAction\",\"target\":[\"https:\\\/\\\/crocjeux.com\\\/index.php\\\/produit\\\/a-song-of-ice-and-fire-stark-vs-lannister-starter-set\\\/\"]}]},{\"@type\":\"ImageObject\",\"inLanguage\":\"fr-FR\",\"@id\":\"https:\\\/\\\/crocjeux.com\\\/index.php\\\/produit\\\/a-song-of-ice-and-fire-stark-vs-lannister-starter-set\\\/#primaryimage\",\"url\":\"https:\\\/\\\/crocjeux.com\\\/wp-content\\\/uploads\\\/2020\\\/12\\\/25362_1.jpg\",\"contentUrl\":\"https:\\\/\\\/crocjeux.com\\\/wp-content\\\/uploads\\\/2020\\\/12\\\/25362_1.jpg\",\"width\":900,\"height\":561},{\"@type\":\"BreadcrumbList\",\"@id\":\"https:\\\/\\\/crocjeux.com\\\/index.php\\\/produit\\\/a-song-of-ice-and-fire-stark-vs-lannister-starter-set\\\/#breadcrumb\",\"itemListElement\":[{\"@type\":\"ListItem\",\"position\":1,\"name\":\"Accueil\",\"item\":\"https:\\\/\\\/crocjeux.com\\\/\"},{\"@type\":\"ListItem\",\"position\":2,\"name\":\"Boutique\",\"item\":\"https:\\\/\\\/crocjeux.com\\\/\"},{\"@type\":\"ListItem\",\"position\":3,\"name\":\"A Song Of Ice and Fire : Stark vs Lannister Starter set\"}]},{\"@type\":\"WebSite\",\"@id\":\"https:\\\/\\\/crocjeux.com\\\/#website\",\"url\":\"https:\\\/\\\/crocjeux.com\\\/\",\"name\":\"Croc Jeux\",\"description\":\"Bienvenue chez Croc Jeux!\",\"publisher\":{\"@id\":\"https:\\\/\\\/crocjeux.com\\\/#organization\"},\"potentialAction\":[{\"@type\":\"SearchAction\",\"target\":{\"@type\":\"EntryPoint\",\"urlTemplate\":\"https:\\\/\\\/crocjeux.com\\\/?s={search_term_string}\"},\"query-input\":{\"@type\":\"PropertyValueSpecification\",\"valueRequired\":true,\"valueName\":\"search_term_string\"}}],\"inLanguage\":\"fr-FR\"},{\"@type\":\"Organization\",\"@id\":\"https:\\\/\\\/crocjeux.com\\\/#organization\",\"name\":\"Croc Jeux\",\"url\":\"https:\\\/\\\/crocjeux.com\\\/\",\"logo\":{\"@type\":\"ImageObject\",\"inLanguage\":\"fr-FR\",\"@id\":\"https:\\\/\\\/crocjeux.com\\\/#\\\/schema\\\/logo\\\/image\\\/\",\"url\":\"https:\\\/\\\/crocjeux.com\\\/wp-content\\\/uploads\\\/2022\\\/01\\\/cropped-logo-croc-etape-1-e1644574034239.jpg\",\"contentUrl\":\"https:\\\/\\\/crocjeux.com\\\/wp-content\\\/uploads\\\/2022\\\/01\\\/cropped-logo-croc-etape-1-e1644574034239.jpg\",\"width\":1224,\"height\":314,\"caption\":\"Croc Jeux\"},\"image\":{\"@id\":\"https:\\\/\\\/crocjeux.com\\\/#\\\/schema\\\/logo\\\/image\\\/\"}}]}<\/script>\n<!-- \/ Yoast SEO plugin. -->","yoast_head_json":{"title":"A Song Of Ice and Fire : Stark vs Lannister Starter set - Croc Jeux","robots":{"index":"index","follow":"follow","max-snippet":"max-snippet:-1","max-image-preview":"max-image-preview:large","max-video-preview":"max-video-preview:-1"},"canonical":"https:\/\/crocjeux.com\/index.php\/produit\/a-song-of-ice-and-fire-stark-vs-lannister-starter-set\/","og_locale":"fr_FR","og_type":"article","og_title":"A Song Of Ice and Fire : Stark vs Lannister Starter set - Croc Jeux","og_description":"A Song Of Ice and Fire : Stark vs Lannister Starter set Le Starter Set Stark vs Lannister est une","og_url":"https:\/\/crocjeux.com\/index.php\/produit\/a-song-of-ice-and-fire-stark-vs-lannister-starter-set\/","og_site_name":"Croc Jeux","article_modified_time":"2023-08-10T15:07:18+00:00","og_image":[{"width":900,"height":561,"url":"https:\/\/crocjeux.com\/wp-content\/uploads\/2020\/12\/25362_1.jpg","type":"image\/jpeg"}],"twitter_card":"summary_large_image","twitter_misc":{"Dur\u00e9e de lecture estim\u00e9e":"3 minutes"},"schema":{"@context":"https:\/\/schema.org","@graph":[{"@type":"WebPage","@id":"https:\/\/crocjeux.com\/index.php\/produit\/a-song-of-ice-and-fire-stark-vs-lannister-starter-set\/","url":"https:\/\/crocjeux.com\/index.php\/produit\/a-song-of-ice-and-fire-stark-vs-lannister-starter-set\/","name":"A Song Of Ice and Fire : Stark vs Lannister Starter set - Croc Jeux","isPartOf":{"@id":"https:\/\/crocjeux.com\/#website"},"primaryImageOfPage":{"@id":"https:\/\/crocjeux.com\/index.php\/produit\/a-song-of-ice-and-fire-stark-vs-lannister-starter-set\/#primaryimage"},"image":{"@id":"https:\/\/crocjeux.com\/index.php\/produit\/a-song-of-ice-and-fire-stark-vs-lannister-starter-set\/#primaryimage"},"thumbnailUrl":"https:\/\/crocjeux.com\/wp-content\/uploads\/2020\/12\/25362_1.jpg","datePublished":"2020-12-03T16:06:56+00:00","dateModified":"2023-08-10T15:07:18+00:00","breadcrumb":{"@id":"https:\/\/crocjeux.com\/index.php\/produit\/a-song-of-ice-and-fire-stark-vs-lannister-starter-set\/#breadcrumb"},"inLanguage":"fr-FR","potentialAction":[{"@type":"ReadAction","target":["https:\/\/crocjeux.com\/index.php\/produit\/a-song-of-ice-and-fire-stark-vs-lannister-starter-set\/"]}]},{"@type":"ImageObject","inLanguage":"fr-FR","@id":"https:\/\/crocjeux.com\/index.php\/produit\/a-song-of-ice-and-fire-stark-vs-lannister-starter-set\/#primaryimage","url":"https:\/\/crocjeux.com\/wp-content\/uploads\/2020\/12\/25362_1.jpg","contentUrl":"https:\/\/crocjeux.com\/wp-content\/uploads\/2020\/12\/25362_1.jpg","width":900,"height":561},{"@type":"BreadcrumbList","@id":"https:\/\/crocjeux.com\/index.php\/produit\/a-song-of-ice-and-fire-stark-vs-lannister-starter-set\/#breadcrumb","itemListElement":[{"@type":"ListItem","position":1,"name":"Accueil","item":"https:\/\/crocjeux.com\/"},{"@type":"ListItem","position":2,"name":"Boutique","item":"https:\/\/crocjeux.com\/"},{"@type":"ListItem","position":3,"name":"A Song Of Ice and Fire : Stark vs Lannister Starter set"}]},{"@type":"WebSite","@id":"https:\/\/crocjeux.com\/#website","url":"https:\/\/crocjeux.com\/","name":"Croc Jeux","description":"Bienvenue chez Croc Jeux!","publisher":{"@id":"https:\/\/crocjeux.com\/#organization"},"potentialAction":[{"@type":"SearchAction","target":{"@type":"EntryPoint","urlTemplate":"https:\/\/crocjeux.com\/?s={search_term_string}"},"query-input":{"@type":"PropertyValueSpecification","valueRequired":true,"valueName":"search_term_string"}}],"inLanguage":"fr-FR"},{"@type":"Organization","@id":"https:\/\/crocjeux.com\/#organization","name":"Croc Jeux","url":"https:\/\/crocjeux.com\/","logo":{"@type":"ImageObject","inLanguage":"fr-FR","@id":"https:\/\/crocjeux.com\/#\/schema\/logo\/image\/","url":"https:\/\/crocjeux.com\/wp-content\/uploads\/2022\/01\/cropped-logo-croc-etape-1-e1644574034239.jpg","contentUrl":"https:\/\/crocjeux.com\/wp-content\/uploads\/2022\/01\/cropped-logo-croc-etape-1-e1644574034239.jpg","width":1224,"height":314,"caption":"Croc Jeux"},"image":{"@id":"https:\/\/crocjeux.com\/#\/schema\/logo\/image\/"}}]}},"_links":{"self":[{"href":"https:\/\/crocjeux.com\/index.php\/wp-json\/wp\/v2\/product\/1473","targetHints":{"allow":["GET"]}}],"collection":[{"href":"https:\/\/crocjeux.com\/index.php\/wp-json\/wp\/v2\/product"}],"about":[{"href":"https:\/\/crocjeux.com\/index.php\/wp-json\/wp\/v2\/types\/product"}],"replies":[{"embeddable":true,"href":"https:\/\/crocjeux.com\/index.php\/wp-json\/wp\/v2\/comments?post=1473"}],"wp:featuredmedia":[{"embeddable":true,"href":"https:\/\/crocjeux.com\/index.php\/wp-json\/wp\/v2\/media\/1474"}],"wp:attachment":[{"href":"https:\/\/crocjeux.com\/index.php\/wp-json\/wp\/v2\/media?parent=1473"}],"wp:term":[{"taxonomy":"product_brand","embeddable":true,"href":"https:\/\/crocjeux.com\/index.php\/wp-json\/wp\/v2\/product_brand?post=1473"},{"taxonomy":"product_cat","embeddable":true,"href":"https:\/\/crocjeux.com\/index.php\/wp-json\/wp\/v2\/product_cat?post=1473"},{"taxonomy":"product_tag","embeddable":true,"href":"https:\/\/crocjeux.com\/index.php\/wp-json\/wp\/v2\/product_tag?post=1473"}],"curies":[{"name":"wp","href":"https:\/\/api.w.org\/{rel}","templated":true}]}}