{"id":149,"date":"2020-10-29T13:27:58","date_gmt":"2020-10-29T12:27:58","guid":{"rendered":"https:\/\/crocjeux.com\/?post_type=product&#038;p=149"},"modified":"2023-10-21T18:28:39","modified_gmt":"2023-10-21T17:28:39","slug":"sherlock-holmes-detective-conseil-jack-leventreur-et-aventures-a-west-end","status":"publish","type":"product","link":"https:\/\/crocjeux.com\/index.php\/produit\/sherlock-holmes-detective-conseil-jack-leventreur-et-aventures-a-west-end\/","title":{"rendered":"Sherlock Holmes &#8211; D\u00e9tective Conseil : Jack l&rsquo;Eventreur et Aventures \u00e0 West End"},"content":{"rendered":"<section id=\"tab-description\" class=\"page-product-box r-tabs-panel r-tabs-state-active\">\n<div class=\"rte\">\n<p>Sherlock Holmes Detective Conseil est un jeu coop\u00e9ratif dans lequel vous enqu\u00eatez sur les m\u00eames affaires que le plus fameux des d\u00e9tectives. Suivez les pistes, recueillez les indices et tentez de rivaliser avec Sherlock Holmes en r\u00e9solvant les enqu\u00eates \u00e0 votre fa\u00e7on. Il n\u2019est pas n\u00e9cessaire de poss\u00e9der une autre bo\u00eete de la gamme \u00ab\u00a0Sherlock Holmes Detective Conseil\u00a0\u00bb pour profiter de ces aventures.<\/p>\n<p>&nbsp;<\/p>\n<p>Cette bo\u00eete contient 10 enqu\u00eates in\u00e9dites en fran\u00e7ais :<\/p>\n<p>&nbsp;<\/p>\n<p><em><strong>Jack l\u2019Eventreur<\/strong><\/em><\/p>\n<p>Des prostitu\u00e9es sont sauvagement assassin\u00e9es dans le quartier de Whitechapel. L\u2019affaire fait fr\u00e9mir la bonne soci\u00e9t\u00e9 et affole les officiels. Avide de sensationnel, la presse a trouv\u00e9 un nom au tueur : Jack l\u2019Eventreur. D\u00e9masquez-le avant le c\u00e9l\u00e8bre Sherlock Holmes.<\/p>\n<p>Une s\u00e9rie de 4 enqu\u00eates in\u00e9dites, jouables les unes apr\u00e8s les autres en mode \u00ab\u00a0campagne\u00a0\u00bb.<\/p>\n<p>&nbsp;<\/p>\n<p><em><strong>Aventures \u00e0 West End<\/strong><\/em><\/p>\n<p>Le quartier de West End est en \u00e9bullition. Les affaires se multiplient et Sherlock Holmes, l&rsquo;illustre d\u00e9tective, est appel\u00e9 \u00e0 la rescousse par Scotland Yard.<\/p>\n<p>6 enqu\u00eates ind\u00e9pendantes, pr\u00e9sent\u00e9es ici pour la premi\u00e8re fois en fran\u00e7ais.<\/p>\n<p>&nbsp;<\/p>\n<p>Contenu :<\/p>\n<ul>\n<li>2 plans (Londres et Whitechapel)<\/li>\n<li>10 livrets d&rsquo;Enqu\u00eate<\/li>\n<li>10 Journaux<\/li>\n<li>1 annuaire de Londres<\/li>\n<li>1 Livret de R\u00e8gles<\/li>\n<\/ul>\n<\/div>\n<p><iframe src=\"https:\/\/www.youtube.com\/embed\/M2-pZQSat64\" width=\"560\" height=\"315\" frameborder=\"0\" allowfullscreen=\"allowfullscreen\"><\/iframe><\/p>\n<\/section>\n","protected":false},"excerpt":{"rendered":"<div id=\"short_description_block\">\n<div id=\"short_description_content\" class=\"rte align_justify hide-smartphone\">\n<p>Sherlock Holmes Detective Conseil est un jeu coop\u00e9ratif dans lequel vous enqu\u00eatez sur les m\u00eames affaires que le plus fameux des d\u00e9tectives.<\/p>\n<\/div>\n<\/div>\n","protected":false},"featured_media":150,"comment_status":"open","ping_status":"closed","template":"","meta":{"colormag_page_container_layout":"default_layout","colormag_page_sidebar_layout":"default_layout"},"product_brand":[],"product_cat":[29,86,115,117],"product_tag":[],"class_list":{"0":"post-149","1":"product","2":"type-product","3":"status-publish","4":"has-post-thumbnail","6":"product_cat-jeux-2-joueurs","7":"product_cat-sherlock-jeux-collaboratifs","8":"product_cat-sherlock-holmes-jeux-solo","9":"product_cat-sherlock-holmes-escape-room","11":"first","12":"instock","13":"taxable","14":"shipping-taxable","15":"purchasable","16":"product-type-simple"},"yoast_head":"<!-- This site is optimized with the Yoast SEO plugin v27.4 - https:\/\/yoast.com\/product\/yoast-seo-wordpress\/ -->\n<title>Sherlock Holmes - D\u00e9tective Conseil : Jack l&#039;Eventreur et Aventures \u00e0 West End - Croc Jeux<\/title>\n<meta name=\"robots\" content=\"index, follow, max-snippet:-1, max-image-preview:large, max-video-preview:-1\" \/>\n<link rel=\"canonical\" href=\"https:\/\/crocjeux.com\/index.php\/produit\/sherlock-holmes-detective-conseil-jack-leventreur-et-aventures-a-west-end\/\" \/>\n<meta property=\"og:locale\" content=\"fr_FR\" \/>\n<meta property=\"og:type\" content=\"article\" \/>\n<meta property=\"og:title\" content=\"Sherlock Holmes - D\u00e9tective Conseil : Jack l&#039;Eventreur et Aventures \u00e0 West End - Croc Jeux\" \/>\n<meta property=\"og:description\" content=\"Sherlock Holmes Detective Conseil est un jeu coop\u00e9ratif dans lequel vous enqu\u00eatez sur les m\u00eames affaires que le plus fameux des d\u00e9tectives.\" \/>\n<meta property=\"og:url\" content=\"https:\/\/crocjeux.com\/index.php\/produit\/sherlock-holmes-detective-conseil-jack-leventreur-et-aventures-a-west-end\/\" \/>\n<meta property=\"og:site_name\" content=\"Croc Jeux\" \/>\n<meta property=\"article:modified_time\" content=\"2023-10-21T17:28:39+00:00\" \/>\n<meta property=\"og:image\" content=\"https:\/\/crocjeux.com\/wp-content\/uploads\/2020\/10\/sherlock_jack.png\" \/>\n\t<meta property=\"og:image:width\" content=\"561\" \/>\n\t<meta property=\"og:image:height\" content=\"771\" \/>\n\t<meta property=\"og:image:type\" content=\"image\/png\" \/>\n<meta name=\"twitter:card\" content=\"summary_large_image\" \/>\n<meta name=\"twitter:label1\" content=\"Dur\u00e9e de lecture estim\u00e9e\" \/>\n\t<meta name=\"twitter:data1\" content=\"1 minute\" \/>\n<script type=\"application\/ld+json\" class=\"yoast-schema-graph\">{\"@context\":\"https:\\\/\\\/schema.org\",\"@graph\":[{\"@type\":\"WebPage\",\"@id\":\"https:\\\/\\\/crocjeux.com\\\/index.php\\\/produit\\\/sherlock-holmes-detective-conseil-jack-leventreur-et-aventures-a-west-end\\\/\",\"url\":\"https:\\\/\\\/crocjeux.com\\\/index.php\\\/produit\\\/sherlock-holmes-detective-conseil-jack-leventreur-et-aventures-a-west-end\\\/\",\"name\":\"Sherlock Holmes - D\u00e9tective Conseil : Jack l'Eventreur et Aventures \u00e0 West End - Croc Jeux\",\"isPartOf\":{\"@id\":\"https:\\\/\\\/crocjeux.com\\\/#website\"},\"primaryImageOfPage\":{\"@id\":\"https:\\\/\\\/crocjeux.com\\\/index.php\\\/produit\\\/sherlock-holmes-detective-conseil-jack-leventreur-et-aventures-a-west-end\\\/#primaryimage\"},\"image\":{\"@id\":\"https:\\\/\\\/crocjeux.com\\\/index.php\\\/produit\\\/sherlock-holmes-detective-conseil-jack-leventreur-et-aventures-a-west-end\\\/#primaryimage\"},\"thumbnailUrl\":\"https:\\\/\\\/crocjeux.com\\\/wp-content\\\/uploads\\\/2020\\\/10\\\/sherlock_jack.png\",\"datePublished\":\"2020-10-29T12:27:58+00:00\",\"dateModified\":\"2023-10-21T17:28:39+00:00\",\"breadcrumb\":{\"@id\":\"https:\\\/\\\/crocjeux.com\\\/index.php\\\/produit\\\/sherlock-holmes-detective-conseil-jack-leventreur-et-aventures-a-west-end\\\/#breadcrumb\"},\"inLanguage\":\"fr-FR\",\"potentialAction\":[{\"@type\":\"ReadAction\",\"target\":[\"https:\\\/\\\/crocjeux.com\\\/index.php\\\/produit\\\/sherlock-holmes-detective-conseil-jack-leventreur-et-aventures-a-west-end\\\/\"]}]},{\"@type\":\"ImageObject\",\"inLanguage\":\"fr-FR\",\"@id\":\"https:\\\/\\\/crocjeux.com\\\/index.php\\\/produit\\\/sherlock-holmes-detective-conseil-jack-leventreur-et-aventures-a-west-end\\\/#primaryimage\",\"url\":\"https:\\\/\\\/crocjeux.com\\\/wp-content\\\/uploads\\\/2020\\\/10\\\/sherlock_jack.png\",\"contentUrl\":\"https:\\\/\\\/crocjeux.com\\\/wp-content\\\/uploads\\\/2020\\\/10\\\/sherlock_jack.png\",\"width\":561,\"height\":771},{\"@type\":\"BreadcrumbList\",\"@id\":\"https:\\\/\\\/crocjeux.com\\\/index.php\\\/produit\\\/sherlock-holmes-detective-conseil-jack-leventreur-et-aventures-a-west-end\\\/#breadcrumb\",\"itemListElement\":[{\"@type\":\"ListItem\",\"position\":1,\"name\":\"Accueil\",\"item\":\"https:\\\/\\\/crocjeux.com\\\/\"},{\"@type\":\"ListItem\",\"position\":2,\"name\":\"Boutique\",\"item\":\"https:\\\/\\\/crocjeux.com\\\/\"},{\"@type\":\"ListItem\",\"position\":3,\"name\":\"Sherlock Holmes &#8211; D\u00e9tective Conseil : Jack l&#8217;Eventreur et Aventures \u00e0 West End\"}]},{\"@type\":\"WebSite\",\"@id\":\"https:\\\/\\\/crocjeux.com\\\/#website\",\"url\":\"https:\\\/\\\/crocjeux.com\\\/\",\"name\":\"Croc Jeux\",\"description\":\"Bienvenue chez Croc Jeux!\",\"publisher\":{\"@id\":\"https:\\\/\\\/crocjeux.com\\\/#organization\"},\"potentialAction\":[{\"@type\":\"SearchAction\",\"target\":{\"@type\":\"EntryPoint\",\"urlTemplate\":\"https:\\\/\\\/crocjeux.com\\\/?s={search_term_string}\"},\"query-input\":{\"@type\":\"PropertyValueSpecification\",\"valueRequired\":true,\"valueName\":\"search_term_string\"}}],\"inLanguage\":\"fr-FR\"},{\"@type\":\"Organization\",\"@id\":\"https:\\\/\\\/crocjeux.com\\\/#organization\",\"name\":\"Croc Jeux\",\"url\":\"https:\\\/\\\/crocjeux.com\\\/\",\"logo\":{\"@type\":\"ImageObject\",\"inLanguage\":\"fr-FR\",\"@id\":\"https:\\\/\\\/crocjeux.com\\\/#\\\/schema\\\/logo\\\/image\\\/\",\"url\":\"https:\\\/\\\/crocjeux.com\\\/wp-content\\\/uploads\\\/2022\\\/01\\\/cropped-logo-croc-etape-1-e1644574034239.jpg\",\"contentUrl\":\"https:\\\/\\\/crocjeux.com\\\/wp-content\\\/uploads\\\/2022\\\/01\\\/cropped-logo-croc-etape-1-e1644574034239.jpg\",\"width\":1224,\"height\":314,\"caption\":\"Croc Jeux\"},\"image\":{\"@id\":\"https:\\\/\\\/crocjeux.com\\\/#\\\/schema\\\/logo\\\/image\\\/\"}}]}<\/script>\n<!-- \/ Yoast SEO plugin. -->","yoast_head_json":{"title":"Sherlock Holmes - D\u00e9tective Conseil : Jack l'Eventreur et Aventures \u00e0 West End - Croc Jeux","robots":{"index":"index","follow":"follow","max-snippet":"max-snippet:-1","max-image-preview":"max-image-preview:large","max-video-preview":"max-video-preview:-1"},"canonical":"https:\/\/crocjeux.com\/index.php\/produit\/sherlock-holmes-detective-conseil-jack-leventreur-et-aventures-a-west-end\/","og_locale":"fr_FR","og_type":"article","og_title":"Sherlock Holmes - D\u00e9tective Conseil : Jack l'Eventreur et Aventures \u00e0 West End - Croc Jeux","og_description":"Sherlock Holmes Detective Conseil est un jeu coop\u00e9ratif dans lequel vous enqu\u00eatez sur les m\u00eames affaires que le plus fameux des d\u00e9tectives.","og_url":"https:\/\/crocjeux.com\/index.php\/produit\/sherlock-holmes-detective-conseil-jack-leventreur-et-aventures-a-west-end\/","og_site_name":"Croc Jeux","article_modified_time":"2023-10-21T17:28:39+00:00","og_image":[{"width":561,"height":771,"url":"https:\/\/crocjeux.com\/wp-content\/uploads\/2020\/10\/sherlock_jack.png","type":"image\/png"}],"twitter_card":"summary_large_image","twitter_misc":{"Dur\u00e9e de lecture estim\u00e9e":"1 minute"},"schema":{"@context":"https:\/\/schema.org","@graph":[{"@type":"WebPage","@id":"https:\/\/crocjeux.com\/index.php\/produit\/sherlock-holmes-detective-conseil-jack-leventreur-et-aventures-a-west-end\/","url":"https:\/\/crocjeux.com\/index.php\/produit\/sherlock-holmes-detective-conseil-jack-leventreur-et-aventures-a-west-end\/","name":"Sherlock Holmes - D\u00e9tective Conseil : Jack l'Eventreur et Aventures \u00e0 West End - Croc Jeux","isPartOf":{"@id":"https:\/\/crocjeux.com\/#website"},"primaryImageOfPage":{"@id":"https:\/\/crocjeux.com\/index.php\/produit\/sherlock-holmes-detective-conseil-jack-leventreur-et-aventures-a-west-end\/#primaryimage"},"image":{"@id":"https:\/\/crocjeux.com\/index.php\/produit\/sherlock-holmes-detective-conseil-jack-leventreur-et-aventures-a-west-end\/#primaryimage"},"thumbnailUrl":"https:\/\/crocjeux.com\/wp-content\/uploads\/2020\/10\/sherlock_jack.png","datePublished":"2020-10-29T12:27:58+00:00","dateModified":"2023-10-21T17:28:39+00:00","breadcrumb":{"@id":"https:\/\/crocjeux.com\/index.php\/produit\/sherlock-holmes-detective-conseil-jack-leventreur-et-aventures-a-west-end\/#breadcrumb"},"inLanguage":"fr-FR","potentialAction":[{"@type":"ReadAction","target":["https:\/\/crocjeux.com\/index.php\/produit\/sherlock-holmes-detective-conseil-jack-leventreur-et-aventures-a-west-end\/"]}]},{"@type":"ImageObject","inLanguage":"fr-FR","@id":"https:\/\/crocjeux.com\/index.php\/produit\/sherlock-holmes-detective-conseil-jack-leventreur-et-aventures-a-west-end\/#primaryimage","url":"https:\/\/crocjeux.com\/wp-content\/uploads\/2020\/10\/sherlock_jack.png","contentUrl":"https:\/\/crocjeux.com\/wp-content\/uploads\/2020\/10\/sherlock_jack.png","width":561,"height":771},{"@type":"BreadcrumbList","@id":"https:\/\/crocjeux.com\/index.php\/produit\/sherlock-holmes-detective-conseil-jack-leventreur-et-aventures-a-west-end\/#breadcrumb","itemListElement":[{"@type":"ListItem","position":1,"name":"Accueil","item":"https:\/\/crocjeux.com\/"},{"@type":"ListItem","position":2,"name":"Boutique","item":"https:\/\/crocjeux.com\/"},{"@type":"ListItem","position":3,"name":"Sherlock Holmes &#8211; D\u00e9tective Conseil : Jack l&#8217;Eventreur et Aventures \u00e0 West End"}]},{"@type":"WebSite","@id":"https:\/\/crocjeux.com\/#website","url":"https:\/\/crocjeux.com\/","name":"Croc Jeux","description":"Bienvenue chez Croc Jeux!","publisher":{"@id":"https:\/\/crocjeux.com\/#organization"},"potentialAction":[{"@type":"SearchAction","target":{"@type":"EntryPoint","urlTemplate":"https:\/\/crocjeux.com\/?s={search_term_string}"},"query-input":{"@type":"PropertyValueSpecification","valueRequired":true,"valueName":"search_term_string"}}],"inLanguage":"fr-FR"},{"@type":"Organization","@id":"https:\/\/crocjeux.com\/#organization","name":"Croc Jeux","url":"https:\/\/crocjeux.com\/","logo":{"@type":"ImageObject","inLanguage":"fr-FR","@id":"https:\/\/crocjeux.com\/#\/schema\/logo\/image\/","url":"https:\/\/crocjeux.com\/wp-content\/uploads\/2022\/01\/cropped-logo-croc-etape-1-e1644574034239.jpg","contentUrl":"https:\/\/crocjeux.com\/wp-content\/uploads\/2022\/01\/cropped-logo-croc-etape-1-e1644574034239.jpg","width":1224,"height":314,"caption":"Croc Jeux"},"image":{"@id":"https:\/\/crocjeux.com\/#\/schema\/logo\/image\/"}}]}},"_links":{"self":[{"href":"https:\/\/crocjeux.com\/index.php\/wp-json\/wp\/v2\/product\/149","targetHints":{"allow":["GET"]}}],"collection":[{"href":"https:\/\/crocjeux.com\/index.php\/wp-json\/wp\/v2\/product"}],"about":[{"href":"https:\/\/crocjeux.com\/index.php\/wp-json\/wp\/v2\/types\/product"}],"replies":[{"embeddable":true,"href":"https:\/\/crocjeux.com\/index.php\/wp-json\/wp\/v2\/comments?post=149"}],"wp:featuredmedia":[{"embeddable":true,"href":"https:\/\/crocjeux.com\/index.php\/wp-json\/wp\/v2\/media\/150"}],"wp:attachment":[{"href":"https:\/\/crocjeux.com\/index.php\/wp-json\/wp\/v2\/media?parent=149"}],"wp:term":[{"taxonomy":"product_brand","embeddable":true,"href":"https:\/\/crocjeux.com\/index.php\/wp-json\/wp\/v2\/product_brand?post=149"},{"taxonomy":"product_cat","embeddable":true,"href":"https:\/\/crocjeux.com\/index.php\/wp-json\/wp\/v2\/product_cat?post=149"},{"taxonomy":"product_tag","embeddable":true,"href":"https:\/\/crocjeux.com\/index.php\/wp-json\/wp\/v2\/product_tag?post=149"}],"curies":[{"name":"wp","href":"https:\/\/api.w.org\/{rel}","templated":true}]}}