{"id":153,"date":"2020-10-29T13:33:16","date_gmt":"2020-10-29T12:33:16","guid":{"rendered":"https:\/\/crocjeux.com\/?post_type=product&#038;p=153"},"modified":"2024-01-11T13:42:42","modified_gmt":"2024-01-11T12:42:42","slug":"harry-potter-bataille-a-poudlard","status":"publish","type":"product","link":"https:\/\/crocjeux.com\/index.php\/produit\/harry-potter-bataille-a-poudlard\/","title":{"rendered":"Harry Potter : Bataille \u00e0 Poudlard"},"content":{"rendered":"<h2>Harry Potter : Bataille \u00e0 Poudlard, jeu coop\u00e9ratif de deck-building<\/h2>\n<div>Incarnez l&rsquo;un de vos personnages pr\u00e9f\u00e9r\u00e9s et d\u00e9fendez le monde des sorciers contre les forces mal\u00e9fiques. Am\u00e9liorez vos capacit\u00e9s en construisant votre jeu avec plus de 140 cartes. Hogwarts Battle comprend sept aventures de jeu offrant des difficult\u00e9s croissantes au fur et \u00e0 mesure que vous affrontez des m\u00e9chants et d\u00e9verrouillez de nouvelles capacit\u00e9s, de nouveaux secrets et de nouveaux d\u00e9fis. La bo\u00eete inclut \u00e9galement quatre d\u00e9s repr\u00e9sentant les maisons de Poudlard, un plateau de jeu, plus de 50 jetons et des cartes de triage. Munissez-vous de votre baguette et prenez votre courage \u00e0 deux mains !<\/div>\n<h2>Tout l&rsquo;univers d&rsquo;Harry Potter dans un jeu de soci\u00e9t\u00e9<\/h2>\n<div>\n<p>C&rsquo;est \u00e0 quatre \u00e9l\u00e8ves d&rsquo;assurer la s\u00e9curit\u00e9 de l&rsquo;\u00e9cole en vainquant les m\u00e9chants et en consolidant leurs d\u00e9fenses. Dans le jeu, les joueurs jouent le r\u00f4le d&rsquo;un \u00e9l\u00e8ve de Poudlard : <strong>Ron Weasley<\/strong>, <strong>Hermione Granger<\/strong>, <strong>Neville Londubat<\/strong> ou bien s\u00fbr <strong>Harry Potter<\/strong>. Chaque personnage dispose de son propre jeu de cartes qui est utilis\u00e9 pour acqu\u00e9rir des ressources.<\/p>\n<p>En gagnant de l&rsquo;influence, les joueurs ajoutent plus de cartes \u00e0 leur jeu sous la forme de personnages iconiques (<strong>Hagrid, Severus Rogue, Sirius Black, Dumbledore&#8230;<\/strong>), de sorts et d&rsquo;objets magiques. D&rsquo;autres cartes leur permettent de recouvrer leurs points de sant\u00e9 ou de lutter contre <strong>Voldemort<\/strong> et ses alli\u00e9s (<strong>Bellatrix Strange, Dolores Ombrage, Draco Malefoy<\/strong> et bien d&rsquo;autres encore), les emp\u00eachant ainsi de gagner du pouvoir. Les m\u00e9chants contrecarrent les joueurs avec leurs attaques et l&rsquo;art de la magie noire. Ce n&rsquo;est qu&rsquo;en travaillant ensemble que les joueurs pourront vaincre tous les m\u00e9chants et prot\u00e9ger le ch\u00e2teau des forces du mal.<\/p>\n<\/div>\n<h2>Un jeu prim\u00e9<\/h2>\n<div>\n<p>Harry Potter : Hogwarts Battle a \u00e9t\u00e9 r\u00e9compens\u00e9 par le <strong><a href=\"https:\/\/www.philibertnet.com\/fr\/awards\/12-mensa-select\">Mensa Select 2017<\/a><\/strong>, un prix d\u00e9cern\u00e9 chaque ann\u00e9e les meilleurs jeux de r\u00e9flexion.<\/p>\n<\/div>\n","protected":false},"excerpt":{"rendered":"<div id=\"short_description_block\">\n<div id=\"short_description_content\" class=\"rte align_justify hide-smartphone\">\n<p>Incarnez Harry Potter, Hermione Granger, Ron Weasley et Neville Londubat dans leur lutte contre Voldemort dans ce jeu de deck-building coop\u00e9ratif.<\/p>\n<\/div>\n<\/div>\n","protected":false},"featured_media":154,"comment_status":"open","ping_status":"closed","template":"","meta":{"colormag_page_container_layout":"default_layout","colormag_page_sidebar_layout":"default_layout"},"product_brand":[],"product_cat":[30,32,37],"product_tag":[],"class_list":{"0":"post-153","1":"product","2":"type-product","3":"status-publish","4":"has-post-thumbnail","6":"product_cat-jeux-collaboratifs","7":"product_cat-jeux-de-cartes","8":"product_cat-ne-ratez-pas","10":"first","11":"instock","12":"taxable","13":"shipping-taxable","14":"purchasable","15":"product-type-simple"},"yoast_head":"<!-- This site is optimized with the Yoast SEO plugin v27.4 - https:\/\/yoast.com\/product\/yoast-seo-wordpress\/ -->\n<title>Harry Potter : Bataille \u00e0 Poudlard - Croc Jeux<\/title>\n<meta name=\"robots\" content=\"index, follow, max-snippet:-1, max-image-preview:large, max-video-preview:-1\" \/>\n<link rel=\"canonical\" href=\"https:\/\/crocjeux.com\/index.php\/produit\/harry-potter-bataille-a-poudlard\/\" \/>\n<meta property=\"og:locale\" content=\"fr_FR\" \/>\n<meta property=\"og:type\" content=\"article\" \/>\n<meta property=\"og:title\" content=\"Harry Potter : Bataille \u00e0 Poudlard - Croc Jeux\" \/>\n<meta property=\"og:description\" content=\"Incarnez Harry Potter, Hermione Granger, Ron Weasley et Neville Londubat dans leur lutte contre Voldemort dans ce jeu de deck-building coop\u00e9ratif.\" \/>\n<meta property=\"og:url\" content=\"https:\/\/crocjeux.com\/index.php\/produit\/harry-potter-bataille-a-poudlard\/\" \/>\n<meta property=\"og:site_name\" content=\"Croc Jeux\" \/>\n<meta property=\"article:modified_time\" content=\"2024-01-11T12:42:42+00:00\" \/>\n<meta property=\"og:image\" content=\"https:\/\/crocjeux.com\/wp-content\/uploads\/2020\/10\/hp_poudlard.png\" \/>\n\t<meta property=\"og:image:width\" content=\"780\" \/>\n\t<meta property=\"og:image:height\" content=\"654\" \/>\n\t<meta property=\"og:image:type\" content=\"image\/png\" \/>\n<meta name=\"twitter:card\" content=\"summary_large_image\" \/>\n<meta name=\"twitter:label1\" content=\"Dur\u00e9e de lecture estim\u00e9e\" \/>\n\t<meta name=\"twitter:data1\" content=\"2 minutes\" \/>\n<script type=\"application\/ld+json\" class=\"yoast-schema-graph\">{\"@context\":\"https:\\\/\\\/schema.org\",\"@graph\":[{\"@type\":\"WebPage\",\"@id\":\"https:\\\/\\\/crocjeux.com\\\/index.php\\\/produit\\\/harry-potter-bataille-a-poudlard\\\/\",\"url\":\"https:\\\/\\\/crocjeux.com\\\/index.php\\\/produit\\\/harry-potter-bataille-a-poudlard\\\/\",\"name\":\"Harry Potter : Bataille \u00e0 Poudlard - Croc Jeux\",\"isPartOf\":{\"@id\":\"https:\\\/\\\/crocjeux.com\\\/#website\"},\"primaryImageOfPage\":{\"@id\":\"https:\\\/\\\/crocjeux.com\\\/index.php\\\/produit\\\/harry-potter-bataille-a-poudlard\\\/#primaryimage\"},\"image\":{\"@id\":\"https:\\\/\\\/crocjeux.com\\\/index.php\\\/produit\\\/harry-potter-bataille-a-poudlard\\\/#primaryimage\"},\"thumbnailUrl\":\"https:\\\/\\\/crocjeux.com\\\/wp-content\\\/uploads\\\/2020\\\/10\\\/hp_poudlard.png\",\"datePublished\":\"2020-10-29T12:33:16+00:00\",\"dateModified\":\"2024-01-11T12:42:42+00:00\",\"breadcrumb\":{\"@id\":\"https:\\\/\\\/crocjeux.com\\\/index.php\\\/produit\\\/harry-potter-bataille-a-poudlard\\\/#breadcrumb\"},\"inLanguage\":\"fr-FR\",\"potentialAction\":[{\"@type\":\"ReadAction\",\"target\":[\"https:\\\/\\\/crocjeux.com\\\/index.php\\\/produit\\\/harry-potter-bataille-a-poudlard\\\/\"]}]},{\"@type\":\"ImageObject\",\"inLanguage\":\"fr-FR\",\"@id\":\"https:\\\/\\\/crocjeux.com\\\/index.php\\\/produit\\\/harry-potter-bataille-a-poudlard\\\/#primaryimage\",\"url\":\"https:\\\/\\\/crocjeux.com\\\/wp-content\\\/uploads\\\/2020\\\/10\\\/hp_poudlard.png\",\"contentUrl\":\"https:\\\/\\\/crocjeux.com\\\/wp-content\\\/uploads\\\/2020\\\/10\\\/hp_poudlard.png\",\"width\":780,\"height\":654},{\"@type\":\"BreadcrumbList\",\"@id\":\"https:\\\/\\\/crocjeux.com\\\/index.php\\\/produit\\\/harry-potter-bataille-a-poudlard\\\/#breadcrumb\",\"itemListElement\":[{\"@type\":\"ListItem\",\"position\":1,\"name\":\"Accueil\",\"item\":\"https:\\\/\\\/crocjeux.com\\\/\"},{\"@type\":\"ListItem\",\"position\":2,\"name\":\"Boutique\",\"item\":\"https:\\\/\\\/crocjeux.com\\\/\"},{\"@type\":\"ListItem\",\"position\":3,\"name\":\"Harry Potter : Bataille \u00e0 Poudlard\"}]},{\"@type\":\"WebSite\",\"@id\":\"https:\\\/\\\/crocjeux.com\\\/#website\",\"url\":\"https:\\\/\\\/crocjeux.com\\\/\",\"name\":\"Croc Jeux\",\"description\":\"Bienvenue chez Croc Jeux!\",\"publisher\":{\"@id\":\"https:\\\/\\\/crocjeux.com\\\/#organization\"},\"potentialAction\":[{\"@type\":\"SearchAction\",\"target\":{\"@type\":\"EntryPoint\",\"urlTemplate\":\"https:\\\/\\\/crocjeux.com\\\/?s={search_term_string}\"},\"query-input\":{\"@type\":\"PropertyValueSpecification\",\"valueRequired\":true,\"valueName\":\"search_term_string\"}}],\"inLanguage\":\"fr-FR\"},{\"@type\":\"Organization\",\"@id\":\"https:\\\/\\\/crocjeux.com\\\/#organization\",\"name\":\"Croc Jeux\",\"url\":\"https:\\\/\\\/crocjeux.com\\\/\",\"logo\":{\"@type\":\"ImageObject\",\"inLanguage\":\"fr-FR\",\"@id\":\"https:\\\/\\\/crocjeux.com\\\/#\\\/schema\\\/logo\\\/image\\\/\",\"url\":\"https:\\\/\\\/crocjeux.com\\\/wp-content\\\/uploads\\\/2022\\\/01\\\/cropped-logo-croc-etape-1-e1644574034239.jpg\",\"contentUrl\":\"https:\\\/\\\/crocjeux.com\\\/wp-content\\\/uploads\\\/2022\\\/01\\\/cropped-logo-croc-etape-1-e1644574034239.jpg\",\"width\":1224,\"height\":314,\"caption\":\"Croc Jeux\"},\"image\":{\"@id\":\"https:\\\/\\\/crocjeux.com\\\/#\\\/schema\\\/logo\\\/image\\\/\"}}]}<\/script>\n<!-- \/ Yoast SEO plugin. -->","yoast_head_json":{"title":"Harry Potter : Bataille \u00e0 Poudlard - Croc Jeux","robots":{"index":"index","follow":"follow","max-snippet":"max-snippet:-1","max-image-preview":"max-image-preview:large","max-video-preview":"max-video-preview:-1"},"canonical":"https:\/\/crocjeux.com\/index.php\/produit\/harry-potter-bataille-a-poudlard\/","og_locale":"fr_FR","og_type":"article","og_title":"Harry Potter : Bataille \u00e0 Poudlard - Croc Jeux","og_description":"Incarnez Harry Potter, Hermione Granger, Ron Weasley et Neville Londubat dans leur lutte contre Voldemort dans ce jeu de deck-building coop\u00e9ratif.","og_url":"https:\/\/crocjeux.com\/index.php\/produit\/harry-potter-bataille-a-poudlard\/","og_site_name":"Croc Jeux","article_modified_time":"2024-01-11T12:42:42+00:00","og_image":[{"width":780,"height":654,"url":"https:\/\/crocjeux.com\/wp-content\/uploads\/2020\/10\/hp_poudlard.png","type":"image\/png"}],"twitter_card":"summary_large_image","twitter_misc":{"Dur\u00e9e de lecture estim\u00e9e":"2 minutes"},"schema":{"@context":"https:\/\/schema.org","@graph":[{"@type":"WebPage","@id":"https:\/\/crocjeux.com\/index.php\/produit\/harry-potter-bataille-a-poudlard\/","url":"https:\/\/crocjeux.com\/index.php\/produit\/harry-potter-bataille-a-poudlard\/","name":"Harry Potter : Bataille \u00e0 Poudlard - Croc Jeux","isPartOf":{"@id":"https:\/\/crocjeux.com\/#website"},"primaryImageOfPage":{"@id":"https:\/\/crocjeux.com\/index.php\/produit\/harry-potter-bataille-a-poudlard\/#primaryimage"},"image":{"@id":"https:\/\/crocjeux.com\/index.php\/produit\/harry-potter-bataille-a-poudlard\/#primaryimage"},"thumbnailUrl":"https:\/\/crocjeux.com\/wp-content\/uploads\/2020\/10\/hp_poudlard.png","datePublished":"2020-10-29T12:33:16+00:00","dateModified":"2024-01-11T12:42:42+00:00","breadcrumb":{"@id":"https:\/\/crocjeux.com\/index.php\/produit\/harry-potter-bataille-a-poudlard\/#breadcrumb"},"inLanguage":"fr-FR","potentialAction":[{"@type":"ReadAction","target":["https:\/\/crocjeux.com\/index.php\/produit\/harry-potter-bataille-a-poudlard\/"]}]},{"@type":"ImageObject","inLanguage":"fr-FR","@id":"https:\/\/crocjeux.com\/index.php\/produit\/harry-potter-bataille-a-poudlard\/#primaryimage","url":"https:\/\/crocjeux.com\/wp-content\/uploads\/2020\/10\/hp_poudlard.png","contentUrl":"https:\/\/crocjeux.com\/wp-content\/uploads\/2020\/10\/hp_poudlard.png","width":780,"height":654},{"@type":"BreadcrumbList","@id":"https:\/\/crocjeux.com\/index.php\/produit\/harry-potter-bataille-a-poudlard\/#breadcrumb","itemListElement":[{"@type":"ListItem","position":1,"name":"Accueil","item":"https:\/\/crocjeux.com\/"},{"@type":"ListItem","position":2,"name":"Boutique","item":"https:\/\/crocjeux.com\/"},{"@type":"ListItem","position":3,"name":"Harry Potter : Bataille \u00e0 Poudlard"}]},{"@type":"WebSite","@id":"https:\/\/crocjeux.com\/#website","url":"https:\/\/crocjeux.com\/","name":"Croc Jeux","description":"Bienvenue chez Croc Jeux!","publisher":{"@id":"https:\/\/crocjeux.com\/#organization"},"potentialAction":[{"@type":"SearchAction","target":{"@type":"EntryPoint","urlTemplate":"https:\/\/crocjeux.com\/?s={search_term_string}"},"query-input":{"@type":"PropertyValueSpecification","valueRequired":true,"valueName":"search_term_string"}}],"inLanguage":"fr-FR"},{"@type":"Organization","@id":"https:\/\/crocjeux.com\/#organization","name":"Croc Jeux","url":"https:\/\/crocjeux.com\/","logo":{"@type":"ImageObject","inLanguage":"fr-FR","@id":"https:\/\/crocjeux.com\/#\/schema\/logo\/image\/","url":"https:\/\/crocjeux.com\/wp-content\/uploads\/2022\/01\/cropped-logo-croc-etape-1-e1644574034239.jpg","contentUrl":"https:\/\/crocjeux.com\/wp-content\/uploads\/2022\/01\/cropped-logo-croc-etape-1-e1644574034239.jpg","width":1224,"height":314,"caption":"Croc Jeux"},"image":{"@id":"https:\/\/crocjeux.com\/#\/schema\/logo\/image\/"}}]}},"_links":{"self":[{"href":"https:\/\/crocjeux.com\/index.php\/wp-json\/wp\/v2\/product\/153","targetHints":{"allow":["GET"]}}],"collection":[{"href":"https:\/\/crocjeux.com\/index.php\/wp-json\/wp\/v2\/product"}],"about":[{"href":"https:\/\/crocjeux.com\/index.php\/wp-json\/wp\/v2\/types\/product"}],"replies":[{"embeddable":true,"href":"https:\/\/crocjeux.com\/index.php\/wp-json\/wp\/v2\/comments?post=153"}],"wp:featuredmedia":[{"embeddable":true,"href":"https:\/\/crocjeux.com\/index.php\/wp-json\/wp\/v2\/media\/154"}],"wp:attachment":[{"href":"https:\/\/crocjeux.com\/index.php\/wp-json\/wp\/v2\/media?parent=153"}],"wp:term":[{"taxonomy":"product_brand","embeddable":true,"href":"https:\/\/crocjeux.com\/index.php\/wp-json\/wp\/v2\/product_brand?post=153"},{"taxonomy":"product_cat","embeddable":true,"href":"https:\/\/crocjeux.com\/index.php\/wp-json\/wp\/v2\/product_cat?post=153"},{"taxonomy":"product_tag","embeddable":true,"href":"https:\/\/crocjeux.com\/index.php\/wp-json\/wp\/v2\/product_tag?post=153"}],"curies":[{"name":"wp","href":"https:\/\/api.w.org\/{rel}","templated":true}]}}