{"id":1548,"date":"2020-12-09T13:21:55","date_gmt":"2020-12-09T12:21:55","guid":{"rendered":"https:\/\/crocjeux.com\/?post_type=product&#038;p=1548"},"modified":"2022-01-31T16:39:32","modified_gmt":"2022-01-31T15:39:32","slug":"intime-conviction-laffaire-du-bouchon-de-liege","status":"publish","type":"product","link":"https:\/\/crocjeux.com\/index.php\/produit\/intime-conviction-laffaire-du-bouchon-de-liege\/","title":{"rendered":"Intime Conviction &#8211; L&rsquo;Affaire du Bouchon de Li\u00e8ge"},"content":{"rendered":"<section id=\"tab-description\" class=\"page-product-box r-tabs-panel r-tabs-state-active\">\n<div class=\"rte\">\n<h2>Intime Conviction n\u00b03 : L&rsquo;Affaire du Bouchon de Li\u00e8ge<\/h2>\n<section id=\"tab2\" class=\"tab-pane page-product-box active\">\n<div class=\"rte\">\n<p>Avec la s\u00e9rie de jeux Intime Conviction, glissez-vous dans la peau d\u2019un jury populaire. L\u2019objectif ? Rendez votre verdict sur base des \u00e9l\u00e9ments de l\u2019enqu\u00eate. L\u2019accus\u00e9 est-il coupable ou non coupable?<\/p>\n<p>L&rsquo;affaire du Bouchon de li\u00e8ge: Mauvaise blague ou vengeance bien orchestr\u00e9e ? La soir\u00e9e de Gala avait pourtant commenc\u00e9 dans une atmosph\u00e8re conviviale&#8230;<\/p>\n<p>&nbsp;<\/p>\n<p>Mesdames et Messieurs les Membres du Jury, c\u2019est le moment de d\u00e9lib\u00e9rer!<\/p>\n<p>Les jur\u00e9s commencent par prendre connaissance de l\u2019affaire en observant les premiers \u00e9l\u00e9ments de l\u2019enqu\u00eate repris sur le plateau. On d\u00e9voile ensuite les cartes Jur\u00e9 dans l\u2019ordre num\u00e9rique croissant, qui sont distribu\u00e9es parmi les joueurs. Ces cartes donnent la dynamique du jeu. Elles envoient les jur\u00e9s vers des \u00e9l\u00e9ments d\u2019enqu\u00eate, des questions de d\u00e9bat et des actions sp\u00e9ciales.<\/p>\n<p>\u00c0 la fin de la partie, le jury rend son verdict. Le vote se fait anonymement gr\u00e2ce aux cartes de Vote final (\u00ab coupable \u00bb ou \u00ab non coupable \u00bb). Une fois le verdict rendu, la R\u00e9v\u00e9lation finale peut \u00eatre d\u00e9voil\u00e9e. D\u00e9couvrez ensemble une information in\u00e9dite qui viendra confirmer ou au contraire, remettre en doute votre intime conviction!<\/p>\n<\/div>\n<\/section>\n<\/div>\n<\/section>\n","protected":false},"excerpt":{"rendered":"<p>Intime Conviction n\u00b03 : L&rsquo;Affaire du Bouchon de Li\u00e8ge Avec la s\u00e9rie de jeux Intime Conviction, glissez-vous dans la peau<\/p>\n","protected":false},"featured_media":1551,"comment_status":"open","ping_status":"closed","template":"","meta":{"colormag_page_container_layout":"default_layout","colormag_page_sidebar_layout":"default_layout"},"product_brand":[],"product_cat":[45,40],"product_tag":[],"class_list":{"0":"post-1548","1":"product","2":"type-product","3":"status-publish","4":"has-post-thumbnail","6":"product_cat-escape-room-escape-enquete","7":"product_cat-jeux-dambiance","9":"first","10":"instock","11":"taxable","12":"shipping-taxable","13":"purchasable","14":"product-type-simple"},"yoast_head":"<!-- This site is optimized with the Yoast SEO plugin v27.4 - https:\/\/yoast.com\/product\/yoast-seo-wordpress\/ -->\n<title>Intime Conviction - L&#039;Affaire du Bouchon de Li\u00e8ge - Croc Jeux<\/title>\n<meta name=\"robots\" content=\"index, follow, max-snippet:-1, max-image-preview:large, max-video-preview:-1\" \/>\n<link rel=\"canonical\" href=\"https:\/\/crocjeux.com\/index.php\/produit\/intime-conviction-laffaire-du-bouchon-de-liege\/\" \/>\n<meta property=\"og:locale\" content=\"fr_FR\" \/>\n<meta property=\"og:type\" content=\"article\" \/>\n<meta property=\"og:title\" content=\"Intime Conviction - L&#039;Affaire du Bouchon de Li\u00e8ge - Croc Jeux\" \/>\n<meta property=\"og:description\" content=\"Intime Conviction n\u00b03 : L&rsquo;Affaire du Bouchon de Li\u00e8ge Avec la s\u00e9rie de jeux Intime Conviction, glissez-vous dans la peau\" \/>\n<meta property=\"og:url\" content=\"https:\/\/crocjeux.com\/index.php\/produit\/intime-conviction-laffaire-du-bouchon-de-liege\/\" \/>\n<meta property=\"og:site_name\" content=\"Croc Jeux\" \/>\n<meta property=\"article:modified_time\" content=\"2022-01-31T15:39:32+00:00\" \/>\n<meta property=\"og:image\" content=\"https:\/\/crocjeux.com\/wp-content\/uploads\/2020\/12\/intime-conviction-affaire-du-bouchon-de-liege.jpg\" \/>\n\t<meta property=\"og:image:width\" content=\"370\" \/>\n\t<meta property=\"og:image:height\" content=\"370\" \/>\n\t<meta property=\"og:image:type\" content=\"image\/jpeg\" \/>\n<meta name=\"twitter:card\" content=\"summary_large_image\" \/>\n<meta name=\"twitter:label1\" content=\"Dur\u00e9e de lecture estim\u00e9e\" \/>\n\t<meta name=\"twitter:data1\" content=\"1 minute\" \/>\n<script type=\"application\/ld+json\" class=\"yoast-schema-graph\">{\"@context\":\"https:\\\/\\\/schema.org\",\"@graph\":[{\"@type\":\"WebPage\",\"@id\":\"https:\\\/\\\/crocjeux.com\\\/index.php\\\/produit\\\/intime-conviction-laffaire-du-bouchon-de-liege\\\/\",\"url\":\"https:\\\/\\\/crocjeux.com\\\/index.php\\\/produit\\\/intime-conviction-laffaire-du-bouchon-de-liege\\\/\",\"name\":\"Intime Conviction - L'Affaire du Bouchon de Li\u00e8ge - Croc Jeux\",\"isPartOf\":{\"@id\":\"https:\\\/\\\/crocjeux.com\\\/#website\"},\"primaryImageOfPage\":{\"@id\":\"https:\\\/\\\/crocjeux.com\\\/index.php\\\/produit\\\/intime-conviction-laffaire-du-bouchon-de-liege\\\/#primaryimage\"},\"image\":{\"@id\":\"https:\\\/\\\/crocjeux.com\\\/index.php\\\/produit\\\/intime-conviction-laffaire-du-bouchon-de-liege\\\/#primaryimage\"},\"thumbnailUrl\":\"https:\\\/\\\/crocjeux.com\\\/wp-content\\\/uploads\\\/2020\\\/12\\\/intime-conviction-affaire-du-bouchon-de-liege.jpg\",\"datePublished\":\"2020-12-09T12:21:55+00:00\",\"dateModified\":\"2022-01-31T15:39:32+00:00\",\"breadcrumb\":{\"@id\":\"https:\\\/\\\/crocjeux.com\\\/index.php\\\/produit\\\/intime-conviction-laffaire-du-bouchon-de-liege\\\/#breadcrumb\"},\"inLanguage\":\"fr-FR\",\"potentialAction\":[{\"@type\":\"ReadAction\",\"target\":[\"https:\\\/\\\/crocjeux.com\\\/index.php\\\/produit\\\/intime-conviction-laffaire-du-bouchon-de-liege\\\/\"]}]},{\"@type\":\"ImageObject\",\"inLanguage\":\"fr-FR\",\"@id\":\"https:\\\/\\\/crocjeux.com\\\/index.php\\\/produit\\\/intime-conviction-laffaire-du-bouchon-de-liege\\\/#primaryimage\",\"url\":\"https:\\\/\\\/crocjeux.com\\\/wp-content\\\/uploads\\\/2020\\\/12\\\/intime-conviction-affaire-du-bouchon-de-liege.jpg\",\"contentUrl\":\"https:\\\/\\\/crocjeux.com\\\/wp-content\\\/uploads\\\/2020\\\/12\\\/intime-conviction-affaire-du-bouchon-de-liege.jpg\",\"width\":370,\"height\":370},{\"@type\":\"BreadcrumbList\",\"@id\":\"https:\\\/\\\/crocjeux.com\\\/index.php\\\/produit\\\/intime-conviction-laffaire-du-bouchon-de-liege\\\/#breadcrumb\",\"itemListElement\":[{\"@type\":\"ListItem\",\"position\":1,\"name\":\"Accueil\",\"item\":\"https:\\\/\\\/crocjeux.com\\\/\"},{\"@type\":\"ListItem\",\"position\":2,\"name\":\"Boutique\",\"item\":\"https:\\\/\\\/crocjeux.com\\\/\"},{\"@type\":\"ListItem\",\"position\":3,\"name\":\"Intime Conviction &#8211; L&#8217;Affaire du Bouchon de Li\u00e8ge\"}]},{\"@type\":\"WebSite\",\"@id\":\"https:\\\/\\\/crocjeux.com\\\/#website\",\"url\":\"https:\\\/\\\/crocjeux.com\\\/\",\"name\":\"Croc Jeux\",\"description\":\"Bienvenue chez Croc Jeux!\",\"publisher\":{\"@id\":\"https:\\\/\\\/crocjeux.com\\\/#organization\"},\"potentialAction\":[{\"@type\":\"SearchAction\",\"target\":{\"@type\":\"EntryPoint\",\"urlTemplate\":\"https:\\\/\\\/crocjeux.com\\\/?s={search_term_string}\"},\"query-input\":{\"@type\":\"PropertyValueSpecification\",\"valueRequired\":true,\"valueName\":\"search_term_string\"}}],\"inLanguage\":\"fr-FR\"},{\"@type\":\"Organization\",\"@id\":\"https:\\\/\\\/crocjeux.com\\\/#organization\",\"name\":\"Croc Jeux\",\"url\":\"https:\\\/\\\/crocjeux.com\\\/\",\"logo\":{\"@type\":\"ImageObject\",\"inLanguage\":\"fr-FR\",\"@id\":\"https:\\\/\\\/crocjeux.com\\\/#\\\/schema\\\/logo\\\/image\\\/\",\"url\":\"https:\\\/\\\/crocjeux.com\\\/wp-content\\\/uploads\\\/2022\\\/01\\\/cropped-logo-croc-etape-1-e1644574034239.jpg\",\"contentUrl\":\"https:\\\/\\\/crocjeux.com\\\/wp-content\\\/uploads\\\/2022\\\/01\\\/cropped-logo-croc-etape-1-e1644574034239.jpg\",\"width\":1224,\"height\":314,\"caption\":\"Croc Jeux\"},\"image\":{\"@id\":\"https:\\\/\\\/crocjeux.com\\\/#\\\/schema\\\/logo\\\/image\\\/\"}}]}<\/script>\n<!-- \/ Yoast SEO plugin. -->","yoast_head_json":{"title":"Intime Conviction - L'Affaire du Bouchon de Li\u00e8ge - Croc Jeux","robots":{"index":"index","follow":"follow","max-snippet":"max-snippet:-1","max-image-preview":"max-image-preview:large","max-video-preview":"max-video-preview:-1"},"canonical":"https:\/\/crocjeux.com\/index.php\/produit\/intime-conviction-laffaire-du-bouchon-de-liege\/","og_locale":"fr_FR","og_type":"article","og_title":"Intime Conviction - L'Affaire du Bouchon de Li\u00e8ge - Croc Jeux","og_description":"Intime Conviction n\u00b03 : L&rsquo;Affaire du Bouchon de Li\u00e8ge Avec la s\u00e9rie de jeux Intime Conviction, glissez-vous dans la peau","og_url":"https:\/\/crocjeux.com\/index.php\/produit\/intime-conviction-laffaire-du-bouchon-de-liege\/","og_site_name":"Croc Jeux","article_modified_time":"2022-01-31T15:39:32+00:00","og_image":[{"width":370,"height":370,"url":"https:\/\/crocjeux.com\/wp-content\/uploads\/2020\/12\/intime-conviction-affaire-du-bouchon-de-liege.jpg","type":"image\/jpeg"}],"twitter_card":"summary_large_image","twitter_misc":{"Dur\u00e9e de lecture estim\u00e9e":"1 minute"},"schema":{"@context":"https:\/\/schema.org","@graph":[{"@type":"WebPage","@id":"https:\/\/crocjeux.com\/index.php\/produit\/intime-conviction-laffaire-du-bouchon-de-liege\/","url":"https:\/\/crocjeux.com\/index.php\/produit\/intime-conviction-laffaire-du-bouchon-de-liege\/","name":"Intime Conviction - L'Affaire du Bouchon de Li\u00e8ge - Croc Jeux","isPartOf":{"@id":"https:\/\/crocjeux.com\/#website"},"primaryImageOfPage":{"@id":"https:\/\/crocjeux.com\/index.php\/produit\/intime-conviction-laffaire-du-bouchon-de-liege\/#primaryimage"},"image":{"@id":"https:\/\/crocjeux.com\/index.php\/produit\/intime-conviction-laffaire-du-bouchon-de-liege\/#primaryimage"},"thumbnailUrl":"https:\/\/crocjeux.com\/wp-content\/uploads\/2020\/12\/intime-conviction-affaire-du-bouchon-de-liege.jpg","datePublished":"2020-12-09T12:21:55+00:00","dateModified":"2022-01-31T15:39:32+00:00","breadcrumb":{"@id":"https:\/\/crocjeux.com\/index.php\/produit\/intime-conviction-laffaire-du-bouchon-de-liege\/#breadcrumb"},"inLanguage":"fr-FR","potentialAction":[{"@type":"ReadAction","target":["https:\/\/crocjeux.com\/index.php\/produit\/intime-conviction-laffaire-du-bouchon-de-liege\/"]}]},{"@type":"ImageObject","inLanguage":"fr-FR","@id":"https:\/\/crocjeux.com\/index.php\/produit\/intime-conviction-laffaire-du-bouchon-de-liege\/#primaryimage","url":"https:\/\/crocjeux.com\/wp-content\/uploads\/2020\/12\/intime-conviction-affaire-du-bouchon-de-liege.jpg","contentUrl":"https:\/\/crocjeux.com\/wp-content\/uploads\/2020\/12\/intime-conviction-affaire-du-bouchon-de-liege.jpg","width":370,"height":370},{"@type":"BreadcrumbList","@id":"https:\/\/crocjeux.com\/index.php\/produit\/intime-conviction-laffaire-du-bouchon-de-liege\/#breadcrumb","itemListElement":[{"@type":"ListItem","position":1,"name":"Accueil","item":"https:\/\/crocjeux.com\/"},{"@type":"ListItem","position":2,"name":"Boutique","item":"https:\/\/crocjeux.com\/"},{"@type":"ListItem","position":3,"name":"Intime Conviction &#8211; L&#8217;Affaire du Bouchon de Li\u00e8ge"}]},{"@type":"WebSite","@id":"https:\/\/crocjeux.com\/#website","url":"https:\/\/crocjeux.com\/","name":"Croc Jeux","description":"Bienvenue chez Croc Jeux!","publisher":{"@id":"https:\/\/crocjeux.com\/#organization"},"potentialAction":[{"@type":"SearchAction","target":{"@type":"EntryPoint","urlTemplate":"https:\/\/crocjeux.com\/?s={search_term_string}"},"query-input":{"@type":"PropertyValueSpecification","valueRequired":true,"valueName":"search_term_string"}}],"inLanguage":"fr-FR"},{"@type":"Organization","@id":"https:\/\/crocjeux.com\/#organization","name":"Croc Jeux","url":"https:\/\/crocjeux.com\/","logo":{"@type":"ImageObject","inLanguage":"fr-FR","@id":"https:\/\/crocjeux.com\/#\/schema\/logo\/image\/","url":"https:\/\/crocjeux.com\/wp-content\/uploads\/2022\/01\/cropped-logo-croc-etape-1-e1644574034239.jpg","contentUrl":"https:\/\/crocjeux.com\/wp-content\/uploads\/2022\/01\/cropped-logo-croc-etape-1-e1644574034239.jpg","width":1224,"height":314,"caption":"Croc Jeux"},"image":{"@id":"https:\/\/crocjeux.com\/#\/schema\/logo\/image\/"}}]}},"_links":{"self":[{"href":"https:\/\/crocjeux.com\/index.php\/wp-json\/wp\/v2\/product\/1548","targetHints":{"allow":["GET"]}}],"collection":[{"href":"https:\/\/crocjeux.com\/index.php\/wp-json\/wp\/v2\/product"}],"about":[{"href":"https:\/\/crocjeux.com\/index.php\/wp-json\/wp\/v2\/types\/product"}],"replies":[{"embeddable":true,"href":"https:\/\/crocjeux.com\/index.php\/wp-json\/wp\/v2\/comments?post=1548"}],"wp:featuredmedia":[{"embeddable":true,"href":"https:\/\/crocjeux.com\/index.php\/wp-json\/wp\/v2\/media\/1551"}],"wp:attachment":[{"href":"https:\/\/crocjeux.com\/index.php\/wp-json\/wp\/v2\/media?parent=1548"}],"wp:term":[{"taxonomy":"product_brand","embeddable":true,"href":"https:\/\/crocjeux.com\/index.php\/wp-json\/wp\/v2\/product_brand?post=1548"},{"taxonomy":"product_cat","embeddable":true,"href":"https:\/\/crocjeux.com\/index.php\/wp-json\/wp\/v2\/product_cat?post=1548"},{"taxonomy":"product_tag","embeddable":true,"href":"https:\/\/crocjeux.com\/index.php\/wp-json\/wp\/v2\/product_tag?post=1548"}],"curies":[{"name":"wp","href":"https:\/\/api.w.org\/{rel}","templated":true}]}}