{"id":165,"date":"2020-10-29T13:49:12","date_gmt":"2020-10-29T12:49:12","guid":{"rendered":"https:\/\/crocjeux.com\/?post_type=product&#038;p=165"},"modified":"2023-01-26T15:14:03","modified_gmt":"2023-01-26T14:14:03","slug":"king-of-new-york","status":"publish","type":"product","link":"https:\/\/crocjeux.com\/index.php\/produit\/king-of-new-york\/","title":{"rendered":"King of New York"},"content":{"rendered":"<p><b>Une nouvelle ville, de nouveaux monstres et encore plus de bastons !!! <\/b><br \/>\n<b>D\u00e9couvrez la tr\u00e8s attendue suite de King of Tokyo. <\/b><\/p>\n<p><i><b>Il se passe toujours quelque chose dans la ville qui ne dort jamais. Est-ce \u00e0 cause des lumi\u00e8res ? De l&rsquo;\u00e9nergie qui habite ces rues ? Ou peut-\u00eatre plut\u00f4t de ces monstres terrifiants qui se combattent sans piti\u00e9 en d\u00e9vastant tout sur leur passage.<\/b><\/i><\/p>\n<p>Incarnez un monstre gigantesque et r\u00e9gnez sur New York ! Affrontez d\u2019autres immenses cr\u00e9atures et d\u00e9truisez tout sur votre passage. Pour gagner, attaquez vos ennemis, \u00e9crasez des immeubles, d\u00e9veloppez de nouvelles capacit\u00e9s, devenez une star et faites attention \u00e0 l\u2019arm\u00e9e : les humains n\u2019ont pas dit leur dernier mot\u2026<\/p>\n<p>King of New York reprend les principes de base de King of Tokyo tout en y ajoutant de nombreuses nouveaut\u00e9s. Lancez les d\u00e9s, usez de tactique et faites la bonne combinaison.<br \/>\nPi\u00e9tiner tous les quartiers de la ville et d\u00e9truire des immeubles vous fera gagner des points. Mais attention aux unit\u00e9s militaires qui font feu sur vous \u00e0 chaque face \u00ab\u00a0OUCH\u00a0\u00bb lanc\u00e9e.<br \/>\nAttirez sur vous le feu des projecteurs et emportez le titre de Superstar. Ou devenez le d\u00e9fenseur de la ville aux cot\u00e9s de Lady Liberty.<\/p>\n<p>&nbsp;<\/p>\n<p>Le premier \u00e0 atteindre 20 points de victoire ou \u00e0 rester seul en vie sera d\u00e9clar\u00e9 King of New York.<\/p>\n<p><b>Mat\u00e9riel<\/b> : 1 plateau, 64 cartes + 2 cartes sp\u00e9ciales Statue de la Libert\u00e9 et Superstar, 46 marqueurs (13 Toiles, 13 Mal\u00e9dictions, 15 Carapaces, 5 Souvenir), 8 d\u00e9s (6 noirs et 2 verts), 6 fiches de Monstres, 6 figurines cartonn\u00e9es + 6 portes figurine, une cinquantaine de cubes d\u2019\u00c9nergie, 45 tuiles B\u00e2timent\/Unit\u00e9, 1 livret de r\u00e8gles.<\/p>\n","protected":false},"excerpt":{"rendered":"<div id=\"short_description_block\">\n<div id=\"short_description_content\" class=\"rte align_justify hide-smartphone\">Une nouvelle ville, de nouveaux monstres et encore plus de bastons !!! D\u00e9couvrez la tr\u00e8s attendue suite de King of Tokyo.<\/div>\n<\/div>\n","protected":false},"featured_media":166,"comment_status":"open","ping_status":"closed","template":"","meta":{"colormag_page_container_layout":"default_layout","colormag_page_sidebar_layout":"default_layout"},"product_brand":[],"product_cat":[40,18],"product_tag":[],"class_list":{"0":"post-165","1":"product","2":"type-product","3":"status-publish","4":"has-post-thumbnail","6":"product_cat-jeux-dambiance","7":"product_cat-jeux-de-strategie","9":"first","10":"instock","11":"featured","12":"taxable","13":"shipping-taxable","14":"purchasable","15":"product-type-simple"},"yoast_head":"<!-- This site is optimized with the Yoast SEO plugin v27.3 - https:\/\/yoast.com\/product\/yoast-seo-wordpress\/ -->\n<title>King of New York - Croc Jeux<\/title>\n<meta name=\"robots\" content=\"index, follow, max-snippet:-1, max-image-preview:large, max-video-preview:-1\" \/>\n<link rel=\"canonical\" href=\"https:\/\/crocjeux.com\/index.php\/produit\/king-of-new-york\/\" \/>\n<meta property=\"og:locale\" content=\"fr_FR\" \/>\n<meta property=\"og:type\" content=\"article\" \/>\n<meta property=\"og:title\" content=\"King of New York - Croc Jeux\" \/>\n<meta property=\"og:description\" content=\"Une nouvelle ville, de nouveaux monstres et encore plus de bastons !!! D\u00e9couvrez la tr\u00e8s attendue suite de King of Tokyo.\" \/>\n<meta property=\"og:url\" content=\"https:\/\/crocjeux.com\/index.php\/produit\/king-of-new-york\/\" \/>\n<meta property=\"og:site_name\" content=\"Croc Jeux\" \/>\n<meta property=\"article:modified_time\" content=\"2023-01-26T14:14:03+00:00\" \/>\n<meta property=\"og:image\" content=\"https:\/\/crocjeux.com\/wp-content\/uploads\/2020\/10\/king_of_tokyo_NY.png\" \/>\n\t<meta property=\"og:image:width\" content=\"798\" \/>\n\t<meta property=\"og:image:height\" content=\"894\" \/>\n\t<meta property=\"og:image:type\" content=\"image\/png\" \/>\n<meta name=\"twitter:card\" content=\"summary_large_image\" \/>\n<meta name=\"twitter:label1\" content=\"Dur\u00e9e de lecture estim\u00e9e\" \/>\n\t<meta name=\"twitter:data1\" content=\"1 minute\" \/>\n<script type=\"application\/ld+json\" class=\"yoast-schema-graph\">{\"@context\":\"https:\\\/\\\/schema.org\",\"@graph\":[{\"@type\":\"WebPage\",\"@id\":\"https:\\\/\\\/crocjeux.com\\\/index.php\\\/produit\\\/king-of-new-york\\\/\",\"url\":\"https:\\\/\\\/crocjeux.com\\\/index.php\\\/produit\\\/king-of-new-york\\\/\",\"name\":\"King of New York - Croc Jeux\",\"isPartOf\":{\"@id\":\"https:\\\/\\\/crocjeux.com\\\/#website\"},\"primaryImageOfPage\":{\"@id\":\"https:\\\/\\\/crocjeux.com\\\/index.php\\\/produit\\\/king-of-new-york\\\/#primaryimage\"},\"image\":{\"@id\":\"https:\\\/\\\/crocjeux.com\\\/index.php\\\/produit\\\/king-of-new-york\\\/#primaryimage\"},\"thumbnailUrl\":\"https:\\\/\\\/crocjeux.com\\\/wp-content\\\/uploads\\\/2020\\\/10\\\/king_of_tokyo_NY.png\",\"datePublished\":\"2020-10-29T12:49:12+00:00\",\"dateModified\":\"2023-01-26T14:14:03+00:00\",\"breadcrumb\":{\"@id\":\"https:\\\/\\\/crocjeux.com\\\/index.php\\\/produit\\\/king-of-new-york\\\/#breadcrumb\"},\"inLanguage\":\"fr-FR\",\"potentialAction\":[{\"@type\":\"ReadAction\",\"target\":[\"https:\\\/\\\/crocjeux.com\\\/index.php\\\/produit\\\/king-of-new-york\\\/\"]}]},{\"@type\":\"ImageObject\",\"inLanguage\":\"fr-FR\",\"@id\":\"https:\\\/\\\/crocjeux.com\\\/index.php\\\/produit\\\/king-of-new-york\\\/#primaryimage\",\"url\":\"https:\\\/\\\/crocjeux.com\\\/wp-content\\\/uploads\\\/2020\\\/10\\\/king_of_tokyo_NY.png\",\"contentUrl\":\"https:\\\/\\\/crocjeux.com\\\/wp-content\\\/uploads\\\/2020\\\/10\\\/king_of_tokyo_NY.png\",\"width\":798,\"height\":894},{\"@type\":\"BreadcrumbList\",\"@id\":\"https:\\\/\\\/crocjeux.com\\\/index.php\\\/produit\\\/king-of-new-york\\\/#breadcrumb\",\"itemListElement\":[{\"@type\":\"ListItem\",\"position\":1,\"name\":\"Accueil\",\"item\":\"https:\\\/\\\/crocjeux.com\\\/\"},{\"@type\":\"ListItem\",\"position\":2,\"name\":\"Boutique\",\"item\":\"https:\\\/\\\/crocjeux.com\\\/\"},{\"@type\":\"ListItem\",\"position\":3,\"name\":\"King of New York\"}]},{\"@type\":\"WebSite\",\"@id\":\"https:\\\/\\\/crocjeux.com\\\/#website\",\"url\":\"https:\\\/\\\/crocjeux.com\\\/\",\"name\":\"Croc Jeux\",\"description\":\"Bienvenue chez Croc Jeux!\",\"publisher\":{\"@id\":\"https:\\\/\\\/crocjeux.com\\\/#organization\"},\"potentialAction\":[{\"@type\":\"SearchAction\",\"target\":{\"@type\":\"EntryPoint\",\"urlTemplate\":\"https:\\\/\\\/crocjeux.com\\\/?s={search_term_string}\"},\"query-input\":{\"@type\":\"PropertyValueSpecification\",\"valueRequired\":true,\"valueName\":\"search_term_string\"}}],\"inLanguage\":\"fr-FR\"},{\"@type\":\"Organization\",\"@id\":\"https:\\\/\\\/crocjeux.com\\\/#organization\",\"name\":\"Croc Jeux\",\"url\":\"https:\\\/\\\/crocjeux.com\\\/\",\"logo\":{\"@type\":\"ImageObject\",\"inLanguage\":\"fr-FR\",\"@id\":\"https:\\\/\\\/crocjeux.com\\\/#\\\/schema\\\/logo\\\/image\\\/\",\"url\":\"https:\\\/\\\/crocjeux.com\\\/wp-content\\\/uploads\\\/2022\\\/01\\\/cropped-logo-croc-etape-1-e1644574034239.jpg\",\"contentUrl\":\"https:\\\/\\\/crocjeux.com\\\/wp-content\\\/uploads\\\/2022\\\/01\\\/cropped-logo-croc-etape-1-e1644574034239.jpg\",\"width\":1224,\"height\":314,\"caption\":\"Croc Jeux\"},\"image\":{\"@id\":\"https:\\\/\\\/crocjeux.com\\\/#\\\/schema\\\/logo\\\/image\\\/\"}}]}<\/script>\n<!-- \/ Yoast SEO plugin. -->","yoast_head_json":{"title":"King of New York - Croc Jeux","robots":{"index":"index","follow":"follow","max-snippet":"max-snippet:-1","max-image-preview":"max-image-preview:large","max-video-preview":"max-video-preview:-1"},"canonical":"https:\/\/crocjeux.com\/index.php\/produit\/king-of-new-york\/","og_locale":"fr_FR","og_type":"article","og_title":"King of New York - Croc Jeux","og_description":"Une nouvelle ville, de nouveaux monstres et encore plus de bastons !!! D\u00e9couvrez la tr\u00e8s attendue suite de King of Tokyo.","og_url":"https:\/\/crocjeux.com\/index.php\/produit\/king-of-new-york\/","og_site_name":"Croc Jeux","article_modified_time":"2023-01-26T14:14:03+00:00","og_image":[{"width":798,"height":894,"url":"https:\/\/crocjeux.com\/wp-content\/uploads\/2020\/10\/king_of_tokyo_NY.png","type":"image\/png"}],"twitter_card":"summary_large_image","twitter_misc":{"Dur\u00e9e de lecture estim\u00e9e":"1 minute"},"schema":{"@context":"https:\/\/schema.org","@graph":[{"@type":"WebPage","@id":"https:\/\/crocjeux.com\/index.php\/produit\/king-of-new-york\/","url":"https:\/\/crocjeux.com\/index.php\/produit\/king-of-new-york\/","name":"King of New York - Croc Jeux","isPartOf":{"@id":"https:\/\/crocjeux.com\/#website"},"primaryImageOfPage":{"@id":"https:\/\/crocjeux.com\/index.php\/produit\/king-of-new-york\/#primaryimage"},"image":{"@id":"https:\/\/crocjeux.com\/index.php\/produit\/king-of-new-york\/#primaryimage"},"thumbnailUrl":"https:\/\/crocjeux.com\/wp-content\/uploads\/2020\/10\/king_of_tokyo_NY.png","datePublished":"2020-10-29T12:49:12+00:00","dateModified":"2023-01-26T14:14:03+00:00","breadcrumb":{"@id":"https:\/\/crocjeux.com\/index.php\/produit\/king-of-new-york\/#breadcrumb"},"inLanguage":"fr-FR","potentialAction":[{"@type":"ReadAction","target":["https:\/\/crocjeux.com\/index.php\/produit\/king-of-new-york\/"]}]},{"@type":"ImageObject","inLanguage":"fr-FR","@id":"https:\/\/crocjeux.com\/index.php\/produit\/king-of-new-york\/#primaryimage","url":"https:\/\/crocjeux.com\/wp-content\/uploads\/2020\/10\/king_of_tokyo_NY.png","contentUrl":"https:\/\/crocjeux.com\/wp-content\/uploads\/2020\/10\/king_of_tokyo_NY.png","width":798,"height":894},{"@type":"BreadcrumbList","@id":"https:\/\/crocjeux.com\/index.php\/produit\/king-of-new-york\/#breadcrumb","itemListElement":[{"@type":"ListItem","position":1,"name":"Accueil","item":"https:\/\/crocjeux.com\/"},{"@type":"ListItem","position":2,"name":"Boutique","item":"https:\/\/crocjeux.com\/"},{"@type":"ListItem","position":3,"name":"King of New York"}]},{"@type":"WebSite","@id":"https:\/\/crocjeux.com\/#website","url":"https:\/\/crocjeux.com\/","name":"Croc Jeux","description":"Bienvenue chez Croc Jeux!","publisher":{"@id":"https:\/\/crocjeux.com\/#organization"},"potentialAction":[{"@type":"SearchAction","target":{"@type":"EntryPoint","urlTemplate":"https:\/\/crocjeux.com\/?s={search_term_string}"},"query-input":{"@type":"PropertyValueSpecification","valueRequired":true,"valueName":"search_term_string"}}],"inLanguage":"fr-FR"},{"@type":"Organization","@id":"https:\/\/crocjeux.com\/#organization","name":"Croc Jeux","url":"https:\/\/crocjeux.com\/","logo":{"@type":"ImageObject","inLanguage":"fr-FR","@id":"https:\/\/crocjeux.com\/#\/schema\/logo\/image\/","url":"https:\/\/crocjeux.com\/wp-content\/uploads\/2022\/01\/cropped-logo-croc-etape-1-e1644574034239.jpg","contentUrl":"https:\/\/crocjeux.com\/wp-content\/uploads\/2022\/01\/cropped-logo-croc-etape-1-e1644574034239.jpg","width":1224,"height":314,"caption":"Croc Jeux"},"image":{"@id":"https:\/\/crocjeux.com\/#\/schema\/logo\/image\/"}}]}},"_links":{"self":[{"href":"https:\/\/crocjeux.com\/index.php\/wp-json\/wp\/v2\/product\/165","targetHints":{"allow":["GET"]}}],"collection":[{"href":"https:\/\/crocjeux.com\/index.php\/wp-json\/wp\/v2\/product"}],"about":[{"href":"https:\/\/crocjeux.com\/index.php\/wp-json\/wp\/v2\/types\/product"}],"replies":[{"embeddable":true,"href":"https:\/\/crocjeux.com\/index.php\/wp-json\/wp\/v2\/comments?post=165"}],"wp:featuredmedia":[{"embeddable":true,"href":"https:\/\/crocjeux.com\/index.php\/wp-json\/wp\/v2\/media\/166"}],"wp:attachment":[{"href":"https:\/\/crocjeux.com\/index.php\/wp-json\/wp\/v2\/media?parent=165"}],"wp:term":[{"taxonomy":"product_brand","embeddable":true,"href":"https:\/\/crocjeux.com\/index.php\/wp-json\/wp\/v2\/product_brand?post=165"},{"taxonomy":"product_cat","embeddable":true,"href":"https:\/\/crocjeux.com\/index.php\/wp-json\/wp\/v2\/product_cat?post=165"},{"taxonomy":"product_tag","embeddable":true,"href":"https:\/\/crocjeux.com\/index.php\/wp-json\/wp\/v2\/product_tag?post=165"}],"curies":[{"name":"wp","href":"https:\/\/api.w.org\/{rel}","templated":true}]}}