{"id":168,"date":"2020-10-29T16:07:35","date_gmt":"2020-10-29T15:07:35","guid":{"rendered":"https:\/\/crocjeux.com\/?post_type=product&#038;p=168"},"modified":"2024-03-20T13:43:04","modified_gmt":"2024-03-20T12:43:04","slug":"takenoko","status":"publish","type":"product","link":"https:\/\/crocjeux.com\/index.php\/produit\/takenoko\/","title":{"rendered":"Takenoko"},"content":{"rendered":"<section id=\"tab-description\" class=\"page-product-box r-tabs-panel r-tabs-state-active\">\n<div class=\"rte\">\n<h2>Takenoko, un jeu o\u00f9 il faut avoir la main verte<\/h2>\n<p>Dans Takenoko, vous incarnez un jardinier japonais qui a la lourde t\u00e2che d&rsquo;am\u00e9nager les jardins imp\u00e9riaux.<\/p>\n<p>Vous \u00eates \u00e0 l&rsquo;\u00e9poque m\u00e9di\u00e9vale et l&rsquo;Empereur du Japon vient de recevoir de la Chine, un grand panda. Le sort de l&rsquo;animal, symbole de paix entre ces deux grands empires, est tr\u00e8s important. Il faut en prendre soin en lui apportant tout le confort dont il a besoin. En tant que jardinier au service de l&rsquo;Empereur, votre d\u00e9licate mission est de veiller au bien-\u00eatre de l&rsquo;animal en lui am\u00e9nageant une bambouseraie. Mais attention, le panda est glouton et votre travail sera ardu !<\/p>\n<h2>Takenoko, un jeu o\u00f9 il faut satisfaire l&#8217;empereur<\/h2>\n<p>Pour remplir pleinement votre mission et recueillir les faveurs de l&#8217;empereur, vous devrez cultiver des parcelles de terrain, les irriguer et y faire pousser du bambou. Chaque joueur aura le choix entre ces diff\u00e9rentes actions tout en respectant les volont\u00e9s de l&#8217;empereur, symbolis\u00e9s par les cartes objectifs. Vous devrez \u00e9galement garder un \u0153il sur le charmant panda, locataire des jardins imp\u00e9riaux, qui ne pense qu&rsquo;\u00e0 manger.<\/p>\n<h2>Takenoko, un jeu o\u00f9 il faut composer avec la m\u00e9t\u00e9o<\/h2>\n<p>Dans Takenoko, le temps a son importance. La m\u00e9t\u00e9o jouera m\u00eame un r\u00f4le majeur dans votre progression. Elle sera votre meilleur alli\u00e9 et vous \u00e9paulera dans votre mission. Mat\u00e9rialis\u00e9s par un d\u00e9, les effets de la m\u00e9t\u00e9o (soleil, pluie, vent, foudre et nuage) sont multiples et vari\u00e9s mais vous donneront toujours un petit coup de pouce.<\/p>\n<\/div>\n<\/section>\n","protected":false},"excerpt":{"rendered":"<div id=\"short_description_block\">\n<div id=\"short_description_content\" class=\"rte align_justify hide-smartphone\">\n<p>Takenoko est un jeu pour toute la famille. Vous \u00eates un jardinier japonais du Moyen-\u00c2ge en charge de l&rsquo;am\u00e9nagement d&rsquo;une bambouseraie. Votre but\u00a0: prendre soin du nouveau locataire des jardins\u00a0de l&rsquo;Empereur : un panda.<\/p>\n<\/div>\n<\/div>\n","protected":false},"featured_media":169,"comment_status":"open","ping_status":"closed","template":"","meta":{"colormag_page_container_layout":"default_layout","colormag_page_sidebar_layout":"default_layout"},"product_brand":[],"product_cat":[43,36,29],"product_tag":[],"class_list":{"0":"post-168","1":"product","2":"type-product","3":"status-publish","4":"has-post-thumbnail","6":"product_cat-grand-classique","7":"product_cat-jeux-familiaux","8":"product_cat-jeux-2-joueurs","10":"first","11":"instock","12":"taxable","13":"shipping-taxable","14":"purchasable","15":"product-type-simple"},"yoast_head":"<!-- This site is optimized with the Yoast SEO plugin v27.4 - https:\/\/yoast.com\/product\/yoast-seo-wordpress\/ -->\n<title>Takenoko - Croc Jeux<\/title>\n<meta name=\"robots\" content=\"index, follow, max-snippet:-1, max-image-preview:large, max-video-preview:-1\" \/>\n<link rel=\"canonical\" href=\"https:\/\/crocjeux.com\/index.php\/produit\/takenoko\/\" \/>\n<meta property=\"og:locale\" content=\"fr_FR\" \/>\n<meta property=\"og:type\" content=\"article\" \/>\n<meta property=\"og:title\" content=\"Takenoko - Croc Jeux\" \/>\n<meta property=\"og:description\" content=\"Takenoko est un jeu pour toute la famille. Vous \u00eates un jardinier japonais du Moyen-\u00c2ge en charge de l&#039;am\u00e9nagement d&#039;une bambouseraie. Votre but\u00a0: prendre soin du nouveau locataire des jardins\u00a0de l&#039;Empereur : un panda.\" \/>\n<meta property=\"og:url\" content=\"https:\/\/crocjeux.com\/index.php\/produit\/takenoko\/\" \/>\n<meta property=\"og:site_name\" content=\"Croc Jeux\" \/>\n<meta property=\"article:modified_time\" content=\"2024-03-20T12:43:04+00:00\" \/>\n<meta property=\"og:image\" content=\"https:\/\/crocjeux.com\/wp-content\/uploads\/2020\/10\/takenoko.png\" \/>\n\t<meta property=\"og:image:width\" content=\"732\" \/>\n\t<meta property=\"og:image:height\" content=\"888\" \/>\n\t<meta property=\"og:image:type\" content=\"image\/png\" \/>\n<meta name=\"twitter:card\" content=\"summary_large_image\" \/>\n<meta name=\"twitter:label1\" content=\"Dur\u00e9e de lecture estim\u00e9e\" \/>\n\t<meta name=\"twitter:data1\" content=\"1 minute\" \/>\n<script type=\"application\/ld+json\" class=\"yoast-schema-graph\">{\"@context\":\"https:\\\/\\\/schema.org\",\"@graph\":[{\"@type\":\"WebPage\",\"@id\":\"https:\\\/\\\/crocjeux.com\\\/index.php\\\/produit\\\/takenoko\\\/\",\"url\":\"https:\\\/\\\/crocjeux.com\\\/index.php\\\/produit\\\/takenoko\\\/\",\"name\":\"Takenoko - Croc Jeux\",\"isPartOf\":{\"@id\":\"https:\\\/\\\/crocjeux.com\\\/#website\"},\"primaryImageOfPage\":{\"@id\":\"https:\\\/\\\/crocjeux.com\\\/index.php\\\/produit\\\/takenoko\\\/#primaryimage\"},\"image\":{\"@id\":\"https:\\\/\\\/crocjeux.com\\\/index.php\\\/produit\\\/takenoko\\\/#primaryimage\"},\"thumbnailUrl\":\"https:\\\/\\\/crocjeux.com\\\/wp-content\\\/uploads\\\/2020\\\/10\\\/takenoko.png\",\"datePublished\":\"2020-10-29T15:07:35+00:00\",\"dateModified\":\"2024-03-20T12:43:04+00:00\",\"breadcrumb\":{\"@id\":\"https:\\\/\\\/crocjeux.com\\\/index.php\\\/produit\\\/takenoko\\\/#breadcrumb\"},\"inLanguage\":\"fr-FR\",\"potentialAction\":[{\"@type\":\"ReadAction\",\"target\":[\"https:\\\/\\\/crocjeux.com\\\/index.php\\\/produit\\\/takenoko\\\/\"]}]},{\"@type\":\"ImageObject\",\"inLanguage\":\"fr-FR\",\"@id\":\"https:\\\/\\\/crocjeux.com\\\/index.php\\\/produit\\\/takenoko\\\/#primaryimage\",\"url\":\"https:\\\/\\\/crocjeux.com\\\/wp-content\\\/uploads\\\/2020\\\/10\\\/takenoko.png\",\"contentUrl\":\"https:\\\/\\\/crocjeux.com\\\/wp-content\\\/uploads\\\/2020\\\/10\\\/takenoko.png\",\"width\":732,\"height\":888},{\"@type\":\"BreadcrumbList\",\"@id\":\"https:\\\/\\\/crocjeux.com\\\/index.php\\\/produit\\\/takenoko\\\/#breadcrumb\",\"itemListElement\":[{\"@type\":\"ListItem\",\"position\":1,\"name\":\"Accueil\",\"item\":\"https:\\\/\\\/crocjeux.com\\\/\"},{\"@type\":\"ListItem\",\"position\":2,\"name\":\"Boutique\",\"item\":\"https:\\\/\\\/crocjeux.com\\\/\"},{\"@type\":\"ListItem\",\"position\":3,\"name\":\"Takenoko\"}]},{\"@type\":\"WebSite\",\"@id\":\"https:\\\/\\\/crocjeux.com\\\/#website\",\"url\":\"https:\\\/\\\/crocjeux.com\\\/\",\"name\":\"Croc Jeux\",\"description\":\"Bienvenue chez Croc Jeux!\",\"publisher\":{\"@id\":\"https:\\\/\\\/crocjeux.com\\\/#organization\"},\"potentialAction\":[{\"@type\":\"SearchAction\",\"target\":{\"@type\":\"EntryPoint\",\"urlTemplate\":\"https:\\\/\\\/crocjeux.com\\\/?s={search_term_string}\"},\"query-input\":{\"@type\":\"PropertyValueSpecification\",\"valueRequired\":true,\"valueName\":\"search_term_string\"}}],\"inLanguage\":\"fr-FR\"},{\"@type\":\"Organization\",\"@id\":\"https:\\\/\\\/crocjeux.com\\\/#organization\",\"name\":\"Croc Jeux\",\"url\":\"https:\\\/\\\/crocjeux.com\\\/\",\"logo\":{\"@type\":\"ImageObject\",\"inLanguage\":\"fr-FR\",\"@id\":\"https:\\\/\\\/crocjeux.com\\\/#\\\/schema\\\/logo\\\/image\\\/\",\"url\":\"https:\\\/\\\/crocjeux.com\\\/wp-content\\\/uploads\\\/2022\\\/01\\\/cropped-logo-croc-etape-1-e1644574034239.jpg\",\"contentUrl\":\"https:\\\/\\\/crocjeux.com\\\/wp-content\\\/uploads\\\/2022\\\/01\\\/cropped-logo-croc-etape-1-e1644574034239.jpg\",\"width\":1224,\"height\":314,\"caption\":\"Croc Jeux\"},\"image\":{\"@id\":\"https:\\\/\\\/crocjeux.com\\\/#\\\/schema\\\/logo\\\/image\\\/\"}}]}<\/script>\n<!-- \/ Yoast SEO plugin. -->","yoast_head_json":{"title":"Takenoko - Croc Jeux","robots":{"index":"index","follow":"follow","max-snippet":"max-snippet:-1","max-image-preview":"max-image-preview:large","max-video-preview":"max-video-preview:-1"},"canonical":"https:\/\/crocjeux.com\/index.php\/produit\/takenoko\/","og_locale":"fr_FR","og_type":"article","og_title":"Takenoko - Croc Jeux","og_description":"Takenoko est un jeu pour toute la famille. Vous \u00eates un jardinier japonais du Moyen-\u00c2ge en charge de l'am\u00e9nagement d'une bambouseraie. Votre but\u00a0: prendre soin du nouveau locataire des jardins\u00a0de l'Empereur : un panda.","og_url":"https:\/\/crocjeux.com\/index.php\/produit\/takenoko\/","og_site_name":"Croc Jeux","article_modified_time":"2024-03-20T12:43:04+00:00","og_image":[{"width":732,"height":888,"url":"https:\/\/crocjeux.com\/wp-content\/uploads\/2020\/10\/takenoko.png","type":"image\/png"}],"twitter_card":"summary_large_image","twitter_misc":{"Dur\u00e9e de lecture estim\u00e9e":"1 minute"},"schema":{"@context":"https:\/\/schema.org","@graph":[{"@type":"WebPage","@id":"https:\/\/crocjeux.com\/index.php\/produit\/takenoko\/","url":"https:\/\/crocjeux.com\/index.php\/produit\/takenoko\/","name":"Takenoko - Croc Jeux","isPartOf":{"@id":"https:\/\/crocjeux.com\/#website"},"primaryImageOfPage":{"@id":"https:\/\/crocjeux.com\/index.php\/produit\/takenoko\/#primaryimage"},"image":{"@id":"https:\/\/crocjeux.com\/index.php\/produit\/takenoko\/#primaryimage"},"thumbnailUrl":"https:\/\/crocjeux.com\/wp-content\/uploads\/2020\/10\/takenoko.png","datePublished":"2020-10-29T15:07:35+00:00","dateModified":"2024-03-20T12:43:04+00:00","breadcrumb":{"@id":"https:\/\/crocjeux.com\/index.php\/produit\/takenoko\/#breadcrumb"},"inLanguage":"fr-FR","potentialAction":[{"@type":"ReadAction","target":["https:\/\/crocjeux.com\/index.php\/produit\/takenoko\/"]}]},{"@type":"ImageObject","inLanguage":"fr-FR","@id":"https:\/\/crocjeux.com\/index.php\/produit\/takenoko\/#primaryimage","url":"https:\/\/crocjeux.com\/wp-content\/uploads\/2020\/10\/takenoko.png","contentUrl":"https:\/\/crocjeux.com\/wp-content\/uploads\/2020\/10\/takenoko.png","width":732,"height":888},{"@type":"BreadcrumbList","@id":"https:\/\/crocjeux.com\/index.php\/produit\/takenoko\/#breadcrumb","itemListElement":[{"@type":"ListItem","position":1,"name":"Accueil","item":"https:\/\/crocjeux.com\/"},{"@type":"ListItem","position":2,"name":"Boutique","item":"https:\/\/crocjeux.com\/"},{"@type":"ListItem","position":3,"name":"Takenoko"}]},{"@type":"WebSite","@id":"https:\/\/crocjeux.com\/#website","url":"https:\/\/crocjeux.com\/","name":"Croc Jeux","description":"Bienvenue chez Croc Jeux!","publisher":{"@id":"https:\/\/crocjeux.com\/#organization"},"potentialAction":[{"@type":"SearchAction","target":{"@type":"EntryPoint","urlTemplate":"https:\/\/crocjeux.com\/?s={search_term_string}"},"query-input":{"@type":"PropertyValueSpecification","valueRequired":true,"valueName":"search_term_string"}}],"inLanguage":"fr-FR"},{"@type":"Organization","@id":"https:\/\/crocjeux.com\/#organization","name":"Croc Jeux","url":"https:\/\/crocjeux.com\/","logo":{"@type":"ImageObject","inLanguage":"fr-FR","@id":"https:\/\/crocjeux.com\/#\/schema\/logo\/image\/","url":"https:\/\/crocjeux.com\/wp-content\/uploads\/2022\/01\/cropped-logo-croc-etape-1-e1644574034239.jpg","contentUrl":"https:\/\/crocjeux.com\/wp-content\/uploads\/2022\/01\/cropped-logo-croc-etape-1-e1644574034239.jpg","width":1224,"height":314,"caption":"Croc Jeux"},"image":{"@id":"https:\/\/crocjeux.com\/#\/schema\/logo\/image\/"}}]}},"_links":{"self":[{"href":"https:\/\/crocjeux.com\/index.php\/wp-json\/wp\/v2\/product\/168","targetHints":{"allow":["GET"]}}],"collection":[{"href":"https:\/\/crocjeux.com\/index.php\/wp-json\/wp\/v2\/product"}],"about":[{"href":"https:\/\/crocjeux.com\/index.php\/wp-json\/wp\/v2\/types\/product"}],"replies":[{"embeddable":true,"href":"https:\/\/crocjeux.com\/index.php\/wp-json\/wp\/v2\/comments?post=168"}],"wp:featuredmedia":[{"embeddable":true,"href":"https:\/\/crocjeux.com\/index.php\/wp-json\/wp\/v2\/media\/169"}],"wp:attachment":[{"href":"https:\/\/crocjeux.com\/index.php\/wp-json\/wp\/v2\/media?parent=168"}],"wp:term":[{"taxonomy":"product_brand","embeddable":true,"href":"https:\/\/crocjeux.com\/index.php\/wp-json\/wp\/v2\/product_brand?post=168"},{"taxonomy":"product_cat","embeddable":true,"href":"https:\/\/crocjeux.com\/index.php\/wp-json\/wp\/v2\/product_cat?post=168"},{"taxonomy":"product_tag","embeddable":true,"href":"https:\/\/crocjeux.com\/index.php\/wp-json\/wp\/v2\/product_tag?post=168"}],"curies":[{"name":"wp","href":"https:\/\/api.w.org\/{rel}","templated":true}]}}