{"id":1698,"date":"2021-01-08T12:15:10","date_gmt":"2021-01-08T11:15:10","guid":{"rendered":"https:\/\/crocjeux.com\/?post_type=product&#038;p=1698"},"modified":"2022-03-10T12:19:36","modified_gmt":"2022-03-10T11:19:36","slug":"colt-express","status":"publish","type":"product","link":"https:\/\/crocjeux.com\/index.php\/produit\/colt-express\/","title":{"rendered":"Colt Express"},"content":{"rendered":"<div id=\"short_description_block\">\n<div id=\"short_description_content\" class=\"rte align_justify hide-smartphone\">\n<p>Incarnez un Desperado qui attaque un train de voyageurs dans ce jeu qui se d\u00e9roule au Far West ! Pas de piti\u00e9, il ne peut y avoir qu&rsquo;un seul As de la g\u00e2chette !<\/p>\n<\/div>\n<\/div>\n<ul class=\"illustrated_features\">\n<li class=\"langue tooltips\" title=\"\" data-hasqtip=\"5\">Fran\u00e7ais<\/li>\n<li class=\"age tooltips\" title=\"\" data-hasqtip=\"6\" aria-describedby=\"qtip-6\">\u00a0\u00e0 partir de 10 ans<\/li>\n<li class=\"duree_partie tooltips\" title=\"\" data-hasqtip=\"7\" aria-describedby=\"qtip-7\">\u00a030mn \u00e0 1h<\/li>\n<li class=\"nb_joueurs tooltips\" title=\"\" data-hasqtip=\"8\" aria-describedby=\"qtip-8\">\u00a02 \u00e0 6 joueur(s)<\/li>\n<\/ul>\n<h2>Colt Express, un jeu digne d&rsquo;un western<\/h2>\n<p>Dans Colt Express, les joueurs incarnent des bandits \u201cdesperados\u201d qui se lancent \u00e0 l&rsquo;attaque d&rsquo;un train de voyageurs. Vous \u00eates un hors-la-loi au beau milieu du Far West et vous partez \u00e0 l&rsquo;assaut d&rsquo;une locomotive. L&rsquo;entreprise est p\u00e9rilleuse et l&rsquo;issue peut vous \u00eatre fatale. Votre but est de descendre du tain vivant et avec le plus gros butin. L&rsquo;ennui est que vous \u00eates pas le seul malfrat \u00e0 lorgner sur toutes ses richesses \u00e0 port\u00e9e de main. Pas de piti\u00e9 et aucune alliance possible. C&rsquo;est chacun pour soi !<\/p>\n<h2>Colt Express, un jeu qui fait parler la poudre<\/h2>\n<p>La partie est lanc\u00e9e, le jeu promet d&rsquo;\u00eatre rude. Entre les wagons, sur le toit, les balles fusent ; les hors-la-loi sont bless\u00e9s. Le Marshall patrouille dans le train, contre-carre les plans des bandits et tente de faire r\u00e9gner l&rsquo;Ordre et la Loi. Il est un danger suppl\u00e9mentaire. Un danger qui peut vous envoyer en prison ou entre quatre planches.<\/p>\n<p>Afin de sortir victorieux de cette folle entreprise, g\u00e9rez au mieux vos d\u00e9placements, montez et descendez du train, ramassez des butins (mallette, bourses, joyaux), donnez des coups de poing, d\u00e9placez le sh\u00e9rif et surtout tirez. Votre arme sera votre plus fid\u00e8le amie.<\/p>\n<p>Qui obtiendra le titre d&rsquo;As de la g\u00e2chette (et la prime qui l&rsquo;accompagne) ? Qui aura le plus gros butin ? Chacun a sa propre personnalit\u00e9, mais au bout du compte, tous n&rsquo;ont qu&rsquo;un seul but : r\u00e9unir le plus gros magot pour lui-m\u00eame en d\u00e9troussant les passagers avant que le train n&rsquo;arrive en gare.<\/p>\n<h2>Colt Express, un jeu de qualit\u00e9 r\u00e9compens\u00e9 dans les festivals<\/h2>\n<p>Afin de vous permettre de plonger pleinement dans cette aventure rocambolesque, le jeu n&rsquo;a pas l\u00e9sin\u00e9 sur les d\u00e9tails. Le train est mat\u00e9rialis\u00e9 par un train en 3D et les gangsters par des petits meeples en bois.<\/p>\n<p>Le jeu a re\u00e7u un accueil tr\u00e8s favorable dans les festivals de jeux et a d\u00e9croch\u00e9 de prestigieuses r\u00e9compenses, comme le Spiel des Jahres 2015 en Allemagne et l&rsquo;As d&rsquo;or \u00e0 Cannes la m\u00eame ann\u00e9e.<\/p>\n","protected":false},"excerpt":{"rendered":"<p>Incarnez un Desperado qui attaque un train de voyageurs dans ce jeu qui se d\u00e9roule au Far West ! Pas<\/p>\n","protected":false},"featured_media":1699,"comment_status":"open","ping_status":"closed","template":"","meta":{"colormag_page_container_layout":"default_layout","colormag_page_sidebar_layout":"default_layout"},"product_brand":[],"product_cat":[71,87,88,18,36,29,37],"product_tag":[],"class_list":{"0":"post-1698","1":"product","2":"type-product","3":"status-publish","4":"has-post-thumbnail","6":"product_cat-colt-express-jeux-a-deux","7":"product_cat-colt-express-jeux-familliaux","8":"product_cat-colt-express-jeux-strategie","9":"product_cat-jeux-de-strategie","10":"product_cat-jeux-familiaux","11":"product_cat-jeux-2-joueurs","12":"product_cat-ne-ratez-pas","14":"first","15":"instock","16":"taxable","17":"shipping-taxable","18":"purchasable","19":"product-type-simple"},"yoast_head":"<!-- This site is optimized with the Yoast SEO plugin v27.3 - https:\/\/yoast.com\/product\/yoast-seo-wordpress\/ -->\n<title>Colt Express - Croc Jeux<\/title>\n<meta name=\"robots\" content=\"index, follow, max-snippet:-1, max-image-preview:large, max-video-preview:-1\" \/>\n<link rel=\"canonical\" href=\"https:\/\/crocjeux.com\/index.php\/produit\/colt-express\/\" \/>\n<meta property=\"og:locale\" content=\"fr_FR\" \/>\n<meta property=\"og:type\" content=\"article\" \/>\n<meta property=\"og:title\" content=\"Colt Express - Croc Jeux\" \/>\n<meta property=\"og:description\" content=\"Incarnez un Desperado qui attaque un train de voyageurs dans ce jeu qui se d\u00e9roule au Far West ! Pas\" \/>\n<meta property=\"og:url\" content=\"https:\/\/crocjeux.com\/index.php\/produit\/colt-express\/\" \/>\n<meta property=\"og:site_name\" content=\"Croc Jeux\" \/>\n<meta property=\"article:modified_time\" content=\"2022-03-10T11:19:36+00:00\" \/>\n<meta property=\"og:image\" content=\"https:\/\/crocjeux.com\/wp-content\/uploads\/2021\/01\/colt-express.jpg\" \/>\n\t<meta property=\"og:image:width\" content=\"372\" \/>\n\t<meta property=\"og:image:height\" content=\"372\" \/>\n\t<meta property=\"og:image:type\" content=\"image\/jpeg\" \/>\n<meta name=\"twitter:card\" content=\"summary_large_image\" \/>\n<meta name=\"twitter:label1\" content=\"Dur\u00e9e de lecture estim\u00e9e\" \/>\n\t<meta name=\"twitter:data1\" content=\"2 minutes\" \/>\n<script type=\"application\/ld+json\" class=\"yoast-schema-graph\">{\"@context\":\"https:\\\/\\\/schema.org\",\"@graph\":[{\"@type\":\"WebPage\",\"@id\":\"https:\\\/\\\/crocjeux.com\\\/index.php\\\/produit\\\/colt-express\\\/\",\"url\":\"https:\\\/\\\/crocjeux.com\\\/index.php\\\/produit\\\/colt-express\\\/\",\"name\":\"Colt Express - Croc Jeux\",\"isPartOf\":{\"@id\":\"https:\\\/\\\/crocjeux.com\\\/#website\"},\"primaryImageOfPage\":{\"@id\":\"https:\\\/\\\/crocjeux.com\\\/index.php\\\/produit\\\/colt-express\\\/#primaryimage\"},\"image\":{\"@id\":\"https:\\\/\\\/crocjeux.com\\\/index.php\\\/produit\\\/colt-express\\\/#primaryimage\"},\"thumbnailUrl\":\"https:\\\/\\\/crocjeux.com\\\/wp-content\\\/uploads\\\/2021\\\/01\\\/colt-express.jpg\",\"datePublished\":\"2021-01-08T11:15:10+00:00\",\"dateModified\":\"2022-03-10T11:19:36+00:00\",\"breadcrumb\":{\"@id\":\"https:\\\/\\\/crocjeux.com\\\/index.php\\\/produit\\\/colt-express\\\/#breadcrumb\"},\"inLanguage\":\"fr-FR\",\"potentialAction\":[{\"@type\":\"ReadAction\",\"target\":[\"https:\\\/\\\/crocjeux.com\\\/index.php\\\/produit\\\/colt-express\\\/\"]}]},{\"@type\":\"ImageObject\",\"inLanguage\":\"fr-FR\",\"@id\":\"https:\\\/\\\/crocjeux.com\\\/index.php\\\/produit\\\/colt-express\\\/#primaryimage\",\"url\":\"https:\\\/\\\/crocjeux.com\\\/wp-content\\\/uploads\\\/2021\\\/01\\\/colt-express.jpg\",\"contentUrl\":\"https:\\\/\\\/crocjeux.com\\\/wp-content\\\/uploads\\\/2021\\\/01\\\/colt-express.jpg\",\"width\":372,\"height\":372},{\"@type\":\"BreadcrumbList\",\"@id\":\"https:\\\/\\\/crocjeux.com\\\/index.php\\\/produit\\\/colt-express\\\/#breadcrumb\",\"itemListElement\":[{\"@type\":\"ListItem\",\"position\":1,\"name\":\"Accueil\",\"item\":\"https:\\\/\\\/crocjeux.com\\\/\"},{\"@type\":\"ListItem\",\"position\":2,\"name\":\"Boutique\",\"item\":\"https:\\\/\\\/crocjeux.com\\\/\"},{\"@type\":\"ListItem\",\"position\":3,\"name\":\"Colt Express\"}]},{\"@type\":\"WebSite\",\"@id\":\"https:\\\/\\\/crocjeux.com\\\/#website\",\"url\":\"https:\\\/\\\/crocjeux.com\\\/\",\"name\":\"Croc Jeux\",\"description\":\"Bienvenue chez Croc Jeux!\",\"publisher\":{\"@id\":\"https:\\\/\\\/crocjeux.com\\\/#organization\"},\"potentialAction\":[{\"@type\":\"SearchAction\",\"target\":{\"@type\":\"EntryPoint\",\"urlTemplate\":\"https:\\\/\\\/crocjeux.com\\\/?s={search_term_string}\"},\"query-input\":{\"@type\":\"PropertyValueSpecification\",\"valueRequired\":true,\"valueName\":\"search_term_string\"}}],\"inLanguage\":\"fr-FR\"},{\"@type\":\"Organization\",\"@id\":\"https:\\\/\\\/crocjeux.com\\\/#organization\",\"name\":\"Croc Jeux\",\"url\":\"https:\\\/\\\/crocjeux.com\\\/\",\"logo\":{\"@type\":\"ImageObject\",\"inLanguage\":\"fr-FR\",\"@id\":\"https:\\\/\\\/crocjeux.com\\\/#\\\/schema\\\/logo\\\/image\\\/\",\"url\":\"https:\\\/\\\/crocjeux.com\\\/wp-content\\\/uploads\\\/2022\\\/01\\\/cropped-logo-croc-etape-1-e1644574034239.jpg\",\"contentUrl\":\"https:\\\/\\\/crocjeux.com\\\/wp-content\\\/uploads\\\/2022\\\/01\\\/cropped-logo-croc-etape-1-e1644574034239.jpg\",\"width\":1224,\"height\":314,\"caption\":\"Croc Jeux\"},\"image\":{\"@id\":\"https:\\\/\\\/crocjeux.com\\\/#\\\/schema\\\/logo\\\/image\\\/\"}}]}<\/script>\n<!-- \/ Yoast SEO plugin. -->","yoast_head_json":{"title":"Colt Express - Croc Jeux","robots":{"index":"index","follow":"follow","max-snippet":"max-snippet:-1","max-image-preview":"max-image-preview:large","max-video-preview":"max-video-preview:-1"},"canonical":"https:\/\/crocjeux.com\/index.php\/produit\/colt-express\/","og_locale":"fr_FR","og_type":"article","og_title":"Colt Express - Croc Jeux","og_description":"Incarnez un Desperado qui attaque un train de voyageurs dans ce jeu qui se d\u00e9roule au Far West ! Pas","og_url":"https:\/\/crocjeux.com\/index.php\/produit\/colt-express\/","og_site_name":"Croc Jeux","article_modified_time":"2022-03-10T11:19:36+00:00","og_image":[{"width":372,"height":372,"url":"https:\/\/crocjeux.com\/wp-content\/uploads\/2021\/01\/colt-express.jpg","type":"image\/jpeg"}],"twitter_card":"summary_large_image","twitter_misc":{"Dur\u00e9e de lecture estim\u00e9e":"2 minutes"},"schema":{"@context":"https:\/\/schema.org","@graph":[{"@type":"WebPage","@id":"https:\/\/crocjeux.com\/index.php\/produit\/colt-express\/","url":"https:\/\/crocjeux.com\/index.php\/produit\/colt-express\/","name":"Colt Express - Croc Jeux","isPartOf":{"@id":"https:\/\/crocjeux.com\/#website"},"primaryImageOfPage":{"@id":"https:\/\/crocjeux.com\/index.php\/produit\/colt-express\/#primaryimage"},"image":{"@id":"https:\/\/crocjeux.com\/index.php\/produit\/colt-express\/#primaryimage"},"thumbnailUrl":"https:\/\/crocjeux.com\/wp-content\/uploads\/2021\/01\/colt-express.jpg","datePublished":"2021-01-08T11:15:10+00:00","dateModified":"2022-03-10T11:19:36+00:00","breadcrumb":{"@id":"https:\/\/crocjeux.com\/index.php\/produit\/colt-express\/#breadcrumb"},"inLanguage":"fr-FR","potentialAction":[{"@type":"ReadAction","target":["https:\/\/crocjeux.com\/index.php\/produit\/colt-express\/"]}]},{"@type":"ImageObject","inLanguage":"fr-FR","@id":"https:\/\/crocjeux.com\/index.php\/produit\/colt-express\/#primaryimage","url":"https:\/\/crocjeux.com\/wp-content\/uploads\/2021\/01\/colt-express.jpg","contentUrl":"https:\/\/crocjeux.com\/wp-content\/uploads\/2021\/01\/colt-express.jpg","width":372,"height":372},{"@type":"BreadcrumbList","@id":"https:\/\/crocjeux.com\/index.php\/produit\/colt-express\/#breadcrumb","itemListElement":[{"@type":"ListItem","position":1,"name":"Accueil","item":"https:\/\/crocjeux.com\/"},{"@type":"ListItem","position":2,"name":"Boutique","item":"https:\/\/crocjeux.com\/"},{"@type":"ListItem","position":3,"name":"Colt Express"}]},{"@type":"WebSite","@id":"https:\/\/crocjeux.com\/#website","url":"https:\/\/crocjeux.com\/","name":"Croc Jeux","description":"Bienvenue chez Croc Jeux!","publisher":{"@id":"https:\/\/crocjeux.com\/#organization"},"potentialAction":[{"@type":"SearchAction","target":{"@type":"EntryPoint","urlTemplate":"https:\/\/crocjeux.com\/?s={search_term_string}"},"query-input":{"@type":"PropertyValueSpecification","valueRequired":true,"valueName":"search_term_string"}}],"inLanguage":"fr-FR"},{"@type":"Organization","@id":"https:\/\/crocjeux.com\/#organization","name":"Croc Jeux","url":"https:\/\/crocjeux.com\/","logo":{"@type":"ImageObject","inLanguage":"fr-FR","@id":"https:\/\/crocjeux.com\/#\/schema\/logo\/image\/","url":"https:\/\/crocjeux.com\/wp-content\/uploads\/2022\/01\/cropped-logo-croc-etape-1-e1644574034239.jpg","contentUrl":"https:\/\/crocjeux.com\/wp-content\/uploads\/2022\/01\/cropped-logo-croc-etape-1-e1644574034239.jpg","width":1224,"height":314,"caption":"Croc Jeux"},"image":{"@id":"https:\/\/crocjeux.com\/#\/schema\/logo\/image\/"}}]}},"_links":{"self":[{"href":"https:\/\/crocjeux.com\/index.php\/wp-json\/wp\/v2\/product\/1698","targetHints":{"allow":["GET"]}}],"collection":[{"href":"https:\/\/crocjeux.com\/index.php\/wp-json\/wp\/v2\/product"}],"about":[{"href":"https:\/\/crocjeux.com\/index.php\/wp-json\/wp\/v2\/types\/product"}],"replies":[{"embeddable":true,"href":"https:\/\/crocjeux.com\/index.php\/wp-json\/wp\/v2\/comments?post=1698"}],"wp:featuredmedia":[{"embeddable":true,"href":"https:\/\/crocjeux.com\/index.php\/wp-json\/wp\/v2\/media\/1699"}],"wp:attachment":[{"href":"https:\/\/crocjeux.com\/index.php\/wp-json\/wp\/v2\/media?parent=1698"}],"wp:term":[{"taxonomy":"product_brand","embeddable":true,"href":"https:\/\/crocjeux.com\/index.php\/wp-json\/wp\/v2\/product_brand?post=1698"},{"taxonomy":"product_cat","embeddable":true,"href":"https:\/\/crocjeux.com\/index.php\/wp-json\/wp\/v2\/product_cat?post=1698"},{"taxonomy":"product_tag","embeddable":true,"href":"https:\/\/crocjeux.com\/index.php\/wp-json\/wp\/v2\/product_tag?post=1698"}],"curies":[{"name":"wp","href":"https:\/\/api.w.org\/{rel}","templated":true}]}}