{"id":1701,"date":"2021-01-08T12:16:04","date_gmt":"2021-01-08T11:16:04","guid":{"rendered":"https:\/\/crocjeux.com\/?post_type=product&#038;p=1701"},"modified":"2024-06-27T15:36:12","modified_gmt":"2024-06-27T14:36:12","slug":"colt-express-chevaux-diligence","status":"publish","type":"product","link":"https:\/\/crocjeux.com\/index.php\/produit\/colt-express-chevaux-diligence\/","title":{"rendered":"Colt express &#8211; Chevaux &#038; Diligence"},"content":{"rendered":"<div id=\"short_description_block\">\n<div id=\"short_description_content\" class=\"rte align_justify hide-smartphone\">\n<p>Les bandits reviennent plus en forme que jamais avec de nouvelles cibles en vue.<\/p>\n<\/div>\n<\/div>\n<ul class=\"illustrated_features\">\n<li class=\"langue tooltips\" title=\"\" data-hasqtip=\"5\">Fran\u00e7ais<\/li>\n<li class=\"age tooltips\" title=\"\" data-hasqtip=\"6\">\u00a0\u00e0 partir de 10 ans<\/li>\n<li class=\"duree_partie tooltips\" title=\"\" data-hasqtip=\"7\" aria-describedby=\"qtip-7\">\u00a030mn \u00e0 1h<\/li>\n<li class=\"nb_joueurs tooltips\" title=\"\" data-hasqtip=\"8\" aria-describedby=\"qtip-8\">\u00a02 \u00e0 6 joueur(s)<\/li>\n<\/ul>\n<p>Les bandits reviennent plus en forme que jamais avec de nouvelles cibles en vue. En effet, la silhouette d\u2019une diligence se d\u00e9coupe pr\u00e8s du train, promettant de nouvelles richesses \u00e0 s\u2019emparer. Les hors-la-loi peuvent maintenant compter sur leur fid\u00e8le destrier ainsi que sur des petits remontants au cours de la partie. Mais gare \u00e0 leur nouvel ennemi et aux nouveaux \u00e9v\u00e9nements.<\/p>\n<div class=\"medium-9 small-12 columns \">\n<div class=\"wpb_text_column wpb_content_element \">\n<div class=\"wpb_wrapper\">\n<p><strong>Des chevaux pour plus de mouvement<\/strong><\/p>\n<p>Peut-on \u00eatre un bandit digne de ce nom sans\u00a0cheval ? Commencez \u00e0 pr\u00e9sent la partie en cavalant jusqu\u2019au wagon o\u00f9 vous souhaitez faire votre entr\u00e9e. En \u00a0jeu, d\u00e9placez-vous plus rapidement \u00e0 dos de cheval gr\u00e2ce \u00e0 la carte Action Chevauch\u00e9e.<\/p>\n<div class=\"medium-6 small-12 columns \">\n<div class=\"wpb_text_column wpb_content_element \">\n<div class=\"wpb_wrapper\">\n<p><strong>Une Diligence pour plus d\u2019action<\/strong><\/p>\n<p>Acc\u00e9dez \u00e0 la Diligence \u00e0\u00a0partir du train ou gr\u00e2ce aux chevaux. Sur son toit, un Shotgun veille jalousement sur une mallette \u00e0 1000$. Pour se d\u00e9barrasser du g\u00eaneur, une seule solution : lui flanquer un bon coup de poing et l\u2019\u00e9jecter sur le toit du train. Attention toutefois, m\u00eame humili\u00e9 le Shotgun cherchera \u00e0 prot\u00e9ger la Diligence, infligeant une blessure \u00e0 quiconque aura le malheur de croiser son chemin sur le toit du train.<\/p>\n<p>\u00c0 l\u2019int\u00e9rieur de la Diligence, une autre surprise vous attend : des passagers effar\u00e9s regardent votre Bandit entrer avec des yeux ronds. Choisissez l\u2019un d\u2019entre eux pour en faire un otage et obtenez une ran\u00e7on en fin de partie. Sachez toutefois que ces passagers ne sont pas compl\u00e8tement dociles et vous handicaperont pour le reste de la partie.<\/p>\n<div class=\"medium-8 small-12 columns \">\n<div class=\"wpb_text_column wpb_content_element \">\n<div class=\"wpb_wrapper\">\n<p><strong>Du Whisky pour plus d\u2019efficacit\u00e9<\/strong><\/p>\n<p>D\u00e9lestez les passagers de leur alcool ! Boire une Flasque de Whisky au moment opportun vous permettra de compl\u00e9ter votre main avec de nouvelles cartes Actions ou de jouer deux fois d\u2019affil\u00e9e.<\/p>\n<p>Ces flasques donnent un petit coup de fouet id\u00e9al quand la fatigue des blessures commence \u00e0 se faire sentir !<\/p>\n<\/div>\n<\/div>\n<\/div>\n<\/div>\n<\/div>\n<\/div>\n<\/div>\n<\/div>\n<\/div>\n","protected":false},"excerpt":{"rendered":"<p>Les bandits reviennent plus en forme que jamais avec de nouvelles cibles en vue. Fran\u00e7ais \u00a0\u00e0 partir de 10 ans<\/p>\n","protected":false},"featured_media":1702,"comment_status":"open","ping_status":"closed","template":"","meta":{"colormag_page_container_layout":"default_layout","colormag_page_sidebar_layout":"default_layout"},"product_brand":[],"product_cat":[71,87,88],"product_tag":[],"class_list":{"0":"post-1701","1":"product","2":"type-product","3":"status-publish","4":"has-post-thumbnail","6":"product_cat-colt-express-jeux-a-deux","7":"product_cat-colt-express-jeux-familliaux","8":"product_cat-colt-express-jeux-strategie","10":"first","11":"outofstock","12":"taxable","13":"shipping-taxable","14":"purchasable","15":"product-type-simple"},"yoast_head":"<!-- This site is optimized with the Yoast SEO plugin v27.3 - https:\/\/yoast.com\/product\/yoast-seo-wordpress\/ -->\n<title>Colt express - Chevaux &amp; Diligence - Croc Jeux<\/title>\n<meta name=\"robots\" content=\"index, follow, max-snippet:-1, max-image-preview:large, max-video-preview:-1\" \/>\n<link rel=\"canonical\" href=\"https:\/\/crocjeux.com\/index.php\/produit\/colt-express-chevaux-diligence\/\" \/>\n<meta property=\"og:locale\" content=\"fr_FR\" \/>\n<meta property=\"og:type\" content=\"article\" \/>\n<meta property=\"og:title\" content=\"Colt express - Chevaux &amp; Diligence - Croc Jeux\" \/>\n<meta property=\"og:description\" content=\"Les bandits reviennent plus en forme que jamais avec de nouvelles cibles en vue. Fran\u00e7ais \u00a0\u00e0 partir de 10 ans\" \/>\n<meta property=\"og:url\" content=\"https:\/\/crocjeux.com\/index.php\/produit\/colt-express-chevaux-diligence\/\" \/>\n<meta property=\"og:site_name\" content=\"Croc Jeux\" \/>\n<meta property=\"article:modified_time\" content=\"2024-06-27T14:36:12+00:00\" \/>\n<meta property=\"og:image\" content=\"https:\/\/crocjeux.com\/wp-content\/uploads\/2021\/01\/colt-express-chevaux-et-diligence.jpg\" \/>\n\t<meta property=\"og:image:width\" content=\"372\" \/>\n\t<meta property=\"og:image:height\" content=\"372\" \/>\n\t<meta property=\"og:image:type\" content=\"image\/jpeg\" \/>\n<meta name=\"twitter:card\" content=\"summary_large_image\" \/>\n<meta name=\"twitter:label1\" content=\"Dur\u00e9e de lecture estim\u00e9e\" \/>\n\t<meta name=\"twitter:data1\" content=\"2 minutes\" \/>\n<script type=\"application\/ld+json\" class=\"yoast-schema-graph\">{\"@context\":\"https:\\\/\\\/schema.org\",\"@graph\":[{\"@type\":\"WebPage\",\"@id\":\"https:\\\/\\\/crocjeux.com\\\/index.php\\\/produit\\\/colt-express-chevaux-diligence\\\/\",\"url\":\"https:\\\/\\\/crocjeux.com\\\/index.php\\\/produit\\\/colt-express-chevaux-diligence\\\/\",\"name\":\"Colt express - Chevaux & Diligence - Croc Jeux\",\"isPartOf\":{\"@id\":\"https:\\\/\\\/crocjeux.com\\\/#website\"},\"primaryImageOfPage\":{\"@id\":\"https:\\\/\\\/crocjeux.com\\\/index.php\\\/produit\\\/colt-express-chevaux-diligence\\\/#primaryimage\"},\"image\":{\"@id\":\"https:\\\/\\\/crocjeux.com\\\/index.php\\\/produit\\\/colt-express-chevaux-diligence\\\/#primaryimage\"},\"thumbnailUrl\":\"https:\\\/\\\/crocjeux.com\\\/wp-content\\\/uploads\\\/2021\\\/01\\\/colt-express-chevaux-et-diligence.jpg\",\"datePublished\":\"2021-01-08T11:16:04+00:00\",\"dateModified\":\"2024-06-27T14:36:12+00:00\",\"breadcrumb\":{\"@id\":\"https:\\\/\\\/crocjeux.com\\\/index.php\\\/produit\\\/colt-express-chevaux-diligence\\\/#breadcrumb\"},\"inLanguage\":\"fr-FR\",\"potentialAction\":[{\"@type\":\"ReadAction\",\"target\":[\"https:\\\/\\\/crocjeux.com\\\/index.php\\\/produit\\\/colt-express-chevaux-diligence\\\/\"]}]},{\"@type\":\"ImageObject\",\"inLanguage\":\"fr-FR\",\"@id\":\"https:\\\/\\\/crocjeux.com\\\/index.php\\\/produit\\\/colt-express-chevaux-diligence\\\/#primaryimage\",\"url\":\"https:\\\/\\\/crocjeux.com\\\/wp-content\\\/uploads\\\/2021\\\/01\\\/colt-express-chevaux-et-diligence.jpg\",\"contentUrl\":\"https:\\\/\\\/crocjeux.com\\\/wp-content\\\/uploads\\\/2021\\\/01\\\/colt-express-chevaux-et-diligence.jpg\",\"width\":372,\"height\":372},{\"@type\":\"BreadcrumbList\",\"@id\":\"https:\\\/\\\/crocjeux.com\\\/index.php\\\/produit\\\/colt-express-chevaux-diligence\\\/#breadcrumb\",\"itemListElement\":[{\"@type\":\"ListItem\",\"position\":1,\"name\":\"Accueil\",\"item\":\"https:\\\/\\\/crocjeux.com\\\/\"},{\"@type\":\"ListItem\",\"position\":2,\"name\":\"Boutique\",\"item\":\"https:\\\/\\\/crocjeux.com\\\/\"},{\"@type\":\"ListItem\",\"position\":3,\"name\":\"Colt express &#8211; Chevaux &#038; Diligence\"}]},{\"@type\":\"WebSite\",\"@id\":\"https:\\\/\\\/crocjeux.com\\\/#website\",\"url\":\"https:\\\/\\\/crocjeux.com\\\/\",\"name\":\"Croc Jeux\",\"description\":\"Bienvenue chez Croc Jeux!\",\"publisher\":{\"@id\":\"https:\\\/\\\/crocjeux.com\\\/#organization\"},\"potentialAction\":[{\"@type\":\"SearchAction\",\"target\":{\"@type\":\"EntryPoint\",\"urlTemplate\":\"https:\\\/\\\/crocjeux.com\\\/?s={search_term_string}\"},\"query-input\":{\"@type\":\"PropertyValueSpecification\",\"valueRequired\":true,\"valueName\":\"search_term_string\"}}],\"inLanguage\":\"fr-FR\"},{\"@type\":\"Organization\",\"@id\":\"https:\\\/\\\/crocjeux.com\\\/#organization\",\"name\":\"Croc Jeux\",\"url\":\"https:\\\/\\\/crocjeux.com\\\/\",\"logo\":{\"@type\":\"ImageObject\",\"inLanguage\":\"fr-FR\",\"@id\":\"https:\\\/\\\/crocjeux.com\\\/#\\\/schema\\\/logo\\\/image\\\/\",\"url\":\"https:\\\/\\\/crocjeux.com\\\/wp-content\\\/uploads\\\/2022\\\/01\\\/cropped-logo-croc-etape-1-e1644574034239.jpg\",\"contentUrl\":\"https:\\\/\\\/crocjeux.com\\\/wp-content\\\/uploads\\\/2022\\\/01\\\/cropped-logo-croc-etape-1-e1644574034239.jpg\",\"width\":1224,\"height\":314,\"caption\":\"Croc Jeux\"},\"image\":{\"@id\":\"https:\\\/\\\/crocjeux.com\\\/#\\\/schema\\\/logo\\\/image\\\/\"}}]}<\/script>\n<!-- \/ Yoast SEO plugin. -->","yoast_head_json":{"title":"Colt express - Chevaux & Diligence - Croc Jeux","robots":{"index":"index","follow":"follow","max-snippet":"max-snippet:-1","max-image-preview":"max-image-preview:large","max-video-preview":"max-video-preview:-1"},"canonical":"https:\/\/crocjeux.com\/index.php\/produit\/colt-express-chevaux-diligence\/","og_locale":"fr_FR","og_type":"article","og_title":"Colt express - Chevaux & Diligence - Croc Jeux","og_description":"Les bandits reviennent plus en forme que jamais avec de nouvelles cibles en vue. Fran\u00e7ais \u00a0\u00e0 partir de 10 ans","og_url":"https:\/\/crocjeux.com\/index.php\/produit\/colt-express-chevaux-diligence\/","og_site_name":"Croc Jeux","article_modified_time":"2024-06-27T14:36:12+00:00","og_image":[{"width":372,"height":372,"url":"https:\/\/crocjeux.com\/wp-content\/uploads\/2021\/01\/colt-express-chevaux-et-diligence.jpg","type":"image\/jpeg"}],"twitter_card":"summary_large_image","twitter_misc":{"Dur\u00e9e de lecture estim\u00e9e":"2 minutes"},"schema":{"@context":"https:\/\/schema.org","@graph":[{"@type":"WebPage","@id":"https:\/\/crocjeux.com\/index.php\/produit\/colt-express-chevaux-diligence\/","url":"https:\/\/crocjeux.com\/index.php\/produit\/colt-express-chevaux-diligence\/","name":"Colt express - Chevaux & Diligence - Croc Jeux","isPartOf":{"@id":"https:\/\/crocjeux.com\/#website"},"primaryImageOfPage":{"@id":"https:\/\/crocjeux.com\/index.php\/produit\/colt-express-chevaux-diligence\/#primaryimage"},"image":{"@id":"https:\/\/crocjeux.com\/index.php\/produit\/colt-express-chevaux-diligence\/#primaryimage"},"thumbnailUrl":"https:\/\/crocjeux.com\/wp-content\/uploads\/2021\/01\/colt-express-chevaux-et-diligence.jpg","datePublished":"2021-01-08T11:16:04+00:00","dateModified":"2024-06-27T14:36:12+00:00","breadcrumb":{"@id":"https:\/\/crocjeux.com\/index.php\/produit\/colt-express-chevaux-diligence\/#breadcrumb"},"inLanguage":"fr-FR","potentialAction":[{"@type":"ReadAction","target":["https:\/\/crocjeux.com\/index.php\/produit\/colt-express-chevaux-diligence\/"]}]},{"@type":"ImageObject","inLanguage":"fr-FR","@id":"https:\/\/crocjeux.com\/index.php\/produit\/colt-express-chevaux-diligence\/#primaryimage","url":"https:\/\/crocjeux.com\/wp-content\/uploads\/2021\/01\/colt-express-chevaux-et-diligence.jpg","contentUrl":"https:\/\/crocjeux.com\/wp-content\/uploads\/2021\/01\/colt-express-chevaux-et-diligence.jpg","width":372,"height":372},{"@type":"BreadcrumbList","@id":"https:\/\/crocjeux.com\/index.php\/produit\/colt-express-chevaux-diligence\/#breadcrumb","itemListElement":[{"@type":"ListItem","position":1,"name":"Accueil","item":"https:\/\/crocjeux.com\/"},{"@type":"ListItem","position":2,"name":"Boutique","item":"https:\/\/crocjeux.com\/"},{"@type":"ListItem","position":3,"name":"Colt express &#8211; Chevaux &#038; Diligence"}]},{"@type":"WebSite","@id":"https:\/\/crocjeux.com\/#website","url":"https:\/\/crocjeux.com\/","name":"Croc Jeux","description":"Bienvenue chez Croc Jeux!","publisher":{"@id":"https:\/\/crocjeux.com\/#organization"},"potentialAction":[{"@type":"SearchAction","target":{"@type":"EntryPoint","urlTemplate":"https:\/\/crocjeux.com\/?s={search_term_string}"},"query-input":{"@type":"PropertyValueSpecification","valueRequired":true,"valueName":"search_term_string"}}],"inLanguage":"fr-FR"},{"@type":"Organization","@id":"https:\/\/crocjeux.com\/#organization","name":"Croc Jeux","url":"https:\/\/crocjeux.com\/","logo":{"@type":"ImageObject","inLanguage":"fr-FR","@id":"https:\/\/crocjeux.com\/#\/schema\/logo\/image\/","url":"https:\/\/crocjeux.com\/wp-content\/uploads\/2022\/01\/cropped-logo-croc-etape-1-e1644574034239.jpg","contentUrl":"https:\/\/crocjeux.com\/wp-content\/uploads\/2022\/01\/cropped-logo-croc-etape-1-e1644574034239.jpg","width":1224,"height":314,"caption":"Croc Jeux"},"image":{"@id":"https:\/\/crocjeux.com\/#\/schema\/logo\/image\/"}}]}},"_links":{"self":[{"href":"https:\/\/crocjeux.com\/index.php\/wp-json\/wp\/v2\/product\/1701","targetHints":{"allow":["GET"]}}],"collection":[{"href":"https:\/\/crocjeux.com\/index.php\/wp-json\/wp\/v2\/product"}],"about":[{"href":"https:\/\/crocjeux.com\/index.php\/wp-json\/wp\/v2\/types\/product"}],"replies":[{"embeddable":true,"href":"https:\/\/crocjeux.com\/index.php\/wp-json\/wp\/v2\/comments?post=1701"}],"wp:featuredmedia":[{"embeddable":true,"href":"https:\/\/crocjeux.com\/index.php\/wp-json\/wp\/v2\/media\/1702"}],"wp:attachment":[{"href":"https:\/\/crocjeux.com\/index.php\/wp-json\/wp\/v2\/media?parent=1701"}],"wp:term":[{"taxonomy":"product_brand","embeddable":true,"href":"https:\/\/crocjeux.com\/index.php\/wp-json\/wp\/v2\/product_brand?post=1701"},{"taxonomy":"product_cat","embeddable":true,"href":"https:\/\/crocjeux.com\/index.php\/wp-json\/wp\/v2\/product_cat?post=1701"},{"taxonomy":"product_tag","embeddable":true,"href":"https:\/\/crocjeux.com\/index.php\/wp-json\/wp\/v2\/product_tag?post=1701"}],"curies":[{"name":"wp","href":"https:\/\/api.w.org\/{rel}","templated":true}]}}