{"id":1705,"date":"2021-01-08T12:17:11","date_gmt":"2021-01-08T11:17:11","guid":{"rendered":"https:\/\/crocjeux.com\/?post_type=product&#038;p=1705"},"modified":"2024-06-27T15:35:57","modified_gmt":"2024-06-27T14:35:57","slug":"colt-express-marshal-prisonniers","status":"publish","type":"product","link":"https:\/\/crocjeux.com\/index.php\/produit\/colt-express-marshal-prisonniers\/","title":{"rendered":"Colt Express &#8211; Marshal &#038; Prisonniers"},"content":{"rendered":"<h1 id=\"product_name\">Colt Express &#8211; Marshal &amp; Prisonniers<\/h1>\n<div id=\"short_description_block\">\n<div id=\"short_description_content\" class=\"rte align_justify hide-smartphone\">\n<p>Incarnez le Marshal, pour la Loi , l\u2019Ordre et l\u2019Honneur ! Jouez les Bandits\u2026 pour l\u2019argent !<\/p>\n<\/div>\n<\/div>\n<ul class=\"illustrated_features\">\n<li class=\"langue tooltips\" title=\"\" data-hasqtip=\"5\">Fran\u00e7ais<\/li>\n<li class=\"age tooltips\" title=\"\" data-hasqtip=\"6\">\u00a0\u00e0 partir de 10 ans<\/li>\n<li class=\"duree_partie tooltips\" title=\"\" data-hasqtip=\"7\" aria-describedby=\"qtip-7\">\u00a030mn \u00e0 1h<\/li>\n<li class=\"nb_joueurs tooltips\" title=\"\" data-hasqtip=\"8\" aria-describedby=\"qtip-8\">\u00a03 \u00e0 8 joueur(s)<\/li>\n<\/ul>\n<div>Colt Express prend un nouveau tournant avec\u00a0<em>Marshal &amp; Prisonniers.<\/em><\/div>\n<div>\n<div class=\"vc_row row vc_row-fluid\">\n<div class=\"wpb_column columns small-6 \">\n<div class=\"wpb_wrapper\">\n<div class=\"wpb_text_column wpb_content_element \">\n<div class=\"wpb_wrapper\">\n<p>Les bandits doivent \u00a0faire face \u00e0 un Marshal malin et puissant. En effet le personnage est maintenant jou\u00e9 par un des joueur qui poss\u00e8de ses propres objectifs. Il gagne la partie s\u2019il les rempli avant la fin de la cinqui\u00e8me manche.<\/p>\n<p>Un nouveau wagon occupe la queue du train : le wagon Prison. C\u2019est l\u2019endroit o\u00f9 il ne faut pas finir sous peine de passer \u00e0 c\u00f4t\u00e9 de la fortune\u2026<\/p>\n<p>Une nouvelle-venue est pr\u00e9sente dans le train : il s\u2019agit de Mei, l\u2019agile grimpeuse. C\u2019est une acrobate \u00e9m\u00e9rite. Le Marshal aura du mal \u00e0 l\u2019attraper et elle le sait bien.<\/p>\n<div class=\"wpb_column columns small-6 \">\n<div class=\"wpb_wrapper\">\n<div class=\"wpb_text_column wpb_content_element \">\n<div class=\"wpb_wrapper\">\n<p><strong>Action !<\/strong><\/p>\n<p>Samuel Ford, le Marshal, joue des actions diff\u00e9rentes des bandits, il poss\u00e8de ses propres m\u00e9thodes. Les hors-la-loi finiront en prison s\u2019ils s\u2019avisent de croiser le chemin du Marshal dans le train; Il est comme un super h\u00e9ros ; il se d\u00e9place et grimpe plus vite que n\u2019importe qui. Dur d\u2019\u00eatre un bandit efficace dans ces conditions.<\/p>\n<p>De plus le Marshal a deux pistolets et ses balles sont sp\u00e9cialement efficaces : elles d\u00e9sarment, vous blessent et vous handicapent.<\/p>\n<div class=\"wpb_column columns small-8 \">\n<div class=\"wpb_wrapper\">\n<div class=\"wpb_text_column wpb_content_element \">\n<div class=\"wpb_wrapper\">\n<p><strong>Objectifs sp\u00e9ciaux<\/strong><\/p>\n<p>Le Marshal \u00a0a deux sortes d\u2019objectifs : capturer un bandit sp\u00e9cifique (simple mais pas facile) et remplir une t\u00e2che comme tirer sur tous les bandits pr\u00e9sents\u00a0dans le train ou emp\u00eacher le sac postal d\u2019\u00eatre vol\u00e9.<\/p>\n<p>Samuel Ford devient une cible lui-aussi. Les bandits peuvent lui tirer dessus ou le cogner. Dans ce dernier cas, le hors-la-loi gagne du prestige et le titre de Poing d\u2019or, d\u2019argent ou de bronze.<\/p>\n<div class=\"wpb_text_column wpb_content_element \">\n<div class=\"wpb_wrapper\">\n<p><strong>Les Prisonniers<\/strong><\/p>\n<p>A l\u2019int\u00e9rieur du Wagon prison o\u00f9 le Marshal envoie les bandits se trouvent des bandits en herbe, qui apprennent de leurs a\u00een\u00e9s, les fameux bandits de Colt Express. Vous pouvez les lib\u00e9rer et ils vous aideront en vous offrant leurs pouvoirs sp\u00e9ciaux\u00a0ou en volant pour vous.<\/p>\n<div class=\"wpb_column columns small-8 \">\n<div class=\"wpb_wrapper\">\n<div class=\"wpb_text_column wpb_content_element \">\n<div class=\"wpb_wrapper\">\n<p><strong>Copier or ne pas Copier ?<\/strong><\/p>\n<p>Les bandits pourront r\u00e9aliser\u00a0une nouvelle action : l\u2019id\u00e9e g\u00e9niale. Cela leur permettra de s\u2019\u00e9chapper de prison, s\u2019ils ont la malchance de s\u2019y retrouver, de lib\u00e9rer les prisonniers qui s\u2019y trouvent mais aussi de copier la derni\u00e8re action jou\u00e9e par un bandit.<\/p>\n<div class=\"wpb_text_column wpb_content_element \">\n<div class=\"wpb_wrapper\">\n<p><strong>Mei, l&rsquo;acrobate chinoise<\/strong><\/p>\n<p>Lorsque Mei change d\u2019\u00e9tage, elle peut se d\u00e9placer \u00ab\u00a0en diagonale\u00a0\u00bb \u00e0 l\u2019\u00e9tage d\u2019un wagon adjacent.<\/p>\n<\/div>\n<\/div>\n<\/div>\n<\/div>\n<\/div>\n<\/div>\n<\/div>\n<\/div>\n<\/div>\n<\/div>\n<\/div>\n<\/div>\n<\/div>\n<\/div>\n<\/div>\n<\/div>\n<\/div>\n<\/div>\n<\/div>\n<\/div>\n<\/div>\n<\/div>\n","protected":false},"excerpt":{"rendered":"<p>Colt Express &#8211; Marshal &amp; Prisonniers Incarnez le Marshal, pour la Loi , l\u2019Ordre et l\u2019Honneur ! Jouez les Bandits\u2026<\/p>\n","protected":false},"featured_media":1710,"comment_status":"open","ping_status":"closed","template":"","meta":{"colormag_page_container_layout":"default_layout","colormag_page_sidebar_layout":"default_layout"},"product_brand":[],"product_cat":[71,87,88],"product_tag":[],"class_list":{"0":"post-1705","1":"product","2":"type-product","3":"status-publish","4":"has-post-thumbnail","6":"product_cat-colt-express-jeux-a-deux","7":"product_cat-colt-express-jeux-familliaux","8":"product_cat-colt-express-jeux-strategie","10":"first","11":"outofstock","12":"taxable","13":"shipping-taxable","14":"purchasable","15":"product-type-simple"},"yoast_head":"<!-- This site is optimized with the Yoast SEO plugin v27.4 - https:\/\/yoast.com\/product\/yoast-seo-wordpress\/ -->\n<title>Colt Express - Marshal &amp; Prisonniers - Croc Jeux<\/title>\n<meta name=\"robots\" content=\"index, follow, max-snippet:-1, max-image-preview:large, max-video-preview:-1\" \/>\n<link rel=\"canonical\" href=\"https:\/\/crocjeux.com\/index.php\/produit\/colt-express-marshal-prisonniers\/\" \/>\n<meta property=\"og:locale\" content=\"fr_FR\" \/>\n<meta property=\"og:type\" content=\"article\" \/>\n<meta property=\"og:title\" content=\"Colt Express - Marshal &amp; Prisonniers - Croc Jeux\" \/>\n<meta property=\"og:description\" content=\"Colt Express &#8211; Marshal &amp; Prisonniers Incarnez le Marshal, pour la Loi , l\u2019Ordre et l\u2019Honneur ! Jouez les Bandits\u2026\" \/>\n<meta property=\"og:url\" content=\"https:\/\/crocjeux.com\/index.php\/produit\/colt-express-marshal-prisonniers\/\" \/>\n<meta property=\"og:site_name\" content=\"Croc Jeux\" \/>\n<meta property=\"article:modified_time\" content=\"2024-06-27T14:35:57+00:00\" \/>\n<meta property=\"og:image\" content=\"https:\/\/crocjeux.com\/wp-content\/uploads\/2021\/01\/colt-express-marshal-et-prisonniers.jpg\" \/>\n\t<meta property=\"og:image:width\" content=\"372\" \/>\n\t<meta property=\"og:image:height\" content=\"372\" \/>\n\t<meta property=\"og:image:type\" content=\"image\/jpeg\" \/>\n<meta name=\"twitter:card\" content=\"summary_large_image\" \/>\n<meta name=\"twitter:label1\" content=\"Dur\u00e9e de lecture estim\u00e9e\" \/>\n\t<meta name=\"twitter:data1\" content=\"2 minutes\" \/>\n<script type=\"application\/ld+json\" class=\"yoast-schema-graph\">{\"@context\":\"https:\\\/\\\/schema.org\",\"@graph\":[{\"@type\":\"WebPage\",\"@id\":\"https:\\\/\\\/crocjeux.com\\\/index.php\\\/produit\\\/colt-express-marshal-prisonniers\\\/\",\"url\":\"https:\\\/\\\/crocjeux.com\\\/index.php\\\/produit\\\/colt-express-marshal-prisonniers\\\/\",\"name\":\"Colt Express - Marshal & Prisonniers - Croc Jeux\",\"isPartOf\":{\"@id\":\"https:\\\/\\\/crocjeux.com\\\/#website\"},\"primaryImageOfPage\":{\"@id\":\"https:\\\/\\\/crocjeux.com\\\/index.php\\\/produit\\\/colt-express-marshal-prisonniers\\\/#primaryimage\"},\"image\":{\"@id\":\"https:\\\/\\\/crocjeux.com\\\/index.php\\\/produit\\\/colt-express-marshal-prisonniers\\\/#primaryimage\"},\"thumbnailUrl\":\"https:\\\/\\\/crocjeux.com\\\/wp-content\\\/uploads\\\/2021\\\/01\\\/colt-express-marshal-et-prisonniers.jpg\",\"datePublished\":\"2021-01-08T11:17:11+00:00\",\"dateModified\":\"2024-06-27T14:35:57+00:00\",\"breadcrumb\":{\"@id\":\"https:\\\/\\\/crocjeux.com\\\/index.php\\\/produit\\\/colt-express-marshal-prisonniers\\\/#breadcrumb\"},\"inLanguage\":\"fr-FR\",\"potentialAction\":[{\"@type\":\"ReadAction\",\"target\":[\"https:\\\/\\\/crocjeux.com\\\/index.php\\\/produit\\\/colt-express-marshal-prisonniers\\\/\"]}]},{\"@type\":\"ImageObject\",\"inLanguage\":\"fr-FR\",\"@id\":\"https:\\\/\\\/crocjeux.com\\\/index.php\\\/produit\\\/colt-express-marshal-prisonniers\\\/#primaryimage\",\"url\":\"https:\\\/\\\/crocjeux.com\\\/wp-content\\\/uploads\\\/2021\\\/01\\\/colt-express-marshal-et-prisonniers.jpg\",\"contentUrl\":\"https:\\\/\\\/crocjeux.com\\\/wp-content\\\/uploads\\\/2021\\\/01\\\/colt-express-marshal-et-prisonniers.jpg\",\"width\":372,\"height\":372},{\"@type\":\"BreadcrumbList\",\"@id\":\"https:\\\/\\\/crocjeux.com\\\/index.php\\\/produit\\\/colt-express-marshal-prisonniers\\\/#breadcrumb\",\"itemListElement\":[{\"@type\":\"ListItem\",\"position\":1,\"name\":\"Accueil\",\"item\":\"https:\\\/\\\/crocjeux.com\\\/\"},{\"@type\":\"ListItem\",\"position\":2,\"name\":\"Boutique\",\"item\":\"https:\\\/\\\/crocjeux.com\\\/\"},{\"@type\":\"ListItem\",\"position\":3,\"name\":\"Colt Express &#8211; Marshal &#038; Prisonniers\"}]},{\"@type\":\"WebSite\",\"@id\":\"https:\\\/\\\/crocjeux.com\\\/#website\",\"url\":\"https:\\\/\\\/crocjeux.com\\\/\",\"name\":\"Croc Jeux\",\"description\":\"Bienvenue chez Croc Jeux!\",\"publisher\":{\"@id\":\"https:\\\/\\\/crocjeux.com\\\/#organization\"},\"potentialAction\":[{\"@type\":\"SearchAction\",\"target\":{\"@type\":\"EntryPoint\",\"urlTemplate\":\"https:\\\/\\\/crocjeux.com\\\/?s={search_term_string}\"},\"query-input\":{\"@type\":\"PropertyValueSpecification\",\"valueRequired\":true,\"valueName\":\"search_term_string\"}}],\"inLanguage\":\"fr-FR\"},{\"@type\":\"Organization\",\"@id\":\"https:\\\/\\\/crocjeux.com\\\/#organization\",\"name\":\"Croc Jeux\",\"url\":\"https:\\\/\\\/crocjeux.com\\\/\",\"logo\":{\"@type\":\"ImageObject\",\"inLanguage\":\"fr-FR\",\"@id\":\"https:\\\/\\\/crocjeux.com\\\/#\\\/schema\\\/logo\\\/image\\\/\",\"url\":\"https:\\\/\\\/crocjeux.com\\\/wp-content\\\/uploads\\\/2022\\\/01\\\/cropped-logo-croc-etape-1-e1644574034239.jpg\",\"contentUrl\":\"https:\\\/\\\/crocjeux.com\\\/wp-content\\\/uploads\\\/2022\\\/01\\\/cropped-logo-croc-etape-1-e1644574034239.jpg\",\"width\":1224,\"height\":314,\"caption\":\"Croc Jeux\"},\"image\":{\"@id\":\"https:\\\/\\\/crocjeux.com\\\/#\\\/schema\\\/logo\\\/image\\\/\"}}]}<\/script>\n<!-- \/ Yoast SEO plugin. -->","yoast_head_json":{"title":"Colt Express - Marshal & Prisonniers - Croc Jeux","robots":{"index":"index","follow":"follow","max-snippet":"max-snippet:-1","max-image-preview":"max-image-preview:large","max-video-preview":"max-video-preview:-1"},"canonical":"https:\/\/crocjeux.com\/index.php\/produit\/colt-express-marshal-prisonniers\/","og_locale":"fr_FR","og_type":"article","og_title":"Colt Express - Marshal & Prisonniers - Croc Jeux","og_description":"Colt Express &#8211; Marshal &amp; Prisonniers Incarnez le Marshal, pour la Loi , l\u2019Ordre et l\u2019Honneur ! Jouez les Bandits\u2026","og_url":"https:\/\/crocjeux.com\/index.php\/produit\/colt-express-marshal-prisonniers\/","og_site_name":"Croc Jeux","article_modified_time":"2024-06-27T14:35:57+00:00","og_image":[{"width":372,"height":372,"url":"https:\/\/crocjeux.com\/wp-content\/uploads\/2021\/01\/colt-express-marshal-et-prisonniers.jpg","type":"image\/jpeg"}],"twitter_card":"summary_large_image","twitter_misc":{"Dur\u00e9e de lecture estim\u00e9e":"2 minutes"},"schema":{"@context":"https:\/\/schema.org","@graph":[{"@type":"WebPage","@id":"https:\/\/crocjeux.com\/index.php\/produit\/colt-express-marshal-prisonniers\/","url":"https:\/\/crocjeux.com\/index.php\/produit\/colt-express-marshal-prisonniers\/","name":"Colt Express - Marshal & Prisonniers - Croc Jeux","isPartOf":{"@id":"https:\/\/crocjeux.com\/#website"},"primaryImageOfPage":{"@id":"https:\/\/crocjeux.com\/index.php\/produit\/colt-express-marshal-prisonniers\/#primaryimage"},"image":{"@id":"https:\/\/crocjeux.com\/index.php\/produit\/colt-express-marshal-prisonniers\/#primaryimage"},"thumbnailUrl":"https:\/\/crocjeux.com\/wp-content\/uploads\/2021\/01\/colt-express-marshal-et-prisonniers.jpg","datePublished":"2021-01-08T11:17:11+00:00","dateModified":"2024-06-27T14:35:57+00:00","breadcrumb":{"@id":"https:\/\/crocjeux.com\/index.php\/produit\/colt-express-marshal-prisonniers\/#breadcrumb"},"inLanguage":"fr-FR","potentialAction":[{"@type":"ReadAction","target":["https:\/\/crocjeux.com\/index.php\/produit\/colt-express-marshal-prisonniers\/"]}]},{"@type":"ImageObject","inLanguage":"fr-FR","@id":"https:\/\/crocjeux.com\/index.php\/produit\/colt-express-marshal-prisonniers\/#primaryimage","url":"https:\/\/crocjeux.com\/wp-content\/uploads\/2021\/01\/colt-express-marshal-et-prisonniers.jpg","contentUrl":"https:\/\/crocjeux.com\/wp-content\/uploads\/2021\/01\/colt-express-marshal-et-prisonniers.jpg","width":372,"height":372},{"@type":"BreadcrumbList","@id":"https:\/\/crocjeux.com\/index.php\/produit\/colt-express-marshal-prisonniers\/#breadcrumb","itemListElement":[{"@type":"ListItem","position":1,"name":"Accueil","item":"https:\/\/crocjeux.com\/"},{"@type":"ListItem","position":2,"name":"Boutique","item":"https:\/\/crocjeux.com\/"},{"@type":"ListItem","position":3,"name":"Colt Express &#8211; Marshal &#038; Prisonniers"}]},{"@type":"WebSite","@id":"https:\/\/crocjeux.com\/#website","url":"https:\/\/crocjeux.com\/","name":"Croc Jeux","description":"Bienvenue chez Croc Jeux!","publisher":{"@id":"https:\/\/crocjeux.com\/#organization"},"potentialAction":[{"@type":"SearchAction","target":{"@type":"EntryPoint","urlTemplate":"https:\/\/crocjeux.com\/?s={search_term_string}"},"query-input":{"@type":"PropertyValueSpecification","valueRequired":true,"valueName":"search_term_string"}}],"inLanguage":"fr-FR"},{"@type":"Organization","@id":"https:\/\/crocjeux.com\/#organization","name":"Croc Jeux","url":"https:\/\/crocjeux.com\/","logo":{"@type":"ImageObject","inLanguage":"fr-FR","@id":"https:\/\/crocjeux.com\/#\/schema\/logo\/image\/","url":"https:\/\/crocjeux.com\/wp-content\/uploads\/2022\/01\/cropped-logo-croc-etape-1-e1644574034239.jpg","contentUrl":"https:\/\/crocjeux.com\/wp-content\/uploads\/2022\/01\/cropped-logo-croc-etape-1-e1644574034239.jpg","width":1224,"height":314,"caption":"Croc Jeux"},"image":{"@id":"https:\/\/crocjeux.com\/#\/schema\/logo\/image\/"}}]}},"_links":{"self":[{"href":"https:\/\/crocjeux.com\/index.php\/wp-json\/wp\/v2\/product\/1705","targetHints":{"allow":["GET"]}}],"collection":[{"href":"https:\/\/crocjeux.com\/index.php\/wp-json\/wp\/v2\/product"}],"about":[{"href":"https:\/\/crocjeux.com\/index.php\/wp-json\/wp\/v2\/types\/product"}],"replies":[{"embeddable":true,"href":"https:\/\/crocjeux.com\/index.php\/wp-json\/wp\/v2\/comments?post=1705"}],"wp:featuredmedia":[{"embeddable":true,"href":"https:\/\/crocjeux.com\/index.php\/wp-json\/wp\/v2\/media\/1710"}],"wp:attachment":[{"href":"https:\/\/crocjeux.com\/index.php\/wp-json\/wp\/v2\/media?parent=1705"}],"wp:term":[{"taxonomy":"product_brand","embeddable":true,"href":"https:\/\/crocjeux.com\/index.php\/wp-json\/wp\/v2\/product_brand?post=1705"},{"taxonomy":"product_cat","embeddable":true,"href":"https:\/\/crocjeux.com\/index.php\/wp-json\/wp\/v2\/product_cat?post=1705"},{"taxonomy":"product_tag","embeddable":true,"href":"https:\/\/crocjeux.com\/index.php\/wp-json\/wp\/v2\/product_tag?post=1705"}],"curies":[{"name":"wp","href":"https:\/\/api.w.org\/{rel}","templated":true}]}}