{"id":1706,"date":"2021-01-08T12:17:38","date_gmt":"2021-01-08T11:17:38","guid":{"rendered":"https:\/\/crocjeux.com\/?post_type=product&#038;p=1706"},"modified":"2024-04-25T15:00:44","modified_gmt":"2024-04-25T14:00:44","slug":"colt-super-express","status":"publish","type":"product","link":"https:\/\/crocjeux.com\/index.php\/produit\/colt-super-express\/","title":{"rendered":"Colt Super Express"},"content":{"rendered":"<div id=\"short_description_block\">\n<div id=\"short_description_content\" class=\"rte align_justify hide-smartphone\">\n<p>Colt Super Express est un jeu familial dans lequel les joueurs incarnent des bandits \u00e0 bord d&rsquo;une locomotive lanc\u00e9e \u00e0 vive allure. Le gagnant sera le dernier \u00e0 rester dans le train.<\/p>\n<\/div>\n<\/div>\n<ul class=\"illustrated_features\">\n<li class=\"langue tooltips\" title=\"\" data-hasqtip=\"5\">Fran\u00e7ais<\/li>\n<li class=\"age tooltips\" title=\"\" data-hasqtip=\"6\" aria-describedby=\"qtip-6\">\u00a0\u00e0 partir de 7 ans<\/li>\n<li class=\"duree_partie tooltips\" title=\"\" data-hasqtip=\"7\">\u00a0moins de 30mn<\/li>\n<li class=\"nb_joueurs tooltips\" title=\"\" data-hasqtip=\"8\">\u00a03 \u00e0 7 joueur(s)<\/li>\n<\/ul>\n<h2>Encore plus fun et dynamique que Colt Express!<\/h2>\n<p>Dans\u00a0Colt Super Express, il y a un train et sept bandits. Sept, c\u2019en est 6 de trop ! Pour gagner la partie, vous devrez \u00eatre le dernier bandit \u00e0 bord du train !<\/p>\n<p>Si vous avez aim\u00e9 Colt Express, vous aimerez forc\u00e9ment ce nouvel opus. Colt Super Express est un concentr\u00e9 fr\u00e9n\u00e9tique de l&rsquo;autre jeu de la gamme. Le but n\u2019est plus de finir riche mais de rester en vie pour finir la partie ! Soyez le dernier dans le train pour remporter la partie mais attention aux explosifs qui r\u00e9duisent le nombre de wagons et aux tirs aff\u00fbt\u00e9s des autres Bandits.<\/p>\n<h2>Restez \u00e0 bord du train !<\/h2>\n<p>La partie se d\u00e9roule en plusieurs manches, divis\u00e9es chacune en 2 phases :<\/p>\n<ol>\n<li>Le Plan\u00a0: les joueurs prennent chacun 4 cartes actions et programment 3 cartes Action\u00a0 en les pla\u00e7ant face cach\u00e9e dans l\u2019ordre qu\u2019ils veulent les d\u00e9voiler.<\/li>\n<li>L&rsquo;Action\u00a0: les joueurs r\u00e9v\u00e8lent les uns apr\u00e8s les autres leurs cartes action selon l&rsquo;ordre \u00e9tabli.<\/li>\n<\/ol>\n<p>Une manche prend fin lorsque toutes les actions des joueurs ont \u00e9t\u00e9 jou\u00e9es. \u00c0 ce moment-l\u00e0, le wagon de queue est d\u00e9croch\u00e9 et le ou les joueurs qui s&rsquo;y trouvent sont \u00e9limin\u00e9s.<\/p>\n<p>Le jeu compte quatre actions diff\u00e9rentes :<\/p>\n<ul>\n<li>Se d\u00e9placer\u00a0: avancez d\u2019un wagon en suivant l\u2019orientation de votre pion<\/li>\n<li>Changer d&rsquo;\u00e9tage\u00a0: montez ou descendez d&rsquo;un \u00e9tage du wagon<\/li>\n<li>Se retourner\u00a0: changez l\u2019orientation d&rsquo;un pion<\/li>\n<li>Tirer\u00a0: tirez sur le premier bandit dans votre ligne de vue. Le tir couche le bandit vis\u00e9 et le propulse dans le wagon suivant. Attention si vous \u00e9tiez dans le dernier wagon, vous pouvez \u00eatre \u00e9ject\u00e9 ! La victime d\u2019un tir toujours \u00e0 bord devra obligatoirement utiliser sa prochaine Action pour se relever.<\/li>\n<\/ul>\n<p>Le jeu se termine quand il n\u2019y a plus de wagons, plus qu\u2019un seul bandit \u00e0 bord du train ou quand il n\u2019y a plus de bandit.<\/p>\n<h2>Deux extensions incluses<\/h2>\n<p>Deux extensions correspondant \u00e0 deux Actions suppl\u00e9mentaires, Tir r\u00e9flexe et Chevauch\u00e9e, sont incluses. Elles peuvent \u00eatre jou\u00e9es ensemble ou s\u00e9par\u00e9ment.<\/p>\n","protected":false},"excerpt":{"rendered":"<p>Colt Super Express est un jeu familial dans lequel les joueurs incarnent des bandits \u00e0 bord d&rsquo;une locomotive lanc\u00e9e \u00e0<\/p>\n","protected":false},"featured_media":1707,"comment_status":"open","ping_status":"closed","template":"","meta":{"colormag_page_container_layout":"default_layout","colormag_page_sidebar_layout":"default_layout"},"product_brand":[],"product_cat":[71,87,88],"product_tag":[],"class_list":{"0":"post-1706","1":"product","2":"type-product","3":"status-publish","4":"has-post-thumbnail","6":"product_cat-colt-express-jeux-a-deux","7":"product_cat-colt-express-jeux-familliaux","8":"product_cat-colt-express-jeux-strategie","10":"first","11":"instock","12":"taxable","13":"shipping-taxable","14":"purchasable","15":"product-type-simple"},"yoast_head":"<!-- This site is optimized with the Yoast SEO plugin v27.3 - https:\/\/yoast.com\/product\/yoast-seo-wordpress\/ -->\n<title>Colt Super Express - Croc Jeux<\/title>\n<meta name=\"robots\" content=\"index, follow, max-snippet:-1, max-image-preview:large, max-video-preview:-1\" \/>\n<link rel=\"canonical\" href=\"https:\/\/crocjeux.com\/index.php\/produit\/colt-super-express\/\" \/>\n<meta property=\"og:locale\" content=\"fr_FR\" \/>\n<meta property=\"og:type\" content=\"article\" \/>\n<meta property=\"og:title\" content=\"Colt Super Express - Croc Jeux\" \/>\n<meta property=\"og:description\" content=\"Colt Super Express est un jeu familial dans lequel les joueurs incarnent des bandits \u00e0 bord d&rsquo;une locomotive lanc\u00e9e \u00e0\" \/>\n<meta property=\"og:url\" content=\"https:\/\/crocjeux.com\/index.php\/produit\/colt-super-express\/\" \/>\n<meta property=\"og:site_name\" content=\"Croc Jeux\" \/>\n<meta property=\"article:modified_time\" content=\"2024-04-25T14:00:44+00:00\" \/>\n<meta property=\"og:image\" content=\"https:\/\/crocjeux.com\/wp-content\/uploads\/2021\/01\/colt-super-express.jpg\" \/>\n\t<meta property=\"og:image:width\" content=\"372\" \/>\n\t<meta property=\"og:image:height\" content=\"372\" \/>\n\t<meta property=\"og:image:type\" content=\"image\/jpeg\" \/>\n<meta name=\"twitter:card\" content=\"summary_large_image\" \/>\n<meta name=\"twitter:label1\" content=\"Dur\u00e9e de lecture estim\u00e9e\" \/>\n\t<meta name=\"twitter:data1\" content=\"2 minutes\" \/>\n<script type=\"application\/ld+json\" class=\"yoast-schema-graph\">{\"@context\":\"https:\\\/\\\/schema.org\",\"@graph\":[{\"@type\":\"WebPage\",\"@id\":\"https:\\\/\\\/crocjeux.com\\\/index.php\\\/produit\\\/colt-super-express\\\/\",\"url\":\"https:\\\/\\\/crocjeux.com\\\/index.php\\\/produit\\\/colt-super-express\\\/\",\"name\":\"Colt Super Express - Croc Jeux\",\"isPartOf\":{\"@id\":\"https:\\\/\\\/crocjeux.com\\\/#website\"},\"primaryImageOfPage\":{\"@id\":\"https:\\\/\\\/crocjeux.com\\\/index.php\\\/produit\\\/colt-super-express\\\/#primaryimage\"},\"image\":{\"@id\":\"https:\\\/\\\/crocjeux.com\\\/index.php\\\/produit\\\/colt-super-express\\\/#primaryimage\"},\"thumbnailUrl\":\"https:\\\/\\\/crocjeux.com\\\/wp-content\\\/uploads\\\/2021\\\/01\\\/colt-super-express.jpg\",\"datePublished\":\"2021-01-08T11:17:38+00:00\",\"dateModified\":\"2024-04-25T14:00:44+00:00\",\"breadcrumb\":{\"@id\":\"https:\\\/\\\/crocjeux.com\\\/index.php\\\/produit\\\/colt-super-express\\\/#breadcrumb\"},\"inLanguage\":\"fr-FR\",\"potentialAction\":[{\"@type\":\"ReadAction\",\"target\":[\"https:\\\/\\\/crocjeux.com\\\/index.php\\\/produit\\\/colt-super-express\\\/\"]}]},{\"@type\":\"ImageObject\",\"inLanguage\":\"fr-FR\",\"@id\":\"https:\\\/\\\/crocjeux.com\\\/index.php\\\/produit\\\/colt-super-express\\\/#primaryimage\",\"url\":\"https:\\\/\\\/crocjeux.com\\\/wp-content\\\/uploads\\\/2021\\\/01\\\/colt-super-express.jpg\",\"contentUrl\":\"https:\\\/\\\/crocjeux.com\\\/wp-content\\\/uploads\\\/2021\\\/01\\\/colt-super-express.jpg\",\"width\":372,\"height\":372},{\"@type\":\"BreadcrumbList\",\"@id\":\"https:\\\/\\\/crocjeux.com\\\/index.php\\\/produit\\\/colt-super-express\\\/#breadcrumb\",\"itemListElement\":[{\"@type\":\"ListItem\",\"position\":1,\"name\":\"Accueil\",\"item\":\"https:\\\/\\\/crocjeux.com\\\/\"},{\"@type\":\"ListItem\",\"position\":2,\"name\":\"Boutique\",\"item\":\"https:\\\/\\\/crocjeux.com\\\/\"},{\"@type\":\"ListItem\",\"position\":3,\"name\":\"Colt Super Express\"}]},{\"@type\":\"WebSite\",\"@id\":\"https:\\\/\\\/crocjeux.com\\\/#website\",\"url\":\"https:\\\/\\\/crocjeux.com\\\/\",\"name\":\"Croc Jeux\",\"description\":\"Bienvenue chez Croc Jeux!\",\"publisher\":{\"@id\":\"https:\\\/\\\/crocjeux.com\\\/#organization\"},\"potentialAction\":[{\"@type\":\"SearchAction\",\"target\":{\"@type\":\"EntryPoint\",\"urlTemplate\":\"https:\\\/\\\/crocjeux.com\\\/?s={search_term_string}\"},\"query-input\":{\"@type\":\"PropertyValueSpecification\",\"valueRequired\":true,\"valueName\":\"search_term_string\"}}],\"inLanguage\":\"fr-FR\"},{\"@type\":\"Organization\",\"@id\":\"https:\\\/\\\/crocjeux.com\\\/#organization\",\"name\":\"Croc Jeux\",\"url\":\"https:\\\/\\\/crocjeux.com\\\/\",\"logo\":{\"@type\":\"ImageObject\",\"inLanguage\":\"fr-FR\",\"@id\":\"https:\\\/\\\/crocjeux.com\\\/#\\\/schema\\\/logo\\\/image\\\/\",\"url\":\"https:\\\/\\\/crocjeux.com\\\/wp-content\\\/uploads\\\/2022\\\/01\\\/cropped-logo-croc-etape-1-e1644574034239.jpg\",\"contentUrl\":\"https:\\\/\\\/crocjeux.com\\\/wp-content\\\/uploads\\\/2022\\\/01\\\/cropped-logo-croc-etape-1-e1644574034239.jpg\",\"width\":1224,\"height\":314,\"caption\":\"Croc Jeux\"},\"image\":{\"@id\":\"https:\\\/\\\/crocjeux.com\\\/#\\\/schema\\\/logo\\\/image\\\/\"}}]}<\/script>\n<!-- \/ Yoast SEO plugin. -->","yoast_head_json":{"title":"Colt Super Express - Croc Jeux","robots":{"index":"index","follow":"follow","max-snippet":"max-snippet:-1","max-image-preview":"max-image-preview:large","max-video-preview":"max-video-preview:-1"},"canonical":"https:\/\/crocjeux.com\/index.php\/produit\/colt-super-express\/","og_locale":"fr_FR","og_type":"article","og_title":"Colt Super Express - Croc Jeux","og_description":"Colt Super Express est un jeu familial dans lequel les joueurs incarnent des bandits \u00e0 bord d&rsquo;une locomotive lanc\u00e9e \u00e0","og_url":"https:\/\/crocjeux.com\/index.php\/produit\/colt-super-express\/","og_site_name":"Croc Jeux","article_modified_time":"2024-04-25T14:00:44+00:00","og_image":[{"width":372,"height":372,"url":"https:\/\/crocjeux.com\/wp-content\/uploads\/2021\/01\/colt-super-express.jpg","type":"image\/jpeg"}],"twitter_card":"summary_large_image","twitter_misc":{"Dur\u00e9e de lecture estim\u00e9e":"2 minutes"},"schema":{"@context":"https:\/\/schema.org","@graph":[{"@type":"WebPage","@id":"https:\/\/crocjeux.com\/index.php\/produit\/colt-super-express\/","url":"https:\/\/crocjeux.com\/index.php\/produit\/colt-super-express\/","name":"Colt Super Express - Croc Jeux","isPartOf":{"@id":"https:\/\/crocjeux.com\/#website"},"primaryImageOfPage":{"@id":"https:\/\/crocjeux.com\/index.php\/produit\/colt-super-express\/#primaryimage"},"image":{"@id":"https:\/\/crocjeux.com\/index.php\/produit\/colt-super-express\/#primaryimage"},"thumbnailUrl":"https:\/\/crocjeux.com\/wp-content\/uploads\/2021\/01\/colt-super-express.jpg","datePublished":"2021-01-08T11:17:38+00:00","dateModified":"2024-04-25T14:00:44+00:00","breadcrumb":{"@id":"https:\/\/crocjeux.com\/index.php\/produit\/colt-super-express\/#breadcrumb"},"inLanguage":"fr-FR","potentialAction":[{"@type":"ReadAction","target":["https:\/\/crocjeux.com\/index.php\/produit\/colt-super-express\/"]}]},{"@type":"ImageObject","inLanguage":"fr-FR","@id":"https:\/\/crocjeux.com\/index.php\/produit\/colt-super-express\/#primaryimage","url":"https:\/\/crocjeux.com\/wp-content\/uploads\/2021\/01\/colt-super-express.jpg","contentUrl":"https:\/\/crocjeux.com\/wp-content\/uploads\/2021\/01\/colt-super-express.jpg","width":372,"height":372},{"@type":"BreadcrumbList","@id":"https:\/\/crocjeux.com\/index.php\/produit\/colt-super-express\/#breadcrumb","itemListElement":[{"@type":"ListItem","position":1,"name":"Accueil","item":"https:\/\/crocjeux.com\/"},{"@type":"ListItem","position":2,"name":"Boutique","item":"https:\/\/crocjeux.com\/"},{"@type":"ListItem","position":3,"name":"Colt Super Express"}]},{"@type":"WebSite","@id":"https:\/\/crocjeux.com\/#website","url":"https:\/\/crocjeux.com\/","name":"Croc Jeux","description":"Bienvenue chez Croc Jeux!","publisher":{"@id":"https:\/\/crocjeux.com\/#organization"},"potentialAction":[{"@type":"SearchAction","target":{"@type":"EntryPoint","urlTemplate":"https:\/\/crocjeux.com\/?s={search_term_string}"},"query-input":{"@type":"PropertyValueSpecification","valueRequired":true,"valueName":"search_term_string"}}],"inLanguage":"fr-FR"},{"@type":"Organization","@id":"https:\/\/crocjeux.com\/#organization","name":"Croc Jeux","url":"https:\/\/crocjeux.com\/","logo":{"@type":"ImageObject","inLanguage":"fr-FR","@id":"https:\/\/crocjeux.com\/#\/schema\/logo\/image\/","url":"https:\/\/crocjeux.com\/wp-content\/uploads\/2022\/01\/cropped-logo-croc-etape-1-e1644574034239.jpg","contentUrl":"https:\/\/crocjeux.com\/wp-content\/uploads\/2022\/01\/cropped-logo-croc-etape-1-e1644574034239.jpg","width":1224,"height":314,"caption":"Croc Jeux"},"image":{"@id":"https:\/\/crocjeux.com\/#\/schema\/logo\/image\/"}}]}},"_links":{"self":[{"href":"https:\/\/crocjeux.com\/index.php\/wp-json\/wp\/v2\/product\/1706","targetHints":{"allow":["GET"]}}],"collection":[{"href":"https:\/\/crocjeux.com\/index.php\/wp-json\/wp\/v2\/product"}],"about":[{"href":"https:\/\/crocjeux.com\/index.php\/wp-json\/wp\/v2\/types\/product"}],"replies":[{"embeddable":true,"href":"https:\/\/crocjeux.com\/index.php\/wp-json\/wp\/v2\/comments?post=1706"}],"wp:featuredmedia":[{"embeddable":true,"href":"https:\/\/crocjeux.com\/index.php\/wp-json\/wp\/v2\/media\/1707"}],"wp:attachment":[{"href":"https:\/\/crocjeux.com\/index.php\/wp-json\/wp\/v2\/media?parent=1706"}],"wp:term":[{"taxonomy":"product_brand","embeddable":true,"href":"https:\/\/crocjeux.com\/index.php\/wp-json\/wp\/v2\/product_brand?post=1706"},{"taxonomy":"product_cat","embeddable":true,"href":"https:\/\/crocjeux.com\/index.php\/wp-json\/wp\/v2\/product_cat?post=1706"},{"taxonomy":"product_tag","embeddable":true,"href":"https:\/\/crocjeux.com\/index.php\/wp-json\/wp\/v2\/product_tag?post=1706"}],"curies":[{"name":"wp","href":"https:\/\/api.w.org\/{rel}","templated":true}]}}