{"id":172,"date":"2020-10-29T16:12:13","date_gmt":"2020-10-29T15:12:13","guid":{"rendered":"https:\/\/crocjeux.com\/?post_type=product&#038;p=172"},"modified":"2024-03-19T12:42:24","modified_gmt":"2024-03-19T11:42:24","slug":"codenames","status":"publish","type":"product","link":"https:\/\/crocjeux.com\/index.php\/produit\/codenames\/","title":{"rendered":"Codenames"},"content":{"rendered":"<section id=\"tab-description\" class=\"page-product-box r-tabs-panel r-tabs-state-active\">\n<div class=\"rte\">\n<h2>Codenames, un jeu d&rsquo;ambiance et d&rsquo;espionnage<\/h2>\n<p>Dans Codenames, les joueurs incarnent des espions d&rsquo;\u00e9lite r\u00e9partis dans deux \u00e9quipes. \u00c0 la t\u00eate de chaque \u00e9quipe, un ma\u00eetre-espion dirige les op\u00e9rations. Les deux ma\u00eetres-espions sont les seuls \u00e0 avoir connaissance de toutes les identit\u00e9s des autres agents en mission. Ces derniers ne sont connus que par leur nom de code.<\/p>\n<p>L&rsquo;objectif du jeu est que chaque \u00e9quipe doit retrouver leur agents en se basant sur leurs noms de codes.<\/p>\n<h2>Codenames, un jeu de d\u00e9duction<\/h2>\n<p>Codenames est un jeu d\u2019association d\u2019id\u00e9es pour 2 \u00e0 8 joueurs (voire plus !). Pour retrouver sous quel nom de code se cachent vos informateurs, \u00e9coutez bien les indices donn\u00e9s par les deux ma\u00eetres-espions et prenez garde \u00e0 ne pas contacter un informateur ennemi, ou pire\u2026 le redoutable assassin ! Si une \u00e9quipe tombe par malchance sur ce vil personnage, la partie s&rsquo;arr\u00eate et l&rsquo;autre \u00e9quipe remporte la mission.<\/p>\n<p>Les deux ma\u00eetres-espions connaissent l\u2019identit\u00e9 des 25 informateurs cach\u00e9s dans la foule, mais leurs agents, eux, ne voient que les nom de code, symbolis\u00e9s dans le jeu par des mots.<\/p>\n<p>Les \u00e9quipes rivalisent d\u2019ing\u00e9niosit\u00e9 pour \u00eatre les premiers \u00e0 prendre contact avec tous leurs informateurs. Pour cela, les ma\u00eetres-espions donnent un et un seul mot d\u2019indice pouvant d\u00e9signer plusieurs noms de code. Leurs agents essayent, d\u00e8s lors, de deviner les noms de code de leur couleur (bleu ou rouge) et d\u2019\u00e9viter ceux de l\u2019autre \u00e9quipe. Et par dessus tout, tout le monde veut \u00e9viter l\u2019assassin !<\/p>\n<p>La premi\u00e8re \u00e9quipe qui identifie tous ses Informateurs gagne la partie.<\/p>\n<h2>Codenames, un jeu \u00e0 rebondissements<\/h2>\n<p>Dans Codenames, les joueurs devront rester sur leurs gardes \u00e0 chaque minute de la partie. Les faux-pas sont fr\u00e9quents et chaque erreur peut \u00eatre fatale aux \u00e9quipes. L&rsquo;int\u00e9r\u00eat du jeu repose sur le sens multiple des mots. Les ma\u00eetres-espions devront bien choisir leurs indices et veiller \u00e0 ne pas prendre trop de risques avec l&rsquo;assassin;<\/p>\n<p>Et pour corser encore davantage la mission, les participants devront jouer sous la pression d&rsquo;un sablier. Pour gagner, les agents devront donc r\u00e9fl\u00e9chir vite et bien. Sacr\u00e9 challenge !<\/p>\n<\/div>\n<\/section>\n","protected":false},"excerpt":{"rendered":"<div id=\"short_description_block\">\n<div id=\"short_description_content\" class=\"rte align_justify hide-smartphone\">\n<p>Codenames est un jeu de langage et de d\u00e9duction dans lequel s&rsquo;affrontent deux \u00e9quipes d&rsquo;espions. \u00c0 leur t\u00eate, deux ma\u00eetres de l&rsquo;espionnage rivaux sont les seuls \u00e0 conna\u00eetre les identit\u00e9s secr\u00e8tes des 25 agents.<\/p>\n<\/div>\n<\/div>\n","protected":false},"featured_media":173,"comment_status":"open","ping_status":"closed","template":"","meta":{"colormag_page_container_layout":"default_layout","colormag_page_sidebar_layout":"default_layout"},"product_brand":[],"product_cat":[40,36,37],"product_tag":[],"class_list":{"0":"post-172","1":"product","2":"type-product","3":"status-publish","4":"has-post-thumbnail","6":"product_cat-jeux-dambiance","7":"product_cat-jeux-familiaux","8":"product_cat-ne-ratez-pas","10":"first","11":"instock","12":"featured","13":"taxable","14":"shipping-taxable","15":"purchasable","16":"product-type-simple"},"yoast_head":"<!-- This site is optimized with the Yoast SEO plugin v27.3 - https:\/\/yoast.com\/product\/yoast-seo-wordpress\/ -->\n<title>Codenames - Croc Jeux<\/title>\n<meta name=\"robots\" content=\"index, follow, max-snippet:-1, max-image-preview:large, max-video-preview:-1\" \/>\n<link rel=\"canonical\" href=\"https:\/\/crocjeux.com\/index.php\/produit\/codenames\/\" \/>\n<meta property=\"og:locale\" content=\"fr_FR\" \/>\n<meta property=\"og:type\" content=\"article\" \/>\n<meta property=\"og:title\" content=\"Codenames - Croc Jeux\" \/>\n<meta property=\"og:description\" content=\"Codenames est un jeu de langage et de d\u00e9duction dans lequel s&#039;affrontent deux \u00e9quipes d&#039;espions. \u00c0 leur t\u00eate, deux ma\u00eetres de l&#039;espionnage rivaux sont les seuls \u00e0 conna\u00eetre les identit\u00e9s secr\u00e8tes des 25 agents.\" \/>\n<meta property=\"og:url\" content=\"https:\/\/crocjeux.com\/index.php\/produit\/codenames\/\" \/>\n<meta property=\"og:site_name\" content=\"Croc Jeux\" \/>\n<meta property=\"article:modified_time\" content=\"2024-03-19T11:42:24+00:00\" \/>\n<meta property=\"og:image\" content=\"https:\/\/crocjeux.com\/wp-content\/uploads\/2020\/10\/codename.png\" \/>\n\t<meta property=\"og:image:width\" content=\"596\" \/>\n\t<meta property=\"og:image:height\" content=\"858\" \/>\n\t<meta property=\"og:image:type\" content=\"image\/png\" \/>\n<meta name=\"twitter:card\" content=\"summary_large_image\" \/>\n<meta name=\"twitter:label1\" content=\"Dur\u00e9e de lecture estim\u00e9e\" \/>\n\t<meta name=\"twitter:data1\" content=\"2 minutes\" \/>\n<script type=\"application\/ld+json\" class=\"yoast-schema-graph\">{\"@context\":\"https:\\\/\\\/schema.org\",\"@graph\":[{\"@type\":\"WebPage\",\"@id\":\"https:\\\/\\\/crocjeux.com\\\/index.php\\\/produit\\\/codenames\\\/\",\"url\":\"https:\\\/\\\/crocjeux.com\\\/index.php\\\/produit\\\/codenames\\\/\",\"name\":\"Codenames - Croc Jeux\",\"isPartOf\":{\"@id\":\"https:\\\/\\\/crocjeux.com\\\/#website\"},\"primaryImageOfPage\":{\"@id\":\"https:\\\/\\\/crocjeux.com\\\/index.php\\\/produit\\\/codenames\\\/#primaryimage\"},\"image\":{\"@id\":\"https:\\\/\\\/crocjeux.com\\\/index.php\\\/produit\\\/codenames\\\/#primaryimage\"},\"thumbnailUrl\":\"https:\\\/\\\/crocjeux.com\\\/wp-content\\\/uploads\\\/2020\\\/10\\\/codename.png\",\"datePublished\":\"2020-10-29T15:12:13+00:00\",\"dateModified\":\"2024-03-19T11:42:24+00:00\",\"breadcrumb\":{\"@id\":\"https:\\\/\\\/crocjeux.com\\\/index.php\\\/produit\\\/codenames\\\/#breadcrumb\"},\"inLanguage\":\"fr-FR\",\"potentialAction\":[{\"@type\":\"ReadAction\",\"target\":[\"https:\\\/\\\/crocjeux.com\\\/index.php\\\/produit\\\/codenames\\\/\"]}]},{\"@type\":\"ImageObject\",\"inLanguage\":\"fr-FR\",\"@id\":\"https:\\\/\\\/crocjeux.com\\\/index.php\\\/produit\\\/codenames\\\/#primaryimage\",\"url\":\"https:\\\/\\\/crocjeux.com\\\/wp-content\\\/uploads\\\/2020\\\/10\\\/codename.png\",\"contentUrl\":\"https:\\\/\\\/crocjeux.com\\\/wp-content\\\/uploads\\\/2020\\\/10\\\/codename.png\",\"width\":596,\"height\":858},{\"@type\":\"BreadcrumbList\",\"@id\":\"https:\\\/\\\/crocjeux.com\\\/index.php\\\/produit\\\/codenames\\\/#breadcrumb\",\"itemListElement\":[{\"@type\":\"ListItem\",\"position\":1,\"name\":\"Accueil\",\"item\":\"https:\\\/\\\/crocjeux.com\\\/\"},{\"@type\":\"ListItem\",\"position\":2,\"name\":\"Boutique\",\"item\":\"https:\\\/\\\/crocjeux.com\\\/\"},{\"@type\":\"ListItem\",\"position\":3,\"name\":\"Codenames\"}]},{\"@type\":\"WebSite\",\"@id\":\"https:\\\/\\\/crocjeux.com\\\/#website\",\"url\":\"https:\\\/\\\/crocjeux.com\\\/\",\"name\":\"Croc Jeux\",\"description\":\"Bienvenue chez Croc Jeux!\",\"publisher\":{\"@id\":\"https:\\\/\\\/crocjeux.com\\\/#organization\"},\"potentialAction\":[{\"@type\":\"SearchAction\",\"target\":{\"@type\":\"EntryPoint\",\"urlTemplate\":\"https:\\\/\\\/crocjeux.com\\\/?s={search_term_string}\"},\"query-input\":{\"@type\":\"PropertyValueSpecification\",\"valueRequired\":true,\"valueName\":\"search_term_string\"}}],\"inLanguage\":\"fr-FR\"},{\"@type\":\"Organization\",\"@id\":\"https:\\\/\\\/crocjeux.com\\\/#organization\",\"name\":\"Croc Jeux\",\"url\":\"https:\\\/\\\/crocjeux.com\\\/\",\"logo\":{\"@type\":\"ImageObject\",\"inLanguage\":\"fr-FR\",\"@id\":\"https:\\\/\\\/crocjeux.com\\\/#\\\/schema\\\/logo\\\/image\\\/\",\"url\":\"https:\\\/\\\/crocjeux.com\\\/wp-content\\\/uploads\\\/2022\\\/01\\\/cropped-logo-croc-etape-1-e1644574034239.jpg\",\"contentUrl\":\"https:\\\/\\\/crocjeux.com\\\/wp-content\\\/uploads\\\/2022\\\/01\\\/cropped-logo-croc-etape-1-e1644574034239.jpg\",\"width\":1224,\"height\":314,\"caption\":\"Croc Jeux\"},\"image\":{\"@id\":\"https:\\\/\\\/crocjeux.com\\\/#\\\/schema\\\/logo\\\/image\\\/\"}}]}<\/script>\n<!-- \/ Yoast SEO plugin. -->","yoast_head_json":{"title":"Codenames - Croc Jeux","robots":{"index":"index","follow":"follow","max-snippet":"max-snippet:-1","max-image-preview":"max-image-preview:large","max-video-preview":"max-video-preview:-1"},"canonical":"https:\/\/crocjeux.com\/index.php\/produit\/codenames\/","og_locale":"fr_FR","og_type":"article","og_title":"Codenames - Croc Jeux","og_description":"Codenames est un jeu de langage et de d\u00e9duction dans lequel s'affrontent deux \u00e9quipes d'espions. \u00c0 leur t\u00eate, deux ma\u00eetres de l'espionnage rivaux sont les seuls \u00e0 conna\u00eetre les identit\u00e9s secr\u00e8tes des 25 agents.","og_url":"https:\/\/crocjeux.com\/index.php\/produit\/codenames\/","og_site_name":"Croc Jeux","article_modified_time":"2024-03-19T11:42:24+00:00","og_image":[{"width":596,"height":858,"url":"https:\/\/crocjeux.com\/wp-content\/uploads\/2020\/10\/codename.png","type":"image\/png"}],"twitter_card":"summary_large_image","twitter_misc":{"Dur\u00e9e de lecture estim\u00e9e":"2 minutes"},"schema":{"@context":"https:\/\/schema.org","@graph":[{"@type":"WebPage","@id":"https:\/\/crocjeux.com\/index.php\/produit\/codenames\/","url":"https:\/\/crocjeux.com\/index.php\/produit\/codenames\/","name":"Codenames - Croc Jeux","isPartOf":{"@id":"https:\/\/crocjeux.com\/#website"},"primaryImageOfPage":{"@id":"https:\/\/crocjeux.com\/index.php\/produit\/codenames\/#primaryimage"},"image":{"@id":"https:\/\/crocjeux.com\/index.php\/produit\/codenames\/#primaryimage"},"thumbnailUrl":"https:\/\/crocjeux.com\/wp-content\/uploads\/2020\/10\/codename.png","datePublished":"2020-10-29T15:12:13+00:00","dateModified":"2024-03-19T11:42:24+00:00","breadcrumb":{"@id":"https:\/\/crocjeux.com\/index.php\/produit\/codenames\/#breadcrumb"},"inLanguage":"fr-FR","potentialAction":[{"@type":"ReadAction","target":["https:\/\/crocjeux.com\/index.php\/produit\/codenames\/"]}]},{"@type":"ImageObject","inLanguage":"fr-FR","@id":"https:\/\/crocjeux.com\/index.php\/produit\/codenames\/#primaryimage","url":"https:\/\/crocjeux.com\/wp-content\/uploads\/2020\/10\/codename.png","contentUrl":"https:\/\/crocjeux.com\/wp-content\/uploads\/2020\/10\/codename.png","width":596,"height":858},{"@type":"BreadcrumbList","@id":"https:\/\/crocjeux.com\/index.php\/produit\/codenames\/#breadcrumb","itemListElement":[{"@type":"ListItem","position":1,"name":"Accueil","item":"https:\/\/crocjeux.com\/"},{"@type":"ListItem","position":2,"name":"Boutique","item":"https:\/\/crocjeux.com\/"},{"@type":"ListItem","position":3,"name":"Codenames"}]},{"@type":"WebSite","@id":"https:\/\/crocjeux.com\/#website","url":"https:\/\/crocjeux.com\/","name":"Croc Jeux","description":"Bienvenue chez Croc Jeux!","publisher":{"@id":"https:\/\/crocjeux.com\/#organization"},"potentialAction":[{"@type":"SearchAction","target":{"@type":"EntryPoint","urlTemplate":"https:\/\/crocjeux.com\/?s={search_term_string}"},"query-input":{"@type":"PropertyValueSpecification","valueRequired":true,"valueName":"search_term_string"}}],"inLanguage":"fr-FR"},{"@type":"Organization","@id":"https:\/\/crocjeux.com\/#organization","name":"Croc Jeux","url":"https:\/\/crocjeux.com\/","logo":{"@type":"ImageObject","inLanguage":"fr-FR","@id":"https:\/\/crocjeux.com\/#\/schema\/logo\/image\/","url":"https:\/\/crocjeux.com\/wp-content\/uploads\/2022\/01\/cropped-logo-croc-etape-1-e1644574034239.jpg","contentUrl":"https:\/\/crocjeux.com\/wp-content\/uploads\/2022\/01\/cropped-logo-croc-etape-1-e1644574034239.jpg","width":1224,"height":314,"caption":"Croc Jeux"},"image":{"@id":"https:\/\/crocjeux.com\/#\/schema\/logo\/image\/"}}]}},"_links":{"self":[{"href":"https:\/\/crocjeux.com\/index.php\/wp-json\/wp\/v2\/product\/172","targetHints":{"allow":["GET"]}}],"collection":[{"href":"https:\/\/crocjeux.com\/index.php\/wp-json\/wp\/v2\/product"}],"about":[{"href":"https:\/\/crocjeux.com\/index.php\/wp-json\/wp\/v2\/types\/product"}],"replies":[{"embeddable":true,"href":"https:\/\/crocjeux.com\/index.php\/wp-json\/wp\/v2\/comments?post=172"}],"wp:featuredmedia":[{"embeddable":true,"href":"https:\/\/crocjeux.com\/index.php\/wp-json\/wp\/v2\/media\/173"}],"wp:attachment":[{"href":"https:\/\/crocjeux.com\/index.php\/wp-json\/wp\/v2\/media?parent=172"}],"wp:term":[{"taxonomy":"product_brand","embeddable":true,"href":"https:\/\/crocjeux.com\/index.php\/wp-json\/wp\/v2\/product_brand?post=172"},{"taxonomy":"product_cat","embeddable":true,"href":"https:\/\/crocjeux.com\/index.php\/wp-json\/wp\/v2\/product_cat?post=172"},{"taxonomy":"product_tag","embeddable":true,"href":"https:\/\/crocjeux.com\/index.php\/wp-json\/wp\/v2\/product_tag?post=172"}],"curies":[{"name":"wp","href":"https:\/\/api.w.org\/{rel}","templated":true}]}}