{"id":1722,"date":"2021-01-08T12:18:44","date_gmt":"2021-01-08T11:18:44","guid":{"rendered":"https:\/\/crocjeux.com\/?post_type=product&#038;p=1722"},"modified":"2022-03-10T12:20:09","modified_gmt":"2022-03-10T11:20:09","slug":"colt-express-bandits-django","status":"publish","type":"product","link":"https:\/\/crocjeux.com\/index.php\/produit\/colt-express-bandits-django\/","title":{"rendered":"Colt Express &#8211; Bandits : Django"},"content":{"rendered":"<div id=\"short_description_block\">\n<div id=\"short_description_content\" class=\"rte align_justify hide-smartphone\">Et si vos adversaires n\u2019\u00e9taient pas seulement les autres joueurs, mais aussi le jeu\u2026 voici Django, l&rsquo;homme \u00e0 la dynamite !<\/div>\n<\/div>\n<ul class=\"illustrated_features\">\n<li class=\"langue tooltips\" title=\"\" data-hasqtip=\"5\" aria-describedby=\"qtip-5\">Fran\u00e7ais, Anglais<\/li>\n<li class=\"age tooltips\" title=\"\" data-hasqtip=\"6\">\u00a0\u00e0 partir de 10 ans<\/li>\n<li class=\"duree_partie tooltips\" title=\"\" data-hasqtip=\"7\">\u00a030mn \u00e0 1h<\/li>\n<li class=\"nb_joueurs tooltips\" title=\"\" data-hasqtip=\"8\">\u00a02 \u00e0 6 joueur(s)<\/li>\n<\/ul>\n<p>Et si vos adversaires n\u2019\u00e9taient pas seulement les autres joueurs, mais aussi le jeu\u2026<\/p>\n<p>Le principe de chacune de ces mini-extensions est de faire jouer un Bandit par le jeu lui-m\u00eame.<br \/>\nUne nouvelle histoire s\u2019\u00e9crit \u00e0 chaque fois, car chaque mini-extension propose un objectif et des actions sp\u00e9cifiques pour le Bandit jou\u00e9 par le jeu.<\/p>\n<div>Ce Bandit peut gagner, et dans ce cas, aucun joueur autour de la table n\u2019est vainqueur. Il faut donc s\u2019unir contre ce Bandit \u00ab automate \u00bb, sans oublier qu\u2019il n\u2019y a qu\u2019un seul vainqueur, le plus riche, bien entendu.<\/div>\n<p>Chacune des mini-extensions suivantes se joue seule, avec le jeu de base Colt Express. Elles ne sont pas compatibles entre elles, ni avec les autres extensions existantes.<\/p>\n<div><\/div>\n<div><\/div>\n<div><i><b>L&rsquo;Homme \u00e0 la Dynamite<\/b><\/i><\/div>\n<div><\/div>\n<div>Django tire sur tout ce qui bouge. Il est capable de viser plusieurs Bandits \u00e0 la fois et ainsi de distribuer plusieurs balles en un seul tir.<br \/>\nDjango a toujours eu un faible pour la dynamite. Il en d\u00e9pose dans les wagons, de mani\u00e8re impr\u00e9visible.Il est capable d\u2019en faire exploser plusieurs \u00e0 la fois et ainsi d\u2019expulser tous les Bandits qui auraient le malheur de se trouver au mauvais endroit au mauvais moment.<br \/>\nS\u2019il parvient \u00e0 expulser du train chaque Bandit au moins une fois, Django gagne le partie.<\/div>\n","protected":false},"excerpt":{"rendered":"<p>Et si vos adversaires n\u2019\u00e9taient pas seulement les autres joueurs, mais aussi le jeu\u2026 voici Django, l&rsquo;homme \u00e0 la dynamite<\/p>\n","protected":false},"featured_media":1723,"comment_status":"open","ping_status":"closed","template":"","meta":{"colormag_page_container_layout":"default_layout","colormag_page_sidebar_layout":"default_layout"},"product_brand":[],"product_cat":[71,87,88],"product_tag":[],"class_list":{"0":"post-1722","1":"product","2":"type-product","3":"status-publish","4":"has-post-thumbnail","6":"product_cat-colt-express-jeux-a-deux","7":"product_cat-colt-express-jeux-familliaux","8":"product_cat-colt-express-jeux-strategie","10":"first","11":"instock","12":"taxable","13":"shipping-taxable","14":"purchasable","15":"product-type-simple"},"yoast_head":"<!-- This site is optimized with the Yoast SEO plugin v27.3 - https:\/\/yoast.com\/product\/yoast-seo-wordpress\/ -->\n<title>Colt Express - Bandits : Django - Croc Jeux<\/title>\n<meta name=\"robots\" content=\"index, follow, max-snippet:-1, max-image-preview:large, max-video-preview:-1\" \/>\n<link rel=\"canonical\" href=\"https:\/\/crocjeux.com\/index.php\/produit\/colt-express-bandits-django\/\" \/>\n<meta property=\"og:locale\" content=\"fr_FR\" \/>\n<meta property=\"og:type\" content=\"article\" \/>\n<meta property=\"og:title\" content=\"Colt Express - Bandits : Django - Croc Jeux\" \/>\n<meta property=\"og:description\" content=\"Et si vos adversaires n\u2019\u00e9taient pas seulement les autres joueurs, mais aussi le jeu\u2026 voici Django, l&rsquo;homme \u00e0 la dynamite\" \/>\n<meta property=\"og:url\" content=\"https:\/\/crocjeux.com\/index.php\/produit\/colt-express-bandits-django\/\" \/>\n<meta property=\"og:site_name\" content=\"Croc Jeux\" \/>\n<meta property=\"article:modified_time\" content=\"2022-03-10T11:20:09+00:00\" \/>\n<meta property=\"og:image\" content=\"https:\/\/crocjeux.com\/wp-content\/uploads\/2021\/01\/colt-express-bandits-django.jpg\" \/>\n\t<meta property=\"og:image:width\" content=\"372\" \/>\n\t<meta property=\"og:image:height\" content=\"372\" \/>\n\t<meta property=\"og:image:type\" content=\"image\/jpeg\" \/>\n<meta name=\"twitter:card\" content=\"summary_large_image\" \/>\n<meta name=\"twitter:label1\" content=\"Dur\u00e9e de lecture estim\u00e9e\" \/>\n\t<meta name=\"twitter:data1\" content=\"1 minute\" \/>\n<script type=\"application\/ld+json\" class=\"yoast-schema-graph\">{\"@context\":\"https:\\\/\\\/schema.org\",\"@graph\":[{\"@type\":\"WebPage\",\"@id\":\"https:\\\/\\\/crocjeux.com\\\/index.php\\\/produit\\\/colt-express-bandits-django\\\/\",\"url\":\"https:\\\/\\\/crocjeux.com\\\/index.php\\\/produit\\\/colt-express-bandits-django\\\/\",\"name\":\"Colt Express - Bandits : Django - Croc Jeux\",\"isPartOf\":{\"@id\":\"https:\\\/\\\/crocjeux.com\\\/#website\"},\"primaryImageOfPage\":{\"@id\":\"https:\\\/\\\/crocjeux.com\\\/index.php\\\/produit\\\/colt-express-bandits-django\\\/#primaryimage\"},\"image\":{\"@id\":\"https:\\\/\\\/crocjeux.com\\\/index.php\\\/produit\\\/colt-express-bandits-django\\\/#primaryimage\"},\"thumbnailUrl\":\"https:\\\/\\\/crocjeux.com\\\/wp-content\\\/uploads\\\/2021\\\/01\\\/colt-express-bandits-django.jpg\",\"datePublished\":\"2021-01-08T11:18:44+00:00\",\"dateModified\":\"2022-03-10T11:20:09+00:00\",\"breadcrumb\":{\"@id\":\"https:\\\/\\\/crocjeux.com\\\/index.php\\\/produit\\\/colt-express-bandits-django\\\/#breadcrumb\"},\"inLanguage\":\"fr-FR\",\"potentialAction\":[{\"@type\":\"ReadAction\",\"target\":[\"https:\\\/\\\/crocjeux.com\\\/index.php\\\/produit\\\/colt-express-bandits-django\\\/\"]}]},{\"@type\":\"ImageObject\",\"inLanguage\":\"fr-FR\",\"@id\":\"https:\\\/\\\/crocjeux.com\\\/index.php\\\/produit\\\/colt-express-bandits-django\\\/#primaryimage\",\"url\":\"https:\\\/\\\/crocjeux.com\\\/wp-content\\\/uploads\\\/2021\\\/01\\\/colt-express-bandits-django.jpg\",\"contentUrl\":\"https:\\\/\\\/crocjeux.com\\\/wp-content\\\/uploads\\\/2021\\\/01\\\/colt-express-bandits-django.jpg\",\"width\":372,\"height\":372},{\"@type\":\"BreadcrumbList\",\"@id\":\"https:\\\/\\\/crocjeux.com\\\/index.php\\\/produit\\\/colt-express-bandits-django\\\/#breadcrumb\",\"itemListElement\":[{\"@type\":\"ListItem\",\"position\":1,\"name\":\"Accueil\",\"item\":\"https:\\\/\\\/crocjeux.com\\\/\"},{\"@type\":\"ListItem\",\"position\":2,\"name\":\"Boutique\",\"item\":\"https:\\\/\\\/crocjeux.com\\\/\"},{\"@type\":\"ListItem\",\"position\":3,\"name\":\"Colt Express &#8211; Bandits : Django\"}]},{\"@type\":\"WebSite\",\"@id\":\"https:\\\/\\\/crocjeux.com\\\/#website\",\"url\":\"https:\\\/\\\/crocjeux.com\\\/\",\"name\":\"Croc Jeux\",\"description\":\"Bienvenue chez Croc Jeux!\",\"publisher\":{\"@id\":\"https:\\\/\\\/crocjeux.com\\\/#organization\"},\"potentialAction\":[{\"@type\":\"SearchAction\",\"target\":{\"@type\":\"EntryPoint\",\"urlTemplate\":\"https:\\\/\\\/crocjeux.com\\\/?s={search_term_string}\"},\"query-input\":{\"@type\":\"PropertyValueSpecification\",\"valueRequired\":true,\"valueName\":\"search_term_string\"}}],\"inLanguage\":\"fr-FR\"},{\"@type\":\"Organization\",\"@id\":\"https:\\\/\\\/crocjeux.com\\\/#organization\",\"name\":\"Croc Jeux\",\"url\":\"https:\\\/\\\/crocjeux.com\\\/\",\"logo\":{\"@type\":\"ImageObject\",\"inLanguage\":\"fr-FR\",\"@id\":\"https:\\\/\\\/crocjeux.com\\\/#\\\/schema\\\/logo\\\/image\\\/\",\"url\":\"https:\\\/\\\/crocjeux.com\\\/wp-content\\\/uploads\\\/2022\\\/01\\\/cropped-logo-croc-etape-1-e1644574034239.jpg\",\"contentUrl\":\"https:\\\/\\\/crocjeux.com\\\/wp-content\\\/uploads\\\/2022\\\/01\\\/cropped-logo-croc-etape-1-e1644574034239.jpg\",\"width\":1224,\"height\":314,\"caption\":\"Croc Jeux\"},\"image\":{\"@id\":\"https:\\\/\\\/crocjeux.com\\\/#\\\/schema\\\/logo\\\/image\\\/\"}}]}<\/script>\n<!-- \/ Yoast SEO plugin. -->","yoast_head_json":{"title":"Colt Express - Bandits : Django - Croc Jeux","robots":{"index":"index","follow":"follow","max-snippet":"max-snippet:-1","max-image-preview":"max-image-preview:large","max-video-preview":"max-video-preview:-1"},"canonical":"https:\/\/crocjeux.com\/index.php\/produit\/colt-express-bandits-django\/","og_locale":"fr_FR","og_type":"article","og_title":"Colt Express - Bandits : Django - Croc Jeux","og_description":"Et si vos adversaires n\u2019\u00e9taient pas seulement les autres joueurs, mais aussi le jeu\u2026 voici Django, l&rsquo;homme \u00e0 la dynamite","og_url":"https:\/\/crocjeux.com\/index.php\/produit\/colt-express-bandits-django\/","og_site_name":"Croc Jeux","article_modified_time":"2022-03-10T11:20:09+00:00","og_image":[{"width":372,"height":372,"url":"https:\/\/crocjeux.com\/wp-content\/uploads\/2021\/01\/colt-express-bandits-django.jpg","type":"image\/jpeg"}],"twitter_card":"summary_large_image","twitter_misc":{"Dur\u00e9e de lecture estim\u00e9e":"1 minute"},"schema":{"@context":"https:\/\/schema.org","@graph":[{"@type":"WebPage","@id":"https:\/\/crocjeux.com\/index.php\/produit\/colt-express-bandits-django\/","url":"https:\/\/crocjeux.com\/index.php\/produit\/colt-express-bandits-django\/","name":"Colt Express - Bandits : Django - Croc Jeux","isPartOf":{"@id":"https:\/\/crocjeux.com\/#website"},"primaryImageOfPage":{"@id":"https:\/\/crocjeux.com\/index.php\/produit\/colt-express-bandits-django\/#primaryimage"},"image":{"@id":"https:\/\/crocjeux.com\/index.php\/produit\/colt-express-bandits-django\/#primaryimage"},"thumbnailUrl":"https:\/\/crocjeux.com\/wp-content\/uploads\/2021\/01\/colt-express-bandits-django.jpg","datePublished":"2021-01-08T11:18:44+00:00","dateModified":"2022-03-10T11:20:09+00:00","breadcrumb":{"@id":"https:\/\/crocjeux.com\/index.php\/produit\/colt-express-bandits-django\/#breadcrumb"},"inLanguage":"fr-FR","potentialAction":[{"@type":"ReadAction","target":["https:\/\/crocjeux.com\/index.php\/produit\/colt-express-bandits-django\/"]}]},{"@type":"ImageObject","inLanguage":"fr-FR","@id":"https:\/\/crocjeux.com\/index.php\/produit\/colt-express-bandits-django\/#primaryimage","url":"https:\/\/crocjeux.com\/wp-content\/uploads\/2021\/01\/colt-express-bandits-django.jpg","contentUrl":"https:\/\/crocjeux.com\/wp-content\/uploads\/2021\/01\/colt-express-bandits-django.jpg","width":372,"height":372},{"@type":"BreadcrumbList","@id":"https:\/\/crocjeux.com\/index.php\/produit\/colt-express-bandits-django\/#breadcrumb","itemListElement":[{"@type":"ListItem","position":1,"name":"Accueil","item":"https:\/\/crocjeux.com\/"},{"@type":"ListItem","position":2,"name":"Boutique","item":"https:\/\/crocjeux.com\/"},{"@type":"ListItem","position":3,"name":"Colt Express &#8211; Bandits : Django"}]},{"@type":"WebSite","@id":"https:\/\/crocjeux.com\/#website","url":"https:\/\/crocjeux.com\/","name":"Croc Jeux","description":"Bienvenue chez Croc Jeux!","publisher":{"@id":"https:\/\/crocjeux.com\/#organization"},"potentialAction":[{"@type":"SearchAction","target":{"@type":"EntryPoint","urlTemplate":"https:\/\/crocjeux.com\/?s={search_term_string}"},"query-input":{"@type":"PropertyValueSpecification","valueRequired":true,"valueName":"search_term_string"}}],"inLanguage":"fr-FR"},{"@type":"Organization","@id":"https:\/\/crocjeux.com\/#organization","name":"Croc Jeux","url":"https:\/\/crocjeux.com\/","logo":{"@type":"ImageObject","inLanguage":"fr-FR","@id":"https:\/\/crocjeux.com\/#\/schema\/logo\/image\/","url":"https:\/\/crocjeux.com\/wp-content\/uploads\/2022\/01\/cropped-logo-croc-etape-1-e1644574034239.jpg","contentUrl":"https:\/\/crocjeux.com\/wp-content\/uploads\/2022\/01\/cropped-logo-croc-etape-1-e1644574034239.jpg","width":1224,"height":314,"caption":"Croc Jeux"},"image":{"@id":"https:\/\/crocjeux.com\/#\/schema\/logo\/image\/"}}]}},"_links":{"self":[{"href":"https:\/\/crocjeux.com\/index.php\/wp-json\/wp\/v2\/product\/1722","targetHints":{"allow":["GET"]}}],"collection":[{"href":"https:\/\/crocjeux.com\/index.php\/wp-json\/wp\/v2\/product"}],"about":[{"href":"https:\/\/crocjeux.com\/index.php\/wp-json\/wp\/v2\/types\/product"}],"replies":[{"embeddable":true,"href":"https:\/\/crocjeux.com\/index.php\/wp-json\/wp\/v2\/comments?post=1722"}],"wp:featuredmedia":[{"embeddable":true,"href":"https:\/\/crocjeux.com\/index.php\/wp-json\/wp\/v2\/media\/1723"}],"wp:attachment":[{"href":"https:\/\/crocjeux.com\/index.php\/wp-json\/wp\/v2\/media?parent=1722"}],"wp:term":[{"taxonomy":"product_brand","embeddable":true,"href":"https:\/\/crocjeux.com\/index.php\/wp-json\/wp\/v2\/product_brand?post=1722"},{"taxonomy":"product_cat","embeddable":true,"href":"https:\/\/crocjeux.com\/index.php\/wp-json\/wp\/v2\/product_cat?post=1722"},{"taxonomy":"product_tag","embeddable":true,"href":"https:\/\/crocjeux.com\/index.php\/wp-json\/wp\/v2\/product_tag?post=1722"}],"curies":[{"name":"wp","href":"https:\/\/api.w.org\/{rel}","templated":true}]}}