{"id":1758,"date":"2021-01-11T16:20:31","date_gmt":"2021-01-11T15:20:31","guid":{"rendered":"https:\/\/crocjeux.com\/?post_type=product&#038;p=1758"},"modified":"2023-06-06T13:46:22","modified_gmt":"2023-06-06T12:46:22","slug":"harry-potter-miniatures-adventure-game-la-chambre-des-secrets","status":"publish","type":"product","link":"https:\/\/crocjeux.com\/index.php\/produit\/harry-potter-miniatures-adventure-game-la-chambre-des-secrets\/","title":{"rendered":"Harry Potter Miniatures Adventure Game: La Chambre des Secrets"},"content":{"rendered":"<div id=\"short_description_block\">\n<div id=\"short_description_content\" class=\"rte align_justify hide-smartphone\">\n<p>Premi\u00e8re de notre nouvelle gamme de Chronicle Expansions pour le jeu d&rsquo;aventure Harry Potter Miniatures, la Chambre des Secrets explore la saga cin\u00e9matographique comme jamais auparavant ! Progressez \u00e0 travers une s\u00e9rie de sc\u00e9narios et plongez-vous dans l&rsquo;aventure.<\/p>\n<\/div>\n<\/div>\n<ul class=\"illustrated_features\">\n<li class=\"langue tooltips\" title=\"\" data-hasqtip=\"5\">Fran\u00e7ais<\/li>\n<li class=\"age tooltips\" title=\"\" data-hasqtip=\"6\">\u00a0\u00e0 partir de 14 ans<\/li>\n<\/ul>\n<p>Premi\u00e8re de notre nouvelle gamme de Chronicle Expansions pour le jeu d&rsquo;aventure Harry Potter Miniatures, la Chambre des Secrets explore la saga cin\u00e9matographique comme jamais auparavant !<\/p>\n<div><\/div>\n<div>Progressez \u00e0 travers une s\u00e9rie de sc\u00e9narios et plongez-vous dans l&rsquo;aventure. La Chambre des Secrets : Chronicle Expansion inclut de nouvelles miniatures, des r\u00e8gles, des planches de jeu, des cartes et des pions qui non seulement introduisent le nouveau mode de jeu Chronicle, mais aussi \u00e9tendent et am\u00e9liorent vos jeux normaux.<\/div>\n<div><\/div>\n<div>Cette extension n\u00e9cessite une copie de la bo\u00eete de jeu Harry Potter Miniatures Adventure Game Core Box pour jouer.<\/div>\n<div><\/div>\n<div>Contenu<\/div>\n<div>\n<ul>\n<li>23 figurines en r\u00e9sine finement d\u00e9taill\u00e9es avec cartes de personnages<\/li>\n<li>77 cartes Nouveaux pions et marqueurs (y compris le Flying Ford Anglia)<\/li>\n<li>1 nouveau plateau de jeu double-face<\/li>\n<li>Nouveaux recouvrements (avec de nouvelles r\u00e8gles sp\u00e9ciales)<\/li>\n<li>1 Livre Chronique<\/li>\n<\/ul>\n<\/div>\n","protected":false},"excerpt":{"rendered":"<p>Premi\u00e8re de notre nouvelle gamme de Chronicle Expansions pour le jeu d&rsquo;aventure Harry Potter Miniatures, la Chambre des Secrets explore<\/p>\n","protected":false},"featured_media":1759,"comment_status":"open","ping_status":"closed","template":"","meta":{"colormag_page_container_layout":"default_layout","colormag_page_sidebar_layout":"default_layout"},"product_brand":[],"product_cat":[63],"product_tag":[],"class_list":{"0":"post-1758","1":"product","2":"type-product","3":"status-publish","4":"has-post-thumbnail","6":"product_cat-figurine-harry-potter","8":"first","9":"outofstock","10":"taxable","11":"shipping-taxable","12":"purchasable","13":"product-type-simple"},"yoast_head":"<!-- This site is optimized with the Yoast SEO plugin v27.3 - https:\/\/yoast.com\/product\/yoast-seo-wordpress\/ -->\n<title>Harry Potter Miniatures Adventure Game: La Chambre des Secrets - Croc Jeux<\/title>\n<meta name=\"robots\" content=\"index, follow, max-snippet:-1, max-image-preview:large, max-video-preview:-1\" \/>\n<link rel=\"canonical\" href=\"https:\/\/crocjeux.com\/index.php\/produit\/harry-potter-miniatures-adventure-game-la-chambre-des-secrets\/\" \/>\n<meta property=\"og:locale\" content=\"fr_FR\" \/>\n<meta property=\"og:type\" content=\"article\" \/>\n<meta property=\"og:title\" content=\"Harry Potter Miniatures Adventure Game: La Chambre des Secrets - Croc Jeux\" \/>\n<meta property=\"og:description\" content=\"Premi\u00e8re de notre nouvelle gamme de Chronicle Expansions pour le jeu d&rsquo;aventure Harry Potter Miniatures, la Chambre des Secrets explore\" \/>\n<meta property=\"og:url\" content=\"https:\/\/crocjeux.com\/index.php\/produit\/harry-potter-miniatures-adventure-game-la-chambre-des-secrets\/\" \/>\n<meta property=\"og:site_name\" content=\"Croc Jeux\" \/>\n<meta property=\"article:modified_time\" content=\"2023-06-06T12:46:22+00:00\" \/>\n<meta property=\"og:image\" content=\"https:\/\/crocjeux.com\/wp-content\/uploads\/2021\/01\/harry-potter-miniatures-adventure-game-la-chambre-des-secrets.jpg\" \/>\n\t<meta property=\"og:image:width\" content=\"1024\" \/>\n\t<meta property=\"og:image:height\" content=\"1024\" \/>\n\t<meta property=\"og:image:type\" content=\"image\/jpeg\" \/>\n<meta name=\"twitter:card\" content=\"summary_large_image\" \/>\n<meta name=\"twitter:label1\" content=\"Dur\u00e9e de lecture estim\u00e9e\" \/>\n\t<meta name=\"twitter:data1\" content=\"1 minute\" \/>\n<script type=\"application\/ld+json\" class=\"yoast-schema-graph\">{\"@context\":\"https:\\\/\\\/schema.org\",\"@graph\":[{\"@type\":\"WebPage\",\"@id\":\"https:\\\/\\\/crocjeux.com\\\/index.php\\\/produit\\\/harry-potter-miniatures-adventure-game-la-chambre-des-secrets\\\/\",\"url\":\"https:\\\/\\\/crocjeux.com\\\/index.php\\\/produit\\\/harry-potter-miniatures-adventure-game-la-chambre-des-secrets\\\/\",\"name\":\"Harry Potter Miniatures Adventure Game: La Chambre des Secrets - Croc Jeux\",\"isPartOf\":{\"@id\":\"https:\\\/\\\/crocjeux.com\\\/#website\"},\"primaryImageOfPage\":{\"@id\":\"https:\\\/\\\/crocjeux.com\\\/index.php\\\/produit\\\/harry-potter-miniatures-adventure-game-la-chambre-des-secrets\\\/#primaryimage\"},\"image\":{\"@id\":\"https:\\\/\\\/crocjeux.com\\\/index.php\\\/produit\\\/harry-potter-miniatures-adventure-game-la-chambre-des-secrets\\\/#primaryimage\"},\"thumbnailUrl\":\"https:\\\/\\\/crocjeux.com\\\/wp-content\\\/uploads\\\/2021\\\/01\\\/harry-potter-miniatures-adventure-game-la-chambre-des-secrets.jpg\",\"datePublished\":\"2021-01-11T15:20:31+00:00\",\"dateModified\":\"2023-06-06T12:46:22+00:00\",\"breadcrumb\":{\"@id\":\"https:\\\/\\\/crocjeux.com\\\/index.php\\\/produit\\\/harry-potter-miniatures-adventure-game-la-chambre-des-secrets\\\/#breadcrumb\"},\"inLanguage\":\"fr-FR\",\"potentialAction\":[{\"@type\":\"ReadAction\",\"target\":[\"https:\\\/\\\/crocjeux.com\\\/index.php\\\/produit\\\/harry-potter-miniatures-adventure-game-la-chambre-des-secrets\\\/\"]}]},{\"@type\":\"ImageObject\",\"inLanguage\":\"fr-FR\",\"@id\":\"https:\\\/\\\/crocjeux.com\\\/index.php\\\/produit\\\/harry-potter-miniatures-adventure-game-la-chambre-des-secrets\\\/#primaryimage\",\"url\":\"https:\\\/\\\/crocjeux.com\\\/wp-content\\\/uploads\\\/2021\\\/01\\\/harry-potter-miniatures-adventure-game-la-chambre-des-secrets.jpg\",\"contentUrl\":\"https:\\\/\\\/crocjeux.com\\\/wp-content\\\/uploads\\\/2021\\\/01\\\/harry-potter-miniatures-adventure-game-la-chambre-des-secrets.jpg\",\"width\":1024,\"height\":1024},{\"@type\":\"BreadcrumbList\",\"@id\":\"https:\\\/\\\/crocjeux.com\\\/index.php\\\/produit\\\/harry-potter-miniatures-adventure-game-la-chambre-des-secrets\\\/#breadcrumb\",\"itemListElement\":[{\"@type\":\"ListItem\",\"position\":1,\"name\":\"Accueil\",\"item\":\"https:\\\/\\\/crocjeux.com\\\/\"},{\"@type\":\"ListItem\",\"position\":2,\"name\":\"Boutique\",\"item\":\"https:\\\/\\\/crocjeux.com\\\/\"},{\"@type\":\"ListItem\",\"position\":3,\"name\":\"Harry Potter Miniatures Adventure Game: La Chambre des Secrets\"}]},{\"@type\":\"WebSite\",\"@id\":\"https:\\\/\\\/crocjeux.com\\\/#website\",\"url\":\"https:\\\/\\\/crocjeux.com\\\/\",\"name\":\"Croc Jeux\",\"description\":\"Bienvenue chez Croc Jeux!\",\"publisher\":{\"@id\":\"https:\\\/\\\/crocjeux.com\\\/#organization\"},\"potentialAction\":[{\"@type\":\"SearchAction\",\"target\":{\"@type\":\"EntryPoint\",\"urlTemplate\":\"https:\\\/\\\/crocjeux.com\\\/?s={search_term_string}\"},\"query-input\":{\"@type\":\"PropertyValueSpecification\",\"valueRequired\":true,\"valueName\":\"search_term_string\"}}],\"inLanguage\":\"fr-FR\"},{\"@type\":\"Organization\",\"@id\":\"https:\\\/\\\/crocjeux.com\\\/#organization\",\"name\":\"Croc Jeux\",\"url\":\"https:\\\/\\\/crocjeux.com\\\/\",\"logo\":{\"@type\":\"ImageObject\",\"inLanguage\":\"fr-FR\",\"@id\":\"https:\\\/\\\/crocjeux.com\\\/#\\\/schema\\\/logo\\\/image\\\/\",\"url\":\"https:\\\/\\\/crocjeux.com\\\/wp-content\\\/uploads\\\/2022\\\/01\\\/cropped-logo-croc-etape-1-e1644574034239.jpg\",\"contentUrl\":\"https:\\\/\\\/crocjeux.com\\\/wp-content\\\/uploads\\\/2022\\\/01\\\/cropped-logo-croc-etape-1-e1644574034239.jpg\",\"width\":1224,\"height\":314,\"caption\":\"Croc Jeux\"},\"image\":{\"@id\":\"https:\\\/\\\/crocjeux.com\\\/#\\\/schema\\\/logo\\\/image\\\/\"}}]}<\/script>\n<!-- \/ Yoast SEO plugin. -->","yoast_head_json":{"title":"Harry Potter Miniatures Adventure Game: La Chambre des Secrets - Croc Jeux","robots":{"index":"index","follow":"follow","max-snippet":"max-snippet:-1","max-image-preview":"max-image-preview:large","max-video-preview":"max-video-preview:-1"},"canonical":"https:\/\/crocjeux.com\/index.php\/produit\/harry-potter-miniatures-adventure-game-la-chambre-des-secrets\/","og_locale":"fr_FR","og_type":"article","og_title":"Harry Potter Miniatures Adventure Game: La Chambre des Secrets - Croc Jeux","og_description":"Premi\u00e8re de notre nouvelle gamme de Chronicle Expansions pour le jeu d&rsquo;aventure Harry Potter Miniatures, la Chambre des Secrets explore","og_url":"https:\/\/crocjeux.com\/index.php\/produit\/harry-potter-miniatures-adventure-game-la-chambre-des-secrets\/","og_site_name":"Croc Jeux","article_modified_time":"2023-06-06T12:46:22+00:00","og_image":[{"width":1024,"height":1024,"url":"https:\/\/crocjeux.com\/wp-content\/uploads\/2021\/01\/harry-potter-miniatures-adventure-game-la-chambre-des-secrets.jpg","type":"image\/jpeg"}],"twitter_card":"summary_large_image","twitter_misc":{"Dur\u00e9e de lecture estim\u00e9e":"1 minute"},"schema":{"@context":"https:\/\/schema.org","@graph":[{"@type":"WebPage","@id":"https:\/\/crocjeux.com\/index.php\/produit\/harry-potter-miniatures-adventure-game-la-chambre-des-secrets\/","url":"https:\/\/crocjeux.com\/index.php\/produit\/harry-potter-miniatures-adventure-game-la-chambre-des-secrets\/","name":"Harry Potter Miniatures Adventure Game: La Chambre des Secrets - Croc Jeux","isPartOf":{"@id":"https:\/\/crocjeux.com\/#website"},"primaryImageOfPage":{"@id":"https:\/\/crocjeux.com\/index.php\/produit\/harry-potter-miniatures-adventure-game-la-chambre-des-secrets\/#primaryimage"},"image":{"@id":"https:\/\/crocjeux.com\/index.php\/produit\/harry-potter-miniatures-adventure-game-la-chambre-des-secrets\/#primaryimage"},"thumbnailUrl":"https:\/\/crocjeux.com\/wp-content\/uploads\/2021\/01\/harry-potter-miniatures-adventure-game-la-chambre-des-secrets.jpg","datePublished":"2021-01-11T15:20:31+00:00","dateModified":"2023-06-06T12:46:22+00:00","breadcrumb":{"@id":"https:\/\/crocjeux.com\/index.php\/produit\/harry-potter-miniatures-adventure-game-la-chambre-des-secrets\/#breadcrumb"},"inLanguage":"fr-FR","potentialAction":[{"@type":"ReadAction","target":["https:\/\/crocjeux.com\/index.php\/produit\/harry-potter-miniatures-adventure-game-la-chambre-des-secrets\/"]}]},{"@type":"ImageObject","inLanguage":"fr-FR","@id":"https:\/\/crocjeux.com\/index.php\/produit\/harry-potter-miniatures-adventure-game-la-chambre-des-secrets\/#primaryimage","url":"https:\/\/crocjeux.com\/wp-content\/uploads\/2021\/01\/harry-potter-miniatures-adventure-game-la-chambre-des-secrets.jpg","contentUrl":"https:\/\/crocjeux.com\/wp-content\/uploads\/2021\/01\/harry-potter-miniatures-adventure-game-la-chambre-des-secrets.jpg","width":1024,"height":1024},{"@type":"BreadcrumbList","@id":"https:\/\/crocjeux.com\/index.php\/produit\/harry-potter-miniatures-adventure-game-la-chambre-des-secrets\/#breadcrumb","itemListElement":[{"@type":"ListItem","position":1,"name":"Accueil","item":"https:\/\/crocjeux.com\/"},{"@type":"ListItem","position":2,"name":"Boutique","item":"https:\/\/crocjeux.com\/"},{"@type":"ListItem","position":3,"name":"Harry Potter Miniatures Adventure Game: La Chambre des Secrets"}]},{"@type":"WebSite","@id":"https:\/\/crocjeux.com\/#website","url":"https:\/\/crocjeux.com\/","name":"Croc Jeux","description":"Bienvenue chez Croc Jeux!","publisher":{"@id":"https:\/\/crocjeux.com\/#organization"},"potentialAction":[{"@type":"SearchAction","target":{"@type":"EntryPoint","urlTemplate":"https:\/\/crocjeux.com\/?s={search_term_string}"},"query-input":{"@type":"PropertyValueSpecification","valueRequired":true,"valueName":"search_term_string"}}],"inLanguage":"fr-FR"},{"@type":"Organization","@id":"https:\/\/crocjeux.com\/#organization","name":"Croc Jeux","url":"https:\/\/crocjeux.com\/","logo":{"@type":"ImageObject","inLanguage":"fr-FR","@id":"https:\/\/crocjeux.com\/#\/schema\/logo\/image\/","url":"https:\/\/crocjeux.com\/wp-content\/uploads\/2022\/01\/cropped-logo-croc-etape-1-e1644574034239.jpg","contentUrl":"https:\/\/crocjeux.com\/wp-content\/uploads\/2022\/01\/cropped-logo-croc-etape-1-e1644574034239.jpg","width":1224,"height":314,"caption":"Croc Jeux"},"image":{"@id":"https:\/\/crocjeux.com\/#\/schema\/logo\/image\/"}}]}},"_links":{"self":[{"href":"https:\/\/crocjeux.com\/index.php\/wp-json\/wp\/v2\/product\/1758","targetHints":{"allow":["GET"]}}],"collection":[{"href":"https:\/\/crocjeux.com\/index.php\/wp-json\/wp\/v2\/product"}],"about":[{"href":"https:\/\/crocjeux.com\/index.php\/wp-json\/wp\/v2\/types\/product"}],"replies":[{"embeddable":true,"href":"https:\/\/crocjeux.com\/index.php\/wp-json\/wp\/v2\/comments?post=1758"}],"wp:featuredmedia":[{"embeddable":true,"href":"https:\/\/crocjeux.com\/index.php\/wp-json\/wp\/v2\/media\/1759"}],"wp:attachment":[{"href":"https:\/\/crocjeux.com\/index.php\/wp-json\/wp\/v2\/media?parent=1758"}],"wp:term":[{"taxonomy":"product_brand","embeddable":true,"href":"https:\/\/crocjeux.com\/index.php\/wp-json\/wp\/v2\/product_brand?post=1758"},{"taxonomy":"product_cat","embeddable":true,"href":"https:\/\/crocjeux.com\/index.php\/wp-json\/wp\/v2\/product_cat?post=1758"},{"taxonomy":"product_tag","embeddable":true,"href":"https:\/\/crocjeux.com\/index.php\/wp-json\/wp\/v2\/product_tag?post=1758"}],"curies":[{"name":"wp","href":"https:\/\/api.w.org\/{rel}","templated":true}]}}