{"id":176,"date":"2020-10-29T16:18:25","date_gmt":"2020-10-29T15:18:25","guid":{"rendered":"https:\/\/crocjeux.com\/?post_type=product&#038;p=176"},"modified":"2023-01-26T15:14:46","modified_gmt":"2023-01-26T14:14:46","slug":"burger-quiz","status":"publish","type":"product","link":"https:\/\/crocjeux.com\/index.php\/produit\/burger-quiz\/","title":{"rendered":"Burger Quiz"},"content":{"rendered":"<h2>Burger Quiz, un jeu inspir\u00e9 de l&rsquo;\u00e9mission culte<\/h2>\n<div>Dans ce jeu fun et d\u00e9cal\u00e9, retrouvez l&rsquo;atmosph\u00e8re de cette \u00e9mission culte qui nous a bien diverti au d\u00e9but des ann\u00e9es 2000. Cette bo\u00eete reprend le jeu dans les moindres d\u00e9tails, autant d&rsquo;\u00e9l\u00e9ments amusants qui nous ont fait aimer le jeu t\u00e9l\u00e9vis\u00e9. Foncez t\u00eate baiss\u00e9e dans ce quiz qui recherche avant tout la rigolade.<\/div>\n<div><\/div>\n<h2>Burger Quiz, Ketchup ou Mayo ?<\/h2>\n<div>Face \u00e0 un animateur, l&rsquo;\u00e9quipe <strong>Ketchup<\/strong> et l&rsquo;\u00e9quipe <strong>Mayo<\/strong> se font face dans un quiz aussi dr\u00f4le que d\u00e9cal\u00e9. D\u00e9signez un animateur et jouez \u00e0 autant de joueurs que vous voulez. Autant vous le dire tout de suite, vous allez vous \u00e9clater. Laissez votre s\u00e9rieux aux vestiaires et laissez-vous guider par les questions farfelues.\u00a0 La premi\u00e8re \u00e9quipe \u00e0 atteindre 25 miams acc\u00e8de \u00e0 la grande \u00e9preuve finale : l&rsquo;\u00e9preuve du Burger de la mort !<\/div>\n<div><\/div>\n<h2>Burger Quiz, 1 jeu 5 \u00e9preuves<\/h2>\n<div>Tout comme le jeu t\u00e9l\u00e9vis\u00e9, Burger Quiz comprend quatre \u00e9preuves initiales et se conclut par une \u00e9preuve finale.<\/div>\n<div>\n<ul>\n<li>1\u00e8re \u00e9preuve &#8211; <strong>Les nuggets<\/strong> : Chaque \u00e9quipe a trois questions \u00e0 choix multiples. Les \u00e9quipes obtiennent 1 miam par bonne r\u00e9ponse.<\/li>\n<li>2\u00e8me \u00e9preuve &#8211; <strong>Sel ou Poivre ?<\/strong> : Il s&rsquo;agit d&rsquo;une \u00e9preuve de rapidit\u00e9. Une question est pos\u00e9e. Les \u00e9quipes ont alors trois choix possibles : r\u00e9ponse 1, r\u00e9ponse 2 ou les deux. Attention, ne confondez pas vitesse et pr\u00e9cipitation, car en cas de mauvais r\u00e9ponse, le miam ira \u00e0 l&rsquo;\u00e9quipe adverse.<\/li>\n<li>3\u00e8me \u00e9preuve &#8211; <strong>Les menus<\/strong> : Trois menus sont tir\u00e9s au sort ayant chacun un th\u00e8me diff\u00e9rent. L&rsquo;\u00e9quipe qui m\u00e8ne choisit son menu en premier. Puis c&rsquo;est \u00e0 l&rsquo;autre \u00e9quipe de se prononcer parmi les deux menus restants. Les \u00e9quipes re\u00e7oivent 1 point par bonne r\u00e9ponse.<\/li>\n<li>4\u00e8me \u00e9preuve &#8211; <strong>L&rsquo;addition<\/strong> : Dans cette \u00e9preuve de rapidit\u00e9, les joueurs gagnent 3 miams par bonne r\u00e9ponse. L&rsquo;addition se poursuit jusqu&rsquo;\u00e0 ce que l&rsquo;une des \u00e9quipes atteigne la barre des 25 miams.<\/li>\n<\/ul>\n<\/div>\n<h2>Burger Quiz, un jeu de m\u00e9moire?<\/h2>\n<div>L&rsquo;\u00e9quipe qui a 25 miams remporte la partie et d\u00e9signe l&rsquo;un de ces membres pour participer au <strong>Burger de la mort<\/strong>, la grande \u00e9preuve finale. Le principe est simple. L&rsquo;animateur pose 10 questions d&rsquo;une traite. Une fois toutes les questions \u00e9nonc\u00e9es, le joueur doit y r\u00e9pondre en donnant toutes les r\u00e9ponses dans l&rsquo;ordre.<\/div>\n<div>\n<ul>\n<li>10 r\u00e9ponses dans l&rsquo;ordre : son \u00e9quipe remporte le Grand Burger de la mort<\/li>\n<li>5 r\u00e9ponses dans l&rsquo;ordre : son \u00e9quipe remporte le Petit Burger de la mort<\/li>\n<li>Moins de 5 r\u00e9ponses dans l&rsquo;ordre : ce n&rsquo;est pas grave, son \u00e9quipe a quand m\u00eame \u00e9cras\u00e9 l&rsquo;autre \u00e9quipe.<\/li>\n<\/ul>\n<\/div>\n","protected":false},"excerpt":{"rendered":"<div id=\"short_description_block\">\n<div id=\"short_description_content\" class=\"rte align_justify hide-smartphone\">Equipe Ketchup ou Equipe Mayo ? Les joueurs s&rsquo;affrontent dans un quiz d\u00e9cal\u00e9 inspir\u00e9 de l&rsquo;\u00e9mission culte pr\u00e9sent\u00e9e par Alain Chabat. Qui remportera le Grand Burger de la mort?<\/div>\n<\/div>\n","protected":false},"featured_media":177,"comment_status":"open","ping_status":"closed","template":"","meta":{"colormag_page_container_layout":"default_layout","colormag_page_sidebar_layout":"default_layout"},"product_brand":[],"product_cat":[40,36],"product_tag":[],"class_list":{"0":"post-176","1":"product","2":"type-product","3":"status-publish","4":"has-post-thumbnail","6":"product_cat-jeux-dambiance","7":"product_cat-jeux-familiaux","9":"first","10":"instock","11":"taxable","12":"shipping-taxable","13":"purchasable","14":"product-type-simple"},"yoast_head":"<!-- This site is optimized with the Yoast SEO plugin v27.4 - https:\/\/yoast.com\/product\/yoast-seo-wordpress\/ -->\n<title>Burger Quiz - Croc Jeux<\/title>\n<meta name=\"robots\" content=\"index, follow, max-snippet:-1, max-image-preview:large, max-video-preview:-1\" \/>\n<link rel=\"canonical\" href=\"https:\/\/crocjeux.com\/index.php\/produit\/burger-quiz\/\" \/>\n<meta property=\"og:locale\" content=\"fr_FR\" \/>\n<meta property=\"og:type\" content=\"article\" \/>\n<meta property=\"og:title\" content=\"Burger Quiz - Croc Jeux\" \/>\n<meta property=\"og:description\" content=\"Equipe Ketchup ou Equipe Mayo ? Les joueurs s&#039;affrontent dans un quiz d\u00e9cal\u00e9 inspir\u00e9 de l&#039;\u00e9mission culte pr\u00e9sent\u00e9e par Alain Chabat. Qui remportera le Grand Burger de la mort?\" \/>\n<meta property=\"og:url\" content=\"https:\/\/crocjeux.com\/index.php\/produit\/burger-quiz\/\" \/>\n<meta property=\"og:site_name\" content=\"Croc Jeux\" \/>\n<meta property=\"article:modified_time\" content=\"2023-01-26T14:14:46+00:00\" \/>\n<meta property=\"og:image\" content=\"https:\/\/crocjeux.com\/wp-content\/uploads\/2020\/10\/burger_quizz.png\" \/>\n\t<meta property=\"og:image:width\" content=\"587\" \/>\n\t<meta property=\"og:image:height\" content=\"554\" \/>\n\t<meta property=\"og:image:type\" content=\"image\/png\" \/>\n<meta name=\"twitter:card\" content=\"summary_large_image\" \/>\n<meta name=\"twitter:label1\" content=\"Dur\u00e9e de lecture estim\u00e9e\" \/>\n\t<meta name=\"twitter:data1\" content=\"2 minutes\" \/>\n<script type=\"application\/ld+json\" class=\"yoast-schema-graph\">{\"@context\":\"https:\\\/\\\/schema.org\",\"@graph\":[{\"@type\":\"WebPage\",\"@id\":\"https:\\\/\\\/crocjeux.com\\\/index.php\\\/produit\\\/burger-quiz\\\/\",\"url\":\"https:\\\/\\\/crocjeux.com\\\/index.php\\\/produit\\\/burger-quiz\\\/\",\"name\":\"Burger Quiz - Croc Jeux\",\"isPartOf\":{\"@id\":\"https:\\\/\\\/crocjeux.com\\\/#website\"},\"primaryImageOfPage\":{\"@id\":\"https:\\\/\\\/crocjeux.com\\\/index.php\\\/produit\\\/burger-quiz\\\/#primaryimage\"},\"image\":{\"@id\":\"https:\\\/\\\/crocjeux.com\\\/index.php\\\/produit\\\/burger-quiz\\\/#primaryimage\"},\"thumbnailUrl\":\"https:\\\/\\\/crocjeux.com\\\/wp-content\\\/uploads\\\/2020\\\/10\\\/burger_quizz.png\",\"datePublished\":\"2020-10-29T15:18:25+00:00\",\"dateModified\":\"2023-01-26T14:14:46+00:00\",\"breadcrumb\":{\"@id\":\"https:\\\/\\\/crocjeux.com\\\/index.php\\\/produit\\\/burger-quiz\\\/#breadcrumb\"},\"inLanguage\":\"fr-FR\",\"potentialAction\":[{\"@type\":\"ReadAction\",\"target\":[\"https:\\\/\\\/crocjeux.com\\\/index.php\\\/produit\\\/burger-quiz\\\/\"]}]},{\"@type\":\"ImageObject\",\"inLanguage\":\"fr-FR\",\"@id\":\"https:\\\/\\\/crocjeux.com\\\/index.php\\\/produit\\\/burger-quiz\\\/#primaryimage\",\"url\":\"https:\\\/\\\/crocjeux.com\\\/wp-content\\\/uploads\\\/2020\\\/10\\\/burger_quizz.png\",\"contentUrl\":\"https:\\\/\\\/crocjeux.com\\\/wp-content\\\/uploads\\\/2020\\\/10\\\/burger_quizz.png\",\"width\":587,\"height\":554},{\"@type\":\"BreadcrumbList\",\"@id\":\"https:\\\/\\\/crocjeux.com\\\/index.php\\\/produit\\\/burger-quiz\\\/#breadcrumb\",\"itemListElement\":[{\"@type\":\"ListItem\",\"position\":1,\"name\":\"Accueil\",\"item\":\"https:\\\/\\\/crocjeux.com\\\/\"},{\"@type\":\"ListItem\",\"position\":2,\"name\":\"Boutique\",\"item\":\"https:\\\/\\\/crocjeux.com\\\/\"},{\"@type\":\"ListItem\",\"position\":3,\"name\":\"Burger Quiz\"}]},{\"@type\":\"WebSite\",\"@id\":\"https:\\\/\\\/crocjeux.com\\\/#website\",\"url\":\"https:\\\/\\\/crocjeux.com\\\/\",\"name\":\"Croc Jeux\",\"description\":\"Bienvenue chez Croc Jeux!\",\"publisher\":{\"@id\":\"https:\\\/\\\/crocjeux.com\\\/#organization\"},\"potentialAction\":[{\"@type\":\"SearchAction\",\"target\":{\"@type\":\"EntryPoint\",\"urlTemplate\":\"https:\\\/\\\/crocjeux.com\\\/?s={search_term_string}\"},\"query-input\":{\"@type\":\"PropertyValueSpecification\",\"valueRequired\":true,\"valueName\":\"search_term_string\"}}],\"inLanguage\":\"fr-FR\"},{\"@type\":\"Organization\",\"@id\":\"https:\\\/\\\/crocjeux.com\\\/#organization\",\"name\":\"Croc Jeux\",\"url\":\"https:\\\/\\\/crocjeux.com\\\/\",\"logo\":{\"@type\":\"ImageObject\",\"inLanguage\":\"fr-FR\",\"@id\":\"https:\\\/\\\/crocjeux.com\\\/#\\\/schema\\\/logo\\\/image\\\/\",\"url\":\"https:\\\/\\\/crocjeux.com\\\/wp-content\\\/uploads\\\/2022\\\/01\\\/cropped-logo-croc-etape-1-e1644574034239.jpg\",\"contentUrl\":\"https:\\\/\\\/crocjeux.com\\\/wp-content\\\/uploads\\\/2022\\\/01\\\/cropped-logo-croc-etape-1-e1644574034239.jpg\",\"width\":1224,\"height\":314,\"caption\":\"Croc Jeux\"},\"image\":{\"@id\":\"https:\\\/\\\/crocjeux.com\\\/#\\\/schema\\\/logo\\\/image\\\/\"}}]}<\/script>\n<!-- \/ Yoast SEO plugin. -->","yoast_head_json":{"title":"Burger Quiz - Croc Jeux","robots":{"index":"index","follow":"follow","max-snippet":"max-snippet:-1","max-image-preview":"max-image-preview:large","max-video-preview":"max-video-preview:-1"},"canonical":"https:\/\/crocjeux.com\/index.php\/produit\/burger-quiz\/","og_locale":"fr_FR","og_type":"article","og_title":"Burger Quiz - Croc Jeux","og_description":"Equipe Ketchup ou Equipe Mayo ? Les joueurs s'affrontent dans un quiz d\u00e9cal\u00e9 inspir\u00e9 de l'\u00e9mission culte pr\u00e9sent\u00e9e par Alain Chabat. Qui remportera le Grand Burger de la mort?","og_url":"https:\/\/crocjeux.com\/index.php\/produit\/burger-quiz\/","og_site_name":"Croc Jeux","article_modified_time":"2023-01-26T14:14:46+00:00","og_image":[{"width":587,"height":554,"url":"https:\/\/crocjeux.com\/wp-content\/uploads\/2020\/10\/burger_quizz.png","type":"image\/png"}],"twitter_card":"summary_large_image","twitter_misc":{"Dur\u00e9e de lecture estim\u00e9e":"2 minutes"},"schema":{"@context":"https:\/\/schema.org","@graph":[{"@type":"WebPage","@id":"https:\/\/crocjeux.com\/index.php\/produit\/burger-quiz\/","url":"https:\/\/crocjeux.com\/index.php\/produit\/burger-quiz\/","name":"Burger Quiz - Croc Jeux","isPartOf":{"@id":"https:\/\/crocjeux.com\/#website"},"primaryImageOfPage":{"@id":"https:\/\/crocjeux.com\/index.php\/produit\/burger-quiz\/#primaryimage"},"image":{"@id":"https:\/\/crocjeux.com\/index.php\/produit\/burger-quiz\/#primaryimage"},"thumbnailUrl":"https:\/\/crocjeux.com\/wp-content\/uploads\/2020\/10\/burger_quizz.png","datePublished":"2020-10-29T15:18:25+00:00","dateModified":"2023-01-26T14:14:46+00:00","breadcrumb":{"@id":"https:\/\/crocjeux.com\/index.php\/produit\/burger-quiz\/#breadcrumb"},"inLanguage":"fr-FR","potentialAction":[{"@type":"ReadAction","target":["https:\/\/crocjeux.com\/index.php\/produit\/burger-quiz\/"]}]},{"@type":"ImageObject","inLanguage":"fr-FR","@id":"https:\/\/crocjeux.com\/index.php\/produit\/burger-quiz\/#primaryimage","url":"https:\/\/crocjeux.com\/wp-content\/uploads\/2020\/10\/burger_quizz.png","contentUrl":"https:\/\/crocjeux.com\/wp-content\/uploads\/2020\/10\/burger_quizz.png","width":587,"height":554},{"@type":"BreadcrumbList","@id":"https:\/\/crocjeux.com\/index.php\/produit\/burger-quiz\/#breadcrumb","itemListElement":[{"@type":"ListItem","position":1,"name":"Accueil","item":"https:\/\/crocjeux.com\/"},{"@type":"ListItem","position":2,"name":"Boutique","item":"https:\/\/crocjeux.com\/"},{"@type":"ListItem","position":3,"name":"Burger Quiz"}]},{"@type":"WebSite","@id":"https:\/\/crocjeux.com\/#website","url":"https:\/\/crocjeux.com\/","name":"Croc Jeux","description":"Bienvenue chez Croc Jeux!","publisher":{"@id":"https:\/\/crocjeux.com\/#organization"},"potentialAction":[{"@type":"SearchAction","target":{"@type":"EntryPoint","urlTemplate":"https:\/\/crocjeux.com\/?s={search_term_string}"},"query-input":{"@type":"PropertyValueSpecification","valueRequired":true,"valueName":"search_term_string"}}],"inLanguage":"fr-FR"},{"@type":"Organization","@id":"https:\/\/crocjeux.com\/#organization","name":"Croc Jeux","url":"https:\/\/crocjeux.com\/","logo":{"@type":"ImageObject","inLanguage":"fr-FR","@id":"https:\/\/crocjeux.com\/#\/schema\/logo\/image\/","url":"https:\/\/crocjeux.com\/wp-content\/uploads\/2022\/01\/cropped-logo-croc-etape-1-e1644574034239.jpg","contentUrl":"https:\/\/crocjeux.com\/wp-content\/uploads\/2022\/01\/cropped-logo-croc-etape-1-e1644574034239.jpg","width":1224,"height":314,"caption":"Croc Jeux"},"image":{"@id":"https:\/\/crocjeux.com\/#\/schema\/logo\/image\/"}}]}},"_links":{"self":[{"href":"https:\/\/crocjeux.com\/index.php\/wp-json\/wp\/v2\/product\/176","targetHints":{"allow":["GET"]}}],"collection":[{"href":"https:\/\/crocjeux.com\/index.php\/wp-json\/wp\/v2\/product"}],"about":[{"href":"https:\/\/crocjeux.com\/index.php\/wp-json\/wp\/v2\/types\/product"}],"replies":[{"embeddable":true,"href":"https:\/\/crocjeux.com\/index.php\/wp-json\/wp\/v2\/comments?post=176"}],"wp:featuredmedia":[{"embeddable":true,"href":"https:\/\/crocjeux.com\/index.php\/wp-json\/wp\/v2\/media\/177"}],"wp:attachment":[{"href":"https:\/\/crocjeux.com\/index.php\/wp-json\/wp\/v2\/media?parent=176"}],"wp:term":[{"taxonomy":"product_brand","embeddable":true,"href":"https:\/\/crocjeux.com\/index.php\/wp-json\/wp\/v2\/product_brand?post=176"},{"taxonomy":"product_cat","embeddable":true,"href":"https:\/\/crocjeux.com\/index.php\/wp-json\/wp\/v2\/product_cat?post=176"},{"taxonomy":"product_tag","embeddable":true,"href":"https:\/\/crocjeux.com\/index.php\/wp-json\/wp\/v2\/product_tag?post=176"}],"curies":[{"name":"wp","href":"https:\/\/api.w.org\/{rel}","templated":true}]}}