{"id":1767,"date":"2021-01-11T16:15:10","date_gmt":"2021-01-11T15:15:10","guid":{"rendered":"https:\/\/crocjeux.com\/?post_type=product&#038;p=1767"},"modified":"2023-06-06T12:03:44","modified_gmt":"2023-06-06T11:03:44","slug":"harry-potter-miniatures-adventure-game-harry-potter-sur-buck","status":"publish","type":"product","link":"https:\/\/crocjeux.com\/index.php\/produit\/harry-potter-miniatures-adventure-game-harry-potter-sur-buck\/","title":{"rendered":"Harry Potter, Miniatures Adventure Game: Harry Potter sur Buck"},"content":{"rendered":"<div id=\"short_description_block\">\n<div id=\"short_description_content\" class=\"rte align_justify hide-smartphone\">Cette bo\u00eete contient une figurine en r\u00e9sine de Harry Potter sur Buck et un socle rond de 60mm pour le jeu Harry Potter Miniatures Adventure Game. \u00c0 assembler et \u00e0 peindre.<\/div>\n<\/div>\n<ul class=\"illustrated_features\">\n<li class=\"langue tooltips\" title=\"\" data-hasqtip=\"5\">Fran\u00e7ais<\/li>\n<li class=\"age tooltips\" title=\"\" data-hasqtip=\"6\">\u00a0\u00e0 partir de 14 ans<\/li>\n<\/ul>\n<p>Lorsque Buck a \u00e9t\u00e9 injustement condamn\u00e9 \u00e0 mort, il a \u00e9t\u00e9 sauv\u00e9 par Harry Potter et ses amis en cr\u00e9ant un lien d&rsquo;amiti\u00e9 et d&rsquo;affection fort entre eux.<\/p>\n<div><\/div>\n<div>Contenu :<\/div>\n<div>\n<ul>\n<li>1 figurine de haute qualit\u00e9 en r\u00e9sine<\/li>\n<li>1 base ronde de 60 mm<\/li>\n<li>1 carte de personnage<\/li>\n<\/ul>\n<\/div>\n","protected":false},"excerpt":{"rendered":"<p>Cette bo\u00eete contient une figurine en r\u00e9sine de Harry Potter sur Buck et un socle rond de 60mm pour le<\/p>\n","protected":false},"featured_media":1768,"comment_status":"open","ping_status":"closed","template":"","meta":{"colormag_page_container_layout":"default_layout","colormag_page_sidebar_layout":"default_layout"},"product_brand":[],"product_cat":[63],"product_tag":[],"class_list":{"0":"post-1767","1":"product","2":"type-product","3":"status-publish","4":"has-post-thumbnail","6":"product_cat-figurine-harry-potter","8":"first","9":"outofstock","10":"taxable","11":"shipping-taxable","12":"purchasable","13":"product-type-simple"},"yoast_head":"<!-- This site is optimized with the Yoast SEO plugin v27.3 - https:\/\/yoast.com\/product\/yoast-seo-wordpress\/ -->\n<title>Harry Potter, Miniatures Adventure Game: Harry Potter sur Buck - Croc Jeux<\/title>\n<meta name=\"robots\" content=\"index, follow, max-snippet:-1, max-image-preview:large, max-video-preview:-1\" \/>\n<link rel=\"canonical\" href=\"https:\/\/crocjeux.com\/index.php\/produit\/harry-potter-miniatures-adventure-game-harry-potter-sur-buck\/\" \/>\n<meta property=\"og:locale\" content=\"fr_FR\" \/>\n<meta property=\"og:type\" content=\"article\" \/>\n<meta property=\"og:title\" content=\"Harry Potter, Miniatures Adventure Game: Harry Potter sur Buck - Croc Jeux\" \/>\n<meta property=\"og:description\" content=\"Cette bo\u00eete contient une figurine en r\u00e9sine de Harry Potter sur Buck et un socle rond de 60mm pour le\" \/>\n<meta property=\"og:url\" content=\"https:\/\/crocjeux.com\/index.php\/produit\/harry-potter-miniatures-adventure-game-harry-potter-sur-buck\/\" \/>\n<meta property=\"og:site_name\" content=\"Croc Jeux\" \/>\n<meta property=\"article:modified_time\" content=\"2023-06-06T11:03:44+00:00\" \/>\n<meta property=\"og:image\" content=\"https:\/\/crocjeux.com\/wp-content\/uploads\/2021\/01\/harry-potter-miniatures-adventure-game-harry-potter-sur-buck.jpg\" \/>\n\t<meta property=\"og:image:width\" content=\"372\" \/>\n\t<meta property=\"og:image:height\" content=\"372\" \/>\n\t<meta property=\"og:image:type\" content=\"image\/jpeg\" \/>\n<meta name=\"twitter:card\" content=\"summary_large_image\" \/>\n<script type=\"application\/ld+json\" class=\"yoast-schema-graph\">{\"@context\":\"https:\\\/\\\/schema.org\",\"@graph\":[{\"@type\":\"WebPage\",\"@id\":\"https:\\\/\\\/crocjeux.com\\\/index.php\\\/produit\\\/harry-potter-miniatures-adventure-game-harry-potter-sur-buck\\\/\",\"url\":\"https:\\\/\\\/crocjeux.com\\\/index.php\\\/produit\\\/harry-potter-miniatures-adventure-game-harry-potter-sur-buck\\\/\",\"name\":\"Harry Potter, Miniatures Adventure Game: Harry Potter sur Buck - Croc Jeux\",\"isPartOf\":{\"@id\":\"https:\\\/\\\/crocjeux.com\\\/#website\"},\"primaryImageOfPage\":{\"@id\":\"https:\\\/\\\/crocjeux.com\\\/index.php\\\/produit\\\/harry-potter-miniatures-adventure-game-harry-potter-sur-buck\\\/#primaryimage\"},\"image\":{\"@id\":\"https:\\\/\\\/crocjeux.com\\\/index.php\\\/produit\\\/harry-potter-miniatures-adventure-game-harry-potter-sur-buck\\\/#primaryimage\"},\"thumbnailUrl\":\"https:\\\/\\\/crocjeux.com\\\/wp-content\\\/uploads\\\/2021\\\/01\\\/harry-potter-miniatures-adventure-game-harry-potter-sur-buck.jpg\",\"datePublished\":\"2021-01-11T15:15:10+00:00\",\"dateModified\":\"2023-06-06T11:03:44+00:00\",\"breadcrumb\":{\"@id\":\"https:\\\/\\\/crocjeux.com\\\/index.php\\\/produit\\\/harry-potter-miniatures-adventure-game-harry-potter-sur-buck\\\/#breadcrumb\"},\"inLanguage\":\"fr-FR\",\"potentialAction\":[{\"@type\":\"ReadAction\",\"target\":[\"https:\\\/\\\/crocjeux.com\\\/index.php\\\/produit\\\/harry-potter-miniatures-adventure-game-harry-potter-sur-buck\\\/\"]}]},{\"@type\":\"ImageObject\",\"inLanguage\":\"fr-FR\",\"@id\":\"https:\\\/\\\/crocjeux.com\\\/index.php\\\/produit\\\/harry-potter-miniatures-adventure-game-harry-potter-sur-buck\\\/#primaryimage\",\"url\":\"https:\\\/\\\/crocjeux.com\\\/wp-content\\\/uploads\\\/2021\\\/01\\\/harry-potter-miniatures-adventure-game-harry-potter-sur-buck.jpg\",\"contentUrl\":\"https:\\\/\\\/crocjeux.com\\\/wp-content\\\/uploads\\\/2021\\\/01\\\/harry-potter-miniatures-adventure-game-harry-potter-sur-buck.jpg\",\"width\":372,\"height\":372},{\"@type\":\"BreadcrumbList\",\"@id\":\"https:\\\/\\\/crocjeux.com\\\/index.php\\\/produit\\\/harry-potter-miniatures-adventure-game-harry-potter-sur-buck\\\/#breadcrumb\",\"itemListElement\":[{\"@type\":\"ListItem\",\"position\":1,\"name\":\"Accueil\",\"item\":\"https:\\\/\\\/crocjeux.com\\\/\"},{\"@type\":\"ListItem\",\"position\":2,\"name\":\"Boutique\",\"item\":\"https:\\\/\\\/crocjeux.com\\\/\"},{\"@type\":\"ListItem\",\"position\":3,\"name\":\"Harry Potter, Miniatures Adventure Game: Harry Potter sur Buck\"}]},{\"@type\":\"WebSite\",\"@id\":\"https:\\\/\\\/crocjeux.com\\\/#website\",\"url\":\"https:\\\/\\\/crocjeux.com\\\/\",\"name\":\"Croc Jeux\",\"description\":\"Bienvenue chez Croc Jeux!\",\"publisher\":{\"@id\":\"https:\\\/\\\/crocjeux.com\\\/#organization\"},\"potentialAction\":[{\"@type\":\"SearchAction\",\"target\":{\"@type\":\"EntryPoint\",\"urlTemplate\":\"https:\\\/\\\/crocjeux.com\\\/?s={search_term_string}\"},\"query-input\":{\"@type\":\"PropertyValueSpecification\",\"valueRequired\":true,\"valueName\":\"search_term_string\"}}],\"inLanguage\":\"fr-FR\"},{\"@type\":\"Organization\",\"@id\":\"https:\\\/\\\/crocjeux.com\\\/#organization\",\"name\":\"Croc Jeux\",\"url\":\"https:\\\/\\\/crocjeux.com\\\/\",\"logo\":{\"@type\":\"ImageObject\",\"inLanguage\":\"fr-FR\",\"@id\":\"https:\\\/\\\/crocjeux.com\\\/#\\\/schema\\\/logo\\\/image\\\/\",\"url\":\"https:\\\/\\\/crocjeux.com\\\/wp-content\\\/uploads\\\/2022\\\/01\\\/cropped-logo-croc-etape-1-e1644574034239.jpg\",\"contentUrl\":\"https:\\\/\\\/crocjeux.com\\\/wp-content\\\/uploads\\\/2022\\\/01\\\/cropped-logo-croc-etape-1-e1644574034239.jpg\",\"width\":1224,\"height\":314,\"caption\":\"Croc Jeux\"},\"image\":{\"@id\":\"https:\\\/\\\/crocjeux.com\\\/#\\\/schema\\\/logo\\\/image\\\/\"}}]}<\/script>\n<!-- \/ Yoast SEO plugin. -->","yoast_head_json":{"title":"Harry Potter, Miniatures Adventure Game: Harry Potter sur Buck - Croc Jeux","robots":{"index":"index","follow":"follow","max-snippet":"max-snippet:-1","max-image-preview":"max-image-preview:large","max-video-preview":"max-video-preview:-1"},"canonical":"https:\/\/crocjeux.com\/index.php\/produit\/harry-potter-miniatures-adventure-game-harry-potter-sur-buck\/","og_locale":"fr_FR","og_type":"article","og_title":"Harry Potter, Miniatures Adventure Game: Harry Potter sur Buck - Croc Jeux","og_description":"Cette bo\u00eete contient une figurine en r\u00e9sine de Harry Potter sur Buck et un socle rond de 60mm pour le","og_url":"https:\/\/crocjeux.com\/index.php\/produit\/harry-potter-miniatures-adventure-game-harry-potter-sur-buck\/","og_site_name":"Croc Jeux","article_modified_time":"2023-06-06T11:03:44+00:00","og_image":[{"width":372,"height":372,"url":"https:\/\/crocjeux.com\/wp-content\/uploads\/2021\/01\/harry-potter-miniatures-adventure-game-harry-potter-sur-buck.jpg","type":"image\/jpeg"}],"twitter_card":"summary_large_image","schema":{"@context":"https:\/\/schema.org","@graph":[{"@type":"WebPage","@id":"https:\/\/crocjeux.com\/index.php\/produit\/harry-potter-miniatures-adventure-game-harry-potter-sur-buck\/","url":"https:\/\/crocjeux.com\/index.php\/produit\/harry-potter-miniatures-adventure-game-harry-potter-sur-buck\/","name":"Harry Potter, Miniatures Adventure Game: Harry Potter sur Buck - Croc Jeux","isPartOf":{"@id":"https:\/\/crocjeux.com\/#website"},"primaryImageOfPage":{"@id":"https:\/\/crocjeux.com\/index.php\/produit\/harry-potter-miniatures-adventure-game-harry-potter-sur-buck\/#primaryimage"},"image":{"@id":"https:\/\/crocjeux.com\/index.php\/produit\/harry-potter-miniatures-adventure-game-harry-potter-sur-buck\/#primaryimage"},"thumbnailUrl":"https:\/\/crocjeux.com\/wp-content\/uploads\/2021\/01\/harry-potter-miniatures-adventure-game-harry-potter-sur-buck.jpg","datePublished":"2021-01-11T15:15:10+00:00","dateModified":"2023-06-06T11:03:44+00:00","breadcrumb":{"@id":"https:\/\/crocjeux.com\/index.php\/produit\/harry-potter-miniatures-adventure-game-harry-potter-sur-buck\/#breadcrumb"},"inLanguage":"fr-FR","potentialAction":[{"@type":"ReadAction","target":["https:\/\/crocjeux.com\/index.php\/produit\/harry-potter-miniatures-adventure-game-harry-potter-sur-buck\/"]}]},{"@type":"ImageObject","inLanguage":"fr-FR","@id":"https:\/\/crocjeux.com\/index.php\/produit\/harry-potter-miniatures-adventure-game-harry-potter-sur-buck\/#primaryimage","url":"https:\/\/crocjeux.com\/wp-content\/uploads\/2021\/01\/harry-potter-miniatures-adventure-game-harry-potter-sur-buck.jpg","contentUrl":"https:\/\/crocjeux.com\/wp-content\/uploads\/2021\/01\/harry-potter-miniatures-adventure-game-harry-potter-sur-buck.jpg","width":372,"height":372},{"@type":"BreadcrumbList","@id":"https:\/\/crocjeux.com\/index.php\/produit\/harry-potter-miniatures-adventure-game-harry-potter-sur-buck\/#breadcrumb","itemListElement":[{"@type":"ListItem","position":1,"name":"Accueil","item":"https:\/\/crocjeux.com\/"},{"@type":"ListItem","position":2,"name":"Boutique","item":"https:\/\/crocjeux.com\/"},{"@type":"ListItem","position":3,"name":"Harry Potter, Miniatures Adventure Game: Harry Potter sur Buck"}]},{"@type":"WebSite","@id":"https:\/\/crocjeux.com\/#website","url":"https:\/\/crocjeux.com\/","name":"Croc Jeux","description":"Bienvenue chez Croc Jeux!","publisher":{"@id":"https:\/\/crocjeux.com\/#organization"},"potentialAction":[{"@type":"SearchAction","target":{"@type":"EntryPoint","urlTemplate":"https:\/\/crocjeux.com\/?s={search_term_string}"},"query-input":{"@type":"PropertyValueSpecification","valueRequired":true,"valueName":"search_term_string"}}],"inLanguage":"fr-FR"},{"@type":"Organization","@id":"https:\/\/crocjeux.com\/#organization","name":"Croc Jeux","url":"https:\/\/crocjeux.com\/","logo":{"@type":"ImageObject","inLanguage":"fr-FR","@id":"https:\/\/crocjeux.com\/#\/schema\/logo\/image\/","url":"https:\/\/crocjeux.com\/wp-content\/uploads\/2022\/01\/cropped-logo-croc-etape-1-e1644574034239.jpg","contentUrl":"https:\/\/crocjeux.com\/wp-content\/uploads\/2022\/01\/cropped-logo-croc-etape-1-e1644574034239.jpg","width":1224,"height":314,"caption":"Croc Jeux"},"image":{"@id":"https:\/\/crocjeux.com\/#\/schema\/logo\/image\/"}}]}},"_links":{"self":[{"href":"https:\/\/crocjeux.com\/index.php\/wp-json\/wp\/v2\/product\/1767","targetHints":{"allow":["GET"]}}],"collection":[{"href":"https:\/\/crocjeux.com\/index.php\/wp-json\/wp\/v2\/product"}],"about":[{"href":"https:\/\/crocjeux.com\/index.php\/wp-json\/wp\/v2\/types\/product"}],"replies":[{"embeddable":true,"href":"https:\/\/crocjeux.com\/index.php\/wp-json\/wp\/v2\/comments?post=1767"}],"wp:featuredmedia":[{"embeddable":true,"href":"https:\/\/crocjeux.com\/index.php\/wp-json\/wp\/v2\/media\/1768"}],"wp:attachment":[{"href":"https:\/\/crocjeux.com\/index.php\/wp-json\/wp\/v2\/media?parent=1767"}],"wp:term":[{"taxonomy":"product_brand","embeddable":true,"href":"https:\/\/crocjeux.com\/index.php\/wp-json\/wp\/v2\/product_brand?post=1767"},{"taxonomy":"product_cat","embeddable":true,"href":"https:\/\/crocjeux.com\/index.php\/wp-json\/wp\/v2\/product_cat?post=1767"},{"taxonomy":"product_tag","embeddable":true,"href":"https:\/\/crocjeux.com\/index.php\/wp-json\/wp\/v2\/product_tag?post=1767"}],"curies":[{"name":"wp","href":"https:\/\/api.w.org\/{rel}","templated":true}]}}