{"id":182,"date":"2020-10-29T16:38:12","date_gmt":"2020-10-29T15:38:12","guid":{"rendered":"https:\/\/crocjeux.com\/?post_type=product&#038;p=182"},"modified":"2023-02-09T10:57:18","modified_gmt":"2023-02-09T09:57:18","slug":"les-loups-garous-de-thiercelieux","status":"publish","type":"product","link":"https:\/\/crocjeux.com\/index.php\/produit\/les-loups-garous-de-thiercelieux\/","title":{"rendered":"Les Loups-Garous de Thiercelieux"},"content":{"rendered":"<section id=\"tab-description\" class=\"page-product-box r-tabs-panel r-tabs-state-active\">\n<div class=\"rte\">\n<h2>Les Loups-Garous de Thiercelieux, un jeu d&rsquo;ambiance<\/h2>\n<p>Thiercelieux est un joli petit village de l&rsquo;Est, bien \u00e0 l&rsquo;abri des vents et du froid, nich\u00e9 entre de charmantes for\u00eats et de bons p\u00e2turages. Les habitants de Thiercelieux sont d&rsquo;affables paysans, heureux de leur tranquillit\u00e9 et fiers de leur travail. Mais voil\u00e0 que cette paisible vie est troubl\u00e9e depuis quelques temps par des attaques incessantes de loups-garous. Les habitants du village se doivent de r\u00e9agir avant de tous y passer.<\/p>\n<h2>Les Loups-Garous de Thiercelieux, un jeu de bluff<\/h2>\n<p>Derri\u00e8re le d\u00e9cor idyllique de ce petit hameau, se cache un jeu de bluff redoutable. Les Loups-Garous de Thiercelieux est un jeu d&rsquo;ambiance, presqu&rsquo;un mini jeu de r\u00f4le o\u00f9 s&rsquo;affrontent deux camps. Les villageois d&rsquo;un c\u00f4t\u00e9 et les loups-garous de l&rsquo;autre. L&rsquo;histoire est chaperonner par un ma\u00eetre du jeu qui en fait le r\u00e9cit.<\/p>\n<p>Au d\u00e9but de la partie, chaque joueur re\u00e7oit une carte de r\u00f4le. Mais attention, celle-ci ne doit pas \u00eatre r\u00e9v\u00e9l\u00e9e aux autres participants. Les objectifs de chaque camp sont antagonistes. Les loups-garous doivent manger les villageois, tandis que ces derniers doivent tuer les loups-garous pour se d\u00e9fendre.<\/p>\n<h2>Les Loup-Garous de Thiercelieux, une m\u00e9canique de jeu en deux phases<\/h2>\n<p>Une partie se d\u00e9roule en deux phases. Une phase de nuit, o\u00f9 les loups-garous, sans se r\u00e9v\u00e9ler, doivent d\u00e9signer un joueur pour le d\u00e9vorer. Et une phase de jour, o\u00f9 les villageois, qui viennent de d\u00e9couvrir la victime de la nuit derni\u00e8re, d\u00e9battent pour d\u00e9signer un bouc \u00e9missaire pour le sacrifier.<\/p>\n<h2>Les Loups-Garous de Thiercelieux, un jeu \u00e0 rebondissements<\/h2>\n<p>Plusieurs r\u00f4les sp\u00e9ciaux parmi les villageois viennent agr\u00e9menter l&rsquo;histoire. On y retrouve :<\/p>\n<p>Cupidon : D\u00e9signe deux amants dont leur sort est li\u00e9. Si l&rsquo;un meurt, l&rsquo;autre aussi.<\/p>\n<p>La chasseur : Lorsqu&rsquo;il meurt, ce personnage a la possibilit\u00e9 de tuer une derni\u00e8re personne.<\/p>\n<p>La petite fille : A la capacit\u00e9 de regarder ce qu&rsquo;il se passe la nuit.<\/p>\n<p>La voyante : Peut conna\u00eetre le r\u00f4le des autres joueurs.<\/p>\n<p>La sorci\u00e8re : Poss\u00e8de une potion de vie et une potion de mort.<\/p>\n<p>Le capitaine : Elu par les autres villageois, son vote compte double. D\u00e9signe son successeur lorsqu&rsquo;il meurt.<\/p>\n<p>Le voleur : A la possibilit\u00e9 de changer de r\u00f4le.<\/p>\n<\/div>\n<\/section>\n","protected":false},"excerpt":{"rendered":"<div id=\"short_description_block\">\n<div id=\"short_description_content\" class=\"rte align_justify hide-smartphone\">Dans l&rsquo;Est sauvage, le petit hameau de Thiercelieux est devenu la proie des loups-garous. Les villageois, qui ont d\u00e9cid\u00e9 de ne plus se laisser faire, prennent les choses en main.<\/div>\n<\/div>\n<div>Les diff\u00e9rentes extensions sont disponibles en boutique. Contactez nous!<\/div>\n","protected":false},"featured_media":183,"comment_status":"open","ping_status":"closed","template":"","meta":{"colormag_page_container_layout":"default_layout","colormag_page_sidebar_layout":"default_layout"},"product_brand":[],"product_cat":[43,42,40],"product_tag":[],"class_list":{"0":"post-182","1":"product","2":"type-product","3":"status-publish","4":"has-post-thumbnail","6":"product_cat-grand-classique","7":"product_cat-jeux-a-roles-caches","8":"product_cat-jeux-dambiance","10":"first","11":"instock","12":"taxable","13":"shipping-taxable","14":"purchasable","15":"product-type-simple"},"yoast_head":"<!-- This site is optimized with the Yoast SEO plugin v27.3 - https:\/\/yoast.com\/product\/yoast-seo-wordpress\/ -->\n<title>Les Loups-Garous de Thiercelieux - Croc Jeux<\/title>\n<meta name=\"robots\" content=\"index, follow, max-snippet:-1, max-image-preview:large, max-video-preview:-1\" \/>\n<link rel=\"canonical\" href=\"https:\/\/crocjeux.com\/index.php\/produit\/les-loups-garous-de-thiercelieux\/\" \/>\n<meta property=\"og:locale\" content=\"fr_FR\" \/>\n<meta property=\"og:type\" content=\"article\" \/>\n<meta property=\"og:title\" content=\"Les Loups-Garous de Thiercelieux - Croc Jeux\" \/>\n<meta property=\"og:description\" content=\"Dans l&#039;Est sauvage, le petit hameau de Thiercelieux est devenu la proie des loups-garous. Les villageois, qui ont d\u00e9cid\u00e9 de ne plus se laisser faire, prennent les choses en main.  Les diff\u00e9rentes extensions sont disponibles en boutique. Contactez nous!\" \/>\n<meta property=\"og:url\" content=\"https:\/\/crocjeux.com\/index.php\/produit\/les-loups-garous-de-thiercelieux\/\" \/>\n<meta property=\"og:site_name\" content=\"Croc Jeux\" \/>\n<meta property=\"article:modified_time\" content=\"2023-02-09T09:57:18+00:00\" \/>\n<meta property=\"og:image\" content=\"https:\/\/crocjeux.com\/wp-content\/uploads\/2020\/10\/loup_garoux.png\" \/>\n\t<meta property=\"og:image:width\" content=\"460\" \/>\n\t<meta property=\"og:image:height\" content=\"658\" \/>\n\t<meta property=\"og:image:type\" content=\"image\/png\" \/>\n<meta name=\"twitter:card\" content=\"summary_large_image\" \/>\n<meta name=\"twitter:label1\" content=\"Dur\u00e9e de lecture estim\u00e9e\" \/>\n\t<meta name=\"twitter:data1\" content=\"2 minutes\" \/>\n<script type=\"application\/ld+json\" class=\"yoast-schema-graph\">{\"@context\":\"https:\\\/\\\/schema.org\",\"@graph\":[{\"@type\":\"WebPage\",\"@id\":\"https:\\\/\\\/crocjeux.com\\\/index.php\\\/produit\\\/les-loups-garous-de-thiercelieux\\\/\",\"url\":\"https:\\\/\\\/crocjeux.com\\\/index.php\\\/produit\\\/les-loups-garous-de-thiercelieux\\\/\",\"name\":\"Les Loups-Garous de Thiercelieux - Croc Jeux\",\"isPartOf\":{\"@id\":\"https:\\\/\\\/crocjeux.com\\\/#website\"},\"primaryImageOfPage\":{\"@id\":\"https:\\\/\\\/crocjeux.com\\\/index.php\\\/produit\\\/les-loups-garous-de-thiercelieux\\\/#primaryimage\"},\"image\":{\"@id\":\"https:\\\/\\\/crocjeux.com\\\/index.php\\\/produit\\\/les-loups-garous-de-thiercelieux\\\/#primaryimage\"},\"thumbnailUrl\":\"https:\\\/\\\/crocjeux.com\\\/wp-content\\\/uploads\\\/2020\\\/10\\\/loup_garoux.png\",\"datePublished\":\"2020-10-29T15:38:12+00:00\",\"dateModified\":\"2023-02-09T09:57:18+00:00\",\"breadcrumb\":{\"@id\":\"https:\\\/\\\/crocjeux.com\\\/index.php\\\/produit\\\/les-loups-garous-de-thiercelieux\\\/#breadcrumb\"},\"inLanguage\":\"fr-FR\",\"potentialAction\":[{\"@type\":\"ReadAction\",\"target\":[\"https:\\\/\\\/crocjeux.com\\\/index.php\\\/produit\\\/les-loups-garous-de-thiercelieux\\\/\"]}]},{\"@type\":\"ImageObject\",\"inLanguage\":\"fr-FR\",\"@id\":\"https:\\\/\\\/crocjeux.com\\\/index.php\\\/produit\\\/les-loups-garous-de-thiercelieux\\\/#primaryimage\",\"url\":\"https:\\\/\\\/crocjeux.com\\\/wp-content\\\/uploads\\\/2020\\\/10\\\/loup_garoux.png\",\"contentUrl\":\"https:\\\/\\\/crocjeux.com\\\/wp-content\\\/uploads\\\/2020\\\/10\\\/loup_garoux.png\",\"width\":460,\"height\":658},{\"@type\":\"BreadcrumbList\",\"@id\":\"https:\\\/\\\/crocjeux.com\\\/index.php\\\/produit\\\/les-loups-garous-de-thiercelieux\\\/#breadcrumb\",\"itemListElement\":[{\"@type\":\"ListItem\",\"position\":1,\"name\":\"Accueil\",\"item\":\"https:\\\/\\\/crocjeux.com\\\/\"},{\"@type\":\"ListItem\",\"position\":2,\"name\":\"Boutique\",\"item\":\"https:\\\/\\\/crocjeux.com\\\/\"},{\"@type\":\"ListItem\",\"position\":3,\"name\":\"Les Loups-Garous de Thiercelieux\"}]},{\"@type\":\"WebSite\",\"@id\":\"https:\\\/\\\/crocjeux.com\\\/#website\",\"url\":\"https:\\\/\\\/crocjeux.com\\\/\",\"name\":\"Croc Jeux\",\"description\":\"Bienvenue chez Croc Jeux!\",\"publisher\":{\"@id\":\"https:\\\/\\\/crocjeux.com\\\/#organization\"},\"potentialAction\":[{\"@type\":\"SearchAction\",\"target\":{\"@type\":\"EntryPoint\",\"urlTemplate\":\"https:\\\/\\\/crocjeux.com\\\/?s={search_term_string}\"},\"query-input\":{\"@type\":\"PropertyValueSpecification\",\"valueRequired\":true,\"valueName\":\"search_term_string\"}}],\"inLanguage\":\"fr-FR\"},{\"@type\":\"Organization\",\"@id\":\"https:\\\/\\\/crocjeux.com\\\/#organization\",\"name\":\"Croc Jeux\",\"url\":\"https:\\\/\\\/crocjeux.com\\\/\",\"logo\":{\"@type\":\"ImageObject\",\"inLanguage\":\"fr-FR\",\"@id\":\"https:\\\/\\\/crocjeux.com\\\/#\\\/schema\\\/logo\\\/image\\\/\",\"url\":\"https:\\\/\\\/crocjeux.com\\\/wp-content\\\/uploads\\\/2022\\\/01\\\/cropped-logo-croc-etape-1-e1644574034239.jpg\",\"contentUrl\":\"https:\\\/\\\/crocjeux.com\\\/wp-content\\\/uploads\\\/2022\\\/01\\\/cropped-logo-croc-etape-1-e1644574034239.jpg\",\"width\":1224,\"height\":314,\"caption\":\"Croc Jeux\"},\"image\":{\"@id\":\"https:\\\/\\\/crocjeux.com\\\/#\\\/schema\\\/logo\\\/image\\\/\"}}]}<\/script>\n<!-- \/ Yoast SEO plugin. -->","yoast_head_json":{"title":"Les Loups-Garous de Thiercelieux - Croc Jeux","robots":{"index":"index","follow":"follow","max-snippet":"max-snippet:-1","max-image-preview":"max-image-preview:large","max-video-preview":"max-video-preview:-1"},"canonical":"https:\/\/crocjeux.com\/index.php\/produit\/les-loups-garous-de-thiercelieux\/","og_locale":"fr_FR","og_type":"article","og_title":"Les Loups-Garous de Thiercelieux - Croc Jeux","og_description":"Dans l'Est sauvage, le petit hameau de Thiercelieux est devenu la proie des loups-garous. Les villageois, qui ont d\u00e9cid\u00e9 de ne plus se laisser faire, prennent les choses en main.  Les diff\u00e9rentes extensions sont disponibles en boutique. Contactez nous!","og_url":"https:\/\/crocjeux.com\/index.php\/produit\/les-loups-garous-de-thiercelieux\/","og_site_name":"Croc Jeux","article_modified_time":"2023-02-09T09:57:18+00:00","og_image":[{"width":460,"height":658,"url":"https:\/\/crocjeux.com\/wp-content\/uploads\/2020\/10\/loup_garoux.png","type":"image\/png"}],"twitter_card":"summary_large_image","twitter_misc":{"Dur\u00e9e de lecture estim\u00e9e":"2 minutes"},"schema":{"@context":"https:\/\/schema.org","@graph":[{"@type":"WebPage","@id":"https:\/\/crocjeux.com\/index.php\/produit\/les-loups-garous-de-thiercelieux\/","url":"https:\/\/crocjeux.com\/index.php\/produit\/les-loups-garous-de-thiercelieux\/","name":"Les Loups-Garous de Thiercelieux - Croc Jeux","isPartOf":{"@id":"https:\/\/crocjeux.com\/#website"},"primaryImageOfPage":{"@id":"https:\/\/crocjeux.com\/index.php\/produit\/les-loups-garous-de-thiercelieux\/#primaryimage"},"image":{"@id":"https:\/\/crocjeux.com\/index.php\/produit\/les-loups-garous-de-thiercelieux\/#primaryimage"},"thumbnailUrl":"https:\/\/crocjeux.com\/wp-content\/uploads\/2020\/10\/loup_garoux.png","datePublished":"2020-10-29T15:38:12+00:00","dateModified":"2023-02-09T09:57:18+00:00","breadcrumb":{"@id":"https:\/\/crocjeux.com\/index.php\/produit\/les-loups-garous-de-thiercelieux\/#breadcrumb"},"inLanguage":"fr-FR","potentialAction":[{"@type":"ReadAction","target":["https:\/\/crocjeux.com\/index.php\/produit\/les-loups-garous-de-thiercelieux\/"]}]},{"@type":"ImageObject","inLanguage":"fr-FR","@id":"https:\/\/crocjeux.com\/index.php\/produit\/les-loups-garous-de-thiercelieux\/#primaryimage","url":"https:\/\/crocjeux.com\/wp-content\/uploads\/2020\/10\/loup_garoux.png","contentUrl":"https:\/\/crocjeux.com\/wp-content\/uploads\/2020\/10\/loup_garoux.png","width":460,"height":658},{"@type":"BreadcrumbList","@id":"https:\/\/crocjeux.com\/index.php\/produit\/les-loups-garous-de-thiercelieux\/#breadcrumb","itemListElement":[{"@type":"ListItem","position":1,"name":"Accueil","item":"https:\/\/crocjeux.com\/"},{"@type":"ListItem","position":2,"name":"Boutique","item":"https:\/\/crocjeux.com\/"},{"@type":"ListItem","position":3,"name":"Les Loups-Garous de Thiercelieux"}]},{"@type":"WebSite","@id":"https:\/\/crocjeux.com\/#website","url":"https:\/\/crocjeux.com\/","name":"Croc Jeux","description":"Bienvenue chez Croc Jeux!","publisher":{"@id":"https:\/\/crocjeux.com\/#organization"},"potentialAction":[{"@type":"SearchAction","target":{"@type":"EntryPoint","urlTemplate":"https:\/\/crocjeux.com\/?s={search_term_string}"},"query-input":{"@type":"PropertyValueSpecification","valueRequired":true,"valueName":"search_term_string"}}],"inLanguage":"fr-FR"},{"@type":"Organization","@id":"https:\/\/crocjeux.com\/#organization","name":"Croc Jeux","url":"https:\/\/crocjeux.com\/","logo":{"@type":"ImageObject","inLanguage":"fr-FR","@id":"https:\/\/crocjeux.com\/#\/schema\/logo\/image\/","url":"https:\/\/crocjeux.com\/wp-content\/uploads\/2022\/01\/cropped-logo-croc-etape-1-e1644574034239.jpg","contentUrl":"https:\/\/crocjeux.com\/wp-content\/uploads\/2022\/01\/cropped-logo-croc-etape-1-e1644574034239.jpg","width":1224,"height":314,"caption":"Croc Jeux"},"image":{"@id":"https:\/\/crocjeux.com\/#\/schema\/logo\/image\/"}}]}},"_links":{"self":[{"href":"https:\/\/crocjeux.com\/index.php\/wp-json\/wp\/v2\/product\/182","targetHints":{"allow":["GET"]}}],"collection":[{"href":"https:\/\/crocjeux.com\/index.php\/wp-json\/wp\/v2\/product"}],"about":[{"href":"https:\/\/crocjeux.com\/index.php\/wp-json\/wp\/v2\/types\/product"}],"replies":[{"embeddable":true,"href":"https:\/\/crocjeux.com\/index.php\/wp-json\/wp\/v2\/comments?post=182"}],"wp:featuredmedia":[{"embeddable":true,"href":"https:\/\/crocjeux.com\/index.php\/wp-json\/wp\/v2\/media\/183"}],"wp:attachment":[{"href":"https:\/\/crocjeux.com\/index.php\/wp-json\/wp\/v2\/media?parent=182"}],"wp:term":[{"taxonomy":"product_brand","embeddable":true,"href":"https:\/\/crocjeux.com\/index.php\/wp-json\/wp\/v2\/product_brand?post=182"},{"taxonomy":"product_cat","embeddable":true,"href":"https:\/\/crocjeux.com\/index.php\/wp-json\/wp\/v2\/product_cat?post=182"},{"taxonomy":"product_tag","embeddable":true,"href":"https:\/\/crocjeux.com\/index.php\/wp-json\/wp\/v2\/product_tag?post=182"}],"curies":[{"name":"wp","href":"https:\/\/api.w.org\/{rel}","templated":true}]}}