{"id":184,"date":"2020-10-29T16:41:00","date_gmt":"2020-10-29T15:41:00","guid":{"rendered":"https:\/\/crocjeux.com\/?post_type=product&#038;p=184"},"modified":"2024-04-17T11:23:28","modified_gmt":"2024-04-17T10:23:28","slug":"loups-garous-de-thiercelieux-best-of","status":"publish","type":"product","link":"https:\/\/crocjeux.com\/index.php\/produit\/loups-garous-de-thiercelieux-best-of\/","title":{"rendered":"Les Loups-Garous de Thiercelieux &#8211; Best Of"},"content":{"rendered":"<section id=\"tab-description\" class=\"page-product-box r-tabs-panel r-tabs-state-active\">\n<div class=\"rte\">S\u00e9lectionn\u00e9s avec soin par leurs auteurs, (re)d\u00e9couvrez les personnages les plus c\u00e9l\u00e8bres des \u00ab\u00a0loups-garous de thiercelieux\u00a0\u00bb, de \u00ab\u00a0nouvelle lune\u00a0\u00bb et de \u00ab\u00a0personnages\u00a0\u00bb !<\/div>\n<\/section>\n","protected":false},"excerpt":{"rendered":"<div id=\"short_description_block\">\n<div id=\"short_description_content\" class=\"rte align_justify hide-smartphone\">S\u00e9lectionn\u00e9s avec soin par leurs auteurs, (re)d\u00e9couvrez les personnages les plus c\u00e9l\u00e8bres des \u00ab\u00a0Loups-Garous de Thiercelieux\u00a0\u00bb, de \u00ab\u00a0Nouvelle Lune\u00a0\u00bb et de \u00ab\u00a0Personnages\u00a0\u00bb !<\/div>\n<\/div>\n","protected":false},"featured_media":185,"comment_status":"open","ping_status":"closed","template":"","meta":{"colormag_page_container_layout":"default_layout","colormag_page_sidebar_layout":"default_layout"},"product_brand":[],"product_cat":[43,42,40],"product_tag":[],"class_list":{"0":"post-184","1":"product","2":"type-product","3":"status-publish","4":"has-post-thumbnail","6":"product_cat-grand-classique","7":"product_cat-jeux-a-roles-caches","8":"product_cat-jeux-dambiance","10":"first","11":"instock","12":"taxable","13":"shipping-taxable","14":"purchasable","15":"product-type-simple"},"yoast_head":"<!-- This site is optimized with the Yoast SEO plugin v27.3 - https:\/\/yoast.com\/product\/yoast-seo-wordpress\/ -->\n<title>Les Loups-Garous de Thiercelieux - Best Of - Croc Jeux<\/title>\n<meta name=\"robots\" content=\"index, follow, max-snippet:-1, max-image-preview:large, max-video-preview:-1\" \/>\n<link rel=\"canonical\" href=\"https:\/\/crocjeux.com\/index.php\/produit\/loups-garous-de-thiercelieux-best-of\/\" \/>\n<meta property=\"og:locale\" content=\"fr_FR\" \/>\n<meta property=\"og:type\" content=\"article\" \/>\n<meta property=\"og:title\" content=\"Les Loups-Garous de Thiercelieux - Best Of - Croc Jeux\" \/>\n<meta property=\"og:description\" content=\"S\u00e9lectionn\u00e9s avec soin par leurs auteurs, (re)d\u00e9couvrez les personnages les plus c\u00e9l\u00e8bres des &quot;Loups-Garous de Thiercelieux&quot;, de &quot;Nouvelle Lune&quot; et de &quot;Personnages&quot; !\" \/>\n<meta property=\"og:url\" content=\"https:\/\/crocjeux.com\/index.php\/produit\/loups-garous-de-thiercelieux-best-of\/\" \/>\n<meta property=\"og:site_name\" content=\"Croc Jeux\" \/>\n<meta property=\"article:modified_time\" content=\"2024-04-17T10:23:28+00:00\" \/>\n<meta property=\"og:image\" content=\"https:\/\/crocjeux.com\/wp-content\/uploads\/2020\/10\/loup_garoux_best.png\" \/>\n\t<meta property=\"og:image:width\" content=\"787\" \/>\n\t<meta property=\"og:image:height\" content=\"581\" \/>\n\t<meta property=\"og:image:type\" content=\"image\/png\" \/>\n<meta name=\"twitter:card\" content=\"summary_large_image\" \/>\n<meta name=\"twitter:label1\" content=\"Dur\u00e9e de lecture estim\u00e9e\" \/>\n\t<meta name=\"twitter:data1\" content=\"1 minute\" \/>\n<script type=\"application\/ld+json\" class=\"yoast-schema-graph\">{\"@context\":\"https:\\\/\\\/schema.org\",\"@graph\":[{\"@type\":\"WebPage\",\"@id\":\"https:\\\/\\\/crocjeux.com\\\/index.php\\\/produit\\\/loups-garous-de-thiercelieux-best-of\\\/\",\"url\":\"https:\\\/\\\/crocjeux.com\\\/index.php\\\/produit\\\/loups-garous-de-thiercelieux-best-of\\\/\",\"name\":\"Les Loups-Garous de Thiercelieux - Best Of - Croc Jeux\",\"isPartOf\":{\"@id\":\"https:\\\/\\\/crocjeux.com\\\/#website\"},\"primaryImageOfPage\":{\"@id\":\"https:\\\/\\\/crocjeux.com\\\/index.php\\\/produit\\\/loups-garous-de-thiercelieux-best-of\\\/#primaryimage\"},\"image\":{\"@id\":\"https:\\\/\\\/crocjeux.com\\\/index.php\\\/produit\\\/loups-garous-de-thiercelieux-best-of\\\/#primaryimage\"},\"thumbnailUrl\":\"https:\\\/\\\/crocjeux.com\\\/wp-content\\\/uploads\\\/2020\\\/10\\\/loup_garoux_best.png\",\"datePublished\":\"2020-10-29T15:41:00+00:00\",\"dateModified\":\"2024-04-17T10:23:28+00:00\",\"breadcrumb\":{\"@id\":\"https:\\\/\\\/crocjeux.com\\\/index.php\\\/produit\\\/loups-garous-de-thiercelieux-best-of\\\/#breadcrumb\"},\"inLanguage\":\"fr-FR\",\"potentialAction\":[{\"@type\":\"ReadAction\",\"target\":[\"https:\\\/\\\/crocjeux.com\\\/index.php\\\/produit\\\/loups-garous-de-thiercelieux-best-of\\\/\"]}]},{\"@type\":\"ImageObject\",\"inLanguage\":\"fr-FR\",\"@id\":\"https:\\\/\\\/crocjeux.com\\\/index.php\\\/produit\\\/loups-garous-de-thiercelieux-best-of\\\/#primaryimage\",\"url\":\"https:\\\/\\\/crocjeux.com\\\/wp-content\\\/uploads\\\/2020\\\/10\\\/loup_garoux_best.png\",\"contentUrl\":\"https:\\\/\\\/crocjeux.com\\\/wp-content\\\/uploads\\\/2020\\\/10\\\/loup_garoux_best.png\",\"width\":787,\"height\":581},{\"@type\":\"BreadcrumbList\",\"@id\":\"https:\\\/\\\/crocjeux.com\\\/index.php\\\/produit\\\/loups-garous-de-thiercelieux-best-of\\\/#breadcrumb\",\"itemListElement\":[{\"@type\":\"ListItem\",\"position\":1,\"name\":\"Accueil\",\"item\":\"https:\\\/\\\/crocjeux.com\\\/\"},{\"@type\":\"ListItem\",\"position\":2,\"name\":\"Boutique\",\"item\":\"https:\\\/\\\/crocjeux.com\\\/\"},{\"@type\":\"ListItem\",\"position\":3,\"name\":\"Les Loups-Garous de Thiercelieux &#8211; Best Of\"}]},{\"@type\":\"WebSite\",\"@id\":\"https:\\\/\\\/crocjeux.com\\\/#website\",\"url\":\"https:\\\/\\\/crocjeux.com\\\/\",\"name\":\"Croc Jeux\",\"description\":\"Bienvenue chez Croc Jeux!\",\"publisher\":{\"@id\":\"https:\\\/\\\/crocjeux.com\\\/#organization\"},\"potentialAction\":[{\"@type\":\"SearchAction\",\"target\":{\"@type\":\"EntryPoint\",\"urlTemplate\":\"https:\\\/\\\/crocjeux.com\\\/?s={search_term_string}\"},\"query-input\":{\"@type\":\"PropertyValueSpecification\",\"valueRequired\":true,\"valueName\":\"search_term_string\"}}],\"inLanguage\":\"fr-FR\"},{\"@type\":\"Organization\",\"@id\":\"https:\\\/\\\/crocjeux.com\\\/#organization\",\"name\":\"Croc Jeux\",\"url\":\"https:\\\/\\\/crocjeux.com\\\/\",\"logo\":{\"@type\":\"ImageObject\",\"inLanguage\":\"fr-FR\",\"@id\":\"https:\\\/\\\/crocjeux.com\\\/#\\\/schema\\\/logo\\\/image\\\/\",\"url\":\"https:\\\/\\\/crocjeux.com\\\/wp-content\\\/uploads\\\/2022\\\/01\\\/cropped-logo-croc-etape-1-e1644574034239.jpg\",\"contentUrl\":\"https:\\\/\\\/crocjeux.com\\\/wp-content\\\/uploads\\\/2022\\\/01\\\/cropped-logo-croc-etape-1-e1644574034239.jpg\",\"width\":1224,\"height\":314,\"caption\":\"Croc Jeux\"},\"image\":{\"@id\":\"https:\\\/\\\/crocjeux.com\\\/#\\\/schema\\\/logo\\\/image\\\/\"}}]}<\/script>\n<!-- \/ Yoast SEO plugin. -->","yoast_head_json":{"title":"Les Loups-Garous de Thiercelieux - Best Of - Croc Jeux","robots":{"index":"index","follow":"follow","max-snippet":"max-snippet:-1","max-image-preview":"max-image-preview:large","max-video-preview":"max-video-preview:-1"},"canonical":"https:\/\/crocjeux.com\/index.php\/produit\/loups-garous-de-thiercelieux-best-of\/","og_locale":"fr_FR","og_type":"article","og_title":"Les Loups-Garous de Thiercelieux - Best Of - Croc Jeux","og_description":"S\u00e9lectionn\u00e9s avec soin par leurs auteurs, (re)d\u00e9couvrez les personnages les plus c\u00e9l\u00e8bres des \"Loups-Garous de Thiercelieux\", de \"Nouvelle Lune\" et de \"Personnages\" !","og_url":"https:\/\/crocjeux.com\/index.php\/produit\/loups-garous-de-thiercelieux-best-of\/","og_site_name":"Croc Jeux","article_modified_time":"2024-04-17T10:23:28+00:00","og_image":[{"width":787,"height":581,"url":"https:\/\/crocjeux.com\/wp-content\/uploads\/2020\/10\/loup_garoux_best.png","type":"image\/png"}],"twitter_card":"summary_large_image","twitter_misc":{"Dur\u00e9e de lecture estim\u00e9e":"1 minute"},"schema":{"@context":"https:\/\/schema.org","@graph":[{"@type":"WebPage","@id":"https:\/\/crocjeux.com\/index.php\/produit\/loups-garous-de-thiercelieux-best-of\/","url":"https:\/\/crocjeux.com\/index.php\/produit\/loups-garous-de-thiercelieux-best-of\/","name":"Les Loups-Garous de Thiercelieux - Best Of - Croc Jeux","isPartOf":{"@id":"https:\/\/crocjeux.com\/#website"},"primaryImageOfPage":{"@id":"https:\/\/crocjeux.com\/index.php\/produit\/loups-garous-de-thiercelieux-best-of\/#primaryimage"},"image":{"@id":"https:\/\/crocjeux.com\/index.php\/produit\/loups-garous-de-thiercelieux-best-of\/#primaryimage"},"thumbnailUrl":"https:\/\/crocjeux.com\/wp-content\/uploads\/2020\/10\/loup_garoux_best.png","datePublished":"2020-10-29T15:41:00+00:00","dateModified":"2024-04-17T10:23:28+00:00","breadcrumb":{"@id":"https:\/\/crocjeux.com\/index.php\/produit\/loups-garous-de-thiercelieux-best-of\/#breadcrumb"},"inLanguage":"fr-FR","potentialAction":[{"@type":"ReadAction","target":["https:\/\/crocjeux.com\/index.php\/produit\/loups-garous-de-thiercelieux-best-of\/"]}]},{"@type":"ImageObject","inLanguage":"fr-FR","@id":"https:\/\/crocjeux.com\/index.php\/produit\/loups-garous-de-thiercelieux-best-of\/#primaryimage","url":"https:\/\/crocjeux.com\/wp-content\/uploads\/2020\/10\/loup_garoux_best.png","contentUrl":"https:\/\/crocjeux.com\/wp-content\/uploads\/2020\/10\/loup_garoux_best.png","width":787,"height":581},{"@type":"BreadcrumbList","@id":"https:\/\/crocjeux.com\/index.php\/produit\/loups-garous-de-thiercelieux-best-of\/#breadcrumb","itemListElement":[{"@type":"ListItem","position":1,"name":"Accueil","item":"https:\/\/crocjeux.com\/"},{"@type":"ListItem","position":2,"name":"Boutique","item":"https:\/\/crocjeux.com\/"},{"@type":"ListItem","position":3,"name":"Les Loups-Garous de Thiercelieux &#8211; Best Of"}]},{"@type":"WebSite","@id":"https:\/\/crocjeux.com\/#website","url":"https:\/\/crocjeux.com\/","name":"Croc Jeux","description":"Bienvenue chez Croc Jeux!","publisher":{"@id":"https:\/\/crocjeux.com\/#organization"},"potentialAction":[{"@type":"SearchAction","target":{"@type":"EntryPoint","urlTemplate":"https:\/\/crocjeux.com\/?s={search_term_string}"},"query-input":{"@type":"PropertyValueSpecification","valueRequired":true,"valueName":"search_term_string"}}],"inLanguage":"fr-FR"},{"@type":"Organization","@id":"https:\/\/crocjeux.com\/#organization","name":"Croc Jeux","url":"https:\/\/crocjeux.com\/","logo":{"@type":"ImageObject","inLanguage":"fr-FR","@id":"https:\/\/crocjeux.com\/#\/schema\/logo\/image\/","url":"https:\/\/crocjeux.com\/wp-content\/uploads\/2022\/01\/cropped-logo-croc-etape-1-e1644574034239.jpg","contentUrl":"https:\/\/crocjeux.com\/wp-content\/uploads\/2022\/01\/cropped-logo-croc-etape-1-e1644574034239.jpg","width":1224,"height":314,"caption":"Croc Jeux"},"image":{"@id":"https:\/\/crocjeux.com\/#\/schema\/logo\/image\/"}}]}},"_links":{"self":[{"href":"https:\/\/crocjeux.com\/index.php\/wp-json\/wp\/v2\/product\/184","targetHints":{"allow":["GET"]}}],"collection":[{"href":"https:\/\/crocjeux.com\/index.php\/wp-json\/wp\/v2\/product"}],"about":[{"href":"https:\/\/crocjeux.com\/index.php\/wp-json\/wp\/v2\/types\/product"}],"replies":[{"embeddable":true,"href":"https:\/\/crocjeux.com\/index.php\/wp-json\/wp\/v2\/comments?post=184"}],"wp:featuredmedia":[{"embeddable":true,"href":"https:\/\/crocjeux.com\/index.php\/wp-json\/wp\/v2\/media\/185"}],"wp:attachment":[{"href":"https:\/\/crocjeux.com\/index.php\/wp-json\/wp\/v2\/media?parent=184"}],"wp:term":[{"taxonomy":"product_brand","embeddable":true,"href":"https:\/\/crocjeux.com\/index.php\/wp-json\/wp\/v2\/product_brand?post=184"},{"taxonomy":"product_cat","embeddable":true,"href":"https:\/\/crocjeux.com\/index.php\/wp-json\/wp\/v2\/product_cat?post=184"},{"taxonomy":"product_tag","embeddable":true,"href":"https:\/\/crocjeux.com\/index.php\/wp-json\/wp\/v2\/product_tag?post=184"}],"curies":[{"name":"wp","href":"https:\/\/api.w.org\/{rel}","templated":true}]}}