{"id":1864,"date":"2021-01-11T17:28:24","date_gmt":"2021-01-11T16:28:24","guid":{"rendered":"https:\/\/crocjeux.com\/?post_type=product&#038;p=1864"},"modified":"2026-04-13T22:41:31","modified_gmt":"2026-04-13T21:41:31","slug":"a-song-of-ice-and-fire-lannister-pyromancers","status":"publish","type":"product","link":"https:\/\/crocjeux.com\/index.php\/produit\/a-song-of-ice-and-fire-lannister-pyromancers\/","title":{"rendered":"A Song Of Ice and Fire \u2013 Lannister Pyromancers"},"content":{"rendered":"<h1 id=\"product_name\">A Song Of Ice and Fire \u2013 Lannister Pyromancers<\/h1>\n<div id=\"short_description_block\">\n<div id=\"short_description_content\" class=\"rte align_justify hide-smartphone\">En temps de guerre, un commandant doit tirer parti de toute la technologie \u00e0 sa disposition.<\/div>\n<\/div>\n<ul class=\"illustrated_features\">\n<li class=\"langue tooltips\" title=\"\" data-hasqtip=\"5\">Anglais<\/li>\n<li class=\"age tooltips\" title=\"\" data-hasqtip=\"6\">\u00a0\u00e0 partir de 14 ans<\/li>\n<li class=\"duree_partie tooltips\" title=\"\" data-hasqtip=\"7\">\u00a030mn \u00e0 1h<\/li>\n<li class=\"nb_joueurs tooltips\" title=\"\" data-hasqtip=\"8\" aria-describedby=\"qtip-8\">\u00a02 joueur(s)<\/li>\n<\/ul>\n<div>En temps de guerre, un commandant doit tirer parti de toute la technologie \u00e0 sa disposition. Des perc\u00e9es mineures peuvent fournir un l\u00e9ger avantage sur le champ de bataille, mais lorsqu&rsquo;une d\u00e9couverte comme le feu gr\u00e9geois est faite, c&rsquo;est suffisant pour renverser la tendance d&rsquo;un conflit.<\/div>\n<div><\/div>\n<div>Avec le Pyromancers Unit Box for A Song of Ice and Fire : Tabletop Miniatures Game, les commandants de Lannister pourront profiter de la substance, un liquide vert et volatil qui colle aux armures et br\u00fble la chair qui s&rsquo;y trouve. C&rsquo;est un outil puissant sur le champ de bataille, mais l&rsquo;utiliser peut \u00eatre dangereux et sa mauvaise manipulation peut \u00eatre d\u00e9sastreuse pour leurs propres troupes. Cependant, cela vaut la peine de prendre des risques lorsqu&rsquo;ils voient la panique que le feu peut provoquer chez les forces adverses. La Guilde des Alchimistes est sur le point de faire son entr\u00e9e dans la guerre.<\/div>\n","protected":false},"excerpt":{"rendered":"<p>A Song Of Ice and Fire \u2013 Lannister Pyromancers En temps de guerre, un commandant doit tirer parti de toute<\/p>\n","protected":false},"featured_media":1867,"comment_status":"open","ping_status":"closed","template":"","meta":{"colormag_page_container_layout":"default_layout","colormag_page_sidebar_layout":"default_layout"},"product_brand":[],"product_cat":[112,64,110,111],"product_tag":[],"class_list":{"0":"post-1864","1":"product","2":"type-product","3":"status-publish","4":"has-post-thumbnail","6":"product_cat-trone-de-fer-jeux-experts","7":"product_cat-figurine-got","8":"product_cat-trone-de-fer-jeux-strategie","9":"product_cat-trone-de-fer-jeux-civilisation","11":"first","12":"instock","13":"taxable","14":"shipping-taxable","15":"purchasable","16":"product-type-simple"},"yoast_head":"<!-- This site is optimized with the Yoast SEO plugin v27.3 - https:\/\/yoast.com\/product\/yoast-seo-wordpress\/ -->\n<title>A Song Of Ice and Fire \u2013 Lannister Pyromancers - Croc Jeux<\/title>\n<meta name=\"robots\" content=\"index, follow, max-snippet:-1, max-image-preview:large, max-video-preview:-1\" \/>\n<link rel=\"canonical\" href=\"https:\/\/crocjeux.com\/index.php\/produit\/a-song-of-ice-and-fire-lannister-pyromancers\/\" \/>\n<meta property=\"og:locale\" content=\"fr_FR\" \/>\n<meta property=\"og:type\" content=\"article\" \/>\n<meta property=\"og:title\" content=\"A Song Of Ice and Fire \u2013 Lannister Pyromancers - Croc Jeux\" \/>\n<meta property=\"og:description\" content=\"A Song Of Ice and Fire \u2013 Lannister Pyromancers En temps de guerre, un commandant doit tirer parti de toute\" \/>\n<meta property=\"og:url\" content=\"https:\/\/crocjeux.com\/index.php\/produit\/a-song-of-ice-and-fire-lannister-pyromancers\/\" \/>\n<meta property=\"og:site_name\" content=\"Croc Jeux\" \/>\n<meta property=\"article:modified_time\" content=\"2026-04-13T21:41:31+00:00\" \/>\n<meta property=\"og:image\" content=\"https:\/\/crocjeux.com\/wp-content\/uploads\/2021\/01\/a-song-of-ice-and-fire-lannister-pyromancers.jpg\" \/>\n\t<meta property=\"og:image:width\" content=\"372\" \/>\n\t<meta property=\"og:image:height\" content=\"372\" \/>\n\t<meta property=\"og:image:type\" content=\"image\/jpeg\" \/>\n<meta name=\"twitter:card\" content=\"summary_large_image\" \/>\n<meta name=\"twitter:label1\" content=\"Dur\u00e9e de lecture estim\u00e9e\" \/>\n\t<meta name=\"twitter:data1\" content=\"1 minute\" \/>\n<script type=\"application\/ld+json\" class=\"yoast-schema-graph\">{\"@context\":\"https:\\\/\\\/schema.org\",\"@graph\":[{\"@type\":\"WebPage\",\"@id\":\"https:\\\/\\\/crocjeux.com\\\/index.php\\\/produit\\\/a-song-of-ice-and-fire-lannister-pyromancers\\\/\",\"url\":\"https:\\\/\\\/crocjeux.com\\\/index.php\\\/produit\\\/a-song-of-ice-and-fire-lannister-pyromancers\\\/\",\"name\":\"A Song Of Ice and Fire \u2013 Lannister Pyromancers - Croc Jeux\",\"isPartOf\":{\"@id\":\"https:\\\/\\\/crocjeux.com\\\/#website\"},\"primaryImageOfPage\":{\"@id\":\"https:\\\/\\\/crocjeux.com\\\/index.php\\\/produit\\\/a-song-of-ice-and-fire-lannister-pyromancers\\\/#primaryimage\"},\"image\":{\"@id\":\"https:\\\/\\\/crocjeux.com\\\/index.php\\\/produit\\\/a-song-of-ice-and-fire-lannister-pyromancers\\\/#primaryimage\"},\"thumbnailUrl\":\"https:\\\/\\\/crocjeux.com\\\/wp-content\\\/uploads\\\/2021\\\/01\\\/a-song-of-ice-and-fire-lannister-pyromancers.jpg\",\"datePublished\":\"2021-01-11T16:28:24+00:00\",\"dateModified\":\"2026-04-13T21:41:31+00:00\",\"breadcrumb\":{\"@id\":\"https:\\\/\\\/crocjeux.com\\\/index.php\\\/produit\\\/a-song-of-ice-and-fire-lannister-pyromancers\\\/#breadcrumb\"},\"inLanguage\":\"fr-FR\",\"potentialAction\":[{\"@type\":\"ReadAction\",\"target\":[\"https:\\\/\\\/crocjeux.com\\\/index.php\\\/produit\\\/a-song-of-ice-and-fire-lannister-pyromancers\\\/\"]}]},{\"@type\":\"ImageObject\",\"inLanguage\":\"fr-FR\",\"@id\":\"https:\\\/\\\/crocjeux.com\\\/index.php\\\/produit\\\/a-song-of-ice-and-fire-lannister-pyromancers\\\/#primaryimage\",\"url\":\"https:\\\/\\\/crocjeux.com\\\/wp-content\\\/uploads\\\/2021\\\/01\\\/a-song-of-ice-and-fire-lannister-pyromancers.jpg\",\"contentUrl\":\"https:\\\/\\\/crocjeux.com\\\/wp-content\\\/uploads\\\/2021\\\/01\\\/a-song-of-ice-and-fire-lannister-pyromancers.jpg\",\"width\":372,\"height\":372},{\"@type\":\"BreadcrumbList\",\"@id\":\"https:\\\/\\\/crocjeux.com\\\/index.php\\\/produit\\\/a-song-of-ice-and-fire-lannister-pyromancers\\\/#breadcrumb\",\"itemListElement\":[{\"@type\":\"ListItem\",\"position\":1,\"name\":\"Accueil\",\"item\":\"https:\\\/\\\/crocjeux.com\\\/\"},{\"@type\":\"ListItem\",\"position\":2,\"name\":\"Boutique\",\"item\":\"https:\\\/\\\/crocjeux.com\\\/\"},{\"@type\":\"ListItem\",\"position\":3,\"name\":\"A Song Of Ice and Fire \u2013 Lannister Pyromancers\"}]},{\"@type\":\"WebSite\",\"@id\":\"https:\\\/\\\/crocjeux.com\\\/#website\",\"url\":\"https:\\\/\\\/crocjeux.com\\\/\",\"name\":\"Croc Jeux\",\"description\":\"Bienvenue chez Croc Jeux!\",\"publisher\":{\"@id\":\"https:\\\/\\\/crocjeux.com\\\/#organization\"},\"potentialAction\":[{\"@type\":\"SearchAction\",\"target\":{\"@type\":\"EntryPoint\",\"urlTemplate\":\"https:\\\/\\\/crocjeux.com\\\/?s={search_term_string}\"},\"query-input\":{\"@type\":\"PropertyValueSpecification\",\"valueRequired\":true,\"valueName\":\"search_term_string\"}}],\"inLanguage\":\"fr-FR\"},{\"@type\":\"Organization\",\"@id\":\"https:\\\/\\\/crocjeux.com\\\/#organization\",\"name\":\"Croc Jeux\",\"url\":\"https:\\\/\\\/crocjeux.com\\\/\",\"logo\":{\"@type\":\"ImageObject\",\"inLanguage\":\"fr-FR\",\"@id\":\"https:\\\/\\\/crocjeux.com\\\/#\\\/schema\\\/logo\\\/image\\\/\",\"url\":\"https:\\\/\\\/crocjeux.com\\\/wp-content\\\/uploads\\\/2022\\\/01\\\/cropped-logo-croc-etape-1-e1644574034239.jpg\",\"contentUrl\":\"https:\\\/\\\/crocjeux.com\\\/wp-content\\\/uploads\\\/2022\\\/01\\\/cropped-logo-croc-etape-1-e1644574034239.jpg\",\"width\":1224,\"height\":314,\"caption\":\"Croc Jeux\"},\"image\":{\"@id\":\"https:\\\/\\\/crocjeux.com\\\/#\\\/schema\\\/logo\\\/image\\\/\"}}]}<\/script>\n<!-- \/ Yoast SEO plugin. -->","yoast_head_json":{"title":"A Song Of Ice and Fire \u2013 Lannister Pyromancers - Croc Jeux","robots":{"index":"index","follow":"follow","max-snippet":"max-snippet:-1","max-image-preview":"max-image-preview:large","max-video-preview":"max-video-preview:-1"},"canonical":"https:\/\/crocjeux.com\/index.php\/produit\/a-song-of-ice-and-fire-lannister-pyromancers\/","og_locale":"fr_FR","og_type":"article","og_title":"A Song Of Ice and Fire \u2013 Lannister Pyromancers - Croc Jeux","og_description":"A Song Of Ice and Fire \u2013 Lannister Pyromancers En temps de guerre, un commandant doit tirer parti de toute","og_url":"https:\/\/crocjeux.com\/index.php\/produit\/a-song-of-ice-and-fire-lannister-pyromancers\/","og_site_name":"Croc Jeux","article_modified_time":"2026-04-13T21:41:31+00:00","og_image":[{"width":372,"height":372,"url":"https:\/\/crocjeux.com\/wp-content\/uploads\/2021\/01\/a-song-of-ice-and-fire-lannister-pyromancers.jpg","type":"image\/jpeg"}],"twitter_card":"summary_large_image","twitter_misc":{"Dur\u00e9e de lecture estim\u00e9e":"1 minute"},"schema":{"@context":"https:\/\/schema.org","@graph":[{"@type":"WebPage","@id":"https:\/\/crocjeux.com\/index.php\/produit\/a-song-of-ice-and-fire-lannister-pyromancers\/","url":"https:\/\/crocjeux.com\/index.php\/produit\/a-song-of-ice-and-fire-lannister-pyromancers\/","name":"A Song Of Ice and Fire \u2013 Lannister Pyromancers - Croc Jeux","isPartOf":{"@id":"https:\/\/crocjeux.com\/#website"},"primaryImageOfPage":{"@id":"https:\/\/crocjeux.com\/index.php\/produit\/a-song-of-ice-and-fire-lannister-pyromancers\/#primaryimage"},"image":{"@id":"https:\/\/crocjeux.com\/index.php\/produit\/a-song-of-ice-and-fire-lannister-pyromancers\/#primaryimage"},"thumbnailUrl":"https:\/\/crocjeux.com\/wp-content\/uploads\/2021\/01\/a-song-of-ice-and-fire-lannister-pyromancers.jpg","datePublished":"2021-01-11T16:28:24+00:00","dateModified":"2026-04-13T21:41:31+00:00","breadcrumb":{"@id":"https:\/\/crocjeux.com\/index.php\/produit\/a-song-of-ice-and-fire-lannister-pyromancers\/#breadcrumb"},"inLanguage":"fr-FR","potentialAction":[{"@type":"ReadAction","target":["https:\/\/crocjeux.com\/index.php\/produit\/a-song-of-ice-and-fire-lannister-pyromancers\/"]}]},{"@type":"ImageObject","inLanguage":"fr-FR","@id":"https:\/\/crocjeux.com\/index.php\/produit\/a-song-of-ice-and-fire-lannister-pyromancers\/#primaryimage","url":"https:\/\/crocjeux.com\/wp-content\/uploads\/2021\/01\/a-song-of-ice-and-fire-lannister-pyromancers.jpg","contentUrl":"https:\/\/crocjeux.com\/wp-content\/uploads\/2021\/01\/a-song-of-ice-and-fire-lannister-pyromancers.jpg","width":372,"height":372},{"@type":"BreadcrumbList","@id":"https:\/\/crocjeux.com\/index.php\/produit\/a-song-of-ice-and-fire-lannister-pyromancers\/#breadcrumb","itemListElement":[{"@type":"ListItem","position":1,"name":"Accueil","item":"https:\/\/crocjeux.com\/"},{"@type":"ListItem","position":2,"name":"Boutique","item":"https:\/\/crocjeux.com\/"},{"@type":"ListItem","position":3,"name":"A Song Of Ice and Fire \u2013 Lannister Pyromancers"}]},{"@type":"WebSite","@id":"https:\/\/crocjeux.com\/#website","url":"https:\/\/crocjeux.com\/","name":"Croc Jeux","description":"Bienvenue chez Croc Jeux!","publisher":{"@id":"https:\/\/crocjeux.com\/#organization"},"potentialAction":[{"@type":"SearchAction","target":{"@type":"EntryPoint","urlTemplate":"https:\/\/crocjeux.com\/?s={search_term_string}"},"query-input":{"@type":"PropertyValueSpecification","valueRequired":true,"valueName":"search_term_string"}}],"inLanguage":"fr-FR"},{"@type":"Organization","@id":"https:\/\/crocjeux.com\/#organization","name":"Croc Jeux","url":"https:\/\/crocjeux.com\/","logo":{"@type":"ImageObject","inLanguage":"fr-FR","@id":"https:\/\/crocjeux.com\/#\/schema\/logo\/image\/","url":"https:\/\/crocjeux.com\/wp-content\/uploads\/2022\/01\/cropped-logo-croc-etape-1-e1644574034239.jpg","contentUrl":"https:\/\/crocjeux.com\/wp-content\/uploads\/2022\/01\/cropped-logo-croc-etape-1-e1644574034239.jpg","width":1224,"height":314,"caption":"Croc Jeux"},"image":{"@id":"https:\/\/crocjeux.com\/#\/schema\/logo\/image\/"}}]}},"_links":{"self":[{"href":"https:\/\/crocjeux.com\/index.php\/wp-json\/wp\/v2\/product\/1864","targetHints":{"allow":["GET"]}}],"collection":[{"href":"https:\/\/crocjeux.com\/index.php\/wp-json\/wp\/v2\/product"}],"about":[{"href":"https:\/\/crocjeux.com\/index.php\/wp-json\/wp\/v2\/types\/product"}],"replies":[{"embeddable":true,"href":"https:\/\/crocjeux.com\/index.php\/wp-json\/wp\/v2\/comments?post=1864"}],"wp:featuredmedia":[{"embeddable":true,"href":"https:\/\/crocjeux.com\/index.php\/wp-json\/wp\/v2\/media\/1867"}],"wp:attachment":[{"href":"https:\/\/crocjeux.com\/index.php\/wp-json\/wp\/v2\/media?parent=1864"}],"wp:term":[{"taxonomy":"product_brand","embeddable":true,"href":"https:\/\/crocjeux.com\/index.php\/wp-json\/wp\/v2\/product_brand?post=1864"},{"taxonomy":"product_cat","embeddable":true,"href":"https:\/\/crocjeux.com\/index.php\/wp-json\/wp\/v2\/product_cat?post=1864"},{"taxonomy":"product_tag","embeddable":true,"href":"https:\/\/crocjeux.com\/index.php\/wp-json\/wp\/v2\/product_tag?post=1864"}],"curies":[{"name":"wp","href":"https:\/\/api.w.org\/{rel}","templated":true}]}}