{"id":1871,"date":"2021-01-11T17:29:03","date_gmt":"2021-01-11T16:29:03","guid":{"rendered":"https:\/\/crocjeux.com\/?post_type=product&#038;p=1871"},"modified":"2023-02-09T16:18:51","modified_gmt":"2023-02-09T15:18:51","slug":"a-song-of-ice-and-fire-umber-berserkers-expansion","status":"publish","type":"product","link":"https:\/\/crocjeux.com\/index.php\/produit\/a-song-of-ice-and-fire-umber-berserkers-expansion\/","title":{"rendered":"A Song Of Ice and Fire : Umber Berserkers Expansion"},"content":{"rendered":"<div id=\"short_description_block\">\n<div id=\"short_description_content\" class=\"rte align_justify hide-smartphone\">La Maison Umber s&rsquo;est engag\u00e9e \u00e0 soutenir pleinement la Maison Stark dans la guerre des Cinq Rois.<\/div>\n<\/div>\n<ul class=\"illustrated_features\">\n<li class=\"langue tooltips\" title=\"\" data-hasqtip=\"5\">Anglais, Fran\u00e7ais<\/li>\n<li class=\"age tooltips\" title=\"\" data-hasqtip=\"6\" aria-describedby=\"qtip-6\">\u00a0\u00e0 partir de 14 ans<\/li>\n<li class=\"duree_partie tooltips\" title=\"\" data-hasqtip=\"7\">\u00a030mn \u00e0 1h<\/li>\n<li class=\"nb_joueurs tooltips\" title=\"\" data-hasqtip=\"8\">\u00a02 joueur(s)<\/li>\n<\/ul>\n<p>La Maison Umber s&rsquo;est engag\u00e9e \u00e0 soutenir pleinement la Maison Stark dans la guerre des Cinq Rois. Ainsi, les Berserkers sont pr\u00eats \u00e0 r\u00e9pondre \u00e0 l&rsquo;appel du Direwolf. Form\u00e9s de v\u00e9t\u00e9rans, habitu\u00e9s \u00e0 chasser les incursions des Sauvageons dans le froid du nord, et m\u00eame au-del\u00e0 du Mur lui-m\u00eame, les Berserkers sont l\u00e9g\u00e8rement blind\u00e9s, mais tr\u00e8s bien arm\u00e9s. Rien ne peut \u00e9galer leur capacit\u00e9 \u00e0 prendre un flanc ennemi non prot\u00e9g\u00e9 et \u00e0 le d\u00e9chiqueter en lambeaux ensanglant\u00e9s. Un commandant sage doit veiller \u00e0 ne pas les laisser encercler ou submerger, mais en tant que force offensive \u00e0 l&rsquo;assaut complet, leur f\u00e9rocit\u00e9 ne peut \u00eatre sous-estim\u00e9e.<\/p>\n","protected":false},"excerpt":{"rendered":"<p>La Maison Umber s&rsquo;est engag\u00e9e \u00e0 soutenir pleinement la Maison Stark dans la guerre des Cinq Rois. Anglais, Fran\u00e7ais \u00a0\u00e0<\/p>\n","protected":false},"featured_media":1872,"comment_status":"open","ping_status":"closed","template":"","meta":{"colormag_page_container_layout":"default_layout","colormag_page_sidebar_layout":"default_layout"},"product_brand":[],"product_cat":[112,64,110,111],"product_tag":[],"class_list":{"0":"post-1871","1":"product","2":"type-product","3":"status-publish","4":"has-post-thumbnail","6":"product_cat-trone-de-fer-jeux-experts","7":"product_cat-figurine-got","8":"product_cat-trone-de-fer-jeux-strategie","9":"product_cat-trone-de-fer-jeux-civilisation","11":"first","12":"instock","13":"taxable","14":"shipping-taxable","15":"purchasable","16":"product-type-simple"},"yoast_head":"<!-- This site is optimized with the Yoast SEO plugin v27.4 - https:\/\/yoast.com\/product\/yoast-seo-wordpress\/ -->\n<title>A Song Of Ice and Fire : Umber Berserkers Expansion - Croc Jeux<\/title>\n<meta name=\"robots\" content=\"index, follow, max-snippet:-1, max-image-preview:large, max-video-preview:-1\" \/>\n<link rel=\"canonical\" href=\"https:\/\/crocjeux.com\/index.php\/produit\/a-song-of-ice-and-fire-umber-berserkers-expansion\/\" \/>\n<meta property=\"og:locale\" content=\"fr_FR\" \/>\n<meta property=\"og:type\" content=\"article\" \/>\n<meta property=\"og:title\" content=\"A Song Of Ice and Fire : Umber Berserkers Expansion - Croc Jeux\" \/>\n<meta property=\"og:description\" content=\"La Maison Umber s&rsquo;est engag\u00e9e \u00e0 soutenir pleinement la Maison Stark dans la guerre des Cinq Rois. Anglais, Fran\u00e7ais \u00a0\u00e0\" \/>\n<meta property=\"og:url\" content=\"https:\/\/crocjeux.com\/index.php\/produit\/a-song-of-ice-and-fire-umber-berserkers-expansion\/\" \/>\n<meta property=\"og:site_name\" content=\"Croc Jeux\" \/>\n<meta property=\"article:modified_time\" content=\"2023-02-09T15:18:51+00:00\" \/>\n<meta property=\"og:image\" content=\"https:\/\/crocjeux.com\/wp-content\/uploads\/2021\/01\/a-song-of-ice-and-fire-umber-berserkers-expansion.jpg\" \/>\n\t<meta property=\"og:image:width\" content=\"372\" \/>\n\t<meta property=\"og:image:height\" content=\"372\" \/>\n\t<meta property=\"og:image:type\" content=\"image\/jpeg\" \/>\n<meta name=\"twitter:card\" content=\"summary_large_image\" \/>\n<meta name=\"twitter:label1\" content=\"Dur\u00e9e de lecture estim\u00e9e\" \/>\n\t<meta name=\"twitter:data1\" content=\"1 minute\" \/>\n<script type=\"application\/ld+json\" class=\"yoast-schema-graph\">{\"@context\":\"https:\\\/\\\/schema.org\",\"@graph\":[{\"@type\":\"WebPage\",\"@id\":\"https:\\\/\\\/crocjeux.com\\\/index.php\\\/produit\\\/a-song-of-ice-and-fire-umber-berserkers-expansion\\\/\",\"url\":\"https:\\\/\\\/crocjeux.com\\\/index.php\\\/produit\\\/a-song-of-ice-and-fire-umber-berserkers-expansion\\\/\",\"name\":\"A Song Of Ice and Fire : Umber Berserkers Expansion - Croc Jeux\",\"isPartOf\":{\"@id\":\"https:\\\/\\\/crocjeux.com\\\/#website\"},\"primaryImageOfPage\":{\"@id\":\"https:\\\/\\\/crocjeux.com\\\/index.php\\\/produit\\\/a-song-of-ice-and-fire-umber-berserkers-expansion\\\/#primaryimage\"},\"image\":{\"@id\":\"https:\\\/\\\/crocjeux.com\\\/index.php\\\/produit\\\/a-song-of-ice-and-fire-umber-berserkers-expansion\\\/#primaryimage\"},\"thumbnailUrl\":\"https:\\\/\\\/crocjeux.com\\\/wp-content\\\/uploads\\\/2021\\\/01\\\/a-song-of-ice-and-fire-umber-berserkers-expansion.jpg\",\"datePublished\":\"2021-01-11T16:29:03+00:00\",\"dateModified\":\"2023-02-09T15:18:51+00:00\",\"breadcrumb\":{\"@id\":\"https:\\\/\\\/crocjeux.com\\\/index.php\\\/produit\\\/a-song-of-ice-and-fire-umber-berserkers-expansion\\\/#breadcrumb\"},\"inLanguage\":\"fr-FR\",\"potentialAction\":[{\"@type\":\"ReadAction\",\"target\":[\"https:\\\/\\\/crocjeux.com\\\/index.php\\\/produit\\\/a-song-of-ice-and-fire-umber-berserkers-expansion\\\/\"]}]},{\"@type\":\"ImageObject\",\"inLanguage\":\"fr-FR\",\"@id\":\"https:\\\/\\\/crocjeux.com\\\/index.php\\\/produit\\\/a-song-of-ice-and-fire-umber-berserkers-expansion\\\/#primaryimage\",\"url\":\"https:\\\/\\\/crocjeux.com\\\/wp-content\\\/uploads\\\/2021\\\/01\\\/a-song-of-ice-and-fire-umber-berserkers-expansion.jpg\",\"contentUrl\":\"https:\\\/\\\/crocjeux.com\\\/wp-content\\\/uploads\\\/2021\\\/01\\\/a-song-of-ice-and-fire-umber-berserkers-expansion.jpg\",\"width\":372,\"height\":372},{\"@type\":\"BreadcrumbList\",\"@id\":\"https:\\\/\\\/crocjeux.com\\\/index.php\\\/produit\\\/a-song-of-ice-and-fire-umber-berserkers-expansion\\\/#breadcrumb\",\"itemListElement\":[{\"@type\":\"ListItem\",\"position\":1,\"name\":\"Accueil\",\"item\":\"https:\\\/\\\/crocjeux.com\\\/\"},{\"@type\":\"ListItem\",\"position\":2,\"name\":\"Boutique\",\"item\":\"https:\\\/\\\/crocjeux.com\\\/\"},{\"@type\":\"ListItem\",\"position\":3,\"name\":\"A Song Of Ice and Fire : Umber Berserkers Expansion\"}]},{\"@type\":\"WebSite\",\"@id\":\"https:\\\/\\\/crocjeux.com\\\/#website\",\"url\":\"https:\\\/\\\/crocjeux.com\\\/\",\"name\":\"Croc Jeux\",\"description\":\"Bienvenue chez Croc Jeux!\",\"publisher\":{\"@id\":\"https:\\\/\\\/crocjeux.com\\\/#organization\"},\"potentialAction\":[{\"@type\":\"SearchAction\",\"target\":{\"@type\":\"EntryPoint\",\"urlTemplate\":\"https:\\\/\\\/crocjeux.com\\\/?s={search_term_string}\"},\"query-input\":{\"@type\":\"PropertyValueSpecification\",\"valueRequired\":true,\"valueName\":\"search_term_string\"}}],\"inLanguage\":\"fr-FR\"},{\"@type\":\"Organization\",\"@id\":\"https:\\\/\\\/crocjeux.com\\\/#organization\",\"name\":\"Croc Jeux\",\"url\":\"https:\\\/\\\/crocjeux.com\\\/\",\"logo\":{\"@type\":\"ImageObject\",\"inLanguage\":\"fr-FR\",\"@id\":\"https:\\\/\\\/crocjeux.com\\\/#\\\/schema\\\/logo\\\/image\\\/\",\"url\":\"https:\\\/\\\/crocjeux.com\\\/wp-content\\\/uploads\\\/2022\\\/01\\\/cropped-logo-croc-etape-1-e1644574034239.jpg\",\"contentUrl\":\"https:\\\/\\\/crocjeux.com\\\/wp-content\\\/uploads\\\/2022\\\/01\\\/cropped-logo-croc-etape-1-e1644574034239.jpg\",\"width\":1224,\"height\":314,\"caption\":\"Croc Jeux\"},\"image\":{\"@id\":\"https:\\\/\\\/crocjeux.com\\\/#\\\/schema\\\/logo\\\/image\\\/\"}}]}<\/script>\n<!-- \/ Yoast SEO plugin. -->","yoast_head_json":{"title":"A Song Of Ice and Fire : Umber Berserkers Expansion - Croc Jeux","robots":{"index":"index","follow":"follow","max-snippet":"max-snippet:-1","max-image-preview":"max-image-preview:large","max-video-preview":"max-video-preview:-1"},"canonical":"https:\/\/crocjeux.com\/index.php\/produit\/a-song-of-ice-and-fire-umber-berserkers-expansion\/","og_locale":"fr_FR","og_type":"article","og_title":"A Song Of Ice and Fire : Umber Berserkers Expansion - Croc Jeux","og_description":"La Maison Umber s&rsquo;est engag\u00e9e \u00e0 soutenir pleinement la Maison Stark dans la guerre des Cinq Rois. Anglais, Fran\u00e7ais \u00a0\u00e0","og_url":"https:\/\/crocjeux.com\/index.php\/produit\/a-song-of-ice-and-fire-umber-berserkers-expansion\/","og_site_name":"Croc Jeux","article_modified_time":"2023-02-09T15:18:51+00:00","og_image":[{"width":372,"height":372,"url":"https:\/\/crocjeux.com\/wp-content\/uploads\/2021\/01\/a-song-of-ice-and-fire-umber-berserkers-expansion.jpg","type":"image\/jpeg"}],"twitter_card":"summary_large_image","twitter_misc":{"Dur\u00e9e de lecture estim\u00e9e":"1 minute"},"schema":{"@context":"https:\/\/schema.org","@graph":[{"@type":"WebPage","@id":"https:\/\/crocjeux.com\/index.php\/produit\/a-song-of-ice-and-fire-umber-berserkers-expansion\/","url":"https:\/\/crocjeux.com\/index.php\/produit\/a-song-of-ice-and-fire-umber-berserkers-expansion\/","name":"A Song Of Ice and Fire : Umber Berserkers Expansion - Croc Jeux","isPartOf":{"@id":"https:\/\/crocjeux.com\/#website"},"primaryImageOfPage":{"@id":"https:\/\/crocjeux.com\/index.php\/produit\/a-song-of-ice-and-fire-umber-berserkers-expansion\/#primaryimage"},"image":{"@id":"https:\/\/crocjeux.com\/index.php\/produit\/a-song-of-ice-and-fire-umber-berserkers-expansion\/#primaryimage"},"thumbnailUrl":"https:\/\/crocjeux.com\/wp-content\/uploads\/2021\/01\/a-song-of-ice-and-fire-umber-berserkers-expansion.jpg","datePublished":"2021-01-11T16:29:03+00:00","dateModified":"2023-02-09T15:18:51+00:00","breadcrumb":{"@id":"https:\/\/crocjeux.com\/index.php\/produit\/a-song-of-ice-and-fire-umber-berserkers-expansion\/#breadcrumb"},"inLanguage":"fr-FR","potentialAction":[{"@type":"ReadAction","target":["https:\/\/crocjeux.com\/index.php\/produit\/a-song-of-ice-and-fire-umber-berserkers-expansion\/"]}]},{"@type":"ImageObject","inLanguage":"fr-FR","@id":"https:\/\/crocjeux.com\/index.php\/produit\/a-song-of-ice-and-fire-umber-berserkers-expansion\/#primaryimage","url":"https:\/\/crocjeux.com\/wp-content\/uploads\/2021\/01\/a-song-of-ice-and-fire-umber-berserkers-expansion.jpg","contentUrl":"https:\/\/crocjeux.com\/wp-content\/uploads\/2021\/01\/a-song-of-ice-and-fire-umber-berserkers-expansion.jpg","width":372,"height":372},{"@type":"BreadcrumbList","@id":"https:\/\/crocjeux.com\/index.php\/produit\/a-song-of-ice-and-fire-umber-berserkers-expansion\/#breadcrumb","itemListElement":[{"@type":"ListItem","position":1,"name":"Accueil","item":"https:\/\/crocjeux.com\/"},{"@type":"ListItem","position":2,"name":"Boutique","item":"https:\/\/crocjeux.com\/"},{"@type":"ListItem","position":3,"name":"A Song Of Ice and Fire : Umber Berserkers Expansion"}]},{"@type":"WebSite","@id":"https:\/\/crocjeux.com\/#website","url":"https:\/\/crocjeux.com\/","name":"Croc Jeux","description":"Bienvenue chez Croc Jeux!","publisher":{"@id":"https:\/\/crocjeux.com\/#organization"},"potentialAction":[{"@type":"SearchAction","target":{"@type":"EntryPoint","urlTemplate":"https:\/\/crocjeux.com\/?s={search_term_string}"},"query-input":{"@type":"PropertyValueSpecification","valueRequired":true,"valueName":"search_term_string"}}],"inLanguage":"fr-FR"},{"@type":"Organization","@id":"https:\/\/crocjeux.com\/#organization","name":"Croc Jeux","url":"https:\/\/crocjeux.com\/","logo":{"@type":"ImageObject","inLanguage":"fr-FR","@id":"https:\/\/crocjeux.com\/#\/schema\/logo\/image\/","url":"https:\/\/crocjeux.com\/wp-content\/uploads\/2022\/01\/cropped-logo-croc-etape-1-e1644574034239.jpg","contentUrl":"https:\/\/crocjeux.com\/wp-content\/uploads\/2022\/01\/cropped-logo-croc-etape-1-e1644574034239.jpg","width":1224,"height":314,"caption":"Croc Jeux"},"image":{"@id":"https:\/\/crocjeux.com\/#\/schema\/logo\/image\/"}}]}},"_links":{"self":[{"href":"https:\/\/crocjeux.com\/index.php\/wp-json\/wp\/v2\/product\/1871","targetHints":{"allow":["GET"]}}],"collection":[{"href":"https:\/\/crocjeux.com\/index.php\/wp-json\/wp\/v2\/product"}],"about":[{"href":"https:\/\/crocjeux.com\/index.php\/wp-json\/wp\/v2\/types\/product"}],"replies":[{"embeddable":true,"href":"https:\/\/crocjeux.com\/index.php\/wp-json\/wp\/v2\/comments?post=1871"}],"wp:featuredmedia":[{"embeddable":true,"href":"https:\/\/crocjeux.com\/index.php\/wp-json\/wp\/v2\/media\/1872"}],"wp:attachment":[{"href":"https:\/\/crocjeux.com\/index.php\/wp-json\/wp\/v2\/media?parent=1871"}],"wp:term":[{"taxonomy":"product_brand","embeddable":true,"href":"https:\/\/crocjeux.com\/index.php\/wp-json\/wp\/v2\/product_brand?post=1871"},{"taxonomy":"product_cat","embeddable":true,"href":"https:\/\/crocjeux.com\/index.php\/wp-json\/wp\/v2\/product_cat?post=1871"},{"taxonomy":"product_tag","embeddable":true,"href":"https:\/\/crocjeux.com\/index.php\/wp-json\/wp\/v2\/product_tag?post=1871"}],"curies":[{"name":"wp","href":"https:\/\/api.w.org\/{rel}","templated":true}]}}