{"id":188,"date":"2020-10-29T16:49:53","date_gmt":"2020-10-29T15:49:53","guid":{"rendered":"https:\/\/crocjeux.com\/?post_type=product&#038;p=188"},"modified":"2022-03-10T12:20:44","modified_gmt":"2022-03-10T11:20:44","slug":"magic-rabbit","status":"publish","type":"product","link":"https:\/\/crocjeux.com\/index.php\/produit\/magic-rabbit\/","title":{"rendered":"Magic Rabbit"},"content":{"rendered":"<section id=\"tab-description\" class=\"page-product-box r-tabs-panel r-tabs-state-active\">\n<div class=\"rte\">\n<div>Les magiciens poss\u00e8dent tout une m\u00e9nagerie. Ils ont besoin de tout un tas de lapins et de colombes \u00e0 faire appara\u00eetre lors de leurs repr\u00e9sentations. Mais aujourd&rsquo;hui, les animaux se sont tous \u00e9chapp\u00e9s. \u00c0 vous, de bien vous coordonner pour les attraper avant le d\u00e9but du spectacle.<\/div>\n<div><\/div>\n<div>Dans Magic Rabbit, les joueuses et joueurs vont coop\u00e9rer en un temps limit\u00e9 pour r\u00e9unir lapins et chapeaux dans un ordre pr\u00e9cis.<\/div>\n<div>\n<div>Coop\u00e9rez, sans communiquer&#8230;&#8230;en 2min30 !<\/div>\n<div><\/div>\n<div>Dans Magic Rabbit, \u00e0 chaque partie, 1 \u00e0 4 joueurs coop\u00e8rent pour remettre, dans l\u2019ordre, les tuiles Lapin pr\u00e9alablement plac\u00e9s cach\u00e9s,en ligne, recouverts parles tuiles Chapeau visibles et des Colombes. Cela en 2min30. Ils devront coop\u00e9rer sans communiquer entre eux.<\/div>\n<div>\u00c0 son tour, un joueur doit faire une action parmi 3 possibles :<\/div>\n<div>\n<ul>\n<li>regarder un lapin<\/li>\n<li>\u00e9changer deux chapeaux<\/li>\n<li>\u00e9changer deux piles(chapeau + lapin)<\/li>\n<\/ul>\n<\/div>\n<div>Puis, de mani\u00e8re facultative, il peut d\u00e9placer une colombe. Apr\u00e8s avoir r\u00e9ussi le niveau de base d\u00e9crit dans les r\u00e8gles, les joueurs ouvrent la premi\u00e8re enveloppe avec une contenant 4 nouveaux modes de jeu et du mat\u00e9riel additionnel. Les \u00abmodes de jeux\u00bb sont des contraintes uniques que les joueurs ajouteront \u00e0 leur jeu d\u00e9finitivement. Ils devront r\u00e9ussir ces nouveaux d\u00e9fis afin d\u2019ouvrir les enveloppes suivantes. La boite contient 3 enveloppes avec 3 niveaux de difficult\u00e9s garantissant une grande rejouabilit\u00e9 et une exp\u00e9rience de jeu renouvel\u00e9e \u00e0 chaque partie.<\/div>\n<div><\/div>\n<\/div>\n<\/div>\n<\/section>\n","protected":false},"excerpt":{"rendered":"<div id=\"short_description_block\">\n<div id=\"short_description_content\" class=\"rte align_justify hide-smartphone\">\n<p>Les magiciens poss\u00e8dent tout une m\u00e9nagerie pour leurs repr\u00e9sentations. Mais aujourd&rsquo;hui, les animaux se sont tous \u00e9chapp\u00e9s. \u00c0 vous, de bien vous coordonner pour les attraper avant le d\u00e9but du spectacle.<\/p>\n<p>Jeu super rapide, super sympa, \u00e9volutif, et c&rsquo;est nous qu&rsquo;on a le record de France du jeu ! \ud83d\ude09<\/p>\n<\/div>\n<\/div>\n","protected":false},"featured_media":189,"comment_status":"open","ping_status":"closed","template":"","meta":{"colormag_page_container_layout":"default_layout","colormag_page_sidebar_layout":"default_layout"},"product_brand":[],"product_cat":[30,36,29,37],"product_tag":[],"class_list":{"0":"post-188","1":"product","2":"type-product","3":"status-publish","4":"has-post-thumbnail","6":"product_cat-jeux-collaboratifs","7":"product_cat-jeux-familiaux","8":"product_cat-jeux-2-joueurs","9":"product_cat-ne-ratez-pas","11":"first","12":"instock","13":"taxable","14":"shipping-taxable","15":"purchasable","16":"product-type-simple"},"yoast_head":"<!-- This site is optimized with the Yoast SEO plugin v27.3 - https:\/\/yoast.com\/product\/yoast-seo-wordpress\/ -->\n<title>Magic Rabbit - Croc Jeux<\/title>\n<meta name=\"robots\" content=\"index, follow, max-snippet:-1, max-image-preview:large, max-video-preview:-1\" \/>\n<link rel=\"canonical\" href=\"https:\/\/crocjeux.com\/index.php\/produit\/magic-rabbit\/\" \/>\n<meta property=\"og:locale\" content=\"fr_FR\" \/>\n<meta property=\"og:type\" content=\"article\" \/>\n<meta property=\"og:title\" content=\"Magic Rabbit - Croc Jeux\" \/>\n<meta property=\"og:description\" content=\"Les magiciens poss\u00e8dent tout une m\u00e9nagerie pour leurs repr\u00e9sentations. Mais aujourd&#039;hui, les animaux se sont tous \u00e9chapp\u00e9s. \u00c0 vous, de bien vous coordonner pour les attraper avant le d\u00e9but du spectacle.  Jeu super rapide, super sympa, \u00e9volutif, et c&#039;est nous qu&#039;on a le record de France du jeu ! ;)\" \/>\n<meta property=\"og:url\" content=\"https:\/\/crocjeux.com\/index.php\/produit\/magic-rabbit\/\" \/>\n<meta property=\"og:site_name\" content=\"Croc Jeux\" \/>\n<meta property=\"article:modified_time\" content=\"2022-03-10T11:20:44+00:00\" \/>\n<meta property=\"og:image\" content=\"https:\/\/crocjeux.com\/wp-content\/uploads\/2020\/10\/magic_rabbit.png\" \/>\n\t<meta property=\"og:image:width\" content=\"795\" \/>\n\t<meta property=\"og:image:height\" content=\"843\" \/>\n\t<meta property=\"og:image:type\" content=\"image\/png\" \/>\n<meta name=\"twitter:card\" content=\"summary_large_image\" \/>\n<meta name=\"twitter:label1\" content=\"Dur\u00e9e de lecture estim\u00e9e\" \/>\n\t<meta name=\"twitter:data1\" content=\"1 minute\" \/>\n<script type=\"application\/ld+json\" class=\"yoast-schema-graph\">{\"@context\":\"https:\\\/\\\/schema.org\",\"@graph\":[{\"@type\":\"WebPage\",\"@id\":\"https:\\\/\\\/crocjeux.com\\\/index.php\\\/produit\\\/magic-rabbit\\\/\",\"url\":\"https:\\\/\\\/crocjeux.com\\\/index.php\\\/produit\\\/magic-rabbit\\\/\",\"name\":\"Magic Rabbit - Croc Jeux\",\"isPartOf\":{\"@id\":\"https:\\\/\\\/crocjeux.com\\\/#website\"},\"primaryImageOfPage\":{\"@id\":\"https:\\\/\\\/crocjeux.com\\\/index.php\\\/produit\\\/magic-rabbit\\\/#primaryimage\"},\"image\":{\"@id\":\"https:\\\/\\\/crocjeux.com\\\/index.php\\\/produit\\\/magic-rabbit\\\/#primaryimage\"},\"thumbnailUrl\":\"https:\\\/\\\/crocjeux.com\\\/wp-content\\\/uploads\\\/2020\\\/10\\\/magic_rabbit.png\",\"datePublished\":\"2020-10-29T15:49:53+00:00\",\"dateModified\":\"2022-03-10T11:20:44+00:00\",\"breadcrumb\":{\"@id\":\"https:\\\/\\\/crocjeux.com\\\/index.php\\\/produit\\\/magic-rabbit\\\/#breadcrumb\"},\"inLanguage\":\"fr-FR\",\"potentialAction\":[{\"@type\":\"ReadAction\",\"target\":[\"https:\\\/\\\/crocjeux.com\\\/index.php\\\/produit\\\/magic-rabbit\\\/\"]}]},{\"@type\":\"ImageObject\",\"inLanguage\":\"fr-FR\",\"@id\":\"https:\\\/\\\/crocjeux.com\\\/index.php\\\/produit\\\/magic-rabbit\\\/#primaryimage\",\"url\":\"https:\\\/\\\/crocjeux.com\\\/wp-content\\\/uploads\\\/2020\\\/10\\\/magic_rabbit.png\",\"contentUrl\":\"https:\\\/\\\/crocjeux.com\\\/wp-content\\\/uploads\\\/2020\\\/10\\\/magic_rabbit.png\",\"width\":795,\"height\":843},{\"@type\":\"BreadcrumbList\",\"@id\":\"https:\\\/\\\/crocjeux.com\\\/index.php\\\/produit\\\/magic-rabbit\\\/#breadcrumb\",\"itemListElement\":[{\"@type\":\"ListItem\",\"position\":1,\"name\":\"Accueil\",\"item\":\"https:\\\/\\\/crocjeux.com\\\/\"},{\"@type\":\"ListItem\",\"position\":2,\"name\":\"Boutique\",\"item\":\"https:\\\/\\\/crocjeux.com\\\/\"},{\"@type\":\"ListItem\",\"position\":3,\"name\":\"Magic Rabbit\"}]},{\"@type\":\"WebSite\",\"@id\":\"https:\\\/\\\/crocjeux.com\\\/#website\",\"url\":\"https:\\\/\\\/crocjeux.com\\\/\",\"name\":\"Croc Jeux\",\"description\":\"Bienvenue chez Croc Jeux!\",\"publisher\":{\"@id\":\"https:\\\/\\\/crocjeux.com\\\/#organization\"},\"potentialAction\":[{\"@type\":\"SearchAction\",\"target\":{\"@type\":\"EntryPoint\",\"urlTemplate\":\"https:\\\/\\\/crocjeux.com\\\/?s={search_term_string}\"},\"query-input\":{\"@type\":\"PropertyValueSpecification\",\"valueRequired\":true,\"valueName\":\"search_term_string\"}}],\"inLanguage\":\"fr-FR\"},{\"@type\":\"Organization\",\"@id\":\"https:\\\/\\\/crocjeux.com\\\/#organization\",\"name\":\"Croc Jeux\",\"url\":\"https:\\\/\\\/crocjeux.com\\\/\",\"logo\":{\"@type\":\"ImageObject\",\"inLanguage\":\"fr-FR\",\"@id\":\"https:\\\/\\\/crocjeux.com\\\/#\\\/schema\\\/logo\\\/image\\\/\",\"url\":\"https:\\\/\\\/crocjeux.com\\\/wp-content\\\/uploads\\\/2022\\\/01\\\/cropped-logo-croc-etape-1-e1644574034239.jpg\",\"contentUrl\":\"https:\\\/\\\/crocjeux.com\\\/wp-content\\\/uploads\\\/2022\\\/01\\\/cropped-logo-croc-etape-1-e1644574034239.jpg\",\"width\":1224,\"height\":314,\"caption\":\"Croc Jeux\"},\"image\":{\"@id\":\"https:\\\/\\\/crocjeux.com\\\/#\\\/schema\\\/logo\\\/image\\\/\"}}]}<\/script>\n<!-- \/ Yoast SEO plugin. -->","yoast_head_json":{"title":"Magic Rabbit - Croc Jeux","robots":{"index":"index","follow":"follow","max-snippet":"max-snippet:-1","max-image-preview":"max-image-preview:large","max-video-preview":"max-video-preview:-1"},"canonical":"https:\/\/crocjeux.com\/index.php\/produit\/magic-rabbit\/","og_locale":"fr_FR","og_type":"article","og_title":"Magic Rabbit - Croc Jeux","og_description":"Les magiciens poss\u00e8dent tout une m\u00e9nagerie pour leurs repr\u00e9sentations. Mais aujourd'hui, les animaux se sont tous \u00e9chapp\u00e9s. \u00c0 vous, de bien vous coordonner pour les attraper avant le d\u00e9but du spectacle.  Jeu super rapide, super sympa, \u00e9volutif, et c'est nous qu'on a le record de France du jeu ! ;)","og_url":"https:\/\/crocjeux.com\/index.php\/produit\/magic-rabbit\/","og_site_name":"Croc Jeux","article_modified_time":"2022-03-10T11:20:44+00:00","og_image":[{"width":795,"height":843,"url":"https:\/\/crocjeux.com\/wp-content\/uploads\/2020\/10\/magic_rabbit.png","type":"image\/png"}],"twitter_card":"summary_large_image","twitter_misc":{"Dur\u00e9e de lecture estim\u00e9e":"1 minute"},"schema":{"@context":"https:\/\/schema.org","@graph":[{"@type":"WebPage","@id":"https:\/\/crocjeux.com\/index.php\/produit\/magic-rabbit\/","url":"https:\/\/crocjeux.com\/index.php\/produit\/magic-rabbit\/","name":"Magic Rabbit - Croc Jeux","isPartOf":{"@id":"https:\/\/crocjeux.com\/#website"},"primaryImageOfPage":{"@id":"https:\/\/crocjeux.com\/index.php\/produit\/magic-rabbit\/#primaryimage"},"image":{"@id":"https:\/\/crocjeux.com\/index.php\/produit\/magic-rabbit\/#primaryimage"},"thumbnailUrl":"https:\/\/crocjeux.com\/wp-content\/uploads\/2020\/10\/magic_rabbit.png","datePublished":"2020-10-29T15:49:53+00:00","dateModified":"2022-03-10T11:20:44+00:00","breadcrumb":{"@id":"https:\/\/crocjeux.com\/index.php\/produit\/magic-rabbit\/#breadcrumb"},"inLanguage":"fr-FR","potentialAction":[{"@type":"ReadAction","target":["https:\/\/crocjeux.com\/index.php\/produit\/magic-rabbit\/"]}]},{"@type":"ImageObject","inLanguage":"fr-FR","@id":"https:\/\/crocjeux.com\/index.php\/produit\/magic-rabbit\/#primaryimage","url":"https:\/\/crocjeux.com\/wp-content\/uploads\/2020\/10\/magic_rabbit.png","contentUrl":"https:\/\/crocjeux.com\/wp-content\/uploads\/2020\/10\/magic_rabbit.png","width":795,"height":843},{"@type":"BreadcrumbList","@id":"https:\/\/crocjeux.com\/index.php\/produit\/magic-rabbit\/#breadcrumb","itemListElement":[{"@type":"ListItem","position":1,"name":"Accueil","item":"https:\/\/crocjeux.com\/"},{"@type":"ListItem","position":2,"name":"Boutique","item":"https:\/\/crocjeux.com\/"},{"@type":"ListItem","position":3,"name":"Magic Rabbit"}]},{"@type":"WebSite","@id":"https:\/\/crocjeux.com\/#website","url":"https:\/\/crocjeux.com\/","name":"Croc Jeux","description":"Bienvenue chez Croc Jeux!","publisher":{"@id":"https:\/\/crocjeux.com\/#organization"},"potentialAction":[{"@type":"SearchAction","target":{"@type":"EntryPoint","urlTemplate":"https:\/\/crocjeux.com\/?s={search_term_string}"},"query-input":{"@type":"PropertyValueSpecification","valueRequired":true,"valueName":"search_term_string"}}],"inLanguage":"fr-FR"},{"@type":"Organization","@id":"https:\/\/crocjeux.com\/#organization","name":"Croc Jeux","url":"https:\/\/crocjeux.com\/","logo":{"@type":"ImageObject","inLanguage":"fr-FR","@id":"https:\/\/crocjeux.com\/#\/schema\/logo\/image\/","url":"https:\/\/crocjeux.com\/wp-content\/uploads\/2022\/01\/cropped-logo-croc-etape-1-e1644574034239.jpg","contentUrl":"https:\/\/crocjeux.com\/wp-content\/uploads\/2022\/01\/cropped-logo-croc-etape-1-e1644574034239.jpg","width":1224,"height":314,"caption":"Croc Jeux"},"image":{"@id":"https:\/\/crocjeux.com\/#\/schema\/logo\/image\/"}}]}},"_links":{"self":[{"href":"https:\/\/crocjeux.com\/index.php\/wp-json\/wp\/v2\/product\/188","targetHints":{"allow":["GET"]}}],"collection":[{"href":"https:\/\/crocjeux.com\/index.php\/wp-json\/wp\/v2\/product"}],"about":[{"href":"https:\/\/crocjeux.com\/index.php\/wp-json\/wp\/v2\/types\/product"}],"replies":[{"embeddable":true,"href":"https:\/\/crocjeux.com\/index.php\/wp-json\/wp\/v2\/comments?post=188"}],"wp:featuredmedia":[{"embeddable":true,"href":"https:\/\/crocjeux.com\/index.php\/wp-json\/wp\/v2\/media\/189"}],"wp:attachment":[{"href":"https:\/\/crocjeux.com\/index.php\/wp-json\/wp\/v2\/media?parent=188"}],"wp:term":[{"taxonomy":"product_brand","embeddable":true,"href":"https:\/\/crocjeux.com\/index.php\/wp-json\/wp\/v2\/product_brand?post=188"},{"taxonomy":"product_cat","embeddable":true,"href":"https:\/\/crocjeux.com\/index.php\/wp-json\/wp\/v2\/product_cat?post=188"},{"taxonomy":"product_tag","embeddable":true,"href":"https:\/\/crocjeux.com\/index.php\/wp-json\/wp\/v2\/product_tag?post=188"}],"curies":[{"name":"wp","href":"https:\/\/api.w.org\/{rel}","templated":true}]}}