{"id":1882,"date":"2021-01-11T17:34:20","date_gmt":"2021-01-11T16:34:20","guid":{"rendered":"https:\/\/crocjeux.com\/?post_type=product&#038;p=1882"},"modified":"2026-04-13T22:41:31","modified_gmt":"2026-04-13T21:41:31","slug":"a-song-of-ice-and-fire-stark-bowmen","status":"publish","type":"product","link":"https:\/\/crocjeux.com\/index.php\/produit\/a-song-of-ice-and-fire-stark-bowmen\/","title":{"rendered":"A Song of Ice and Fire : Stark Bowmen"},"content":{"rendered":"<h1 id=\"product_name\">A Song of Ice and Fire\u00a0: Stark Bowmen<\/h1>\n<div id=\"short_description_block\">\n<div id=\"short_description_content\" class=\"rte align_justify hide-smartphone\">La bo\u00eete d&rsquo;unit\u00e9s Stark Bowmen offre une option \u00e0 longue port\u00e9e pour les commandants Stark dans le jeu A Song of Ice and Fire : Tabletop Miniatures.<\/div>\n<\/div>\n<ul class=\"illustrated_features\">\n<li class=\"langue tooltips\" title=\"\" data-hasqtip=\"5\">Anglais, Fran\u00e7ais<\/li>\n<\/ul>\n<p>Bien que tr\u00e8s l\u00e9g\u00e8rement blind\u00e9s et non \u00e9quip\u00e9s pour la m\u00eal\u00e9e, ils compensent largement avec leur capacit\u00e9 \u00e0 lancer des vol\u00e9es sur les ennemis. Ils peuvent m\u00eame ignorer les exigences relatives \u00e0 la ligne de vis\u00e9e et faire un arc de fl\u00e8ches dans les airs pour frapper des cibles cach\u00e9es.<\/p>\n","protected":false},"excerpt":{"rendered":"<p>A Song of Ice and Fire\u00a0: Stark Bowmen La bo\u00eete d&rsquo;unit\u00e9s Stark Bowmen offre une option \u00e0 longue port\u00e9e pour<\/p>\n","protected":false},"featured_media":1884,"comment_status":"open","ping_status":"closed","template":"","meta":{"colormag_page_container_layout":"default_layout","colormag_page_sidebar_layout":"default_layout"},"product_brand":[],"product_cat":[112,64,110,111],"product_tag":[],"class_list":{"0":"post-1882","1":"product","2":"type-product","3":"status-publish","4":"has-post-thumbnail","6":"product_cat-trone-de-fer-jeux-experts","7":"product_cat-figurine-got","8":"product_cat-trone-de-fer-jeux-strategie","9":"product_cat-trone-de-fer-jeux-civilisation","11":"first","12":"outofstock","13":"taxable","14":"shipping-taxable","15":"purchasable","16":"product-type-simple"},"yoast_head":"<!-- This site is optimized with the Yoast SEO plugin v27.4 - https:\/\/yoast.com\/product\/yoast-seo-wordpress\/ -->\n<title>A Song of Ice and Fire : Stark Bowmen - Croc Jeux<\/title>\n<meta name=\"robots\" content=\"index, follow, max-snippet:-1, max-image-preview:large, max-video-preview:-1\" \/>\n<link rel=\"canonical\" href=\"https:\/\/crocjeux.com\/index.php\/produit\/a-song-of-ice-and-fire-stark-bowmen\/\" \/>\n<meta property=\"og:locale\" content=\"fr_FR\" \/>\n<meta property=\"og:type\" content=\"article\" \/>\n<meta property=\"og:title\" content=\"A Song of Ice and Fire : Stark Bowmen - Croc Jeux\" \/>\n<meta property=\"og:description\" content=\"A Song of Ice and Fire\u00a0: Stark Bowmen La bo\u00eete d&rsquo;unit\u00e9s Stark Bowmen offre une option \u00e0 longue port\u00e9e pour\" \/>\n<meta property=\"og:url\" content=\"https:\/\/crocjeux.com\/index.php\/produit\/a-song-of-ice-and-fire-stark-bowmen\/\" \/>\n<meta property=\"og:site_name\" content=\"Croc Jeux\" \/>\n<meta property=\"article:modified_time\" content=\"2026-04-13T21:41:31+00:00\" \/>\n<meta property=\"og:image\" content=\"https:\/\/crocjeux.com\/wp-content\/uploads\/2021\/01\/a-song-of-ice-and-fire-stark-bowmen.jpg\" \/>\n\t<meta property=\"og:image:width\" content=\"372\" \/>\n\t<meta property=\"og:image:height\" content=\"372\" \/>\n\t<meta property=\"og:image:type\" content=\"image\/jpeg\" \/>\n<meta name=\"twitter:card\" content=\"summary_large_image\" \/>\n<script type=\"application\/ld+json\" class=\"yoast-schema-graph\">{\"@context\":\"https:\\\/\\\/schema.org\",\"@graph\":[{\"@type\":\"WebPage\",\"@id\":\"https:\\\/\\\/crocjeux.com\\\/index.php\\\/produit\\\/a-song-of-ice-and-fire-stark-bowmen\\\/\",\"url\":\"https:\\\/\\\/crocjeux.com\\\/index.php\\\/produit\\\/a-song-of-ice-and-fire-stark-bowmen\\\/\",\"name\":\"A Song of Ice and Fire : Stark Bowmen - Croc Jeux\",\"isPartOf\":{\"@id\":\"https:\\\/\\\/crocjeux.com\\\/#website\"},\"primaryImageOfPage\":{\"@id\":\"https:\\\/\\\/crocjeux.com\\\/index.php\\\/produit\\\/a-song-of-ice-and-fire-stark-bowmen\\\/#primaryimage\"},\"image\":{\"@id\":\"https:\\\/\\\/crocjeux.com\\\/index.php\\\/produit\\\/a-song-of-ice-and-fire-stark-bowmen\\\/#primaryimage\"},\"thumbnailUrl\":\"https:\\\/\\\/crocjeux.com\\\/wp-content\\\/uploads\\\/2021\\\/01\\\/a-song-of-ice-and-fire-stark-bowmen.jpg\",\"datePublished\":\"2021-01-11T16:34:20+00:00\",\"dateModified\":\"2026-04-13T21:41:31+00:00\",\"breadcrumb\":{\"@id\":\"https:\\\/\\\/crocjeux.com\\\/index.php\\\/produit\\\/a-song-of-ice-and-fire-stark-bowmen\\\/#breadcrumb\"},\"inLanguage\":\"fr-FR\",\"potentialAction\":[{\"@type\":\"ReadAction\",\"target\":[\"https:\\\/\\\/crocjeux.com\\\/index.php\\\/produit\\\/a-song-of-ice-and-fire-stark-bowmen\\\/\"]}]},{\"@type\":\"ImageObject\",\"inLanguage\":\"fr-FR\",\"@id\":\"https:\\\/\\\/crocjeux.com\\\/index.php\\\/produit\\\/a-song-of-ice-and-fire-stark-bowmen\\\/#primaryimage\",\"url\":\"https:\\\/\\\/crocjeux.com\\\/wp-content\\\/uploads\\\/2021\\\/01\\\/a-song-of-ice-and-fire-stark-bowmen.jpg\",\"contentUrl\":\"https:\\\/\\\/crocjeux.com\\\/wp-content\\\/uploads\\\/2021\\\/01\\\/a-song-of-ice-and-fire-stark-bowmen.jpg\",\"width\":372,\"height\":372},{\"@type\":\"BreadcrumbList\",\"@id\":\"https:\\\/\\\/crocjeux.com\\\/index.php\\\/produit\\\/a-song-of-ice-and-fire-stark-bowmen\\\/#breadcrumb\",\"itemListElement\":[{\"@type\":\"ListItem\",\"position\":1,\"name\":\"Accueil\",\"item\":\"https:\\\/\\\/crocjeux.com\\\/\"},{\"@type\":\"ListItem\",\"position\":2,\"name\":\"Boutique\",\"item\":\"https:\\\/\\\/crocjeux.com\\\/\"},{\"@type\":\"ListItem\",\"position\":3,\"name\":\"A Song of Ice and Fire : Stark Bowmen\"}]},{\"@type\":\"WebSite\",\"@id\":\"https:\\\/\\\/crocjeux.com\\\/#website\",\"url\":\"https:\\\/\\\/crocjeux.com\\\/\",\"name\":\"Croc Jeux\",\"description\":\"Bienvenue chez Croc Jeux!\",\"publisher\":{\"@id\":\"https:\\\/\\\/crocjeux.com\\\/#organization\"},\"potentialAction\":[{\"@type\":\"SearchAction\",\"target\":{\"@type\":\"EntryPoint\",\"urlTemplate\":\"https:\\\/\\\/crocjeux.com\\\/?s={search_term_string}\"},\"query-input\":{\"@type\":\"PropertyValueSpecification\",\"valueRequired\":true,\"valueName\":\"search_term_string\"}}],\"inLanguage\":\"fr-FR\"},{\"@type\":\"Organization\",\"@id\":\"https:\\\/\\\/crocjeux.com\\\/#organization\",\"name\":\"Croc Jeux\",\"url\":\"https:\\\/\\\/crocjeux.com\\\/\",\"logo\":{\"@type\":\"ImageObject\",\"inLanguage\":\"fr-FR\",\"@id\":\"https:\\\/\\\/crocjeux.com\\\/#\\\/schema\\\/logo\\\/image\\\/\",\"url\":\"https:\\\/\\\/crocjeux.com\\\/wp-content\\\/uploads\\\/2022\\\/01\\\/cropped-logo-croc-etape-1-e1644574034239.jpg\",\"contentUrl\":\"https:\\\/\\\/crocjeux.com\\\/wp-content\\\/uploads\\\/2022\\\/01\\\/cropped-logo-croc-etape-1-e1644574034239.jpg\",\"width\":1224,\"height\":314,\"caption\":\"Croc Jeux\"},\"image\":{\"@id\":\"https:\\\/\\\/crocjeux.com\\\/#\\\/schema\\\/logo\\\/image\\\/\"}}]}<\/script>\n<!-- \/ Yoast SEO plugin. -->","yoast_head_json":{"title":"A Song of Ice and Fire : Stark Bowmen - Croc Jeux","robots":{"index":"index","follow":"follow","max-snippet":"max-snippet:-1","max-image-preview":"max-image-preview:large","max-video-preview":"max-video-preview:-1"},"canonical":"https:\/\/crocjeux.com\/index.php\/produit\/a-song-of-ice-and-fire-stark-bowmen\/","og_locale":"fr_FR","og_type":"article","og_title":"A Song of Ice and Fire : Stark Bowmen - Croc Jeux","og_description":"A Song of Ice and Fire\u00a0: Stark Bowmen La bo\u00eete d&rsquo;unit\u00e9s Stark Bowmen offre une option \u00e0 longue port\u00e9e pour","og_url":"https:\/\/crocjeux.com\/index.php\/produit\/a-song-of-ice-and-fire-stark-bowmen\/","og_site_name":"Croc Jeux","article_modified_time":"2026-04-13T21:41:31+00:00","og_image":[{"width":372,"height":372,"url":"https:\/\/crocjeux.com\/wp-content\/uploads\/2021\/01\/a-song-of-ice-and-fire-stark-bowmen.jpg","type":"image\/jpeg"}],"twitter_card":"summary_large_image","schema":{"@context":"https:\/\/schema.org","@graph":[{"@type":"WebPage","@id":"https:\/\/crocjeux.com\/index.php\/produit\/a-song-of-ice-and-fire-stark-bowmen\/","url":"https:\/\/crocjeux.com\/index.php\/produit\/a-song-of-ice-and-fire-stark-bowmen\/","name":"A Song of Ice and Fire : Stark Bowmen - Croc Jeux","isPartOf":{"@id":"https:\/\/crocjeux.com\/#website"},"primaryImageOfPage":{"@id":"https:\/\/crocjeux.com\/index.php\/produit\/a-song-of-ice-and-fire-stark-bowmen\/#primaryimage"},"image":{"@id":"https:\/\/crocjeux.com\/index.php\/produit\/a-song-of-ice-and-fire-stark-bowmen\/#primaryimage"},"thumbnailUrl":"https:\/\/crocjeux.com\/wp-content\/uploads\/2021\/01\/a-song-of-ice-and-fire-stark-bowmen.jpg","datePublished":"2021-01-11T16:34:20+00:00","dateModified":"2026-04-13T21:41:31+00:00","breadcrumb":{"@id":"https:\/\/crocjeux.com\/index.php\/produit\/a-song-of-ice-and-fire-stark-bowmen\/#breadcrumb"},"inLanguage":"fr-FR","potentialAction":[{"@type":"ReadAction","target":["https:\/\/crocjeux.com\/index.php\/produit\/a-song-of-ice-and-fire-stark-bowmen\/"]}]},{"@type":"ImageObject","inLanguage":"fr-FR","@id":"https:\/\/crocjeux.com\/index.php\/produit\/a-song-of-ice-and-fire-stark-bowmen\/#primaryimage","url":"https:\/\/crocjeux.com\/wp-content\/uploads\/2021\/01\/a-song-of-ice-and-fire-stark-bowmen.jpg","contentUrl":"https:\/\/crocjeux.com\/wp-content\/uploads\/2021\/01\/a-song-of-ice-and-fire-stark-bowmen.jpg","width":372,"height":372},{"@type":"BreadcrumbList","@id":"https:\/\/crocjeux.com\/index.php\/produit\/a-song-of-ice-and-fire-stark-bowmen\/#breadcrumb","itemListElement":[{"@type":"ListItem","position":1,"name":"Accueil","item":"https:\/\/crocjeux.com\/"},{"@type":"ListItem","position":2,"name":"Boutique","item":"https:\/\/crocjeux.com\/"},{"@type":"ListItem","position":3,"name":"A Song of Ice and Fire : Stark Bowmen"}]},{"@type":"WebSite","@id":"https:\/\/crocjeux.com\/#website","url":"https:\/\/crocjeux.com\/","name":"Croc Jeux","description":"Bienvenue chez Croc Jeux!","publisher":{"@id":"https:\/\/crocjeux.com\/#organization"},"potentialAction":[{"@type":"SearchAction","target":{"@type":"EntryPoint","urlTemplate":"https:\/\/crocjeux.com\/?s={search_term_string}"},"query-input":{"@type":"PropertyValueSpecification","valueRequired":true,"valueName":"search_term_string"}}],"inLanguage":"fr-FR"},{"@type":"Organization","@id":"https:\/\/crocjeux.com\/#organization","name":"Croc Jeux","url":"https:\/\/crocjeux.com\/","logo":{"@type":"ImageObject","inLanguage":"fr-FR","@id":"https:\/\/crocjeux.com\/#\/schema\/logo\/image\/","url":"https:\/\/crocjeux.com\/wp-content\/uploads\/2022\/01\/cropped-logo-croc-etape-1-e1644574034239.jpg","contentUrl":"https:\/\/crocjeux.com\/wp-content\/uploads\/2022\/01\/cropped-logo-croc-etape-1-e1644574034239.jpg","width":1224,"height":314,"caption":"Croc Jeux"},"image":{"@id":"https:\/\/crocjeux.com\/#\/schema\/logo\/image\/"}}]}},"_links":{"self":[{"href":"https:\/\/crocjeux.com\/index.php\/wp-json\/wp\/v2\/product\/1882","targetHints":{"allow":["GET"]}}],"collection":[{"href":"https:\/\/crocjeux.com\/index.php\/wp-json\/wp\/v2\/product"}],"about":[{"href":"https:\/\/crocjeux.com\/index.php\/wp-json\/wp\/v2\/types\/product"}],"replies":[{"embeddable":true,"href":"https:\/\/crocjeux.com\/index.php\/wp-json\/wp\/v2\/comments?post=1882"}],"wp:featuredmedia":[{"embeddable":true,"href":"https:\/\/crocjeux.com\/index.php\/wp-json\/wp\/v2\/media\/1884"}],"wp:attachment":[{"href":"https:\/\/crocjeux.com\/index.php\/wp-json\/wp\/v2\/media?parent=1882"}],"wp:term":[{"taxonomy":"product_brand","embeddable":true,"href":"https:\/\/crocjeux.com\/index.php\/wp-json\/wp\/v2\/product_brand?post=1882"},{"taxonomy":"product_cat","embeddable":true,"href":"https:\/\/crocjeux.com\/index.php\/wp-json\/wp\/v2\/product_cat?post=1882"},{"taxonomy":"product_tag","embeddable":true,"href":"https:\/\/crocjeux.com\/index.php\/wp-json\/wp\/v2\/product_tag?post=1882"}],"curies":[{"name":"wp","href":"https:\/\/api.w.org\/{rel}","templated":true}]}}