{"id":1889,"date":"2021-01-11T17:35:39","date_gmt":"2021-01-11T16:35:39","guid":{"rendered":"https:\/\/crocjeux.com\/?post_type=product&#038;p=1889"},"modified":"2023-02-09T16:17:08","modified_gmt":"2023-02-09T15:17:08","slug":"a-song-of-ice-and-fire-builder-scorpion-crew","status":"publish","type":"product","link":"https:\/\/crocjeux.com\/index.php\/produit\/a-song-of-ice-and-fire-builder-scorpion-crew\/","title":{"rendered":"A Song Of Ice and Fire \u2013 Builder Scorpion Crew"},"content":{"rendered":"<h1 id=\"product_name\">A Song Of Ice and Fire \u2013 Builder Scorpion Crew<\/h1>\n<div id=\"short_description_block\">\n<div id=\"short_description_content\" class=\"rte align_justify hide-smartphone\">Bien qu&rsquo;il se d\u00e9place lentement et mette du temps \u00e0 se positionner, le Scorpion est un ennemi redoutable pour toute arm\u00e9e.<\/div>\n<\/div>\n<ul class=\"illustrated_features\">\n<li class=\"langue tooltips\" title=\"\" data-hasqtip=\"5\">Anglais, Fran\u00e7ais<\/li>\n<li class=\"age tooltips\" title=\"\" data-hasqtip=\"6\" aria-describedby=\"qtip-6\">\u00a0\u00e0 partir de 14 ans<\/li>\n<li class=\"duree_partie tooltips\" title=\"\" data-hasqtip=\"7\">\u00a030mn \u00e0 1h<\/li>\n<li class=\"nb_joueurs tooltips\" title=\"\" data-hasqtip=\"8\">\u00a02 joueur(s)<\/li>\n<\/ul>\n<div>La vie sur le mur peut \u00eatre difficile, mais les Fr\u00e8res de la Garde de Nuit s&rsquo;entraident. \u00c7a ne fait pas de mal qu&rsquo;ils aient de formidables armes de si\u00e8ge \u00e0 leur disposition. Les Constructeurs fabriquent et entretiennent ces d\u00e9fenses, comme le Scorpion. Il est plus petit que la baliste massive mont\u00e9e au sommet du mur, mais il est toujours capable de lancer de gros projectiles \u00e0 longue port\u00e9e avec un impact mortel.<\/div>\n<div><\/div>\n<div>Le Builder Scorpion Crew Unit Box permet aux joueurs d&rsquo;ajouter des armes puissantes et mortelles \u00e0 longue port\u00e9e \u00e0 leur arsenal. Bien qu&rsquo;il se d\u00e9place lentement et mette du temps \u00e0 se positionner, le Scorpion est un ennemi redoutable pour toute arm\u00e9e.<\/div>\n","protected":false},"excerpt":{"rendered":"<p>A Song Of Ice and Fire \u2013 Builder Scorpion Crew Bien qu&rsquo;il se d\u00e9place lentement et mette du temps \u00e0<\/p>\n","protected":false},"featured_media":1890,"comment_status":"open","ping_status":"closed","template":"","meta":{"colormag_page_container_layout":"default_layout","colormag_page_sidebar_layout":"default_layout"},"product_brand":[],"product_cat":[112,64,110,111],"product_tag":[],"class_list":{"0":"post-1889","1":"product","2":"type-product","3":"status-publish","4":"has-post-thumbnail","6":"product_cat-trone-de-fer-jeux-experts","7":"product_cat-figurine-got","8":"product_cat-trone-de-fer-jeux-strategie","9":"product_cat-trone-de-fer-jeux-civilisation","11":"first","12":"instock","13":"taxable","14":"shipping-taxable","15":"purchasable","16":"product-type-simple"},"yoast_head":"<!-- This site is optimized with the Yoast SEO plugin v27.4 - https:\/\/yoast.com\/product\/yoast-seo-wordpress\/ -->\n<title>A Song Of Ice and Fire \u2013 Builder Scorpion Crew - Croc Jeux<\/title>\n<meta name=\"robots\" content=\"index, follow, max-snippet:-1, max-image-preview:large, max-video-preview:-1\" \/>\n<link rel=\"canonical\" href=\"https:\/\/crocjeux.com\/index.php\/produit\/a-song-of-ice-and-fire-builder-scorpion-crew\/\" \/>\n<meta property=\"og:locale\" content=\"fr_FR\" \/>\n<meta property=\"og:type\" content=\"article\" \/>\n<meta property=\"og:title\" content=\"A Song Of Ice and Fire \u2013 Builder Scorpion Crew - Croc Jeux\" \/>\n<meta property=\"og:description\" content=\"A Song Of Ice and Fire \u2013 Builder Scorpion Crew Bien qu&rsquo;il se d\u00e9place lentement et mette du temps \u00e0\" \/>\n<meta property=\"og:url\" content=\"https:\/\/crocjeux.com\/index.php\/produit\/a-song-of-ice-and-fire-builder-scorpion-crew\/\" \/>\n<meta property=\"og:site_name\" content=\"Croc Jeux\" \/>\n<meta property=\"article:modified_time\" content=\"2023-02-09T15:17:08+00:00\" \/>\n<meta property=\"og:image\" content=\"https:\/\/crocjeux.com\/wp-content\/uploads\/2021\/01\/a-song-of-ice-and-fire-builder-scorpion-crew.jpg\" \/>\n\t<meta property=\"og:image:width\" content=\"372\" \/>\n\t<meta property=\"og:image:height\" content=\"372\" \/>\n\t<meta property=\"og:image:type\" content=\"image\/jpeg\" \/>\n<meta name=\"twitter:card\" content=\"summary_large_image\" \/>\n<meta name=\"twitter:label1\" content=\"Dur\u00e9e de lecture estim\u00e9e\" \/>\n\t<meta name=\"twitter:data1\" content=\"1 minute\" \/>\n<script type=\"application\/ld+json\" class=\"yoast-schema-graph\">{\"@context\":\"https:\\\/\\\/schema.org\",\"@graph\":[{\"@type\":\"WebPage\",\"@id\":\"https:\\\/\\\/crocjeux.com\\\/index.php\\\/produit\\\/a-song-of-ice-and-fire-builder-scorpion-crew\\\/\",\"url\":\"https:\\\/\\\/crocjeux.com\\\/index.php\\\/produit\\\/a-song-of-ice-and-fire-builder-scorpion-crew\\\/\",\"name\":\"A Song Of Ice and Fire \u2013 Builder Scorpion Crew - Croc Jeux\",\"isPartOf\":{\"@id\":\"https:\\\/\\\/crocjeux.com\\\/#website\"},\"primaryImageOfPage\":{\"@id\":\"https:\\\/\\\/crocjeux.com\\\/index.php\\\/produit\\\/a-song-of-ice-and-fire-builder-scorpion-crew\\\/#primaryimage\"},\"image\":{\"@id\":\"https:\\\/\\\/crocjeux.com\\\/index.php\\\/produit\\\/a-song-of-ice-and-fire-builder-scorpion-crew\\\/#primaryimage\"},\"thumbnailUrl\":\"https:\\\/\\\/crocjeux.com\\\/wp-content\\\/uploads\\\/2021\\\/01\\\/a-song-of-ice-and-fire-builder-scorpion-crew.jpg\",\"datePublished\":\"2021-01-11T16:35:39+00:00\",\"dateModified\":\"2023-02-09T15:17:08+00:00\",\"breadcrumb\":{\"@id\":\"https:\\\/\\\/crocjeux.com\\\/index.php\\\/produit\\\/a-song-of-ice-and-fire-builder-scorpion-crew\\\/#breadcrumb\"},\"inLanguage\":\"fr-FR\",\"potentialAction\":[{\"@type\":\"ReadAction\",\"target\":[\"https:\\\/\\\/crocjeux.com\\\/index.php\\\/produit\\\/a-song-of-ice-and-fire-builder-scorpion-crew\\\/\"]}]},{\"@type\":\"ImageObject\",\"inLanguage\":\"fr-FR\",\"@id\":\"https:\\\/\\\/crocjeux.com\\\/index.php\\\/produit\\\/a-song-of-ice-and-fire-builder-scorpion-crew\\\/#primaryimage\",\"url\":\"https:\\\/\\\/crocjeux.com\\\/wp-content\\\/uploads\\\/2021\\\/01\\\/a-song-of-ice-and-fire-builder-scorpion-crew.jpg\",\"contentUrl\":\"https:\\\/\\\/crocjeux.com\\\/wp-content\\\/uploads\\\/2021\\\/01\\\/a-song-of-ice-and-fire-builder-scorpion-crew.jpg\",\"width\":372,\"height\":372},{\"@type\":\"BreadcrumbList\",\"@id\":\"https:\\\/\\\/crocjeux.com\\\/index.php\\\/produit\\\/a-song-of-ice-and-fire-builder-scorpion-crew\\\/#breadcrumb\",\"itemListElement\":[{\"@type\":\"ListItem\",\"position\":1,\"name\":\"Accueil\",\"item\":\"https:\\\/\\\/crocjeux.com\\\/\"},{\"@type\":\"ListItem\",\"position\":2,\"name\":\"Boutique\",\"item\":\"https:\\\/\\\/crocjeux.com\\\/\"},{\"@type\":\"ListItem\",\"position\":3,\"name\":\"A Song Of Ice and Fire \u2013 Builder Scorpion Crew\"}]},{\"@type\":\"WebSite\",\"@id\":\"https:\\\/\\\/crocjeux.com\\\/#website\",\"url\":\"https:\\\/\\\/crocjeux.com\\\/\",\"name\":\"Croc Jeux\",\"description\":\"Bienvenue chez Croc Jeux!\",\"publisher\":{\"@id\":\"https:\\\/\\\/crocjeux.com\\\/#organization\"},\"potentialAction\":[{\"@type\":\"SearchAction\",\"target\":{\"@type\":\"EntryPoint\",\"urlTemplate\":\"https:\\\/\\\/crocjeux.com\\\/?s={search_term_string}\"},\"query-input\":{\"@type\":\"PropertyValueSpecification\",\"valueRequired\":true,\"valueName\":\"search_term_string\"}}],\"inLanguage\":\"fr-FR\"},{\"@type\":\"Organization\",\"@id\":\"https:\\\/\\\/crocjeux.com\\\/#organization\",\"name\":\"Croc Jeux\",\"url\":\"https:\\\/\\\/crocjeux.com\\\/\",\"logo\":{\"@type\":\"ImageObject\",\"inLanguage\":\"fr-FR\",\"@id\":\"https:\\\/\\\/crocjeux.com\\\/#\\\/schema\\\/logo\\\/image\\\/\",\"url\":\"https:\\\/\\\/crocjeux.com\\\/wp-content\\\/uploads\\\/2022\\\/01\\\/cropped-logo-croc-etape-1-e1644574034239.jpg\",\"contentUrl\":\"https:\\\/\\\/crocjeux.com\\\/wp-content\\\/uploads\\\/2022\\\/01\\\/cropped-logo-croc-etape-1-e1644574034239.jpg\",\"width\":1224,\"height\":314,\"caption\":\"Croc Jeux\"},\"image\":{\"@id\":\"https:\\\/\\\/crocjeux.com\\\/#\\\/schema\\\/logo\\\/image\\\/\"}}]}<\/script>\n<!-- \/ Yoast SEO plugin. -->","yoast_head_json":{"title":"A Song Of Ice and Fire \u2013 Builder Scorpion Crew - Croc Jeux","robots":{"index":"index","follow":"follow","max-snippet":"max-snippet:-1","max-image-preview":"max-image-preview:large","max-video-preview":"max-video-preview:-1"},"canonical":"https:\/\/crocjeux.com\/index.php\/produit\/a-song-of-ice-and-fire-builder-scorpion-crew\/","og_locale":"fr_FR","og_type":"article","og_title":"A Song Of Ice and Fire \u2013 Builder Scorpion Crew - Croc Jeux","og_description":"A Song Of Ice and Fire \u2013 Builder Scorpion Crew Bien qu&rsquo;il se d\u00e9place lentement et mette du temps \u00e0","og_url":"https:\/\/crocjeux.com\/index.php\/produit\/a-song-of-ice-and-fire-builder-scorpion-crew\/","og_site_name":"Croc Jeux","article_modified_time":"2023-02-09T15:17:08+00:00","og_image":[{"width":372,"height":372,"url":"https:\/\/crocjeux.com\/wp-content\/uploads\/2021\/01\/a-song-of-ice-and-fire-builder-scorpion-crew.jpg","type":"image\/jpeg"}],"twitter_card":"summary_large_image","twitter_misc":{"Dur\u00e9e de lecture estim\u00e9e":"1 minute"},"schema":{"@context":"https:\/\/schema.org","@graph":[{"@type":"WebPage","@id":"https:\/\/crocjeux.com\/index.php\/produit\/a-song-of-ice-and-fire-builder-scorpion-crew\/","url":"https:\/\/crocjeux.com\/index.php\/produit\/a-song-of-ice-and-fire-builder-scorpion-crew\/","name":"A Song Of Ice and Fire \u2013 Builder Scorpion Crew - Croc Jeux","isPartOf":{"@id":"https:\/\/crocjeux.com\/#website"},"primaryImageOfPage":{"@id":"https:\/\/crocjeux.com\/index.php\/produit\/a-song-of-ice-and-fire-builder-scorpion-crew\/#primaryimage"},"image":{"@id":"https:\/\/crocjeux.com\/index.php\/produit\/a-song-of-ice-and-fire-builder-scorpion-crew\/#primaryimage"},"thumbnailUrl":"https:\/\/crocjeux.com\/wp-content\/uploads\/2021\/01\/a-song-of-ice-and-fire-builder-scorpion-crew.jpg","datePublished":"2021-01-11T16:35:39+00:00","dateModified":"2023-02-09T15:17:08+00:00","breadcrumb":{"@id":"https:\/\/crocjeux.com\/index.php\/produit\/a-song-of-ice-and-fire-builder-scorpion-crew\/#breadcrumb"},"inLanguage":"fr-FR","potentialAction":[{"@type":"ReadAction","target":["https:\/\/crocjeux.com\/index.php\/produit\/a-song-of-ice-and-fire-builder-scorpion-crew\/"]}]},{"@type":"ImageObject","inLanguage":"fr-FR","@id":"https:\/\/crocjeux.com\/index.php\/produit\/a-song-of-ice-and-fire-builder-scorpion-crew\/#primaryimage","url":"https:\/\/crocjeux.com\/wp-content\/uploads\/2021\/01\/a-song-of-ice-and-fire-builder-scorpion-crew.jpg","contentUrl":"https:\/\/crocjeux.com\/wp-content\/uploads\/2021\/01\/a-song-of-ice-and-fire-builder-scorpion-crew.jpg","width":372,"height":372},{"@type":"BreadcrumbList","@id":"https:\/\/crocjeux.com\/index.php\/produit\/a-song-of-ice-and-fire-builder-scorpion-crew\/#breadcrumb","itemListElement":[{"@type":"ListItem","position":1,"name":"Accueil","item":"https:\/\/crocjeux.com\/"},{"@type":"ListItem","position":2,"name":"Boutique","item":"https:\/\/crocjeux.com\/"},{"@type":"ListItem","position":3,"name":"A Song Of Ice and Fire \u2013 Builder Scorpion Crew"}]},{"@type":"WebSite","@id":"https:\/\/crocjeux.com\/#website","url":"https:\/\/crocjeux.com\/","name":"Croc Jeux","description":"Bienvenue chez Croc Jeux!","publisher":{"@id":"https:\/\/crocjeux.com\/#organization"},"potentialAction":[{"@type":"SearchAction","target":{"@type":"EntryPoint","urlTemplate":"https:\/\/crocjeux.com\/?s={search_term_string}"},"query-input":{"@type":"PropertyValueSpecification","valueRequired":true,"valueName":"search_term_string"}}],"inLanguage":"fr-FR"},{"@type":"Organization","@id":"https:\/\/crocjeux.com\/#organization","name":"Croc Jeux","url":"https:\/\/crocjeux.com\/","logo":{"@type":"ImageObject","inLanguage":"fr-FR","@id":"https:\/\/crocjeux.com\/#\/schema\/logo\/image\/","url":"https:\/\/crocjeux.com\/wp-content\/uploads\/2022\/01\/cropped-logo-croc-etape-1-e1644574034239.jpg","contentUrl":"https:\/\/crocjeux.com\/wp-content\/uploads\/2022\/01\/cropped-logo-croc-etape-1-e1644574034239.jpg","width":1224,"height":314,"caption":"Croc Jeux"},"image":{"@id":"https:\/\/crocjeux.com\/#\/schema\/logo\/image\/"}}]}},"_links":{"self":[{"href":"https:\/\/crocjeux.com\/index.php\/wp-json\/wp\/v2\/product\/1889","targetHints":{"allow":["GET"]}}],"collection":[{"href":"https:\/\/crocjeux.com\/index.php\/wp-json\/wp\/v2\/product"}],"about":[{"href":"https:\/\/crocjeux.com\/index.php\/wp-json\/wp\/v2\/types\/product"}],"replies":[{"embeddable":true,"href":"https:\/\/crocjeux.com\/index.php\/wp-json\/wp\/v2\/comments?post=1889"}],"wp:featuredmedia":[{"embeddable":true,"href":"https:\/\/crocjeux.com\/index.php\/wp-json\/wp\/v2\/media\/1890"}],"wp:attachment":[{"href":"https:\/\/crocjeux.com\/index.php\/wp-json\/wp\/v2\/media?parent=1889"}],"wp:term":[{"taxonomy":"product_brand","embeddable":true,"href":"https:\/\/crocjeux.com\/index.php\/wp-json\/wp\/v2\/product_brand?post=1889"},{"taxonomy":"product_cat","embeddable":true,"href":"https:\/\/crocjeux.com\/index.php\/wp-json\/wp\/v2\/product_cat?post=1889"},{"taxonomy":"product_tag","embeddable":true,"href":"https:\/\/crocjeux.com\/index.php\/wp-json\/wp\/v2\/product_tag?post=1889"}],"curies":[{"name":"wp","href":"https:\/\/api.w.org\/{rel}","templated":true}]}}