{"id":190,"date":"2020-10-29T16:52:36","date_gmt":"2020-10-29T15:52:36","guid":{"rendered":"https:\/\/crocjeux.com\/?post_type=product&#038;p=190"},"modified":"2020-11-18T14:40:40","modified_gmt":"2020-11-18T13:40:40","slug":"les-demeures-de-lepouvante-seconde-edition","status":"publish","type":"product","link":"https:\/\/crocjeux.com\/index.php\/produit\/les-demeures-de-lepouvante-seconde-edition\/","title":{"rendered":"Les Demeures de l&rsquo;\u00c9pouvante &#8211; Seconde \u00c9dition"},"content":{"rendered":"<p><em>Aux Portes de l\u2019Horreur&#8230;<\/em><\/p>\n<p><em>Les ruelles crasseuses et les demeures lugubres d\u2019Arkham dissimulent des forces effrayantes, des secrets terrifiants et des monstres indicibles. Dans ces vieilles b\u00e2tisses, des cultistes et des fous balbutiants font appel aux Anciens, tandis que des cr\u00e9atures inconnues des savants s\u2019agitent sous le regard de la lune gibbeuse. Cette nuit, de courageux investigateurs passeront derri\u00e8re les portes closes d\u2019Arkham pour lutter contre la folie qui s\u2019y cache\u2026<\/em><\/p>\n<h2><em>Les Demeures de l\u2019\u00c9pouvante<\/em> est un jeu de plateau coop\u00e9ratif d\u2019horreur et d\u2019enqu\u00eate pour un \u00e0 cinq joueurs.<\/h2>\n<p>Les joueurs incarnent des investigateurs qui s\u2019aventurent dans les salles sombres des demeures hant\u00e9es d\u2019Arkham et autres endroits sinistres pour y d\u00e9couvrir d\u2019\u00e9tranges secrets, \u00e9lucider des \u00e9nigmes sournoises et affronter des dangers surnaturels.\u00a0Un r\u00e9cit passionnant vous attend dans cette nouvelle \u00e9dition, et il regorge de myst\u00e8res intrigants \u00e0 \u00e9lucider. Chaque sc\u00e9nario vous immergera dans une histoire \u00e9sot\u00e9rique complexe comprenant un secret \u00e0 d\u00e9couvrir tandis que vous explorerez l\u2019impr\u00e9visible plateau, r\u00e9sisterez aux terrifiants \u00e9v\u00e9nements et affronterez des monstres sauvages. Votre qu\u00eate de v\u00e9rit\u00e9 sera jalonn\u00e9e d\u2019innombrables obstacles, dont les limites de vos propres corps et esprit, mais une combinaison soigneuse de comp\u00e9tences, de capacit\u00e9s et d\u2019objets vous permettra peut-\u00eatre de garder intacte votre sant\u00e9 mentale.<\/p>\n<h2>Les Demeures de l\u2019\u00c9pouvante est un\u00a0jeu dont le ma\u00eetre du jeu est une application<\/h2>\n<p>Une application num\u00e9rique gratuite est n\u00e9cessaire pour jouer au jeu Les Demeures de l\u2019\u00c9pouvante. Pour la t\u00e9l\u00e9charger, cherchez Mansions of Madness dans l\u2019Apple iOS AppStore\u2122, le Google Play\u2122 store, ou l\u2019Amazon Appstore. Cette application permet aux joueurs d&rsquo;\u00eatre guid\u00e9 dans des sc\u00e9narios narratifs, de d\u00e9couvrir les tenants et aboutissants du sc\u00e9nario au fur et \u00e0 mesure et de s&rsquo;affranchir d&rsquo;une bonne partie de la gestion du jeu? Il permet aussi d&rsquo;avoir des possibilit\u00e9s de renouvellement en rejouant un sc\u00e9nario. Le jeu solo en est \u00e9galement facilit\u00e9. Cette application permet plus d&rsquo;immersion, plus de fluidit\u00e9 et une mise en place acc\u00e9l\u00e9r\u00e9e !<\/p>\n","protected":false},"excerpt":{"rendered":"<div id=\"short_description_block\">\n<div id=\"short_description_content\" class=\"rte align_justify hide-smartphone\">Les Demeures de l\u2019\u00c9pouvante est un jeu de plateau coop\u00e9ratif d\u2019horreur et d\u2019enqu\u00eate pour un \u00e0 cinq joueurs. Les joueurs incarnent des investigateurs qui s\u2019aventurent dans les salles sombres des demeures hant\u00e9es d\u2019Arkham et autres endroits sinistres pour y d\u00e9couvrir d\u2019\u00e9tranges secrets, \u00e9lucider des \u00e9nigmes sournoises et affronter des dangers surnaturels.<\/div>\n<\/div>\n","protected":false},"featured_media":191,"comment_status":"open","ping_status":"closed","template":"","meta":{"colormag_page_container_layout":"default_layout","colormag_page_sidebar_layout":"default_layout"},"product_brand":[],"product_cat":[30,38,34,44,37],"product_tag":[],"class_list":{"0":"post-190","1":"product","2":"type-product","3":"status-publish","4":"has-post-thumbnail","6":"product_cat-jeux-collaboratifs","7":"product_cat-jeux-experts","8":"product_cat-jeux-figurines","9":"product_cat-jeux-solo","10":"product_cat-ne-ratez-pas","12":"first","13":"instock","14":"taxable","15":"shipping-taxable","16":"purchasable","17":"product-type-simple"},"yoast_head":"<!-- This site is optimized with the Yoast SEO plugin v27.1.1 - https:\/\/yoast.com\/product\/yoast-seo-wordpress\/ -->\n<title>Les Demeures de l&#039;\u00c9pouvante - Seconde \u00c9dition - Croc Jeux<\/title>\n<meta name=\"robots\" content=\"index, follow, max-snippet:-1, max-image-preview:large, max-video-preview:-1\" \/>\n<link rel=\"canonical\" href=\"https:\/\/crocjeux.com\/index.php\/produit\/les-demeures-de-lepouvante-seconde-edition\/\" \/>\n<meta property=\"og:locale\" content=\"fr_FR\" \/>\n<meta property=\"og:type\" content=\"article\" \/>\n<meta property=\"og:title\" content=\"Les Demeures de l&#039;\u00c9pouvante - Seconde \u00c9dition - Croc Jeux\" \/>\n<meta property=\"og:description\" content=\"Les Demeures de l\u2019\u00c9pouvante est un jeu de plateau coop\u00e9ratif d\u2019horreur et d\u2019enqu\u00eate pour un \u00e0 cinq joueurs. Les joueurs incarnent des investigateurs qui s\u2019aventurent dans les salles sombres des demeures hant\u00e9es d\u2019Arkham et autres endroits sinistres pour y d\u00e9couvrir d\u2019\u00e9tranges secrets, \u00e9lucider des \u00e9nigmes sournoises et affronter des dangers surnaturels.\" \/>\n<meta property=\"og:url\" content=\"https:\/\/crocjeux.com\/index.php\/produit\/les-demeures-de-lepouvante-seconde-edition\/\" \/>\n<meta property=\"og:site_name\" content=\"Croc Jeux\" \/>\n<meta property=\"article:modified_time\" content=\"2020-11-18T13:40:40+00:00\" \/>\n<meta property=\"og:image\" content=\"https:\/\/crocjeux.com\/wp-content\/uploads\/2020\/10\/deumeures_epouvante.png\" \/>\n\t<meta property=\"og:image:width\" content=\"389\" \/>\n\t<meta property=\"og:image:height\" content=\"402\" \/>\n\t<meta property=\"og:image:type\" content=\"image\/png\" \/>\n<meta name=\"twitter:card\" content=\"summary_large_image\" \/>\n<meta name=\"twitter:label1\" content=\"Dur\u00e9e de lecture estim\u00e9e\" \/>\n\t<meta name=\"twitter:data1\" content=\"2 minutes\" \/>\n<script type=\"application\/ld+json\" class=\"yoast-schema-graph\">{\"@context\":\"https:\/\/schema.org\",\"@graph\":[{\"@type\":\"WebPage\",\"@id\":\"https:\/\/crocjeux.com\/index.php\/produit\/les-demeures-de-lepouvante-seconde-edition\/\",\"url\":\"https:\/\/crocjeux.com\/index.php\/produit\/les-demeures-de-lepouvante-seconde-edition\/\",\"name\":\"Les Demeures de l'\u00c9pouvante - Seconde \u00c9dition - Croc Jeux\",\"isPartOf\":{\"@id\":\"https:\/\/crocjeux.com\/#website\"},\"primaryImageOfPage\":{\"@id\":\"https:\/\/crocjeux.com\/index.php\/produit\/les-demeures-de-lepouvante-seconde-edition\/#primaryimage\"},\"image\":{\"@id\":\"https:\/\/crocjeux.com\/index.php\/produit\/les-demeures-de-lepouvante-seconde-edition\/#primaryimage\"},\"thumbnailUrl\":\"https:\/\/crocjeux.com\/wp-content\/uploads\/2020\/10\/deumeures_epouvante.png\",\"datePublished\":\"2020-10-29T15:52:36+00:00\",\"dateModified\":\"2020-11-18T13:40:40+00:00\",\"breadcrumb\":{\"@id\":\"https:\/\/crocjeux.com\/index.php\/produit\/les-demeures-de-lepouvante-seconde-edition\/#breadcrumb\"},\"inLanguage\":\"fr-FR\",\"potentialAction\":[{\"@type\":\"ReadAction\",\"target\":[\"https:\/\/crocjeux.com\/index.php\/produit\/les-demeures-de-lepouvante-seconde-edition\/\"]}]},{\"@type\":\"ImageObject\",\"inLanguage\":\"fr-FR\",\"@id\":\"https:\/\/crocjeux.com\/index.php\/produit\/les-demeures-de-lepouvante-seconde-edition\/#primaryimage\",\"url\":\"https:\/\/crocjeux.com\/wp-content\/uploads\/2020\/10\/deumeures_epouvante.png\",\"contentUrl\":\"https:\/\/crocjeux.com\/wp-content\/uploads\/2020\/10\/deumeures_epouvante.png\",\"width\":389,\"height\":402,\"caption\":\"Des jeux pour ceux qui aiment jouer, m\u00eame quand ils sont seul \u00e0 la maison.\"},{\"@type\":\"BreadcrumbList\",\"@id\":\"https:\/\/crocjeux.com\/index.php\/produit\/les-demeures-de-lepouvante-seconde-edition\/#breadcrumb\",\"itemListElement\":[{\"@type\":\"ListItem\",\"position\":1,\"name\":\"Accueil\",\"item\":\"https:\/\/crocjeux.com\/\"},{\"@type\":\"ListItem\",\"position\":2,\"name\":\"Boutique\",\"item\":\"https:\/\/crocjeux.com\/\"},{\"@type\":\"ListItem\",\"position\":3,\"name\":\"Les Demeures de l&#8217;\u00c9pouvante &#8211; Seconde \u00c9dition\"}]},{\"@type\":\"WebSite\",\"@id\":\"https:\/\/crocjeux.com\/#website\",\"url\":\"https:\/\/crocjeux.com\/\",\"name\":\"Croc Jeux\",\"description\":\"Bienvenue chez Croc Jeux!\",\"publisher\":{\"@id\":\"https:\/\/crocjeux.com\/#organization\"},\"potentialAction\":[{\"@type\":\"SearchAction\",\"target\":{\"@type\":\"EntryPoint\",\"urlTemplate\":\"https:\/\/crocjeux.com\/?s={search_term_string}\"},\"query-input\":{\"@type\":\"PropertyValueSpecification\",\"valueRequired\":true,\"valueName\":\"search_term_string\"}}],\"inLanguage\":\"fr-FR\"},{\"@type\":\"Organization\",\"@id\":\"https:\/\/crocjeux.com\/#organization\",\"name\":\"Croc Jeux\",\"url\":\"https:\/\/crocjeux.com\/\",\"logo\":{\"@type\":\"ImageObject\",\"inLanguage\":\"fr-FR\",\"@id\":\"https:\/\/crocjeux.com\/#\/schema\/logo\/image\/\",\"url\":\"https:\/\/crocjeux.com\/wp-content\/uploads\/2022\/01\/cropped-logo-croc-etape-1-e1644574034239.jpg\",\"contentUrl\":\"https:\/\/crocjeux.com\/wp-content\/uploads\/2022\/01\/cropped-logo-croc-etape-1-e1644574034239.jpg\",\"width\":1224,\"height\":314,\"caption\":\"Croc Jeux\"},\"image\":{\"@id\":\"https:\/\/crocjeux.com\/#\/schema\/logo\/image\/\"}}]}<\/script>\n<!-- \/ Yoast SEO plugin. -->","yoast_head_json":{"title":"Les Demeures de l'\u00c9pouvante - Seconde \u00c9dition - Croc Jeux","robots":{"index":"index","follow":"follow","max-snippet":"max-snippet:-1","max-image-preview":"max-image-preview:large","max-video-preview":"max-video-preview:-1"},"canonical":"https:\/\/crocjeux.com\/index.php\/produit\/les-demeures-de-lepouvante-seconde-edition\/","og_locale":"fr_FR","og_type":"article","og_title":"Les Demeures de l'\u00c9pouvante - Seconde \u00c9dition - Croc Jeux","og_description":"Les Demeures de l\u2019\u00c9pouvante est un jeu de plateau coop\u00e9ratif d\u2019horreur et d\u2019enqu\u00eate pour un \u00e0 cinq joueurs. Les joueurs incarnent des investigateurs qui s\u2019aventurent dans les salles sombres des demeures hant\u00e9es d\u2019Arkham et autres endroits sinistres pour y d\u00e9couvrir d\u2019\u00e9tranges secrets, \u00e9lucider des \u00e9nigmes sournoises et affronter des dangers surnaturels.","og_url":"https:\/\/crocjeux.com\/index.php\/produit\/les-demeures-de-lepouvante-seconde-edition\/","og_site_name":"Croc Jeux","article_modified_time":"2020-11-18T13:40:40+00:00","og_image":[{"width":389,"height":402,"url":"https:\/\/crocjeux.com\/wp-content\/uploads\/2020\/10\/deumeures_epouvante.png","type":"image\/png"}],"twitter_card":"summary_large_image","twitter_misc":{"Dur\u00e9e de lecture estim\u00e9e":"2 minutes"},"schema":{"@context":"https:\/\/schema.org","@graph":[{"@type":"WebPage","@id":"https:\/\/crocjeux.com\/index.php\/produit\/les-demeures-de-lepouvante-seconde-edition\/","url":"https:\/\/crocjeux.com\/index.php\/produit\/les-demeures-de-lepouvante-seconde-edition\/","name":"Les Demeures de l'\u00c9pouvante - Seconde \u00c9dition - Croc Jeux","isPartOf":{"@id":"https:\/\/crocjeux.com\/#website"},"primaryImageOfPage":{"@id":"https:\/\/crocjeux.com\/index.php\/produit\/les-demeures-de-lepouvante-seconde-edition\/#primaryimage"},"image":{"@id":"https:\/\/crocjeux.com\/index.php\/produit\/les-demeures-de-lepouvante-seconde-edition\/#primaryimage"},"thumbnailUrl":"https:\/\/crocjeux.com\/wp-content\/uploads\/2020\/10\/deumeures_epouvante.png","datePublished":"2020-10-29T15:52:36+00:00","dateModified":"2020-11-18T13:40:40+00:00","breadcrumb":{"@id":"https:\/\/crocjeux.com\/index.php\/produit\/les-demeures-de-lepouvante-seconde-edition\/#breadcrumb"},"inLanguage":"fr-FR","potentialAction":[{"@type":"ReadAction","target":["https:\/\/crocjeux.com\/index.php\/produit\/les-demeures-de-lepouvante-seconde-edition\/"]}]},{"@type":"ImageObject","inLanguage":"fr-FR","@id":"https:\/\/crocjeux.com\/index.php\/produit\/les-demeures-de-lepouvante-seconde-edition\/#primaryimage","url":"https:\/\/crocjeux.com\/wp-content\/uploads\/2020\/10\/deumeures_epouvante.png","contentUrl":"https:\/\/crocjeux.com\/wp-content\/uploads\/2020\/10\/deumeures_epouvante.png","width":389,"height":402,"caption":"Des jeux pour ceux qui aiment jouer, m\u00eame quand ils sont seul \u00e0 la maison."},{"@type":"BreadcrumbList","@id":"https:\/\/crocjeux.com\/index.php\/produit\/les-demeures-de-lepouvante-seconde-edition\/#breadcrumb","itemListElement":[{"@type":"ListItem","position":1,"name":"Accueil","item":"https:\/\/crocjeux.com\/"},{"@type":"ListItem","position":2,"name":"Boutique","item":"https:\/\/crocjeux.com\/"},{"@type":"ListItem","position":3,"name":"Les Demeures de l&#8217;\u00c9pouvante &#8211; Seconde \u00c9dition"}]},{"@type":"WebSite","@id":"https:\/\/crocjeux.com\/#website","url":"https:\/\/crocjeux.com\/","name":"Croc Jeux","description":"Bienvenue chez Croc Jeux!","publisher":{"@id":"https:\/\/crocjeux.com\/#organization"},"potentialAction":[{"@type":"SearchAction","target":{"@type":"EntryPoint","urlTemplate":"https:\/\/crocjeux.com\/?s={search_term_string}"},"query-input":{"@type":"PropertyValueSpecification","valueRequired":true,"valueName":"search_term_string"}}],"inLanguage":"fr-FR"},{"@type":"Organization","@id":"https:\/\/crocjeux.com\/#organization","name":"Croc Jeux","url":"https:\/\/crocjeux.com\/","logo":{"@type":"ImageObject","inLanguage":"fr-FR","@id":"https:\/\/crocjeux.com\/#\/schema\/logo\/image\/","url":"https:\/\/crocjeux.com\/wp-content\/uploads\/2022\/01\/cropped-logo-croc-etape-1-e1644574034239.jpg","contentUrl":"https:\/\/crocjeux.com\/wp-content\/uploads\/2022\/01\/cropped-logo-croc-etape-1-e1644574034239.jpg","width":1224,"height":314,"caption":"Croc Jeux"},"image":{"@id":"https:\/\/crocjeux.com\/#\/schema\/logo\/image\/"}}]}},"_links":{"self":[{"href":"https:\/\/crocjeux.com\/index.php\/wp-json\/wp\/v2\/product\/190","targetHints":{"allow":["GET"]}}],"collection":[{"href":"https:\/\/crocjeux.com\/index.php\/wp-json\/wp\/v2\/product"}],"about":[{"href":"https:\/\/crocjeux.com\/index.php\/wp-json\/wp\/v2\/types\/product"}],"replies":[{"embeddable":true,"href":"https:\/\/crocjeux.com\/index.php\/wp-json\/wp\/v2\/comments?post=190"}],"wp:featuredmedia":[{"embeddable":true,"href":"https:\/\/crocjeux.com\/index.php\/wp-json\/wp\/v2\/media\/191"}],"wp:attachment":[{"href":"https:\/\/crocjeux.com\/index.php\/wp-json\/wp\/v2\/media?parent=190"}],"wp:term":[{"taxonomy":"product_brand","embeddable":true,"href":"https:\/\/crocjeux.com\/index.php\/wp-json\/wp\/v2\/product_brand?post=190"},{"taxonomy":"product_cat","embeddable":true,"href":"https:\/\/crocjeux.com\/index.php\/wp-json\/wp\/v2\/product_cat?post=190"},{"taxonomy":"product_tag","embeddable":true,"href":"https:\/\/crocjeux.com\/index.php\/wp-json\/wp\/v2\/product_tag?post=190"}],"curies":[{"name":"wp","href":"https:\/\/api.w.org\/{rel}","templated":true}]}}