{"id":1905,"date":"2021-01-12T17:40:42","date_gmt":"2021-01-12T16:40:42","guid":{"rendered":"https:\/\/crocjeux.com\/?post_type=product&#038;p=1905"},"modified":"2021-04-01T16:07:19","modified_gmt":"2021-04-01T15:07:19","slug":"kingdom-rush-faille-temporelle","status":"publish","type":"product","link":"https:\/\/crocjeux.com\/index.php\/produit\/kingdom-rush-faille-temporelle\/","title":{"rendered":"Kingdom Rush : Faille Temporelle"},"content":{"rendered":"<h1 id=\"product_name\">Kingdom Rush : Faille Temporelle<\/h1>\n<div id=\"short_description_block\">\n<div id=\"short_description_content\" class=\"rte align_justify hide-smartphone\">\n<p>Kingdom Rush est l\u2019adaptation en jeu de plateau du c\u00e9l\u00e8bre jeu de tower defense mobile. Dans Kingdom Rush : Faille Temporelle, vous et vos alli\u00e9s devez travailler ensemble pour repousser l\u2019assaut du myst\u00e9rieux Time Mage.<\/p>\n<\/div>\n<\/div>\n<ul class=\"illustrated_features\">\n<li class=\"langue tooltips\" title=\"\" data-hasqtip=\"5\">Fran\u00e7ais<\/li>\n<li class=\"age tooltips\" title=\"\" data-hasqtip=\"6\">\u00a0\u00e0 partir de 12 ans<\/li>\n<li class=\"duree_partie tooltips\" title=\"\" data-hasqtip=\"7\">\u00a01 \u00e0 2h<\/li>\n<li class=\"nb_joueurs tooltips\" title=\"\" data-hasqtip=\"8\">\u00a01 \u00e0 4 joueur(s)<\/li>\n<\/ul>\n<h2>Kingdom Rush,\u00a0l&rsquo;adaptation en jeu de plateau du c\u00e9l\u00e8bre jeu de tower defense sur mobile<\/h2>\n<p>Dans Kingdom Rush : Faille Temporelle, vous et vos alli\u00e9s devez travailler ensemble pour repousser l\u2019assaut du myst\u00e9rieux Time Mage.<\/p>\n<p>Commandez des h\u00e9ros et construisez des tours pour d\u00e9fendre le royaume en pla\u00e7ant des tuiles de polyomino pour attaquer vos ennemis et en d\u00e9ployant des soldats pour retenir la horde en constante progression.<br \/>\nAttention cependant! Les portails du Time Magefont des ravages, provoquant la d\u00e9formation de toutes les tours! Jouerez-vous vos tours pour d\u00e9fendre le royaume, ou les passerez-vous \u00e0 vos compatriotes pour que les tours puissent \u00eatre am\u00e9lior\u00e9es?<br \/>\nLa d\u00e9cision t\u2019appartient!<\/p>\n<h2>Un jeu en campagne !<\/h2>\n<p>Kingdom Rush est l\u2019adaptation en jeu de plateau du c\u00e9l\u00e8bre jeu de tower defense mobile. Il est ax\u00e9 sur une campagne, avec des pouvoirs de h\u00e9ros asym\u00e9triques et une rejouabilit\u00e9 infinie! Dans le campagne, chaque nouveau sc\u00e9nario est plus difficile que le pr\u00e9c\u00e9dent, introduisant des ennemis redoutables, des \u00e9v\u00e8nements qui changent la donne et des boss \u00e9piques au combat!<\/p>\n<p>Les joueurs commandent des h\u00e9ros qui viennent chacun avec un magnifique plateau et une figurine de h\u00e9ros avec des pouvoirs uniques. Construisez ou am\u00e9liorez vos tours et en pla\u00e7ant des pi\u00e8ces de polyomino et utilisez les h\u00e9ros pour attaquer les ennemis : les joueurs \u0153uvrent ensemble pour retenir la horde en constante progression.<\/p>\n","protected":false},"excerpt":{"rendered":"<p>Kingdom Rush : Faille Temporelle Kingdom Rush est l\u2019adaptation en jeu de plateau du c\u00e9l\u00e8bre jeu de tower defense mobile.<\/p>\n","protected":false},"featured_media":1906,"comment_status":"open","ping_status":"closed","template":"","meta":{"colormag_page_container_layout":"default_layout","colormag_page_sidebar_layout":"default_layout"},"product_brand":[],"product_cat":[30],"product_tag":[],"class_list":{"0":"post-1905","1":"product","2":"type-product","3":"status-publish","4":"has-post-thumbnail","6":"product_cat-jeux-collaboratifs","8":"first","9":"instock","10":"taxable","11":"shipping-taxable","12":"purchasable","13":"product-type-simple"},"yoast_head":"<!-- This site is optimized with the Yoast SEO plugin v27.3 - https:\/\/yoast.com\/product\/yoast-seo-wordpress\/ -->\n<title>Kingdom Rush : Faille Temporelle - Croc Jeux<\/title>\n<meta name=\"robots\" content=\"index, follow, max-snippet:-1, max-image-preview:large, max-video-preview:-1\" \/>\n<link rel=\"canonical\" href=\"https:\/\/crocjeux.com\/index.php\/produit\/kingdom-rush-faille-temporelle\/\" \/>\n<meta property=\"og:locale\" content=\"fr_FR\" \/>\n<meta property=\"og:type\" content=\"article\" \/>\n<meta property=\"og:title\" content=\"Kingdom Rush : Faille Temporelle - Croc Jeux\" \/>\n<meta property=\"og:description\" content=\"Kingdom Rush : Faille Temporelle Kingdom Rush est l\u2019adaptation en jeu de plateau du c\u00e9l\u00e8bre jeu de tower defense mobile.\" \/>\n<meta property=\"og:url\" content=\"https:\/\/crocjeux.com\/index.php\/produit\/kingdom-rush-faille-temporelle\/\" \/>\n<meta property=\"og:site_name\" content=\"Croc Jeux\" \/>\n<meta property=\"article:modified_time\" content=\"2021-04-01T15:07:19+00:00\" \/>\n<meta property=\"og:image\" content=\"https:\/\/crocjeux.com\/wp-content\/uploads\/2021\/01\/kingdom-rush-faille-temporelle.jpg\" \/>\n\t<meta property=\"og:image:width\" content=\"372\" \/>\n\t<meta property=\"og:image:height\" content=\"372\" \/>\n\t<meta property=\"og:image:type\" content=\"image\/jpeg\" \/>\n<meta name=\"twitter:card\" content=\"summary_large_image\" \/>\n<meta name=\"twitter:label1\" content=\"Dur\u00e9e de lecture estim\u00e9e\" \/>\n\t<meta name=\"twitter:data1\" content=\"2 minutes\" \/>\n<script type=\"application\/ld+json\" class=\"yoast-schema-graph\">{\"@context\":\"https:\\\/\\\/schema.org\",\"@graph\":[{\"@type\":\"WebPage\",\"@id\":\"https:\\\/\\\/crocjeux.com\\\/index.php\\\/produit\\\/kingdom-rush-faille-temporelle\\\/\",\"url\":\"https:\\\/\\\/crocjeux.com\\\/index.php\\\/produit\\\/kingdom-rush-faille-temporelle\\\/\",\"name\":\"Kingdom Rush : Faille Temporelle - Croc Jeux\",\"isPartOf\":{\"@id\":\"https:\\\/\\\/crocjeux.com\\\/#website\"},\"primaryImageOfPage\":{\"@id\":\"https:\\\/\\\/crocjeux.com\\\/index.php\\\/produit\\\/kingdom-rush-faille-temporelle\\\/#primaryimage\"},\"image\":{\"@id\":\"https:\\\/\\\/crocjeux.com\\\/index.php\\\/produit\\\/kingdom-rush-faille-temporelle\\\/#primaryimage\"},\"thumbnailUrl\":\"https:\\\/\\\/crocjeux.com\\\/wp-content\\\/uploads\\\/2021\\\/01\\\/kingdom-rush-faille-temporelle.jpg\",\"datePublished\":\"2021-01-12T16:40:42+00:00\",\"dateModified\":\"2021-04-01T15:07:19+00:00\",\"breadcrumb\":{\"@id\":\"https:\\\/\\\/crocjeux.com\\\/index.php\\\/produit\\\/kingdom-rush-faille-temporelle\\\/#breadcrumb\"},\"inLanguage\":\"fr-FR\",\"potentialAction\":[{\"@type\":\"ReadAction\",\"target\":[\"https:\\\/\\\/crocjeux.com\\\/index.php\\\/produit\\\/kingdom-rush-faille-temporelle\\\/\"]}]},{\"@type\":\"ImageObject\",\"inLanguage\":\"fr-FR\",\"@id\":\"https:\\\/\\\/crocjeux.com\\\/index.php\\\/produit\\\/kingdom-rush-faille-temporelle\\\/#primaryimage\",\"url\":\"https:\\\/\\\/crocjeux.com\\\/wp-content\\\/uploads\\\/2021\\\/01\\\/kingdom-rush-faille-temporelle.jpg\",\"contentUrl\":\"https:\\\/\\\/crocjeux.com\\\/wp-content\\\/uploads\\\/2021\\\/01\\\/kingdom-rush-faille-temporelle.jpg\",\"width\":372,\"height\":372},{\"@type\":\"BreadcrumbList\",\"@id\":\"https:\\\/\\\/crocjeux.com\\\/index.php\\\/produit\\\/kingdom-rush-faille-temporelle\\\/#breadcrumb\",\"itemListElement\":[{\"@type\":\"ListItem\",\"position\":1,\"name\":\"Accueil\",\"item\":\"https:\\\/\\\/crocjeux.com\\\/\"},{\"@type\":\"ListItem\",\"position\":2,\"name\":\"Boutique\",\"item\":\"https:\\\/\\\/crocjeux.com\\\/\"},{\"@type\":\"ListItem\",\"position\":3,\"name\":\"Kingdom Rush : Faille Temporelle\"}]},{\"@type\":\"WebSite\",\"@id\":\"https:\\\/\\\/crocjeux.com\\\/#website\",\"url\":\"https:\\\/\\\/crocjeux.com\\\/\",\"name\":\"Croc Jeux\",\"description\":\"Bienvenue chez Croc Jeux!\",\"publisher\":{\"@id\":\"https:\\\/\\\/crocjeux.com\\\/#organization\"},\"potentialAction\":[{\"@type\":\"SearchAction\",\"target\":{\"@type\":\"EntryPoint\",\"urlTemplate\":\"https:\\\/\\\/crocjeux.com\\\/?s={search_term_string}\"},\"query-input\":{\"@type\":\"PropertyValueSpecification\",\"valueRequired\":true,\"valueName\":\"search_term_string\"}}],\"inLanguage\":\"fr-FR\"},{\"@type\":\"Organization\",\"@id\":\"https:\\\/\\\/crocjeux.com\\\/#organization\",\"name\":\"Croc Jeux\",\"url\":\"https:\\\/\\\/crocjeux.com\\\/\",\"logo\":{\"@type\":\"ImageObject\",\"inLanguage\":\"fr-FR\",\"@id\":\"https:\\\/\\\/crocjeux.com\\\/#\\\/schema\\\/logo\\\/image\\\/\",\"url\":\"https:\\\/\\\/crocjeux.com\\\/wp-content\\\/uploads\\\/2022\\\/01\\\/cropped-logo-croc-etape-1-e1644574034239.jpg\",\"contentUrl\":\"https:\\\/\\\/crocjeux.com\\\/wp-content\\\/uploads\\\/2022\\\/01\\\/cropped-logo-croc-etape-1-e1644574034239.jpg\",\"width\":1224,\"height\":314,\"caption\":\"Croc Jeux\"},\"image\":{\"@id\":\"https:\\\/\\\/crocjeux.com\\\/#\\\/schema\\\/logo\\\/image\\\/\"}}]}<\/script>\n<!-- \/ Yoast SEO plugin. -->","yoast_head_json":{"title":"Kingdom Rush : Faille Temporelle - Croc Jeux","robots":{"index":"index","follow":"follow","max-snippet":"max-snippet:-1","max-image-preview":"max-image-preview:large","max-video-preview":"max-video-preview:-1"},"canonical":"https:\/\/crocjeux.com\/index.php\/produit\/kingdom-rush-faille-temporelle\/","og_locale":"fr_FR","og_type":"article","og_title":"Kingdom Rush : Faille Temporelle - Croc Jeux","og_description":"Kingdom Rush : Faille Temporelle Kingdom Rush est l\u2019adaptation en jeu de plateau du c\u00e9l\u00e8bre jeu de tower defense mobile.","og_url":"https:\/\/crocjeux.com\/index.php\/produit\/kingdom-rush-faille-temporelle\/","og_site_name":"Croc Jeux","article_modified_time":"2021-04-01T15:07:19+00:00","og_image":[{"width":372,"height":372,"url":"https:\/\/crocjeux.com\/wp-content\/uploads\/2021\/01\/kingdom-rush-faille-temporelle.jpg","type":"image\/jpeg"}],"twitter_card":"summary_large_image","twitter_misc":{"Dur\u00e9e de lecture estim\u00e9e":"2 minutes"},"schema":{"@context":"https:\/\/schema.org","@graph":[{"@type":"WebPage","@id":"https:\/\/crocjeux.com\/index.php\/produit\/kingdom-rush-faille-temporelle\/","url":"https:\/\/crocjeux.com\/index.php\/produit\/kingdom-rush-faille-temporelle\/","name":"Kingdom Rush : Faille Temporelle - Croc Jeux","isPartOf":{"@id":"https:\/\/crocjeux.com\/#website"},"primaryImageOfPage":{"@id":"https:\/\/crocjeux.com\/index.php\/produit\/kingdom-rush-faille-temporelle\/#primaryimage"},"image":{"@id":"https:\/\/crocjeux.com\/index.php\/produit\/kingdom-rush-faille-temporelle\/#primaryimage"},"thumbnailUrl":"https:\/\/crocjeux.com\/wp-content\/uploads\/2021\/01\/kingdom-rush-faille-temporelle.jpg","datePublished":"2021-01-12T16:40:42+00:00","dateModified":"2021-04-01T15:07:19+00:00","breadcrumb":{"@id":"https:\/\/crocjeux.com\/index.php\/produit\/kingdom-rush-faille-temporelle\/#breadcrumb"},"inLanguage":"fr-FR","potentialAction":[{"@type":"ReadAction","target":["https:\/\/crocjeux.com\/index.php\/produit\/kingdom-rush-faille-temporelle\/"]}]},{"@type":"ImageObject","inLanguage":"fr-FR","@id":"https:\/\/crocjeux.com\/index.php\/produit\/kingdom-rush-faille-temporelle\/#primaryimage","url":"https:\/\/crocjeux.com\/wp-content\/uploads\/2021\/01\/kingdom-rush-faille-temporelle.jpg","contentUrl":"https:\/\/crocjeux.com\/wp-content\/uploads\/2021\/01\/kingdom-rush-faille-temporelle.jpg","width":372,"height":372},{"@type":"BreadcrumbList","@id":"https:\/\/crocjeux.com\/index.php\/produit\/kingdom-rush-faille-temporelle\/#breadcrumb","itemListElement":[{"@type":"ListItem","position":1,"name":"Accueil","item":"https:\/\/crocjeux.com\/"},{"@type":"ListItem","position":2,"name":"Boutique","item":"https:\/\/crocjeux.com\/"},{"@type":"ListItem","position":3,"name":"Kingdom Rush : Faille Temporelle"}]},{"@type":"WebSite","@id":"https:\/\/crocjeux.com\/#website","url":"https:\/\/crocjeux.com\/","name":"Croc Jeux","description":"Bienvenue chez Croc Jeux!","publisher":{"@id":"https:\/\/crocjeux.com\/#organization"},"potentialAction":[{"@type":"SearchAction","target":{"@type":"EntryPoint","urlTemplate":"https:\/\/crocjeux.com\/?s={search_term_string}"},"query-input":{"@type":"PropertyValueSpecification","valueRequired":true,"valueName":"search_term_string"}}],"inLanguage":"fr-FR"},{"@type":"Organization","@id":"https:\/\/crocjeux.com\/#organization","name":"Croc Jeux","url":"https:\/\/crocjeux.com\/","logo":{"@type":"ImageObject","inLanguage":"fr-FR","@id":"https:\/\/crocjeux.com\/#\/schema\/logo\/image\/","url":"https:\/\/crocjeux.com\/wp-content\/uploads\/2022\/01\/cropped-logo-croc-etape-1-e1644574034239.jpg","contentUrl":"https:\/\/crocjeux.com\/wp-content\/uploads\/2022\/01\/cropped-logo-croc-etape-1-e1644574034239.jpg","width":1224,"height":314,"caption":"Croc Jeux"},"image":{"@id":"https:\/\/crocjeux.com\/#\/schema\/logo\/image\/"}}]}},"_links":{"self":[{"href":"https:\/\/crocjeux.com\/index.php\/wp-json\/wp\/v2\/product\/1905","targetHints":{"allow":["GET"]}}],"collection":[{"href":"https:\/\/crocjeux.com\/index.php\/wp-json\/wp\/v2\/product"}],"about":[{"href":"https:\/\/crocjeux.com\/index.php\/wp-json\/wp\/v2\/types\/product"}],"replies":[{"embeddable":true,"href":"https:\/\/crocjeux.com\/index.php\/wp-json\/wp\/v2\/comments?post=1905"}],"wp:featuredmedia":[{"embeddable":true,"href":"https:\/\/crocjeux.com\/index.php\/wp-json\/wp\/v2\/media\/1906"}],"wp:attachment":[{"href":"https:\/\/crocjeux.com\/index.php\/wp-json\/wp\/v2\/media?parent=1905"}],"wp:term":[{"taxonomy":"product_brand","embeddable":true,"href":"https:\/\/crocjeux.com\/index.php\/wp-json\/wp\/v2\/product_brand?post=1905"},{"taxonomy":"product_cat","embeddable":true,"href":"https:\/\/crocjeux.com\/index.php\/wp-json\/wp\/v2\/product_cat?post=1905"},{"taxonomy":"product_tag","embeddable":true,"href":"https:\/\/crocjeux.com\/index.php\/wp-json\/wp\/v2\/product_tag?post=1905"}],"curies":[{"name":"wp","href":"https:\/\/api.w.org\/{rel}","templated":true}]}}